{"id":9885,"date":"2023-04-19T08:36:09","date_gmt":"2023-04-19T07:36:09","guid":{"rendered":"https:\/\/djabe.hu\/?post_type=product&#038;p=9885"},"modified":"2026-04-08T15:26:22","modified_gmt":"2026-04-08T14:26:22","slug":"djabe-art-in-tone-2-x-sm900","status":"publish","type":"product","link":"https:\/\/djabe.hu\/en\/uzlet\/djabe-art-in-tone-2-x-sm900\/","title":{"rendered":"Djabe \u2013 Art In Tone 2 x SM900 Master Tape Copies"},"content":{"rendered":"<p><iframe loading=\"lazy\" title=\"Djabe: Art In Tone 3LP+DVD box-set\" width=\"900\" height=\"506\" src=\"https:\/\/www.youtube.com\/embed\/3DyWK8DSo_c?feature=oembed\" frameborder=\"0\" allow=\"accelerometer; autoplay; clipboard-write; encrypted-media; gyroscope; picture-in-picture; web-share\" allowfullscreen><\/iframe><\/p>\n<p><strong>Equipment list used during the recordings:<\/strong><\/p>\n<p><strong>Microphones: <\/strong><br \/>\nTelefunken drum-kit set<br \/>\nClassical guitar \u2013 Neumann TLM-170<br \/>\nElectric guitar\/Roland GR-55 \u2013 DI<br \/>\nTrumpet, flugelhorn &#8211; AKG-C414 EB \/ RCA KU \u2013 3A<br \/>\nPercussion \u2013 2 \u00d7 KM254 tube Stereo setting<br \/>\nFender Rhodes, Nord Stage \u2013 DI<br \/>\nBass guitar \u2013 DI<br \/>\nVocal \u2013 DPA d:facto&#x2122; 4018<br \/>\n<strong>Studio Equipment list: <\/strong><br \/>\nTree Audio Roots console tube 16 channels<br \/>\nMidas console analoque 8 channels<br \/>\nEMT Gold plate<br \/>\nMaselec mastering console<br \/>\nVMS 82 DMM cutting lathe (Direct Metal Mastering)<br \/>\nStuder A80 for safety recording<br \/>\nStuder A80 for playback Steve Hackett tape<br \/>\n<strong>Mastering Equipment: <\/strong><br \/>\nAltec Tube Limiters 322 &#8211; C<br \/>\nCinema Engineering Passive filters 400031 &#8211; B<br \/>\nMaselec Equalizer MEA &#8211; 2<br \/>\nMaselec Compressor MLA &#8211; 2<br \/>\nMaselec H.F. Limiter MPL \u2013 2<\/p>\n<p><strong>Musicians on the record:<\/strong><\/p>\n<p><strong>Tam\u00e1s Barab\u00e1s<\/strong> bass guitar, sound engineer<br \/>\n<strong>Attila \u00c9gerh\u00e1zi<\/strong> classical and electric guitar, percussion<br \/>\n<strong>\u00c1ron Ko\u00f3s-Hut\u00e1s<\/strong> trumpet, flugelhorn<br \/>\n<strong>P\u00e9ter Kasz\u00e1s<\/strong> drums, vocal<br \/>\n<strong>Zolt\u00e1n Bubeny\u00e1k<\/strong> keyboards<br \/>\n<strong>Steve Hackett<\/strong> pre-recorded electric guitar from tape (D\/3)<\/p>\n<h3>Content of the tapes<\/h3>\n<p><strong>Djabe: Art In Tone Tape 1<\/strong><\/p>\n<p>Tape 1 contains Side A and B of the album.<\/p>\n<p>1. Clouds Dance 6:06<br \/>\n2. Turtle Trek 6:38<br \/>\n3. Distant Dance 4:27<br \/>\n4. Lava Lamp 9:15<br \/>\n5. Two Little Snowflakes 7:49<br \/>\n34:20<\/p>\n<p><img loading=\"lazy\" decoding=\"async\" class=\"aligncenter wp-image-9887 size-full\" src=\"https:\/\/djabe.hu\/wp-content\/uploads\/2023\/04\/Djabe_Art_In_Tone_Master_Tape_2track_265x265mm_v1_Mockup_1.png\" alt=\"\" width=\"2000\" height=\"1000\" srcset=\"https:\/\/djabe.hu\/wp-content\/uploads\/2023\/04\/Djabe_Art_In_Tone_Master_Tape_2track_265x265mm_v1_Mockup_1.png 2000w, https:\/\/djabe.hu\/wp-content\/uploads\/2023\/04\/Djabe_Art_In_Tone_Master_Tape_2track_265x265mm_v1_Mockup_1-300x150.png 300w, https:\/\/djabe.hu\/wp-content\/uploads\/2023\/04\/Djabe_Art_In_Tone_Master_Tape_2track_265x265mm_v1_Mockup_1-1024x512.png 1024w, https:\/\/djabe.hu\/wp-content\/uploads\/2023\/04\/Djabe_Art_In_Tone_Master_Tape_2track_265x265mm_v1_Mockup_1-768x384.png 768w, https:\/\/djabe.hu\/wp-content\/uploads\/2023\/04\/Djabe_Art_In_Tone_Master_Tape_2track_265x265mm_v1_Mockup_1-1536x768.png 1536w, https:\/\/djabe.hu\/wp-content\/uploads\/2023\/04\/Djabe_Art_In_Tone_Master_Tape_2track_265x265mm_v1_Mockup_1-600x300.png 600w\" sizes=\"auto, (max-width: 2000px) 100vw, 2000px\" \/><\/p>\n<p><strong>Djabe: Art In Tone Tape 2<\/strong><\/p>\n<p>Tape 2 contains Side C and D of the album.<\/p>\n<p>1. Deep Lights 8:35<br \/>\n2. Buzzy Island 6:40<br \/>\n3. Island 4:55<br \/>\n4. Beats Of Haarlem 5:49<br \/>\n5. In That Quiet Earth 5:02<br \/>\n31:20<\/p>\n<p><img loading=\"lazy\" decoding=\"async\" class=\"aligncenter wp-image-9886 size-full\" src=\"https:\/\/djabe.hu\/wp-content\/uploads\/2023\/04\/Djabe_Art_In_Tone_Master_Tape_2track_265x265mm_v2_Mockup_1.png\" alt=\"\" width=\"2000\" height=\"1000\" srcset=\"https:\/\/djabe.hu\/wp-content\/uploads\/2023\/04\/Djabe_Art_In_Tone_Master_Tape_2track_265x265mm_v2_Mockup_1.png 2000w, https:\/\/djabe.hu\/wp-content\/uploads\/2023\/04\/Djabe_Art_In_Tone_Master_Tape_2track_265x265mm_v2_Mockup_1-300x150.png 300w, https:\/\/djabe.hu\/wp-content\/uploads\/2023\/04\/Djabe_Art_In_Tone_Master_Tape_2track_265x265mm_v2_Mockup_1-1024x512.png 1024w, https:\/\/djabe.hu\/wp-content\/uploads\/2023\/04\/Djabe_Art_In_Tone_Master_Tape_2track_265x265mm_v2_Mockup_1-768x384.png 768w, https:\/\/djabe.hu\/wp-content\/uploads\/2023\/04\/Djabe_Art_In_Tone_Master_Tape_2track_265x265mm_v2_Mockup_1-1536x768.png 1536w, https:\/\/djabe.hu\/wp-content\/uploads\/2023\/04\/Djabe_Art_In_Tone_Master_Tape_2track_265x265mm_v2_Mockup_1-600x300.png 600w\" sizes=\"auto, (max-width: 2000px) 100vw, 2000px\" \/><\/p>","protected":false},"excerpt":{"rendered":"<h3><strong>Full analogue direct-to-disc recording seassion\u2019s safety master tape copies<\/strong><\/h3>\n<h3><strong>GR-164, GR1993 Records<\/strong><\/h3>\n<h3><strong>2 x SM900, metal reel, hinged box, 2 track master tape copies at 38 CM\/S, CCIR<\/strong><\/h3>\n<p style=\"font-weight: 400;\">In October 2022, Djabe took part in a special recording session at the ARTONE studio belongs to Record Industry pressing plant in Haarlem, The Netherlands. The band direct-to-disc recorded 4 sides of the double album at 45 RPM. The recording was done on the Direct Metal Mastering cutting machine, using High-End analogue equipments only.<\/p>\n<p style=\"font-weight: 400;\">Djabe is known for the excellent sound of its recordings and vinyl records. They recorded several of their albums using analogue technology, and they always cut their records from analogue master tapes, but they have not yet recorded any of their albums directly to record.<\/p>\n<p style=\"font-weight: 400;\">The high-quality technique of the ARTONE studio and the professional knowledge of the studio&#8217;s staff make the result unique in the band&#8217;s history. The discs reproduce analog sound at a level that is also outstanding internationally.<\/p>\n<p style=\"font-weight: 400;\">Tam\u00e1s Barab\u00e1s, the band&#8217;s sound engineer and bassist, worked closely with the studio&#8217;s professionals, including engineers Rinus Hooning and Martijn Schouten during the recording.<\/p>\n<p style=\"font-weight: 400;\"><span style=\"font-weight: 400;\">At the same time as the direct-to-disc recording, the band also recorded the music on tape. There were two reasons for this. On the one hand, they could listen back to the album sides\u2019 takes, they had to play in one run, and they were able to decide whether the given album side could be the master or whether a new take should be recorded. At the same time, the master tapes in this way made it possible to produce high-quality master tape copies.<\/span><\/p>\n<div><\/div>\n<div>\n<div>\n<div><span style=\"color: #00ccff;\"><a style=\"color: #00ccff;\" href=\"https:\/\/www.youtube.com\/watch?v=SRaQdKJq7ZI\" target=\"_blank\" rel=\"noopener\"><span lang=\"HU\">The documentary film about the project can be seen here.<\/span><\/a><\/span><\/div>\n<div><\/div>\n<div>\n<div><span style=\"color: #00ccff;\"><span lang=\"HU\" style=\"color: #00ccff;\"><a style=\"color: #00ccff;\" href=\"https:\/\/djabe.hu\/en\/djabe-direct-to-disc-lemezfelvetel-a-hollandiai-artone-studioban\/\">Attila \u00c9gerh\u00e1zi&#8217;s article about the recording can be read here<\/a><\/span><\/span><\/div>\n<\/div>\n<div><\/div>\n<\/div>\n<\/div>\n","protected":false},"featured_media":9888,"template":"","meta":[],"product_brand":[],"product_cat":[57,73],"product_tag":[],"class_list":{"0":"post-9885","1":"product","2":"type-product","3":"status-publish","4":"has-post-thumbnail","6":"product_cat-reel-to-reel","7":"product_cat-steve-hackett","8":"repupress_customize_woocommerce_productom_class","10":"first","11":"instock","12":"shipping-taxable","13":"purchasable","14":"product-type-simple"},"yoast_head":"<!-- This site is optimized with the Yoast SEO plugin v27.2 - https:\/\/yoast.com\/product\/yoast-seo-wordpress\/ -->\n<title>Djabe \u2013 Art In Tone 2 x SM900 Master Tape Copies - Djabe<\/title>\n<meta name=\"description\" content=\"3 x 180g black vinyl in separate jackets, packaged in multidisc slipcase cardboard box.Printed inner sleeves.Abbey Road Studios half-speed cut by mastering engineer Miles Showell5 x 45 RPM, 1 x 33 RPM (bonus live performance recording)Pressing plant: Record Industry, Netherlands\" \/>\n<meta name=\"robots\" content=\"index, follow, max-snippet:-1, max-image-preview:large, max-video-preview:-1\" \/>\n<link rel=\"canonical\" href=\"https:\/\/djabe.hu\/uzlet\/djabe-art-in-tone-2-x-sm900\/\" \/>\n<meta property=\"og:locale\" content=\"en_US\" \/>\n<meta property=\"og:type\" content=\"article\" \/>\n<meta property=\"og:title\" content=\"Djabe \u2013 Art In Tone 2 x SM900 Master Tape Copies\" \/>\n<meta property=\"og:description\" content=\"{:en}3 x 180g black vinyl in separate jackets, packaged in multidisc slipcase cardboard box.Printed inner sleeves.Abbey Road Studios half-speed cut by mastering engineer Miles Showell5 x 45 RPM, 1 x 33 RPM (bonus live performance recording)Pressing plant: Record Industry, Netherlands{:}\" \/>\n<meta property=\"og:url\" content=\"https:\/\/djabe.hu\/uzlet\/djabe-art-in-tone-2-x-sm900\/\" \/>\n<meta property=\"og:site_name\" content=\"Djabe\" \/>\n<meta property=\"article:modified_time\" content=\"2026-04-08T14:26:22+00:00\" \/>\n<meta property=\"og:image\" content=\"https:\/\/djabe.hu\/wp-content\/uploads\/2023\/04\/Djabe_Art_In_Tone_Master_Tape_2track_265x265mm_v1_Mockup_3-1024x1024.png\" \/>\n\t<meta property=\"og:image:width\" content=\"1024\" \/>\n\t<meta property=\"og:image:height\" content=\"1024\" \/>\n\t<meta property=\"og:image:type\" content=\"image\/png\" \/>\n<meta name=\"twitter:card\" content=\"summary_large_image\" \/>\n<meta name=\"twitter:title\" content=\"Djabe \u2013 Art In Tone 2 x SM900 Master Tape Copies\" \/>\n<meta name=\"twitter:image\" content=\"https:\/\/djabe.hu\/wp-content\/uploads\/2023\/04\/Djabe_Art_In_Tone_Master_Tape_2track_265x265mm_v1_Mockup_3.png\" \/>\n<meta name=\"twitter:label1\" content=\"Est. reading time\" \/>\n\t<meta name=\"twitter:data1\" content=\"2 minutes\" \/>\n<script type=\"application\/ld+json\" class=\"yoast-schema-graph\">{\"@context\":\"https:\/\/schema.org\",\"@graph\":[{\"@type\":\"WebPage\",\"@id\":\"https:\/\/djabe.hu\/uzlet\/djabe-art-in-tone-2-x-sm900\/\",\"url\":\"https:\/\/djabe.hu\/uzlet\/djabe-art-in-tone-2-x-sm900\/\",\"name\":\"Djabe \u2013 Art In Tone 2 x SM900 Master Tape Copies - Djabe\",\"isPartOf\":{\"@id\":\"https:\/\/djabe.hu\/en\/#website\"},\"primaryImageOfPage\":{\"@id\":\"https:\/\/djabe.hu\/uzlet\/djabe-art-in-tone-2-x-sm900\/#primaryimage\"},\"image\":{\"@id\":\"https:\/\/djabe.hu\/uzlet\/djabe-art-in-tone-2-x-sm900\/#primaryimage\"},\"thumbnailUrl\":\"https:\/\/djabe.hu\/wp-content\/uploads\/2023\/04\/Djabe_Art_In_Tone_Master_Tape_2track_265x265mm_v1_Mockup_3.png\",\"datePublished\":\"2023-04-19T07:36:09+00:00\",\"dateModified\":\"2026-04-08T14:26:22+00:00\",\"description\":\"{:en}3 x 180g black vinyl in separate jackets, packaged in multidisc slipcase cardboard box.Printed inner sleeves.Abbey Road Studios half-speed cut by mastering engineer Miles Showell5 x 45 RPM, 1 x 33 RPM (bonus live performance recording)Pressing plant: Record Industry, Netherlands{:}\",\"breadcrumb\":{\"@id\":\"https:\/\/djabe.hu\/uzlet\/djabe-art-in-tone-2-x-sm900\/#breadcrumb\"},\"inLanguage\":\"en-US\",\"potentialAction\":[{\"@type\":\"ReadAction\",\"target\":[\"https:\/\/djabe.hu\/uzlet\/djabe-art-in-tone-2-x-sm900\/\"]}]},{\"@type\":\"ImageObject\",\"inLanguage\":\"en-US\",\"@id\":\"https:\/\/djabe.hu\/uzlet\/djabe-art-in-tone-2-x-sm900\/#primaryimage\",\"url\":\"https:\/\/djabe.hu\/wp-content\/uploads\/2023\/04\/Djabe_Art_In_Tone_Master_Tape_2track_265x265mm_v1_Mockup_3.png\",\"contentUrl\":\"https:\/\/djabe.hu\/wp-content\/uploads\/2023\/04\/Djabe_Art_In_Tone_Master_Tape_2track_265x265mm_v1_Mockup_3.png\",\"width\":2000,\"height\":2000},{\"@type\":\"BreadcrumbList\",\"@id\":\"https:\/\/djabe.hu\/uzlet\/djabe-art-in-tone-2-x-sm900\/#breadcrumb\",\"itemListElement\":[{\"@type\":\"ListItem\",\"position\":1,\"name\":\"Home\",\"item\":\"https:\/\/djabe.hu\/en\/\"},{\"@type\":\"ListItem\",\"position\":2,\"name\":\"\u00c1ruh\u00e1z\",\"item\":\"https:\/\/djabe.hu\/uzlet\/\"},{\"@type\":\"ListItem\",\"position\":3,\"name\":\"[:hu]Djabe \u2013 Art In Tone 2 x SM900 mester szalag m\u00e1solatok[:en]Djabe \u2013 Art In Tone 2 x SM900 Master Tape Copies[:]\"}]},{\"@type\":\"WebSite\",\"@id\":\"https:\/\/djabe.hu\/en\/#website\",\"url\":\"https:\/\/djabe.hu\/en\/\",\"name\":\"Djabe\",\"description\":\"Official site\",\"potentialAction\":[{\"@type\":\"SearchAction\",\"target\":{\"@type\":\"EntryPoint\",\"urlTemplate\":\"https:\/\/djabe.hu\/en\/?s={search_term_string}\"},\"query-input\":{\"@type\":\"PropertyValueSpecification\",\"valueRequired\":true,\"valueName\":\"search_term_string\"}}],\"inLanguage\":\"en-US\"}]}<\/script>\n<!-- \/ Yoast SEO plugin. -->","yoast_head_json":{"title":"Djabe \u2013 Art In Tone 2 x SM900 Master Tape Copies - Djabe","description":"3 x 180g black vinyl in separate jackets, packaged in multidisc slipcase cardboard box.Printed inner sleeves.Abbey Road Studios half-speed cut by mastering engineer Miles Showell5 x 45 RPM, 1 x 33 RPM (bonus live performance recording)Pressing plant: Record Industry, Netherlands","robots":{"index":"index","follow":"follow","max-snippet":"max-snippet:-1","max-image-preview":"max-image-preview:large","max-video-preview":"max-video-preview:-1"},"canonical":"https:\/\/djabe.hu\/uzlet\/djabe-art-in-tone-2-x-sm900\/","og_locale":"en_US","og_type":"article","og_title":"Djabe \u2013 Art In Tone 2 x SM900 Master Tape Copies","og_description":"{:en}3 x 180g black vinyl in separate jackets, packaged in multidisc slipcase cardboard box.Printed inner sleeves.Abbey Road Studios half-speed cut by mastering engineer Miles Showell5 x 45 RPM, 1 x 33 RPM (bonus live performance recording)Pressing plant: Record Industry, Netherlands{:}","og_url":"https:\/\/djabe.hu\/uzlet\/djabe-art-in-tone-2-x-sm900\/","og_site_name":"Djabe","article_modified_time":"2026-04-08T14:26:22+00:00","og_image":[{"width":1024,"height":1024,"url":"https:\/\/djabe.hu\/wp-content\/uploads\/2023\/04\/Djabe_Art_In_Tone_Master_Tape_2track_265x265mm_v1_Mockup_3-1024x1024.png","type":"image\/png"}],"twitter_card":"summary_large_image","twitter_title":"Djabe \u2013 Art In Tone 2 x SM900 Master Tape Copies","twitter_image":"https:\/\/djabe.hu\/wp-content\/uploads\/2023\/04\/Djabe_Art_In_Tone_Master_Tape_2track_265x265mm_v1_Mockup_3.png","twitter_misc":{"Est. reading time":"2 minutes"},"schema":{"@context":"https:\/\/schema.org","@graph":[{"@type":"WebPage","@id":"https:\/\/djabe.hu\/uzlet\/djabe-art-in-tone-2-x-sm900\/","url":"https:\/\/djabe.hu\/uzlet\/djabe-art-in-tone-2-x-sm900\/","name":"Djabe \u2013 Art In Tone 2 x SM900 Master Tape Copies - Djabe","isPartOf":{"@id":"https:\/\/djabe.hu\/en\/#website"},"primaryImageOfPage":{"@id":"https:\/\/djabe.hu\/uzlet\/djabe-art-in-tone-2-x-sm900\/#primaryimage"},"image":{"@id":"https:\/\/djabe.hu\/uzlet\/djabe-art-in-tone-2-x-sm900\/#primaryimage"},"thumbnailUrl":"https:\/\/djabe.hu\/wp-content\/uploads\/2023\/04\/Djabe_Art_In_Tone_Master_Tape_2track_265x265mm_v1_Mockup_3.png","datePublished":"2023-04-19T07:36:09+00:00","dateModified":"2026-04-08T14:26:22+00:00","description":"{:en}3 x 180g black vinyl in separate jackets, packaged in multidisc slipcase cardboard box.Printed inner sleeves.Abbey Road Studios half-speed cut by mastering engineer Miles Showell5 x 45 RPM, 1 x 33 RPM (bonus live performance recording)Pressing plant: Record Industry, Netherlands{:}","breadcrumb":{"@id":"https:\/\/djabe.hu\/uzlet\/djabe-art-in-tone-2-x-sm900\/#breadcrumb"},"inLanguage":"en-US","potentialAction":[{"@type":"ReadAction","target":["https:\/\/djabe.hu\/uzlet\/djabe-art-in-tone-2-x-sm900\/"]}]},{"@type":"ImageObject","inLanguage":"en-US","@id":"https:\/\/djabe.hu\/uzlet\/djabe-art-in-tone-2-x-sm900\/#primaryimage","url":"https:\/\/djabe.hu\/wp-content\/uploads\/2023\/04\/Djabe_Art_In_Tone_Master_Tape_2track_265x265mm_v1_Mockup_3.png","contentUrl":"https:\/\/djabe.hu\/wp-content\/uploads\/2023\/04\/Djabe_Art_In_Tone_Master_Tape_2track_265x265mm_v1_Mockup_3.png","width":2000,"height":2000},{"@type":"BreadcrumbList","@id":"https:\/\/djabe.hu\/uzlet\/djabe-art-in-tone-2-x-sm900\/#breadcrumb","itemListElement":[{"@type":"ListItem","position":1,"name":"Home","item":"https:\/\/djabe.hu\/en\/"},{"@type":"ListItem","position":2,"name":"\u00c1ruh\u00e1z","item":"https:\/\/djabe.hu\/uzlet\/"},{"@type":"ListItem","position":3,"name":"[:hu]Djabe \u2013 Art In Tone 2 x SM900 mester szalag m\u00e1solatok[:en]Djabe \u2013 Art In Tone 2 x SM900 Master Tape Copies[:]"}]},{"@type":"WebSite","@id":"https:\/\/djabe.hu\/en\/#website","url":"https:\/\/djabe.hu\/en\/","name":"Djabe","description":"Official site","potentialAction":[{"@type":"SearchAction","target":{"@type":"EntryPoint","urlTemplate":"https:\/\/djabe.hu\/en\/?s={search_term_string}"},"query-input":{"@type":"PropertyValueSpecification","valueRequired":true,"valueName":"search_term_string"}}],"inLanguage":"en-US"}]}},"jetpack_sharing_enabled":true,"_links":{"self":[{"href":"https:\/\/djabe.hu\/en\/wp-json\/wp\/v2\/product\/9885","targetHints":{"allow":["GET"]}}],"collection":[{"href":"https:\/\/djabe.hu\/en\/wp-json\/wp\/v2\/product"}],"about":[{"href":"https:\/\/djabe.hu\/en\/wp-json\/wp\/v2\/types\/product"}],"wp:featuredmedia":[{"embeddable":true,"href":"https:\/\/djabe.hu\/en\/wp-json\/wp\/v2\/media\/9888"}],"wp:attachment":[{"href":"https:\/\/djabe.hu\/en\/wp-json\/wp\/v2\/media?parent=9885"}],"wp:term":[{"taxonomy":"product_brand","embeddable":true,"href":"https:\/\/djabe.hu\/en\/wp-json\/wp\/v2\/product_brand?post=9885"},{"taxonomy":"product_cat","embeddable":true,"href":"https:\/\/djabe.hu\/en\/wp-json\/wp\/v2\/product_cat?post=9885"},{"taxonomy":"product_tag","embeddable":true,"href":"https:\/\/djabe.hu\/en\/wp-json\/wp\/v2\/product_tag?post=9885"}],"curies":[{"name":"wp","href":"https:\/\/api.w.org\/{rel}","templated":true}]}}