{"id":9877,"date":"2023-04-18T13:48:40","date_gmt":"2023-04-18T12:48:40","guid":{"rendered":"https:\/\/djabe.hu\/?post_type=product&#038;p=9877"},"modified":"2025-11-18T11:32:16","modified_gmt":"2025-11-18T10:32:16","slug":"djabe-art-in-tone-3lp-box-ajandek-dvd-24-96","status":"publish","type":"product","link":"https:\/\/djabe.hu\/en\/uzlet\/djabe-art-in-tone-3lp-box-ajandek-dvd-24-96\/","title":{"rendered":"Djabe \u2013 Art In Tone 3LP-boxed set with bonus DVD (24\/96)"},"content":{"rendered":"<p><iframe loading=\"lazy\" title=\"Djabe: Art In Tone 3LP, 45 RPM direct-to-disc box-set\" width=\"900\" height=\"506\" src=\"https:\/\/www.youtube.com\/embed\/3DyWK8DSo_c?feature=oembed\" frameborder=\"0\" allow=\"accelerometer; autoplay; clipboard-write; encrypted-media; gyroscope; picture-in-picture; web-share\" referrerpolicy=\"strict-origin-when-cross-origin\" allowfullscreen><\/iframe><\/p>\n<p><strong>Equipment list used during the recordings:<\/strong><\/p>\n<p><strong>Microphones: <\/strong><br \/>\nTelefunken drum-kit set<br \/>\nClassical guitar \u2013 Neumann TLM-170<br \/>\nElectric guitar\/Roland GR-55 \u2013 DI<br \/>\nTrumpet, flugelhorn &#8211; AKG-C414 EB \/ RCA KU \u2013 3A<br \/>\nPercussion \u2013 2 \u00d7 KM254 tube Stereo setting<br \/>\nFender Rhodes, Nord Stage \u2013 DI<br \/>\nBass guitar \u2013 DI<br \/>\nVocal \u2013 DPA d:facto&#x2122; 4018<br \/>\n<strong>Studio Equipment list: <\/strong><br \/>\nTree Audio Roots console tube 16 channels<br \/>\nMidas console analoque 8 channels<br \/>\nEMT Gold plate<br \/>\nMaselec mastering console<br \/>\nVMS 82 DMM cutting lathe (Direct Metal Mastering)<br \/>\nStuder A80 for safety recording<br \/>\nStuder A80 for playback Steve Hackett tape<br \/>\n<strong>Mastering Equipment: <\/strong><br \/>\nAltec Tube Limiters 322 &#8211; C<br \/>\nCinema Engineering Passive filters 400031 &#8211; B<br \/>\nMaselec Equalizer MEA &#8211; 2<br \/>\nMaselec Compressor MLA &#8211; 2<br \/>\nMaselec H.F. Limiter MPL \u2013 2<\/p>\n<p><strong>Musicians on the record:<\/strong><\/p>\n<p style=\"font-weight: 400;\"><strong>Tam\u00e1s Barab\u00e1s <\/strong>bass guitar, sound engineer<br \/>\n<strong>Attila \u00c9gerh\u00e1zi <\/strong>classical and electric guitar, percussion<br \/>\n<strong>\u00c1ron Ko\u00f3s-Hut\u00e1s <\/strong>trumpet, flugelhorn<br \/>\n<strong>P\u00e9ter Kasz\u00e1s <\/strong>drums, vocal<br \/>\n<strong>Zolt\u00e1n Bubeny\u00e1k <\/strong>keyboards<br \/>\n<strong>Steve Hackett <\/strong><span style=\"font-weight: 400;\">pre-recorded electric guitar from tape (D\/3)<\/span><\/p>\n<h3>Content of the box<\/h3>\n<p><strong>Djabe: Art In Tone 2LP, 45 RPM<\/strong><\/p>\n<p>sides direct-to-dics recorded album, in a gatefold jacket, 180 gr black vinyls in PVC inner. The history of the recording can be read on the cover, richly illustrated with photos.<\/p>\n<p><strong>LP1 Art In Tone<\/strong><br \/>\nDirect-to-disc recording<\/p>\n<p>Side A (45 RPM)<br \/>\n1. Clouds Dance 6:06<br \/>\n2. Turtle Trek 6:38<br \/>\n3. Distant Dance 4:27<br \/>\n17:11<\/p>\n<p>Side B (45 RPM)<br \/>\n1. Lava Lamp 9:15<br \/>\n2. Two Little Snowflakes 7:49<br \/>\n17:04<\/p>\n<p><strong>LP2 Art In Tone<\/strong><br \/>\nDirect-to-disc recording<\/p>\n<p>Side C (45 RPM)<br \/>\n1. Deep Lights 8:35<br \/>\n2. Buzzy Island 6:40<br \/>\n15:15<\/p>\n<p>Side D (45 RPM)<br \/>\n1. Island 4:55<br \/>\n2. Beats Of Haarlem 5:49<br \/>\n3. In That Quiet Earth 5:02<br \/>\n15:46<\/p>\n<p><img loading=\"lazy\" decoding=\"async\" class=\"aligncenter wp-image-9878 size-full\" src=\"https:\/\/djabe.hu\/wp-content\/uploads\/2023\/04\/Djabe_Art_In_Tone_2LP_Mock-up_v1_1.png\" alt=\"\" width=\"2000\" height=\"936\" srcset=\"https:\/\/djabe.hu\/wp-content\/uploads\/2023\/04\/Djabe_Art_In_Tone_2LP_Mock-up_v1_1.png 2000w, https:\/\/djabe.hu\/wp-content\/uploads\/2023\/04\/Djabe_Art_In_Tone_2LP_Mock-up_v1_1-300x140.png 300w, https:\/\/djabe.hu\/wp-content\/uploads\/2023\/04\/Djabe_Art_In_Tone_2LP_Mock-up_v1_1-1024x479.png 1024w, https:\/\/djabe.hu\/wp-content\/uploads\/2023\/04\/Djabe_Art_In_Tone_2LP_Mock-up_v1_1-768x359.png 768w, https:\/\/djabe.hu\/wp-content\/uploads\/2023\/04\/Djabe_Art_In_Tone_2LP_Mock-up_v1_1-1536x719.png 1536w, https:\/\/djabe.hu\/wp-content\/uploads\/2023\/04\/Djabe_Art_In_Tone_2LP_Mock-up_v1_1-600x281.png 600w\" sizes=\"auto, (max-width: 2000px) 100vw, 2000px\" \/><\/p>\n<p><strong>Djabe: Sound Still Life LP, 45 RPM<\/strong><\/p>\n<p>The big attraction of the 2019 Budapest HiFi show was the joint stand of Audiophyle Szalon and Djabe, where Djabe played live on a system containing high-end McIntosh and Sonus Faber components. The concerts, which were a great success among the audience, were recorded by the band with a 24-track analog tape recorder and made a 34-minute selection of the material, which was also cut to a disc at 45 RPM using DMM lathe.<br \/>\nWith this album, the joint record project of Djabe and Audiophyle Szalon is complete.<\/p>\n<p><strong>LP3 Sound Still Life<\/strong><br \/>\nLive at the Budapest HIFI Show 2019<\/p>\n<p>Side E (45 RPM)<br \/>\n1. Behind The Veil 11:23<br \/>\n2. Witchi Tai To 6:08<br \/>\n17:31<\/p>\n<p>Side F (45 RPM)<br \/>\n1. Sheafs Are Dancing 3:03<br \/>\n2. House On The Hill 4:15<br \/>\n3. Reflection Of Thi\u00e9rache 7:27<br \/>\n4. Flowers Stillness 1:56<br \/>\n16:51<\/p>\n<p><img loading=\"lazy\" decoding=\"async\" class=\"aligncenter wp-image-9879 size-full\" src=\"https:\/\/djabe.hu\/wp-content\/uploads\/2023\/04\/Djabe_Art_In_Tone_1LP_Mock-up_v1_1.png\" alt=\"\" width=\"2000\" height=\"1048\" srcset=\"https:\/\/djabe.hu\/wp-content\/uploads\/2023\/04\/Djabe_Art_In_Tone_1LP_Mock-up_v1_1.png 2000w, https:\/\/djabe.hu\/wp-content\/uploads\/2023\/04\/Djabe_Art_In_Tone_1LP_Mock-up_v1_1-300x157.png 300w, https:\/\/djabe.hu\/wp-content\/uploads\/2023\/04\/Djabe_Art_In_Tone_1LP_Mock-up_v1_1-1024x537.png 1024w, https:\/\/djabe.hu\/wp-content\/uploads\/2023\/04\/Djabe_Art_In_Tone_1LP_Mock-up_v1_1-768x402.png 768w, https:\/\/djabe.hu\/wp-content\/uploads\/2023\/04\/Djabe_Art_In_Tone_1LP_Mock-up_v1_1-1536x805.png 1536w, https:\/\/djabe.hu\/wp-content\/uploads\/2023\/04\/Djabe_Art_In_Tone_1LP_Mock-up_v1_1-600x314.png 600w\" sizes=\"auto, (max-width: 2000px) 100vw, 2000px\" \/><\/p>\n<p><strong>Djabe: Making Of Art In Tone DVD<\/strong><\/p>\n<p>On the bonus DVD packed with the LP box, you can watch the 14 camera video recordings made during the recording of the 4 record sides, authentically documenting the process. The video has 24-bit\/96 kHz high-definition stereo sound, which was digitized from the master tapes used as safety recordings during the session in 24-bit\/192 kHz quality.<br \/>\nIn addition to the recordings of the four album sides, a documentary in Hungarian and English tells the entire story of the recording process in the Netherlands.<\/p>\n<p>Recording Side A \u2013 24 bit \/ 96 kHz stereo<br \/>\nRecording Side B \u2013 24 bit \/ 96 kHz stereo<br \/>\nRecording Side C \u2013 24 bit \/ 96 kHz stereo<br \/>\nRecording Side D \u2013 24 bit \/ 96 kHz stereo<br \/>\nMaking of Art In Tone \u2013 English documentary 24 bit \/ 48 kHz stereo<br \/>\nMaking of Art In Tone \u2013 Magyar dokumnetumfilm 24 bit \/ 48 kHz sztereo<br \/>\nDirect-to-disc recording session at Artone Studio \u2013 S8 film clip<\/p>\n<p><img loading=\"lazy\" decoding=\"async\" class=\"aligncenter wp-image-9880 size-full\" src=\"https:\/\/djabe.hu\/wp-content\/uploads\/2023\/04\/Djabe_Art_In_Tone_DVD_Mock-up_v1_1.png\" alt=\"\" width=\"2000\" height=\"943\" srcset=\"https:\/\/djabe.hu\/wp-content\/uploads\/2023\/04\/Djabe_Art_In_Tone_DVD_Mock-up_v1_1.png 2000w, https:\/\/djabe.hu\/wp-content\/uploads\/2023\/04\/Djabe_Art_In_Tone_DVD_Mock-up_v1_1-300x141.png 300w, https:\/\/djabe.hu\/wp-content\/uploads\/2023\/04\/Djabe_Art_In_Tone_DVD_Mock-up_v1_1-1024x483.png 1024w, https:\/\/djabe.hu\/wp-content\/uploads\/2023\/04\/Djabe_Art_In_Tone_DVD_Mock-up_v1_1-768x362.png 768w, https:\/\/djabe.hu\/wp-content\/uploads\/2023\/04\/Djabe_Art_In_Tone_DVD_Mock-up_v1_1-1536x724.png 1536w, https:\/\/djabe.hu\/wp-content\/uploads\/2023\/04\/Djabe_Art_In_Tone_DVD_Mock-up_v1_1-600x283.png 600w\" sizes=\"auto, (max-width: 2000px) 100vw, 2000px\" \/><\/p>\n<div>\n<div>Sponsored by:<\/div>\n<div><img loading=\"lazy\" decoding=\"async\" class=\"alignnone wp-image-5757\" src=\"https:\/\/djabe.hu\/wp-content\/uploads\/2018\/05\/nka_inverz-300x93.png\" alt=\"\" width=\"210\" height=\"65\" srcset=\"https:\/\/djabe.hu\/wp-content\/uploads\/2018\/05\/nka_inverz-300x93.png 300w, https:\/\/djabe.hu\/wp-content\/uploads\/2018\/05\/nka_inverz.png 446w\" sizes=\"auto, (max-width: 210px) 100vw, 210px\" \/>\u00a0 \u00a0 \u00a0\u00a0<img loading=\"lazy\" decoding=\"async\" class=\"alignnone size-medium wp-image-9890\" src=\"https:\/\/djabe.hu\/wp-content\/uploads\/2023\/04\/Audiophile_logo_white_1-300x68.png\" alt=\"\" width=\"300\" height=\"68\" srcset=\"https:\/\/djabe.hu\/wp-content\/uploads\/2023\/04\/Audiophile_logo_white_1-300x68.png 300w, https:\/\/djabe.hu\/wp-content\/uploads\/2023\/04\/Audiophile_logo_white_1-1024x230.png 1024w, https:\/\/djabe.hu\/wp-content\/uploads\/2023\/04\/Audiophile_logo_white_1-768x173.png 768w, https:\/\/djabe.hu\/wp-content\/uploads\/2023\/04\/Audiophile_logo_white_1-600x135.png 600w, https:\/\/djabe.hu\/wp-content\/uploads\/2023\/04\/Audiophile_logo_white_1.png 1253w\" sizes=\"auto, (max-width: 300px) 100vw, 300px\" \/><\/div>\n<\/div>\n<p><\/p>","protected":false},"excerpt":{"rendered":"<h3 style=\"font-weight: 400;\"><strong>Direct-to-disc 45 RPM, full analogue recording<\/strong><\/h3>\n<h3 style=\"font-weight: 400;\"><strong>GR-164-1, GR1993 Records, Quality Vinyl Projects<\/strong><\/h3>\n<p style=\"font-weight: 400;\">In October 2022, Djabe took part in a special recording session at the ARTONE studio belongs to Record Industry pressing plant in Haarlem, The Netherlands. The band direct-to-disc recorded 4 sides of the double album at 45 RPM. The recording was done on the Direct Metal Mastering cutting machine, using High-End analogue equipments only.<\/p>\n<p style=\"font-weight: 400;\">Djabe is known for the excellent sound of its recordings and vinyl records. They recorded several of their albums using analogue technology, and they always cut their records from analogue master tapes, but they have not yet recorded any of their albums directly to record.<\/p>\n<p style=\"font-weight: 400;\">The high-quality technique of the ARTONE studio and the professional knowledge of the studio&#8217;s staff make the result unique in the band&#8217;s history. The discs reproduce analog sound at a level that is also outstanding internationally.<\/p>\n<p style=\"font-weight: 400;\"><span style=\"font-weight: 400;\">Tam\u00e1s Barab\u00e1s, the band&#8217;s sound engineer and bassist, worked closely with the studio&#8217;s professionals, including engineers Rinus Hooning and Martijn Schouten during the recording.<\/span><\/p>\n<div><span style=\"color: #00ccff;\"><a style=\"color: #00ccff;\" href=\"https:\/\/www.youtube.com\/watch?v=SW-e8MVDTX4\" target=\"_blank\" rel=\"noopener\"><span lang=\"HU\">The documentary film about the project can be seen here.<\/span><\/a><\/span><\/div>\n<div><\/div>\n<div>\n<div><span style=\"color: #00ccff;\"><span lang=\"HU\" style=\"color: #00ccff;\"><a style=\"color: #00ccff;\" href=\"https:\/\/djabe.hu\/djabe-direct-to-disc-lemezfelvetel-a-hollandiai-artone-studioban\/\">Attila \u00c9gerh\u00e1zi&#8217;s article about the recording can be read here<\/a><\/span><\/span><\/div>\n<div><\/div>\n<\/div>\n","protected":false},"featured_media":9881,"template":"","meta":[],"product_brand":[],"product_cat":[41,40,73],"product_tag":[],"class_list":{"0":"post-9877","1":"product","2":"type-product","3":"status-publish","4":"has-post-thumbnail","6":"product_cat-dvd","7":"product_cat-lp","8":"product_cat-steve-hackett","9":"repupress_customize_woocommerce_productom_class","11":"first","12":"instock","13":"shipping-taxable","14":"purchasable","15":"product-type-simple"},"yoast_head":"<!-- This site is optimized with the Yoast SEO plugin v27.2 - https:\/\/yoast.com\/product\/yoast-seo-wordpress\/ -->\n<title>Djabe \u2013 Art In Tone 3LP-boxed set with bonus DVD (24\/96) - Djabe<\/title>\n<meta name=\"robots\" content=\"index, follow, max-snippet:-1, max-image-preview:large, max-video-preview:-1\" \/>\n<link rel=\"canonical\" href=\"https:\/\/djabe.hu\/uzlet\/djabe-art-in-tone-3lp-box-ajandek-dvd-24-96\/\" \/>\n<meta property=\"og:locale\" content=\"en_US\" \/>\n<meta property=\"og:type\" content=\"article\" \/>\n<meta property=\"og:title\" content=\"Djabe \u2013 Art In Tone 3LP-boxed set with bonus DVD (24\/96)\" \/>\n<meta property=\"og:description\" content=\"[:hu]Direct-to-disc 45 RPM, teljesen anal\u00f3g lemezfelv\u00e9tel GR-164-1, GR1993 Records, Quality Vinyl Projects 2022 okt\u00f3ber\u00e9ben a Djabe zenekar a hollandiai Record Industry lemezgy\u00e1r ARTONE st\u00fadi\u00f3j\u00e1ban k\u00fcl\u00f6nleges lemezfelv\u00e9telt k\u00e9sz\u00edtett. A zenekar egyb\u0151l lemezre vettel fel a dupla album 4 oldal\u00e1t. A r\u00f6gz\u00edt\u00e9s a Direct Metal Mastering v\u00e1g\u00f3g\u00e9pen t\u00f6rt\u00e9nt, kiz\u00e1r\u00f3lag cs\u00facsmin\u0151s\u00e9g\u0171 anal\u00f3g berendez\u00e9seken. A zenekar ismert felv\u00e9teleinek, vinyl lemezeinek kiv\u00e1l\u00f3 hangz\u00e1s\u00e1r\u00f3l. T\u00f6bb lemez\u00fcket is r\u00f6gz\u00edtett\u00e9k anal\u00f3g technik\u00e1val, illetve mindig anal\u00f3g mesterszalagr\u00f3l v\u00e1gj\u00e1k a lemezeiket, de direktben lemezre m\u00e9g nem r\u00f6gz\u00edtett\u00e9k egyetlen albumukat sem. Az ARTONE st\u00fadi\u00f3 cs\u00facsmin\u0151s\u00e9g\u0171 technik\u00e1j\u00e1nak \u00e9s a st\u00fadi\u00f3 munkat\u00e1rsai felk\u00e9sz\u00fclts\u00e9g\u00e9nek k\u00f6sz\u00f6nhet\u0151en az eredm\u00e9ny egyed\u00fcl\u00e1ll\u00f3 a zenekar t\u00f6rt\u00e9net\u00e9ben. A lemezek olyan fokon adj\u00e1k vissza az anal\u00f3g hangz\u00e1st, ami nemzetk\u00f6zi viszonylatban is kiemelked\u0151. Barab\u00e1s Tam\u00e1s, a zenekar hangm\u00e9rn\u00f6ke \u00e9s basszusgit\u00e1rosa szorosan egy\u00fctt dolgozott a st\u00fadi\u00f3 szakembereivel a Rinus Hooning \u00e9s Martijn Schouten m\u00e9rn\u00f6k\u00f6kkel a felv\u00e9tel sor\u00e1n. A projectr\u0151l k\u00e9sz\u00fclt dokumentumfilm itt n\u00e9zhet\u0151 meg.   \u00c9gerh\u00e1zi Attila cikke a felv\u00e9telr\u0151l itt olvashat\u00f3  [:en]Direct-to-disc 45 RPM, full analogue recording GR-164-1, GR1993 Records, Quality Vinyl Projects In October 2022, Djabe took part in a special recording session at the ARTONE studio belongs to Record Industry pressing plant in Haarlem, The Netherlands. The band direct-to-disc recorded 4 sides of the double album at 45 RPM. The recording was done on the Direct Metal Mastering cutting machine, using High-End analogue equipments only. Djabe is known for the excellent sound of its recordings and vinyl records. They recorded several of their albums using analogue technology, and they always cut their records from analogue master tapes, but they have not yet recorded any of their albums directly to record. The high-quality technique of the ARTONE studio and the professional knowledge of the studio&#039;s staff make the result unique in the band&#039;s history. The discs reproduce analog sound at a level that is also outstanding internationally. Tam\u00e1s Barab\u00e1s, the band&#039;s sound engineer and bassist, worked closely with the studio&#039;s professionals, including engineers Rinus Hooning and Martijn Schouten during the recording.  The documentary film about the project can be seen here.   Attila \u00c9gerh\u00e1zi&#039;s article about the recording can be read here  [:]\" \/>\n<meta property=\"og:url\" content=\"https:\/\/djabe.hu\/uzlet\/djabe-art-in-tone-3lp-box-ajandek-dvd-24-96\/\" \/>\n<meta property=\"og:site_name\" content=\"Djabe\" \/>\n<meta property=\"article:modified_time\" content=\"2025-11-18T10:32:16+00:00\" \/>\n<meta property=\"og:image\" content=\"https:\/\/djabe.hu\/wp-content\/uploads\/2023\/04\/Djabe_Art_In_Tone_3LP_DVD_Mock-up_v1_1-1024x1024.png\" \/>\n\t<meta property=\"og:image:width\" content=\"1024\" \/>\n\t<meta property=\"og:image:height\" content=\"1024\" \/>\n\t<meta property=\"og:image:type\" content=\"image\/png\" \/>\n<meta name=\"twitter:card\" content=\"summary_large_image\" \/>\n<meta name=\"twitter:title\" content=\"Djabe \u2013 Art In Tone 3LP-boxed set with bonus DVD (24\/96)\" \/>\n<meta name=\"twitter:image\" content=\"https:\/\/djabe.hu\/wp-content\/uploads\/2023\/04\/Djabe_Art_In_Tone_3LP_DVD_Mock-up_v1_1.png\" \/>\n<meta name=\"twitter:label1\" content=\"Est. reading time\" \/>\n\t<meta name=\"twitter:data1\" content=\"8 minutes\" \/>\n<script type=\"application\/ld+json\" class=\"yoast-schema-graph\">{\"@context\":\"https:\/\/schema.org\",\"@graph\":[{\"@type\":\"WebPage\",\"@id\":\"https:\/\/djabe.hu\/uzlet\/djabe-art-in-tone-3lp-box-ajandek-dvd-24-96\/\",\"url\":\"https:\/\/djabe.hu\/uzlet\/djabe-art-in-tone-3lp-box-ajandek-dvd-24-96\/\",\"name\":\"Djabe \u2013 Art In Tone 3LP-boxed set with bonus DVD (24\/96) - Djabe\",\"isPartOf\":{\"@id\":\"https:\/\/djabe.hu\/en\/#website\"},\"primaryImageOfPage\":{\"@id\":\"https:\/\/djabe.hu\/uzlet\/djabe-art-in-tone-3lp-box-ajandek-dvd-24-96\/#primaryimage\"},\"image\":{\"@id\":\"https:\/\/djabe.hu\/uzlet\/djabe-art-in-tone-3lp-box-ajandek-dvd-24-96\/#primaryimage\"},\"thumbnailUrl\":\"https:\/\/djabe.hu\/wp-content\/uploads\/2023\/04\/Djabe_Art_In_Tone_3LP_DVD_Mock-up_v1_1.png\",\"datePublished\":\"2023-04-18T12:48:40+00:00\",\"dateModified\":\"2025-11-18T10:32:16+00:00\",\"breadcrumb\":{\"@id\":\"https:\/\/djabe.hu\/uzlet\/djabe-art-in-tone-3lp-box-ajandek-dvd-24-96\/#breadcrumb\"},\"inLanguage\":\"en-US\",\"potentialAction\":[{\"@type\":\"ReadAction\",\"target\":[\"https:\/\/djabe.hu\/uzlet\/djabe-art-in-tone-3lp-box-ajandek-dvd-24-96\/\"]}]},{\"@type\":\"ImageObject\",\"inLanguage\":\"en-US\",\"@id\":\"https:\/\/djabe.hu\/uzlet\/djabe-art-in-tone-3lp-box-ajandek-dvd-24-96\/#primaryimage\",\"url\":\"https:\/\/djabe.hu\/wp-content\/uploads\/2023\/04\/Djabe_Art_In_Tone_3LP_DVD_Mock-up_v1_1.png\",\"contentUrl\":\"https:\/\/djabe.hu\/wp-content\/uploads\/2023\/04\/Djabe_Art_In_Tone_3LP_DVD_Mock-up_v1_1.png\",\"width\":2000,\"height\":2000},{\"@type\":\"BreadcrumbList\",\"@id\":\"https:\/\/djabe.hu\/uzlet\/djabe-art-in-tone-3lp-box-ajandek-dvd-24-96\/#breadcrumb\",\"itemListElement\":[{\"@type\":\"ListItem\",\"position\":1,\"name\":\"Home\",\"item\":\"https:\/\/djabe.hu\/en\/\"},{\"@type\":\"ListItem\",\"position\":2,\"name\":\"\u00c1ruh\u00e1z\",\"item\":\"https:\/\/djabe.hu\/uzlet\/\"},{\"@type\":\"ListItem\",\"position\":3,\"name\":\"[:hu]Djabe \u2013 Art In Tone 3LP-box + aj\u00e1nd\u00e9k DVD (24\/96)[:en]Djabe \u2013 Art In Tone 3LP-boxed set with bonus DVD (24\/96)[:]\"}]},{\"@type\":\"WebSite\",\"@id\":\"https:\/\/djabe.hu\/en\/#website\",\"url\":\"https:\/\/djabe.hu\/en\/\",\"name\":\"Djabe\",\"description\":\"Official site\",\"potentialAction\":[{\"@type\":\"SearchAction\",\"target\":{\"@type\":\"EntryPoint\",\"urlTemplate\":\"https:\/\/djabe.hu\/en\/?s={search_term_string}\"},\"query-input\":{\"@type\":\"PropertyValueSpecification\",\"valueRequired\":true,\"valueName\":\"search_term_string\"}}],\"inLanguage\":\"en-US\"}]}<\/script>\n<!-- \/ Yoast SEO plugin. -->","yoast_head_json":{"title":"Djabe \u2013 Art In Tone 3LP-boxed set with bonus DVD (24\/96) - Djabe","robots":{"index":"index","follow":"follow","max-snippet":"max-snippet:-1","max-image-preview":"max-image-preview:large","max-video-preview":"max-video-preview:-1"},"canonical":"https:\/\/djabe.hu\/uzlet\/djabe-art-in-tone-3lp-box-ajandek-dvd-24-96\/","og_locale":"en_US","og_type":"article","og_title":"Djabe \u2013 Art In Tone 3LP-boxed set with bonus DVD (24\/96)","og_description":"[:hu]Direct-to-disc 45 RPM, teljesen anal\u00f3g lemezfelv\u00e9tel GR-164-1, GR1993 Records, Quality Vinyl Projects 2022 okt\u00f3ber\u00e9ben a Djabe zenekar a hollandiai Record Industry lemezgy\u00e1r ARTONE st\u00fadi\u00f3j\u00e1ban k\u00fcl\u00f6nleges lemezfelv\u00e9telt k\u00e9sz\u00edtett. A zenekar egyb\u0151l lemezre vettel fel a dupla album 4 oldal\u00e1t. A r\u00f6gz\u00edt\u00e9s a Direct Metal Mastering v\u00e1g\u00f3g\u00e9pen t\u00f6rt\u00e9nt, kiz\u00e1r\u00f3lag cs\u00facsmin\u0151s\u00e9g\u0171 anal\u00f3g berendez\u00e9seken. A zenekar ismert felv\u00e9teleinek, vinyl lemezeinek kiv\u00e1l\u00f3 hangz\u00e1s\u00e1r\u00f3l. T\u00f6bb lemez\u00fcket is r\u00f6gz\u00edtett\u00e9k anal\u00f3g technik\u00e1val, illetve mindig anal\u00f3g mesterszalagr\u00f3l v\u00e1gj\u00e1k a lemezeiket, de direktben lemezre m\u00e9g nem r\u00f6gz\u00edtett\u00e9k egyetlen albumukat sem. Az ARTONE st\u00fadi\u00f3 cs\u00facsmin\u0151s\u00e9g\u0171 technik\u00e1j\u00e1nak \u00e9s a st\u00fadi\u00f3 munkat\u00e1rsai felk\u00e9sz\u00fclts\u00e9g\u00e9nek k\u00f6sz\u00f6nhet\u0151en az eredm\u00e9ny egyed\u00fcl\u00e1ll\u00f3 a zenekar t\u00f6rt\u00e9net\u00e9ben. A lemezek olyan fokon adj\u00e1k vissza az anal\u00f3g hangz\u00e1st, ami nemzetk\u00f6zi viszonylatban is kiemelked\u0151. Barab\u00e1s Tam\u00e1s, a zenekar hangm\u00e9rn\u00f6ke \u00e9s basszusgit\u00e1rosa szorosan egy\u00fctt dolgozott a st\u00fadi\u00f3 szakembereivel a Rinus Hooning \u00e9s Martijn Schouten m\u00e9rn\u00f6k\u00f6kkel a felv\u00e9tel sor\u00e1n. A projectr\u0151l k\u00e9sz\u00fclt dokumentumfilm itt n\u00e9zhet\u0151 meg.   \u00c9gerh\u00e1zi Attila cikke a felv\u00e9telr\u0151l itt olvashat\u00f3  [:en]Direct-to-disc 45 RPM, full analogue recording GR-164-1, GR1993 Records, Quality Vinyl Projects In October 2022, Djabe took part in a special recording session at the ARTONE studio belongs to Record Industry pressing plant in Haarlem, The Netherlands. The band direct-to-disc recorded 4 sides of the double album at 45 RPM. The recording was done on the Direct Metal Mastering cutting machine, using High-End analogue equipments only. Djabe is known for the excellent sound of its recordings and vinyl records. They recorded several of their albums using analogue technology, and they always cut their records from analogue master tapes, but they have not yet recorded any of their albums directly to record. The high-quality technique of the ARTONE studio and the professional knowledge of the studio's staff make the result unique in the band's history. The discs reproduce analog sound at a level that is also outstanding internationally. Tam\u00e1s Barab\u00e1s, the band's sound engineer and bassist, worked closely with the studio's professionals, including engineers Rinus Hooning and Martijn Schouten during the recording.  The documentary film about the project can be seen here.   Attila \u00c9gerh\u00e1zi's article about the recording can be read here  [:]","og_url":"https:\/\/djabe.hu\/uzlet\/djabe-art-in-tone-3lp-box-ajandek-dvd-24-96\/","og_site_name":"Djabe","article_modified_time":"2025-11-18T10:32:16+00:00","og_image":[{"width":1024,"height":1024,"url":"https:\/\/djabe.hu\/wp-content\/uploads\/2023\/04\/Djabe_Art_In_Tone_3LP_DVD_Mock-up_v1_1-1024x1024.png","type":"image\/png"}],"twitter_card":"summary_large_image","twitter_title":"Djabe \u2013 Art In Tone 3LP-boxed set with bonus DVD (24\/96)","twitter_image":"https:\/\/djabe.hu\/wp-content\/uploads\/2023\/04\/Djabe_Art_In_Tone_3LP_DVD_Mock-up_v1_1.png","twitter_misc":{"Est. reading time":"8 minutes"},"schema":{"@context":"https:\/\/schema.org","@graph":[{"@type":"WebPage","@id":"https:\/\/djabe.hu\/uzlet\/djabe-art-in-tone-3lp-box-ajandek-dvd-24-96\/","url":"https:\/\/djabe.hu\/uzlet\/djabe-art-in-tone-3lp-box-ajandek-dvd-24-96\/","name":"Djabe \u2013 Art In Tone 3LP-boxed set with bonus DVD (24\/96) - Djabe","isPartOf":{"@id":"https:\/\/djabe.hu\/en\/#website"},"primaryImageOfPage":{"@id":"https:\/\/djabe.hu\/uzlet\/djabe-art-in-tone-3lp-box-ajandek-dvd-24-96\/#primaryimage"},"image":{"@id":"https:\/\/djabe.hu\/uzlet\/djabe-art-in-tone-3lp-box-ajandek-dvd-24-96\/#primaryimage"},"thumbnailUrl":"https:\/\/djabe.hu\/wp-content\/uploads\/2023\/04\/Djabe_Art_In_Tone_3LP_DVD_Mock-up_v1_1.png","datePublished":"2023-04-18T12:48:40+00:00","dateModified":"2025-11-18T10:32:16+00:00","breadcrumb":{"@id":"https:\/\/djabe.hu\/uzlet\/djabe-art-in-tone-3lp-box-ajandek-dvd-24-96\/#breadcrumb"},"inLanguage":"en-US","potentialAction":[{"@type":"ReadAction","target":["https:\/\/djabe.hu\/uzlet\/djabe-art-in-tone-3lp-box-ajandek-dvd-24-96\/"]}]},{"@type":"ImageObject","inLanguage":"en-US","@id":"https:\/\/djabe.hu\/uzlet\/djabe-art-in-tone-3lp-box-ajandek-dvd-24-96\/#primaryimage","url":"https:\/\/djabe.hu\/wp-content\/uploads\/2023\/04\/Djabe_Art_In_Tone_3LP_DVD_Mock-up_v1_1.png","contentUrl":"https:\/\/djabe.hu\/wp-content\/uploads\/2023\/04\/Djabe_Art_In_Tone_3LP_DVD_Mock-up_v1_1.png","width":2000,"height":2000},{"@type":"BreadcrumbList","@id":"https:\/\/djabe.hu\/uzlet\/djabe-art-in-tone-3lp-box-ajandek-dvd-24-96\/#breadcrumb","itemListElement":[{"@type":"ListItem","position":1,"name":"Home","item":"https:\/\/djabe.hu\/en\/"},{"@type":"ListItem","position":2,"name":"\u00c1ruh\u00e1z","item":"https:\/\/djabe.hu\/uzlet\/"},{"@type":"ListItem","position":3,"name":"[:hu]Djabe \u2013 Art In Tone 3LP-box + aj\u00e1nd\u00e9k DVD (24\/96)[:en]Djabe \u2013 Art In Tone 3LP-boxed set with bonus DVD (24\/96)[:]"}]},{"@type":"WebSite","@id":"https:\/\/djabe.hu\/en\/#website","url":"https:\/\/djabe.hu\/en\/","name":"Djabe","description":"Official site","potentialAction":[{"@type":"SearchAction","target":{"@type":"EntryPoint","urlTemplate":"https:\/\/djabe.hu\/en\/?s={search_term_string}"},"query-input":{"@type":"PropertyValueSpecification","valueRequired":true,"valueName":"search_term_string"}}],"inLanguage":"en-US"}]}},"jetpack_sharing_enabled":true,"_links":{"self":[{"href":"https:\/\/djabe.hu\/en\/wp-json\/wp\/v2\/product\/9877","targetHints":{"allow":["GET"]}}],"collection":[{"href":"https:\/\/djabe.hu\/en\/wp-json\/wp\/v2\/product"}],"about":[{"href":"https:\/\/djabe.hu\/en\/wp-json\/wp\/v2\/types\/product"}],"wp:featuredmedia":[{"embeddable":true,"href":"https:\/\/djabe.hu\/en\/wp-json\/wp\/v2\/media\/9881"}],"wp:attachment":[{"href":"https:\/\/djabe.hu\/en\/wp-json\/wp\/v2\/media?parent=9877"}],"wp:term":[{"taxonomy":"product_brand","embeddable":true,"href":"https:\/\/djabe.hu\/en\/wp-json\/wp\/v2\/product_brand?post=9877"},{"taxonomy":"product_cat","embeddable":true,"href":"https:\/\/djabe.hu\/en\/wp-json\/wp\/v2\/product_cat?post=9877"},{"taxonomy":"product_tag","embeddable":true,"href":"https:\/\/djabe.hu\/en\/wp-json\/wp\/v2\/product_tag?post=9877"}],"curies":[{"name":"wp","href":"https:\/\/api.w.org\/{rel}","templated":true}]}}