{"id":9818,"date":"2023-03-27T12:25:46","date_gmt":"2023-03-27T11:25:46","guid":{"rendered":"https:\/\/djabe.hu\/?post_type=product&#038;p=9818"},"modified":"2026-04-08T15:27:29","modified_gmt":"2026-04-08T14:27:29","slug":"djabe-legacy-4-track-reel-to-reel","status":"publish","type":"product","link":"https:\/\/djabe.hu\/en\/uzlet\/djabe-legacy-4-track-reel-to-reel\/","title":{"rendered":"Djabe: Legacy (4 track reel-to-reel)"},"content":{"rendered":"<p>Recordings of the Legacy LP were made back in 2007. Djabe\u2019s 7th studio album originally released on CD, for the Sipi charity and memorial concert in Budapest, on 30th November, 2007 under the title, K\u00f6sz\u00f6nj\u00fck Sipi! It is dedicated to one of the founder and late percussionist of the band Andr\u00e1s Sipos, aka Sipi as everybody called him. Djabe played three songs along with Sipi from backing track, and in addition preformed more compositions influenced by him so much.<br \/>\nIn 2022 Djabe decided to release it on LP. This 2023 LP vinyl edition got a new cover, and contains 48 minutes excellent studio tracks.<\/p>\n<h3>Musicians on the record<\/h3>\n<p>Andr\u00e1s Sipos \u2013 vocal, percussion A\/1,2,3<br \/>\nTibor Karvaly \u2013 treble recorder A\/1<br \/>\ntracks taken from 1994\/1995 recordings<\/p>\n<p>Attila \u00c9gerh\u00e1zi \u2013 guitar, percussion<br \/>\nTam\u00e1s Barab\u00e1s \u2013 bass guitar<br \/>\nFerenc Kov\u00e1cs \u2013 violin, trumpet<br \/>\nZolt\u00e1n Kov\u00e1cs \u2013 piano, keyboards<br \/>\nSzil\u00e1rd Banai \u2013 drums<\/p>\n<p><strong>Recorded, mixed and mastered<\/strong> by Tam\u00e1s Barab\u00e1s<br \/>\n<strong>Produced<\/strong> by Attila \u00c9gerh\u00e1zi<br \/>\nCover painting by Imre \u00c9gerh\u00e1zi Vision VII. Escape (oil, fibreboard, 60\u00d780 cm, 1990)<\/p>\n<p><img loading=\"lazy\" decoding=\"async\" class=\"aligncenter wp-image-10565 size-full\" src=\"https:\/\/djabe.hu\/wp-content\/uploads\/2023\/03\/Djabe_Legacy_Master_Tape_4track_175x175mm_v1_Mockup_4.png\" alt=\"\" width=\"2303\" height=\"1320\" srcset=\"https:\/\/djabe.hu\/wp-content\/uploads\/2023\/03\/Djabe_Legacy_Master_Tape_4track_175x175mm_v1_Mockup_4.png 2303w, https:\/\/djabe.hu\/wp-content\/uploads\/2023\/03\/Djabe_Legacy_Master_Tape_4track_175x175mm_v1_Mockup_4-300x172.png 300w, https:\/\/djabe.hu\/wp-content\/uploads\/2023\/03\/Djabe_Legacy_Master_Tape_4track_175x175mm_v1_Mockup_4-1024x587.png 1024w, https:\/\/djabe.hu\/wp-content\/uploads\/2023\/03\/Djabe_Legacy_Master_Tape_4track_175x175mm_v1_Mockup_4-768x440.png 768w, https:\/\/djabe.hu\/wp-content\/uploads\/2023\/03\/Djabe_Legacy_Master_Tape_4track_175x175mm_v1_Mockup_4-1536x880.png 1536w, https:\/\/djabe.hu\/wp-content\/uploads\/2023\/03\/Djabe_Legacy_Master_Tape_4track_175x175mm_v1_Mockup_4-2048x1174.png 2048w, https:\/\/djabe.hu\/wp-content\/uploads\/2023\/03\/Djabe_Legacy_Master_Tape_4track_175x175mm_v1_Mockup_4-600x344.png 600w, https:\/\/djabe.hu\/wp-content\/uploads\/2023\/03\/Djabe_Legacy_Master_Tape_4track_175x175mm_v1_Mockup_4-105x60.png 105w, https:\/\/djabe.hu\/wp-content\/uploads\/2023\/03\/Djabe_Legacy_Master_Tape_4track_175x175mm_v1_Mockup_4-157x90.png 157w\" sizes=\"auto, (max-width: 2303px) 100vw, 2303px\" \/><\/p>\n<h2 style=\"text-align: center;\">Tracklista:<\/h2>\n<p style=\"text-align: center;\"><strong>Side A<\/strong><br \/>\nHagar Qim 6:27<br \/>\nLong Walk 2:22<br \/>\nThe Last Summer 2:47<br \/>\nWithout Words 5:38<br \/>\nVisions 6:38<br \/>\n23:51<\/p>\n<p style=\"text-align: center;\"><strong>Side B<\/strong><br \/>\nTrot 1:49<br \/>\nGallop 3:49<br \/>\nAbove The Skies 3:42<br \/>\nCalm 1:16<br \/>\nIsland 6:52<br \/>\nIceworld 6:18<br \/>\n23:45<\/p>\n<h3>From the liner notes of the back cover:<\/h3>\n<p>Andr\u00e1s \u2018Sipi\u2019 Sipos was one of the band\u2019s founders, together with Attila \u00c9gerh\u00e1zi, and even the name for this unique musical group, Djabe, came from him. The duo started recording their first (self-titled) album together, and after its release in 1996, Djabe became an instant success, and Sipi and Attila decided to dedicate a band to this specific style of music. Just<br \/>\ntwo years later, their second album, titled Witchi Tai To, received the Hungarian Music Award in \u2018best world music album of the year\u2019 category.<br \/>\nSipi was an influential composer, percussionist and singer of Djabe. In 2001 he and the band received the prestigious eMeRTon Award for their Update album, and with this particular release the international stages opened up before the formation.<br \/>\nSipi toured all over the globe with Djabe, until his unexpected death on September 14, 2007, an irreparable loss for the band. They kept on going, reaching both domestic and international success, but the Djabe musical characteristic changed forever.<br \/>\nNot one of the members thought of replacing him, but rather dedicating their artistic vision to Sipi\u2019s memory. On November 30, 2007, Djabe held a charity and memorial concert for the benefit of Sipi\u2019s family and released a special new album for the occasion. Between October<br \/>\n10-11 they had the opportunity to record the whole thing in the Tom-Tom Studio for free, a courtesy of P\u00e9ter Dorozsmai. The album contained Djabe compositions somehow relevant to Sipi, and originally released on November 30, 2007 in CD format, under the title K\u00f6sz\u00f6nj\u00fck, Sipi!<br \/>\nSince the past decades, Sipi\u2019s musical legacy became even more appreciated.<br \/>\nFor this, and for the undying gratitude felt for him by Djabe, this vinyl album release is re-christened LEGACY.<br \/>\nThank you, Sipi!<\/p>\n<p><img loading=\"lazy\" decoding=\"async\" class=\"aligncenter wp-image-9820 size-full\" src=\"https:\/\/djabe.hu\/wp-content\/uploads\/2023\/03\/Djabe_Legacy_Master_Tape_4track_175x175mm_v1_BACK.jpg\" alt=\"\" width=\"2067\" height=\"2067\" srcset=\"https:\/\/djabe.hu\/wp-content\/uploads\/2023\/03\/Djabe_Legacy_Master_Tape_4track_175x175mm_v1_BACK.jpg 2067w, https:\/\/djabe.hu\/wp-content\/uploads\/2023\/03\/Djabe_Legacy_Master_Tape_4track_175x175mm_v1_BACK-300x300.jpg 300w, https:\/\/djabe.hu\/wp-content\/uploads\/2023\/03\/Djabe_Legacy_Master_Tape_4track_175x175mm_v1_BACK-1024x1024.jpg 1024w, https:\/\/djabe.hu\/wp-content\/uploads\/2023\/03\/Djabe_Legacy_Master_Tape_4track_175x175mm_v1_BACK-150x150.jpg 150w, https:\/\/djabe.hu\/wp-content\/uploads\/2023\/03\/Djabe_Legacy_Master_Tape_4track_175x175mm_v1_BACK-768x768.jpg 768w, https:\/\/djabe.hu\/wp-content\/uploads\/2023\/03\/Djabe_Legacy_Master_Tape_4track_175x175mm_v1_BACK-1536x1536.jpg 1536w, https:\/\/djabe.hu\/wp-content\/uploads\/2023\/03\/Djabe_Legacy_Master_Tape_4track_175x175mm_v1_BACK-2048x2048.jpg 2048w, https:\/\/djabe.hu\/wp-content\/uploads\/2023\/03\/Djabe_Legacy_Master_Tape_4track_175x175mm_v1_BACK-600x600.jpg 600w, https:\/\/djabe.hu\/wp-content\/uploads\/2023\/03\/Djabe_Legacy_Master_Tape_4track_175x175mm_v1_BACK-100x100.jpg 100w\" sizes=\"auto, (max-width: 2067px) 100vw, 2067px\" \/><\/p>","protected":false},"excerpt":{"rendered":"<h2>4 track reel-to-reel, 18 cm plastic reel, hinged box<br \/>\n19 cm\/s, RTM LPR35 tape<\/h2>\n","protected":false},"featured_media":10564,"template":"","meta":[],"product_brand":[],"product_cat":[57],"product_tag":[],"class_list":{"0":"post-9818","1":"product","2":"type-product","3":"status-publish","4":"has-post-thumbnail","6":"product_cat-reel-to-reel","7":"repupress_customize_woocommerce_productom_class","9":"first","10":"instock","11":"shipping-taxable","12":"purchasable","13":"product-type-simple"},"yoast_head":"<!-- This site is optimized with the Yoast SEO plugin v27.4 - https:\/\/yoast.com\/product\/yoast-seo-wordpress\/ -->\n<title>Djabe: Legacy (4 track reel-to-reel) - Djabe<\/title>\n<meta name=\"robots\" content=\"index, follow, max-snippet:-1, max-image-preview:large, max-video-preview:-1\" \/>\n<link rel=\"canonical\" href=\"https:\/\/djabe.hu\/uzlet\/djabe-legacy-4-track-reel-to-reel\/\" \/>\n<meta property=\"og:locale\" content=\"en_US\" \/>\n<meta property=\"og:type\" content=\"article\" \/>\n<meta property=\"og:title\" content=\"Djabe: Legacy (4 track reel-to-reel)\" \/>\n<meta property=\"og:description\" content=\"[:hu]negyeds\u00e1vos Hi-Fi magn\u00f3szalag, 18 cm m\u0171anyag ors\u00f3, hinged box 19 cm\/s, RTM LPR35 szalag[:en]4 track reel-to-reel, 18 cm plastic reel, hinged box 19 cm\/s, RTM LPR35 tape[:]\" \/>\n<meta property=\"og:url\" content=\"https:\/\/djabe.hu\/uzlet\/djabe-legacy-4-track-reel-to-reel\/\" \/>\n<meta property=\"og:site_name\" content=\"Djabe\" \/>\n<meta property=\"article:modified_time\" content=\"2026-04-08T14:27:29+00:00\" \/>\n<meta property=\"og:image\" content=\"https:\/\/djabe.hu\/wp-content\/uploads\/2023\/03\/Djabe_Legacy_Master_Tape_4track_175x175mm_v1_Mockup_1.png\" \/>\n\t<meta property=\"og:image:width\" content=\"2303\" \/>\n\t<meta property=\"og:image:height\" content=\"1320\" \/>\n\t<meta property=\"og:image:type\" content=\"image\/png\" \/>\n<meta name=\"twitter:card\" content=\"summary_large_image\" \/>\n<meta name=\"twitter:title\" content=\"Djabe: Legacy (4 track reel-to-reel)\" \/>\n<meta name=\"twitter:image\" content=\"https:\/\/djabe.hu\/wp-content\/uploads\/2023\/03\/Djabe_Legacy_Master_Tape_4track_175x175mm_v1_Mockup_1.png\" \/>\n<meta name=\"twitter:label1\" content=\"Est. reading time\" \/>\n\t<meta name=\"twitter:data1\" content=\"3 minutes\" \/>\n<script type=\"application\/ld+json\" class=\"yoast-schema-graph\">{\"@context\":\"https:\\\/\\\/schema.org\",\"@graph\":[{\"@type\":\"WebPage\",\"@id\":\"https:\\\/\\\/djabe.hu\\\/uzlet\\\/djabe-legacy-4-track-reel-to-reel\\\/\",\"url\":\"https:\\\/\\\/djabe.hu\\\/uzlet\\\/djabe-legacy-4-track-reel-to-reel\\\/\",\"name\":\"Djabe: Legacy (4 track reel-to-reel) - Djabe\",\"isPartOf\":{\"@id\":\"https:\\\/\\\/djabe.hu\\\/en\\\/#website\"},\"primaryImageOfPage\":{\"@id\":\"https:\\\/\\\/djabe.hu\\\/uzlet\\\/djabe-legacy-4-track-reel-to-reel\\\/#primaryimage\"},\"image\":{\"@id\":\"https:\\\/\\\/djabe.hu\\\/uzlet\\\/djabe-legacy-4-track-reel-to-reel\\\/#primaryimage\"},\"thumbnailUrl\":\"https:\\\/\\\/djabe.hu\\\/wp-content\\\/uploads\\\/2023\\\/03\\\/Djabe_Legacy_Master_Tape_4track_175x175mm_v1_Mockup_3.png\",\"datePublished\":\"2023-03-27T11:25:46+00:00\",\"dateModified\":\"2026-04-08T14:27:29+00:00\",\"breadcrumb\":{\"@id\":\"https:\\\/\\\/djabe.hu\\\/uzlet\\\/djabe-legacy-4-track-reel-to-reel\\\/#breadcrumb\"},\"inLanguage\":\"en-US\",\"potentialAction\":[{\"@type\":\"ReadAction\",\"target\":[\"https:\\\/\\\/djabe.hu\\\/uzlet\\\/djabe-legacy-4-track-reel-to-reel\\\/\"]}]},{\"@type\":\"ImageObject\",\"inLanguage\":\"en-US\",\"@id\":\"https:\\\/\\\/djabe.hu\\\/uzlet\\\/djabe-legacy-4-track-reel-to-reel\\\/#primaryimage\",\"url\":\"https:\\\/\\\/djabe.hu\\\/wp-content\\\/uploads\\\/2023\\\/03\\\/Djabe_Legacy_Master_Tape_4track_175x175mm_v1_Mockup_3.png\",\"contentUrl\":\"https:\\\/\\\/djabe.hu\\\/wp-content\\\/uploads\\\/2023\\\/03\\\/Djabe_Legacy_Master_Tape_4track_175x175mm_v1_Mockup_3.png\",\"width\":1952,\"height\":1952},{\"@type\":\"BreadcrumbList\",\"@id\":\"https:\\\/\\\/djabe.hu\\\/uzlet\\\/djabe-legacy-4-track-reel-to-reel\\\/#breadcrumb\",\"itemListElement\":[{\"@type\":\"ListItem\",\"position\":1,\"name\":\"Home\",\"item\":\"https:\\\/\\\/djabe.hu\\\/en\\\/\"},{\"@type\":\"ListItem\",\"position\":2,\"name\":\"\u00c1ruh\u00e1z\",\"item\":\"https:\\\/\\\/djabe.hu\\\/uzlet\\\/\"},{\"@type\":\"ListItem\",\"position\":3,\"name\":\"Djabe: Legacy (4 track reel-to-reel)\"}]},{\"@type\":\"WebSite\",\"@id\":\"https:\\\/\\\/djabe.hu\\\/en\\\/#website\",\"url\":\"https:\\\/\\\/djabe.hu\\\/en\\\/\",\"name\":\"Djabe\",\"description\":\"Official site\",\"potentialAction\":[{\"@type\":\"SearchAction\",\"target\":{\"@type\":\"EntryPoint\",\"urlTemplate\":\"https:\\\/\\\/djabe.hu\\\/en\\\/?s={search_term_string}\"},\"query-input\":{\"@type\":\"PropertyValueSpecification\",\"valueRequired\":true,\"valueName\":\"search_term_string\"}}],\"inLanguage\":\"en-US\"}]}<\/script>\n<!-- \/ Yoast SEO plugin. -->","yoast_head_json":{"title":"Djabe: Legacy (4 track reel-to-reel) - Djabe","robots":{"index":"index","follow":"follow","max-snippet":"max-snippet:-1","max-image-preview":"max-image-preview:large","max-video-preview":"max-video-preview:-1"},"canonical":"https:\/\/djabe.hu\/uzlet\/djabe-legacy-4-track-reel-to-reel\/","og_locale":"en_US","og_type":"article","og_title":"Djabe: Legacy (4 track reel-to-reel)","og_description":"[:hu]negyeds\u00e1vos Hi-Fi magn\u00f3szalag, 18 cm m\u0171anyag ors\u00f3, hinged box 19 cm\/s, RTM LPR35 szalag[:en]4 track reel-to-reel, 18 cm plastic reel, hinged box 19 cm\/s, RTM LPR35 tape[:]","og_url":"https:\/\/djabe.hu\/uzlet\/djabe-legacy-4-track-reel-to-reel\/","og_site_name":"Djabe","article_modified_time":"2026-04-08T14:27:29+00:00","og_image":[{"width":2303,"height":1320,"url":"https:\/\/djabe.hu\/wp-content\/uploads\/2023\/03\/Djabe_Legacy_Master_Tape_4track_175x175mm_v1_Mockup_1.png","type":"image\/png"}],"twitter_card":"summary_large_image","twitter_title":"Djabe: Legacy (4 track reel-to-reel)","twitter_image":"https:\/\/djabe.hu\/wp-content\/uploads\/2023\/03\/Djabe_Legacy_Master_Tape_4track_175x175mm_v1_Mockup_1.png","twitter_misc":{"Est. reading time":"3 minutes"},"schema":{"@context":"https:\/\/schema.org","@graph":[{"@type":"WebPage","@id":"https:\/\/djabe.hu\/uzlet\/djabe-legacy-4-track-reel-to-reel\/","url":"https:\/\/djabe.hu\/uzlet\/djabe-legacy-4-track-reel-to-reel\/","name":"Djabe: Legacy (4 track reel-to-reel) - Djabe","isPartOf":{"@id":"https:\/\/djabe.hu\/en\/#website"},"primaryImageOfPage":{"@id":"https:\/\/djabe.hu\/uzlet\/djabe-legacy-4-track-reel-to-reel\/#primaryimage"},"image":{"@id":"https:\/\/djabe.hu\/uzlet\/djabe-legacy-4-track-reel-to-reel\/#primaryimage"},"thumbnailUrl":"https:\/\/djabe.hu\/wp-content\/uploads\/2023\/03\/Djabe_Legacy_Master_Tape_4track_175x175mm_v1_Mockup_3.png","datePublished":"2023-03-27T11:25:46+00:00","dateModified":"2026-04-08T14:27:29+00:00","breadcrumb":{"@id":"https:\/\/djabe.hu\/uzlet\/djabe-legacy-4-track-reel-to-reel\/#breadcrumb"},"inLanguage":"en-US","potentialAction":[{"@type":"ReadAction","target":["https:\/\/djabe.hu\/uzlet\/djabe-legacy-4-track-reel-to-reel\/"]}]},{"@type":"ImageObject","inLanguage":"en-US","@id":"https:\/\/djabe.hu\/uzlet\/djabe-legacy-4-track-reel-to-reel\/#primaryimage","url":"https:\/\/djabe.hu\/wp-content\/uploads\/2023\/03\/Djabe_Legacy_Master_Tape_4track_175x175mm_v1_Mockup_3.png","contentUrl":"https:\/\/djabe.hu\/wp-content\/uploads\/2023\/03\/Djabe_Legacy_Master_Tape_4track_175x175mm_v1_Mockup_3.png","width":1952,"height":1952},{"@type":"BreadcrumbList","@id":"https:\/\/djabe.hu\/uzlet\/djabe-legacy-4-track-reel-to-reel\/#breadcrumb","itemListElement":[{"@type":"ListItem","position":1,"name":"Home","item":"https:\/\/djabe.hu\/en\/"},{"@type":"ListItem","position":2,"name":"\u00c1ruh\u00e1z","item":"https:\/\/djabe.hu\/uzlet\/"},{"@type":"ListItem","position":3,"name":"Djabe: Legacy (4 track reel-to-reel)"}]},{"@type":"WebSite","@id":"https:\/\/djabe.hu\/en\/#website","url":"https:\/\/djabe.hu\/en\/","name":"Djabe","description":"Official site","potentialAction":[{"@type":"SearchAction","target":{"@type":"EntryPoint","urlTemplate":"https:\/\/djabe.hu\/en\/?s={search_term_string}"},"query-input":{"@type":"PropertyValueSpecification","valueRequired":true,"valueName":"search_term_string"}}],"inLanguage":"en-US"}]}},"jetpack_sharing_enabled":true,"_links":{"self":[{"href":"https:\/\/djabe.hu\/en\/wp-json\/wp\/v2\/product\/9818","targetHints":{"allow":["GET"]}}],"collection":[{"href":"https:\/\/djabe.hu\/en\/wp-json\/wp\/v2\/product"}],"about":[{"href":"https:\/\/djabe.hu\/en\/wp-json\/wp\/v2\/types\/product"}],"wp:featuredmedia":[{"embeddable":true,"href":"https:\/\/djabe.hu\/en\/wp-json\/wp\/v2\/media\/10564"}],"wp:attachment":[{"href":"https:\/\/djabe.hu\/en\/wp-json\/wp\/v2\/media?parent=9818"}],"wp:term":[{"taxonomy":"product_brand","embeddable":true,"href":"https:\/\/djabe.hu\/en\/wp-json\/wp\/v2\/product_brand?post=9818"},{"taxonomy":"product_cat","embeddable":true,"href":"https:\/\/djabe.hu\/en\/wp-json\/wp\/v2\/product_cat?post=9818"},{"taxonomy":"product_tag","embeddable":true,"href":"https:\/\/djabe.hu\/en\/wp-json\/wp\/v2\/product_tag?post=9818"}],"curies":[{"name":"wp","href":"https:\/\/api.w.org\/{rel}","templated":true}]}}