{"id":9235,"date":"2022-06-15T12:45:49","date_gmt":"2022-06-15T11:45:49","guid":{"rendered":"https:\/\/djabe.hu\/?post_type=product&#038;p=9235"},"modified":"2026-04-08T15:31:15","modified_gmt":"2026-04-08T14:31:15","slug":"djabe-first-album-revisited-2-track-master-tape","status":"publish","type":"product","link":"https:\/\/djabe.hu\/en\/uzlet\/djabe-first-album-revisited-2-track-master-tape\/","title":{"rendered":"Djabe: First Album Revisited 2-Track Master Tape"},"content":{"rendered":"<p>Upon request SM468 1100 m version can be ordered on AEG HUB.<br \/>\nFor more information please write to <span style=\"color: #00ccff;\"><a style=\"color: #00ccff;\" href=\"mailto:djabe@djabe.com\">djabe@djabe.com<\/a><\/span><\/p>\n<p>The nearly 50-minute long LP contains an excerpt from the best tracks from the double CD; one half from the original CD and the other from old-new compositions.<\/p>\n<p>An extremely important piece from the Djabe LP collection has been created. It is worthy of other publications in both its musical quality and sound. The cover features photos of the songs, creating a colorful atmosphere for listening.<\/p>\n<p>&nbsp;<\/p>\n<h2 style=\"text-align: center;\">Tracklista:<\/h2>\n<p style=\"text-align: center;\">1. Camel Run<br \/>\n2. Leaving The Desert<br \/>\n3. D\u00e9j\u00e0 Vu<br \/>\n4. We Are Okay<br \/>\n5. Chase<br \/>\n6. Hagar Qim<br \/>\n7. Pier 95<br \/>\n8. Sunrays<br \/>\n9. Lost In The Desert<\/p>\n<p>&nbsp;<\/p>\n<h2 style=\"text-align: center;\">Musicians featured on the album:<\/h2>\n<p style=\"text-align: center;\">Tam\u00e1s Barab\u00e1s \u2013 bass guitar<br \/>\nAttila \u00c9gerh\u00e1zi \u2013 guitar, percussion, effects<br \/>\nJudit Gesztelyi-Nagy \u2013 flute, schakuhachi<br \/>\nTibor Karvaly \u2013 violin, keyboards, percussion, treble recorder<br \/>\nP\u00e9ter Kasz\u00e1s\u2013 drums (8)<br \/>\n\u00c1ron Ko\u00f3s-Hut\u00e1s \u2013 flugelhorn (7)<br \/>\nFerenc Kov\u00e1cs \u2013 violin, trumpet<br \/>\nFerenc Muck &#8211; saxophone<br \/>\nJ\u00e1nos Nagy\u2013 keyboards (8)<br \/>\nAndr\u00e1s Sipos \u2013 vocal, percussion<br \/>\nSteve Hackett \u2013 electric guitar (9)<\/p>\n<p>Djabe released their first CD in November 1996, simply titled Djabe.<\/p>\n<p>On the occasion of its 25<sup>th<\/sup>anniversary, the band surprised fans with 2 track master tape release in addition to the 3-disc expanded digital reprint.<\/p>\n<p>The\u00a0first\u00a0Djabe album,\u00a0recorded\u00a0between\u00a0June\u00a01995 and September 1996, was already noticed by both the audience and the professional scene.\u00a0It\u00a0was\u00a0created\u00a0by\u00a0the\u00a0two\u00a0founders\u00a0of Djabe,\u00a0percussionist\u00a0Andr\u00e1s Sipos (1954 &#8211; 2007) and guitarist Attila \u00c9gerh\u00e1zi. They were joined by Tibor Karvaly, a violinist from the former Novus Jam band of \u00c9gerh\u00e1zi and Sipos, for the recordings.\u00a0Among the invited musicians were Ferenc Muck saxophonist, bassist Tam\u00e1s Barab\u00e1s and\u00a0trumpet\u00a0and\u00a0violin\u00a0player\u00a0Ferenc Kov\u00e1cs.\u00a0From\u00a0the criticisms of the time, the opinion of the American writer Mike Ezzo\u00a0should be\u00a0highlighted,\u00a0who\u00a0predicted,\u00a0right\u00a0fromthe\u00a0first\u00a0album,\u00a0that Djabe would achieve significant success and a great career internationally.\u00a0And he was\u00a0right.<\/p>\n<p>In\u00a0recent\u00a0years, Djabe\u00a0released\u00a0successive\u00a0versions\u00a0of the first records of\u00a0its\u00a0career, in both refurbished, remixed LP and surround sound. On the part of the band&#8217;s fans, both at home and abroad, there was a demand for vinyl and surround releases related to the first album. The possibility of renovation first arose in 2016, when Tibor Karvaly joined the line-up of the Djabe20 anniversary concert. There were also two tracks from the first CD that Djabe had never\u00a0performed\u00a0live before:\u00a0Hagar Qim and D\u00e9j\u00e0 Vu.<\/p>\n<p>Attila \u00c9gerh\u00e1zi searched the\u00a0archive\u00a0for\u00a0the\u00a0original\u00a0multitrack\u00a0tapes,\u00a0which\u00a0had to be \u201cbaked\u201d in the Abbey Road Studio in London, i.e. made playable again.<\/p>\n<p>Studio work began at the time of the COVID-related\u00a0closures. Attila \u00c9gerh\u00e1zi and Tibor Karvaly worked on the material for 8 months,\u00a0joined by\u00a0Ferenc Muck and Tam\u00e1s Barab\u00e1s for the last 3 months.<\/p>\n<p>Attila and Tibor\u00a0located\u00a0the\u00a0multitrack\u00a0recordings of all the tracks on the original CD and\u00a0refreshed\u00a0them. They accurately\u00a0modelled\u00a0the original\u00a0mix balance\u00a0and then re-edited the pieces in places if they saw fit.\u00a0Some tracks\u00a0recorded during the original\u00a0sessions\u00a0but not audible\u00a0in the mix\u00a0were also used.\u00a0In a few\u00a0a compositions\u00a0in which they were bothered by an inappropriate\u00a0note\u00a0for\u00a0the last\u00a025 years,\u00a0an issue\u00a0now fixed. They didn\u2019t have their own studio 25 years ago, so they often had to compromise because they slipped out of time.\u00a0In case of\u00a0the songs November and Demon, Ferenc Muck also\u00a0recorded\u00a0new saxophone tracks for\u00a0similar\u00a0reason.\u00a0The CD, which was updated and remixed and mastered by Tam\u00e1s Barab\u00e1s in the end, was named Refreshed.<\/p>\n<p>However, the project did not stopped there.\u00a0Several\u00a0unused\u00a0tracks\u00a0were\u00a0found\u00a0on\u00a0the\u00a0multitrack\u00a0tapes,\u00a0which,\u00a0now\u00a0taking advantage of the unbound opportunity provided by their own studio, were\u00a0finalized. The current members of Djabe, \u00c1ron Ko\u00f3s-Hut\u00e1s\u00a0(flugelhorn), P\u00e9ter Kasz\u00e1s\u00a0(drums), J\u00e1nos Nagy\u00a0(keyboards)\u00a0also played on these recordings, such as Pier 95 and Sunrays.<\/p>\n<p>Tam\u00e1s also composed a\u00a0new\u00a0composition\u00a0based\u00a0on\u00a0Sipi\u2019s\u00a0original\u00a0and\u00a0unused\u00a0drum\u00a0and\u00a0vocalrecordings,\u00a0which\u00a0became\u00a0We\u00a0Are Okay.<\/p>\n<p>An old-new composition, Lost In The Desert, was also\u00a0written\u00a0around\u00a0a\u00a0fantastic\u00a0unusedviolin\u00a0solo\u00a0by\u00a0Ferenc Kov\u00e1cs, in which a previously recorded guitar solo by Steve Hackett and Sipi&#8217;s vocal track can also be heard. Of course, Attila \u00c9gerh\u00e1zi, Tibor Karvaly, Tam\u00e1s Barab\u00e1s and Ferenc Muck also contribute\u00a0to\u00a0these\u00a0two\u00a0compositions.<\/p>\n<p>The second CD was titled Then &amp; Now, referring to over 25 years of work.<\/p>\n<p><iframe loading=\"lazy\" title=\"Djabe: Leaving The Desert (Official Video)\" width=\"900\" height=\"506\" src=\"https:\/\/www.youtube.com\/embed\/Jnvsvw1zNh0?feature=oembed\" frameborder=\"0\" allow=\"accelerometer; autoplay; clipboard-write; encrypted-media; gyroscope; picture-in-picture\" allowfullscreen><\/iframe><\/p>\n<p><iframe loading=\"lazy\" title=\"Djabe: We Are Okay (Official Video)\" width=\"900\" height=\"506\" src=\"https:\/\/www.youtube.com\/embed\/ilSJYmrBXKw?feature=oembed\" frameborder=\"0\" allow=\"accelerometer; autoplay; clipboard-write; encrypted-media; gyroscope; picture-in-picture\" allowfullscreen><\/iframe><\/p>\n<p><iframe loading=\"lazy\" title=\"Djabe: Hagar Qim (Official video)\" width=\"900\" height=\"506\" src=\"https:\/\/www.youtube.com\/embed\/GijNdMvTZbc?feature=oembed\" frameborder=\"0\" allow=\"accelerometer; autoplay; clipboard-write; encrypted-media; gyroscope; picture-in-picture\" allowfullscreen><\/iframe><\/p>\n<p><iframe loading=\"lazy\" title=\"Djabe - Pier 95 (Official Video)\" width=\"900\" height=\"506\" src=\"https:\/\/www.youtube.com\/embed\/oQkM7UdLAYk?feature=oembed\" frameborder=\"0\" allow=\"accelerometer; autoplay; clipboard-write; encrypted-media; gyroscope; picture-in-picture\" allowfullscreen><\/iframe><\/p>\n<p><iframe loading=\"lazy\" title=\"Djabe: Lost In The Desert\" width=\"900\" height=\"506\" src=\"https:\/\/www.youtube.com\/embed\/J7Qf80MAo60?feature=oembed\" frameborder=\"0\" allow=\"accelerometer; autoplay; clipboard-write; encrypted-media; gyroscope; picture-in-picture\" allowfullscreen><\/iframe><\/p>\n<p>&nbsp;<\/p>","protected":false},"excerpt":{"rendered":"<h2>2-Track Master Tape<br \/>\n38 cm\/s, RTM LPR90 tape, 10,5\u201d NAB metal reel, Hinged box, with cover stickers<\/h2>\n","protected":false},"featured_media":9002,"template":"","meta":[],"product_brand":[],"product_cat":[57],"product_tag":[],"class_list":{"0":"post-9235","1":"product","2":"type-product","3":"status-publish","4":"has-post-thumbnail","6":"product_cat-reel-to-reel","7":"repupress_customize_woocommerce_productom_class","9":"first","10":"instock","11":"shipping-taxable","12":"purchasable","13":"product-type-simple"},"yoast_head":"<!-- This site is optimized with the Yoast SEO plugin v27.2 - https:\/\/yoast.com\/product\/yoast-seo-wordpress\/ -->\n<title>Djabe: First Album Revisited 2-Track Master Tape - Djabe<\/title>\n<meta name=\"robots\" content=\"index, follow, max-snippet:-1, max-image-preview:large, max-video-preview:-1\" \/>\n<link rel=\"canonical\" href=\"https:\/\/djabe.hu\/uzlet\/djabe-first-album-revisited-2-track-master-tape\/\" \/>\n<meta property=\"og:locale\" content=\"en_US\" \/>\n<meta property=\"og:type\" content=\"article\" \/>\n<meta property=\"og:title\" content=\"Djabe: First Album Revisited 2-Track Master Tape\" \/>\n<meta property=\"og:description\" content=\"[:hu]2 Track Master Tape 38 cm\/s, RTM LPR90 szalag, 26,5 cm f\u00e9mors\u00f3n, Hinged box, matric\u00e1zva[:en]2-Track Master Tape 38 cm\/s, RTM LPR90 tape, 10,5\u201d NAB metal reel, Hinged box, with cover stickers[:]\" \/>\n<meta property=\"og:url\" content=\"https:\/\/djabe.hu\/uzlet\/djabe-first-album-revisited-2-track-master-tape\/\" \/>\n<meta property=\"og:site_name\" content=\"Djabe\" \/>\n<meta property=\"article:modified_time\" content=\"2026-04-08T14:31:15+00:00\" \/>\n<meta property=\"og:image\" content=\"https:\/\/djabe.hu\/wp-content\/uploads\/2022\/01\/Djabe_First_Album_Revisited_2021_LP_cover-scaled.jpg\" \/>\n\t<meta property=\"og:image:width\" content=\"2560\" \/>\n\t<meta property=\"og:image:height\" content=\"2560\" \/>\n\t<meta property=\"og:image:type\" content=\"image\/jpeg\" \/>\n<meta name=\"twitter:card\" content=\"summary_large_image\" \/>\n<meta name=\"twitter:title\" content=\"Djabe: First Album Revisited 2-Track Master Tape\" \/>\n<meta name=\"twitter:image\" content=\"https:\/\/djabe.hu\/wp-content\/uploads\/2022\/01\/Djabe_First_Album_Revisited_2021_LP_cover-scaled.jpg\" \/>\n<meta name=\"twitter:label1\" content=\"Est. reading time\" \/>\n\t<meta name=\"twitter:data1\" content=\"5 minutes\" \/>\n<script type=\"application\/ld+json\" class=\"yoast-schema-graph\">{\"@context\":\"https:\/\/schema.org\",\"@graph\":[{\"@type\":\"WebPage\",\"@id\":\"https:\/\/djabe.hu\/uzlet\/djabe-first-album-revisited-2-track-master-tape\/\",\"url\":\"https:\/\/djabe.hu\/uzlet\/djabe-first-album-revisited-2-track-master-tape\/\",\"name\":\"Djabe: First Album Revisited 2-Track Master Tape - Djabe\",\"isPartOf\":{\"@id\":\"https:\/\/djabe.hu\/en\/#website\"},\"primaryImageOfPage\":{\"@id\":\"https:\/\/djabe.hu\/uzlet\/djabe-first-album-revisited-2-track-master-tape\/#primaryimage\"},\"image\":{\"@id\":\"https:\/\/djabe.hu\/uzlet\/djabe-first-album-revisited-2-track-master-tape\/#primaryimage\"},\"thumbnailUrl\":\"https:\/\/djabe.hu\/wp-content\/uploads\/2022\/01\/Djabe_First_Album_Revisited_2021_LP_cover-scaled.jpg\",\"datePublished\":\"2022-06-15T11:45:49+00:00\",\"dateModified\":\"2026-04-08T14:31:15+00:00\",\"breadcrumb\":{\"@id\":\"https:\/\/djabe.hu\/uzlet\/djabe-first-album-revisited-2-track-master-tape\/#breadcrumb\"},\"inLanguage\":\"en-US\",\"potentialAction\":[{\"@type\":\"ReadAction\",\"target\":[\"https:\/\/djabe.hu\/uzlet\/djabe-first-album-revisited-2-track-master-tape\/\"]}]},{\"@type\":\"ImageObject\",\"inLanguage\":\"en-US\",\"@id\":\"https:\/\/djabe.hu\/uzlet\/djabe-first-album-revisited-2-track-master-tape\/#primaryimage\",\"url\":\"https:\/\/djabe.hu\/wp-content\/uploads\/2022\/01\/Djabe_First_Album_Revisited_2021_LP_cover-scaled.jpg\",\"contentUrl\":\"https:\/\/djabe.hu\/wp-content\/uploads\/2022\/01\/Djabe_First_Album_Revisited_2021_LP_cover-scaled.jpg\",\"width\":2560,\"height\":2560,\"caption\":\"Djabe - First Album Revisited 2021 LP cover\"},{\"@type\":\"BreadcrumbList\",\"@id\":\"https:\/\/djabe.hu\/uzlet\/djabe-first-album-revisited-2-track-master-tape\/#breadcrumb\",\"itemListElement\":[{\"@type\":\"ListItem\",\"position\":1,\"name\":\"Home\",\"item\":\"https:\/\/djabe.hu\/en\/\"},{\"@type\":\"ListItem\",\"position\":2,\"name\":\"\u00c1ruh\u00e1z\",\"item\":\"https:\/\/djabe.hu\/uzlet\/\"},{\"@type\":\"ListItem\",\"position\":3,\"name\":\"Djabe: First Album Revisited 2-Track Master Tape\"}]},{\"@type\":\"WebSite\",\"@id\":\"https:\/\/djabe.hu\/en\/#website\",\"url\":\"https:\/\/djabe.hu\/en\/\",\"name\":\"Djabe\",\"description\":\"Official site\",\"potentialAction\":[{\"@type\":\"SearchAction\",\"target\":{\"@type\":\"EntryPoint\",\"urlTemplate\":\"https:\/\/djabe.hu\/en\/?s={search_term_string}\"},\"query-input\":{\"@type\":\"PropertyValueSpecification\",\"valueRequired\":true,\"valueName\":\"search_term_string\"}}],\"inLanguage\":\"en-US\"}]}<\/script>\n<!-- \/ Yoast SEO plugin. -->","yoast_head_json":{"title":"Djabe: First Album Revisited 2-Track Master Tape - Djabe","robots":{"index":"index","follow":"follow","max-snippet":"max-snippet:-1","max-image-preview":"max-image-preview:large","max-video-preview":"max-video-preview:-1"},"canonical":"https:\/\/djabe.hu\/uzlet\/djabe-first-album-revisited-2-track-master-tape\/","og_locale":"en_US","og_type":"article","og_title":"Djabe: First Album Revisited 2-Track Master Tape","og_description":"[:hu]2 Track Master Tape 38 cm\/s, RTM LPR90 szalag, 26,5 cm f\u00e9mors\u00f3n, Hinged box, matric\u00e1zva[:en]2-Track Master Tape 38 cm\/s, RTM LPR90 tape, 10,5\u201d NAB metal reel, Hinged box, with cover stickers[:]","og_url":"https:\/\/djabe.hu\/uzlet\/djabe-first-album-revisited-2-track-master-tape\/","og_site_name":"Djabe","article_modified_time":"2026-04-08T14:31:15+00:00","og_image":[{"width":2560,"height":2560,"url":"https:\/\/djabe.hu\/wp-content\/uploads\/2022\/01\/Djabe_First_Album_Revisited_2021_LP_cover-scaled.jpg","type":"image\/jpeg"}],"twitter_card":"summary_large_image","twitter_title":"Djabe: First Album Revisited 2-Track Master Tape","twitter_image":"https:\/\/djabe.hu\/wp-content\/uploads\/2022\/01\/Djabe_First_Album_Revisited_2021_LP_cover-scaled.jpg","twitter_misc":{"Est. reading time":"5 minutes"},"schema":{"@context":"https:\/\/schema.org","@graph":[{"@type":"WebPage","@id":"https:\/\/djabe.hu\/uzlet\/djabe-first-album-revisited-2-track-master-tape\/","url":"https:\/\/djabe.hu\/uzlet\/djabe-first-album-revisited-2-track-master-tape\/","name":"Djabe: First Album Revisited 2-Track Master Tape - Djabe","isPartOf":{"@id":"https:\/\/djabe.hu\/en\/#website"},"primaryImageOfPage":{"@id":"https:\/\/djabe.hu\/uzlet\/djabe-first-album-revisited-2-track-master-tape\/#primaryimage"},"image":{"@id":"https:\/\/djabe.hu\/uzlet\/djabe-first-album-revisited-2-track-master-tape\/#primaryimage"},"thumbnailUrl":"https:\/\/djabe.hu\/wp-content\/uploads\/2022\/01\/Djabe_First_Album_Revisited_2021_LP_cover-scaled.jpg","datePublished":"2022-06-15T11:45:49+00:00","dateModified":"2026-04-08T14:31:15+00:00","breadcrumb":{"@id":"https:\/\/djabe.hu\/uzlet\/djabe-first-album-revisited-2-track-master-tape\/#breadcrumb"},"inLanguage":"en-US","potentialAction":[{"@type":"ReadAction","target":["https:\/\/djabe.hu\/uzlet\/djabe-first-album-revisited-2-track-master-tape\/"]}]},{"@type":"ImageObject","inLanguage":"en-US","@id":"https:\/\/djabe.hu\/uzlet\/djabe-first-album-revisited-2-track-master-tape\/#primaryimage","url":"https:\/\/djabe.hu\/wp-content\/uploads\/2022\/01\/Djabe_First_Album_Revisited_2021_LP_cover-scaled.jpg","contentUrl":"https:\/\/djabe.hu\/wp-content\/uploads\/2022\/01\/Djabe_First_Album_Revisited_2021_LP_cover-scaled.jpg","width":2560,"height":2560,"caption":"Djabe - First Album Revisited 2021 LP cover"},{"@type":"BreadcrumbList","@id":"https:\/\/djabe.hu\/uzlet\/djabe-first-album-revisited-2-track-master-tape\/#breadcrumb","itemListElement":[{"@type":"ListItem","position":1,"name":"Home","item":"https:\/\/djabe.hu\/en\/"},{"@type":"ListItem","position":2,"name":"\u00c1ruh\u00e1z","item":"https:\/\/djabe.hu\/uzlet\/"},{"@type":"ListItem","position":3,"name":"Djabe: First Album Revisited 2-Track Master Tape"}]},{"@type":"WebSite","@id":"https:\/\/djabe.hu\/en\/#website","url":"https:\/\/djabe.hu\/en\/","name":"Djabe","description":"Official site","potentialAction":[{"@type":"SearchAction","target":{"@type":"EntryPoint","urlTemplate":"https:\/\/djabe.hu\/en\/?s={search_term_string}"},"query-input":{"@type":"PropertyValueSpecification","valueRequired":true,"valueName":"search_term_string"}}],"inLanguage":"en-US"}]}},"jetpack_sharing_enabled":true,"_links":{"self":[{"href":"https:\/\/djabe.hu\/en\/wp-json\/wp\/v2\/product\/9235","targetHints":{"allow":["GET"]}}],"collection":[{"href":"https:\/\/djabe.hu\/en\/wp-json\/wp\/v2\/product"}],"about":[{"href":"https:\/\/djabe.hu\/en\/wp-json\/wp\/v2\/types\/product"}],"wp:featuredmedia":[{"embeddable":true,"href":"https:\/\/djabe.hu\/en\/wp-json\/wp\/v2\/media\/9002"}],"wp:attachment":[{"href":"https:\/\/djabe.hu\/en\/wp-json\/wp\/v2\/media?parent=9235"}],"wp:term":[{"taxonomy":"product_brand","embeddable":true,"href":"https:\/\/djabe.hu\/en\/wp-json\/wp\/v2\/product_brand?post=9235"},{"taxonomy":"product_cat","embeddable":true,"href":"https:\/\/djabe.hu\/en\/wp-json\/wp\/v2\/product_cat?post=9235"},{"taxonomy":"product_tag","embeddable":true,"href":"https:\/\/djabe.hu\/en\/wp-json\/wp\/v2\/product_tag?post=9235"}],"curies":[{"name":"wp","href":"https:\/\/api.w.org\/{rel}","templated":true}]}}