{"id":9190,"date":"2022-05-26T13:04:15","date_gmt":"2022-05-26T12:04:15","guid":{"rendered":"https:\/\/djabe.hu\/?post_type=product&#038;p=9190"},"modified":"2025-11-18T11:28:15","modified_gmt":"2025-11-18T10:28:15","slug":"djabe-special-guest-steve-hackett-in-the-footsteps-of-attila-and-genghis-2022-extended-edition","status":"publish","type":"product","link":"https:\/\/djabe.hu\/en\/uzlet\/djabe-special-guest-steve-hackett-in-the-footsteps-of-attila-and-genghis-2022-extended-edition\/","title":{"rendered":"Djabe special guest Steve Hackett: In The Footsteps Of Attila and Genghis \u2013 2022 extended edition"},"content":{"rendered":"<p>Steve Hackett and Djabe have been touring together around the world since 2008. This double CD content of In The Footsteps Of Attila And Genghis was recorded in the summer of 2010 during their August tour. The concert series reached Russia, Hungary, Bulgaria and Serbia, in chronological order.<br \/>\nDjabe classics (Distant Dance, Clouds Dance, Butterfly, Doromb, Erd\u0151, erd\u0151, Scenes, Wind And Bell, Dark Soup etc.), Steve Hackett&#8217;s own compositions (The Steppes, Last Train To Istanbul, Horizons, Ace Of Wands etc.), and Genesis instrumental tracks (Firth Of Fifth, In That Quiet Earth, Los Endos) were also featured in the shows.<br \/>\nOne of the album\u2019s most exciting recordings is Steve Hackett\u2019s \u201cLast Train to Istanbul,\u201d a song from the album \u201cOut of the Tunnel\u2019s Mouth,\u201d which he didn\u2019t even play live with his own band.<\/p>\n<p>For this 2022 release, compared to the original album of 2011, 6 additional bonus tracks have been added, approximately 40 minutes of unreleased material from the tour.<\/p>\n<p>\u201cSteve is not a guest at all but a member of the band. The work relationship that has lasted for years now welded the band together, and the programme heard on the album presents the listeners with an experience that can be encountered during a live show. A joyous festival of making music can be heard throughout the album which makes us feel as if we were right there at the concert. The magic of live music comes through entirely.\u201d<br \/>\nreview by Zolt\u00e1n Ger\u00e9bi (A Genesis vil\u00e1ga \u2013 The World of Genesis \u2013 site)<\/p>\n<p>Steve about the tour, in his own words:<br \/>\n\u201cIt\u2019s been a wild ten days exploring new territory in Eastern Europe with Hungarian band Djabe. My guitar took off in my hands and surprised even me as it purred and growled with an intensity that you can never completely predict. The band was very much on form\u2026\u201d<\/p>\n<p>Musicians:<\/p>\n<p>Steve Hackett \u2013 guitar, vocal<br \/>\nTam\u00e1s Barab\u00e1s \u2013 bass guitar<br \/>\nAttila \u00c9gerh\u00e1zi \u2013 guitar, percussion, vocal<br \/>\n\u00c1ron Ko\u00f3s-Hut\u00e1s &#8211; trumpet<br \/>\nFerenc Kov\u00e1cs \u2013 trumpet, violin, vocal<br \/>\nZolt\u00e1n Kov\u00e1cs \u2013 keyboards<br \/>\nSzil\u00e1rd Banai \u2013 drums<\/p>\n<p><a href=\"https:\/\/djabe.hu\/wp-content\/uploads\/2022\/05\/Djabe_In_the_footsteps_GR161_mockup.png\"><img loading=\"lazy\" decoding=\"async\" class=\"aligncenter size-full wp-image-9185\" src=\"https:\/\/djabe.hu\/wp-content\/uploads\/2022\/05\/Djabe_In_the_footsteps_GR161_mockup.png\" alt=\"Djabe_In_the_footsteps_GR161_mockup\" width=\"1300\" height=\"975\" srcset=\"https:\/\/djabe.hu\/wp-content\/uploads\/2022\/05\/Djabe_In_the_footsteps_GR161_mockup.png 1300w, https:\/\/djabe.hu\/wp-content\/uploads\/2022\/05\/Djabe_In_the_footsteps_GR161_mockup-300x225.png 300w, https:\/\/djabe.hu\/wp-content\/uploads\/2022\/05\/Djabe_In_the_footsteps_GR161_mockup-1024x768.png 1024w, https:\/\/djabe.hu\/wp-content\/uploads\/2022\/05\/Djabe_In_the_footsteps_GR161_mockup-768x576.png 768w, https:\/\/djabe.hu\/wp-content\/uploads\/2022\/05\/Djabe_In_the_footsteps_GR161_mockup-600x450.png 600w\" sizes=\"auto, (max-width: 1300px) 100vw, 1300px\" \/><\/a><\/p>\n<p>&nbsp;<\/p>\n<p>&nbsp;<\/p>\n<p style=\"text-align: center;\"><div class='content-column one_half'><h2 style=\"text-align: center;\">CD1<\/h2>\n<p style=\"text-align: center;\">1. Erd\u0151, Erd\u0151<br \/>\n2. Firth of fifth<br \/>\n3. Dark Soup<br \/>\n4. City of Habi<br \/>\n5. The Steppes<br \/>\n6. P\u00e9cs<br \/>\n7. Distant Dance<br \/>\n8. Clouds Dance<br \/>\n9. Wind And Bell<br \/>\n10. S\u00e1rika<br \/>\n11. Ace Of Wands<\/p>\n<p style=\"text-align: center;\"><\/div>\n<p style=\"text-align: center;\"><div class='content-column one_half last_column'><h2 style=\"text-align: center;\">CD2<\/h2>\n<p style=\"text-align: center;\">1. Doromb<br \/>\n2. Butterfly<br \/>\n3. Last Train to Istambul<br \/>\n4. In That Quiet Earth<br \/>\n5. Genghis\u2019 Sword<br \/>\n6. Behind The Veil<br \/>\n7. Omachule &#8211; excerpt<br \/>\n8. Steve\u2019s Acoustic Set<br \/>\n9. Scenes<br \/>\n10. Los Endos<\/p>\n<p style=\"text-align: center;\"><\/div><div class='clear_column'><\/div>\n<h3 style=\"text-align: left;\">Radio interview with Attila \u00c9gerh\u00e1zi about the album in 2011 by Tibor Balogh<\/h3>\n<div id=\"mp3jWrap_1\" class=\"mjp-s-wrapper s-graphic unsel-mjp \" style=\"font-size:18px;\"><span id=\"playpause_wrap_mp3j_1\" class=\"wrap_inline_mp3j\" style=\"font-weight:700;\"><span class=\"gfxbutton_mp3j play-mjp\" id=\"playpause_mp3j_1\" style=\"font-size:18px;\">&nbsp;&nbsp;&nbsp;&nbsp;&nbsp;<\/span>&nbsp;<span class=\"group_wrap\"><span class=\"bars_mp3j\"><span class=\"loadB_mp3j\" id=\"load_mp3j_1\"><\/span><span class=\"posbarB_mp3j\" id=\"posbar_mp3j_1\"><\/span><\/span><span class=\"T_mp3j\" id=\"T_mp3j_1\" style=\"font-size:18px;\">Katolikus R\u0087di\u00f3\u0097 interj\u00fa\u009c \u00c9\u0083gerh\u00e1\u0087zi Attil\u00e1\u0087val<span> - In The Footsteps of Attila and Genghis<\/span><\/span><span class=\"indi_mp3j\" style=\"font-size:12.6px;\" id=\"statusMI_1\"><\/span><\/span><\/span><\/div><span class=\"s-nosolution\" id=\"mp3j_nosolution_1\" style=\"display:none;\"><\/span><script>\nMP3jPLAYLISTS.inline_1 = [\n\t{ name: \"Katolikus R\u0087di\u00f3\u0097 interj\u00fa\u009c \u00c9\u0083gerh\u00e1\u0087zi Attil\u00e1\u0087val\", formats: [\"mp3\"], mp3: \"aHR0cHM6Ly9kamFiZS5odS93cC1jb250ZW50L3VwbG9hZHMvMjAyMi8wNS9FZ2VyaGF6aV9BdHRpbGFfaW50ZXJqdV9hel91al9hbGJ1bXJvbF8yMDExLm1wMw==\", counterpart:\"\", artist: \"In The Footsteps of Attila and Genghis\", image: \"\", imgurl: \"\" }\n];\n<\/script>\n\n<script>MP3jPLAYERS[1] = { list: MP3jPLAYLISTS.inline_1, tr:0, type:'single', lstate:'', loop:false, play_txt:'&nbsp;&nbsp;&nbsp;&nbsp;&nbsp;', pause_txt:'&nbsp;&nbsp;&nbsp;&nbsp;&nbsp;', pp_title:'', autoplay:false, download:false, vol:70, height:'' };<\/script><\/p>","protected":false},"excerpt":{"rendered":"<h2>2CD, digipak, 6 bonus tracks<\/h2>\n","protected":false},"featured_media":9200,"template":"","meta":[],"product_brand":[],"product_cat":[38,73],"product_tag":[],"class_list":{"0":"post-9190","1":"product","2":"type-product","3":"status-publish","4":"has-post-thumbnail","6":"product_cat-cd","7":"product_cat-steve-hackett","8":"repupress_customize_woocommerce_productom_class","10":"first","11":"instock","12":"shipping-taxable","13":"purchasable","14":"product-type-simple"},"yoast_head":"<!-- This site is optimized with the Yoast SEO plugin v27.4 - https:\/\/yoast.com\/product\/yoast-seo-wordpress\/ -->\n<title>Djabe special guest Steve Hackett: In The Footsteps Of Attila and Genghis \u2013 2022 extended edition - Djabe<\/title>\n<meta name=\"description\" content=\"Djabe released their first CD in November 1996.On the occasion of its 25th anniversary, the band will surprise fans with a 3-disc expanded reissue.The first Djabe album, recorded between June 1995 and September 1996, was already noticed by both the audience and the professional scene. It was created by the two founders of Djabe, percussionist Andr\u00e1s Sipos (1954 - 2007) and guitarist Attila \u00c9gerh\u00e1zi. They were joined by Tibor Karvaly, a violinist from the former Novus Jam band of \u00c9gerh\u00e1zi and Sipos, for the recordings. Among the invited musicians were Ferenc Muck saxophonist, bassist Tam\u00e1s Barab\u00e1s and trumpet and violin player Ferenc Kov\u00e1cs.\" \/>\n<meta name=\"robots\" content=\"index, follow, max-snippet:-1, max-image-preview:large, max-video-preview:-1\" \/>\n<link rel=\"canonical\" href=\"https:\/\/djabe.hu\/uzlet\/djabe-special-guest-steve-hackett-in-the-footsteps-of-attila-and-genghis-2022-extended-edition\/\" \/>\n<meta property=\"og:locale\" content=\"en_US\" \/>\n<meta property=\"og:type\" content=\"article\" \/>\n<meta property=\"og:title\" content=\"Djabe special guest Steve Hackett: In The Footsteps Of Attila and Genghis \u2013 2022 extended edition\" \/>\n<meta property=\"og:description\" content=\"{:en}Djabe released their first CD in November 1996.On the occasion of its 25th anniversary, the band will surprise fans with a 3-disc expanded reissue.The first Djabe album, recorded between June 1995 and September 1996, was already noticed by both the audience and the professional scene. It was created by the two founders of Djabe, percussionist Andr\u00e1s Sipos (1954 - 2007) and guitarist Attila \u00c9gerh\u00e1zi. They were joined by Tibor Karvaly, a violinist from the former Novus Jam band of \u00c9gerh\u00e1zi and Sipos, for the recordings. Among the invited musicians were Ferenc Muck saxophonist, bassist Tam\u00e1s Barab\u00e1s and trumpet and violin player Ferenc Kov\u00e1cs.{:}\" \/>\n<meta property=\"og:url\" content=\"https:\/\/djabe.hu\/uzlet\/djabe-special-guest-steve-hackett-in-the-footsteps-of-attila-and-genghis-2022-extended-edition\/\" \/>\n<meta property=\"og:site_name\" content=\"Djabe\" \/>\n<meta property=\"article:modified_time\" content=\"2025-11-18T10:28:15+00:00\" \/>\n<meta property=\"og:image\" content=\"https:\/\/djabe.hu\/wp-content\/uploads\/2022\/05\/Djabe_In_the_footsteps_GR161_CD_mokup_2-1024x534.png\" \/>\n\t<meta property=\"og:image:width\" content=\"1024\" \/>\n\t<meta property=\"og:image:height\" content=\"534\" \/>\n\t<meta property=\"og:image:type\" content=\"image\/png\" \/>\n<meta name=\"twitter:card\" content=\"summary_large_image\" \/>\n<meta name=\"twitter:title\" content=\"Djabe special guest Steve Hackett: In The Footsteps Of Attila and Genghis \u2013 2022 extended edition\" \/>\n<meta name=\"twitter:image\" content=\"https:\/\/djabe.hu\/wp-content\/uploads\/2022\/05\/Djabe_In_the_footsteps_GR161_CD_mokup_2.png\" \/>\n<meta name=\"twitter:label1\" content=\"Est. reading time\" \/>\n\t<meta name=\"twitter:data1\" content=\"3 minutes\" \/>\n<script type=\"application\/ld+json\" class=\"yoast-schema-graph\">{\"@context\":\"https:\\\/\\\/schema.org\",\"@graph\":[{\"@type\":\"WebPage\",\"@id\":\"https:\\\/\\\/djabe.hu\\\/uzlet\\\/djabe-special-guest-steve-hackett-in-the-footsteps-of-attila-and-genghis-2022-extended-edition\\\/\",\"url\":\"https:\\\/\\\/djabe.hu\\\/uzlet\\\/djabe-special-guest-steve-hackett-in-the-footsteps-of-attila-and-genghis-2022-extended-edition\\\/\",\"name\":\"Djabe special guest Steve Hackett: In The Footsteps Of Attila and Genghis \u2013 2022 extended edition - Djabe\",\"isPartOf\":{\"@id\":\"https:\\\/\\\/djabe.hu\\\/en\\\/#website\"},\"primaryImageOfPage\":{\"@id\":\"https:\\\/\\\/djabe.hu\\\/uzlet\\\/djabe-special-guest-steve-hackett-in-the-footsteps-of-attila-and-genghis-2022-extended-edition\\\/#primaryimage\"},\"image\":{\"@id\":\"https:\\\/\\\/djabe.hu\\\/uzlet\\\/djabe-special-guest-steve-hackett-in-the-footsteps-of-attila-and-genghis-2022-extended-edition\\\/#primaryimage\"},\"thumbnailUrl\":\"https:\\\/\\\/djabe.hu\\\/wp-content\\\/uploads\\\/2022\\\/05\\\/Djabe_In_the_footsteps_GR161_CD_mokup_2b_JO.png\",\"datePublished\":\"2022-05-26T12:04:15+00:00\",\"dateModified\":\"2025-11-18T10:28:15+00:00\",\"description\":\"{:en}Djabe released their first CD in November 1996.On the occasion of its 25th anniversary, the band will surprise fans with a 3-disc expanded reissue.The first Djabe album, recorded between June 1995 and September 1996, was already noticed by both the audience and the professional scene. It was created by the two founders of Djabe, percussionist Andr\u00e1s Sipos (1954 - 2007) and guitarist Attila \u00c9gerh\u00e1zi. They were joined by Tibor Karvaly, a violinist from the former Novus Jam band of \u00c9gerh\u00e1zi and Sipos, for the recordings. Among the invited musicians were Ferenc Muck saxophonist, bassist Tam\u00e1s Barab\u00e1s and trumpet and violin player Ferenc Kov\u00e1cs.{:}\",\"breadcrumb\":{\"@id\":\"https:\\\/\\\/djabe.hu\\\/uzlet\\\/djabe-special-guest-steve-hackett-in-the-footsteps-of-attila-and-genghis-2022-extended-edition\\\/#breadcrumb\"},\"inLanguage\":\"en-US\",\"potentialAction\":[{\"@type\":\"ReadAction\",\"target\":[\"https:\\\/\\\/djabe.hu\\\/uzlet\\\/djabe-special-guest-steve-hackett-in-the-footsteps-of-attila-and-genghis-2022-extended-edition\\\/\"]}]},{\"@type\":\"ImageObject\",\"inLanguage\":\"en-US\",\"@id\":\"https:\\\/\\\/djabe.hu\\\/uzlet\\\/djabe-special-guest-steve-hackett-in-the-footsteps-of-attila-and-genghis-2022-extended-edition\\\/#primaryimage\",\"url\":\"https:\\\/\\\/djabe.hu\\\/wp-content\\\/uploads\\\/2022\\\/05\\\/Djabe_In_the_footsteps_GR161_CD_mokup_2b_JO.png\",\"contentUrl\":\"https:\\\/\\\/djabe.hu\\\/wp-content\\\/uploads\\\/2022\\\/05\\\/Djabe_In_the_footsteps_GR161_CD_mokup_2b_JO.png\",\"width\":2000,\"height\":2000},{\"@type\":\"BreadcrumbList\",\"@id\":\"https:\\\/\\\/djabe.hu\\\/uzlet\\\/djabe-special-guest-steve-hackett-in-the-footsteps-of-attila-and-genghis-2022-extended-edition\\\/#breadcrumb\",\"itemListElement\":[{\"@type\":\"ListItem\",\"position\":1,\"name\":\"Home\",\"item\":\"https:\\\/\\\/djabe.hu\\\/en\\\/\"},{\"@type\":\"ListItem\",\"position\":2,\"name\":\"\u00c1ruh\u00e1z\",\"item\":\"https:\\\/\\\/djabe.hu\\\/uzlet\\\/\"},{\"@type\":\"ListItem\",\"position\":3,\"name\":\"[:hu]Djabe special guest Steve Hackett: In The Footsteps Of Attila and Genghis \u2013 2022 kib\u0151v\u00edtett kiad\u00e1s[:en]Djabe special guest Steve Hackett: In The Footsteps Of Attila and Genghis \u2013 2022 extended edition[:]\"}]},{\"@type\":\"WebSite\",\"@id\":\"https:\\\/\\\/djabe.hu\\\/en\\\/#website\",\"url\":\"https:\\\/\\\/djabe.hu\\\/en\\\/\",\"name\":\"Djabe\",\"description\":\"Official site\",\"potentialAction\":[{\"@type\":\"SearchAction\",\"target\":{\"@type\":\"EntryPoint\",\"urlTemplate\":\"https:\\\/\\\/djabe.hu\\\/en\\\/?s={search_term_string}\"},\"query-input\":{\"@type\":\"PropertyValueSpecification\",\"valueRequired\":true,\"valueName\":\"search_term_string\"}}],\"inLanguage\":\"en-US\"}]}<\/script>\n<!-- \/ Yoast SEO plugin. -->","yoast_head_json":{"title":"Djabe special guest Steve Hackett: In The Footsteps Of Attila and Genghis \u2013 2022 extended edition - Djabe","description":"Djabe released their first CD in November 1996.On the occasion of its 25th anniversary, the band will surprise fans with a 3-disc expanded reissue.The first Djabe album, recorded between June 1995 and September 1996, was already noticed by both the audience and the professional scene. It was created by the two founders of Djabe, percussionist Andr\u00e1s Sipos (1954 - 2007) and guitarist Attila \u00c9gerh\u00e1zi. They were joined by Tibor Karvaly, a violinist from the former Novus Jam band of \u00c9gerh\u00e1zi and Sipos, for the recordings. Among the invited musicians were Ferenc Muck saxophonist, bassist Tam\u00e1s Barab\u00e1s and trumpet and violin player Ferenc Kov\u00e1cs.","robots":{"index":"index","follow":"follow","max-snippet":"max-snippet:-1","max-image-preview":"max-image-preview:large","max-video-preview":"max-video-preview:-1"},"canonical":"https:\/\/djabe.hu\/uzlet\/djabe-special-guest-steve-hackett-in-the-footsteps-of-attila-and-genghis-2022-extended-edition\/","og_locale":"en_US","og_type":"article","og_title":"Djabe special guest Steve Hackett: In The Footsteps Of Attila and Genghis \u2013 2022 extended edition","og_description":"{:en}Djabe released their first CD in November 1996.On the occasion of its 25th anniversary, the band will surprise fans with a 3-disc expanded reissue.The first Djabe album, recorded between June 1995 and September 1996, was already noticed by both the audience and the professional scene. It was created by the two founders of Djabe, percussionist Andr\u00e1s Sipos (1954 - 2007) and guitarist Attila \u00c9gerh\u00e1zi. They were joined by Tibor Karvaly, a violinist from the former Novus Jam band of \u00c9gerh\u00e1zi and Sipos, for the recordings. Among the invited musicians were Ferenc Muck saxophonist, bassist Tam\u00e1s Barab\u00e1s and trumpet and violin player Ferenc Kov\u00e1cs.{:}","og_url":"https:\/\/djabe.hu\/uzlet\/djabe-special-guest-steve-hackett-in-the-footsteps-of-attila-and-genghis-2022-extended-edition\/","og_site_name":"Djabe","article_modified_time":"2025-11-18T10:28:15+00:00","og_image":[{"width":1024,"height":534,"url":"https:\/\/djabe.hu\/wp-content\/uploads\/2022\/05\/Djabe_In_the_footsteps_GR161_CD_mokup_2-1024x534.png","type":"image\/png"}],"twitter_card":"summary_large_image","twitter_title":"Djabe special guest Steve Hackett: In The Footsteps Of Attila and Genghis \u2013 2022 extended edition","twitter_image":"https:\/\/djabe.hu\/wp-content\/uploads\/2022\/05\/Djabe_In_the_footsteps_GR161_CD_mokup_2.png","twitter_misc":{"Est. reading time":"3 minutes"},"schema":{"@context":"https:\/\/schema.org","@graph":[{"@type":"WebPage","@id":"https:\/\/djabe.hu\/uzlet\/djabe-special-guest-steve-hackett-in-the-footsteps-of-attila-and-genghis-2022-extended-edition\/","url":"https:\/\/djabe.hu\/uzlet\/djabe-special-guest-steve-hackett-in-the-footsteps-of-attila-and-genghis-2022-extended-edition\/","name":"Djabe special guest Steve Hackett: In The Footsteps Of Attila and Genghis \u2013 2022 extended edition - Djabe","isPartOf":{"@id":"https:\/\/djabe.hu\/en\/#website"},"primaryImageOfPage":{"@id":"https:\/\/djabe.hu\/uzlet\/djabe-special-guest-steve-hackett-in-the-footsteps-of-attila-and-genghis-2022-extended-edition\/#primaryimage"},"image":{"@id":"https:\/\/djabe.hu\/uzlet\/djabe-special-guest-steve-hackett-in-the-footsteps-of-attila-and-genghis-2022-extended-edition\/#primaryimage"},"thumbnailUrl":"https:\/\/djabe.hu\/wp-content\/uploads\/2022\/05\/Djabe_In_the_footsteps_GR161_CD_mokup_2b_JO.png","datePublished":"2022-05-26T12:04:15+00:00","dateModified":"2025-11-18T10:28:15+00:00","description":"{:en}Djabe released their first CD in November 1996.On the occasion of its 25th anniversary, the band will surprise fans with a 3-disc expanded reissue.The first Djabe album, recorded between June 1995 and September 1996, was already noticed by both the audience and the professional scene. It was created by the two founders of Djabe, percussionist Andr\u00e1s Sipos (1954 - 2007) and guitarist Attila \u00c9gerh\u00e1zi. They were joined by Tibor Karvaly, a violinist from the former Novus Jam band of \u00c9gerh\u00e1zi and Sipos, for the recordings. Among the invited musicians were Ferenc Muck saxophonist, bassist Tam\u00e1s Barab\u00e1s and trumpet and violin player Ferenc Kov\u00e1cs.{:}","breadcrumb":{"@id":"https:\/\/djabe.hu\/uzlet\/djabe-special-guest-steve-hackett-in-the-footsteps-of-attila-and-genghis-2022-extended-edition\/#breadcrumb"},"inLanguage":"en-US","potentialAction":[{"@type":"ReadAction","target":["https:\/\/djabe.hu\/uzlet\/djabe-special-guest-steve-hackett-in-the-footsteps-of-attila-and-genghis-2022-extended-edition\/"]}]},{"@type":"ImageObject","inLanguage":"en-US","@id":"https:\/\/djabe.hu\/uzlet\/djabe-special-guest-steve-hackett-in-the-footsteps-of-attila-and-genghis-2022-extended-edition\/#primaryimage","url":"https:\/\/djabe.hu\/wp-content\/uploads\/2022\/05\/Djabe_In_the_footsteps_GR161_CD_mokup_2b_JO.png","contentUrl":"https:\/\/djabe.hu\/wp-content\/uploads\/2022\/05\/Djabe_In_the_footsteps_GR161_CD_mokup_2b_JO.png","width":2000,"height":2000},{"@type":"BreadcrumbList","@id":"https:\/\/djabe.hu\/uzlet\/djabe-special-guest-steve-hackett-in-the-footsteps-of-attila-and-genghis-2022-extended-edition\/#breadcrumb","itemListElement":[{"@type":"ListItem","position":1,"name":"Home","item":"https:\/\/djabe.hu\/en\/"},{"@type":"ListItem","position":2,"name":"\u00c1ruh\u00e1z","item":"https:\/\/djabe.hu\/uzlet\/"},{"@type":"ListItem","position":3,"name":"[:hu]Djabe special guest Steve Hackett: In The Footsteps Of Attila and Genghis \u2013 2022 kib\u0151v\u00edtett kiad\u00e1s[:en]Djabe special guest Steve Hackett: In The Footsteps Of Attila and Genghis \u2013 2022 extended edition[:]"}]},{"@type":"WebSite","@id":"https:\/\/djabe.hu\/en\/#website","url":"https:\/\/djabe.hu\/en\/","name":"Djabe","description":"Official site","potentialAction":[{"@type":"SearchAction","target":{"@type":"EntryPoint","urlTemplate":"https:\/\/djabe.hu\/en\/?s={search_term_string}"},"query-input":{"@type":"PropertyValueSpecification","valueRequired":true,"valueName":"search_term_string"}}],"inLanguage":"en-US"}]}},"jetpack_sharing_enabled":true,"_links":{"self":[{"href":"https:\/\/djabe.hu\/en\/wp-json\/wp\/v2\/product\/9190","targetHints":{"allow":["GET"]}}],"collection":[{"href":"https:\/\/djabe.hu\/en\/wp-json\/wp\/v2\/product"}],"about":[{"href":"https:\/\/djabe.hu\/en\/wp-json\/wp\/v2\/types\/product"}],"wp:featuredmedia":[{"embeddable":true,"href":"https:\/\/djabe.hu\/en\/wp-json\/wp\/v2\/media\/9200"}],"wp:attachment":[{"href":"https:\/\/djabe.hu\/en\/wp-json\/wp\/v2\/media?parent=9190"}],"wp:term":[{"taxonomy":"product_brand","embeddable":true,"href":"https:\/\/djabe.hu\/en\/wp-json\/wp\/v2\/product_brand?post=9190"},{"taxonomy":"product_cat","embeddable":true,"href":"https:\/\/djabe.hu\/en\/wp-json\/wp\/v2\/product_cat?post=9190"},{"taxonomy":"product_tag","embeddable":true,"href":"https:\/\/djabe.hu\/en\/wp-json\/wp\/v2\/product_tag?post=9190"}],"curies":[{"name":"wp","href":"https:\/\/api.w.org\/{rel}","templated":true}]}}