{"id":9150,"date":"2022-04-26T14:13:38","date_gmt":"2022-04-26T13:13:38","guid":{"rendered":"https:\/\/djabe.hu\/?post_type=product&#038;p=9150"},"modified":"2026-04-08T15:31:35","modified_gmt":"2026-04-08T14:31:35","slug":"djabe-witchi-tai-to-live-2019-quality-vinyl-projects-180-gr-black-vinyl-lp-gr-155-1","status":"publish","type":"product","link":"https:\/\/djabe.hu\/en\/uzlet\/djabe-witchi-tai-to-live-2019-quality-vinyl-projects-180-gr-black-vinyl-lp-gr-155-1\/","title":{"rendered":"Djabe: Witchi Tai To Live 2019 Quality Vinyl Projects, 180 gr black vinyl LP \u2013 GR-155-1"},"content":{"rendered":"<p><\/p>\n<h3>Release date: 23 April 2022, Record Store Day<\/h3>\n<p>Djabe held a surprising premiere concert on March 20, 2019. They played their 1998 Witchi Tai To album, because a remixed and remastered, double vinyl version was released, earlier in 2018, for the album\u2019s 20th anniversary. The record was cut at half-speed at the Abbey Road Studios in London from brand new analogue master tapes. The lacquer master discs were cut by the world-famous Miles Showell. The 45 RPM vinyl record was unveiled, with great success, at the 2018 Budapest Hi-Fi Show.<\/p>\n<p>Witchi Tai To is one of the band\u2019s most successful albums to date. Simultaneously with its appearance, Djabe exploded into Hungarian music life. In addition to success among the audience, the original double CD and single LP also received the Golden Giraffe Award from the Association of Hungarian Record Publishers as World Music album of the year. The second disc of the dual CD contained multimedia content for computer playback, created by the interactive division of Abbey Road Studios. This happened to be a world novelty then.<\/p>\n<p>Tam\u00e1s Barab\u00e1s, who recorded the album, remixed Witchi Tai To in 2014 using the original multitrack tapes, and also created a surround mix for the release of the DVD-Audio. A year later, the Djabe: Witchi Tai To mediabook was released, which included the 2014 remixed audio on CD and DVD-Audio in the form of an LP-sized 64-page book. In addition to these, a full CD of extra remixes, concert and rehearsal recordings were included in the book, as well as a DVD of the Witchi Tai To Tour concert film, previously released on VHS tape, recorded at the 1998 tour, with plenty of visual extras.<\/p>\n<p>And for the 20th anniversary, a new double LP was released. Encouraged by the success of the release, Djabe organized a premiere concert at MOMKult. Ferenc Muck, from the original line-up, was called on stage, and Andr\u00e1s Sipos walso appeared, through video recordings.<br \/>\nThe 1998 big hits Coffee Break, Djabe and Visions were also performed at the concert. And with the premiere of Early Mornig, there was a composition that the band never played live, not even on the 1998 debut tour.<\/p>\n<p>In the second half of the concert, after the introduction of the Witchi Tai To album, the band played from the then current Flow album, in which Ferenc Muck also participated.<\/p>\n<p>Ferenc Muck &#8211; saxophone<br \/>\nAndr\u00e1s Sipos &#8211; vocal, percussion (from video recordings)<br \/>\nAttila \u00c9gerh\u00e1zi &#8211; guitar, percussion, vocal<br \/>\nTam\u00e1s Barab\u00e1s &#8211; bass guitar, double bass<br \/>\n\u00c1ron Ko\u00f3s-Hut\u00e1s &#8211; trumpet, flugelhorn<br \/>\nP\u00e9ter Kasz\u00e1s &#8211; drums, vocal<br \/>\nJ\u00e1nos Nagy &#8211; keyboards<\/p>\n<p style=\"text-align: center;\"><div class='content-column one_half'><h2 style=\"text-align: center;\">Side A<\/h2>\n<p style=\"text-align: center;\">1. Visions 4:04<br \/>\n2. Djabe 2:46<br \/>\n3. Early Morning Snow 8:20<br \/>\n4. Coffee Break 6:56<br \/>\n5. Gallop 3:49<br \/>\n24:57<\/p>\n<p style=\"text-align: center;\"><\/div>\n<p style=\"text-align: center;\"><div class='content-column one_half last_column'><h2 style=\"text-align: center;\">Side B<\/h2>\n<p style=\"text-align: center;\">1. Venezia 0:58<br \/>\n2. Witchi Tai To 7:22<br \/>\n3. Curved Mirror 5:19<br \/>\n4. Another Dive 6:21<br \/>\n5. Final Word 4:48<br \/>\n24:48<\/p><\/div><div class='clear_column'><\/div>\n<p><iframe loading=\"lazy\" title=\"Djabe: Coffee Break live 2019\" width=\"900\" height=\"506\" src=\"https:\/\/www.youtube.com\/embed\/zEPNkXYF20c?feature=oembed\" frameborder=\"0\" allow=\"accelerometer; autoplay; clipboard-write; encrypted-media; gyroscope; picture-in-picture; web-share\" referrerpolicy=\"strict-origin-when-cross-origin\" allowfullscreen><\/iframe><\/p>\n<p><iframe loading=\"lazy\" title=\"Djabe: Final Word\" width=\"900\" height=\"506\" src=\"https:\/\/www.youtube.com\/embed\/6_4X1e6nr1o?feature=oembed\" frameborder=\"0\" allow=\"accelerometer; autoplay; clipboard-write; encrypted-media; gyroscope; picture-in-picture; web-share\" referrerpolicy=\"strict-origin-when-cross-origin\" allowfullscreen><\/iframe><\/p>\n<p><iframe loading=\"lazy\" title=\"Djabe: Early Morning Snow\" width=\"900\" height=\"506\" src=\"https:\/\/www.youtube.com\/embed\/N8BXtxETlYQ?feature=oembed\" frameborder=\"0\" allow=\"accelerometer; autoplay; clipboard-write; encrypted-media; gyroscope; picture-in-picture; web-share\" referrerpolicy=\"strict-origin-when-cross-origin\" allowfullscreen><\/iframe><\/p>\n<p>https:\/\/www.youtube.com\/watch?v=AyN4IqVSe4c<\/p>","protected":false},"excerpt":{"rendered":"<h3>Release date: 23 April 2022, Record Store Day<\/h3>\n","protected":false},"featured_media":9088,"template":"","meta":[],"product_brand":[],"product_cat":[40],"product_tag":[],"class_list":{"0":"post-9150","1":"product","2":"type-product","3":"status-publish","4":"has-post-thumbnail","6":"product_cat-lp","7":"repupress_customize_woocommerce_productom_class","9":"first","10":"instock","11":"shipping-taxable","12":"purchasable","13":"product-type-simple"},"yoast_head":"<!-- This site is optimized with the Yoast SEO plugin v27.4 - https:\/\/yoast.com\/product\/yoast-seo-wordpress\/ -->\n<title>Djabe: Witchi Tai To Live 2019 Quality Vinyl Projects, 180 gr black vinyl LP \u2013 GR-155-1 - Djabe<\/title>\n<meta name=\"description\" content=\"Witchi Tai To is one of the band\u2019s most successful albums to date. Simultaneously with its appearance, Djabe exploded into Hungarian music life. In addition to success among the audience, the original double CD and single LP also received the Golden Giraffe Award from the Association of Hungarian Record Publishers as World Music album of the year. The second disc of the dual CD contained multimedia content for computer playback, created by the interactive division of Abbey Road Studios. This happened to be a world novelty then.\" \/>\n<meta name=\"robots\" content=\"index, follow, max-snippet:-1, max-image-preview:large, max-video-preview:-1\" \/>\n<link rel=\"canonical\" href=\"https:\/\/djabe.hu\/uzlet\/djabe-witchi-tai-to-live-2019-quality-vinyl-projects-180-gr-black-vinyl-lp-gr-155-1\/\" \/>\n<meta property=\"og:locale\" content=\"en_US\" \/>\n<meta property=\"og:type\" content=\"article\" \/>\n<meta property=\"og:title\" content=\"Djabe: Witchi Tai To Live 2019 Quality Vinyl Projects, 180 gr black vinyl LP \u2013 GR-155-1\" \/>\n<meta property=\"og:description\" content=\"{:en}Witchi Tai To is one of the band\u2019s most successful albums to date. Simultaneously with its appearance, Djabe exploded into Hungarian music life. In addition to success among the audience, the original double CD and single LP also received the Golden Giraffe Award from the Association of Hungarian Record Publishers as World Music album of the year. The second disc of the dual CD contained multimedia content for computer playback, created by the interactive division of Abbey Road Studios. This happened to be a world novelty then.{:}\" \/>\n<meta property=\"og:url\" content=\"https:\/\/djabe.hu\/uzlet\/djabe-witchi-tai-to-live-2019-quality-vinyl-projects-180-gr-black-vinyl-lp-gr-155-1\/\" \/>\n<meta property=\"og:site_name\" content=\"Djabe\" \/>\n<meta property=\"article:modified_time\" content=\"2026-04-08T14:31:35+00:00\" \/>\n<meta property=\"og:image\" content=\"https:\/\/djabe.hu\/wp-content\/uploads\/2022\/02\/Djabe_WTT_Live_2019_LP_Mockup_3.png\" \/>\n\t<meta property=\"og:image:width\" content=\"1267\" \/>\n\t<meta property=\"og:image:height\" content=\"1267\" \/>\n\t<meta property=\"og:image:type\" content=\"image\/png\" \/>\n<meta name=\"twitter:card\" content=\"summary_large_image\" \/>\n<meta name=\"twitter:title\" content=\"Djabe: Witchi Tai To Live 2019 Quality Vinyl Projects, 180 gr black vinyl LP \u2013 GR-155-1\" \/>\n<meta name=\"twitter:image\" content=\"https:\/\/djabe.hu\/wp-content\/uploads\/2022\/02\/Djabe_WTT_Live_2019_LP_Mockup_3.png\" \/>\n<meta name=\"twitter:label1\" content=\"Est. reading time\" \/>\n\t<meta name=\"twitter:data1\" content=\"3 minutes\" \/>\n<script type=\"application\/ld+json\" class=\"yoast-schema-graph\">{\"@context\":\"https:\\\/\\\/schema.org\",\"@graph\":[{\"@type\":\"WebPage\",\"@id\":\"https:\\\/\\\/djabe.hu\\\/uzlet\\\/djabe-witchi-tai-to-live-2019-quality-vinyl-projects-180-gr-black-vinyl-lp-gr-155-1\\\/\",\"url\":\"https:\\\/\\\/djabe.hu\\\/uzlet\\\/djabe-witchi-tai-to-live-2019-quality-vinyl-projects-180-gr-black-vinyl-lp-gr-155-1\\\/\",\"name\":\"Djabe: Witchi Tai To Live 2019 Quality Vinyl Projects, 180 gr black vinyl LP \u2013 GR-155-1 - Djabe\",\"isPartOf\":{\"@id\":\"https:\\\/\\\/djabe.hu\\\/en\\\/#website\"},\"primaryImageOfPage\":{\"@id\":\"https:\\\/\\\/djabe.hu\\\/uzlet\\\/djabe-witchi-tai-to-live-2019-quality-vinyl-projects-180-gr-black-vinyl-lp-gr-155-1\\\/#primaryimage\"},\"image\":{\"@id\":\"https:\\\/\\\/djabe.hu\\\/uzlet\\\/djabe-witchi-tai-to-live-2019-quality-vinyl-projects-180-gr-black-vinyl-lp-gr-155-1\\\/#primaryimage\"},\"thumbnailUrl\":\"https:\\\/\\\/djabe.hu\\\/wp-content\\\/uploads\\\/2022\\\/02\\\/Djabe_WTT_Live_2019_LP_Mockup_3.png\",\"datePublished\":\"2022-04-26T13:13:38+00:00\",\"dateModified\":\"2026-04-08T14:31:35+00:00\",\"description\":\"{:en}Witchi Tai To is one of the band\u2019s most successful albums to date. Simultaneously with its appearance, Djabe exploded into Hungarian music life. In addition to success among the audience, the original double CD and single LP also received the Golden Giraffe Award from the Association of Hungarian Record Publishers as World Music album of the year. The second disc of the dual CD contained multimedia content for computer playback, created by the interactive division of Abbey Road Studios. This happened to be a world novelty then.{:}\",\"breadcrumb\":{\"@id\":\"https:\\\/\\\/djabe.hu\\\/uzlet\\\/djabe-witchi-tai-to-live-2019-quality-vinyl-projects-180-gr-black-vinyl-lp-gr-155-1\\\/#breadcrumb\"},\"inLanguage\":\"en-US\",\"potentialAction\":[{\"@type\":\"ReadAction\",\"target\":[\"https:\\\/\\\/djabe.hu\\\/uzlet\\\/djabe-witchi-tai-to-live-2019-quality-vinyl-projects-180-gr-black-vinyl-lp-gr-155-1\\\/\"]}]},{\"@type\":\"ImageObject\",\"inLanguage\":\"en-US\",\"@id\":\"https:\\\/\\\/djabe.hu\\\/uzlet\\\/djabe-witchi-tai-to-live-2019-quality-vinyl-projects-180-gr-black-vinyl-lp-gr-155-1\\\/#primaryimage\",\"url\":\"https:\\\/\\\/djabe.hu\\\/wp-content\\\/uploads\\\/2022\\\/02\\\/Djabe_WTT_Live_2019_LP_Mockup_3.png\",\"contentUrl\":\"https:\\\/\\\/djabe.hu\\\/wp-content\\\/uploads\\\/2022\\\/02\\\/Djabe_WTT_Live_2019_LP_Mockup_3.png\",\"width\":1267,\"height\":1267},{\"@type\":\"BreadcrumbList\",\"@id\":\"https:\\\/\\\/djabe.hu\\\/uzlet\\\/djabe-witchi-tai-to-live-2019-quality-vinyl-projects-180-gr-black-vinyl-lp-gr-155-1\\\/#breadcrumb\",\"itemListElement\":[{\"@type\":\"ListItem\",\"position\":1,\"name\":\"Home\",\"item\":\"https:\\\/\\\/djabe.hu\\\/en\\\/\"},{\"@type\":\"ListItem\",\"position\":2,\"name\":\"\u00c1ruh\u00e1z\",\"item\":\"https:\\\/\\\/djabe.hu\\\/uzlet\\\/\"},{\"@type\":\"ListItem\",\"position\":3,\"name\":\"Djabe: Witchi Tai To Live 2019 Quality Vinyl Projects, 180 gr black vinyl LP \u2013 GR-155-1\"}]},{\"@type\":\"WebSite\",\"@id\":\"https:\\\/\\\/djabe.hu\\\/en\\\/#website\",\"url\":\"https:\\\/\\\/djabe.hu\\\/en\\\/\",\"name\":\"Djabe\",\"description\":\"Official site\",\"potentialAction\":[{\"@type\":\"SearchAction\",\"target\":{\"@type\":\"EntryPoint\",\"urlTemplate\":\"https:\\\/\\\/djabe.hu\\\/en\\\/?s={search_term_string}\"},\"query-input\":{\"@type\":\"PropertyValueSpecification\",\"valueRequired\":true,\"valueName\":\"search_term_string\"}}],\"inLanguage\":\"en-US\"}]}<\/script>\n<!-- \/ Yoast SEO plugin. -->","yoast_head_json":{"title":"Djabe: Witchi Tai To Live 2019 Quality Vinyl Projects, 180 gr black vinyl LP \u2013 GR-155-1 - Djabe","description":"Witchi Tai To is one of the band\u2019s most successful albums to date. Simultaneously with its appearance, Djabe exploded into Hungarian music life. In addition to success among the audience, the original double CD and single LP also received the Golden Giraffe Award from the Association of Hungarian Record Publishers as World Music album of the year. The second disc of the dual CD contained multimedia content for computer playback, created by the interactive division of Abbey Road Studios. This happened to be a world novelty then.","robots":{"index":"index","follow":"follow","max-snippet":"max-snippet:-1","max-image-preview":"max-image-preview:large","max-video-preview":"max-video-preview:-1"},"canonical":"https:\/\/djabe.hu\/uzlet\/djabe-witchi-tai-to-live-2019-quality-vinyl-projects-180-gr-black-vinyl-lp-gr-155-1\/","og_locale":"en_US","og_type":"article","og_title":"Djabe: Witchi Tai To Live 2019 Quality Vinyl Projects, 180 gr black vinyl LP \u2013 GR-155-1","og_description":"{:en}Witchi Tai To is one of the band\u2019s most successful albums to date. Simultaneously with its appearance, Djabe exploded into Hungarian music life. In addition to success among the audience, the original double CD and single LP also received the Golden Giraffe Award from the Association of Hungarian Record Publishers as World Music album of the year. The second disc of the dual CD contained multimedia content for computer playback, created by the interactive division of Abbey Road Studios. This happened to be a world novelty then.{:}","og_url":"https:\/\/djabe.hu\/uzlet\/djabe-witchi-tai-to-live-2019-quality-vinyl-projects-180-gr-black-vinyl-lp-gr-155-1\/","og_site_name":"Djabe","article_modified_time":"2026-04-08T14:31:35+00:00","og_image":[{"width":1267,"height":1267,"url":"https:\/\/djabe.hu\/wp-content\/uploads\/2022\/02\/Djabe_WTT_Live_2019_LP_Mockup_3.png","type":"image\/png"}],"twitter_card":"summary_large_image","twitter_title":"Djabe: Witchi Tai To Live 2019 Quality Vinyl Projects, 180 gr black vinyl LP \u2013 GR-155-1","twitter_image":"https:\/\/djabe.hu\/wp-content\/uploads\/2022\/02\/Djabe_WTT_Live_2019_LP_Mockup_3.png","twitter_misc":{"Est. reading time":"3 minutes"},"schema":{"@context":"https:\/\/schema.org","@graph":[{"@type":"WebPage","@id":"https:\/\/djabe.hu\/uzlet\/djabe-witchi-tai-to-live-2019-quality-vinyl-projects-180-gr-black-vinyl-lp-gr-155-1\/","url":"https:\/\/djabe.hu\/uzlet\/djabe-witchi-tai-to-live-2019-quality-vinyl-projects-180-gr-black-vinyl-lp-gr-155-1\/","name":"Djabe: Witchi Tai To Live 2019 Quality Vinyl Projects, 180 gr black vinyl LP \u2013 GR-155-1 - Djabe","isPartOf":{"@id":"https:\/\/djabe.hu\/en\/#website"},"primaryImageOfPage":{"@id":"https:\/\/djabe.hu\/uzlet\/djabe-witchi-tai-to-live-2019-quality-vinyl-projects-180-gr-black-vinyl-lp-gr-155-1\/#primaryimage"},"image":{"@id":"https:\/\/djabe.hu\/uzlet\/djabe-witchi-tai-to-live-2019-quality-vinyl-projects-180-gr-black-vinyl-lp-gr-155-1\/#primaryimage"},"thumbnailUrl":"https:\/\/djabe.hu\/wp-content\/uploads\/2022\/02\/Djabe_WTT_Live_2019_LP_Mockup_3.png","datePublished":"2022-04-26T13:13:38+00:00","dateModified":"2026-04-08T14:31:35+00:00","description":"{:en}Witchi Tai To is one of the band\u2019s most successful albums to date. Simultaneously with its appearance, Djabe exploded into Hungarian music life. In addition to success among the audience, the original double CD and single LP also received the Golden Giraffe Award from the Association of Hungarian Record Publishers as World Music album of the year. The second disc of the dual CD contained multimedia content for computer playback, created by the interactive division of Abbey Road Studios. This happened to be a world novelty then.{:}","breadcrumb":{"@id":"https:\/\/djabe.hu\/uzlet\/djabe-witchi-tai-to-live-2019-quality-vinyl-projects-180-gr-black-vinyl-lp-gr-155-1\/#breadcrumb"},"inLanguage":"en-US","potentialAction":[{"@type":"ReadAction","target":["https:\/\/djabe.hu\/uzlet\/djabe-witchi-tai-to-live-2019-quality-vinyl-projects-180-gr-black-vinyl-lp-gr-155-1\/"]}]},{"@type":"ImageObject","inLanguage":"en-US","@id":"https:\/\/djabe.hu\/uzlet\/djabe-witchi-tai-to-live-2019-quality-vinyl-projects-180-gr-black-vinyl-lp-gr-155-1\/#primaryimage","url":"https:\/\/djabe.hu\/wp-content\/uploads\/2022\/02\/Djabe_WTT_Live_2019_LP_Mockup_3.png","contentUrl":"https:\/\/djabe.hu\/wp-content\/uploads\/2022\/02\/Djabe_WTT_Live_2019_LP_Mockup_3.png","width":1267,"height":1267},{"@type":"BreadcrumbList","@id":"https:\/\/djabe.hu\/uzlet\/djabe-witchi-tai-to-live-2019-quality-vinyl-projects-180-gr-black-vinyl-lp-gr-155-1\/#breadcrumb","itemListElement":[{"@type":"ListItem","position":1,"name":"Home","item":"https:\/\/djabe.hu\/en\/"},{"@type":"ListItem","position":2,"name":"\u00c1ruh\u00e1z","item":"https:\/\/djabe.hu\/uzlet\/"},{"@type":"ListItem","position":3,"name":"Djabe: Witchi Tai To Live 2019 Quality Vinyl Projects, 180 gr black vinyl LP \u2013 GR-155-1"}]},{"@type":"WebSite","@id":"https:\/\/djabe.hu\/en\/#website","url":"https:\/\/djabe.hu\/en\/","name":"Djabe","description":"Official site","potentialAction":[{"@type":"SearchAction","target":{"@type":"EntryPoint","urlTemplate":"https:\/\/djabe.hu\/en\/?s={search_term_string}"},"query-input":{"@type":"PropertyValueSpecification","valueRequired":true,"valueName":"search_term_string"}}],"inLanguage":"en-US"}]}},"jetpack_sharing_enabled":true,"_links":{"self":[{"href":"https:\/\/djabe.hu\/en\/wp-json\/wp\/v2\/product\/9150","targetHints":{"allow":["GET"]}}],"collection":[{"href":"https:\/\/djabe.hu\/en\/wp-json\/wp\/v2\/product"}],"about":[{"href":"https:\/\/djabe.hu\/en\/wp-json\/wp\/v2\/types\/product"}],"wp:featuredmedia":[{"embeddable":true,"href":"https:\/\/djabe.hu\/en\/wp-json\/wp\/v2\/media\/9088"}],"wp:attachment":[{"href":"https:\/\/djabe.hu\/en\/wp-json\/wp\/v2\/media?parent=9150"}],"wp:term":[{"taxonomy":"product_brand","embeddable":true,"href":"https:\/\/djabe.hu\/en\/wp-json\/wp\/v2\/product_brand?post=9150"},{"taxonomy":"product_cat","embeddable":true,"href":"https:\/\/djabe.hu\/en\/wp-json\/wp\/v2\/product_cat?post=9150"},{"taxonomy":"product_tag","embeddable":true,"href":"https:\/\/djabe.hu\/en\/wp-json\/wp\/v2\/product_tag?post=9150"}],"curies":[{"name":"wp","href":"https:\/\/api.w.org\/{rel}","templated":true}]}}