{"id":9089,"date":"2022-02-23T11:41:05","date_gmt":"2022-02-23T10:41:05","guid":{"rendered":"https:\/\/djabe.hu\/?post_type=product&#038;p=9089"},"modified":"2026-04-08T15:31:58","modified_gmt":"2026-04-08T14:31:58","slug":"djabe-witchi-tai-to-live-2019-cd-dvd-gr-155","status":"publish","type":"product","link":"https:\/\/djabe.hu\/en\/uzlet\/djabe-witchi-tai-to-live-2019-cd-dvd-gr-155\/","title":{"rendered":"Djabe: Witchi Tai To Live 2019 CD\/DVD \u2013 GR-155"},"content":{"rendered":"<p><\/p>\n<h3>Release date: 3 March, 2022<\/h3>\n<p>Djabe held a surprising premiere concert on March 20, 2019. They played their 1998 Witchi Tai To album, because a remixed and remastered, double vinyl version was released, earlier in 2018, for the album\u2019s 20th anniversary. The record was cut at half-speed at the Abbey Road Studios in London from brand new analogue master tapes. The lacquer master discs were cut by the world-famous Miles Showell. The 45 RPM vinyl record was unveiled, with great success, at the 2018 Budapest Hi-Fi Show.<\/p>\n<p>Witchi Tai To is one of the band\u2019s most successful albums to date. Simultaneously with its appearance, Djabe exploded into Hungarian music life. In addition to success among the audience, the original double CD and single LP also received the Golden Giraffe Award from the Association of Hungarian Record Publishers as World Music album of the year. The second disc of the dual CD contained multimedia content for computer playback, created by the interactive division of Abbey Road Studios. This happened to be a world novelty then.<\/p>\n<p>Tam\u00e1s Barab\u00e1s, who recorded the album, remixed Witchi Tai To in 2014 using the original multitrack tapes, and also created a surround mix for the release of the DVD-Audio. A year later, the Djabe: Witchi Tai To mediabook was released, which included the 2014 remixed audio on CD and DVD-Audio in the form of an LP-sized 64-page book. In addition to these, a full CD of extra remixes, concert and rehearsal recordings were included in the book, as well as a DVD of the Witchi Tai To Tour concert film, previously released on VHS tape, recorded at the 1998 tour, with plenty of visual extras.<\/p>\n<p>And for the 20th anniversary, a new double LP was released. Encouraged by the success of the release, Djabe organized a premiere concert at MOMKult. Ferenc Muck, from the original line-up, was called on stage, and Andr\u00e1s Sipos walso appeared, through video recordings.<br \/>\nThe 1998 big hits Coffee Break, Djabe and Visions were also performed at the concert. And with the premiere of Early Mornig, there was a composition that the band never played live, not even on the 1998 debut tour.<\/p>\n<p>In the second half of the concert, after the introduction of the Witchi Tai To album, the band played from the then current Flow album, in which Ferenc Muck also participated.<\/p>\n<p>Ferenc Muck &#8211; saxophone<br \/>\nAndr\u00e1s Sipos &#8211; vocal, percussion (recordings)<br \/>\nAttila \u00c9gerh\u00e1zi &#8211; guitar, percussion, vocal<br \/>\nTam\u00e1s Barab\u00e1s &#8211; bass guitar, double bass<br \/>\n\u00c1ron Ko\u00f3s-Hut\u00e1s &#8211; trumpet, flugelhorn<br \/>\nP\u00e9ter Kasz\u00e1s &#8211; drums, vocal<br \/>\nJ\u00e1nos Nagy &#8211; keyboards<\/p>\n<p><a href=\"https:\/\/djabe.hu\/wp-content\/uploads\/2022\/02\/WTTL_digipak_2_lemezes_v1_2.jpg\"><img loading=\"lazy\" decoding=\"async\" class=\"aligncenter wp-image-9107 size-full\" src=\"https:\/\/djabe.hu\/wp-content\/uploads\/2022\/02\/WTTL_digipak_2_lemezes_v1_2.jpg\" alt=\"\" width=\"1920\" height=\"1080\" srcset=\"https:\/\/djabe.hu\/wp-content\/uploads\/2022\/02\/WTTL_digipak_2_lemezes_v1_2.jpg 1920w, https:\/\/djabe.hu\/wp-content\/uploads\/2022\/02\/WTTL_digipak_2_lemezes_v1_2-300x169.jpg 300w, https:\/\/djabe.hu\/wp-content\/uploads\/2022\/02\/WTTL_digipak_2_lemezes_v1_2-1024x576.jpg 1024w, https:\/\/djabe.hu\/wp-content\/uploads\/2022\/02\/WTTL_digipak_2_lemezes_v1_2-768x432.jpg 768w, https:\/\/djabe.hu\/wp-content\/uploads\/2022\/02\/WTTL_digipak_2_lemezes_v1_2-1536x864.jpg 1536w, https:\/\/djabe.hu\/wp-content\/uploads\/2022\/02\/WTTL_digipak_2_lemezes_v1_2-600x338.jpg 600w\" sizes=\"auto, (max-width: 1920px) 100vw, 1920px\" \/><\/a><\/p>\n<h3><strong>Djabe: Witchi Tai To Live 2019<\/strong><\/h3>\n<h3><strong>GR1993 Records, CD+ DVD digipak \u2013 GR-155<\/strong><\/h3>\n<p>The CD is a 30 minute longer version compared to the LP, with a significant addition from the Flow album. The DVD is packed together with a CD that includes the entire concert in high definition stereo and surround sound. This is also interesting because the band also played live surround sound at the concert. The publication faithfully reproduces the sound the audience heard in the theater.<\/p>\n<p style=\"text-align: center;\"><div class='content-column one_half'><h2 style=\"text-align: center;\">DVD Part 1 | 45:44<\/h2>\n<p style=\"text-align: center;\">1. Visions<br \/>\n2. Djabe<br \/>\n3. Early Morning Snow<br \/>\n4. Coffee Break<br \/>\n5. Tulanben<br \/>\n6. Gallop<br \/>\n7. Venezia<br \/>\n8. Witchi Tai To<br \/>\n9. Final World<\/p>\n<h2 style=\"text-align: center;\">DVD Part 2 | 54:06<\/h2>\n<p style=\"text-align: center;\">10. Flow<br \/>\n11. Another Dive<br \/>\n12. White Bears<br \/>\n13. Curved Mirror<br \/>\n14. Deep Lights<br \/>\n15. Message From 7759<br \/>\n16. Distant Dance<\/p>\n<p style=\"text-align: center;\"><\/div>\n<p style=\"text-align: center;\"><div class='content-column one_half last_column'><h2 style=\"text-align: center;\">CD | 78:22<\/h2>\n<p style=\"text-align: center;\">1. Visions<br \/>\n2. Djabe<br \/>\n3. Early Morning Snow<br \/>\n4. Coffee Break<br \/>\n5. Gallop<br \/>\n6. Venezia<br \/>\n7. Witchi Tai To<br \/>\n8. Final World<br \/>\n9. Another Dive<br \/>\n10. Curved Mirror<br \/>\n11. Deep Lights<br \/>\n12. Message From 7759<br \/>\n13. Distant Dance<\/p>\n<p style=\"text-align: center;\"><\/div><div class='clear_column'><\/div>\n<p><a href=\"https:\/\/djabe.hu\/wp-content\/uploads\/2022\/02\/WTTL_digipak_2_lemezes_v1_1.jpg\"><img loading=\"lazy\" decoding=\"async\" class=\"aligncenter size-full wp-image-9108\" src=\"https:\/\/djabe.hu\/wp-content\/uploads\/2022\/02\/WTTL_digipak_2_lemezes_v1_1.jpg\" alt=\"\" width=\"1920\" height=\"1080\" srcset=\"https:\/\/djabe.hu\/wp-content\/uploads\/2022\/02\/WTTL_digipak_2_lemezes_v1_1.jpg 1920w, https:\/\/djabe.hu\/wp-content\/uploads\/2022\/02\/WTTL_digipak_2_lemezes_v1_1-300x169.jpg 300w, https:\/\/djabe.hu\/wp-content\/uploads\/2022\/02\/WTTL_digipak_2_lemezes_v1_1-1024x576.jpg 1024w, https:\/\/djabe.hu\/wp-content\/uploads\/2022\/02\/WTTL_digipak_2_lemezes_v1_1-768x432.jpg 768w, https:\/\/djabe.hu\/wp-content\/uploads\/2022\/02\/WTTL_digipak_2_lemezes_v1_1-1536x864.jpg 1536w, https:\/\/djabe.hu\/wp-content\/uploads\/2022\/02\/WTTL_digipak_2_lemezes_v1_1-600x338.jpg 600w\" sizes=\"auto, (max-width: 1920px) 100vw, 1920px\" \/><\/a><\/p>\n<p style=\"text-align: left;\">The release of the album is scheduled by the band for April 23, 2022, the International Record Store Day, supporting record stores. The LP version can be purchased at the independent record stores involved in the initiative and will only be available later in the band\u2019s webshop and other store chains.<br \/>\nThe CD+DVD digipak album will also be available from April 23, but in addition to record stores, it can also be ordered from both the band&#8217;s and publisher&#8217;s<\/p>\n<p><iframe loading=\"lazy\" title=\"Djabe: Coffee Break live 2019\" width=\"900\" height=\"506\" src=\"https:\/\/www.youtube.com\/embed\/zEPNkXYF20c?feature=oembed\" frameborder=\"0\" allow=\"accelerometer; autoplay; clipboard-write; encrypted-media; gyroscope; picture-in-picture\" allowfullscreen><\/iframe><\/p>\n<p><iframe loading=\"lazy\" title=\"Djabe: Final Word\" width=\"900\" height=\"506\" src=\"https:\/\/www.youtube.com\/embed\/6_4X1e6nr1o?feature=oembed\" frameborder=\"0\" allow=\"accelerometer; autoplay; clipboard-write; encrypted-media; gyroscope; picture-in-picture\" allowfullscreen><\/iframe><\/p>\n<p style=\"text-align: center;\"><span style=\"color: #00ccff;\"><a style=\"color: #00ccff;\" href=\"https:\/\/rockinform.hu\/2022\/04\/29\/djabe-witchi-tai-to-live-2019\/\">Review by Joz\u00e9 Bese &#8211; rockinform.hu<\/a><\/span><\/p>\n<p><\/p>","protected":false},"excerpt":{"rendered":"<h2>Release date: 3 March, 2022<\/h2>\n","protected":false},"featured_media":9077,"template":"","meta":[],"product_brand":[],"product_cat":[38,41],"product_tag":[],"class_list":{"0":"post-9089","1":"product","2":"type-product","3":"status-publish","4":"has-post-thumbnail","6":"product_cat-cd","7":"product_cat-dvd","8":"repupress_customize_woocommerce_productom_class","10":"first","11":"instock","12":"shipping-taxable","13":"purchasable","14":"product-type-simple"},"yoast_head":"<!-- This site is optimized with the Yoast SEO plugin v27.4 - https:\/\/yoast.com\/product\/yoast-seo-wordpress\/ -->\n<title>Djabe: Witchi Tai To Live 2019 CD\/DVD \u2013 GR-155 - Djabe<\/title>\n<meta name=\"description\" content=\"Witchi Tai To is one of the band\u2019s most successful albums to date. Simultaneously with its appearance, Djabe exploded into Hungarian music life. In addition to success among the audience, the original double CD and single LP also received the Golden Giraffe Award from the Association of Hungarian Record Publishers as World Music album of the year. The second disc of the dual CD contained multimedia content for computer playback, created by the interactive division of Abbey Road Studios. This happened to be a world novelty then.\" \/>\n<meta name=\"robots\" content=\"index, follow, max-snippet:-1, max-image-preview:large, max-video-preview:-1\" \/>\n<link rel=\"canonical\" href=\"https:\/\/djabe.hu\/uzlet\/djabe-witchi-tai-to-live-2019-cd-dvd-gr-155\/\" \/>\n<meta property=\"og:locale\" content=\"en_US\" \/>\n<meta property=\"og:type\" content=\"article\" \/>\n<meta property=\"og:title\" content=\"Djabe: Witchi Tai To Live 2019 CD\/DVD \u2013 GR-155\" \/>\n<meta property=\"og:description\" content=\"{:en}Witchi Tai To is one of the band\u2019s most successful albums to date. Simultaneously with its appearance, Djabe exploded into Hungarian music life. In addition to success among the audience, the original double CD and single LP also received the Golden Giraffe Award from the Association of Hungarian Record Publishers as World Music album of the year. The second disc of the dual CD contained multimedia content for computer playback, created by the interactive division of Abbey Road Studios. This happened to be a world novelty then.{:}\" \/>\n<meta property=\"og:url\" content=\"https:\/\/djabe.hu\/uzlet\/djabe-witchi-tai-to-live-2019-cd-dvd-gr-155\/\" \/>\n<meta property=\"og:site_name\" content=\"Djabe\" \/>\n<meta property=\"article:modified_time\" content=\"2026-04-08T14:31:58+00:00\" \/>\n<meta property=\"og:image\" content=\"https:\/\/djabe.hu\/wp-content\/uploads\/2022\/02\/Djabe_WTT_Live_2019_CD_DVD_1.jpg\" \/>\n\t<meta property=\"og:image:width\" content=\"2269\" \/>\n\t<meta property=\"og:image:height\" content=\"2033\" \/>\n\t<meta property=\"og:image:type\" content=\"image\/jpeg\" \/>\n<meta name=\"twitter:card\" content=\"summary_large_image\" \/>\n<meta name=\"twitter:title\" content=\"Djabe: Witchi Tai To Live 2019 CD\/DVD \u2013 GR-155\" \/>\n<meta name=\"twitter:image\" content=\"https:\/\/djabe.hu\/wp-content\/uploads\/2022\/02\/Djabe_WTT_Live_2019_CD_DVD_1.jpg\" \/>\n<meta name=\"twitter:label1\" content=\"Est. reading time\" \/>\n\t<meta name=\"twitter:data1\" content=\"4 minutes\" \/>\n<script type=\"application\/ld+json\" class=\"yoast-schema-graph\">{\"@context\":\"https:\\\/\\\/schema.org\",\"@graph\":[{\"@type\":\"WebPage\",\"@id\":\"https:\\\/\\\/djabe.hu\\\/uzlet\\\/djabe-witchi-tai-to-live-2019-cd-dvd-gr-155\\\/\",\"url\":\"https:\\\/\\\/djabe.hu\\\/uzlet\\\/djabe-witchi-tai-to-live-2019-cd-dvd-gr-155\\\/\",\"name\":\"Djabe: Witchi Tai To Live 2019 CD\\\/DVD \u2013 GR-155 - Djabe\",\"isPartOf\":{\"@id\":\"https:\\\/\\\/djabe.hu\\\/en\\\/#website\"},\"primaryImageOfPage\":{\"@id\":\"https:\\\/\\\/djabe.hu\\\/uzlet\\\/djabe-witchi-tai-to-live-2019-cd-dvd-gr-155\\\/#primaryimage\"},\"image\":{\"@id\":\"https:\\\/\\\/djabe.hu\\\/uzlet\\\/djabe-witchi-tai-to-live-2019-cd-dvd-gr-155\\\/#primaryimage\"},\"thumbnailUrl\":\"https:\\\/\\\/djabe.hu\\\/wp-content\\\/uploads\\\/2022\\\/02\\\/Djabe_WTT_Live_2019_CD_DVD_1.jpg\",\"datePublished\":\"2022-02-23T10:41:05+00:00\",\"dateModified\":\"2026-04-08T14:31:58+00:00\",\"description\":\"{:en}Witchi Tai To is one of the band\u2019s most successful albums to date. Simultaneously with its appearance, Djabe exploded into Hungarian music life. In addition to success among the audience, the original double CD and single LP also received the Golden Giraffe Award from the Association of Hungarian Record Publishers as World Music album of the year. The second disc of the dual CD contained multimedia content for computer playback, created by the interactive division of Abbey Road Studios. This happened to be a world novelty then.{:}\",\"breadcrumb\":{\"@id\":\"https:\\\/\\\/djabe.hu\\\/uzlet\\\/djabe-witchi-tai-to-live-2019-cd-dvd-gr-155\\\/#breadcrumb\"},\"inLanguage\":\"en-US\",\"potentialAction\":[{\"@type\":\"ReadAction\",\"target\":[\"https:\\\/\\\/djabe.hu\\\/uzlet\\\/djabe-witchi-tai-to-live-2019-cd-dvd-gr-155\\\/\"]}]},{\"@type\":\"ImageObject\",\"inLanguage\":\"en-US\",\"@id\":\"https:\\\/\\\/djabe.hu\\\/uzlet\\\/djabe-witchi-tai-to-live-2019-cd-dvd-gr-155\\\/#primaryimage\",\"url\":\"https:\\\/\\\/djabe.hu\\\/wp-content\\\/uploads\\\/2022\\\/02\\\/Djabe_WTT_Live_2019_CD_DVD_1.jpg\",\"contentUrl\":\"https:\\\/\\\/djabe.hu\\\/wp-content\\\/uploads\\\/2022\\\/02\\\/Djabe_WTT_Live_2019_CD_DVD_1.jpg\",\"width\":2269,\"height\":2033,\"caption\":\"Djabe_WTT_Live_2019_CD_DVD_1\"},{\"@type\":\"BreadcrumbList\",\"@id\":\"https:\\\/\\\/djabe.hu\\\/uzlet\\\/djabe-witchi-tai-to-live-2019-cd-dvd-gr-155\\\/#breadcrumb\",\"itemListElement\":[{\"@type\":\"ListItem\",\"position\":1,\"name\":\"Home\",\"item\":\"https:\\\/\\\/djabe.hu\\\/en\\\/\"},{\"@type\":\"ListItem\",\"position\":2,\"name\":\"\u00c1ruh\u00e1z\",\"item\":\"https:\\\/\\\/djabe.hu\\\/uzlet\\\/\"},{\"@type\":\"ListItem\",\"position\":3,\"name\":\"Djabe: Witchi Tai To Live 2019 CD\\\/DVD \u2013 GR-155\"}]},{\"@type\":\"WebSite\",\"@id\":\"https:\\\/\\\/djabe.hu\\\/en\\\/#website\",\"url\":\"https:\\\/\\\/djabe.hu\\\/en\\\/\",\"name\":\"Djabe\",\"description\":\"Official site\",\"potentialAction\":[{\"@type\":\"SearchAction\",\"target\":{\"@type\":\"EntryPoint\",\"urlTemplate\":\"https:\\\/\\\/djabe.hu\\\/en\\\/?s={search_term_string}\"},\"query-input\":{\"@type\":\"PropertyValueSpecification\",\"valueRequired\":true,\"valueName\":\"search_term_string\"}}],\"inLanguage\":\"en-US\"}]}<\/script>\n<!-- \/ Yoast SEO plugin. -->","yoast_head_json":{"title":"Djabe: Witchi Tai To Live 2019 CD\/DVD \u2013 GR-155 - Djabe","description":"Witchi Tai To is one of the band\u2019s most successful albums to date. Simultaneously with its appearance, Djabe exploded into Hungarian music life. In addition to success among the audience, the original double CD and single LP also received the Golden Giraffe Award from the Association of Hungarian Record Publishers as World Music album of the year. The second disc of the dual CD contained multimedia content for computer playback, created by the interactive division of Abbey Road Studios. This happened to be a world novelty then.","robots":{"index":"index","follow":"follow","max-snippet":"max-snippet:-1","max-image-preview":"max-image-preview:large","max-video-preview":"max-video-preview:-1"},"canonical":"https:\/\/djabe.hu\/uzlet\/djabe-witchi-tai-to-live-2019-cd-dvd-gr-155\/","og_locale":"en_US","og_type":"article","og_title":"Djabe: Witchi Tai To Live 2019 CD\/DVD \u2013 GR-155","og_description":"{:en}Witchi Tai To is one of the band\u2019s most successful albums to date. Simultaneously with its appearance, Djabe exploded into Hungarian music life. In addition to success among the audience, the original double CD and single LP also received the Golden Giraffe Award from the Association of Hungarian Record Publishers as World Music album of the year. The second disc of the dual CD contained multimedia content for computer playback, created by the interactive division of Abbey Road Studios. This happened to be a world novelty then.{:}","og_url":"https:\/\/djabe.hu\/uzlet\/djabe-witchi-tai-to-live-2019-cd-dvd-gr-155\/","og_site_name":"Djabe","article_modified_time":"2026-04-08T14:31:58+00:00","og_image":[{"width":2269,"height":2033,"url":"https:\/\/djabe.hu\/wp-content\/uploads\/2022\/02\/Djabe_WTT_Live_2019_CD_DVD_1.jpg","type":"image\/jpeg"}],"twitter_card":"summary_large_image","twitter_title":"Djabe: Witchi Tai To Live 2019 CD\/DVD \u2013 GR-155","twitter_image":"https:\/\/djabe.hu\/wp-content\/uploads\/2022\/02\/Djabe_WTT_Live_2019_CD_DVD_1.jpg","twitter_misc":{"Est. reading time":"4 minutes"},"schema":{"@context":"https:\/\/schema.org","@graph":[{"@type":"WebPage","@id":"https:\/\/djabe.hu\/uzlet\/djabe-witchi-tai-to-live-2019-cd-dvd-gr-155\/","url":"https:\/\/djabe.hu\/uzlet\/djabe-witchi-tai-to-live-2019-cd-dvd-gr-155\/","name":"Djabe: Witchi Tai To Live 2019 CD\/DVD \u2013 GR-155 - Djabe","isPartOf":{"@id":"https:\/\/djabe.hu\/en\/#website"},"primaryImageOfPage":{"@id":"https:\/\/djabe.hu\/uzlet\/djabe-witchi-tai-to-live-2019-cd-dvd-gr-155\/#primaryimage"},"image":{"@id":"https:\/\/djabe.hu\/uzlet\/djabe-witchi-tai-to-live-2019-cd-dvd-gr-155\/#primaryimage"},"thumbnailUrl":"https:\/\/djabe.hu\/wp-content\/uploads\/2022\/02\/Djabe_WTT_Live_2019_CD_DVD_1.jpg","datePublished":"2022-02-23T10:41:05+00:00","dateModified":"2026-04-08T14:31:58+00:00","description":"{:en}Witchi Tai To is one of the band\u2019s most successful albums to date. Simultaneously with its appearance, Djabe exploded into Hungarian music life. In addition to success among the audience, the original double CD and single LP also received the Golden Giraffe Award from the Association of Hungarian Record Publishers as World Music album of the year. The second disc of the dual CD contained multimedia content for computer playback, created by the interactive division of Abbey Road Studios. This happened to be a world novelty then.{:}","breadcrumb":{"@id":"https:\/\/djabe.hu\/uzlet\/djabe-witchi-tai-to-live-2019-cd-dvd-gr-155\/#breadcrumb"},"inLanguage":"en-US","potentialAction":[{"@type":"ReadAction","target":["https:\/\/djabe.hu\/uzlet\/djabe-witchi-tai-to-live-2019-cd-dvd-gr-155\/"]}]},{"@type":"ImageObject","inLanguage":"en-US","@id":"https:\/\/djabe.hu\/uzlet\/djabe-witchi-tai-to-live-2019-cd-dvd-gr-155\/#primaryimage","url":"https:\/\/djabe.hu\/wp-content\/uploads\/2022\/02\/Djabe_WTT_Live_2019_CD_DVD_1.jpg","contentUrl":"https:\/\/djabe.hu\/wp-content\/uploads\/2022\/02\/Djabe_WTT_Live_2019_CD_DVD_1.jpg","width":2269,"height":2033,"caption":"Djabe_WTT_Live_2019_CD_DVD_1"},{"@type":"BreadcrumbList","@id":"https:\/\/djabe.hu\/uzlet\/djabe-witchi-tai-to-live-2019-cd-dvd-gr-155\/#breadcrumb","itemListElement":[{"@type":"ListItem","position":1,"name":"Home","item":"https:\/\/djabe.hu\/en\/"},{"@type":"ListItem","position":2,"name":"\u00c1ruh\u00e1z","item":"https:\/\/djabe.hu\/uzlet\/"},{"@type":"ListItem","position":3,"name":"Djabe: Witchi Tai To Live 2019 CD\/DVD \u2013 GR-155"}]},{"@type":"WebSite","@id":"https:\/\/djabe.hu\/en\/#website","url":"https:\/\/djabe.hu\/en\/","name":"Djabe","description":"Official site","potentialAction":[{"@type":"SearchAction","target":{"@type":"EntryPoint","urlTemplate":"https:\/\/djabe.hu\/en\/?s={search_term_string}"},"query-input":{"@type":"PropertyValueSpecification","valueRequired":true,"valueName":"search_term_string"}}],"inLanguage":"en-US"}]}},"jetpack_sharing_enabled":true,"_links":{"self":[{"href":"https:\/\/djabe.hu\/en\/wp-json\/wp\/v2\/product\/9089","targetHints":{"allow":["GET"]}}],"collection":[{"href":"https:\/\/djabe.hu\/en\/wp-json\/wp\/v2\/product"}],"about":[{"href":"https:\/\/djabe.hu\/en\/wp-json\/wp\/v2\/types\/product"}],"wp:featuredmedia":[{"embeddable":true,"href":"https:\/\/djabe.hu\/en\/wp-json\/wp\/v2\/media\/9077"}],"wp:attachment":[{"href":"https:\/\/djabe.hu\/en\/wp-json\/wp\/v2\/media?parent=9089"}],"wp:term":[{"taxonomy":"product_brand","embeddable":true,"href":"https:\/\/djabe.hu\/en\/wp-json\/wp\/v2\/product_brand?post=9089"},{"taxonomy":"product_cat","embeddable":true,"href":"https:\/\/djabe.hu\/en\/wp-json\/wp\/v2\/product_cat?post=9089"},{"taxonomy":"product_tag","embeddable":true,"href":"https:\/\/djabe.hu\/en\/wp-json\/wp\/v2\/product_tag?post=9089"}],"curies":[{"name":"wp","href":"https:\/\/api.w.org\/{rel}","templated":true}]}}