{"id":8827,"date":"2021-09-27T15:22:03","date_gmt":"2021-09-27T14:22:03","guid":{"rendered":"https:\/\/djabe.hu\/?post_type=product&#038;p=8827"},"modified":"2026-04-08T15:32:59","modified_gmt":"2026-04-08T14:32:59","slug":"djabe-first-album-revisited-lp","status":"publish","type":"product","link":"https:\/\/djabe.hu\/en\/uzlet\/djabe-first-album-revisited-lp\/","title":{"rendered":"Djabe: First Album Revisited LP (140 gr, yellow transparent vinyl)"},"content":{"rendered":"<p>Djabe released their first CD in November 1996, simply titled Djabe.<br \/>\nOn the occasion of its 25th anniversary, the band will surprise fans with an exclusive Quality Vinyl Projects LP release in addition to the 3-disc expanded digital reprint.<\/p>\n<p>The first Djabe album, recorded between June 1995 and September 1996, was already noticed by both the audience and the professional scene. It was created by the two founders of Djabe, percussionist Andr\u00e1s Sipos (1954 &#8211; 2007) and guitarist Attila \u00c9gerh\u00e1zi. They were joined by Tibor Karvaly, a violinist from the former Novus Jam band of \u00c9gerh\u00e1zi and Sipos, for the recordings. Among the invited musicians were Ferenc Muck saxophonist, bassist Tam\u00e1s Barab\u00e1s and trumpet and violin player Ferenc Kov\u00e1cs. From the criticisms of the time, the opinion of the American writer Mike Ezzo should be highlighted, who predicted, right fromthe first album, that Djabe would achieve significant success and a great career internationally. And he was right.<br \/>\nIn recent years, Djabe released successive versions of the first records of its career, in both refurbished, remixed LP and surround sound. On the part of the band&#8217;s fans, both at home and abroad, there was a demand for vinyl and surround releases related to the first album. The possibility of renovation first arose in 2016, when Tibor Karvaly joined the line-up of the Djabe20 anniversary concert. There were also two tracks from the first CD that Djabe had never performed live before: Hagar Qim and D\u00e9j\u00e0 Vu.<br \/>\nAttila \u00c9gerh\u00e1zi searched the archive for the original multitrack tapes, which had to be \u201cbaked\u201d in the Abbey Road Studio in London, i.e. made playable again.<br \/>\nStudio work began at the time of the COVID-related closures. Attila \u00c9gerh\u00e1zi and Tibor Karvaly worked on the material for 8 months, joined by Ferenc Muck and Tam\u00e1s Barab\u00e1s for the last 3 months.<\/p>\n<p>Attila and Tibor located the multitrack recordings of all the tracks on the original CD and refreshed them. They accurately modelled the original mix balance and then re-edited the pieces in places if they saw fit. Some tracks recorded during the original sessions but not audible in the mix were also used. In a few a compositions in which they were bothered by an inappropriate note for the last 25 years, an issue now corrected. They didn\u2019t have their own studio 25 years ago, so they often had to compromise because they slipped out of time. In case of the songs November and Demon, Ferenc Muck also recorded new saxophone tracks for similar reason. The CD, which was updated and remixed and mastered by Tam\u00e1s Barab\u00e1s in the end, was named <strong>Refreshed<\/strong>.<\/p>\n<p>However, the project did not stop there. Several unused tracks were found on the multitrack tapes, which, now taking advantage of the unbound opportunity provided by their own studio, were finalized. The current members of Djabe, \u00c1ron Ko\u00f3s-Hut\u00e1s (flugelhorn), P\u00e9ter Kasz\u00e1s (drums), J\u00e1nos Nagy (keyboards) also played on these recordings, such as Pier 95 and Sunrays.<br \/>\nTam\u00e1s also wrote a new composition based on Sipi\u2019s original and unused drum and vocalrecordings, which became We Are Okay.<br \/>\nAn old-new composition, Lost In The Desert, was also written around a fantastic unusedviolin solo by Ferenc Kov\u00e1cs, in which a previously recorded guitar solo by Steve Hackett and Sipi&#8217;s vocal track can also be heard. Of course, Attila \u00c9gerh\u00e1zi, Tibor Karvaly, Tam\u00e1s Barab\u00e1s and Ferenc Muck also contribute to these two compositions.<br \/>\nThe second CD was titled <strong>Then &amp; Now<\/strong>, referring to over 25 years of work.<\/p>\n<p><a href=\"https:\/\/djabe.hu\/wp-content\/uploads\/2021\/09\/Djabe_First_Album_Revisited_LP_Mock-up_v1.png\"><img loading=\"lazy\" decoding=\"async\" class=\"aligncenter wp-image-8828 size-full\" src=\"https:\/\/djabe.hu\/wp-content\/uploads\/2021\/09\/Djabe_First_Album_Revisited_LP_Mock-up_v1.png\" alt=\"Djabe: First Album Revisited LP\" width=\"2200\" height=\"1014\" srcset=\"https:\/\/djabe.hu\/wp-content\/uploads\/2021\/09\/Djabe_First_Album_Revisited_LP_Mock-up_v1.png 2200w, https:\/\/djabe.hu\/wp-content\/uploads\/2021\/09\/Djabe_First_Album_Revisited_LP_Mock-up_v1-300x138.png 300w, https:\/\/djabe.hu\/wp-content\/uploads\/2021\/09\/Djabe_First_Album_Revisited_LP_Mock-up_v1-1024x472.png 1024w, https:\/\/djabe.hu\/wp-content\/uploads\/2021\/09\/Djabe_First_Album_Revisited_LP_Mock-up_v1-768x354.png 768w, https:\/\/djabe.hu\/wp-content\/uploads\/2021\/09\/Djabe_First_Album_Revisited_LP_Mock-up_v1-1536x708.png 1536w, https:\/\/djabe.hu\/wp-content\/uploads\/2021\/09\/Djabe_First_Album_Revisited_LP_Mock-up_v1-2048x944.png 2048w, https:\/\/djabe.hu\/wp-content\/uploads\/2021\/09\/Djabe_First_Album_Revisited_LP_Mock-up_v1-600x277.png 600w\" sizes=\"auto, (max-width: 2200px) 100vw, 2200px\" \/><\/a><\/p>\n<h2><strong>Djabe \u2013 First Album Revisited LP<\/strong><\/h2>\n<p>The nearly 50-minute long LP contains the highlights from the original CD and the old-new compositions from the Then &amp; Now CD.<br \/>\nAn extremely important piece from the Djabe LP collection has been created. It is worthy of other vinyl releases in both its musical quality and sound. The cover features images belong to the compositions, creating a colourful atmosphere for listening to music.<\/p>\n<h2 style=\"text-align: center;\">Tracklista:<\/h2>\n<p style=\"text-align: center;\"><strong>Side A<\/strong><br \/>\n1. Camel Run<br \/>\n2. Leaving The Desert<br \/>\n3. D\u00e9j\u00e0 Vu<br \/>\n4. We Are Okay<br \/>\n5. Chase<\/p>\n<p style=\"text-align: center;\"><strong>Side B<\/strong><br \/>\n1. Hagar Qim<br \/>\n2. Pier 95<br \/>\n3. Sunrays<br \/>\n4. Lost In The Desert<\/p>\n<p>&nbsp;<\/p>\n<h2 style=\"text-align: center;\">Musicians featured on the album:<\/h2>\n<p style=\"text-align: center;\">Tam\u00e1s Barab\u00e1s \u2013 bass guitar<br \/>\nAttila \u00c9gerh\u00e1zi \u2013 guitar, percussion, effects<br \/>\nJudit Gesztelyi-Nagy \u2013 flute, schakuhachi<br \/>\nTibor Karvaly \u2013 violin, keyboards, percussion, treble recorder<br \/>\nP\u00e9ter Kasz\u00e1s\u2013 drums (B3)<br \/>\n\u00c1ron Ko\u00f3s-Hut\u00e1s \u2013 flugelhorn (B2)<br \/>\nFerenc Kov\u00e1cs \u2013 violin, trumpet<br \/>\nFerenc Muck &#8211; saxophone<br \/>\nJ\u00e1nos Nagy\u2013 keyboards (B3)<br \/>\nAndr\u00e1s Sipos \u2013 vocal, percussion<br \/>\nSteve Hackett \u2013 electric guitar (B4)<\/p>\n<p><iframe loading=\"lazy\" title=\"Djabe: Leaving The Desert (Official Video)\" width=\"900\" height=\"506\" src=\"https:\/\/www.youtube.com\/embed\/Jnvsvw1zNh0?feature=oembed\" frameborder=\"0\" allow=\"accelerometer; autoplay; clipboard-write; encrypted-media; gyroscope; picture-in-picture\" allowfullscreen><\/iframe><\/p>\n<p><iframe loading=\"lazy\" title=\"Djabe: We Are Okay (Official Video)\" width=\"900\" height=\"506\" src=\"https:\/\/www.youtube.com\/embed\/ilSJYmrBXKw?feature=oembed\" frameborder=\"0\" allow=\"accelerometer; autoplay; clipboard-write; encrypted-media; gyroscope; picture-in-picture\" allowfullscreen><\/iframe><\/p>\n<p><iframe loading=\"lazy\" title=\"Djabe: Hagar Qim (Official video)\" width=\"900\" height=\"506\" src=\"https:\/\/www.youtube.com\/embed\/GijNdMvTZbc?feature=oembed\" frameborder=\"0\" allow=\"accelerometer; autoplay; clipboard-write; encrypted-media; gyroscope; picture-in-picture\" allowfullscreen><\/iframe><\/p>\n<p><iframe loading=\"lazy\" title=\"Djabe - Pier 95 (Official Video)\" width=\"900\" height=\"506\" src=\"https:\/\/www.youtube.com\/embed\/oQkM7UdLAYk?feature=oembed\" frameborder=\"0\" allow=\"accelerometer; autoplay; clipboard-write; encrypted-media; gyroscope; picture-in-picture\" allowfullscreen><\/iframe><\/p>\n<p><iframe loading=\"lazy\" title=\"Djabe: Lost In The Desert\" width=\"900\" height=\"506\" src=\"https:\/\/www.youtube.com\/embed\/J7Qf80MAo60?feature=oembed\" frameborder=\"0\" allow=\"accelerometer; autoplay; clipboard-write; encrypted-media; gyroscope; picture-in-picture\" allowfullscreen><\/iframe><\/p>\n<p>&nbsp;<\/p>","protected":false},"excerpt":{"rendered":"<h2>LP (GR-149-1)<br \/>\n140 gr transparent yellow vinyl by Quality Vinyl Projects<\/h2>\n","protected":false},"featured_media":8834,"template":"","meta":[],"product_brand":[],"product_cat":[40],"product_tag":[],"class_list":{"0":"post-8827","1":"product","2":"type-product","3":"status-publish","4":"has-post-thumbnail","6":"product_cat-lp","7":"repupress_customize_woocommerce_productom_class","9":"first","10":"instock","11":"shipping-taxable","12":"purchasable","13":"product-type-simple"},"yoast_head":"<!-- This site is optimized with the Yoast SEO plugin v27.2 - https:\/\/yoast.com\/product\/yoast-seo-wordpress\/ -->\n<title>Djabe: First Album Revisited LP (140 gr, yellow transparent vinyl) - Djabe<\/title>\n<meta name=\"robots\" content=\"index, follow, max-snippet:-1, max-image-preview:large, max-video-preview:-1\" \/>\n<link rel=\"canonical\" href=\"https:\/\/djabe.hu\/uzlet\/djabe-first-album-revisited-lp\/\" \/>\n<meta property=\"og:locale\" content=\"en_US\" \/>\n<meta property=\"og:type\" content=\"article\" \/>\n<meta property=\"og:title\" content=\"Djabe: First Album Revisited LP (140 gr, yellow transparent vinyl)\" \/>\n<meta property=\"og:description\" content=\"[:hu]LP (GR-149-1) 140 gr yellow transparent vinyl by Quality Vinyl Projects[:en]LP (GR-149-1) 140 gr transparent yellow vinyl by Quality Vinyl Projects[:]\" \/>\n<meta property=\"og:url\" content=\"https:\/\/djabe.hu\/uzlet\/djabe-first-album-revisited-lp\/\" \/>\n<meta property=\"og:site_name\" content=\"Djabe\" \/>\n<meta property=\"article:modified_time\" content=\"2026-04-08T14:32:59+00:00\" \/>\n<meta property=\"og:image\" content=\"https:\/\/djabe.hu\/wp-content\/uploads\/2021\/09\/Djabe_First_Album_Revisited_LP_Mock-up_v1-1024x472.png\" \/>\n\t<meta property=\"og:image:width\" content=\"1024\" \/>\n\t<meta property=\"og:image:height\" content=\"472\" \/>\n\t<meta property=\"og:image:type\" content=\"image\/png\" \/>\n<meta name=\"twitter:card\" content=\"summary_large_image\" \/>\n<meta name=\"twitter:title\" content=\"Djabe: First Album Revisited LP (140 gr, yellow transparent vinyl)\" \/>\n<meta name=\"twitter:image\" content=\"https:\/\/djabe.hu\/wp-content\/uploads\/2021\/09\/Djabe_First_Album_Revisited_LP_Mock-up_v1.png\" \/>\n<meta name=\"twitter:label1\" content=\"Est. reading time\" \/>\n\t<meta name=\"twitter:data1\" content=\"3 minutes\" \/>\n<script type=\"application\/ld+json\" class=\"yoast-schema-graph\">{\"@context\":\"https:\/\/schema.org\",\"@graph\":[{\"@type\":\"WebPage\",\"@id\":\"https:\/\/djabe.hu\/uzlet\/djabe-first-album-revisited-lp\/\",\"url\":\"https:\/\/djabe.hu\/uzlet\/djabe-first-album-revisited-lp\/\",\"name\":\"Djabe: First Album Revisited LP (140 gr, yellow transparent vinyl) - Djabe\",\"isPartOf\":{\"@id\":\"https:\/\/djabe.hu\/en\/#website\"},\"primaryImageOfPage\":{\"@id\":\"https:\/\/djabe.hu\/uzlet\/djabe-first-album-revisited-lp\/#primaryimage\"},\"image\":{\"@id\":\"https:\/\/djabe.hu\/uzlet\/djabe-first-album-revisited-lp\/#primaryimage\"},\"thumbnailUrl\":\"https:\/\/djabe.hu\/wp-content\/uploads\/2021\/09\/Djabe_First_Album_Revisited_LP_Mock-up_v2.png\",\"datePublished\":\"2021-09-27T14:22:03+00:00\",\"dateModified\":\"2026-04-08T14:32:59+00:00\",\"breadcrumb\":{\"@id\":\"https:\/\/djabe.hu\/uzlet\/djabe-first-album-revisited-lp\/#breadcrumb\"},\"inLanguage\":\"en-US\",\"potentialAction\":[{\"@type\":\"ReadAction\",\"target\":[\"https:\/\/djabe.hu\/uzlet\/djabe-first-album-revisited-lp\/\"]}]},{\"@type\":\"ImageObject\",\"inLanguage\":\"en-US\",\"@id\":\"https:\/\/djabe.hu\/uzlet\/djabe-first-album-revisited-lp\/#primaryimage\",\"url\":\"https:\/\/djabe.hu\/wp-content\/uploads\/2021\/09\/Djabe_First_Album_Revisited_LP_Mock-up_v2.png\",\"contentUrl\":\"https:\/\/djabe.hu\/wp-content\/uploads\/2021\/09\/Djabe_First_Album_Revisited_LP_Mock-up_v2.png\",\"width\":1618,\"height\":1618,\"caption\":\"Djabe_First_Album_Revisited_LP_Mock-up_v2\"},{\"@type\":\"BreadcrumbList\",\"@id\":\"https:\/\/djabe.hu\/uzlet\/djabe-first-album-revisited-lp\/#breadcrumb\",\"itemListElement\":[{\"@type\":\"ListItem\",\"position\":1,\"name\":\"Home\",\"item\":\"https:\/\/djabe.hu\/en\/\"},{\"@type\":\"ListItem\",\"position\":2,\"name\":\"\u00c1ruh\u00e1z\",\"item\":\"https:\/\/djabe.hu\/uzlet\/\"},{\"@type\":\"ListItem\",\"position\":3,\"name\":\"Djabe: First Album Revisited LP (140 gr, yellow transparent vinyl)\"}]},{\"@type\":\"WebSite\",\"@id\":\"https:\/\/djabe.hu\/en\/#website\",\"url\":\"https:\/\/djabe.hu\/en\/\",\"name\":\"Djabe\",\"description\":\"Official site\",\"potentialAction\":[{\"@type\":\"SearchAction\",\"target\":{\"@type\":\"EntryPoint\",\"urlTemplate\":\"https:\/\/djabe.hu\/en\/?s={search_term_string}\"},\"query-input\":{\"@type\":\"PropertyValueSpecification\",\"valueRequired\":true,\"valueName\":\"search_term_string\"}}],\"inLanguage\":\"en-US\"}]}<\/script>\n<!-- \/ Yoast SEO plugin. -->","yoast_head_json":{"title":"Djabe: First Album Revisited LP (140 gr, yellow transparent vinyl) - Djabe","robots":{"index":"index","follow":"follow","max-snippet":"max-snippet:-1","max-image-preview":"max-image-preview:large","max-video-preview":"max-video-preview:-1"},"canonical":"https:\/\/djabe.hu\/uzlet\/djabe-first-album-revisited-lp\/","og_locale":"en_US","og_type":"article","og_title":"Djabe: First Album Revisited LP (140 gr, yellow transparent vinyl)","og_description":"[:hu]LP (GR-149-1) 140 gr yellow transparent vinyl by Quality Vinyl Projects[:en]LP (GR-149-1) 140 gr transparent yellow vinyl by Quality Vinyl Projects[:]","og_url":"https:\/\/djabe.hu\/uzlet\/djabe-first-album-revisited-lp\/","og_site_name":"Djabe","article_modified_time":"2026-04-08T14:32:59+00:00","og_image":[{"width":1024,"height":472,"url":"https:\/\/djabe.hu\/wp-content\/uploads\/2021\/09\/Djabe_First_Album_Revisited_LP_Mock-up_v1-1024x472.png","type":"image\/png"}],"twitter_card":"summary_large_image","twitter_title":"Djabe: First Album Revisited LP (140 gr, yellow transparent vinyl)","twitter_image":"https:\/\/djabe.hu\/wp-content\/uploads\/2021\/09\/Djabe_First_Album_Revisited_LP_Mock-up_v1.png","twitter_misc":{"Est. reading time":"3 minutes"},"schema":{"@context":"https:\/\/schema.org","@graph":[{"@type":"WebPage","@id":"https:\/\/djabe.hu\/uzlet\/djabe-first-album-revisited-lp\/","url":"https:\/\/djabe.hu\/uzlet\/djabe-first-album-revisited-lp\/","name":"Djabe: First Album Revisited LP (140 gr, yellow transparent vinyl) - Djabe","isPartOf":{"@id":"https:\/\/djabe.hu\/en\/#website"},"primaryImageOfPage":{"@id":"https:\/\/djabe.hu\/uzlet\/djabe-first-album-revisited-lp\/#primaryimage"},"image":{"@id":"https:\/\/djabe.hu\/uzlet\/djabe-first-album-revisited-lp\/#primaryimage"},"thumbnailUrl":"https:\/\/djabe.hu\/wp-content\/uploads\/2021\/09\/Djabe_First_Album_Revisited_LP_Mock-up_v2.png","datePublished":"2021-09-27T14:22:03+00:00","dateModified":"2026-04-08T14:32:59+00:00","breadcrumb":{"@id":"https:\/\/djabe.hu\/uzlet\/djabe-first-album-revisited-lp\/#breadcrumb"},"inLanguage":"en-US","potentialAction":[{"@type":"ReadAction","target":["https:\/\/djabe.hu\/uzlet\/djabe-first-album-revisited-lp\/"]}]},{"@type":"ImageObject","inLanguage":"en-US","@id":"https:\/\/djabe.hu\/uzlet\/djabe-first-album-revisited-lp\/#primaryimage","url":"https:\/\/djabe.hu\/wp-content\/uploads\/2021\/09\/Djabe_First_Album_Revisited_LP_Mock-up_v2.png","contentUrl":"https:\/\/djabe.hu\/wp-content\/uploads\/2021\/09\/Djabe_First_Album_Revisited_LP_Mock-up_v2.png","width":1618,"height":1618,"caption":"Djabe_First_Album_Revisited_LP_Mock-up_v2"},{"@type":"BreadcrumbList","@id":"https:\/\/djabe.hu\/uzlet\/djabe-first-album-revisited-lp\/#breadcrumb","itemListElement":[{"@type":"ListItem","position":1,"name":"Home","item":"https:\/\/djabe.hu\/en\/"},{"@type":"ListItem","position":2,"name":"\u00c1ruh\u00e1z","item":"https:\/\/djabe.hu\/uzlet\/"},{"@type":"ListItem","position":3,"name":"Djabe: First Album Revisited LP (140 gr, yellow transparent vinyl)"}]},{"@type":"WebSite","@id":"https:\/\/djabe.hu\/en\/#website","url":"https:\/\/djabe.hu\/en\/","name":"Djabe","description":"Official site","potentialAction":[{"@type":"SearchAction","target":{"@type":"EntryPoint","urlTemplate":"https:\/\/djabe.hu\/en\/?s={search_term_string}"},"query-input":{"@type":"PropertyValueSpecification","valueRequired":true,"valueName":"search_term_string"}}],"inLanguage":"en-US"}]}},"jetpack_sharing_enabled":true,"_links":{"self":[{"href":"https:\/\/djabe.hu\/en\/wp-json\/wp\/v2\/product\/8827","targetHints":{"allow":["GET"]}}],"collection":[{"href":"https:\/\/djabe.hu\/en\/wp-json\/wp\/v2\/product"}],"about":[{"href":"https:\/\/djabe.hu\/en\/wp-json\/wp\/v2\/types\/product"}],"wp:featuredmedia":[{"embeddable":true,"href":"https:\/\/djabe.hu\/en\/wp-json\/wp\/v2\/media\/8834"}],"wp:attachment":[{"href":"https:\/\/djabe.hu\/en\/wp-json\/wp\/v2\/media?parent=8827"}],"wp:term":[{"taxonomy":"product_brand","embeddable":true,"href":"https:\/\/djabe.hu\/en\/wp-json\/wp\/v2\/product_brand?post=8827"},{"taxonomy":"product_cat","embeddable":true,"href":"https:\/\/djabe.hu\/en\/wp-json\/wp\/v2\/product_cat?post=8827"},{"taxonomy":"product_tag","embeddable":true,"href":"https:\/\/djabe.hu\/en\/wp-json\/wp\/v2\/product_tag?post=8827"}],"curies":[{"name":"wp","href":"https:\/\/api.w.org\/{rel}","templated":true}]}}