{"id":8601,"date":"2021-03-24T12:10:47","date_gmt":"2021-03-24T11:10:47","guid":{"rendered":"https:\/\/djabe.hu\/?post_type=product&#038;p=8601"},"modified":"2025-12-08T11:23:30","modified_gmt":"2025-12-08T10:23:30","slug":"djabe-steve-hackett-the-journey-continues-negyedsavos-magnoszalag","status":"publish","type":"product","link":"https:\/\/djabe.hu\/en\/uzlet\/djabe-steve-hackett-the-journey-continues-negyedsavos-magnoszalag\/","title":{"rendered":"Djabe &#038; Steve Hackett \u2013 The Journey Continues &#8211; 4 track reel-to-reel tape"},"content":{"rendered":"<h2><strong>RTM LPR90 tape, 18 cm plastic reel, hinged-box<\/strong><\/h2>\n<p>The Journey Continues Tour in 2019 reached three countries in early August. The closing night performance was recorded in Ny\u00edregyh\u00e1za, Hungary.<\/p>\n<p>Attila \u00c9gerh\u00e1zi talked about the set-list of this tour: \u201eDuring the compilation of the 2019 concert set-list our common creation, the pieces of Life Is A Journey, formed the backbone of the show, complemented in healthy proportions by compositions by Djabe, Steve Hackett and Genesis. We have always strived to be able to show our audience something new, so once again now we have included compositions that we have never played together. Such as one of my personal favourites, Hairless Heart from Genesis\u2019s Lamb Lies Down OnBroadway opus. For the first time in Djabe\u2019s repertoire, we played the New Words with Steve, while Reflection Of Thi\u00e9rache was last on the set list in 2008. This was the first composition in which Steve contributed to a Djabe album, back in 2003. Tears For Peace is also almost new, as we only played it live a few times after its 2012 release. Castelsardo At Night premiered on this tour live from the album Life Is A Journey.<\/p>\n<p>The performance was excellent, Steve wrote in his blog after the concert:<\/p>\n<p>\u201dIt went well, Djabe\u2019s extraordinary musicianship was appreciated and everyone was in great spirits.\u201d<\/p>\n<p style=\"text-align: center;\"><div class='content-column one_half'><h2 style=\"text-align: center;\">SIDE A<\/h2>\n<p style=\"text-align: center;\">NEW WORDS<br \/>\nREFLECTION OF THI\u00c9RACHE<br \/>\nBUZZY ISLAND<br \/>\nLIFE IS A JOURNEY<br \/>\nCASTELSARDO AT NIGHT<br \/>\nTEARS FOR PEACE<br \/>\n47:45<\/p>\n<h2 style=\"text-align: center;\">SIDE B<\/h2>\n<p style=\"text-align: center;\">LAST TRAIN TO ISTANBUL<br \/>\nGOLDEN SAND<br \/>\nHAIRLESS HEART<br \/>\nFIRTH OF FIFTH<br \/>\nGALLOP<br \/>\nCLOUDS DANCE<br \/>\nAFTER LIMONCELLO<br \/>\nLOS ENDOS<br \/>\n49: 24<\/p>\n<p style=\"text-align: center;\"><\/div>\n<p style=\"text-align: center;\"><div class='content-column one_half last_column'><h2 style=\"text-align: center;\">Musicians:<\/h2>\n<p style=\"text-align: center;\">Steve Hackett \u2013 guitar, vocal<br \/>\nTam\u00e1s Barab\u00e1s \u2013 bass guitar, vocal<br \/>\nAttila \u00c9gerh\u00e1zi \u2013 guitar, percussion, vocal<br \/>\n\u00c1ron Ko\u00f3s-Hut\u00e1s \u2013 trumpet, flugelhorn<br \/>\nJ\u00e1nos Nagy \u2013 keyboards<br \/>\nP\u00e9ter Kasz\u00e1s \u2013 drums, vocal, percussion<br \/>\nGulli Briem \u2013 drums (Clouds Dance &amp; After Limoncello)<\/p>\n<p style=\"text-align: center;\"><\/div><div class='clear_column'><\/div>\n<p><iframe loading=\"lazy\" title=\"Djabe &amp; Steve Hackett: The Journey Continues\" width=\"900\" height=\"506\" src=\"https:\/\/www.youtube.com\/embed\/xSEPrtQxBXM?feature=oembed\" frameborder=\"0\" allow=\"accelerometer; autoplay; clipboard-write; encrypted-media; gyroscope; picture-in-picture\" allowfullscreen><\/iframe><\/p>\n","protected":false},"excerpt":{"rendered":"<h2><strong>RTM LPR90 tape, 18 cm plastic reel, hinged-box<\/strong><\/h2>\n","protected":false},"featured_media":8593,"template":"","meta":[],"product_brand":[],"product_cat":[57,73],"product_tag":[],"class_list":{"0":"post-8601","1":"product","2":"type-product","3":"status-publish","4":"has-post-thumbnail","6":"product_cat-reel-to-reel","7":"product_cat-steve-hackett","8":"repupress_customize_woocommerce_productom_class","10":"first","11":"instock","12":"shipping-taxable","13":"purchasable","14":"product-type-simple"},"yoast_head":"<!-- This site is optimized with the Yoast SEO plugin v27.2 - https:\/\/yoast.com\/product\/yoast-seo-wordpress\/ -->\n<title>Djabe &amp; Steve Hackett \u2013 The Journey Continues - 4 track reel-to-reel tape - Djabe<\/title>\n<meta name=\"description\" content=\"The Journey Continues Tour in 2019 reached three countries in early August. The closing night performance was recorded in Ny\u00edregyh\u00e1za, Hungary.Attila \u00c9gerh\u00e1zi talked about the set-list of this tour: \u201eDuring the compilation of the 2019 concert set-list our common creation, the pieces of Life Is A Journey, formed the backbone of the show, complemented in healthy proportions by compositions by Djabe, Steve Hackett and Genesis.\" \/>\n<meta name=\"robots\" content=\"index, follow, max-snippet:-1, max-image-preview:large, max-video-preview:-1\" \/>\n<link rel=\"canonical\" href=\"https:\/\/djabe.hu\/uzlet\/djabe-steve-hackett-the-journey-continues-negyedsavos-magnoszalag\/\" \/>\n<meta property=\"og:locale\" content=\"en_US\" \/>\n<meta property=\"og:type\" content=\"article\" \/>\n<meta property=\"og:title\" content=\"Djabe &amp; Steve Hackett \u2013 The Journey Continues - 4 track reel-to-reel tape\" \/>\n<meta property=\"og:description\" content=\"The Journey Continues Tour in 2019 reached three countries in early August. The closing night performance was recorded in Ny\u00edregyh\u00e1za, Hungary.Attila \u00c9gerh\u00e1zi talked about the set-list of this tour: \u201eDuring the compilation of the 2019 concert set-list our common creation, the pieces of Life Is A Journey, formed the backbone of the show, complemented in healthy proportions by compositions by Djabe, Steve Hackett and Genesis.\" \/>\n<meta property=\"og:url\" content=\"https:\/\/djabe.hu\/uzlet\/djabe-steve-hackett-the-journey-continues-negyedsavos-magnoszalag\/\" \/>\n<meta property=\"og:site_name\" content=\"Djabe\" \/>\n<meta property=\"article:modified_time\" content=\"2025-12-08T10:23:30+00:00\" \/>\n<meta property=\"og:image\" content=\"https:\/\/djabe.hu\/wp-content\/uploads\/2021\/03\/Djabe_The_Journey_Continues_2021_4TRACK.jpg\" \/>\n\t<meta property=\"og:image:width\" content=\"1500\" \/>\n\t<meta property=\"og:image:height\" content=\"1500\" \/>\n\t<meta property=\"og:image:type\" content=\"image\/jpeg\" \/>\n<meta name=\"twitter:card\" content=\"summary_large_image\" \/>\n<meta name=\"twitter:title\" content=\"Djabe &amp; Steve Hackett \u2013 The Journey Continues - 4 track reel-to-reel tape\" \/>\n<meta name=\"twitter:image\" content=\"https:\/\/djabe.hu\/wp-content\/uploads\/2021\/03\/Djabe_The_Journey_Continues_2021_4TRACK.jpg\" \/>\n<meta name=\"twitter:label1\" content=\"Est. reading time\" \/>\n\t<meta name=\"twitter:data1\" content=\"2 minutes\" \/>\n<script type=\"application\/ld+json\" class=\"yoast-schema-graph\">{\"@context\":\"https:\/\/schema.org\",\"@graph\":[{\"@type\":\"WebPage\",\"@id\":\"https:\/\/djabe.hu\/uzlet\/djabe-steve-hackett-the-journey-continues-negyedsavos-magnoszalag\/\",\"url\":\"https:\/\/djabe.hu\/uzlet\/djabe-steve-hackett-the-journey-continues-negyedsavos-magnoszalag\/\",\"name\":\"Djabe & Steve Hackett \u2013 The Journey Continues - 4 track reel-to-reel tape - Djabe\",\"isPartOf\":{\"@id\":\"https:\/\/djabe.hu\/en\/#website\"},\"primaryImageOfPage\":{\"@id\":\"https:\/\/djabe.hu\/uzlet\/djabe-steve-hackett-the-journey-continues-negyedsavos-magnoszalag\/#primaryimage\"},\"image\":{\"@id\":\"https:\/\/djabe.hu\/uzlet\/djabe-steve-hackett-the-journey-continues-negyedsavos-magnoszalag\/#primaryimage\"},\"thumbnailUrl\":\"https:\/\/djabe.hu\/wp-content\/uploads\/2021\/03\/Djabe_The_Journey_Continues_2021_4TRACK.jpg\",\"datePublished\":\"2021-03-24T11:10:47+00:00\",\"dateModified\":\"2025-12-08T10:23:30+00:00\",\"description\":\"The Journey Continues Tour in 2019 reached three countries in early August. The closing night performance was recorded in Ny\u00edregyh\u00e1za, Hungary.Attila \u00c9gerh\u00e1zi talked about the set-list of this tour: \u201eDuring the compilation of the 2019 concert set-list our common creation, the pieces of Life Is A Journey, formed the backbone of the show, complemented in healthy proportions by compositions by Djabe, Steve Hackett and Genesis.\",\"breadcrumb\":{\"@id\":\"https:\/\/djabe.hu\/uzlet\/djabe-steve-hackett-the-journey-continues-negyedsavos-magnoszalag\/#breadcrumb\"},\"inLanguage\":\"en-US\",\"potentialAction\":[{\"@type\":\"ReadAction\",\"target\":[\"https:\/\/djabe.hu\/uzlet\/djabe-steve-hackett-the-journey-continues-negyedsavos-magnoszalag\/\"]}]},{\"@type\":\"ImageObject\",\"inLanguage\":\"en-US\",\"@id\":\"https:\/\/djabe.hu\/uzlet\/djabe-steve-hackett-the-journey-continues-negyedsavos-magnoszalag\/#primaryimage\",\"url\":\"https:\/\/djabe.hu\/wp-content\/uploads\/2021\/03\/Djabe_The_Journey_Continues_2021_4TRACK.jpg\",\"contentUrl\":\"https:\/\/djabe.hu\/wp-content\/uploads\/2021\/03\/Djabe_The_Journey_Continues_2021_4TRACK.jpg\",\"width\":1500,\"height\":1500,\"caption\":\"Djabe & Steve Hackett \u2013 The Journey Continues - 4 track reel-to-reel tape\"},{\"@type\":\"BreadcrumbList\",\"@id\":\"https:\/\/djabe.hu\/uzlet\/djabe-steve-hackett-the-journey-continues-negyedsavos-magnoszalag\/#breadcrumb\",\"itemListElement\":[{\"@type\":\"ListItem\",\"position\":1,\"name\":\"Home\",\"item\":\"https:\/\/djabe.hu\/en\/\"},{\"@type\":\"ListItem\",\"position\":2,\"name\":\"\u00c1ruh\u00e1z\",\"item\":\"https:\/\/djabe.hu\/uzlet\/\"},{\"@type\":\"ListItem\",\"position\":3,\"name\":\"Djabe &#038; Steve Hackett \u2013 The Journey Continues &#8211; 4 track reel-to-reel tape\"}]},{\"@type\":\"WebSite\",\"@id\":\"https:\/\/djabe.hu\/en\/#website\",\"url\":\"https:\/\/djabe.hu\/en\/\",\"name\":\"Djabe\",\"description\":\"Official site\",\"potentialAction\":[{\"@type\":\"SearchAction\",\"target\":{\"@type\":\"EntryPoint\",\"urlTemplate\":\"https:\/\/djabe.hu\/en\/?s={search_term_string}\"},\"query-input\":{\"@type\":\"PropertyValueSpecification\",\"valueRequired\":true,\"valueName\":\"search_term_string\"}}],\"inLanguage\":\"en-US\"}]}<\/script>\n<!-- \/ Yoast SEO plugin. -->","yoast_head_json":{"title":"Djabe & Steve Hackett \u2013 The Journey Continues - 4 track reel-to-reel tape - Djabe","description":"The Journey Continues Tour in 2019 reached three countries in early August. The closing night performance was recorded in Ny\u00edregyh\u00e1za, Hungary.Attila \u00c9gerh\u00e1zi talked about the set-list of this tour: \u201eDuring the compilation of the 2019 concert set-list our common creation, the pieces of Life Is A Journey, formed the backbone of the show, complemented in healthy proportions by compositions by Djabe, Steve Hackett and Genesis.","robots":{"index":"index","follow":"follow","max-snippet":"max-snippet:-1","max-image-preview":"max-image-preview:large","max-video-preview":"max-video-preview:-1"},"canonical":"https:\/\/djabe.hu\/uzlet\/djabe-steve-hackett-the-journey-continues-negyedsavos-magnoszalag\/","og_locale":"en_US","og_type":"article","og_title":"Djabe & Steve Hackett \u2013 The Journey Continues - 4 track reel-to-reel tape","og_description":"The Journey Continues Tour in 2019 reached three countries in early August. The closing night performance was recorded in Ny\u00edregyh\u00e1za, Hungary.Attila \u00c9gerh\u00e1zi talked about the set-list of this tour: \u201eDuring the compilation of the 2019 concert set-list our common creation, the pieces of Life Is A Journey, formed the backbone of the show, complemented in healthy proportions by compositions by Djabe, Steve Hackett and Genesis.","og_url":"https:\/\/djabe.hu\/uzlet\/djabe-steve-hackett-the-journey-continues-negyedsavos-magnoszalag\/","og_site_name":"Djabe","article_modified_time":"2025-12-08T10:23:30+00:00","og_image":[{"width":1500,"height":1500,"url":"https:\/\/djabe.hu\/wp-content\/uploads\/2021\/03\/Djabe_The_Journey_Continues_2021_4TRACK.jpg","type":"image\/jpeg"}],"twitter_card":"summary_large_image","twitter_title":"Djabe & Steve Hackett \u2013 The Journey Continues - 4 track reel-to-reel tape","twitter_image":"https:\/\/djabe.hu\/wp-content\/uploads\/2021\/03\/Djabe_The_Journey_Continues_2021_4TRACK.jpg","twitter_misc":{"Est. reading time":"2 minutes"},"schema":{"@context":"https:\/\/schema.org","@graph":[{"@type":"WebPage","@id":"https:\/\/djabe.hu\/uzlet\/djabe-steve-hackett-the-journey-continues-negyedsavos-magnoszalag\/","url":"https:\/\/djabe.hu\/uzlet\/djabe-steve-hackett-the-journey-continues-negyedsavos-magnoszalag\/","name":"Djabe & Steve Hackett \u2013 The Journey Continues - 4 track reel-to-reel tape - Djabe","isPartOf":{"@id":"https:\/\/djabe.hu\/en\/#website"},"primaryImageOfPage":{"@id":"https:\/\/djabe.hu\/uzlet\/djabe-steve-hackett-the-journey-continues-negyedsavos-magnoszalag\/#primaryimage"},"image":{"@id":"https:\/\/djabe.hu\/uzlet\/djabe-steve-hackett-the-journey-continues-negyedsavos-magnoszalag\/#primaryimage"},"thumbnailUrl":"https:\/\/djabe.hu\/wp-content\/uploads\/2021\/03\/Djabe_The_Journey_Continues_2021_4TRACK.jpg","datePublished":"2021-03-24T11:10:47+00:00","dateModified":"2025-12-08T10:23:30+00:00","description":"The Journey Continues Tour in 2019 reached three countries in early August. The closing night performance was recorded in Ny\u00edregyh\u00e1za, Hungary.Attila \u00c9gerh\u00e1zi talked about the set-list of this tour: \u201eDuring the compilation of the 2019 concert set-list our common creation, the pieces of Life Is A Journey, formed the backbone of the show, complemented in healthy proportions by compositions by Djabe, Steve Hackett and Genesis.","breadcrumb":{"@id":"https:\/\/djabe.hu\/uzlet\/djabe-steve-hackett-the-journey-continues-negyedsavos-magnoszalag\/#breadcrumb"},"inLanguage":"en-US","potentialAction":[{"@type":"ReadAction","target":["https:\/\/djabe.hu\/uzlet\/djabe-steve-hackett-the-journey-continues-negyedsavos-magnoszalag\/"]}]},{"@type":"ImageObject","inLanguage":"en-US","@id":"https:\/\/djabe.hu\/uzlet\/djabe-steve-hackett-the-journey-continues-negyedsavos-magnoszalag\/#primaryimage","url":"https:\/\/djabe.hu\/wp-content\/uploads\/2021\/03\/Djabe_The_Journey_Continues_2021_4TRACK.jpg","contentUrl":"https:\/\/djabe.hu\/wp-content\/uploads\/2021\/03\/Djabe_The_Journey_Continues_2021_4TRACK.jpg","width":1500,"height":1500,"caption":"Djabe & Steve Hackett \u2013 The Journey Continues - 4 track reel-to-reel tape"},{"@type":"BreadcrumbList","@id":"https:\/\/djabe.hu\/uzlet\/djabe-steve-hackett-the-journey-continues-negyedsavos-magnoszalag\/#breadcrumb","itemListElement":[{"@type":"ListItem","position":1,"name":"Home","item":"https:\/\/djabe.hu\/en\/"},{"@type":"ListItem","position":2,"name":"\u00c1ruh\u00e1z","item":"https:\/\/djabe.hu\/uzlet\/"},{"@type":"ListItem","position":3,"name":"Djabe &#038; Steve Hackett \u2013 The Journey Continues &#8211; 4 track reel-to-reel tape"}]},{"@type":"WebSite","@id":"https:\/\/djabe.hu\/en\/#website","url":"https:\/\/djabe.hu\/en\/","name":"Djabe","description":"Official site","potentialAction":[{"@type":"SearchAction","target":{"@type":"EntryPoint","urlTemplate":"https:\/\/djabe.hu\/en\/?s={search_term_string}"},"query-input":{"@type":"PropertyValueSpecification","valueRequired":true,"valueName":"search_term_string"}}],"inLanguage":"en-US"}]}},"jetpack_sharing_enabled":true,"_links":{"self":[{"href":"https:\/\/djabe.hu\/en\/wp-json\/wp\/v2\/product\/8601","targetHints":{"allow":["GET"]}}],"collection":[{"href":"https:\/\/djabe.hu\/en\/wp-json\/wp\/v2\/product"}],"about":[{"href":"https:\/\/djabe.hu\/en\/wp-json\/wp\/v2\/types\/product"}],"wp:featuredmedia":[{"embeddable":true,"href":"https:\/\/djabe.hu\/en\/wp-json\/wp\/v2\/media\/8593"}],"wp:attachment":[{"href":"https:\/\/djabe.hu\/en\/wp-json\/wp\/v2\/media?parent=8601"}],"wp:term":[{"taxonomy":"product_brand","embeddable":true,"href":"https:\/\/djabe.hu\/en\/wp-json\/wp\/v2\/product_brand?post=8601"},{"taxonomy":"product_cat","embeddable":true,"href":"https:\/\/djabe.hu\/en\/wp-json\/wp\/v2\/product_cat?post=8601"},{"taxonomy":"product_tag","embeddable":true,"href":"https:\/\/djabe.hu\/en\/wp-json\/wp\/v2\/product_tag?post=8601"}],"curies":[{"name":"wp","href":"https:\/\/api.w.org\/{rel}","templated":true}]}}