{"id":8595,"date":"2021-03-23T11:50:24","date_gmt":"2021-03-23T10:50:24","guid":{"rendered":"https:\/\/djabe.hu\/?post_type=product&#038;p=8595"},"modified":"2026-04-08T15:34:39","modified_gmt":"2026-04-08T14:34:39","slug":"djabe-the-journey-continues-2021-2cd-dvd","status":"publish","type":"product","link":"https:\/\/djabe.hu\/en\/uzlet\/djabe-the-journey-continues-2021-2cd-dvd\/","title":{"rendered":"Djabe &#038; Steve Hackett \u2013 The Journey Continues \u2013 2CD\/DVD"},"content":{"rendered":"<p>The Journey Continues Tour in 2019 reached three countries in early August. The closing night performance was recorded in Ny\u00edregyh\u00e1za, Hungary. This show will be released on 2CD\/DVD in May by the London-based Cherry Red Records.<\/p>\n<p>Attila \u00c9gerh\u00e1zi talked about the set-list of this tour: \u201eDuring the compilation of the 2019 concert set-list our common creation, the pieces of Life Is A Journey, formed the backbone of the show, complemented in healthy proportions by compositions by Djabe, Steve Hackett and Genesis. We have always strived to be able to show our audience something new, so once again now we have included compositions that we have never played together. Such as one of my personal favourites, Hairless Heart from Genesis\u2019s Lamb Lies Down On Broadway opus. For the first time in Djabe\u2019s repertoire, we played the New Words with Steve, while Reflection Of Thi\u00e9rache was last on the set list in 2008. This was the first composition in which Steve contributed to a Djabe album, back in 2003. Tears For Peace is also almost new, as we only played it live a few times after its 2012 release. Castelsardo At Night premiered on this tour live from the album Life Is A Journey.<br \/>\nThe performance was excellent, Steve wrote in his blog after the concert:<br \/>\n\u201dIt went well, Djabe\u2019s extraordinary musicianship was appreciated and everyone was in great spirits.\u201d<\/p>\n<p>The 8 panel digipak houses 3 discs, and 24-page illustrated booklet with quotes from Steve Hackett &amp; Djabe.<br \/>\nThe NTSC \/ Region Free DVD in this set also includes the bonus features the tracks \u2018In That Quiet Earth\u2019 and \u2018After Limoncello\u2019, recorded in St. Veit, Austria in 2018 and \u2018White Bears\u2019, recorded in Washington DC in 2019.<\/p>\n<p style=\"text-align: center;\"><div class='content-column one_half'><h2 style=\"text-align: center;\">DISC ONE \u2013 CD1:<\/h2>\n<p style=\"text-align: center;\">1. NEW WORDS<br \/>\n2. REFLECTIONS OF THIERACHE<br \/>\n3. LIFE IS A JOURNEY<br \/>\n4. CASTELSARDO AT NIGHT<br \/>\n5. BUZZY ISLAND<br \/>\n6. TEARS FOR PEACE<\/p>\n<h2 style=\"text-align: center;\">DISC TWO \u2013 CD2:<\/h2>\n<p style=\"text-align: center;\">1. LAST TRAIN TO ISTANBUL<br \/>\n2. GOLDEN SAND<br \/>\n3. HAIRLESS HEART<br \/>\n4. FIRTH OF FIFTH<br \/>\n5. GALLOP<br \/>\n6. LAVA LAMP<br \/>\n7. LOS ENDOS<br \/>\nBONUS TRACKS:<br \/>\n8. IN THAT QUIET EARTH<br \/>\n9. AFTER LIMONCELLO<br \/>\n(RECORDED IN ST.VEIT, AUSTRIA, 2018)<\/p>\n<h2 style=\"text-align: center;\">DISC THREE &#8211; DVD:<\/h2>\n<p style=\"text-align: center;\">1. NEW WORDS<br \/>\n2. REFLECTIONS OF THIERACHE<br \/>\n3. LIFE IS A JOURNEY<br \/>\n4. CASTELSARDO AT NIGHT<br \/>\n5. BUZZY ISLAND<br \/>\n6. TEARS FOR PEACE<br \/>\n7. LAST TRAIN TO ISTANBUL<br \/>\n8. GOLDEN SAND<br \/>\n9. HAIRLESS HEART<br \/>\n10. FIRTH OF FIFTH<br \/>\n11. GALLOP<br \/>\n12. LAVA LAMP<br \/>\n13. LOS ENDOS<\/p>\n<p style=\"text-align: center;\"><\/div>\n<p style=\"text-align: center;\"><div class='content-column one_half last_column'><h2 style=\"text-align: center;\">DVD EXTRAS:<\/h2>\n<p style=\"text-align: center;\">1. IN THAT QUIET EARTH (ST. VEIT, AUSTRIA, 2018)<br \/>\n2. AFTER LIMONCELLO (ST. VEIT, AUSTRIA, 2018)<br \/>\n3. WHITE BEARS (WASHINGTON DC, USA 2019)<\/p>\n<h2 style=\"text-align: center;\">K\u00f6zrem\u0171k\u00f6d\u0151 el\u0151ad\u00f3k:<\/h2>\n<p style=\"text-align: center;\">Steve Hackett \u2013 guitar, vocal<br \/>\nTam\u00e1s Barab\u00e1s \u2013 bass guitar, vocal<br \/>\nAttila \u00c9gerh\u00e1zi \u2013 guitar, percussion, vocal<br \/>\n\u00c1ron Ko\u00f3s-Hut\u00e1s \u2013 trumpet, flugelhorn<br \/>\nJ\u00e1nos Nagy \u2013 keyboards<br \/>\nP\u00e9ter Kasz\u00e1s \u2013 drums, vocal, percussion<br \/>\nGulli Briem \u2013 drums (After Limoncello)<\/p>\n<p style=\"text-align: center;\"><\/div><div class='clear_column'><\/div>\n<p style=\"text-align: center;\"><a href=\"https:\/\/djabe.hu\/wp-content\/uploads\/2021\/03\/Djabe_TJC_digipak_3_lemezes_v1_open_final_v1.jpg\"><img loading=\"lazy\" decoding=\"async\" class=\"aligncenter size-large wp-image-8597\" src=\"https:\/\/djabe.hu\/wp-content\/uploads\/2021\/03\/Djabe_TJC_digipak_3_lemezes_v1_open_final_v1-1024x576.jpg\" alt=\"\" width=\"900\" height=\"506\" srcset=\"https:\/\/djabe.hu\/wp-content\/uploads\/2021\/03\/Djabe_TJC_digipak_3_lemezes_v1_open_final_v1-1024x576.jpg 1024w, https:\/\/djabe.hu\/wp-content\/uploads\/2021\/03\/Djabe_TJC_digipak_3_lemezes_v1_open_final_v1-300x169.jpg 300w, https:\/\/djabe.hu\/wp-content\/uploads\/2021\/03\/Djabe_TJC_digipak_3_lemezes_v1_open_final_v1-768x432.jpg 768w, https:\/\/djabe.hu\/wp-content\/uploads\/2021\/03\/Djabe_TJC_digipak_3_lemezes_v1_open_final_v1-1536x864.jpg 1536w, https:\/\/djabe.hu\/wp-content\/uploads\/2021\/03\/Djabe_TJC_digipak_3_lemezes_v1_open_final_v1-600x338.jpg 600w, https:\/\/djabe.hu\/wp-content\/uploads\/2021\/03\/Djabe_TJC_digipak_3_lemezes_v1_open_final_v1.jpg 1920w\" sizes=\"auto, (max-width: 900px) 100vw, 900px\" \/><\/a><\/p>\n<p><\/p>","protected":false},"excerpt":{"rendered":"<h3><strong>The 8 panel digipak houses 3 discs, and 24-page illustrated booklet with quotes from Steve Hackett &amp; Djabe.<\/strong><br \/>\n<strong>The NTSC \/ Region Free DVD in this set also includes the bonus features the tracks \u2018In That Quiet Earth\u2019 and \u2018After Limoncello\u2019, recorded in St. Veit, Austria in 2018 and \u2018White Bears\u2019, recorded in Washington DC in 2019.<\/strong><\/h3>\n","protected":false},"featured_media":8591,"template":"","meta":[],"product_brand":[],"product_cat":[38,41,73],"product_tag":[],"class_list":{"0":"post-8595","1":"product","2":"type-product","3":"status-publish","4":"has-post-thumbnail","6":"product_cat-cd","7":"product_cat-dvd","8":"product_cat-steve-hackett","9":"repupress_customize_woocommerce_productom_class","11":"first","12":"instock","13":"shipping-taxable","14":"purchasable","15":"product-type-simple"},"yoast_head":"<!-- This site is optimized with the Yoast SEO plugin v27.4 - https:\/\/yoast.com\/product\/yoast-seo-wordpress\/ -->\n<title>Djabe &amp; Steve Hackett \u2013 The Journey Continues \u2013 2CD\/DVD - Djabe<\/title>\n<meta name=\"description\" content=\"The Journey Continues Tour in 2019 reached three countries in early August. The closing night performance was recorded in Ny\u00edregyh\u00e1za, Hungary. This show will be released on 2CD\/DVD in May by the London-based Cherry Red Records.\" \/>\n<meta name=\"robots\" content=\"index, follow, max-snippet:-1, max-image-preview:large, max-video-preview:-1\" \/>\n<link rel=\"canonical\" href=\"https:\/\/djabe.hu\/uzlet\/djabe-the-journey-continues-2021-2cd-dvd\/\" \/>\n<meta property=\"og:locale\" content=\"en_US\" \/>\n<meta property=\"og:type\" content=\"article\" \/>\n<meta property=\"og:title\" content=\"Djabe &amp; Steve Hackett \u2013 The Journey Continues \u2013 2CD\/DVD\" \/>\n<meta property=\"og:description\" content=\"The Journey Continues Tour in 2019 reached three countries in early August. The closing night performance was recorded in Ny\u00edregyh\u00e1za, Hungary. This show will be released on 2CD\/DVD in May by the London-based Cherry Red Records.\" \/>\n<meta property=\"og:url\" content=\"https:\/\/djabe.hu\/uzlet\/djabe-the-journey-continues-2021-2cd-dvd\/\" \/>\n<meta property=\"og:site_name\" content=\"Djabe\" \/>\n<meta property=\"article:modified_time\" content=\"2026-04-08T14:34:39+00:00\" \/>\n<meta property=\"og:image\" content=\"https:\/\/djabe.hu\/wp-content\/uploads\/2021\/03\/Djabe_The_Journey_Continues_2021_2CD_DVD.jpg\" \/>\n\t<meta property=\"og:image:width\" content=\"1500\" \/>\n\t<meta property=\"og:image:height\" content=\"1500\" \/>\n\t<meta property=\"og:image:type\" content=\"image\/jpeg\" \/>\n<meta name=\"twitter:card\" content=\"summary_large_image\" \/>\n<meta name=\"twitter:title\" content=\"Djabe &amp; Steve Hackett \u2013 The Journey Continues \u2013 2CD\/DVD\" \/>\n<meta name=\"twitter:image\" content=\"https:\/\/djabe.hu\/wp-content\/uploads\/2021\/03\/Djabe_The_Journey_Continues_2021_2CD_DVD.jpg\" \/>\n<meta name=\"twitter:label1\" content=\"Est. reading time\" \/>\n\t<meta name=\"twitter:data1\" content=\"3 minutes\" \/>\n<script type=\"application\/ld+json\" class=\"yoast-schema-graph\">{\"@context\":\"https:\\\/\\\/schema.org\",\"@graph\":[{\"@type\":\"WebPage\",\"@id\":\"https:\\\/\\\/djabe.hu\\\/uzlet\\\/djabe-the-journey-continues-2021-2cd-dvd\\\/\",\"url\":\"https:\\\/\\\/djabe.hu\\\/uzlet\\\/djabe-the-journey-continues-2021-2cd-dvd\\\/\",\"name\":\"Djabe & Steve Hackett \u2013 The Journey Continues \u2013 2CD\\\/DVD - Djabe\",\"isPartOf\":{\"@id\":\"https:\\\/\\\/djabe.hu\\\/en\\\/#website\"},\"primaryImageOfPage\":{\"@id\":\"https:\\\/\\\/djabe.hu\\\/uzlet\\\/djabe-the-journey-continues-2021-2cd-dvd\\\/#primaryimage\"},\"image\":{\"@id\":\"https:\\\/\\\/djabe.hu\\\/uzlet\\\/djabe-the-journey-continues-2021-2cd-dvd\\\/#primaryimage\"},\"thumbnailUrl\":\"https:\\\/\\\/djabe.hu\\\/wp-content\\\/uploads\\\/2021\\\/03\\\/Djabe_The_Journey_Continues_2021_2CD_DVD.jpg\",\"datePublished\":\"2021-03-23T10:50:24+00:00\",\"dateModified\":\"2026-04-08T14:34:39+00:00\",\"description\":\"The Journey Continues Tour in 2019 reached three countries in early August. The closing night performance was recorded in Ny\u00edregyh\u00e1za, Hungary. This show will be released on 2CD\\\/DVD in May by the London-based Cherry Red Records.\",\"breadcrumb\":{\"@id\":\"https:\\\/\\\/djabe.hu\\\/uzlet\\\/djabe-the-journey-continues-2021-2cd-dvd\\\/#breadcrumb\"},\"inLanguage\":\"en-US\",\"potentialAction\":[{\"@type\":\"ReadAction\",\"target\":[\"https:\\\/\\\/djabe.hu\\\/uzlet\\\/djabe-the-journey-continues-2021-2cd-dvd\\\/\"]}]},{\"@type\":\"ImageObject\",\"inLanguage\":\"en-US\",\"@id\":\"https:\\\/\\\/djabe.hu\\\/uzlet\\\/djabe-the-journey-continues-2021-2cd-dvd\\\/#primaryimage\",\"url\":\"https:\\\/\\\/djabe.hu\\\/wp-content\\\/uploads\\\/2021\\\/03\\\/Djabe_The_Journey_Continues_2021_2CD_DVD.jpg\",\"contentUrl\":\"https:\\\/\\\/djabe.hu\\\/wp-content\\\/uploads\\\/2021\\\/03\\\/Djabe_The_Journey_Continues_2021_2CD_DVD.jpg\",\"width\":1500,\"height\":1500,\"caption\":\"Djabe & Steve Hackett \u2013 The Journey Continues \u2013 2CD\\\/DVD\"},{\"@type\":\"BreadcrumbList\",\"@id\":\"https:\\\/\\\/djabe.hu\\\/uzlet\\\/djabe-the-journey-continues-2021-2cd-dvd\\\/#breadcrumb\",\"itemListElement\":[{\"@type\":\"ListItem\",\"position\":1,\"name\":\"Home\",\"item\":\"https:\\\/\\\/djabe.hu\\\/en\\\/\"},{\"@type\":\"ListItem\",\"position\":2,\"name\":\"\u00c1ruh\u00e1z\",\"item\":\"https:\\\/\\\/djabe.hu\\\/uzlet\\\/\"},{\"@type\":\"ListItem\",\"position\":3,\"name\":\"Djabe &#038; Steve Hackett \u2013 The Journey Continues \u2013 2CD\\\/DVD\"}]},{\"@type\":\"WebSite\",\"@id\":\"https:\\\/\\\/djabe.hu\\\/en\\\/#website\",\"url\":\"https:\\\/\\\/djabe.hu\\\/en\\\/\",\"name\":\"Djabe\",\"description\":\"Official site\",\"potentialAction\":[{\"@type\":\"SearchAction\",\"target\":{\"@type\":\"EntryPoint\",\"urlTemplate\":\"https:\\\/\\\/djabe.hu\\\/en\\\/?s={search_term_string}\"},\"query-input\":{\"@type\":\"PropertyValueSpecification\",\"valueRequired\":true,\"valueName\":\"search_term_string\"}}],\"inLanguage\":\"en-US\"}]}<\/script>\n<!-- \/ Yoast SEO plugin. -->","yoast_head_json":{"title":"Djabe & Steve Hackett \u2013 The Journey Continues \u2013 2CD\/DVD - Djabe","description":"The Journey Continues Tour in 2019 reached three countries in early August. The closing night performance was recorded in Ny\u00edregyh\u00e1za, Hungary. This show will be released on 2CD\/DVD in May by the London-based Cherry Red Records.","robots":{"index":"index","follow":"follow","max-snippet":"max-snippet:-1","max-image-preview":"max-image-preview:large","max-video-preview":"max-video-preview:-1"},"canonical":"https:\/\/djabe.hu\/uzlet\/djabe-the-journey-continues-2021-2cd-dvd\/","og_locale":"en_US","og_type":"article","og_title":"Djabe & Steve Hackett \u2013 The Journey Continues \u2013 2CD\/DVD","og_description":"The Journey Continues Tour in 2019 reached three countries in early August. The closing night performance was recorded in Ny\u00edregyh\u00e1za, Hungary. This show will be released on 2CD\/DVD in May by the London-based Cherry Red Records.","og_url":"https:\/\/djabe.hu\/uzlet\/djabe-the-journey-continues-2021-2cd-dvd\/","og_site_name":"Djabe","article_modified_time":"2026-04-08T14:34:39+00:00","og_image":[{"width":1500,"height":1500,"url":"https:\/\/djabe.hu\/wp-content\/uploads\/2021\/03\/Djabe_The_Journey_Continues_2021_2CD_DVD.jpg","type":"image\/jpeg"}],"twitter_card":"summary_large_image","twitter_title":"Djabe & Steve Hackett \u2013 The Journey Continues \u2013 2CD\/DVD","twitter_image":"https:\/\/djabe.hu\/wp-content\/uploads\/2021\/03\/Djabe_The_Journey_Continues_2021_2CD_DVD.jpg","twitter_misc":{"Est. reading time":"3 minutes"},"schema":{"@context":"https:\/\/schema.org","@graph":[{"@type":"WebPage","@id":"https:\/\/djabe.hu\/uzlet\/djabe-the-journey-continues-2021-2cd-dvd\/","url":"https:\/\/djabe.hu\/uzlet\/djabe-the-journey-continues-2021-2cd-dvd\/","name":"Djabe & Steve Hackett \u2013 The Journey Continues \u2013 2CD\/DVD - Djabe","isPartOf":{"@id":"https:\/\/djabe.hu\/en\/#website"},"primaryImageOfPage":{"@id":"https:\/\/djabe.hu\/uzlet\/djabe-the-journey-continues-2021-2cd-dvd\/#primaryimage"},"image":{"@id":"https:\/\/djabe.hu\/uzlet\/djabe-the-journey-continues-2021-2cd-dvd\/#primaryimage"},"thumbnailUrl":"https:\/\/djabe.hu\/wp-content\/uploads\/2021\/03\/Djabe_The_Journey_Continues_2021_2CD_DVD.jpg","datePublished":"2021-03-23T10:50:24+00:00","dateModified":"2026-04-08T14:34:39+00:00","description":"The Journey Continues Tour in 2019 reached three countries in early August. The closing night performance was recorded in Ny\u00edregyh\u00e1za, Hungary. This show will be released on 2CD\/DVD in May by the London-based Cherry Red Records.","breadcrumb":{"@id":"https:\/\/djabe.hu\/uzlet\/djabe-the-journey-continues-2021-2cd-dvd\/#breadcrumb"},"inLanguage":"en-US","potentialAction":[{"@type":"ReadAction","target":["https:\/\/djabe.hu\/uzlet\/djabe-the-journey-continues-2021-2cd-dvd\/"]}]},{"@type":"ImageObject","inLanguage":"en-US","@id":"https:\/\/djabe.hu\/uzlet\/djabe-the-journey-continues-2021-2cd-dvd\/#primaryimage","url":"https:\/\/djabe.hu\/wp-content\/uploads\/2021\/03\/Djabe_The_Journey_Continues_2021_2CD_DVD.jpg","contentUrl":"https:\/\/djabe.hu\/wp-content\/uploads\/2021\/03\/Djabe_The_Journey_Continues_2021_2CD_DVD.jpg","width":1500,"height":1500,"caption":"Djabe & Steve Hackett \u2013 The Journey Continues \u2013 2CD\/DVD"},{"@type":"BreadcrumbList","@id":"https:\/\/djabe.hu\/uzlet\/djabe-the-journey-continues-2021-2cd-dvd\/#breadcrumb","itemListElement":[{"@type":"ListItem","position":1,"name":"Home","item":"https:\/\/djabe.hu\/en\/"},{"@type":"ListItem","position":2,"name":"\u00c1ruh\u00e1z","item":"https:\/\/djabe.hu\/uzlet\/"},{"@type":"ListItem","position":3,"name":"Djabe &#038; Steve Hackett \u2013 The Journey Continues \u2013 2CD\/DVD"}]},{"@type":"WebSite","@id":"https:\/\/djabe.hu\/en\/#website","url":"https:\/\/djabe.hu\/en\/","name":"Djabe","description":"Official site","potentialAction":[{"@type":"SearchAction","target":{"@type":"EntryPoint","urlTemplate":"https:\/\/djabe.hu\/en\/?s={search_term_string}"},"query-input":{"@type":"PropertyValueSpecification","valueRequired":true,"valueName":"search_term_string"}}],"inLanguage":"en-US"}]}},"jetpack_sharing_enabled":true,"_links":{"self":[{"href":"https:\/\/djabe.hu\/en\/wp-json\/wp\/v2\/product\/8595","targetHints":{"allow":["GET"]}}],"collection":[{"href":"https:\/\/djabe.hu\/en\/wp-json\/wp\/v2\/product"}],"about":[{"href":"https:\/\/djabe.hu\/en\/wp-json\/wp\/v2\/types\/product"}],"wp:featuredmedia":[{"embeddable":true,"href":"https:\/\/djabe.hu\/en\/wp-json\/wp\/v2\/media\/8591"}],"wp:attachment":[{"href":"https:\/\/djabe.hu\/en\/wp-json\/wp\/v2\/media?parent=8595"}],"wp:term":[{"taxonomy":"product_brand","embeddable":true,"href":"https:\/\/djabe.hu\/en\/wp-json\/wp\/v2\/product_brand?post=8595"},{"taxonomy":"product_cat","embeddable":true,"href":"https:\/\/djabe.hu\/en\/wp-json\/wp\/v2\/product_cat?post=8595"},{"taxonomy":"product_tag","embeddable":true,"href":"https:\/\/djabe.hu\/en\/wp-json\/wp\/v2\/product_tag?post=8595"}],"curies":[{"name":"wp","href":"https:\/\/api.w.org\/{rel}","templated":true}]}}