{"id":8443,"date":"2021-02-12T11:41:59","date_gmt":"2021-02-12T10:41:59","guid":{"rendered":"https:\/\/djabe.hu\/?post_type=product&#038;p=8443"},"modified":"2026-04-09T08:02:54","modified_gmt":"2026-04-09T07:02:54","slug":"djabe-live-in-blue-lp-quality-vinyl-project-edition-2021","status":"publish","type":"product","link":"https:\/\/djabe.hu\/en\/uzlet\/djabe-live-in-blue-lp-quality-vinyl-project-edition-2021\/","title":{"rendered":"Djabe \u2013 Live in Blue LP \u2013 Quality Vinyl Project Edition 2021"},"content":{"rendered":"<p><\/p>\n<h2><span style=\"color: #ffffff;\">17 minutes sample on youtube:<\/span><\/h2>\n<p>https:\/\/youtu.be\/8MHnDUru6MU<\/p>","protected":false},"excerpt":{"rendered":"<h2><span style=\"color: #ffffff;\"><strong>140 gr, balck vinyl LP, 4 pages extended new cover, in QVP PVC outer sleeve.<\/strong><strong>limited edition, only 200 copies worldwide.<\/strong><\/span><\/h2>\n<p><span style=\"color: #ffffff;\">The LP version of the Live in Blue series limited edition produced at standards of the Quality Vinyl Projects. The new extended cover jacket contains 16 new photos and description of the album.<\/span><\/p>\n<p><span style=\"color: #ffffff;\">The recordings made at the Down And Up stereo and surround tours during 2012 \u2013 2014.\u00a0This is the first episode of the Live in Blue LP, 2CD, DVD, Blu-ray series.\u00a0Each release will contain minimum one track\u00a0is not can be found on the other discs.Djabe in 2012 in connection with the Down And Up album release started a concert series in Hungary, Europe and Canada. The tour lasted until the summer of 2014. The gigs are often joined by friends of the band. Steve Hackett played guitar from Genesis, Gulli Briem of Mezzoforte added drums and percussion, living in New York the Canadian born saxophonist John Nugent (Tony Bennett, Ella Fitzgerald, Woody Herman Orchestra) completed the list of guests. The Miskolc concert on 10 November 2013 was particularly unusual because the Miskolc Symphony Orchestra also contributed to the program. <\/span><br \/>\n<span style=\"color: #ffffff;\">The first item in the Live in Blue releases, the vinyl LP represents each stage line-up of the all the gigs. You can hear the classic line-up of Djabe in Los Sipos from the Miskolc concert and Life Spirit from \u00d3buda. These compositions will not appear on the other Live in Blue discs. <\/span><br \/>\n<span style=\"color: #ffffff;\">Steve Hackett with Djabe can be heard on the Ace of Wands from Miskolc. Jacuzzi and the Overnight Sleeper are also from Miskolc. Zolt\u00e1n Kov\u00e1cs arranged and conducted the symphony orchestra. The two soloists were S\u00e1ra Kov\u00e1cs on flute and Steve Hackett on acoustic guitar.<\/span><br \/>\n<span style=\"color: #ffffff;\">Djabe in 2013 at the Pecsa Music Hall recorded the rest of this LP, where Gulli Briem and John Nugent were the guest musicians. These pieces as two long medleys give an overview of the long career of the band.<\/span><\/p>\n<h2><span style=\"color: #ffffff;\">Track list:<\/span><\/h2>\n<h3><span style=\"color: #ffffff;\"><strong>Side A<\/strong><\/span><\/h3>\n<p><span style=\"color: #ffffff;\">Indian Experience (Barab\u00e1s)<\/span><br \/>\n<span style=\"color: #ffffff;\">End of a Beautiful Day (Barab\u00e1s \u2013 \u00c9gerh\u00e1zi)<\/span><br \/>\n<span style=\"color: #ffffff;\">Hang Song (Briem \u2013 Barab\u00e1s)<\/span><br \/>\n<span style=\"color: #ffffff;\">This is not America (Bowie \u2013 Metheny \u2013 Mays)<\/span><br \/>\n<span style=\"color: #ffffff;\">Butterfly (Barab\u00e1s)<\/span><br \/>\n<span style=\"color: #ffffff;\">House on the Hill (Barab\u00e1s \u2013 \u00c9gerh\u00e1zi)<\/span><br \/>\n<span style=\"color: #ffffff;\">Los Sipos (Barab\u00e1s)<\/span><\/p>\n<h3><span style=\"color: #ffffff;\"><strong>Side B<\/strong><\/span><\/h3>\n<p><span style=\"color: #ffffff;\">Ace of Wands (Steve Hackett)<\/span><br \/>\n<span style=\"color: #ffffff;\">Jacuzzi (Steve Hackett)<\/span><br \/>\n<span style=\"color: #ffffff;\">Overnight Sleeper (Steve Hackett)<\/span><br \/>\n<span style=\"color: #ffffff;\">Hortob\u00e1gy at Winter (Barab\u00e1s)<\/span><br \/>\n<span style=\"color: #ffffff;\">Clouds Dance (Barab\u00e1s \u2013 \u00c9gerh\u00e1zi)<\/span><br \/>\n<span style=\"color: #ffffff;\">First Step (Barab\u00e1s \u2013 \u00c9gerh\u00e1zi)<\/span><br \/>\n<span style=\"color: #ffffff;\">Distant Dance (\u00c9gerh\u00e1zi)<\/span><br \/>\n<span style=\"color: #ffffff;\">Life Spirit (\u00c9gerh\u00e1zi \u2013 Barab\u00e1s)<\/span><\/p>\n<h2><span style=\"color: #ffffff;\">Musicians:<\/span><\/h2>\n<p><span style=\"color: #ffffff;\">Szil\u00e1rd Banai \u2013 drums<\/span><br \/>\n<span style=\"color: #ffffff;\">Tam\u00e1s Barab\u00e1s \u2013 bass guitar<\/span><br \/>\n<span style=\"color: #ffffff;\">Attila \u00c9gerh\u00e1zi \u2013 guitar, percussion<\/span><br \/>\n<span style=\"color: #ffffff;\">Ferenc Kov\u00e1cs \u2013 trumpet, violin<\/span><br \/>\n<span style=\"color: #ffffff;\">Zolt\u00e1n Kov\u00e1cs \u2013 keyboards<\/span><br \/>\n<span style=\"color: #ffffff;\">Gulli Briem \u2013 hang, djembe, shaker, drums<\/span><br \/>\n<span style=\"color: #ffffff;\">John Nugent \u2013 tenor and soprano saxophone<\/span><br \/>\n<span style=\"color: #ffffff;\">Hungarian Symphony Orchestra Miskolc<\/span><\/p>\n<h2><span style=\"color: #ffffff;\">Release date: 5th March 2021<\/span><\/h2>\n","protected":false},"featured_media":8450,"template":"","meta":[],"product_brand":[],"product_cat":[40,73],"product_tag":[],"class_list":{"0":"post-8443","1":"product","2":"type-product","3":"status-publish","4":"has-post-thumbnail","6":"product_cat-lp","7":"product_cat-steve-hackett","8":"repupress_customize_woocommerce_productom_class","10":"first","11":"instock","12":"shipping-taxable","13":"purchasable","14":"product-type-simple"},"yoast_head":"<!-- This site is optimized with the Yoast SEO plugin v27.4 - https:\/\/yoast.com\/product\/yoast-seo-wordpress\/ -->\n<title>Djabe \u2013 Live in Blue LP \u2013 Quality Vinyl Project Edition 2021 - Djabe<\/title>\n<meta name=\"description\" content=\"The recordings made at the Down And Up stereo and surround tours during 2012 \u2013 2014.\u00a0This is the first episode of the Live in Blue LP, 2CD, DVD, Blu-ray series.\u00a0Each release will contain minimum one track\u00a0is not can be found on the other discs.Djabe in 2012 in connection with the Down And Up album release started a concert series in Hungary, Europe and Canada. The tour lasted until the summer of 2014. The gigs are often joined by friends of the band. Steve Hackett played guitar from Genesis, Gulli Briem of Mezzoforte added drums and percussion, living in New York the Canadian born saxophonist John Nugent (Tony Bennett, Ella Fitzgerald, Woody Herman Orchestra) completed the list of guests. The Miskolc concert on 10 November 2013 was particularly unusual because the Miskolc Symphony Orchestra also contributed to the program.\" \/>\n<meta name=\"robots\" content=\"index, follow, max-snippet:-1, max-image-preview:large, max-video-preview:-1\" \/>\n<link rel=\"canonical\" href=\"https:\/\/djabe.hu\/uzlet\/djabe-live-in-blue-lp-quality-vinyl-project-edition-2021\/\" \/>\n<meta property=\"og:locale\" content=\"en_US\" \/>\n<meta property=\"og:type\" content=\"article\" \/>\n<meta property=\"og:title\" content=\"Djabe \u2013 Live in Blue LP \u2013 Quality Vinyl Project Edition 2021\" \/>\n<meta property=\"og:description\" content=\"{:en}The recordings made at the Down And Up stereo and surround tours during 2012 \u2013 2014.\u00a0This is the first episode of the Live in Blue LP, 2CD, DVD, Blu-ray series.\u00a0Each release will contain minimum one track\u00a0is not can be found on the other discs.Djabe in 2012 in connection with the Down And Up album release started a concert series in Hungary, Europe and Canada. The tour lasted until the summer of 2014. The gigs are often joined by friends of the band. Steve Hackett played guitar from Genesis, Gulli Briem of Mezzoforte added drums and percussion, living in New York the Canadian born saxophonist John Nugent (Tony Bennett, Ella Fitzgerald, Woody Herman Orchestra) completed the list of guests. The Miskolc concert on 10 November 2013 was particularly unusual because the Miskolc Symphony Orchestra also contributed to the program.{:}\" \/>\n<meta property=\"og:url\" content=\"https:\/\/djabe.hu\/uzlet\/djabe-live-in-blue-lp-quality-vinyl-project-edition-2021\/\" \/>\n<meta property=\"og:site_name\" content=\"Djabe\" \/>\n<meta property=\"article:modified_time\" content=\"2026-04-09T07:02:54+00:00\" \/>\n<meta property=\"og:image\" content=\"https:\/\/djabe.hu\/wp-content\/uploads\/2021\/02\/djabe_live_in_blue_LP_GR-152_mockup_QVP.png\" \/>\n\t<meta property=\"og:image:width\" content=\"1920\" \/>\n\t<meta property=\"og:image:height\" content=\"1920\" \/>\n\t<meta property=\"og:image:type\" content=\"image\/png\" \/>\n<meta name=\"twitter:card\" content=\"summary_large_image\" \/>\n<meta name=\"twitter:title\" content=\"Djabe \u2013 Live in Blue LP \u2013 Quality Vinyl Project Edition 2021\" \/>\n<meta name=\"twitter:image\" content=\"https:\/\/djabe.hu\/wp-content\/uploads\/2021\/02\/djabe_live_in_blue_LP_GR-152_mockup_QVP.png\" \/>\n<script type=\"application\/ld+json\" class=\"yoast-schema-graph\">{\"@context\":\"https:\\\/\\\/schema.org\",\"@graph\":[{\"@type\":\"WebPage\",\"@id\":\"https:\\\/\\\/djabe.hu\\\/uzlet\\\/djabe-live-in-blue-lp-quality-vinyl-project-edition-2021\\\/\",\"url\":\"https:\\\/\\\/djabe.hu\\\/uzlet\\\/djabe-live-in-blue-lp-quality-vinyl-project-edition-2021\\\/\",\"name\":\"Djabe \u2013 Live in Blue LP \u2013 Quality Vinyl Project Edition 2021 - Djabe\",\"isPartOf\":{\"@id\":\"https:\\\/\\\/djabe.hu\\\/en\\\/#website\"},\"primaryImageOfPage\":{\"@id\":\"https:\\\/\\\/djabe.hu\\\/uzlet\\\/djabe-live-in-blue-lp-quality-vinyl-project-edition-2021\\\/#primaryimage\"},\"image\":{\"@id\":\"https:\\\/\\\/djabe.hu\\\/uzlet\\\/djabe-live-in-blue-lp-quality-vinyl-project-edition-2021\\\/#primaryimage\"},\"thumbnailUrl\":\"https:\\\/\\\/djabe.hu\\\/wp-content\\\/uploads\\\/2021\\\/02\\\/djabe_live_in_blue_LP_GR-152_mockup_QVP.png\",\"datePublished\":\"2021-02-12T10:41:59+00:00\",\"dateModified\":\"2026-04-09T07:02:54+00:00\",\"description\":\"{:en}The recordings made at the Down And Up stereo and surround tours during 2012 \u2013 2014.\u00a0This is the first episode of the Live in Blue LP, 2CD, DVD, Blu-ray series.\u00a0Each release will contain minimum one track\u00a0is not can be found on the other discs.Djabe in 2012 in connection with the Down And Up album release started a concert series in Hungary, Europe and Canada. The tour lasted until the summer of 2014. The gigs are often joined by friends of the band. Steve Hackett played guitar from Genesis, Gulli Briem of Mezzoforte added drums and percussion, living in New York the Canadian born saxophonist John Nugent (Tony Bennett, Ella Fitzgerald, Woody Herman Orchestra) completed the list of guests. The Miskolc concert on 10 November 2013 was particularly unusual because the Miskolc Symphony Orchestra also contributed to the program.{:}\",\"breadcrumb\":{\"@id\":\"https:\\\/\\\/djabe.hu\\\/uzlet\\\/djabe-live-in-blue-lp-quality-vinyl-project-edition-2021\\\/#breadcrumb\"},\"inLanguage\":\"en-US\",\"potentialAction\":[{\"@type\":\"ReadAction\",\"target\":[\"https:\\\/\\\/djabe.hu\\\/uzlet\\\/djabe-live-in-blue-lp-quality-vinyl-project-edition-2021\\\/\"]}]},{\"@type\":\"ImageObject\",\"inLanguage\":\"en-US\",\"@id\":\"https:\\\/\\\/djabe.hu\\\/uzlet\\\/djabe-live-in-blue-lp-quality-vinyl-project-edition-2021\\\/#primaryimage\",\"url\":\"https:\\\/\\\/djabe.hu\\\/wp-content\\\/uploads\\\/2021\\\/02\\\/djabe_live_in_blue_LP_GR-152_mockup_QVP.png\",\"contentUrl\":\"https:\\\/\\\/djabe.hu\\\/wp-content\\\/uploads\\\/2021\\\/02\\\/djabe_live_in_blue_LP_GR-152_mockup_QVP.png\",\"width\":1920,\"height\":1920,\"caption\":\"Djabe \u2013 Live in Blue LP \u2013 Quality Vinyl Project Edition 2021\"},{\"@type\":\"BreadcrumbList\",\"@id\":\"https:\\\/\\\/djabe.hu\\\/uzlet\\\/djabe-live-in-blue-lp-quality-vinyl-project-edition-2021\\\/#breadcrumb\",\"itemListElement\":[{\"@type\":\"ListItem\",\"position\":1,\"name\":\"Home\",\"item\":\"https:\\\/\\\/djabe.hu\\\/en\\\/\"},{\"@type\":\"ListItem\",\"position\":2,\"name\":\"\u00c1ruh\u00e1z\",\"item\":\"https:\\\/\\\/djabe.hu\\\/uzlet\\\/\"},{\"@type\":\"ListItem\",\"position\":3,\"name\":\"Djabe \u2013 Live in Blue LP \u2013 Quality Vinyl Project Edition 2021\"}]},{\"@type\":\"WebSite\",\"@id\":\"https:\\\/\\\/djabe.hu\\\/en\\\/#website\",\"url\":\"https:\\\/\\\/djabe.hu\\\/en\\\/\",\"name\":\"Djabe\",\"description\":\"Official site\",\"potentialAction\":[{\"@type\":\"SearchAction\",\"target\":{\"@type\":\"EntryPoint\",\"urlTemplate\":\"https:\\\/\\\/djabe.hu\\\/en\\\/?s={search_term_string}\"},\"query-input\":{\"@type\":\"PropertyValueSpecification\",\"valueRequired\":true,\"valueName\":\"search_term_string\"}}],\"inLanguage\":\"en-US\"}]}<\/script>\n<!-- \/ Yoast SEO plugin. -->","yoast_head_json":{"title":"Djabe \u2013 Live in Blue LP \u2013 Quality Vinyl Project Edition 2021 - Djabe","description":"The recordings made at the Down And Up stereo and surround tours during 2012 \u2013 2014.\u00a0This is the first episode of the Live in Blue LP, 2CD, DVD, Blu-ray series.\u00a0Each release will contain minimum one track\u00a0is not can be found on the other discs.Djabe in 2012 in connection with the Down And Up album release started a concert series in Hungary, Europe and Canada. The tour lasted until the summer of 2014. The gigs are often joined by friends of the band. Steve Hackett played guitar from Genesis, Gulli Briem of Mezzoforte added drums and percussion, living in New York the Canadian born saxophonist John Nugent (Tony Bennett, Ella Fitzgerald, Woody Herman Orchestra) completed the list of guests. The Miskolc concert on 10 November 2013 was particularly unusual because the Miskolc Symphony Orchestra also contributed to the program.","robots":{"index":"index","follow":"follow","max-snippet":"max-snippet:-1","max-image-preview":"max-image-preview:large","max-video-preview":"max-video-preview:-1"},"canonical":"https:\/\/djabe.hu\/uzlet\/djabe-live-in-blue-lp-quality-vinyl-project-edition-2021\/","og_locale":"en_US","og_type":"article","og_title":"Djabe \u2013 Live in Blue LP \u2013 Quality Vinyl Project Edition 2021","og_description":"{:en}The recordings made at the Down And Up stereo and surround tours during 2012 \u2013 2014.\u00a0This is the first episode of the Live in Blue LP, 2CD, DVD, Blu-ray series.\u00a0Each release will contain minimum one track\u00a0is not can be found on the other discs.Djabe in 2012 in connection with the Down And Up album release started a concert series in Hungary, Europe and Canada. The tour lasted until the summer of 2014. The gigs are often joined by friends of the band. Steve Hackett played guitar from Genesis, Gulli Briem of Mezzoforte added drums and percussion, living in New York the Canadian born saxophonist John Nugent (Tony Bennett, Ella Fitzgerald, Woody Herman Orchestra) completed the list of guests. The Miskolc concert on 10 November 2013 was particularly unusual because the Miskolc Symphony Orchestra also contributed to the program.{:}","og_url":"https:\/\/djabe.hu\/uzlet\/djabe-live-in-blue-lp-quality-vinyl-project-edition-2021\/","og_site_name":"Djabe","article_modified_time":"2026-04-09T07:02:54+00:00","og_image":[{"width":1920,"height":1920,"url":"https:\/\/djabe.hu\/wp-content\/uploads\/2021\/02\/djabe_live_in_blue_LP_GR-152_mockup_QVP.png","type":"image\/png"}],"twitter_card":"summary_large_image","twitter_title":"Djabe \u2013 Live in Blue LP \u2013 Quality Vinyl Project Edition 2021","twitter_image":"https:\/\/djabe.hu\/wp-content\/uploads\/2021\/02\/djabe_live_in_blue_LP_GR-152_mockup_QVP.png","schema":{"@context":"https:\/\/schema.org","@graph":[{"@type":"WebPage","@id":"https:\/\/djabe.hu\/uzlet\/djabe-live-in-blue-lp-quality-vinyl-project-edition-2021\/","url":"https:\/\/djabe.hu\/uzlet\/djabe-live-in-blue-lp-quality-vinyl-project-edition-2021\/","name":"Djabe \u2013 Live in Blue LP \u2013 Quality Vinyl Project Edition 2021 - Djabe","isPartOf":{"@id":"https:\/\/djabe.hu\/en\/#website"},"primaryImageOfPage":{"@id":"https:\/\/djabe.hu\/uzlet\/djabe-live-in-blue-lp-quality-vinyl-project-edition-2021\/#primaryimage"},"image":{"@id":"https:\/\/djabe.hu\/uzlet\/djabe-live-in-blue-lp-quality-vinyl-project-edition-2021\/#primaryimage"},"thumbnailUrl":"https:\/\/djabe.hu\/wp-content\/uploads\/2021\/02\/djabe_live_in_blue_LP_GR-152_mockup_QVP.png","datePublished":"2021-02-12T10:41:59+00:00","dateModified":"2026-04-09T07:02:54+00:00","description":"{:en}The recordings made at the Down And Up stereo and surround tours during 2012 \u2013 2014.\u00a0This is the first episode of the Live in Blue LP, 2CD, DVD, Blu-ray series.\u00a0Each release will contain minimum one track\u00a0is not can be found on the other discs.Djabe in 2012 in connection with the Down And Up album release started a concert series in Hungary, Europe and Canada. The tour lasted until the summer of 2014. The gigs are often joined by friends of the band. Steve Hackett played guitar from Genesis, Gulli Briem of Mezzoforte added drums and percussion, living in New York the Canadian born saxophonist John Nugent (Tony Bennett, Ella Fitzgerald, Woody Herman Orchestra) completed the list of guests. The Miskolc concert on 10 November 2013 was particularly unusual because the Miskolc Symphony Orchestra also contributed to the program.{:}","breadcrumb":{"@id":"https:\/\/djabe.hu\/uzlet\/djabe-live-in-blue-lp-quality-vinyl-project-edition-2021\/#breadcrumb"},"inLanguage":"en-US","potentialAction":[{"@type":"ReadAction","target":["https:\/\/djabe.hu\/uzlet\/djabe-live-in-blue-lp-quality-vinyl-project-edition-2021\/"]}]},{"@type":"ImageObject","inLanguage":"en-US","@id":"https:\/\/djabe.hu\/uzlet\/djabe-live-in-blue-lp-quality-vinyl-project-edition-2021\/#primaryimage","url":"https:\/\/djabe.hu\/wp-content\/uploads\/2021\/02\/djabe_live_in_blue_LP_GR-152_mockup_QVP.png","contentUrl":"https:\/\/djabe.hu\/wp-content\/uploads\/2021\/02\/djabe_live_in_blue_LP_GR-152_mockup_QVP.png","width":1920,"height":1920,"caption":"Djabe \u2013 Live in Blue LP \u2013 Quality Vinyl Project Edition 2021"},{"@type":"BreadcrumbList","@id":"https:\/\/djabe.hu\/uzlet\/djabe-live-in-blue-lp-quality-vinyl-project-edition-2021\/#breadcrumb","itemListElement":[{"@type":"ListItem","position":1,"name":"Home","item":"https:\/\/djabe.hu\/en\/"},{"@type":"ListItem","position":2,"name":"\u00c1ruh\u00e1z","item":"https:\/\/djabe.hu\/uzlet\/"},{"@type":"ListItem","position":3,"name":"Djabe \u2013 Live in Blue LP \u2013 Quality Vinyl Project Edition 2021"}]},{"@type":"WebSite","@id":"https:\/\/djabe.hu\/en\/#website","url":"https:\/\/djabe.hu\/en\/","name":"Djabe","description":"Official site","potentialAction":[{"@type":"SearchAction","target":{"@type":"EntryPoint","urlTemplate":"https:\/\/djabe.hu\/en\/?s={search_term_string}"},"query-input":{"@type":"PropertyValueSpecification","valueRequired":true,"valueName":"search_term_string"}}],"inLanguage":"en-US"}]}},"jetpack_sharing_enabled":true,"_links":{"self":[{"href":"https:\/\/djabe.hu\/en\/wp-json\/wp\/v2\/product\/8443","targetHints":{"allow":["GET"]}}],"collection":[{"href":"https:\/\/djabe.hu\/en\/wp-json\/wp\/v2\/product"}],"about":[{"href":"https:\/\/djabe.hu\/en\/wp-json\/wp\/v2\/types\/product"}],"wp:featuredmedia":[{"embeddable":true,"href":"https:\/\/djabe.hu\/en\/wp-json\/wp\/v2\/media\/8450"}],"wp:attachment":[{"href":"https:\/\/djabe.hu\/en\/wp-json\/wp\/v2\/media?parent=8443"}],"wp:term":[{"taxonomy":"product_brand","embeddable":true,"href":"https:\/\/djabe.hu\/en\/wp-json\/wp\/v2\/product_brand?post=8443"},{"taxonomy":"product_cat","embeddable":true,"href":"https:\/\/djabe.hu\/en\/wp-json\/wp\/v2\/product_cat?post=8443"},{"taxonomy":"product_tag","embeddable":true,"href":"https:\/\/djabe.hu\/en\/wp-json\/wp\/v2\/product_tag?post=8443"}],"curies":[{"name":"wp","href":"https:\/\/api.w.org\/{rel}","templated":true}]}}