{"id":8068,"date":"2021-01-13T15:41:54","date_gmt":"2021-01-13T14:41:54","guid":{"rendered":"https:\/\/djabe.hu\/?post_type=product&#038;p=8068"},"modified":"2025-12-08T11:23:43","modified_gmt":"2025-12-08T10:23:43","slug":"djabe-20-dimensions-negyedsavos-magnoszalag","status":"publish","type":"product","link":"https:\/\/djabe.hu\/en\/uzlet\/djabe-20-dimensions-negyedsavos-magnoszalag\/","title":{"rendered":"Djabe: 20 Dimensions &#8211; 4 track reel-to-reel tape"},"content":{"rendered":"<p>https:\/\/www.youtube.com\/watch?v=e9SR6m3GpSs<\/p>\n<p><a href=\"https:\/\/djabe.hu\/wp-content\/uploads\/2021\/01\/Djabe_20dimensions_4savos_tape_foto_v2.jpg\"><img loading=\"lazy\" decoding=\"async\" class=\"aligncenter size-large wp-image-8071\" src=\"https:\/\/djabe.hu\/wp-content\/uploads\/2021\/01\/Djabe_20dimensions_4savos_tape_foto_v2-1024x1006.jpg\" alt=\"\" width=\"900\" height=\"884\" srcset=\"https:\/\/djabe.hu\/wp-content\/uploads\/2021\/01\/Djabe_20dimensions_4savos_tape_foto_v2-1024x1006.jpg 1024w, https:\/\/djabe.hu\/wp-content\/uploads\/2021\/01\/Djabe_20dimensions_4savos_tape_foto_v2-300x295.jpg 300w, https:\/\/djabe.hu\/wp-content\/uploads\/2021\/01\/Djabe_20dimensions_4savos_tape_foto_v2-768x754.jpg 768w, https:\/\/djabe.hu\/wp-content\/uploads\/2021\/01\/Djabe_20dimensions_4savos_tape_foto_v2-1536x1509.jpg 1536w, https:\/\/djabe.hu\/wp-content\/uploads\/2021\/01\/Djabe_20dimensions_4savos_tape_foto_v2-2048x2012.jpg 2048w, https:\/\/djabe.hu\/wp-content\/uploads\/2021\/01\/Djabe_20dimensions_4savos_tape_foto_v2-600x589.jpg 600w\" sizes=\"auto, (max-width: 900px) 100vw, 900px\" \/><\/a><\/p>\n<p><iframe loading=\"lazy\" title=\"Djabe 20 Dimensions trailer\" width=\"900\" height=\"506\" src=\"https:\/\/www.youtube.com\/embed\/e9SR6m3GpSs?feature=oembed\" frameborder=\"0\" allow=\"accelerometer; autoplay; clipboard-write; encrypted-media; gyroscope; picture-in-picture; web-share\" referrerpolicy=\"strict-origin-when-cross-origin\" allowfullscreen><\/iframe><\/p>\n<p><a href=\"https:\/\/djabe.hu\/wp-content\/uploads\/2021\/01\/Djabe_20dimensions_4savos_tape_foto_v2.jpg\"><img loading=\"lazy\" decoding=\"async\" class=\"aligncenter size-large wp-image-8071\" src=\"https:\/\/djabe.hu\/wp-content\/uploads\/2021\/01\/Djabe_20dimensions_4savos_tape_foto_v2-1024x1006.jpg\" alt=\"\" width=\"900\" height=\"884\" srcset=\"https:\/\/djabe.hu\/wp-content\/uploads\/2021\/01\/Djabe_20dimensions_4savos_tape_foto_v2-1024x1006.jpg 1024w, https:\/\/djabe.hu\/wp-content\/uploads\/2021\/01\/Djabe_20dimensions_4savos_tape_foto_v2-300x295.jpg 300w, https:\/\/djabe.hu\/wp-content\/uploads\/2021\/01\/Djabe_20dimensions_4savos_tape_foto_v2-768x754.jpg 768w, https:\/\/djabe.hu\/wp-content\/uploads\/2021\/01\/Djabe_20dimensions_4savos_tape_foto_v2-1536x1509.jpg 1536w, https:\/\/djabe.hu\/wp-content\/uploads\/2021\/01\/Djabe_20dimensions_4savos_tape_foto_v2-2048x2012.jpg 2048w, https:\/\/djabe.hu\/wp-content\/uploads\/2021\/01\/Djabe_20dimensions_4savos_tape_foto_v2-600x589.jpg 600w\" sizes=\"auto, (max-width: 900px) 100vw, 900px\" \/><\/a><\/p>\n<p>&nbsp;<\/p>","protected":false},"excerpt":{"rendered":"<p>4 track, 19 cm\/s, 18 cm, printed box, RTM LPR90 tape<\/p>\n<p>2016 studio album of the band celebrating its 20th Anniversary<\/p>\n<p>The studio album of 2016 made in the innovative spirit accustomed to Djabe. Compared to the previous album \u2018Forward\u2019 recorded in tandem with the Miskolc Symphonic Orcestra \u201820 Dimensions\u2019 emphasize on the acoustic and fusion vein of the band, with added modern electronica. The disc features 20 tracks or dimensions with a framed structure. At the beginning formulates the basics of dimensions, the concept of the album while the final, no. 20 track colligates with a philosophic view and the angle for continuation. Records composed by Tam\u00e1s Barab\u00e1s and Attila \u00c9gerh\u00e1zi are interconnected by 9 improvisations (Transition 1 to 9). These improvisations feature not only the work of the band members but of Malik Mansurov (tar) and S\u00e1ra Kov\u00e1cs (didgeridoo, flute). Compositions of Tam\u00e1s Barab\u00e1s have the vigorous and sweeping characteristics accustomed to the artist, while those made in tandem with Attila \u00c9gerh\u00e1zi summon the lyric tone of the first period of Djabe history.Musicians:<\/p>\n<p>Djabe<br \/>\nAttila \u00c9gerh\u00e1zi \u2013 guitar, guitar synth, klang drum<br \/>\nTam\u00e1s Barab\u00e1s \u2013 bass guitar, guitar, synth program<br \/>\nZolt\u00e1n Kov\u00e1cs \u2013 piano<br \/>\nFerencKov\u00e1cs \u2013 trumpet, violin, flugelhorn<br \/>\nSzil\u00e1rd Banai \u2013 drums<br \/>\nguest musicians<br \/>\nSteve Hackett \u2013 guitar<br \/>\nMalik Mansurov \u2013 tar<br \/>\nJohn Nugent \u2013 saxophone<br \/>\nBen Castle \u2013 saxophone<br \/>\nTibor M\u00f3ty\u00e1n \u2013 tabla<br \/>\nS\u00e1ra Kov\u00e1cs \u2013 didgeridoo, flute<br \/>\nHans Peterson \u2013 narration<\/p>\n<p>Tack List<\/p>\n<p>Scientific Foreword<br \/>\nSensitive World<br \/>\nTransition 1<br \/>\nSunday Afternoon<br \/>\nTransition 2<br \/>\n4000<br \/>\nTransition 3<br \/>\nSpace Castle<br \/>\nTransition 4<br \/>\nWaves From The System<br \/>\nTransition 5<br \/>\nIntermissin<br \/>\nTransition 6<br \/>\nArea 87<br \/>\nTransition 7<br \/>\nKlang Song<br \/>\nTransition 8<br \/>\nCome Here<br \/>\nTransition 9<br \/>\nOut of Dimensions<\/p>\n<p>4 track, 19 cm\/s, 18 cm, printed box, RTM LPR90 tape4 track, 19 cm\/s, 18 cm, printed box, RTM LPR90 tape<\/p>\n<p>2016 studio album of the band celebrating its 20th Anniversary<\/p>\n<p>The studio album of 2016 made in the innovative spirit accustomed to Djabe. Compared to the previous album \u2018Forward\u2019 recorded in tandem with the Miskolc Symphonic Orcestra \u201820 Dimensions\u2019 emphasize on the acoustic and fusion vein of the band, with added modern electronica. The disc features 20 tracks or dimensions with a framed structure. At the beginning formulates the basics of dimensions, the concept of the album while the final, no. 20 track colligates with a philosophic view and the angle for continuation. Records composed by Tam\u00e1s Barab\u00e1s and Attila \u00c9gerh\u00e1zi are interconnected by 9 improvisations (Transition 1 to 9). These improvisations feature not only the work of the band members but of Malik Mansurov (tar) and S\u00e1ra Kov\u00e1cs (didgeridoo, flute). Compositions of Tam\u00e1s Barab\u00e1s have the vigorous and sweeping characteristics accustomed to the artist, while those made in tandem with Attila \u00c9gerh\u00e1zi summon the lyric tone of the first period of Djabe history.Musicians:<\/p>\n<p>Djabe<br \/>\nAttila \u00c9gerh\u00e1zi \u2013 guitar, guitar synth, klang drum<br \/>\nTam\u00e1s Barab\u00e1s \u2013 bass guitar, guitar, synth program<br \/>\nZolt\u00e1n Kov\u00e1cs \u2013 piano<br \/>\nFerencKov\u00e1cs \u2013 trumpet, violin, flugelhorn<br \/>\nSzil\u00e1rd Banai \u2013 drums<br \/>\nguest musicians<br \/>\nSteve Hackett \u2013 guitar<br \/>\nMalik Mansurov \u2013 tar<br \/>\nJohn Nugent \u2013 saxophone<br \/>\nBen Castle \u2013 saxophone<br \/>\nTibor M\u00f3ty\u00e1n \u2013 tabla<br \/>\nS\u00e1ra Kov\u00e1cs \u2013 didgeridoo, flute<br \/>\nHans Peterson \u2013 narration<\/p>\n<p>Tack List<\/p>\n<p>Scientific Foreword<br \/>\nSensitive World<br \/>\nTransition 1<br \/>\nSunday Afternoon<br \/>\nTransition 2<br \/>\n4000<br \/>\nTransition 3<br \/>\nSpace Castle<br \/>\nTransition 4<br \/>\nWaves From The System<br \/>\nTransition 5<br \/>\nIntermissin<br \/>\nTransition 6<br \/>\nArea 87<br \/>\nTransition 7<br \/>\nKlang Song<br \/>\nTransition 8<br \/>\nCome Here<br \/>\nTransition 9<br \/>\nOut of Dimensions<\/p>\n<p>4 track, 19 cm\/s, 18 cm, printed box, RTM LPR90 tape<\/p>\n","protected":false},"featured_media":10566,"template":"","meta":[],"product_brand":[],"product_cat":[57],"product_tag":[],"class_list":{"0":"post-8068","1":"product","2":"type-product","3":"status-publish","4":"has-post-thumbnail","6":"product_cat-reel-to-reel","7":"repupress_customize_woocommerce_productom_class","9":"first","10":"instock","11":"shipping-taxable","12":"purchasable","13":"product-type-simple"},"yoast_head":"<!-- This site is optimized with the Yoast SEO plugin v27.2 - https:\/\/yoast.com\/product\/yoast-seo-wordpress\/ -->\n<title>Djabe: 20 Dimensions - 4 track reel-to-reel tape - Djabe<\/title>\n<meta name=\"description\" content=\"The studio album of 2016 made in the innovative spirit accustomed to Djabe. Compared to the previous album \u2018Forward\u2019 recorded in tandem with the Miskolc Symphonic Orcestra \u201820 Dimensions\u2019 emphasize on the acoustic and fusion vein of the band, with added modern electronica. The disc features 20 tracks or dimensions with a framed structure.\" \/>\n<meta name=\"robots\" content=\"index, follow, max-snippet:-1, max-image-preview:large, max-video-preview:-1\" \/>\n<link rel=\"canonical\" href=\"https:\/\/djabe.hu\/uzlet\/djabe-20-dimensions-negyedsavos-magnoszalag\/\" \/>\n<meta property=\"og:locale\" content=\"en_US\" \/>\n<meta property=\"og:type\" content=\"article\" \/>\n<meta property=\"og:title\" content=\"Djabe: 20 Dimensions - 4 track reel-to-reel tape\" \/>\n<meta property=\"og:description\" content=\"{:en}The studio album of 2016 made in the innovative spirit accustomed to Djabe. Compared to the previous album \u2018Forward\u2019 recorded in tandem with the Miskolc Symphonic Orcestra \u201820 Dimensions\u2019 emphasize on the acoustic and fusion vein of the band, with added modern electronica. The disc features 20 tracks or dimensions with a framed structure.{:}\" \/>\n<meta property=\"og:url\" content=\"https:\/\/djabe.hu\/uzlet\/djabe-20-dimensions-negyedsavos-magnoszalag\/\" \/>\n<meta property=\"og:site_name\" content=\"Djabe\" \/>\n<meta property=\"article:modified_time\" content=\"2025-12-08T10:23:43+00:00\" \/>\n<meta property=\"og:image\" content=\"https:\/\/djabe.hu\/wp-content\/uploads\/2021\/01\/Djabe_20dimensions_4savos_tape_termek_v1_1.png\" \/>\n\t<meta property=\"og:image:width\" content=\"2000\" \/>\n\t<meta property=\"og:image:height\" content=\"2000\" \/>\n\t<meta property=\"og:image:type\" content=\"image\/png\" \/>\n<meta name=\"twitter:card\" content=\"summary_large_image\" \/>\n<meta name=\"twitter:title\" content=\"Djabe: 20 Dimensions - 4 track reel-to-reel tape\" \/>\n<meta name=\"twitter:image\" content=\"https:\/\/djabe.hu\/wp-content\/uploads\/2021\/01\/Djabe_20dimensions_4savos_tape_termek_v1_1.png\" \/>\n<meta name=\"twitter:label1\" content=\"Est. reading time\" \/>\n\t<meta name=\"twitter:data1\" content=\"1 minute\" \/>\n<script type=\"application\/ld+json\" class=\"yoast-schema-graph\">{\"@context\":\"https:\/\/schema.org\",\"@graph\":[{\"@type\":\"WebPage\",\"@id\":\"https:\/\/djabe.hu\/uzlet\/djabe-20-dimensions-negyedsavos-magnoszalag\/\",\"url\":\"https:\/\/djabe.hu\/uzlet\/djabe-20-dimensions-negyedsavos-magnoszalag\/\",\"name\":\"Djabe: 20 Dimensions - 4 track reel-to-reel tape - Djabe\",\"isPartOf\":{\"@id\":\"https:\/\/djabe.hu\/en\/#website\"},\"primaryImageOfPage\":{\"@id\":\"https:\/\/djabe.hu\/uzlet\/djabe-20-dimensions-negyedsavos-magnoszalag\/#primaryimage\"},\"image\":{\"@id\":\"https:\/\/djabe.hu\/uzlet\/djabe-20-dimensions-negyedsavos-magnoszalag\/#primaryimage\"},\"thumbnailUrl\":\"https:\/\/djabe.hu\/wp-content\/uploads\/2021\/01\/Djabe_20dimensions_4savos_tape_termek_v1_3.png\",\"datePublished\":\"2021-01-13T14:41:54+00:00\",\"dateModified\":\"2025-12-08T10:23:43+00:00\",\"description\":\"{:en}The studio album of 2016 made in the innovative spirit accustomed to Djabe. Compared to the previous album \u2018Forward\u2019 recorded in tandem with the Miskolc Symphonic Orcestra \u201820 Dimensions\u2019 emphasize on the acoustic and fusion vein of the band, with added modern electronica. The disc features 20 tracks or dimensions with a framed structure.{:}\",\"breadcrumb\":{\"@id\":\"https:\/\/djabe.hu\/uzlet\/djabe-20-dimensions-negyedsavos-magnoszalag\/#breadcrumb\"},\"inLanguage\":\"en-US\",\"potentialAction\":[{\"@type\":\"ReadAction\",\"target\":[\"https:\/\/djabe.hu\/uzlet\/djabe-20-dimensions-negyedsavos-magnoszalag\/\"]}]},{\"@type\":\"ImageObject\",\"inLanguage\":\"en-US\",\"@id\":\"https:\/\/djabe.hu\/uzlet\/djabe-20-dimensions-negyedsavos-magnoszalag\/#primaryimage\",\"url\":\"https:\/\/djabe.hu\/wp-content\/uploads\/2021\/01\/Djabe_20dimensions_4savos_tape_termek_v1_3.png\",\"contentUrl\":\"https:\/\/djabe.hu\/wp-content\/uploads\/2021\/01\/Djabe_20dimensions_4savos_tape_termek_v1_3.png\",\"width\":2000,\"height\":2000},{\"@type\":\"BreadcrumbList\",\"@id\":\"https:\/\/djabe.hu\/uzlet\/djabe-20-dimensions-negyedsavos-magnoszalag\/#breadcrumb\",\"itemListElement\":[{\"@type\":\"ListItem\",\"position\":1,\"name\":\"Home\",\"item\":\"https:\/\/djabe.hu\/en\/\"},{\"@type\":\"ListItem\",\"position\":2,\"name\":\"\u00c1ruh\u00e1z\",\"item\":\"https:\/\/djabe.hu\/uzlet\/\"},{\"@type\":\"ListItem\",\"position\":3,\"name\":\"[:hu]Djabe: 20 Dimensions &#8211; negyeds\u00e1vos magn\u00f3szalag[:en]Djabe: 20 Dimensions &#8211; 4 track reel-to-reel tape[:]\"}]},{\"@type\":\"WebSite\",\"@id\":\"https:\/\/djabe.hu\/en\/#website\",\"url\":\"https:\/\/djabe.hu\/en\/\",\"name\":\"Djabe\",\"description\":\"Official site\",\"potentialAction\":[{\"@type\":\"SearchAction\",\"target\":{\"@type\":\"EntryPoint\",\"urlTemplate\":\"https:\/\/djabe.hu\/en\/?s={search_term_string}\"},\"query-input\":{\"@type\":\"PropertyValueSpecification\",\"valueRequired\":true,\"valueName\":\"search_term_string\"}}],\"inLanguage\":\"en-US\"}]}<\/script>\n<!-- \/ Yoast SEO plugin. -->","yoast_head_json":{"title":"Djabe: 20 Dimensions - 4 track reel-to-reel tape - Djabe","description":"The studio album of 2016 made in the innovative spirit accustomed to Djabe. Compared to the previous album \u2018Forward\u2019 recorded in tandem with the Miskolc Symphonic Orcestra \u201820 Dimensions\u2019 emphasize on the acoustic and fusion vein of the band, with added modern electronica. The disc features 20 tracks or dimensions with a framed structure.","robots":{"index":"index","follow":"follow","max-snippet":"max-snippet:-1","max-image-preview":"max-image-preview:large","max-video-preview":"max-video-preview:-1"},"canonical":"https:\/\/djabe.hu\/uzlet\/djabe-20-dimensions-negyedsavos-magnoszalag\/","og_locale":"en_US","og_type":"article","og_title":"Djabe: 20 Dimensions - 4 track reel-to-reel tape","og_description":"{:en}The studio album of 2016 made in the innovative spirit accustomed to Djabe. Compared to the previous album \u2018Forward\u2019 recorded in tandem with the Miskolc Symphonic Orcestra \u201820 Dimensions\u2019 emphasize on the acoustic and fusion vein of the band, with added modern electronica. The disc features 20 tracks or dimensions with a framed structure.{:}","og_url":"https:\/\/djabe.hu\/uzlet\/djabe-20-dimensions-negyedsavos-magnoszalag\/","og_site_name":"Djabe","article_modified_time":"2025-12-08T10:23:43+00:00","og_image":[{"width":2000,"height":2000,"url":"https:\/\/djabe.hu\/wp-content\/uploads\/2021\/01\/Djabe_20dimensions_4savos_tape_termek_v1_1.png","type":"image\/png"}],"twitter_card":"summary_large_image","twitter_title":"Djabe: 20 Dimensions - 4 track reel-to-reel tape","twitter_image":"https:\/\/djabe.hu\/wp-content\/uploads\/2021\/01\/Djabe_20dimensions_4savos_tape_termek_v1_1.png","twitter_misc":{"Est. reading time":"1 minute"},"schema":{"@context":"https:\/\/schema.org","@graph":[{"@type":"WebPage","@id":"https:\/\/djabe.hu\/uzlet\/djabe-20-dimensions-negyedsavos-magnoszalag\/","url":"https:\/\/djabe.hu\/uzlet\/djabe-20-dimensions-negyedsavos-magnoszalag\/","name":"Djabe: 20 Dimensions - 4 track reel-to-reel tape - Djabe","isPartOf":{"@id":"https:\/\/djabe.hu\/en\/#website"},"primaryImageOfPage":{"@id":"https:\/\/djabe.hu\/uzlet\/djabe-20-dimensions-negyedsavos-magnoszalag\/#primaryimage"},"image":{"@id":"https:\/\/djabe.hu\/uzlet\/djabe-20-dimensions-negyedsavos-magnoszalag\/#primaryimage"},"thumbnailUrl":"https:\/\/djabe.hu\/wp-content\/uploads\/2021\/01\/Djabe_20dimensions_4savos_tape_termek_v1_3.png","datePublished":"2021-01-13T14:41:54+00:00","dateModified":"2025-12-08T10:23:43+00:00","description":"{:en}The studio album of 2016 made in the innovative spirit accustomed to Djabe. Compared to the previous album \u2018Forward\u2019 recorded in tandem with the Miskolc Symphonic Orcestra \u201820 Dimensions\u2019 emphasize on the acoustic and fusion vein of the band, with added modern electronica. The disc features 20 tracks or dimensions with a framed structure.{:}","breadcrumb":{"@id":"https:\/\/djabe.hu\/uzlet\/djabe-20-dimensions-negyedsavos-magnoszalag\/#breadcrumb"},"inLanguage":"en-US","potentialAction":[{"@type":"ReadAction","target":["https:\/\/djabe.hu\/uzlet\/djabe-20-dimensions-negyedsavos-magnoszalag\/"]}]},{"@type":"ImageObject","inLanguage":"en-US","@id":"https:\/\/djabe.hu\/uzlet\/djabe-20-dimensions-negyedsavos-magnoszalag\/#primaryimage","url":"https:\/\/djabe.hu\/wp-content\/uploads\/2021\/01\/Djabe_20dimensions_4savos_tape_termek_v1_3.png","contentUrl":"https:\/\/djabe.hu\/wp-content\/uploads\/2021\/01\/Djabe_20dimensions_4savos_tape_termek_v1_3.png","width":2000,"height":2000},{"@type":"BreadcrumbList","@id":"https:\/\/djabe.hu\/uzlet\/djabe-20-dimensions-negyedsavos-magnoszalag\/#breadcrumb","itemListElement":[{"@type":"ListItem","position":1,"name":"Home","item":"https:\/\/djabe.hu\/en\/"},{"@type":"ListItem","position":2,"name":"\u00c1ruh\u00e1z","item":"https:\/\/djabe.hu\/uzlet\/"},{"@type":"ListItem","position":3,"name":"[:hu]Djabe: 20 Dimensions &#8211; negyeds\u00e1vos magn\u00f3szalag[:en]Djabe: 20 Dimensions &#8211; 4 track reel-to-reel tape[:]"}]},{"@type":"WebSite","@id":"https:\/\/djabe.hu\/en\/#website","url":"https:\/\/djabe.hu\/en\/","name":"Djabe","description":"Official site","potentialAction":[{"@type":"SearchAction","target":{"@type":"EntryPoint","urlTemplate":"https:\/\/djabe.hu\/en\/?s={search_term_string}"},"query-input":{"@type":"PropertyValueSpecification","valueRequired":true,"valueName":"search_term_string"}}],"inLanguage":"en-US"}]}},"jetpack_sharing_enabled":true,"_links":{"self":[{"href":"https:\/\/djabe.hu\/en\/wp-json\/wp\/v2\/product\/8068","targetHints":{"allow":["GET"]}}],"collection":[{"href":"https:\/\/djabe.hu\/en\/wp-json\/wp\/v2\/product"}],"about":[{"href":"https:\/\/djabe.hu\/en\/wp-json\/wp\/v2\/types\/product"}],"wp:featuredmedia":[{"embeddable":true,"href":"https:\/\/djabe.hu\/en\/wp-json\/wp\/v2\/media\/10566"}],"wp:attachment":[{"href":"https:\/\/djabe.hu\/en\/wp-json\/wp\/v2\/media?parent=8068"}],"wp:term":[{"taxonomy":"product_brand","embeddable":true,"href":"https:\/\/djabe.hu\/en\/wp-json\/wp\/v2\/product_brand?post=8068"},{"taxonomy":"product_cat","embeddable":true,"href":"https:\/\/djabe.hu\/en\/wp-json\/wp\/v2\/product_cat?post=8068"},{"taxonomy":"product_tag","embeddable":true,"href":"https:\/\/djabe.hu\/en\/wp-json\/wp\/v2\/product_tag?post=8068"}],"curies":[{"name":"wp","href":"https:\/\/api.w.org\/{rel}","templated":true}]}}