{"id":7730,"date":"2020-09-02T12:37:20","date_gmt":"2020-09-02T11:37:20","guid":{"rendered":"https:\/\/djabe.hu\/?post_type=product&#038;p=7730"},"modified":"2025-01-20T09:23:59","modified_gmt":"2025-01-20T08:23:59","slug":"djabe-the-magic-stag-2lp","status":"publish","type":"product","link":"https:\/\/djabe.hu\/en\/uzlet\/djabe-the-magic-stag-2lp\/","title":{"rendered":"Djabe: The Magic Stag &#8211; 2LP"},"content":{"rendered":"<p>https:\/\/www.youtube.com\/watch?v=Kyxau5P0DYo<\/p>\n<p>Uniquely among Hungarian bands, Djabe releases their 5<sup>th<\/sup>album in England within 4 years. This time, the album will not be released under the name Djabe &amp; Steve Hackett by the world-renowned Cherry Red Records, but exclusively under Djabe.<\/p>\n<p>The above does not mean that Steve would not be on the album, as the concept of the album and the lyrics of the title song are his and his wife\u2019s creation. The creative Hackett couple were inspired by Imre \u00c9gerh\u00e1zi&#8217;s painting, titled <em>Hungarian Myths and Legends<\/em>to write <em>The Magic Stag<\/em>. Tam\u00e1s Barab\u00e1s and Attila \u00c9gerh\u00e1zi selected the additional paintings in the album, to which the individual compositions can be linked.<\/p>\n<p>The album contains 11 compositions, of which 9 were composed by Tam\u00e1s Barab\u00e1s alone and one with Attila \u00c9gerh\u00e1zi. The final piece of the album, Uncertain Time, is a work by \u00c9gerh\u00e1zi. Among the creators there is also Barna P\u00e9ly, who wrote the lyrics of the other song with vocal, <em>Down By The Lakeside<\/em>.<\/p>\n<p>Djabe wasn\u2019t going to settle for 11 tracks as the LP can hold two more. The 12th titled <em>S\u00e1ri\u2019s Dream<\/em>, a studio recording that can be considered as a sequel to <em>Uncertain Time<\/em>, with Steve Hackett as a hero. The 13th track is a Djabe &amp; Steve Hackett concert recording of <em>V\u00e1gta<\/em>, an almost 30-year old composition of Attila \u00c9gerh\u00e1zi (performed in 2019 at the Budapest Jazz Club).<\/p>\n<p>The record label also notes that Djabe is one of the finest Progressive \/ Jazz fusion bands working in the world today. They are also known to a wider audience outside of their native land thanks to a series of collaborative albums and live appearances with the legendary solo musician and ex-Genesis member STEVE HACKETT.<\/p>\n<p>DJABE features Tam\u00e1s Barab\u00e1s (bass guitar), Attila \u00c9gerh\u00e1zi (acoustic and electric guitar, percussion), \u00c1ron Ko\u00f3s-Hut\u00e1s (flugelhorn, trumpet), J\u00e1nos Nagy (keyboards) and P\u00e9ter Kasz\u00e1s (drums, lead vocal) and their music contains influences from progressive rock, jazz and world music. Their new album is inspired by the work of the painter, Imre \u00c9gerh\u00e1zi (father of Attila \u00c9gerh\u00e1zi).<\/p>\n<p>By the new millennium Imre \u00c9gerh\u00e1zi was regarded as one of the Hungarian Great Plain\u2019s leading masters. He had gained great recognition in Hungary and beyond its borders for his art and his organizational work in the world of art. He also did much for artistic communities and colleagues. His work and life inspired the musicians to create \u201cTHE MAGIC STAG\u201d.<\/p>\n<p>STEVE HACKETT not only co-wrote the lyrics of the album\u2019s title track with his wife JO HACKETT, but he also plays guitar on seven of the album tracks and acts as narrator. The album also features guest ROB TOWNSEND on tenor saxophone (also from Steve Hackett\u2019s band). Tar genius Malik Mansurov also plays on several tracks, whilst former Djabe members, Ferenc Muck and Tibor Karvaly also contribute. L\u00e1szl\u00f3 Szab\u00f3 also adds his magical Sitar playing to the album.<\/p>\n<p style=\"text-align: center;\"><div class='content-column one_half'><h2 style=\"text-align: center;\">SIDE A<\/h2>\n<p style=\"text-align: center;\">THE BEGINNING OF LEGENDS<br \/>\nTHE MAGIC STAG<br \/>\nTHE POWER OF WINGS<br \/>\nDOWN BY THE LAKE SIDE<\/p>\n<h2 style=\"text-align: center;\">SIDE B<\/h2>\n<p style=\"text-align: center;\">FAR AWAY<br \/>\nUNSEEN SENSE<br \/>\nSOARING HILLS<\/p>\n<h2 style=\"text-align: center;\">SIDE C<\/h2>\n<p style=\"text-align: center;\">TWO LITTLE SNOWFLAKES<br \/>\nA TRUE HOPE<br \/>\nRISING HORIZON<\/p>\n<h2 style=\"text-align: center;\">SIDE D<\/h2>\n<p style=\"text-align: center;\">UNCERTAIN TIME<br \/>\nS\u00c1RI&#8217;S DREAM<br \/>\nGALLOP (live)<\/p>\n<p style=\"text-align: center;\"><\/div>\n<p style=\"text-align: center;\"><div class='content-column one_half last_column'><h2 style=\"text-align: center;\">Musicians<\/h2>\n<p style=\"text-align: center;\">Tam\u00e1s Barab\u00e1s \u2013 bass guitar<br \/>\nAttila \u00c9gerh\u00e1zi \u2013 guitar, percussion<br \/>\n\u00c1ron Ko\u00f3s-Hut\u00e1s \u2013 flugelhorn, trumpet<br \/>\nJ\u00e1nos Nagy \u2013 keyboards<br \/>\nP\u00e9ter Kasz\u00e1s \u2013 drums, vocal<\/p>\n<h2 style=\"text-align: center;\">Guest musicians<\/h2>\n<p style=\"text-align: center;\">Steve Hackett \u2013 guitar, storytelling<br \/>\nRob Townsend \u2013 saxophone<br \/>\nMalik Mansurov \u2013 tar<br \/>\nFerenc Muck \u2013 saxophone<br \/>\nL\u00e1szl\u00f3 Szab\u00f3 \u2013 sitar, guitar<br \/>\nTibor Karvaly \u2013 violin<br \/>\nS\u00e1ra Kov\u00e1cs \u2013 flute<br \/>\n\u00c9va Kozma \u2013 koboz<\/p>\n<p style=\"text-align: center;\"><\/div><div class='clear_column'><\/div>\n<p><\/p>","protected":false},"excerpt":{"rendered":"<h3><b>GR-146-1, 2 X 180 GR VINYL LP, GATEFOLD JACKET, PVC INNER SLEEVE, 2 BONUS TRACKS<\/b><\/h3>\n","protected":false},"featured_media":7732,"template":"","meta":[],"product_brand":[],"product_cat":[40,73],"product_tag":[],"class_list":{"0":"post-7730","1":"product","2":"type-product","3":"status-publish","4":"has-post-thumbnail","6":"product_cat-lp","7":"product_cat-steve-hackett","8":"repupress_customize_woocommerce_productom_class","10":"first","11":"instock","12":"shipping-taxable","13":"purchasable","14":"product-type-simple"},"yoast_head":"<!-- This site is optimized with the Yoast SEO plugin v27.2 - https:\/\/yoast.com\/product\/yoast-seo-wordpress\/ -->\n<title>Djabe: The Magic Stag - 2LP - Djabe<\/title>\n<meta name=\"description\" content=\"The above does not mean that Steve would not be on the album, as the concept of the album and the lyrics of the title song are his and his wife\u2019s creation. The creative Hackett couple were inspired by Imre \u00c9gerh\u00e1zi&#039;s painting, titled Hungarian Myths and Legendsto write The Magic Stag. Tam\u00e1s Barab\u00e1s and Attila \u00c9gerh\u00e1zi selected the additional paintings in the album, to which the individual compositions can be linked.Uniquely among Hungarian bands, Djabe releases their 5thalbum in England within 4 years. This time, the album will not be released under the name Djabe &amp; Steve Hackett by the world-renowned Cherry Red Records, but exclusively under Djabe. The above does not mean that Steve would not be on the album, as the concept of the album and the lyrics of the title song are his and his wife\u2019s creation. The creative Hackett couple were inspired by Imre \u00c9gerh\u00e1zi&#039;s painting, titled Hungarian Myths and Legendsto write The Magic Stag. Tam\u00e1s Barab\u00e1s and Attila \u00c9gerh\u00e1zi selected the additional paintings in the album, to which the individual compositions can be linked.\" \/>\n<meta name=\"robots\" content=\"index, follow, max-snippet:-1, max-image-preview:large, max-video-preview:-1\" \/>\n<link rel=\"canonical\" href=\"https:\/\/djabe.hu\/uzlet\/djabe-the-magic-stag-2lp\/\" \/>\n<meta property=\"og:locale\" content=\"en_US\" \/>\n<meta property=\"og:type\" content=\"article\" \/>\n<meta property=\"og:title\" content=\"Djabe: The Magic Stag - 2LP\" \/>\n<meta property=\"og:description\" content=\"{:en}The above does not mean that Steve would not be on the album, as the concept of the album and the lyrics of the title song are his and his wife\u2019s creation. The creative Hackett couple were inspired by Imre \u00c9gerh\u00e1zi&#039;s painting, titled Hungarian Myths and Legendsto write The Magic Stag. Tam\u00e1s Barab\u00e1s and Attila \u00c9gerh\u00e1zi selected the additional paintings in the album, to which the individual compositions can be linked.Uniquely among Hungarian bands, Djabe releases their 5thalbum in England within 4 years. This time, the album will not be released under the name Djabe &amp; Steve Hackett by the world-renowned Cherry Red Records, but exclusively under Djabe. The above does not mean that Steve would not be on the album, as the concept of the album and the lyrics of the title song are his and his wife\u2019s creation. The creative Hackett couple were inspired by Imre \u00c9gerh\u00e1zi&#039;s painting, titled Hungarian Myths and Legendsto write The Magic Stag. Tam\u00e1s Barab\u00e1s and Attila \u00c9gerh\u00e1zi selected the additional paintings in the album, to which the individual compositions can be linked.{:}\" \/>\n<meta property=\"og:url\" content=\"https:\/\/djabe.hu\/uzlet\/djabe-the-magic-stag-2lp\/\" \/>\n<meta property=\"og:site_name\" content=\"Djabe\" \/>\n<meta property=\"article:modified_time\" content=\"2025-01-20T08:23:59+00:00\" \/>\n<meta property=\"og:image\" content=\"https:\/\/djabe.hu\/wp-content\/uploads\/2020\/09\/GR146_1_2LP_djabe_the_magic_stag_mockup_2.png\" \/>\n\t<meta property=\"og:image:width\" content=\"1500\" \/>\n\t<meta property=\"og:image:height\" content=\"1500\" \/>\n\t<meta property=\"og:image:type\" content=\"image\/png\" \/>\n<meta name=\"twitter:card\" content=\"summary_large_image\" \/>\n<meta name=\"twitter:title\" content=\"Djabe: The Magic Stag - 2LP\" \/>\n<meta name=\"twitter:image\" content=\"https:\/\/djabe.hu\/wp-content\/uploads\/2020\/09\/GR146_1_2LP_djabe_the_magic_stag_mockup_2.png\" \/>\n<meta name=\"twitter:label1\" content=\"Est. reading time\" \/>\n\t<meta name=\"twitter:data1\" content=\"3 minutes\" \/>\n<script type=\"application\/ld+json\" class=\"yoast-schema-graph\">{\"@context\":\"https:\/\/schema.org\",\"@graph\":[{\"@type\":\"WebPage\",\"@id\":\"https:\/\/djabe.hu\/uzlet\/djabe-the-magic-stag-2lp\/\",\"url\":\"https:\/\/djabe.hu\/uzlet\/djabe-the-magic-stag-2lp\/\",\"name\":\"Djabe: The Magic Stag - 2LP - Djabe\",\"isPartOf\":{\"@id\":\"https:\/\/djabe.hu\/en\/#website\"},\"primaryImageOfPage\":{\"@id\":\"https:\/\/djabe.hu\/uzlet\/djabe-the-magic-stag-2lp\/#primaryimage\"},\"image\":{\"@id\":\"https:\/\/djabe.hu\/uzlet\/djabe-the-magic-stag-2lp\/#primaryimage\"},\"thumbnailUrl\":\"https:\/\/djabe.hu\/wp-content\/uploads\/2020\/09\/GR146_1_2LP_djabe_the_magic_stag_mockup_2.png\",\"datePublished\":\"2020-09-02T11:37:20+00:00\",\"dateModified\":\"2025-01-20T08:23:59+00:00\",\"description\":\"{:en}The above does not mean that Steve would not be on the album, as the concept of the album and the lyrics of the title song are his and his wife\u2019s creation. The creative Hackett couple were inspired by Imre \u00c9gerh\u00e1zi's painting, titled Hungarian Myths and Legendsto write The Magic Stag. Tam\u00e1s Barab\u00e1s and Attila \u00c9gerh\u00e1zi selected the additional paintings in the album, to which the individual compositions can be linked.Uniquely among Hungarian bands, Djabe releases their 5thalbum in England within 4 years. This time, the album will not be released under the name Djabe & Steve Hackett by the world-renowned Cherry Red Records, but exclusively under Djabe. The above does not mean that Steve would not be on the album, as the concept of the album and the lyrics of the title song are his and his wife\u2019s creation. The creative Hackett couple were inspired by Imre \u00c9gerh\u00e1zi's painting, titled Hungarian Myths and Legendsto write The Magic Stag. Tam\u00e1s Barab\u00e1s and Attila \u00c9gerh\u00e1zi selected the additional paintings in the album, to which the individual compositions can be linked.{:}\",\"breadcrumb\":{\"@id\":\"https:\/\/djabe.hu\/uzlet\/djabe-the-magic-stag-2lp\/#breadcrumb\"},\"inLanguage\":\"en-US\",\"potentialAction\":[{\"@type\":\"ReadAction\",\"target\":[\"https:\/\/djabe.hu\/uzlet\/djabe-the-magic-stag-2lp\/\"]}]},{\"@type\":\"ImageObject\",\"inLanguage\":\"en-US\",\"@id\":\"https:\/\/djabe.hu\/uzlet\/djabe-the-magic-stag-2lp\/#primaryimage\",\"url\":\"https:\/\/djabe.hu\/wp-content\/uploads\/2020\/09\/GR146_1_2LP_djabe_the_magic_stag_mockup_2.png\",\"contentUrl\":\"https:\/\/djabe.hu\/wp-content\/uploads\/2020\/09\/GR146_1_2LP_djabe_the_magic_stag_mockup_2.png\",\"width\":1500,\"height\":1500,\"caption\":\"Djabe - The Magic Stag - 2LP\"},{\"@type\":\"BreadcrumbList\",\"@id\":\"https:\/\/djabe.hu\/uzlet\/djabe-the-magic-stag-2lp\/#breadcrumb\",\"itemListElement\":[{\"@type\":\"ListItem\",\"position\":1,\"name\":\"Home\",\"item\":\"https:\/\/djabe.hu\/en\/\"},{\"@type\":\"ListItem\",\"position\":2,\"name\":\"\u00c1ruh\u00e1z\",\"item\":\"https:\/\/djabe.hu\/uzlet\/\"},{\"@type\":\"ListItem\",\"position\":3,\"name\":\"Djabe: The Magic Stag &#8211; 2LP\"}]},{\"@type\":\"WebSite\",\"@id\":\"https:\/\/djabe.hu\/en\/#website\",\"url\":\"https:\/\/djabe.hu\/en\/\",\"name\":\"Djabe\",\"description\":\"Official site\",\"potentialAction\":[{\"@type\":\"SearchAction\",\"target\":{\"@type\":\"EntryPoint\",\"urlTemplate\":\"https:\/\/djabe.hu\/en\/?s={search_term_string}\"},\"query-input\":{\"@type\":\"PropertyValueSpecification\",\"valueRequired\":true,\"valueName\":\"search_term_string\"}}],\"inLanguage\":\"en-US\"}]}<\/script>\n<!-- \/ Yoast SEO plugin. -->","yoast_head_json":{"title":"Djabe: The Magic Stag - 2LP - Djabe","description":"The above does not mean that Steve would not be on the album, as the concept of the album and the lyrics of the title song are his and his wife\u2019s creation. The creative Hackett couple were inspired by Imre \u00c9gerh\u00e1zi's painting, titled Hungarian Myths and Legendsto write The Magic Stag. Tam\u00e1s Barab\u00e1s and Attila \u00c9gerh\u00e1zi selected the additional paintings in the album, to which the individual compositions can be linked.Uniquely among Hungarian bands, Djabe releases their 5thalbum in England within 4 years. This time, the album will not be released under the name Djabe & Steve Hackett by the world-renowned Cherry Red Records, but exclusively under Djabe. The above does not mean that Steve would not be on the album, as the concept of the album and the lyrics of the title song are his and his wife\u2019s creation. The creative Hackett couple were inspired by Imre \u00c9gerh\u00e1zi's painting, titled Hungarian Myths and Legendsto write The Magic Stag. Tam\u00e1s Barab\u00e1s and Attila \u00c9gerh\u00e1zi selected the additional paintings in the album, to which the individual compositions can be linked.","robots":{"index":"index","follow":"follow","max-snippet":"max-snippet:-1","max-image-preview":"max-image-preview:large","max-video-preview":"max-video-preview:-1"},"canonical":"https:\/\/djabe.hu\/uzlet\/djabe-the-magic-stag-2lp\/","og_locale":"en_US","og_type":"article","og_title":"Djabe: The Magic Stag - 2LP","og_description":"{:en}The above does not mean that Steve would not be on the album, as the concept of the album and the lyrics of the title song are his and his wife\u2019s creation. The creative Hackett couple were inspired by Imre \u00c9gerh\u00e1zi's painting, titled Hungarian Myths and Legendsto write The Magic Stag. Tam\u00e1s Barab\u00e1s and Attila \u00c9gerh\u00e1zi selected the additional paintings in the album, to which the individual compositions can be linked.Uniquely among Hungarian bands, Djabe releases their 5thalbum in England within 4 years. This time, the album will not be released under the name Djabe & Steve Hackett by the world-renowned Cherry Red Records, but exclusively under Djabe. The above does not mean that Steve would not be on the album, as the concept of the album and the lyrics of the title song are his and his wife\u2019s creation. The creative Hackett couple were inspired by Imre \u00c9gerh\u00e1zi's painting, titled Hungarian Myths and Legendsto write The Magic Stag. Tam\u00e1s Barab\u00e1s and Attila \u00c9gerh\u00e1zi selected the additional paintings in the album, to which the individual compositions can be linked.{:}","og_url":"https:\/\/djabe.hu\/uzlet\/djabe-the-magic-stag-2lp\/","og_site_name":"Djabe","article_modified_time":"2025-01-20T08:23:59+00:00","og_image":[{"width":1500,"height":1500,"url":"https:\/\/djabe.hu\/wp-content\/uploads\/2020\/09\/GR146_1_2LP_djabe_the_magic_stag_mockup_2.png","type":"image\/png"}],"twitter_card":"summary_large_image","twitter_title":"Djabe: The Magic Stag - 2LP","twitter_image":"https:\/\/djabe.hu\/wp-content\/uploads\/2020\/09\/GR146_1_2LP_djabe_the_magic_stag_mockup_2.png","twitter_misc":{"Est. reading time":"3 minutes"},"schema":{"@context":"https:\/\/schema.org","@graph":[{"@type":"WebPage","@id":"https:\/\/djabe.hu\/uzlet\/djabe-the-magic-stag-2lp\/","url":"https:\/\/djabe.hu\/uzlet\/djabe-the-magic-stag-2lp\/","name":"Djabe: The Magic Stag - 2LP - Djabe","isPartOf":{"@id":"https:\/\/djabe.hu\/en\/#website"},"primaryImageOfPage":{"@id":"https:\/\/djabe.hu\/uzlet\/djabe-the-magic-stag-2lp\/#primaryimage"},"image":{"@id":"https:\/\/djabe.hu\/uzlet\/djabe-the-magic-stag-2lp\/#primaryimage"},"thumbnailUrl":"https:\/\/djabe.hu\/wp-content\/uploads\/2020\/09\/GR146_1_2LP_djabe_the_magic_stag_mockup_2.png","datePublished":"2020-09-02T11:37:20+00:00","dateModified":"2025-01-20T08:23:59+00:00","description":"{:en}The above does not mean that Steve would not be on the album, as the concept of the album and the lyrics of the title song are his and his wife\u2019s creation. The creative Hackett couple were inspired by Imre \u00c9gerh\u00e1zi's painting, titled Hungarian Myths and Legendsto write The Magic Stag. Tam\u00e1s Barab\u00e1s and Attila \u00c9gerh\u00e1zi selected the additional paintings in the album, to which the individual compositions can be linked.Uniquely among Hungarian bands, Djabe releases their 5thalbum in England within 4 years. This time, the album will not be released under the name Djabe & Steve Hackett by the world-renowned Cherry Red Records, but exclusively under Djabe. The above does not mean that Steve would not be on the album, as the concept of the album and the lyrics of the title song are his and his wife\u2019s creation. The creative Hackett couple were inspired by Imre \u00c9gerh\u00e1zi's painting, titled Hungarian Myths and Legendsto write The Magic Stag. Tam\u00e1s Barab\u00e1s and Attila \u00c9gerh\u00e1zi selected the additional paintings in the album, to which the individual compositions can be linked.{:}","breadcrumb":{"@id":"https:\/\/djabe.hu\/uzlet\/djabe-the-magic-stag-2lp\/#breadcrumb"},"inLanguage":"en-US","potentialAction":[{"@type":"ReadAction","target":["https:\/\/djabe.hu\/uzlet\/djabe-the-magic-stag-2lp\/"]}]},{"@type":"ImageObject","inLanguage":"en-US","@id":"https:\/\/djabe.hu\/uzlet\/djabe-the-magic-stag-2lp\/#primaryimage","url":"https:\/\/djabe.hu\/wp-content\/uploads\/2020\/09\/GR146_1_2LP_djabe_the_magic_stag_mockup_2.png","contentUrl":"https:\/\/djabe.hu\/wp-content\/uploads\/2020\/09\/GR146_1_2LP_djabe_the_magic_stag_mockup_2.png","width":1500,"height":1500,"caption":"Djabe - The Magic Stag - 2LP"},{"@type":"BreadcrumbList","@id":"https:\/\/djabe.hu\/uzlet\/djabe-the-magic-stag-2lp\/#breadcrumb","itemListElement":[{"@type":"ListItem","position":1,"name":"Home","item":"https:\/\/djabe.hu\/en\/"},{"@type":"ListItem","position":2,"name":"\u00c1ruh\u00e1z","item":"https:\/\/djabe.hu\/uzlet\/"},{"@type":"ListItem","position":3,"name":"Djabe: The Magic Stag &#8211; 2LP"}]},{"@type":"WebSite","@id":"https:\/\/djabe.hu\/en\/#website","url":"https:\/\/djabe.hu\/en\/","name":"Djabe","description":"Official site","potentialAction":[{"@type":"SearchAction","target":{"@type":"EntryPoint","urlTemplate":"https:\/\/djabe.hu\/en\/?s={search_term_string}"},"query-input":{"@type":"PropertyValueSpecification","valueRequired":true,"valueName":"search_term_string"}}],"inLanguage":"en-US"}]}},"jetpack_sharing_enabled":true,"_links":{"self":[{"href":"https:\/\/djabe.hu\/en\/wp-json\/wp\/v2\/product\/7730","targetHints":{"allow":["GET"]}}],"collection":[{"href":"https:\/\/djabe.hu\/en\/wp-json\/wp\/v2\/product"}],"about":[{"href":"https:\/\/djabe.hu\/en\/wp-json\/wp\/v2\/types\/product"}],"wp:featuredmedia":[{"embeddable":true,"href":"https:\/\/djabe.hu\/en\/wp-json\/wp\/v2\/media\/7732"}],"wp:attachment":[{"href":"https:\/\/djabe.hu\/en\/wp-json\/wp\/v2\/media?parent=7730"}],"wp:term":[{"taxonomy":"product_brand","embeddable":true,"href":"https:\/\/djabe.hu\/en\/wp-json\/wp\/v2\/product_brand?post=7730"},{"taxonomy":"product_cat","embeddable":true,"href":"https:\/\/djabe.hu\/en\/wp-json\/wp\/v2\/product_cat?post=7730"},{"taxonomy":"product_tag","embeddable":true,"href":"https:\/\/djabe.hu\/en\/wp-json\/wp\/v2\/product_tag?post=7730"}],"curies":[{"name":"wp","href":"https:\/\/api.w.org\/{rel}","templated":true}]}}