{"id":7716,"date":"2002-01-28T15:49:21","date_gmt":"2002-01-28T14:49:21","guid":{"rendered":"https:\/\/djabe.hu\/?post_type=product&#038;p=7716"},"modified":"2026-04-09T09:18:35","modified_gmt":"2026-04-09T08:18:35","slug":"djabe-amit-az-updaterol-meg-tudni-lehet","status":"publish","type":"product","link":"https:\/\/djabe.hu\/en\/uzlet\/djabe-amit-az-updaterol-meg-tudni-lehet\/","title":{"rendered":"Djabe Amit az Updater\u0151l m\u00e9g tudni lehet"},"content":{"rendered":"","protected":false},"excerpt":{"rendered":"<p>The creation of the 2001 album and the tour were a real challenge in the life of the seven-member band.\u00a0 The first steps in preparing for a more colourful musical manifestation have already been released on the album <i>\u00dajraj\u00e1tsz\u00e1s<\/i>.\u00a0 The current CD contains material recorded during the production of\u00a0 <i>Update<\/i> and during the rehearsals of the tour.\u00a0 We noted all the circumstances and characteristics of the recordings of the songs separately, but in general it can be said that half of the material of this CD contains different takes of the Update album tracks, and all carry a unique value that makes them worthwhile as a treasure to be released.\u00a0 The other major block was made on the June 20, 2001 rehearsal of the <i>Update<\/i> tour.\u00a0 It was the first time Ben Castle had joined the band for rehearsals.\u00a0 Of course, the recording made at that time contains musical and technical features that are characteristic of the casual atmosphere of the rehearsal.<\/p>\n","protected":false},"featured_media":7717,"template":"","meta":[],"product_brand":[],"product_cat":[38],"product_tag":[],"class_list":{"0":"post-7716","1":"product","2":"type-product","3":"status-publish","4":"has-post-thumbnail","6":"product_cat-cd","7":"repupress_customize_woocommerce_productom_class","9":"first","10":"instock","11":"shipping-taxable","12":"purchasable","13":"product-type-simple"},"yoast_head":"<!-- This site is optimized with the Yoast SEO plugin v27.2 - https:\/\/yoast.com\/product\/yoast-seo-wordpress\/ -->\n<title>Djabe Amit az Updater\u0151l m\u00e9g tudni lehet - Djabe<\/title>\n<meta name=\"description\" content=\"The creation of the 2001 album and the tour were a real challenge in the life of the seven-member band.\u00a0 The first steps in preparing for a more colourful musical manifestation have already been released on the album \u00dajraj\u00e1tsz\u00e1s.\u00a0 The current CD contains material recorded during the production of\u00a0 Update and during the rehearsals of the tour.\u00a0 We noted all the circumstances and characteristics of the recordings of the songs separately, but in general it can be said that half of the material of this CD contains different takes of the Update album tracks, and all carry a unique value that makes them worthwhile as a treasure to be released.\u00a0 The other major block was made on the June 20, 2001 rehearsal of the Update tour.\u00a0 It was the first time Ben Castle had joined the band for rehearsals.\u00a0 Of course, the recording made at that time contains musical and technical features that are characteristic of the casual atmosphere of the rehearsal.\" \/>\n<meta name=\"robots\" content=\"index, follow, max-snippet:-1, max-image-preview:large, max-video-preview:-1\" \/>\n<link rel=\"canonical\" href=\"https:\/\/djabe.hu\/uzlet\/djabe-amit-az-updaterol-meg-tudni-lehet\/\" \/>\n<meta property=\"og:locale\" content=\"en_US\" \/>\n<meta property=\"og:type\" content=\"article\" \/>\n<meta property=\"og:title\" content=\"Djabe Amit az Updater\u0151l m\u00e9g tudni lehet\" \/>\n<meta property=\"og:description\" content=\"{:en}The creation of the 2001 album and the tour were a real challenge in the life of the seven-member band.\u00a0 The first steps in preparing for a more colourful musical manifestation have already been released on the album \u00dajraj\u00e1tsz\u00e1s.\u00a0 The current CD contains material recorded during the production of\u00a0 Update and during the rehearsals of the tour.\u00a0 We noted all the circumstances and characteristics of the recordings of the songs separately, but in general it can be said that half of the material of this CD contains different takes of the Update album tracks, and all carry a unique value that makes them worthwhile as a treasure to be released.\u00a0 The other major block was made on the June 20, 2001 rehearsal of the Update tour.\u00a0 It was the first time Ben Castle had joined the band for rehearsals.\u00a0 Of course, the recording made at that time contains musical and technical features that are characteristic of the casual atmosphere of the rehearsal.{:}\" \/>\n<meta property=\"og:url\" content=\"https:\/\/djabe.hu\/uzlet\/djabe-amit-az-updaterol-meg-tudni-lehet\/\" \/>\n<meta property=\"og:site_name\" content=\"Djabe\" \/>\n<meta property=\"article:modified_time\" content=\"2026-04-09T08:18:35+00:00\" \/>\n<meta property=\"og:image\" content=\"https:\/\/djabe.hu\/wp-content\/uploads\/2020\/08\/Djabe_Klub_CD_Update_web_1-1.jpg\" \/>\n\t<meta property=\"og:image:width\" content=\"1500\" \/>\n\t<meta property=\"og:image:height\" content=\"1488\" \/>\n\t<meta property=\"og:image:type\" content=\"image\/jpeg\" \/>\n<meta name=\"twitter:card\" content=\"summary_large_image\" \/>\n<meta name=\"twitter:title\" content=\"Djabe Amit az Updater\u0151l m\u00e9g tudni lehet\" \/>\n<meta name=\"twitter:image\" content=\"https:\/\/djabe.hu\/wp-content\/uploads\/2020\/08\/Djabe_Klub_CD_Update_web_1-1.jpg\" \/>\n<script type=\"application\/ld+json\" class=\"yoast-schema-graph\">{\"@context\":\"https:\/\/schema.org\",\"@graph\":[{\"@type\":\"WebPage\",\"@id\":\"https:\/\/djabe.hu\/uzlet\/djabe-amit-az-updaterol-meg-tudni-lehet\/\",\"url\":\"https:\/\/djabe.hu\/uzlet\/djabe-amit-az-updaterol-meg-tudni-lehet\/\",\"name\":\"Djabe Amit az Updater\u0151l m\u00e9g tudni lehet - Djabe\",\"isPartOf\":{\"@id\":\"https:\/\/djabe.hu\/en\/#website\"},\"primaryImageOfPage\":{\"@id\":\"https:\/\/djabe.hu\/uzlet\/djabe-amit-az-updaterol-meg-tudni-lehet\/#primaryimage\"},\"image\":{\"@id\":\"https:\/\/djabe.hu\/uzlet\/djabe-amit-az-updaterol-meg-tudni-lehet\/#primaryimage\"},\"thumbnailUrl\":\"https:\/\/djabe.hu\/wp-content\/uploads\/2020\/08\/Djabe_Klub_CD_Update_web_1-1.jpg\",\"datePublished\":\"2002-01-28T14:49:21+00:00\",\"dateModified\":\"2026-04-09T08:18:35+00:00\",\"description\":\"{:en}The creation of the 2001 album and the tour were a real challenge in the life of the seven-member band.\u00a0 The first steps in preparing for a more colourful musical manifestation have already been released on the album \u00dajraj\u00e1tsz\u00e1s.\u00a0 The current CD contains material recorded during the production of\u00a0 Update and during the rehearsals of the tour.\u00a0 We noted all the circumstances and characteristics of the recordings of the songs separately, but in general it can be said that half of the material of this CD contains different takes of the Update album tracks, and all carry a unique value that makes them worthwhile as a treasure to be released.\u00a0 The other major block was made on the June 20, 2001 rehearsal of the Update tour.\u00a0 It was the first time Ben Castle had joined the band for rehearsals.\u00a0 Of course, the recording made at that time contains musical and technical features that are characteristic of the casual atmosphere of the rehearsal.{:}\",\"breadcrumb\":{\"@id\":\"https:\/\/djabe.hu\/uzlet\/djabe-amit-az-updaterol-meg-tudni-lehet\/#breadcrumb\"},\"inLanguage\":\"en-US\",\"potentialAction\":[{\"@type\":\"ReadAction\",\"target\":[\"https:\/\/djabe.hu\/uzlet\/djabe-amit-az-updaterol-meg-tudni-lehet\/\"]}]},{\"@type\":\"ImageObject\",\"inLanguage\":\"en-US\",\"@id\":\"https:\/\/djabe.hu\/uzlet\/djabe-amit-az-updaterol-meg-tudni-lehet\/#primaryimage\",\"url\":\"https:\/\/djabe.hu\/wp-content\/uploads\/2020\/08\/Djabe_Klub_CD_Update_web_1-1.jpg\",\"contentUrl\":\"https:\/\/djabe.hu\/wp-content\/uploads\/2020\/08\/Djabe_Klub_CD_Update_web_1-1.jpg\",\"width\":1500,\"height\":1488,\"caption\":\"Djabe Amit az Updater\u0151l m\u00e9g tudni lehet\"},{\"@type\":\"BreadcrumbList\",\"@id\":\"https:\/\/djabe.hu\/uzlet\/djabe-amit-az-updaterol-meg-tudni-lehet\/#breadcrumb\",\"itemListElement\":[{\"@type\":\"ListItem\",\"position\":1,\"name\":\"Home\",\"item\":\"https:\/\/djabe.hu\/en\/\"},{\"@type\":\"ListItem\",\"position\":2,\"name\":\"\u00c1ruh\u00e1z\",\"item\":\"https:\/\/djabe.hu\/uzlet\/\"},{\"@type\":\"ListItem\",\"position\":3,\"name\":\"[:hu]Djabe: Amit az Updater\u0151l m\u00e9g tudni lehet[:en]Djabe Amit az Updater\u0151l m\u00e9g tudni lehet[:]\"}]},{\"@type\":\"WebSite\",\"@id\":\"https:\/\/djabe.hu\/en\/#website\",\"url\":\"https:\/\/djabe.hu\/en\/\",\"name\":\"Djabe\",\"description\":\"Official site\",\"potentialAction\":[{\"@type\":\"SearchAction\",\"target\":{\"@type\":\"EntryPoint\",\"urlTemplate\":\"https:\/\/djabe.hu\/en\/?s={search_term_string}\"},\"query-input\":{\"@type\":\"PropertyValueSpecification\",\"valueRequired\":true,\"valueName\":\"search_term_string\"}}],\"inLanguage\":\"en-US\"}]}<\/script>\n<!-- \/ Yoast SEO plugin. -->","yoast_head_json":{"title":"Djabe Amit az Updater\u0151l m\u00e9g tudni lehet - Djabe","description":"The creation of the 2001 album and the tour were a real challenge in the life of the seven-member band.\u00a0 The first steps in preparing for a more colourful musical manifestation have already been released on the album \u00dajraj\u00e1tsz\u00e1s.\u00a0 The current CD contains material recorded during the production of\u00a0 Update and during the rehearsals of the tour.\u00a0 We noted all the circumstances and characteristics of the recordings of the songs separately, but in general it can be said that half of the material of this CD contains different takes of the Update album tracks, and all carry a unique value that makes them worthwhile as a treasure to be released.\u00a0 The other major block was made on the June 20, 2001 rehearsal of the Update tour.\u00a0 It was the first time Ben Castle had joined the band for rehearsals.\u00a0 Of course, the recording made at that time contains musical and technical features that are characteristic of the casual atmosphere of the rehearsal.","robots":{"index":"index","follow":"follow","max-snippet":"max-snippet:-1","max-image-preview":"max-image-preview:large","max-video-preview":"max-video-preview:-1"},"canonical":"https:\/\/djabe.hu\/uzlet\/djabe-amit-az-updaterol-meg-tudni-lehet\/","og_locale":"en_US","og_type":"article","og_title":"Djabe Amit az Updater\u0151l m\u00e9g tudni lehet","og_description":"{:en}The creation of the 2001 album and the tour were a real challenge in the life of the seven-member band.\u00a0 The first steps in preparing for a more colourful musical manifestation have already been released on the album \u00dajraj\u00e1tsz\u00e1s.\u00a0 The current CD contains material recorded during the production of\u00a0 Update and during the rehearsals of the tour.\u00a0 We noted all the circumstances and characteristics of the recordings of the songs separately, but in general it can be said that half of the material of this CD contains different takes of the Update album tracks, and all carry a unique value that makes them worthwhile as a treasure to be released.\u00a0 The other major block was made on the June 20, 2001 rehearsal of the Update tour.\u00a0 It was the first time Ben Castle had joined the band for rehearsals.\u00a0 Of course, the recording made at that time contains musical and technical features that are characteristic of the casual atmosphere of the rehearsal.{:}","og_url":"https:\/\/djabe.hu\/uzlet\/djabe-amit-az-updaterol-meg-tudni-lehet\/","og_site_name":"Djabe","article_modified_time":"2026-04-09T08:18:35+00:00","og_image":[{"width":1500,"height":1488,"url":"https:\/\/djabe.hu\/wp-content\/uploads\/2020\/08\/Djabe_Klub_CD_Update_web_1-1.jpg","type":"image\/jpeg"}],"twitter_card":"summary_large_image","twitter_title":"Djabe Amit az Updater\u0151l m\u00e9g tudni lehet","twitter_image":"https:\/\/djabe.hu\/wp-content\/uploads\/2020\/08\/Djabe_Klub_CD_Update_web_1-1.jpg","schema":{"@context":"https:\/\/schema.org","@graph":[{"@type":"WebPage","@id":"https:\/\/djabe.hu\/uzlet\/djabe-amit-az-updaterol-meg-tudni-lehet\/","url":"https:\/\/djabe.hu\/uzlet\/djabe-amit-az-updaterol-meg-tudni-lehet\/","name":"Djabe Amit az Updater\u0151l m\u00e9g tudni lehet - Djabe","isPartOf":{"@id":"https:\/\/djabe.hu\/en\/#website"},"primaryImageOfPage":{"@id":"https:\/\/djabe.hu\/uzlet\/djabe-amit-az-updaterol-meg-tudni-lehet\/#primaryimage"},"image":{"@id":"https:\/\/djabe.hu\/uzlet\/djabe-amit-az-updaterol-meg-tudni-lehet\/#primaryimage"},"thumbnailUrl":"https:\/\/djabe.hu\/wp-content\/uploads\/2020\/08\/Djabe_Klub_CD_Update_web_1-1.jpg","datePublished":"2002-01-28T14:49:21+00:00","dateModified":"2026-04-09T08:18:35+00:00","description":"{:en}The creation of the 2001 album and the tour were a real challenge in the life of the seven-member band.\u00a0 The first steps in preparing for a more colourful musical manifestation have already been released on the album \u00dajraj\u00e1tsz\u00e1s.\u00a0 The current CD contains material recorded during the production of\u00a0 Update and during the rehearsals of the tour.\u00a0 We noted all the circumstances and characteristics of the recordings of the songs separately, but in general it can be said that half of the material of this CD contains different takes of the Update album tracks, and all carry a unique value that makes them worthwhile as a treasure to be released.\u00a0 The other major block was made on the June 20, 2001 rehearsal of the Update tour.\u00a0 It was the first time Ben Castle had joined the band for rehearsals.\u00a0 Of course, the recording made at that time contains musical and technical features that are characteristic of the casual atmosphere of the rehearsal.{:}","breadcrumb":{"@id":"https:\/\/djabe.hu\/uzlet\/djabe-amit-az-updaterol-meg-tudni-lehet\/#breadcrumb"},"inLanguage":"en-US","potentialAction":[{"@type":"ReadAction","target":["https:\/\/djabe.hu\/uzlet\/djabe-amit-az-updaterol-meg-tudni-lehet\/"]}]},{"@type":"ImageObject","inLanguage":"en-US","@id":"https:\/\/djabe.hu\/uzlet\/djabe-amit-az-updaterol-meg-tudni-lehet\/#primaryimage","url":"https:\/\/djabe.hu\/wp-content\/uploads\/2020\/08\/Djabe_Klub_CD_Update_web_1-1.jpg","contentUrl":"https:\/\/djabe.hu\/wp-content\/uploads\/2020\/08\/Djabe_Klub_CD_Update_web_1-1.jpg","width":1500,"height":1488,"caption":"Djabe Amit az Updater\u0151l m\u00e9g tudni lehet"},{"@type":"BreadcrumbList","@id":"https:\/\/djabe.hu\/uzlet\/djabe-amit-az-updaterol-meg-tudni-lehet\/#breadcrumb","itemListElement":[{"@type":"ListItem","position":1,"name":"Home","item":"https:\/\/djabe.hu\/en\/"},{"@type":"ListItem","position":2,"name":"\u00c1ruh\u00e1z","item":"https:\/\/djabe.hu\/uzlet\/"},{"@type":"ListItem","position":3,"name":"[:hu]Djabe: Amit az Updater\u0151l m\u00e9g tudni lehet[:en]Djabe Amit az Updater\u0151l m\u00e9g tudni lehet[:]"}]},{"@type":"WebSite","@id":"https:\/\/djabe.hu\/en\/#website","url":"https:\/\/djabe.hu\/en\/","name":"Djabe","description":"Official site","potentialAction":[{"@type":"SearchAction","target":{"@type":"EntryPoint","urlTemplate":"https:\/\/djabe.hu\/en\/?s={search_term_string}"},"query-input":{"@type":"PropertyValueSpecification","valueRequired":true,"valueName":"search_term_string"}}],"inLanguage":"en-US"}]}},"jetpack_sharing_enabled":true,"_links":{"self":[{"href":"https:\/\/djabe.hu\/en\/wp-json\/wp\/v2\/product\/7716","targetHints":{"allow":["GET"]}}],"collection":[{"href":"https:\/\/djabe.hu\/en\/wp-json\/wp\/v2\/product"}],"about":[{"href":"https:\/\/djabe.hu\/en\/wp-json\/wp\/v2\/types\/product"}],"wp:featuredmedia":[{"embeddable":true,"href":"https:\/\/djabe.hu\/en\/wp-json\/wp\/v2\/media\/7717"}],"wp:attachment":[{"href":"https:\/\/djabe.hu\/en\/wp-json\/wp\/v2\/media?parent=7716"}],"wp:term":[{"taxonomy":"product_brand","embeddable":true,"href":"https:\/\/djabe.hu\/en\/wp-json\/wp\/v2\/product_brand?post=7716"},{"taxonomy":"product_cat","embeddable":true,"href":"https:\/\/djabe.hu\/en\/wp-json\/wp\/v2\/product_cat?post=7716"},{"taxonomy":"product_tag","embeddable":true,"href":"https:\/\/djabe.hu\/en\/wp-json\/wp\/v2\/product_tag?post=7716"}],"curies":[{"name":"wp","href":"https:\/\/api.w.org\/{rel}","templated":true}]}}