{"id":7713,"date":"2001-02-28T15:46:41","date_gmt":"2001-02-28T14:46:41","guid":{"rendered":"https:\/\/djabe.hu\/?post_type=product&#038;p=7713"},"modified":"2026-04-09T09:18:46","modified_gmt":"2026-04-09T08:18:46","slug":"djabe-ujrajatszas-cd","status":"publish","type":"product","link":"https:\/\/djabe.hu\/en\/uzlet\/djabe-ujrajatszas-cd\/","title":{"rendered":"Djabe \u00dajraj\u00e1tsz\u00e1s CD"},"content":{"rendered":"","protected":false},"excerpt":{"rendered":"<p>The first release of the then Djabe club, and the very first CD if the updated Djabe in 2001. The second part of this release contains rerecorded versions of previous Djabe tracks with the new musicians, and the first part is a great document of this line up very first show after 1 week rehearsal period in Winter of 2001.<\/p>\n","protected":false},"featured_media":7714,"template":"","meta":[],"product_brand":[],"product_cat":[38],"product_tag":[],"class_list":{"0":"post-7713","1":"product","2":"type-product","3":"status-publish","4":"has-post-thumbnail","6":"product_cat-cd","7":"repupress_customize_woocommerce_productom_class","9":"first","10":"instock","11":"shipping-taxable","12":"purchasable","13":"product-type-simple"},"yoast_head":"<!-- This site is optimized with the Yoast SEO plugin v27.4 - https:\/\/yoast.com\/product\/yoast-seo-wordpress\/ -->\n<title>Djabe \u00dajraj\u00e1tsz\u00e1s CD - Djabe<\/title>\n<meta name=\"description\" content=\"The first release of the then Djabe club, and the very first CD if the updated Djabe in 2001. The second part of this release contains rerecorded versions of previous Djabe tracks with the new musicians, and the first part is a great document of this line up very first show after 1 week rehearsal period in Winter of 2001.\" \/>\n<meta name=\"robots\" content=\"index, follow, max-snippet:-1, max-image-preview:large, max-video-preview:-1\" \/>\n<link rel=\"canonical\" href=\"https:\/\/djabe.hu\/uzlet\/djabe-ujrajatszas-cd\/\" \/>\n<meta property=\"og:locale\" content=\"en_US\" \/>\n<meta property=\"og:type\" content=\"article\" \/>\n<meta property=\"og:title\" content=\"Djabe \u00dajraj\u00e1tsz\u00e1s CD\" \/>\n<meta property=\"og:description\" content=\"{:en}The first release of the then Djabe club, and the very first CD if the updated Djabe in 2001. The second part of this release contains rerecorded versions of previous Djabe tracks with the new musicians, and the first part is a great document of this line up very first show after 1 week rehearsal period in Winter of 2001.{:}\" \/>\n<meta property=\"og:url\" content=\"https:\/\/djabe.hu\/uzlet\/djabe-ujrajatszas-cd\/\" \/>\n<meta property=\"og:site_name\" content=\"Djabe\" \/>\n<meta property=\"article:modified_time\" content=\"2026-04-09T08:18:46+00:00\" \/>\n<meta property=\"og:image\" content=\"https:\/\/djabe.hu\/wp-content\/uploads\/2020\/08\/Djabe_Klub_CD_Ujrajatszas_web_1-1.jpg\" \/>\n\t<meta property=\"og:image:width\" content=\"1500\" \/>\n\t<meta property=\"og:image:height\" content=\"1488\" \/>\n\t<meta property=\"og:image:type\" content=\"image\/jpeg\" \/>\n<meta name=\"twitter:card\" content=\"summary_large_image\" \/>\n<meta name=\"twitter:title\" content=\"Djabe \u00dajraj\u00e1tsz\u00e1s CD\" \/>\n<meta name=\"twitter:image\" content=\"https:\/\/djabe.hu\/wp-content\/uploads\/2020\/08\/Djabe_Klub_CD_Ujrajatszas_web_1-1.jpg\" \/>\n<script type=\"application\/ld+json\" class=\"yoast-schema-graph\">{\"@context\":\"https:\\\/\\\/schema.org\",\"@graph\":[{\"@type\":\"WebPage\",\"@id\":\"https:\\\/\\\/djabe.hu\\\/uzlet\\\/djabe-ujrajatszas-cd\\\/\",\"url\":\"https:\\\/\\\/djabe.hu\\\/uzlet\\\/djabe-ujrajatszas-cd\\\/\",\"name\":\"Djabe \u00dajraj\u00e1tsz\u00e1s CD - Djabe\",\"isPartOf\":{\"@id\":\"https:\\\/\\\/djabe.hu\\\/en\\\/#website\"},\"primaryImageOfPage\":{\"@id\":\"https:\\\/\\\/djabe.hu\\\/uzlet\\\/djabe-ujrajatszas-cd\\\/#primaryimage\"},\"image\":{\"@id\":\"https:\\\/\\\/djabe.hu\\\/uzlet\\\/djabe-ujrajatszas-cd\\\/#primaryimage\"},\"thumbnailUrl\":\"https:\\\/\\\/djabe.hu\\\/wp-content\\\/uploads\\\/2020\\\/08\\\/Djabe_Klub_CD_Ujrajatszas_web_1-1.jpg\",\"datePublished\":\"2001-02-28T14:46:41+00:00\",\"dateModified\":\"2026-04-09T08:18:46+00:00\",\"description\":\"{:en}The first release of the then Djabe club, and the very first CD if the updated Djabe in 2001. The second part of this release contains rerecorded versions of previous Djabe tracks with the new musicians, and the first part is a great document of this line up very first show after 1 week rehearsal period in Winter of 2001.{:}\",\"breadcrumb\":{\"@id\":\"https:\\\/\\\/djabe.hu\\\/uzlet\\\/djabe-ujrajatszas-cd\\\/#breadcrumb\"},\"inLanguage\":\"en-US\",\"potentialAction\":[{\"@type\":\"ReadAction\",\"target\":[\"https:\\\/\\\/djabe.hu\\\/uzlet\\\/djabe-ujrajatszas-cd\\\/\"]}]},{\"@type\":\"ImageObject\",\"inLanguage\":\"en-US\",\"@id\":\"https:\\\/\\\/djabe.hu\\\/uzlet\\\/djabe-ujrajatszas-cd\\\/#primaryimage\",\"url\":\"https:\\\/\\\/djabe.hu\\\/wp-content\\\/uploads\\\/2020\\\/08\\\/Djabe_Klub_CD_Ujrajatszas_web_1-1.jpg\",\"contentUrl\":\"https:\\\/\\\/djabe.hu\\\/wp-content\\\/uploads\\\/2020\\\/08\\\/Djabe_Klub_CD_Ujrajatszas_web_1-1.jpg\",\"width\":1500,\"height\":1488,\"caption\":\"Djabe \u00dajraj\u00e1tsz\u00e1s CD\"},{\"@type\":\"BreadcrumbList\",\"@id\":\"https:\\\/\\\/djabe.hu\\\/uzlet\\\/djabe-ujrajatszas-cd\\\/#breadcrumb\",\"itemListElement\":[{\"@type\":\"ListItem\",\"position\":1,\"name\":\"Home\",\"item\":\"https:\\\/\\\/djabe.hu\\\/en\\\/\"},{\"@type\":\"ListItem\",\"position\":2,\"name\":\"\u00c1ruh\u00e1z\",\"item\":\"https:\\\/\\\/djabe.hu\\\/uzlet\\\/\"},{\"@type\":\"ListItem\",\"position\":3,\"name\":\"[:hu]Djabe: \u00dajraj\u00e1tsz\u00e1s CD[:en]Djabe \u00dajraj\u00e1tsz\u00e1s CD[:]\"}]},{\"@type\":\"WebSite\",\"@id\":\"https:\\\/\\\/djabe.hu\\\/en\\\/#website\",\"url\":\"https:\\\/\\\/djabe.hu\\\/en\\\/\",\"name\":\"Djabe\",\"description\":\"Official site\",\"potentialAction\":[{\"@type\":\"SearchAction\",\"target\":{\"@type\":\"EntryPoint\",\"urlTemplate\":\"https:\\\/\\\/djabe.hu\\\/en\\\/?s={search_term_string}\"},\"query-input\":{\"@type\":\"PropertyValueSpecification\",\"valueRequired\":true,\"valueName\":\"search_term_string\"}}],\"inLanguage\":\"en-US\"}]}<\/script>\n<!-- \/ Yoast SEO plugin. -->","yoast_head_json":{"title":"Djabe \u00dajraj\u00e1tsz\u00e1s CD - Djabe","description":"The first release of the then Djabe club, and the very first CD if the updated Djabe in 2001. The second part of this release contains rerecorded versions of previous Djabe tracks with the new musicians, and the first part is a great document of this line up very first show after 1 week rehearsal period in Winter of 2001.","robots":{"index":"index","follow":"follow","max-snippet":"max-snippet:-1","max-image-preview":"max-image-preview:large","max-video-preview":"max-video-preview:-1"},"canonical":"https:\/\/djabe.hu\/uzlet\/djabe-ujrajatszas-cd\/","og_locale":"en_US","og_type":"article","og_title":"Djabe \u00dajraj\u00e1tsz\u00e1s CD","og_description":"{:en}The first release of the then Djabe club, and the very first CD if the updated Djabe in 2001. The second part of this release contains rerecorded versions of previous Djabe tracks with the new musicians, and the first part is a great document of this line up very first show after 1 week rehearsal period in Winter of 2001.{:}","og_url":"https:\/\/djabe.hu\/uzlet\/djabe-ujrajatszas-cd\/","og_site_name":"Djabe","article_modified_time":"2026-04-09T08:18:46+00:00","og_image":[{"width":1500,"height":1488,"url":"https:\/\/djabe.hu\/wp-content\/uploads\/2020\/08\/Djabe_Klub_CD_Ujrajatszas_web_1-1.jpg","type":"image\/jpeg"}],"twitter_card":"summary_large_image","twitter_title":"Djabe \u00dajraj\u00e1tsz\u00e1s CD","twitter_image":"https:\/\/djabe.hu\/wp-content\/uploads\/2020\/08\/Djabe_Klub_CD_Ujrajatszas_web_1-1.jpg","schema":{"@context":"https:\/\/schema.org","@graph":[{"@type":"WebPage","@id":"https:\/\/djabe.hu\/uzlet\/djabe-ujrajatszas-cd\/","url":"https:\/\/djabe.hu\/uzlet\/djabe-ujrajatszas-cd\/","name":"Djabe \u00dajraj\u00e1tsz\u00e1s CD - Djabe","isPartOf":{"@id":"https:\/\/djabe.hu\/en\/#website"},"primaryImageOfPage":{"@id":"https:\/\/djabe.hu\/uzlet\/djabe-ujrajatszas-cd\/#primaryimage"},"image":{"@id":"https:\/\/djabe.hu\/uzlet\/djabe-ujrajatszas-cd\/#primaryimage"},"thumbnailUrl":"https:\/\/djabe.hu\/wp-content\/uploads\/2020\/08\/Djabe_Klub_CD_Ujrajatszas_web_1-1.jpg","datePublished":"2001-02-28T14:46:41+00:00","dateModified":"2026-04-09T08:18:46+00:00","description":"{:en}The first release of the then Djabe club, and the very first CD if the updated Djabe in 2001. The second part of this release contains rerecorded versions of previous Djabe tracks with the new musicians, and the first part is a great document of this line up very first show after 1 week rehearsal period in Winter of 2001.{:}","breadcrumb":{"@id":"https:\/\/djabe.hu\/uzlet\/djabe-ujrajatszas-cd\/#breadcrumb"},"inLanguage":"en-US","potentialAction":[{"@type":"ReadAction","target":["https:\/\/djabe.hu\/uzlet\/djabe-ujrajatszas-cd\/"]}]},{"@type":"ImageObject","inLanguage":"en-US","@id":"https:\/\/djabe.hu\/uzlet\/djabe-ujrajatszas-cd\/#primaryimage","url":"https:\/\/djabe.hu\/wp-content\/uploads\/2020\/08\/Djabe_Klub_CD_Ujrajatszas_web_1-1.jpg","contentUrl":"https:\/\/djabe.hu\/wp-content\/uploads\/2020\/08\/Djabe_Klub_CD_Ujrajatszas_web_1-1.jpg","width":1500,"height":1488,"caption":"Djabe \u00dajraj\u00e1tsz\u00e1s CD"},{"@type":"BreadcrumbList","@id":"https:\/\/djabe.hu\/uzlet\/djabe-ujrajatszas-cd\/#breadcrumb","itemListElement":[{"@type":"ListItem","position":1,"name":"Home","item":"https:\/\/djabe.hu\/en\/"},{"@type":"ListItem","position":2,"name":"\u00c1ruh\u00e1z","item":"https:\/\/djabe.hu\/uzlet\/"},{"@type":"ListItem","position":3,"name":"[:hu]Djabe: \u00dajraj\u00e1tsz\u00e1s CD[:en]Djabe \u00dajraj\u00e1tsz\u00e1s CD[:]"}]},{"@type":"WebSite","@id":"https:\/\/djabe.hu\/en\/#website","url":"https:\/\/djabe.hu\/en\/","name":"Djabe","description":"Official site","potentialAction":[{"@type":"SearchAction","target":{"@type":"EntryPoint","urlTemplate":"https:\/\/djabe.hu\/en\/?s={search_term_string}"},"query-input":{"@type":"PropertyValueSpecification","valueRequired":true,"valueName":"search_term_string"}}],"inLanguage":"en-US"}]}},"jetpack_sharing_enabled":true,"_links":{"self":[{"href":"https:\/\/djabe.hu\/en\/wp-json\/wp\/v2\/product\/7713","targetHints":{"allow":["GET"]}}],"collection":[{"href":"https:\/\/djabe.hu\/en\/wp-json\/wp\/v2\/product"}],"about":[{"href":"https:\/\/djabe.hu\/en\/wp-json\/wp\/v2\/types\/product"}],"wp:featuredmedia":[{"embeddable":true,"href":"https:\/\/djabe.hu\/en\/wp-json\/wp\/v2\/media\/7714"}],"wp:attachment":[{"href":"https:\/\/djabe.hu\/en\/wp-json\/wp\/v2\/media?parent=7713"}],"wp:term":[{"taxonomy":"product_brand","embeddable":true,"href":"https:\/\/djabe.hu\/en\/wp-json\/wp\/v2\/product_brand?post=7713"},{"taxonomy":"product_cat","embeddable":true,"href":"https:\/\/djabe.hu\/en\/wp-json\/wp\/v2\/product_cat?post=7713"},{"taxonomy":"product_tag","embeddable":true,"href":"https:\/\/djabe.hu\/en\/wp-json\/wp\/v2\/product_tag?post=7713"}],"curies":[{"name":"wp","href":"https:\/\/api.w.org\/{rel}","templated":true}]}}