{"id":7709,"date":"2002-03-28T15:43:31","date_gmt":"2002-03-28T14:43:31","guid":{"rendered":"https:\/\/djabe.hu\/?post_type=product&#038;p=7709"},"modified":"2026-04-09T09:18:11","modified_gmt":"2026-04-09T08:18:11","slug":"djabe-live-in-slovakia-cd","status":"publish","type":"product","link":"https:\/\/djabe.hu\/en\/uzlet\/djabe-live-in-slovakia-cd\/","title":{"rendered":"Djabe Live in Slovakia CD"},"content":{"rendered":"","protected":false},"excerpt":{"rendered":"<p>Djabe gave a series of concerts in Slovakia during 2001 and 2002.This CD complied from four festivals performances.<br \/>\nPozsony 18 October 2002. (Track: 7, 8)<br \/>\n\u00c9rsek\u00fajv\u00e1r 19 October 2002. (Track: 3, 4)<br \/>\nEperjes 13 November 2002. (Track: 1, 2, 5, 6, 9)<br \/>\nDem\u00e9nd 1 July 2001 (Track 10) with Ben Castle<\/p>\n","protected":false},"featured_media":7710,"template":"","meta":[],"product_brand":[],"product_cat":[38],"product_tag":[],"class_list":{"0":"post-7709","1":"product","2":"type-product","3":"status-publish","4":"has-post-thumbnail","6":"product_cat-cd","7":"repupress_customize_woocommerce_productom_class","9":"first","10":"instock","11":"shipping-taxable","12":"purchasable","13":"product-type-simple"},"yoast_head":"<!-- This site is optimized with the Yoast SEO plugin v27.4 - https:\/\/yoast.com\/product\/yoast-seo-wordpress\/ -->\n<title>Djabe Live in Slovakia CD - Djabe<\/title>\n<meta name=\"description\" content=\"Djabe gave a series of concerts in Slovakia during 2001 and 2002.This CD complied from four festivals performances.\" \/>\n<meta name=\"robots\" content=\"index, follow, max-snippet:-1, max-image-preview:large, max-video-preview:-1\" \/>\n<link rel=\"canonical\" href=\"https:\/\/djabe.hu\/uzlet\/djabe-live-in-slovakia-cd\/\" \/>\n<meta property=\"og:locale\" content=\"en_US\" \/>\n<meta property=\"og:type\" content=\"article\" \/>\n<meta property=\"og:title\" content=\"Djabe Live in Slovakia CD\" \/>\n<meta property=\"og:description\" content=\"{:en}Djabe gave a series of concerts in Slovakia during 2001 and 2002.This CD complied from four festivals performances.{:}\" \/>\n<meta property=\"og:url\" content=\"https:\/\/djabe.hu\/uzlet\/djabe-live-in-slovakia-cd\/\" \/>\n<meta property=\"og:site_name\" content=\"Djabe\" \/>\n<meta property=\"article:modified_time\" content=\"2026-04-09T08:18:11+00:00\" \/>\n<meta property=\"og:image\" content=\"https:\/\/djabe.hu\/wp-content\/uploads\/2020\/08\/Djabe_Klub_CD_Live_in_Slovakia_web_1-1.jpg\" \/>\n\t<meta property=\"og:image:width\" content=\"1500\" \/>\n\t<meta property=\"og:image:height\" content=\"1488\" \/>\n\t<meta property=\"og:image:type\" content=\"image\/jpeg\" \/>\n<meta name=\"twitter:card\" content=\"summary_large_image\" \/>\n<meta name=\"twitter:title\" content=\"Djabe Live in Slovakia CD\" \/>\n<meta name=\"twitter:image\" content=\"https:\/\/djabe.hu\/wp-content\/uploads\/2020\/08\/Djabe_Klub_CD_Live_in_Slovakia_web_1-1.jpg\" \/>\n<meta name=\"twitter:label1\" content=\"Est. reading time\" \/>\n\t<meta name=\"twitter:data1\" content=\"1 minute\" \/>\n<script type=\"application\/ld+json\" class=\"yoast-schema-graph\">{\"@context\":\"https:\\\/\\\/schema.org\",\"@graph\":[{\"@type\":\"WebPage\",\"@id\":\"https:\\\/\\\/djabe.hu\\\/uzlet\\\/djabe-live-in-slovakia-cd\\\/\",\"url\":\"https:\\\/\\\/djabe.hu\\\/uzlet\\\/djabe-live-in-slovakia-cd\\\/\",\"name\":\"Djabe Live in Slovakia CD - Djabe\",\"isPartOf\":{\"@id\":\"https:\\\/\\\/djabe.hu\\\/en\\\/#website\"},\"primaryImageOfPage\":{\"@id\":\"https:\\\/\\\/djabe.hu\\\/uzlet\\\/djabe-live-in-slovakia-cd\\\/#primaryimage\"},\"image\":{\"@id\":\"https:\\\/\\\/djabe.hu\\\/uzlet\\\/djabe-live-in-slovakia-cd\\\/#primaryimage\"},\"thumbnailUrl\":\"https:\\\/\\\/djabe.hu\\\/wp-content\\\/uploads\\\/2020\\\/08\\\/Djabe_Klub_CD_Live_in_Slovakia_web_1-1.jpg\",\"datePublished\":\"2002-03-28T14:43:31+00:00\",\"dateModified\":\"2026-04-09T08:18:11+00:00\",\"description\":\"{:en}Djabe gave a series of concerts in Slovakia during 2001 and 2002.This CD complied from four festivals performances.{:}\",\"breadcrumb\":{\"@id\":\"https:\\\/\\\/djabe.hu\\\/uzlet\\\/djabe-live-in-slovakia-cd\\\/#breadcrumb\"},\"inLanguage\":\"en-US\",\"potentialAction\":[{\"@type\":\"ReadAction\",\"target\":[\"https:\\\/\\\/djabe.hu\\\/uzlet\\\/djabe-live-in-slovakia-cd\\\/\"]}]},{\"@type\":\"ImageObject\",\"inLanguage\":\"en-US\",\"@id\":\"https:\\\/\\\/djabe.hu\\\/uzlet\\\/djabe-live-in-slovakia-cd\\\/#primaryimage\",\"url\":\"https:\\\/\\\/djabe.hu\\\/wp-content\\\/uploads\\\/2020\\\/08\\\/Djabe_Klub_CD_Live_in_Slovakia_web_1-1.jpg\",\"contentUrl\":\"https:\\\/\\\/djabe.hu\\\/wp-content\\\/uploads\\\/2020\\\/08\\\/Djabe_Klub_CD_Live_in_Slovakia_web_1-1.jpg\",\"width\":1500,\"height\":1488,\"caption\":\"Djabe Live in Slovakia CD\"},{\"@type\":\"BreadcrumbList\",\"@id\":\"https:\\\/\\\/djabe.hu\\\/uzlet\\\/djabe-live-in-slovakia-cd\\\/#breadcrumb\",\"itemListElement\":[{\"@type\":\"ListItem\",\"position\":1,\"name\":\"Home\",\"item\":\"https:\\\/\\\/djabe.hu\\\/en\\\/\"},{\"@type\":\"ListItem\",\"position\":2,\"name\":\"\u00c1ruh\u00e1z\",\"item\":\"https:\\\/\\\/djabe.hu\\\/uzlet\\\/\"},{\"@type\":\"ListItem\",\"position\":3,\"name\":\"[:hu]Djabe: Live in Slovakia CD[:en]Djabe Live in Slovakia CD[:]\"}]},{\"@type\":\"WebSite\",\"@id\":\"https:\\\/\\\/djabe.hu\\\/en\\\/#website\",\"url\":\"https:\\\/\\\/djabe.hu\\\/en\\\/\",\"name\":\"Djabe\",\"description\":\"Official site\",\"potentialAction\":[{\"@type\":\"SearchAction\",\"target\":{\"@type\":\"EntryPoint\",\"urlTemplate\":\"https:\\\/\\\/djabe.hu\\\/en\\\/?s={search_term_string}\"},\"query-input\":{\"@type\":\"PropertyValueSpecification\",\"valueRequired\":true,\"valueName\":\"search_term_string\"}}],\"inLanguage\":\"en-US\"}]}<\/script>\n<!-- \/ Yoast SEO plugin. -->","yoast_head_json":{"title":"Djabe Live in Slovakia CD - Djabe","description":"Djabe gave a series of concerts in Slovakia during 2001 and 2002.This CD complied from four festivals performances.","robots":{"index":"index","follow":"follow","max-snippet":"max-snippet:-1","max-image-preview":"max-image-preview:large","max-video-preview":"max-video-preview:-1"},"canonical":"https:\/\/djabe.hu\/uzlet\/djabe-live-in-slovakia-cd\/","og_locale":"en_US","og_type":"article","og_title":"Djabe Live in Slovakia CD","og_description":"{:en}Djabe gave a series of concerts in Slovakia during 2001 and 2002.This CD complied from four festivals performances.{:}","og_url":"https:\/\/djabe.hu\/uzlet\/djabe-live-in-slovakia-cd\/","og_site_name":"Djabe","article_modified_time":"2026-04-09T08:18:11+00:00","og_image":[{"width":1500,"height":1488,"url":"https:\/\/djabe.hu\/wp-content\/uploads\/2020\/08\/Djabe_Klub_CD_Live_in_Slovakia_web_1-1.jpg","type":"image\/jpeg"}],"twitter_card":"summary_large_image","twitter_title":"Djabe Live in Slovakia CD","twitter_image":"https:\/\/djabe.hu\/wp-content\/uploads\/2020\/08\/Djabe_Klub_CD_Live_in_Slovakia_web_1-1.jpg","twitter_misc":{"Est. reading time":"1 minute"},"schema":{"@context":"https:\/\/schema.org","@graph":[{"@type":"WebPage","@id":"https:\/\/djabe.hu\/uzlet\/djabe-live-in-slovakia-cd\/","url":"https:\/\/djabe.hu\/uzlet\/djabe-live-in-slovakia-cd\/","name":"Djabe Live in Slovakia CD - Djabe","isPartOf":{"@id":"https:\/\/djabe.hu\/en\/#website"},"primaryImageOfPage":{"@id":"https:\/\/djabe.hu\/uzlet\/djabe-live-in-slovakia-cd\/#primaryimage"},"image":{"@id":"https:\/\/djabe.hu\/uzlet\/djabe-live-in-slovakia-cd\/#primaryimage"},"thumbnailUrl":"https:\/\/djabe.hu\/wp-content\/uploads\/2020\/08\/Djabe_Klub_CD_Live_in_Slovakia_web_1-1.jpg","datePublished":"2002-03-28T14:43:31+00:00","dateModified":"2026-04-09T08:18:11+00:00","description":"{:en}Djabe gave a series of concerts in Slovakia during 2001 and 2002.This CD complied from four festivals performances.{:}","breadcrumb":{"@id":"https:\/\/djabe.hu\/uzlet\/djabe-live-in-slovakia-cd\/#breadcrumb"},"inLanguage":"en-US","potentialAction":[{"@type":"ReadAction","target":["https:\/\/djabe.hu\/uzlet\/djabe-live-in-slovakia-cd\/"]}]},{"@type":"ImageObject","inLanguage":"en-US","@id":"https:\/\/djabe.hu\/uzlet\/djabe-live-in-slovakia-cd\/#primaryimage","url":"https:\/\/djabe.hu\/wp-content\/uploads\/2020\/08\/Djabe_Klub_CD_Live_in_Slovakia_web_1-1.jpg","contentUrl":"https:\/\/djabe.hu\/wp-content\/uploads\/2020\/08\/Djabe_Klub_CD_Live_in_Slovakia_web_1-1.jpg","width":1500,"height":1488,"caption":"Djabe Live in Slovakia CD"},{"@type":"BreadcrumbList","@id":"https:\/\/djabe.hu\/uzlet\/djabe-live-in-slovakia-cd\/#breadcrumb","itemListElement":[{"@type":"ListItem","position":1,"name":"Home","item":"https:\/\/djabe.hu\/en\/"},{"@type":"ListItem","position":2,"name":"\u00c1ruh\u00e1z","item":"https:\/\/djabe.hu\/uzlet\/"},{"@type":"ListItem","position":3,"name":"[:hu]Djabe: Live in Slovakia CD[:en]Djabe Live in Slovakia CD[:]"}]},{"@type":"WebSite","@id":"https:\/\/djabe.hu\/en\/#website","url":"https:\/\/djabe.hu\/en\/","name":"Djabe","description":"Official site","potentialAction":[{"@type":"SearchAction","target":{"@type":"EntryPoint","urlTemplate":"https:\/\/djabe.hu\/en\/?s={search_term_string}"},"query-input":{"@type":"PropertyValueSpecification","valueRequired":true,"valueName":"search_term_string"}}],"inLanguage":"en-US"}]}},"jetpack_sharing_enabled":true,"_links":{"self":[{"href":"https:\/\/djabe.hu\/en\/wp-json\/wp\/v2\/product\/7709","targetHints":{"allow":["GET"]}}],"collection":[{"href":"https:\/\/djabe.hu\/en\/wp-json\/wp\/v2\/product"}],"about":[{"href":"https:\/\/djabe.hu\/en\/wp-json\/wp\/v2\/types\/product"}],"wp:featuredmedia":[{"embeddable":true,"href":"https:\/\/djabe.hu\/en\/wp-json\/wp\/v2\/media\/7710"}],"wp:attachment":[{"href":"https:\/\/djabe.hu\/en\/wp-json\/wp\/v2\/media?parent=7709"}],"wp:term":[{"taxonomy":"product_brand","embeddable":true,"href":"https:\/\/djabe.hu\/en\/wp-json\/wp\/v2\/product_brand?post=7709"},{"taxonomy":"product_cat","embeddable":true,"href":"https:\/\/djabe.hu\/en\/wp-json\/wp\/v2\/product_cat?post=7709"},{"taxonomy":"product_tag","embeddable":true,"href":"https:\/\/djabe.hu\/en\/wp-json\/wp\/v2\/product_tag?post=7709"}],"curies":[{"name":"wp","href":"https:\/\/api.w.org\/{rel}","templated":true}]}}