{"id":7707,"date":"2002-02-28T15:39:00","date_gmt":"2002-02-28T14:39:00","guid":{"rendered":"https:\/\/djabe.hu\/?post_type=product&#038;p=7707"},"modified":"2024-10-09T15:10:38","modified_gmt":"2024-10-09T14:10:38","slug":"djabe-evolucio-klub-cd","status":"publish","type":"product","link":"https:\/\/djabe.hu\/en\/uzlet\/djabe-evolucio-klub-cd\/","title":{"rendered":"Djabe Club CD Evol\u00faci\u00f3"},"content":{"rendered":"","protected":false},"excerpt":{"rendered":"<p>This is the evolution documentary of Djabe. From Attila \u00c9gerh\u00e1zi&#8217;s Novus Jam early recordings to the first Djabe professional period. The CD includes early recordings from Tam\u00e1s Barabas, Zolt\u00e1n Kov\u00e1cs and Ferenc Kov\u00e1cs. Very exciting musical journey, enjoy!<\/p>\n","protected":false},"featured_media":7708,"template":"","meta":[],"product_brand":[],"product_cat":[38],"product_tag":[],"class_list":{"0":"post-7707","1":"product","2":"type-product","3":"status-publish","4":"has-post-thumbnail","6":"product_cat-cd","7":"repupress_customize_woocommerce_productom_class","9":"first","10":"instock","11":"shipping-taxable","12":"purchasable","13":"product-type-simple"},"yoast_head":"<!-- This site is optimized with the Yoast SEO plugin v27.2 - https:\/\/yoast.com\/product\/yoast-seo-wordpress\/ -->\n<title>Djabe Club CD Evol\u00faci\u00f3 - Djabe<\/title>\n<meta name=\"description\" content=\"This is the evolution documentary of Djabe. From Attila \u00c9gerh\u00e1zi&#039;s Novus Jam early recordings to the first Djabe professional period. The CD includes early recordings from Tam\u00e1s Barabas, Zolt\u00e1n Kov\u00e1cs and Ferenc Kov\u00e1cs. Very exciting musical journey, enjoy!\" \/>\n<meta name=\"robots\" content=\"index, follow, max-snippet:-1, max-image-preview:large, max-video-preview:-1\" \/>\n<link rel=\"canonical\" href=\"https:\/\/djabe.hu\/uzlet\/djabe-evolucio-klub-cd\/\" \/>\n<meta property=\"og:locale\" content=\"en_US\" \/>\n<meta property=\"og:type\" content=\"article\" \/>\n<meta property=\"og:title\" content=\"Djabe Club CD Evol\u00faci\u00f3\" \/>\n<meta property=\"og:description\" content=\"{:en}This is the evolution documentary of Djabe. From Attila \u00c9gerh\u00e1zi&#039;s Novus Jam early recordings to the first Djabe professional period. The CD includes early recordings from Tam\u00e1s Barabas, Zolt\u00e1n Kov\u00e1cs and Ferenc Kov\u00e1cs. Very exciting musical journey, enjoy!{:}\" \/>\n<meta property=\"og:url\" content=\"https:\/\/djabe.hu\/uzlet\/djabe-evolucio-klub-cd\/\" \/>\n<meta property=\"og:site_name\" content=\"Djabe\" \/>\n<meta property=\"article:modified_time\" content=\"2024-10-09T14:10:38+00:00\" \/>\n<meta property=\"og:image\" content=\"https:\/\/djabe.hu\/wp-content\/uploads\/2020\/08\/Djabe_Klub_CD_Evolucio_web_1-1.jpg\" \/>\n\t<meta property=\"og:image:width\" content=\"1500\" \/>\n\t<meta property=\"og:image:height\" content=\"1488\" \/>\n\t<meta property=\"og:image:type\" content=\"image\/jpeg\" \/>\n<meta name=\"twitter:card\" content=\"summary_large_image\" \/>\n<meta name=\"twitter:title\" content=\"Djabe Club CD Evol\u00faci\u00f3\" \/>\n<meta name=\"twitter:image\" content=\"https:\/\/djabe.hu\/wp-content\/uploads\/2020\/08\/Djabe_Klub_CD_Evolucio_web_1-1.jpg\" \/>\n<script type=\"application\/ld+json\" class=\"yoast-schema-graph\">{\"@context\":\"https:\/\/schema.org\",\"@graph\":[{\"@type\":\"WebPage\",\"@id\":\"https:\/\/djabe.hu\/uzlet\/djabe-evolucio-klub-cd\/\",\"url\":\"https:\/\/djabe.hu\/uzlet\/djabe-evolucio-klub-cd\/\",\"name\":\"Djabe Club CD Evol\u00faci\u00f3 - Djabe\",\"isPartOf\":{\"@id\":\"https:\/\/djabe.hu\/en\/#website\"},\"primaryImageOfPage\":{\"@id\":\"https:\/\/djabe.hu\/uzlet\/djabe-evolucio-klub-cd\/#primaryimage\"},\"image\":{\"@id\":\"https:\/\/djabe.hu\/uzlet\/djabe-evolucio-klub-cd\/#primaryimage\"},\"thumbnailUrl\":\"https:\/\/djabe.hu\/wp-content\/uploads\/2020\/08\/Djabe_Klub_CD_Evolucio_web_1-1.jpg\",\"datePublished\":\"2002-02-28T14:39:00+00:00\",\"dateModified\":\"2024-10-09T14:10:38+00:00\",\"description\":\"{:en}This is the evolution documentary of Djabe. From Attila \u00c9gerh\u00e1zi's Novus Jam early recordings to the first Djabe professional period. The CD includes early recordings from Tam\u00e1s Barabas, Zolt\u00e1n Kov\u00e1cs and Ferenc Kov\u00e1cs. Very exciting musical journey, enjoy!{:}\",\"breadcrumb\":{\"@id\":\"https:\/\/djabe.hu\/uzlet\/djabe-evolucio-klub-cd\/#breadcrumb\"},\"inLanguage\":\"en-US\",\"potentialAction\":[{\"@type\":\"ReadAction\",\"target\":[\"https:\/\/djabe.hu\/uzlet\/djabe-evolucio-klub-cd\/\"]}]},{\"@type\":\"ImageObject\",\"inLanguage\":\"en-US\",\"@id\":\"https:\/\/djabe.hu\/uzlet\/djabe-evolucio-klub-cd\/#primaryimage\",\"url\":\"https:\/\/djabe.hu\/wp-content\/uploads\/2020\/08\/Djabe_Klub_CD_Evolucio_web_1-1.jpg\",\"contentUrl\":\"https:\/\/djabe.hu\/wp-content\/uploads\/2020\/08\/Djabe_Klub_CD_Evolucio_web_1-1.jpg\",\"width\":1500,\"height\":1488,\"caption\":\"Djabe Club CD Evol\u00faci\u00f3\"},{\"@type\":\"BreadcrumbList\",\"@id\":\"https:\/\/djabe.hu\/uzlet\/djabe-evolucio-klub-cd\/#breadcrumb\",\"itemListElement\":[{\"@type\":\"ListItem\",\"position\":1,\"name\":\"Home\",\"item\":\"https:\/\/djabe.hu\/en\/\"},{\"@type\":\"ListItem\",\"position\":2,\"name\":\"\u00c1ruh\u00e1z\",\"item\":\"https:\/\/djabe.hu\/uzlet\/\"},{\"@type\":\"ListItem\",\"position\":3,\"name\":\"[:hu]Djabe: Evol\u00faci\u00f3 klub CD[:en]Djabe Club CD Evol\u00faci\u00f3[:]\"}]},{\"@type\":\"WebSite\",\"@id\":\"https:\/\/djabe.hu\/en\/#website\",\"url\":\"https:\/\/djabe.hu\/en\/\",\"name\":\"Djabe\",\"description\":\"Official site\",\"potentialAction\":[{\"@type\":\"SearchAction\",\"target\":{\"@type\":\"EntryPoint\",\"urlTemplate\":\"https:\/\/djabe.hu\/en\/?s={search_term_string}\"},\"query-input\":{\"@type\":\"PropertyValueSpecification\",\"valueRequired\":true,\"valueName\":\"search_term_string\"}}],\"inLanguage\":\"en-US\"}]}<\/script>\n<!-- \/ Yoast SEO plugin. -->","yoast_head_json":{"title":"Djabe Club CD Evol\u00faci\u00f3 - Djabe","description":"This is the evolution documentary of Djabe. From Attila \u00c9gerh\u00e1zi's Novus Jam early recordings to the first Djabe professional period. The CD includes early recordings from Tam\u00e1s Barabas, Zolt\u00e1n Kov\u00e1cs and Ferenc Kov\u00e1cs. Very exciting musical journey, enjoy!","robots":{"index":"index","follow":"follow","max-snippet":"max-snippet:-1","max-image-preview":"max-image-preview:large","max-video-preview":"max-video-preview:-1"},"canonical":"https:\/\/djabe.hu\/uzlet\/djabe-evolucio-klub-cd\/","og_locale":"en_US","og_type":"article","og_title":"Djabe Club CD Evol\u00faci\u00f3","og_description":"{:en}This is the evolution documentary of Djabe. From Attila \u00c9gerh\u00e1zi's Novus Jam early recordings to the first Djabe professional period. The CD includes early recordings from Tam\u00e1s Barabas, Zolt\u00e1n Kov\u00e1cs and Ferenc Kov\u00e1cs. Very exciting musical journey, enjoy!{:}","og_url":"https:\/\/djabe.hu\/uzlet\/djabe-evolucio-klub-cd\/","og_site_name":"Djabe","article_modified_time":"2024-10-09T14:10:38+00:00","og_image":[{"width":1500,"height":1488,"url":"https:\/\/djabe.hu\/wp-content\/uploads\/2020\/08\/Djabe_Klub_CD_Evolucio_web_1-1.jpg","type":"image\/jpeg"}],"twitter_card":"summary_large_image","twitter_title":"Djabe Club CD Evol\u00faci\u00f3","twitter_image":"https:\/\/djabe.hu\/wp-content\/uploads\/2020\/08\/Djabe_Klub_CD_Evolucio_web_1-1.jpg","schema":{"@context":"https:\/\/schema.org","@graph":[{"@type":"WebPage","@id":"https:\/\/djabe.hu\/uzlet\/djabe-evolucio-klub-cd\/","url":"https:\/\/djabe.hu\/uzlet\/djabe-evolucio-klub-cd\/","name":"Djabe Club CD Evol\u00faci\u00f3 - Djabe","isPartOf":{"@id":"https:\/\/djabe.hu\/en\/#website"},"primaryImageOfPage":{"@id":"https:\/\/djabe.hu\/uzlet\/djabe-evolucio-klub-cd\/#primaryimage"},"image":{"@id":"https:\/\/djabe.hu\/uzlet\/djabe-evolucio-klub-cd\/#primaryimage"},"thumbnailUrl":"https:\/\/djabe.hu\/wp-content\/uploads\/2020\/08\/Djabe_Klub_CD_Evolucio_web_1-1.jpg","datePublished":"2002-02-28T14:39:00+00:00","dateModified":"2024-10-09T14:10:38+00:00","description":"{:en}This is the evolution documentary of Djabe. From Attila \u00c9gerh\u00e1zi's Novus Jam early recordings to the first Djabe professional period. The CD includes early recordings from Tam\u00e1s Barabas, Zolt\u00e1n Kov\u00e1cs and Ferenc Kov\u00e1cs. Very exciting musical journey, enjoy!{:}","breadcrumb":{"@id":"https:\/\/djabe.hu\/uzlet\/djabe-evolucio-klub-cd\/#breadcrumb"},"inLanguage":"en-US","potentialAction":[{"@type":"ReadAction","target":["https:\/\/djabe.hu\/uzlet\/djabe-evolucio-klub-cd\/"]}]},{"@type":"ImageObject","inLanguage":"en-US","@id":"https:\/\/djabe.hu\/uzlet\/djabe-evolucio-klub-cd\/#primaryimage","url":"https:\/\/djabe.hu\/wp-content\/uploads\/2020\/08\/Djabe_Klub_CD_Evolucio_web_1-1.jpg","contentUrl":"https:\/\/djabe.hu\/wp-content\/uploads\/2020\/08\/Djabe_Klub_CD_Evolucio_web_1-1.jpg","width":1500,"height":1488,"caption":"Djabe Club CD Evol\u00faci\u00f3"},{"@type":"BreadcrumbList","@id":"https:\/\/djabe.hu\/uzlet\/djabe-evolucio-klub-cd\/#breadcrumb","itemListElement":[{"@type":"ListItem","position":1,"name":"Home","item":"https:\/\/djabe.hu\/en\/"},{"@type":"ListItem","position":2,"name":"\u00c1ruh\u00e1z","item":"https:\/\/djabe.hu\/uzlet\/"},{"@type":"ListItem","position":3,"name":"[:hu]Djabe: Evol\u00faci\u00f3 klub CD[:en]Djabe Club CD Evol\u00faci\u00f3[:]"}]},{"@type":"WebSite","@id":"https:\/\/djabe.hu\/en\/#website","url":"https:\/\/djabe.hu\/en\/","name":"Djabe","description":"Official site","potentialAction":[{"@type":"SearchAction","target":{"@type":"EntryPoint","urlTemplate":"https:\/\/djabe.hu\/en\/?s={search_term_string}"},"query-input":{"@type":"PropertyValueSpecification","valueRequired":true,"valueName":"search_term_string"}}],"inLanguage":"en-US"}]}},"jetpack_sharing_enabled":true,"_links":{"self":[{"href":"https:\/\/djabe.hu\/en\/wp-json\/wp\/v2\/product\/7707","targetHints":{"allow":["GET"]}}],"collection":[{"href":"https:\/\/djabe.hu\/en\/wp-json\/wp\/v2\/product"}],"about":[{"href":"https:\/\/djabe.hu\/en\/wp-json\/wp\/v2\/types\/product"}],"wp:featuredmedia":[{"embeddable":true,"href":"https:\/\/djabe.hu\/en\/wp-json\/wp\/v2\/media\/7708"}],"wp:attachment":[{"href":"https:\/\/djabe.hu\/en\/wp-json\/wp\/v2\/media?parent=7707"}],"wp:term":[{"taxonomy":"product_brand","embeddable":true,"href":"https:\/\/djabe.hu\/en\/wp-json\/wp\/v2\/product_brand?post=7707"},{"taxonomy":"product_cat","embeddable":true,"href":"https:\/\/djabe.hu\/en\/wp-json\/wp\/v2\/product_cat?post=7707"},{"taxonomy":"product_tag","embeddable":true,"href":"https:\/\/djabe.hu\/en\/wp-json\/wp\/v2\/product_tag?post=7707"}],"curies":[{"name":"wp","href":"https:\/\/api.w.org\/{rel}","templated":true}]}}