{"id":7706,"date":"2020-08-27T13:28:03","date_gmt":"2020-08-27T12:28:03","guid":{"rendered":"https:\/\/djabe.hu\/?post_type=product&#038;p=7706"},"modified":"2025-12-08T11:23:58","modified_gmt":"2025-12-08T10:23:58","slug":"djabe-the-magic-stag-csodaszarvas-2-track-master-tape","status":"publish","type":"product","link":"https:\/\/djabe.hu\/en\/uzlet\/djabe-the-magic-stag-csodaszarvas-2-track-master-tape\/","title":{"rendered":"Djabe: The Magic Stag &#8211; 2 Track Master Tape (2 Tapes!)"},"content":{"rendered":"<p><iframe loading=\"lazy\" title=\"Djabe - The Magic Stag album taster\" width=\"900\" height=\"506\" src=\"https:\/\/www.youtube.com\/embed\/Kyxau5P0DYo?feature=oembed\" frameborder=\"0\" allow=\"accelerometer; autoplay; clipboard-write; encrypted-media; gyroscope; picture-in-picture\" allowfullscreen><\/iframe><\/p>\n","protected":false},"excerpt":{"rendered":"<h3><strong>2 TRACK MASTER TAPE, 2 x SM468 on NAB reel, 15 ips<\/strong><\/h3>\n<p>Djabe is one of the finest Progressive \/ Jazz fusion bands working in the world today. They are also known to a wider audience outside of their native land thanks to a series of collaborative albums and live appearances with the legendary solo musician and ex-Genesis member STEVE HACKETT.<\/p>\n<p>DJABE features Tamas Barabas (bass guitar), Attila Egerhazi (acoustic and electric guitar, percussion), \u00c1ron Ko\u00f3s-Hut\u00e1s (flugelhorn, trumpet), J\u00e1nos Nagy (keyboards) and P\u00e9ter Kasz\u00e1s (drums, lead vocal) and their music contains influences from progressive rock, jazz and world music. Their new album is inspired by the work of the painter, Imre \u00c9gerh\u00e1zi (father of Attila \u00c9gerh\u00e1zi).<\/p>\n<p>By the new millennium Imre \u00c9gerh\u00e1zi was regarded as one of the Alf\u00f6ld\u2019s leading masters. He had gained great recognition in Hungary and beyond its borders for his art and his organizational work in the world of art. He also did much for artistic communities and colleagues. His work and life inspired the musicians to create \u201cTHE MAGIC STAG\u201d.<\/p>\n<p>The album contains 11 compositions, of which 9 were composed by Tam\u00e1s Barab\u00e1s alone and one with Attila \u00c9gerh\u00e1zi. The final piece of the album, Uncertain Time, is a work by \u00c9gerh\u00e1zi. Among the creators there is also Barna P\u00e9ly, who wrote the lyrics of the other song with vocal, <i>Down By The Lakeside<\/i>.<\/p>\n<p>STEVE HACKETT not only co-wrote the lyrics of the album\u2019s title track with his wife JO HACKETT, but he also plays guitar on seven of the album tracks and acts as narrator. The album also features guest ROB TOWNSEND on tenor saxophone (also from Steve Hackett\u2019s band). Tar genius Malik Mansurov also plays on several tracks, whilst former Djabe members, Ferenc Muck and Tibor Karvaly also contribute. L\u00e1szl\u00f3 Szab\u00f3 also adds his magical Sitar playing to the album.<\/p>\n<p>\u201cTHE MAGIC STAG\u201d, is a celebration of the legend of the mystic Hungarian deer, the myths and legends of the Magyars and the paintings of Imre \u00c9gerh\u00e1zi.<\/p>\n","protected":false},"featured_media":7700,"template":"","meta":[],"product_brand":[],"product_cat":[57,73],"product_tag":[],"class_list":{"0":"post-7706","1":"product","2":"type-product","3":"status-publish","4":"has-post-thumbnail","6":"product_cat-reel-to-reel","7":"product_cat-steve-hackett","8":"repupress_customize_woocommerce_productom_class","10":"first","11":"instock","12":"shipping-taxable","13":"purchasable","14":"product-type-simple"},"yoast_head":"<!-- This site is optimized with the Yoast SEO plugin v27.2 - https:\/\/yoast.com\/product\/yoast-seo-wordpress\/ -->\n<title>Djabe: The Magic Stag - 2 Track Master Tape (2 Tapes!) - Djabe<\/title>\n<meta name=\"description\" content=\"Esoteric Recordings is pleased to announce the release of the new studio album by Hungarian band DJABE, \u201cTHE MAGIC STAG\u201d.Djabe is one of the finest Progressive \/ Jazz fusion bands working in the world today. They are also known to a wider audience outside of their native land thanks to a series of collaborative albums and live appearances with the legendary solo musician and ex-Genesis member STEVE HACKETT.\" \/>\n<meta name=\"robots\" content=\"index, follow, max-snippet:-1, max-image-preview:large, max-video-preview:-1\" \/>\n<link rel=\"canonical\" href=\"https:\/\/djabe.hu\/uzlet\/djabe-the-magic-stag-csodaszarvas-2-track-master-tape\/\" \/>\n<meta property=\"og:locale\" content=\"en_US\" \/>\n<meta property=\"og:type\" content=\"article\" \/>\n<meta property=\"og:title\" content=\"Djabe: The Magic Stag - 2 Track Master Tape (2 Tapes!)\" \/>\n<meta property=\"og:description\" content=\"{:en}Esoteric Recordings is pleased to announce the release of the new studio album by Hungarian band DJABE, \u201cTHE MAGIC STAG\u201d.Djabe is one of the finest Progressive \/ Jazz fusion bands working in the world today. They are also known to a wider audience outside of their native land thanks to a series of collaborative albums and live appearances with the legendary solo musician and ex-Genesis member STEVE HACKETT.{:}\" \/>\n<meta property=\"og:url\" content=\"https:\/\/djabe.hu\/uzlet\/djabe-the-magic-stag-csodaszarvas-2-track-master-tape\/\" \/>\n<meta property=\"og:site_name\" content=\"Djabe\" \/>\n<meta property=\"article:modified_time\" content=\"2025-12-08T10:23:58+00:00\" \/>\n<meta property=\"og:image\" content=\"https:\/\/djabe.hu\/wp-content\/uploads\/2020\/08\/djabe_the_magic_stag_TAPE_2RtR_1.jpg\" \/>\n\t<meta property=\"og:image:width\" content=\"2000\" \/>\n\t<meta property=\"og:image:height\" content=\"2000\" \/>\n\t<meta property=\"og:image:type\" content=\"image\/jpeg\" \/>\n<meta name=\"twitter:card\" content=\"summary_large_image\" \/>\n<meta name=\"twitter:title\" content=\"Djabe: The Magic Stag - 2 Track Master Tape (2 Tapes!)\" \/>\n<meta name=\"twitter:image\" content=\"https:\/\/djabe.hu\/wp-content\/uploads\/2020\/08\/djabe_the_magic_stag_TAPE_2RtR_1.jpg\" \/>\n<script type=\"application\/ld+json\" class=\"yoast-schema-graph\">{\"@context\":\"https:\/\/schema.org\",\"@graph\":[{\"@type\":\"WebPage\",\"@id\":\"https:\/\/djabe.hu\/uzlet\/djabe-the-magic-stag-csodaszarvas-2-track-master-tape\/\",\"url\":\"https:\/\/djabe.hu\/uzlet\/djabe-the-magic-stag-csodaszarvas-2-track-master-tape\/\",\"name\":\"Djabe: The Magic Stag - 2 Track Master Tape (2 Tapes!) - Djabe\",\"isPartOf\":{\"@id\":\"https:\/\/djabe.hu\/en\/#website\"},\"primaryImageOfPage\":{\"@id\":\"https:\/\/djabe.hu\/uzlet\/djabe-the-magic-stag-csodaszarvas-2-track-master-tape\/#primaryimage\"},\"image\":{\"@id\":\"https:\/\/djabe.hu\/uzlet\/djabe-the-magic-stag-csodaszarvas-2-track-master-tape\/#primaryimage\"},\"thumbnailUrl\":\"https:\/\/djabe.hu\/wp-content\/uploads\/2020\/08\/djabe_the_magic_stag_TAPE_2RtR_1.jpg\",\"datePublished\":\"2020-08-27T12:28:03+00:00\",\"dateModified\":\"2025-12-08T10:23:58+00:00\",\"description\":\"{:en}Esoteric Recordings is pleased to announce the release of the new studio album by Hungarian band DJABE, \u201cTHE MAGIC STAG\u201d.Djabe is one of the finest Progressive \/ Jazz fusion bands working in the world today. They are also known to a wider audience outside of their native land thanks to a series of collaborative albums and live appearances with the legendary solo musician and ex-Genesis member STEVE HACKETT.{:}\",\"breadcrumb\":{\"@id\":\"https:\/\/djabe.hu\/uzlet\/djabe-the-magic-stag-csodaszarvas-2-track-master-tape\/#breadcrumb\"},\"inLanguage\":\"en-US\",\"potentialAction\":[{\"@type\":\"ReadAction\",\"target\":[\"https:\/\/djabe.hu\/uzlet\/djabe-the-magic-stag-csodaszarvas-2-track-master-tape\/\"]}]},{\"@type\":\"ImageObject\",\"inLanguage\":\"en-US\",\"@id\":\"https:\/\/djabe.hu\/uzlet\/djabe-the-magic-stag-csodaszarvas-2-track-master-tape\/#primaryimage\",\"url\":\"https:\/\/djabe.hu\/wp-content\/uploads\/2020\/08\/djabe_the_magic_stag_TAPE_2RtR_1.jpg\",\"contentUrl\":\"https:\/\/djabe.hu\/wp-content\/uploads\/2020\/08\/djabe_the_magic_stag_TAPE_2RtR_1.jpg\",\"width\":2000,\"height\":2000,\"caption\":\"Djabe - The Magic Stag - 2 Track Master Tape (2 Tapes!)\"},{\"@type\":\"BreadcrumbList\",\"@id\":\"https:\/\/djabe.hu\/uzlet\/djabe-the-magic-stag-csodaszarvas-2-track-master-tape\/#breadcrumb\",\"itemListElement\":[{\"@type\":\"ListItem\",\"position\":1,\"name\":\"Home\",\"item\":\"https:\/\/djabe.hu\/en\/\"},{\"@type\":\"ListItem\",\"position\":2,\"name\":\"\u00c1ruh\u00e1z\",\"item\":\"https:\/\/djabe.hu\/uzlet\/\"},{\"@type\":\"ListItem\",\"position\":3,\"name\":\"[:hu]Djabe: The Magic Stag &#8211; F\u00e9ls\u00e1vos Mesterszalag 2 db[:en]Djabe: The Magic Stag &#8211; 2 Track Master Tape (2 Tapes!)[:]\"}]},{\"@type\":\"WebSite\",\"@id\":\"https:\/\/djabe.hu\/en\/#website\",\"url\":\"https:\/\/djabe.hu\/en\/\",\"name\":\"Djabe\",\"description\":\"Official site\",\"potentialAction\":[{\"@type\":\"SearchAction\",\"target\":{\"@type\":\"EntryPoint\",\"urlTemplate\":\"https:\/\/djabe.hu\/en\/?s={search_term_string}\"},\"query-input\":{\"@type\":\"PropertyValueSpecification\",\"valueRequired\":true,\"valueName\":\"search_term_string\"}}],\"inLanguage\":\"en-US\"}]}<\/script>\n<!-- \/ Yoast SEO plugin. -->","yoast_head_json":{"title":"Djabe: The Magic Stag - 2 Track Master Tape (2 Tapes!) - Djabe","description":"Esoteric Recordings is pleased to announce the release of the new studio album by Hungarian band DJABE, \u201cTHE MAGIC STAG\u201d.Djabe is one of the finest Progressive \/ Jazz fusion bands working in the world today. They are also known to a wider audience outside of their native land thanks to a series of collaborative albums and live appearances with the legendary solo musician and ex-Genesis member STEVE HACKETT.","robots":{"index":"index","follow":"follow","max-snippet":"max-snippet:-1","max-image-preview":"max-image-preview:large","max-video-preview":"max-video-preview:-1"},"canonical":"https:\/\/djabe.hu\/uzlet\/djabe-the-magic-stag-csodaszarvas-2-track-master-tape\/","og_locale":"en_US","og_type":"article","og_title":"Djabe: The Magic Stag - 2 Track Master Tape (2 Tapes!)","og_description":"{:en}Esoteric Recordings is pleased to announce the release of the new studio album by Hungarian band DJABE, \u201cTHE MAGIC STAG\u201d.Djabe is one of the finest Progressive \/ Jazz fusion bands working in the world today. They are also known to a wider audience outside of their native land thanks to a series of collaborative albums and live appearances with the legendary solo musician and ex-Genesis member STEVE HACKETT.{:}","og_url":"https:\/\/djabe.hu\/uzlet\/djabe-the-magic-stag-csodaszarvas-2-track-master-tape\/","og_site_name":"Djabe","article_modified_time":"2025-12-08T10:23:58+00:00","og_image":[{"width":2000,"height":2000,"url":"https:\/\/djabe.hu\/wp-content\/uploads\/2020\/08\/djabe_the_magic_stag_TAPE_2RtR_1.jpg","type":"image\/jpeg"}],"twitter_card":"summary_large_image","twitter_title":"Djabe: The Magic Stag - 2 Track Master Tape (2 Tapes!)","twitter_image":"https:\/\/djabe.hu\/wp-content\/uploads\/2020\/08\/djabe_the_magic_stag_TAPE_2RtR_1.jpg","schema":{"@context":"https:\/\/schema.org","@graph":[{"@type":"WebPage","@id":"https:\/\/djabe.hu\/uzlet\/djabe-the-magic-stag-csodaszarvas-2-track-master-tape\/","url":"https:\/\/djabe.hu\/uzlet\/djabe-the-magic-stag-csodaszarvas-2-track-master-tape\/","name":"Djabe: The Magic Stag - 2 Track Master Tape (2 Tapes!) - Djabe","isPartOf":{"@id":"https:\/\/djabe.hu\/en\/#website"},"primaryImageOfPage":{"@id":"https:\/\/djabe.hu\/uzlet\/djabe-the-magic-stag-csodaszarvas-2-track-master-tape\/#primaryimage"},"image":{"@id":"https:\/\/djabe.hu\/uzlet\/djabe-the-magic-stag-csodaszarvas-2-track-master-tape\/#primaryimage"},"thumbnailUrl":"https:\/\/djabe.hu\/wp-content\/uploads\/2020\/08\/djabe_the_magic_stag_TAPE_2RtR_1.jpg","datePublished":"2020-08-27T12:28:03+00:00","dateModified":"2025-12-08T10:23:58+00:00","description":"{:en}Esoteric Recordings is pleased to announce the release of the new studio album by Hungarian band DJABE, \u201cTHE MAGIC STAG\u201d.Djabe is one of the finest Progressive \/ Jazz fusion bands working in the world today. They are also known to a wider audience outside of their native land thanks to a series of collaborative albums and live appearances with the legendary solo musician and ex-Genesis member STEVE HACKETT.{:}","breadcrumb":{"@id":"https:\/\/djabe.hu\/uzlet\/djabe-the-magic-stag-csodaszarvas-2-track-master-tape\/#breadcrumb"},"inLanguage":"en-US","potentialAction":[{"@type":"ReadAction","target":["https:\/\/djabe.hu\/uzlet\/djabe-the-magic-stag-csodaszarvas-2-track-master-tape\/"]}]},{"@type":"ImageObject","inLanguage":"en-US","@id":"https:\/\/djabe.hu\/uzlet\/djabe-the-magic-stag-csodaszarvas-2-track-master-tape\/#primaryimage","url":"https:\/\/djabe.hu\/wp-content\/uploads\/2020\/08\/djabe_the_magic_stag_TAPE_2RtR_1.jpg","contentUrl":"https:\/\/djabe.hu\/wp-content\/uploads\/2020\/08\/djabe_the_magic_stag_TAPE_2RtR_1.jpg","width":2000,"height":2000,"caption":"Djabe - The Magic Stag - 2 Track Master Tape (2 Tapes!)"},{"@type":"BreadcrumbList","@id":"https:\/\/djabe.hu\/uzlet\/djabe-the-magic-stag-csodaszarvas-2-track-master-tape\/#breadcrumb","itemListElement":[{"@type":"ListItem","position":1,"name":"Home","item":"https:\/\/djabe.hu\/en\/"},{"@type":"ListItem","position":2,"name":"\u00c1ruh\u00e1z","item":"https:\/\/djabe.hu\/uzlet\/"},{"@type":"ListItem","position":3,"name":"[:hu]Djabe: The Magic Stag &#8211; F\u00e9ls\u00e1vos Mesterszalag 2 db[:en]Djabe: The Magic Stag &#8211; 2 Track Master Tape (2 Tapes!)[:]"}]},{"@type":"WebSite","@id":"https:\/\/djabe.hu\/en\/#website","url":"https:\/\/djabe.hu\/en\/","name":"Djabe","description":"Official site","potentialAction":[{"@type":"SearchAction","target":{"@type":"EntryPoint","urlTemplate":"https:\/\/djabe.hu\/en\/?s={search_term_string}"},"query-input":{"@type":"PropertyValueSpecification","valueRequired":true,"valueName":"search_term_string"}}],"inLanguage":"en-US"}]}},"jetpack_sharing_enabled":true,"_links":{"self":[{"href":"https:\/\/djabe.hu\/en\/wp-json\/wp\/v2\/product\/7706","targetHints":{"allow":["GET"]}}],"collection":[{"href":"https:\/\/djabe.hu\/en\/wp-json\/wp\/v2\/product"}],"about":[{"href":"https:\/\/djabe.hu\/en\/wp-json\/wp\/v2\/types\/product"}],"wp:featuredmedia":[{"embeddable":true,"href":"https:\/\/djabe.hu\/en\/wp-json\/wp\/v2\/media\/7700"}],"wp:attachment":[{"href":"https:\/\/djabe.hu\/en\/wp-json\/wp\/v2\/media?parent=7706"}],"wp:term":[{"taxonomy":"product_brand","embeddable":true,"href":"https:\/\/djabe.hu\/en\/wp-json\/wp\/v2\/product_brand?post=7706"},{"taxonomy":"product_cat","embeddable":true,"href":"https:\/\/djabe.hu\/en\/wp-json\/wp\/v2\/product_cat?post=7706"},{"taxonomy":"product_tag","embeddable":true,"href":"https:\/\/djabe.hu\/en\/wp-json\/wp\/v2\/product_tag?post=7706"}],"curies":[{"name":"wp","href":"https:\/\/api.w.org\/{rel}","templated":true}]}}