{"id":7650,"date":"2020-08-04T14:03:59","date_gmt":"2020-08-04T13:03:59","guid":{"rendered":"http:\/\/djabe.hu\/?post_type=product&#038;p=7650"},"modified":"2024-10-09T13:43:46","modified_gmt":"2024-10-09T12:43:46","slug":"djabe-live-in-edmonton-2lp","status":"publish","type":"product","link":"https:\/\/djabe.hu\/en\/uzlet\/djabe-live-in-edmonton-2lp\/","title":{"rendered":"Djabe: Live in Edmonton 2LP"},"content":{"rendered":"<p>In 2019 the band went on an North-American tour to play single live shows and perform at festivals. Some of the highlights of this tour is the full house show in the Kennedy Center in Washington, DC, the 8<sup>th<\/sup> performance at the Rochester International Jazzfest (one of the 10 largest jazz festivals of the world) in New York, and the closing gig at the Edmonton International Jazz Festival of Canada. In the band\u2019s opinion the latter show was the best and they decided to release the recorded multitracks. Djabe played 2 sets with different tracklists, now featured both of them on this release.<\/p>\n<div class=\"wpb_text_column wpb_content_element \">\n<div class=\"wpb_wrapper\">\n<p><span lang=\"HU\"><strong>More information:<\/strong> <a href=\"https:\/\/www.facebook.com\/djabeworld\" target=\"_blank\" rel=\"noopener noreferrer\"><span style=\"color: #00ccff;\">Facebook.com\/djabeworld<\/span><\/a><\/span><\/p>\n<\/div>\n<\/div>\n<div class=\"wpb_text_column wpb_content_element \">\n<div class=\"wpb_wrapper\">\n<p><span lang=\"HU\">\u201cLive in Edmonton\u201d showcases why Djabe is the #1 Fusion band in Hungary, right from the opening track the listener is treated to a very well-crafted live recording, great playing throughout the band with exciting arrangements and energized solo performances. It is so refreshing to hear such a strong performance captured \u201clive\u201d, the way it is intended to be experienced, in the moment!<br \/>\nDjabe has appeared several times in Edmonton and always deliver a high quality, world class fusion set that leaves the audience satisfied and wanting much more.<br \/>\nCongratulations on the newest release, another significant recording and addition to Djabe\u2019s very impressive track record of being one of the best working fusion bands in the world today.\u201d<\/span><\/p>\n<p><strong><span lang=\"HU\">Kent Sangster<\/span><\/strong><span lang=\"HU\"><br \/>\n<em>Executive and Artistic Producer Edmonton International Jazz Festival<\/em><\/span><\/p>\n<h2><strong>Musicians<\/strong><\/h2>\n<p><span lang=\"HU\">Tam\u00e1s Barab\u00e1s <\/span><span lang=\"HU\">\u2013 bass guitar<br \/>\nAttila \u00c9gerh\u00e1zi \u2013\u00a0guitar, percussion, vocal<br \/>\nP\u00e9ter Kasz\u00e1s \u2013\u00a0drums, vocal<br \/>\n\u00c1ron Ko\u00f3s-Hut\u00e1s \u2013\u00a0trumpet, flugelhorn<br \/>\nJ\u00e1nos Nagy \u2013\u00a0keyboards<\/span><\/p>\n<h2>Tracklist<\/h2>\n<h3><strong>LP1<\/strong><\/h3>\n<p>Side A (23:33)<br \/>\nFlow<br \/>\nReturn to Somewhere<br \/>\nDistant Dance<br \/>\nButterfly<\/p>\n<p>Side B (23:48)<br \/>\nDeep Lights<br \/>\nWhite Bears<br \/>\nEdmonton<\/p>\n<h3><strong>LP2<\/strong><\/h3>\n<p>Side C (23:36)<br \/>\nLava Lamp<br \/>\nTurtle Trek<\/p>\n<p>Side D (23:45)<br \/>\nBubble Dream<br \/>\nWitchi Tai To<br \/>\nSaskatchewan Water<br \/>\nBuzzy Island<\/p>\n<p><iframe loading=\"lazy\" title=\"Djabe: Witchi Tai To  -  Live in Edmonton\" width=\"900\" height=\"506\" src=\"https:\/\/www.youtube.com\/embed\/umAOBgDDLJI?feature=oembed\" frameborder=\"0\" allow=\"accelerometer; autoplay; clipboard-write; encrypted-media; gyroscope; picture-in-picture\" allowfullscreen><\/iframe><\/p>\n<\/div>\n<\/div>\n<p><\/p>","protected":false},"excerpt":{"rendered":"<p>In 2019 the band went on an North-American tour. Some of the highlights of this tour is the full house show in the Kennedy Center in Washington, DC, the 8<sup>th<\/sup> performance at the Rochester International Jazzfest in New York, and the closing gig at the Edmonton International Jazz Festival of Canada. In the band\u2019s opinion the latter show was the best and they decided to release the recorded multitracks. Djabe played 2 sets with different tracklists, now featured both of them on this release.<\/p>\n","protected":false},"featured_media":7651,"template":"","meta":[],"product_brand":[],"product_cat":[40],"product_tag":[],"class_list":{"0":"post-7650","1":"product","2":"type-product","3":"status-publish","4":"has-post-thumbnail","6":"product_cat-lp","7":"repupress_customize_woocommerce_productom_class","9":"first","10":"instock","11":"shipping-taxable","12":"purchasable","13":"product-type-simple"},"yoast_head":"<!-- This site is optimized with the Yoast SEO plugin v27.2 - https:\/\/yoast.com\/product\/yoast-seo-wordpress\/ -->\n<title>Djabe: Live in Edmonton 2LP - Djabe<\/title>\n<meta name=\"description\" content=\"In 2019 the band went on an North-American tour. Some of the highlights of this tour is the full house show in the Kennedy Center in Washington, DC, the 8th performance at the Rochester International Jazzfest in New York, and the closing gig at the Edmonton International Jazz Festival of Canada. In the band\u2019s opinion the latter show was the best and they decided to release the recorded multitracks. Djabe played 2 sets with different tracklists, now featured both of them on this release.\" \/>\n<meta name=\"robots\" content=\"index, follow, max-snippet:-1, max-image-preview:large, max-video-preview:-1\" \/>\n<link rel=\"canonical\" href=\"https:\/\/djabe.hu\/uzlet\/djabe-live-in-edmonton-2lp\/\" \/>\n<meta property=\"og:locale\" content=\"en_US\" \/>\n<meta property=\"og:type\" content=\"article\" \/>\n<meta property=\"og:title\" content=\"Djabe: Live in Edmonton 2LP\" \/>\n<meta property=\"og:description\" content=\"{:en}In 2019 the band went on an North-American tour. Some of the highlights of this tour is the full house show in the Kennedy Center in Washington, DC, the 8th performance at the Rochester International Jazzfest in New York, and the closing gig at the Edmonton International Jazz Festival of Canada. In the band\u2019s opinion the latter show was the best and they decided to release the recorded multitracks. Djabe played 2 sets with different tracklists, now featured both of them on this release.{:}\" \/>\n<meta property=\"og:url\" content=\"https:\/\/djabe.hu\/uzlet\/djabe-live-in-edmonton-2lp\/\" \/>\n<meta property=\"og:site_name\" content=\"Djabe\" \/>\n<meta property=\"article:modified_time\" content=\"2024-10-09T12:43:46+00:00\" \/>\n<meta property=\"og:image\" content=\"https:\/\/djabe.hu\/wp-content\/uploads\/2020\/08\/kiadvany_djabe_liveined_2LP_front.jpg\" \/>\n\t<meta property=\"og:image:width\" content=\"1000\" \/>\n\t<meta property=\"og:image:height\" content=\"1000\" \/>\n\t<meta property=\"og:image:type\" content=\"image\/jpeg\" \/>\n<meta name=\"twitter:card\" content=\"summary_large_image\" \/>\n<meta name=\"twitter:title\" content=\"Djabe: Live in Edmonton 2LP\" \/>\n<meta name=\"twitter:image\" content=\"https:\/\/djabe.hu\/wp-content\/uploads\/2020\/08\/kiadvany_djabe_liveined_2LP_front.jpg\" \/>\n<meta name=\"twitter:label1\" content=\"Est. reading time\" \/>\n\t<meta name=\"twitter:data1\" content=\"3 minutes\" \/>\n<script type=\"application\/ld+json\" class=\"yoast-schema-graph\">{\"@context\":\"https:\/\/schema.org\",\"@graph\":[{\"@type\":\"WebPage\",\"@id\":\"https:\/\/djabe.hu\/uzlet\/djabe-live-in-edmonton-2lp\/\",\"url\":\"https:\/\/djabe.hu\/uzlet\/djabe-live-in-edmonton-2lp\/\",\"name\":\"Djabe: Live in Edmonton 2LP - Djabe\",\"isPartOf\":{\"@id\":\"https:\/\/djabe.hu\/en\/#website\"},\"primaryImageOfPage\":{\"@id\":\"https:\/\/djabe.hu\/uzlet\/djabe-live-in-edmonton-2lp\/#primaryimage\"},\"image\":{\"@id\":\"https:\/\/djabe.hu\/uzlet\/djabe-live-in-edmonton-2lp\/#primaryimage\"},\"thumbnailUrl\":\"https:\/\/djabe.hu\/wp-content\/uploads\/2020\/08\/kiadvany_djabe_liveined_2LP_front.jpg\",\"datePublished\":\"2020-08-04T13:03:59+00:00\",\"dateModified\":\"2024-10-09T12:43:46+00:00\",\"description\":\"{:en}In 2019 the band went on an North-American tour. Some of the highlights of this tour is the full house show in the Kennedy Center in Washington, DC, the 8th performance at the Rochester International Jazzfest in New York, and the closing gig at the Edmonton International Jazz Festival of Canada. In the band\u2019s opinion the latter show was the best and they decided to release the recorded multitracks. Djabe played 2 sets with different tracklists, now featured both of them on this release.{:}\",\"breadcrumb\":{\"@id\":\"https:\/\/djabe.hu\/uzlet\/djabe-live-in-edmonton-2lp\/#breadcrumb\"},\"inLanguage\":\"en-US\",\"potentialAction\":[{\"@type\":\"ReadAction\",\"target\":[\"https:\/\/djabe.hu\/uzlet\/djabe-live-in-edmonton-2lp\/\"]}]},{\"@type\":\"ImageObject\",\"inLanguage\":\"en-US\",\"@id\":\"https:\/\/djabe.hu\/uzlet\/djabe-live-in-edmonton-2lp\/#primaryimage\",\"url\":\"https:\/\/djabe.hu\/wp-content\/uploads\/2020\/08\/kiadvany_djabe_liveined_2LP_front.jpg\",\"contentUrl\":\"https:\/\/djabe.hu\/wp-content\/uploads\/2020\/08\/kiadvany_djabe_liveined_2LP_front.jpg\",\"width\":1000,\"height\":1000,\"caption\":\"Djabe - Live in Edmonton 2LP\"},{\"@type\":\"BreadcrumbList\",\"@id\":\"https:\/\/djabe.hu\/uzlet\/djabe-live-in-edmonton-2lp\/#breadcrumb\",\"itemListElement\":[{\"@type\":\"ListItem\",\"position\":1,\"name\":\"Home\",\"item\":\"https:\/\/djabe.hu\/en\/\"},{\"@type\":\"ListItem\",\"position\":2,\"name\":\"\u00c1ruh\u00e1z\",\"item\":\"https:\/\/djabe.hu\/uzlet\/\"},{\"@type\":\"ListItem\",\"position\":3,\"name\":\"Djabe: Live in Edmonton 2LP\"}]},{\"@type\":\"WebSite\",\"@id\":\"https:\/\/djabe.hu\/en\/#website\",\"url\":\"https:\/\/djabe.hu\/en\/\",\"name\":\"Djabe\",\"description\":\"Official site\",\"potentialAction\":[{\"@type\":\"SearchAction\",\"target\":{\"@type\":\"EntryPoint\",\"urlTemplate\":\"https:\/\/djabe.hu\/en\/?s={search_term_string}\"},\"query-input\":{\"@type\":\"PropertyValueSpecification\",\"valueRequired\":true,\"valueName\":\"search_term_string\"}}],\"inLanguage\":\"en-US\"}]}<\/script>\n<!-- \/ Yoast SEO plugin. -->","yoast_head_json":{"title":"Djabe: Live in Edmonton 2LP - Djabe","description":"In 2019 the band went on an North-American tour. Some of the highlights of this tour is the full house show in the Kennedy Center in Washington, DC, the 8th performance at the Rochester International Jazzfest in New York, and the closing gig at the Edmonton International Jazz Festival of Canada. In the band\u2019s opinion the latter show was the best and they decided to release the recorded multitracks. Djabe played 2 sets with different tracklists, now featured both of them on this release.","robots":{"index":"index","follow":"follow","max-snippet":"max-snippet:-1","max-image-preview":"max-image-preview:large","max-video-preview":"max-video-preview:-1"},"canonical":"https:\/\/djabe.hu\/uzlet\/djabe-live-in-edmonton-2lp\/","og_locale":"en_US","og_type":"article","og_title":"Djabe: Live in Edmonton 2LP","og_description":"{:en}In 2019 the band went on an North-American tour. Some of the highlights of this tour is the full house show in the Kennedy Center in Washington, DC, the 8th performance at the Rochester International Jazzfest in New York, and the closing gig at the Edmonton International Jazz Festival of Canada. In the band\u2019s opinion the latter show was the best and they decided to release the recorded multitracks. Djabe played 2 sets with different tracklists, now featured both of them on this release.{:}","og_url":"https:\/\/djabe.hu\/uzlet\/djabe-live-in-edmonton-2lp\/","og_site_name":"Djabe","article_modified_time":"2024-10-09T12:43:46+00:00","og_image":[{"width":1000,"height":1000,"url":"https:\/\/djabe.hu\/wp-content\/uploads\/2020\/08\/kiadvany_djabe_liveined_2LP_front.jpg","type":"image\/jpeg"}],"twitter_card":"summary_large_image","twitter_title":"Djabe: Live in Edmonton 2LP","twitter_image":"https:\/\/djabe.hu\/wp-content\/uploads\/2020\/08\/kiadvany_djabe_liveined_2LP_front.jpg","twitter_misc":{"Est. reading time":"3 minutes"},"schema":{"@context":"https:\/\/schema.org","@graph":[{"@type":"WebPage","@id":"https:\/\/djabe.hu\/uzlet\/djabe-live-in-edmonton-2lp\/","url":"https:\/\/djabe.hu\/uzlet\/djabe-live-in-edmonton-2lp\/","name":"Djabe: Live in Edmonton 2LP - Djabe","isPartOf":{"@id":"https:\/\/djabe.hu\/en\/#website"},"primaryImageOfPage":{"@id":"https:\/\/djabe.hu\/uzlet\/djabe-live-in-edmonton-2lp\/#primaryimage"},"image":{"@id":"https:\/\/djabe.hu\/uzlet\/djabe-live-in-edmonton-2lp\/#primaryimage"},"thumbnailUrl":"https:\/\/djabe.hu\/wp-content\/uploads\/2020\/08\/kiadvany_djabe_liveined_2LP_front.jpg","datePublished":"2020-08-04T13:03:59+00:00","dateModified":"2024-10-09T12:43:46+00:00","description":"{:en}In 2019 the band went on an North-American tour. Some of the highlights of this tour is the full house show in the Kennedy Center in Washington, DC, the 8th performance at the Rochester International Jazzfest in New York, and the closing gig at the Edmonton International Jazz Festival of Canada. In the band\u2019s opinion the latter show was the best and they decided to release the recorded multitracks. Djabe played 2 sets with different tracklists, now featured both of them on this release.{:}","breadcrumb":{"@id":"https:\/\/djabe.hu\/uzlet\/djabe-live-in-edmonton-2lp\/#breadcrumb"},"inLanguage":"en-US","potentialAction":[{"@type":"ReadAction","target":["https:\/\/djabe.hu\/uzlet\/djabe-live-in-edmonton-2lp\/"]}]},{"@type":"ImageObject","inLanguage":"en-US","@id":"https:\/\/djabe.hu\/uzlet\/djabe-live-in-edmonton-2lp\/#primaryimage","url":"https:\/\/djabe.hu\/wp-content\/uploads\/2020\/08\/kiadvany_djabe_liveined_2LP_front.jpg","contentUrl":"https:\/\/djabe.hu\/wp-content\/uploads\/2020\/08\/kiadvany_djabe_liveined_2LP_front.jpg","width":1000,"height":1000,"caption":"Djabe - Live in Edmonton 2LP"},{"@type":"BreadcrumbList","@id":"https:\/\/djabe.hu\/uzlet\/djabe-live-in-edmonton-2lp\/#breadcrumb","itemListElement":[{"@type":"ListItem","position":1,"name":"Home","item":"https:\/\/djabe.hu\/en\/"},{"@type":"ListItem","position":2,"name":"\u00c1ruh\u00e1z","item":"https:\/\/djabe.hu\/uzlet\/"},{"@type":"ListItem","position":3,"name":"Djabe: Live in Edmonton 2LP"}]},{"@type":"WebSite","@id":"https:\/\/djabe.hu\/en\/#website","url":"https:\/\/djabe.hu\/en\/","name":"Djabe","description":"Official site","potentialAction":[{"@type":"SearchAction","target":{"@type":"EntryPoint","urlTemplate":"https:\/\/djabe.hu\/en\/?s={search_term_string}"},"query-input":{"@type":"PropertyValueSpecification","valueRequired":true,"valueName":"search_term_string"}}],"inLanguage":"en-US"}]}},"jetpack_sharing_enabled":true,"_links":{"self":[{"href":"https:\/\/djabe.hu\/en\/wp-json\/wp\/v2\/product\/7650","targetHints":{"allow":["GET"]}}],"collection":[{"href":"https:\/\/djabe.hu\/en\/wp-json\/wp\/v2\/product"}],"about":[{"href":"https:\/\/djabe.hu\/en\/wp-json\/wp\/v2\/types\/product"}],"wp:featuredmedia":[{"embeddable":true,"href":"https:\/\/djabe.hu\/en\/wp-json\/wp\/v2\/media\/7651"}],"wp:attachment":[{"href":"https:\/\/djabe.hu\/en\/wp-json\/wp\/v2\/media?parent=7650"}],"wp:term":[{"taxonomy":"product_brand","embeddable":true,"href":"https:\/\/djabe.hu\/en\/wp-json\/wp\/v2\/product_brand?post=7650"},{"taxonomy":"product_cat","embeddable":true,"href":"https:\/\/djabe.hu\/en\/wp-json\/wp\/v2\/product_cat?post=7650"},{"taxonomy":"product_tag","embeddable":true,"href":"https:\/\/djabe.hu\/en\/wp-json\/wp\/v2\/product_tag?post=7650"}],"curies":[{"name":"wp","href":"https:\/\/api.w.org\/{rel}","templated":true}]}}