{"id":7627,"date":"2020-07-20T13:05:14","date_gmt":"2020-07-20T12:05:14","guid":{"rendered":"http:\/\/djabe.hu\/?post_type=product&#038;p=7627"},"modified":"2026-04-09T08:14:46","modified_gmt":"2026-04-09T07:14:46","slug":"djabe-the-magic-stag-csodaszarvas-cd-dvd","status":"publish","type":"product","link":"https:\/\/djabe.hu\/en\/uzlet\/djabe-the-magic-stag-csodaszarvas-cd-dvd\/","title":{"rendered":"Djabe: The Magic Stag &#8211; CD\/DVD"},"content":{"rendered":"<p>https:\/\/www.youtube.com\/watch?v=Kyxau5P0DYo<\/p>\n<p>Esoteric Recordings is pleased to announce the release of the new studio album by Hungarian band DJABE, \u201cTHE MAGIC STAG\u201d.<\/p>\n<p>Djabe is one of the finest Progressive \/ Jazz fusion bands working in the world today. They are also known to a wider audience outside of their native land thanks to a series of collaborative albums and live appearances with the legendary solo musician and ex-Genesis member STEVE HACKETT.<\/p>\n<p>DJABE features Tamas Barabas (bass guitar), Attila Egerhazi (acoustic and electric guitar, percussion), \u00c1ron Ko\u00f3s-Hut\u00e1s (flugelhorn, trumpet), J\u00e1nos Nagy (keyboards) and P\u00e9ter Kasz\u00e1s (drums, lead vocal) and their music contains influences from progressive rock, jazz and world music. Their new album is inspired by the work of the painter, Imre \u00c9gerh\u00e1zi (father of Attila \u00c9gerh\u00e1zi).<\/p>\n<p>By the new millennium Imre \u00c9gerh\u00e1zi was regarded as one of the Alf\u00f6ld\u2019s leading masters. He had gained great recognition in Hungary and beyond its borders for his art and his organizational work in the world of art. He also did much for artistic communities and colleagues. His work and life inspired the musicians to create \u201cTHE MAGIC STAG\u201d.<\/p>\n<p>The album contains 11 compositions, of which 9 were composed by Tam\u00e1s Barab\u00e1s alone and one with Attila \u00c9gerh\u00e1zi. The final piece of the album, Uncertain Time, is a work by \u00c9gerh\u00e1zi. Among the creators there is also Barna P\u00e9ly, who wrote the lyrics of the other song with vocal, <i>Down By The Lakeside<\/i>.<\/p>\n<p>STEVE HACKETT not only co-wrote the lyrics of the album\u2019s title track with his wife JO HACKETT, but he also plays guitar on seven of the album tracks and acts as narrator. The album also features guest ROB TOWNSEND on tenor saxophone (also from Steve Hackett\u2019s band). Tar genius Malik Mansurov also plays on several tracks, whilst former Djabe members, Ferenc Muck and Tibor Karvaly also contribute. L\u00e1szl\u00f3 Szab\u00f3 also adds his magical Sitar playing to the album.<\/p>\n<p>\u201cTHE MAGIC STAG\u201d, is a celebration of the legend of the mystic Hungarian deer, the myths and legends of the Magyars and the paintings of Imre \u00c9gerh\u00e1zi. This deluxe digipak release also includes a DVD, featuring high resolution 5.1 Surround Sound and Stereo mixes of the album, along with some live video extras and a documentary. The set also features a 32 page booklet with paintings by Imre \u00c9gerh\u00e1zi.<\/p>\n<p style=\"text-align: center;\"><div class='content-column one_half'><h2 style=\"text-align: center;\">DISC ONE: CD<\/h2>\n<h2 style=\"text-align: center;\">THE MAGIC STAG<\/h2>\n<p style=\"text-align: center;\">1. THE BEGINNING OF LEGENDS<br \/>\n2. THE MAGIC STAG<br \/>\n3. THE POWER OF WINGS<br \/>\n4. DOWN BY THE LAKE SIDE<br \/>\n5. FAR AWAY<br \/>\n6. UNSEEN SENSE<br \/>\n7. SOARING HILLS<br \/>\n8. TWO LITTLE SNOWFLAKES<br \/>\n9. A TRUE HOPE<br \/>\n10. RISING HORIZON<br \/>\n11. UNCERTAIN TIME<\/p>\n<h2 style=\"text-align: center;\">DISC TWO: DVD<\/h2>\n<h2 style=\"text-align: center;\">\u201cTHE MAGIC STAG\u201d<br \/>\nHIGH RESOLUTION 96 KHZ \/ 24-BIT<br \/>\n5.1 SURROUND SOUND &amp; STEREO MIXES<\/h2>\n<p style=\"text-align: center;\">1. THE BEGINNING OF LEGENDS<br \/>\n(5.1 SURROUND SOUND MIX)<br \/>\n2. THE MAGIC STAG (5.1 SURROUND SOUND MIX)<br \/>\n3. THE POWER OF WINGS (5.1 SURROUND SOUND MIX)<br \/>\n4. DOWN BY THE LAKE SIDE (5.1 SURROUND SOUND MIX)<br \/>\n5. FAR AWAY (5.1 SURROUND SOUND MIX)<br \/>\n6. UNSEEN SENSE (5.1 SURROUND SOUND MIX)<br \/>\n7. SOARING HILLS (5.1 SURROUND SOUND MIX)<br \/>\n8. TWO LITTLE SNOWFLAKES (5.1 SURROUND SOUND MIX)<br \/>\n9. A TRUE HOPE (5.1 SURROUND SOUND MIX)<br \/>\n10. RISING HORIZON (5.1 SURROUND SOUND MIX)<br \/>\n11. UNCERTAIN TIME (5.1 SURROUND SOUND MIX)<\/p>\n<h2 style=\"text-align: center;\">VIDEO EXTRAS<\/h2>\n<p style=\"text-align: center;\">1. BUBBLE DREAM (LIVE IN WASHINGTON D.C.)<br \/>\n2. DEEP LIGHTS (LIVE IN WASHINGTON D.C.)<br \/>\n3. WITCHI TAI TO (LIVE IN LVIV, UKRAINE)<br \/>\n4. THE LOST CARD (LIVE IN LVIV, UKRAINE)<br \/>\n5. GALLOP (WITH STEVE HACKETT) (LIVE IN BUDAPEST)<br \/>\n6. COFFEE BREAK (LIVE IN BUDAPEST)<br \/>\n7. THE POWER OF WINGS (WITH STEVE HACKETT)<br \/>\n(LIVE IN BUDAPEST)<br \/>\n8. LAVA LAMP \u2013 A QUARANTINE VIDEO 2020<br \/>\n9. IMRE \u00c9GERH\u00c1ZI DOCUMENTARY<\/p>\n<p style=\"text-align: center;\"><\/div>\n<p style=\"text-align: center;\"><div class='content-column one_half last_column'><h2 style=\"text-align: center;\">Musicians<\/h2>\n<p style=\"text-align: center;\">Tam\u00e1s Barab\u00e1s \u2013 bass guitar<br \/>\nAttila \u00c9gerh\u00e1zi \u2013 guitar, percussion<br \/>\n\u00c1ron Ko\u00f3s-Hut\u00e1s \u2013 flugelhorn, trumpet<br \/>\nJ\u00e1nos Nagy \u2013 keyboards<br \/>\nP\u00e9ter Kasz\u00e1s \u2013 drums, vocal<\/p>\n<h2 style=\"text-align: center;\">Guest musicians<\/h2>\n<p style=\"text-align: center;\">Steve Hackett \u2013 guitar, storytelling<br \/>\nRob Townsend \u2013 saxophone<br \/>\nMalik Mansurov \u2013 tar<br \/>\nFerenc Muck \u2013 saxophone<br \/>\nL\u00e1szl\u00f3 Szab\u00f3 \u2013 sitar, guitar<br \/>\nTibor Karvaly \u2013 violin<br \/>\nS\u00e1ra Kov\u00e1cs \u2013 flute<br \/>\n\u00c9va Kozma \u2013 koboz<\/p>\n<p style=\"text-align: center;\"><\/div><div class='clear_column'><\/div>\n<p><\/p>","protected":false},"excerpt":{"rendered":"<h3><strong>\u2022 <\/strong><strong>THE 2020 STUDIO ALBUM BY DJABE<br \/>\n\u2022 FEATURING SPECIAL GUEST STEVE HACKETT<br \/>\n\u2022 2 DISC EDITION FEATURING A CD AND A DVD FEATURING HIGH RESOLUTION 5.1 SURROUND SOUND &amp; STEREO MIXES OF THE ALBUM PLUS LIVE VIDEO EXTRAS<\/strong><\/h3>\n<p>Djabe is one of the finest Progressive \/ Jazz fusion bands working in the world today.<\/p>\n","protected":false},"featured_media":7628,"template":"","meta":[],"product_brand":[],"product_cat":[38,41,73],"product_tag":[],"class_list":{"0":"post-7627","1":"product","2":"type-product","3":"status-publish","4":"has-post-thumbnail","6":"product_cat-cd","7":"product_cat-dvd","8":"product_cat-steve-hackett","9":"repupress_customize_woocommerce_productom_class","11":"first","12":"instock","13":"shipping-taxable","14":"purchasable","15":"product-type-simple"},"yoast_head":"<!-- This site is optimized with the Yoast SEO plugin v27.2 - https:\/\/yoast.com\/product\/yoast-seo-wordpress\/ -->\n<title>Djabe: The Magic Stag - CD\/DVD - Djabe<\/title>\n<meta name=\"description\" content=\"Esoteric Recordings is pleased to announce the release of the new studio album by Hungarian band DJABE, \u201cTHE MAGIC STAG\u201d.Djabe is one of the finest Progressive \/ Jazz fusion bands working in the world today. They are also known to a wider audience outside of their native land thanks to a series of collaborative albums and live appearances with the legendary solo musician and ex-Genesis member STEVE HACKETT.\" \/>\n<meta name=\"robots\" content=\"index, follow, max-snippet:-1, max-image-preview:large, max-video-preview:-1\" \/>\n<link rel=\"canonical\" href=\"https:\/\/djabe.hu\/uzlet\/djabe-the-magic-stag-csodaszarvas-cd-dvd\/\" \/>\n<meta property=\"og:locale\" content=\"en_US\" \/>\n<meta property=\"og:type\" content=\"article\" \/>\n<meta property=\"og:title\" content=\"Djabe: The Magic Stag - CD\/DVD\" \/>\n<meta property=\"og:description\" content=\"{:en}Esoteric Recordings is pleased to announce the release of the new studio album by Hungarian band DJABE, \u201cTHE MAGIC STAG\u201d.Djabe is one of the finest Progressive \/ Jazz fusion bands working in the world today. They are also known to a wider audience outside of their native land thanks to a series of collaborative albums and live appearances with the legendary solo musician and ex-Genesis member STEVE HACKETT.{:}\" \/>\n<meta property=\"og:url\" content=\"https:\/\/djabe.hu\/uzlet\/djabe-the-magic-stag-csodaszarvas-cd-dvd\/\" \/>\n<meta property=\"og:site_name\" content=\"Djabe\" \/>\n<meta property=\"article:modified_time\" content=\"2026-04-09T07:14:46+00:00\" \/>\n<meta property=\"og:image\" content=\"https:\/\/djabe.hu\/wp-content\/uploads\/2020\/07\/Djabe_The_Magic_Stag_2020_CD_DVD_v1_2-1024x1024.png\" \/>\n\t<meta property=\"og:image:width\" content=\"1024\" \/>\n\t<meta property=\"og:image:height\" content=\"1024\" \/>\n\t<meta property=\"og:image:type\" content=\"image\/png\" \/>\n<meta name=\"twitter:card\" content=\"summary_large_image\" \/>\n<meta name=\"twitter:title\" content=\"Djabe: The Magic Stag - CD\/DVD\" \/>\n<meta name=\"twitter:image\" content=\"https:\/\/djabe.hu\/wp-content\/uploads\/2020\/07\/Djabe_The_Magic_Stag_2020_CD_DVD_v1_2.png\" \/>\n<meta name=\"twitter:label1\" content=\"Est. reading time\" \/>\n\t<meta name=\"twitter:data1\" content=\"8 minutes\" \/>\n<script type=\"application\/ld+json\" class=\"yoast-schema-graph\">{\"@context\":\"https:\/\/schema.org\",\"@graph\":[{\"@type\":\"WebPage\",\"@id\":\"https:\/\/djabe.hu\/uzlet\/djabe-the-magic-stag-csodaszarvas-cd-dvd\/\",\"url\":\"https:\/\/djabe.hu\/uzlet\/djabe-the-magic-stag-csodaszarvas-cd-dvd\/\",\"name\":\"Djabe: The Magic Stag - CD\/DVD - Djabe\",\"isPartOf\":{\"@id\":\"https:\/\/djabe.hu\/en\/#website\"},\"primaryImageOfPage\":{\"@id\":\"https:\/\/djabe.hu\/uzlet\/djabe-the-magic-stag-csodaszarvas-cd-dvd\/#primaryimage\"},\"image\":{\"@id\":\"https:\/\/djabe.hu\/uzlet\/djabe-the-magic-stag-csodaszarvas-cd-dvd\/#primaryimage\"},\"thumbnailUrl\":\"https:\/\/djabe.hu\/wp-content\/uploads\/2020\/07\/Djabe_The_Magic_Stag_2020_CD_DVD_v1_2.png\",\"datePublished\":\"2020-07-20T12:05:14+00:00\",\"dateModified\":\"2026-04-09T07:14:46+00:00\",\"description\":\"{:en}Esoteric Recordings is pleased to announce the release of the new studio album by Hungarian band DJABE, \u201cTHE MAGIC STAG\u201d.Djabe is one of the finest Progressive \/ Jazz fusion bands working in the world today. They are also known to a wider audience outside of their native land thanks to a series of collaborative albums and live appearances with the legendary solo musician and ex-Genesis member STEVE HACKETT.{:}\",\"breadcrumb\":{\"@id\":\"https:\/\/djabe.hu\/uzlet\/djabe-the-magic-stag-csodaszarvas-cd-dvd\/#breadcrumb\"},\"inLanguage\":\"en-US\",\"potentialAction\":[{\"@type\":\"ReadAction\",\"target\":[\"https:\/\/djabe.hu\/uzlet\/djabe-the-magic-stag-csodaszarvas-cd-dvd\/\"]}]},{\"@type\":\"ImageObject\",\"inLanguage\":\"en-US\",\"@id\":\"https:\/\/djabe.hu\/uzlet\/djabe-the-magic-stag-csodaszarvas-cd-dvd\/#primaryimage\",\"url\":\"https:\/\/djabe.hu\/wp-content\/uploads\/2020\/07\/Djabe_The_Magic_Stag_2020_CD_DVD_v1_2.png\",\"contentUrl\":\"https:\/\/djabe.hu\/wp-content\/uploads\/2020\/07\/Djabe_The_Magic_Stag_2020_CD_DVD_v1_2.png\",\"width\":2000,\"height\":2000,\"caption\":\"Djabe - The Magic Stag - CD\/DVD\"},{\"@type\":\"BreadcrumbList\",\"@id\":\"https:\/\/djabe.hu\/uzlet\/djabe-the-magic-stag-csodaszarvas-cd-dvd\/#breadcrumb\",\"itemListElement\":[{\"@type\":\"ListItem\",\"position\":1,\"name\":\"Home\",\"item\":\"https:\/\/djabe.hu\/en\/\"},{\"@type\":\"ListItem\",\"position\":2,\"name\":\"\u00c1ruh\u00e1z\",\"item\":\"https:\/\/djabe.hu\/uzlet\/\"},{\"@type\":\"ListItem\",\"position\":3,\"name\":\"[:hu]Djabe: The Magic Stag &#8211; CD\/DVD[:en]Djabe: The Magic Stag &#8211; CD\/DVD [:]\"}]},{\"@type\":\"WebSite\",\"@id\":\"https:\/\/djabe.hu\/en\/#website\",\"url\":\"https:\/\/djabe.hu\/en\/\",\"name\":\"Djabe\",\"description\":\"Official site\",\"potentialAction\":[{\"@type\":\"SearchAction\",\"target\":{\"@type\":\"EntryPoint\",\"urlTemplate\":\"https:\/\/djabe.hu\/en\/?s={search_term_string}\"},\"query-input\":{\"@type\":\"PropertyValueSpecification\",\"valueRequired\":true,\"valueName\":\"search_term_string\"}}],\"inLanguage\":\"en-US\"}]}<\/script>\n<!-- \/ Yoast SEO plugin. -->","yoast_head_json":{"title":"Djabe: The Magic Stag - CD\/DVD - Djabe","description":"Esoteric Recordings is pleased to announce the release of the new studio album by Hungarian band DJABE, \u201cTHE MAGIC STAG\u201d.Djabe is one of the finest Progressive \/ Jazz fusion bands working in the world today. They are also known to a wider audience outside of their native land thanks to a series of collaborative albums and live appearances with the legendary solo musician and ex-Genesis member STEVE HACKETT.","robots":{"index":"index","follow":"follow","max-snippet":"max-snippet:-1","max-image-preview":"max-image-preview:large","max-video-preview":"max-video-preview:-1"},"canonical":"https:\/\/djabe.hu\/uzlet\/djabe-the-magic-stag-csodaszarvas-cd-dvd\/","og_locale":"en_US","og_type":"article","og_title":"Djabe: The Magic Stag - CD\/DVD","og_description":"{:en}Esoteric Recordings is pleased to announce the release of the new studio album by Hungarian band DJABE, \u201cTHE MAGIC STAG\u201d.Djabe is one of the finest Progressive \/ Jazz fusion bands working in the world today. They are also known to a wider audience outside of their native land thanks to a series of collaborative albums and live appearances with the legendary solo musician and ex-Genesis member STEVE HACKETT.{:}","og_url":"https:\/\/djabe.hu\/uzlet\/djabe-the-magic-stag-csodaszarvas-cd-dvd\/","og_site_name":"Djabe","article_modified_time":"2026-04-09T07:14:46+00:00","og_image":[{"width":1024,"height":1024,"url":"https:\/\/djabe.hu\/wp-content\/uploads\/2020\/07\/Djabe_The_Magic_Stag_2020_CD_DVD_v1_2-1024x1024.png","type":"image\/png"}],"twitter_card":"summary_large_image","twitter_title":"Djabe: The Magic Stag - CD\/DVD","twitter_image":"https:\/\/djabe.hu\/wp-content\/uploads\/2020\/07\/Djabe_The_Magic_Stag_2020_CD_DVD_v1_2.png","twitter_misc":{"Est. reading time":"8 minutes"},"schema":{"@context":"https:\/\/schema.org","@graph":[{"@type":"WebPage","@id":"https:\/\/djabe.hu\/uzlet\/djabe-the-magic-stag-csodaszarvas-cd-dvd\/","url":"https:\/\/djabe.hu\/uzlet\/djabe-the-magic-stag-csodaszarvas-cd-dvd\/","name":"Djabe: The Magic Stag - CD\/DVD - Djabe","isPartOf":{"@id":"https:\/\/djabe.hu\/en\/#website"},"primaryImageOfPage":{"@id":"https:\/\/djabe.hu\/uzlet\/djabe-the-magic-stag-csodaszarvas-cd-dvd\/#primaryimage"},"image":{"@id":"https:\/\/djabe.hu\/uzlet\/djabe-the-magic-stag-csodaszarvas-cd-dvd\/#primaryimage"},"thumbnailUrl":"https:\/\/djabe.hu\/wp-content\/uploads\/2020\/07\/Djabe_The_Magic_Stag_2020_CD_DVD_v1_2.png","datePublished":"2020-07-20T12:05:14+00:00","dateModified":"2026-04-09T07:14:46+00:00","description":"{:en}Esoteric Recordings is pleased to announce the release of the new studio album by Hungarian band DJABE, \u201cTHE MAGIC STAG\u201d.Djabe is one of the finest Progressive \/ Jazz fusion bands working in the world today. They are also known to a wider audience outside of their native land thanks to a series of collaborative albums and live appearances with the legendary solo musician and ex-Genesis member STEVE HACKETT.{:}","breadcrumb":{"@id":"https:\/\/djabe.hu\/uzlet\/djabe-the-magic-stag-csodaszarvas-cd-dvd\/#breadcrumb"},"inLanguage":"en-US","potentialAction":[{"@type":"ReadAction","target":["https:\/\/djabe.hu\/uzlet\/djabe-the-magic-stag-csodaszarvas-cd-dvd\/"]}]},{"@type":"ImageObject","inLanguage":"en-US","@id":"https:\/\/djabe.hu\/uzlet\/djabe-the-magic-stag-csodaszarvas-cd-dvd\/#primaryimage","url":"https:\/\/djabe.hu\/wp-content\/uploads\/2020\/07\/Djabe_The_Magic_Stag_2020_CD_DVD_v1_2.png","contentUrl":"https:\/\/djabe.hu\/wp-content\/uploads\/2020\/07\/Djabe_The_Magic_Stag_2020_CD_DVD_v1_2.png","width":2000,"height":2000,"caption":"Djabe - The Magic Stag - CD\/DVD"},{"@type":"BreadcrumbList","@id":"https:\/\/djabe.hu\/uzlet\/djabe-the-magic-stag-csodaszarvas-cd-dvd\/#breadcrumb","itemListElement":[{"@type":"ListItem","position":1,"name":"Home","item":"https:\/\/djabe.hu\/en\/"},{"@type":"ListItem","position":2,"name":"\u00c1ruh\u00e1z","item":"https:\/\/djabe.hu\/uzlet\/"},{"@type":"ListItem","position":3,"name":"[:hu]Djabe: The Magic Stag &#8211; CD\/DVD[:en]Djabe: The Magic Stag &#8211; CD\/DVD [:]"}]},{"@type":"WebSite","@id":"https:\/\/djabe.hu\/en\/#website","url":"https:\/\/djabe.hu\/en\/","name":"Djabe","description":"Official site","potentialAction":[{"@type":"SearchAction","target":{"@type":"EntryPoint","urlTemplate":"https:\/\/djabe.hu\/en\/?s={search_term_string}"},"query-input":{"@type":"PropertyValueSpecification","valueRequired":true,"valueName":"search_term_string"}}],"inLanguage":"en-US"}]}},"jetpack_sharing_enabled":true,"_links":{"self":[{"href":"https:\/\/djabe.hu\/en\/wp-json\/wp\/v2\/product\/7627","targetHints":{"allow":["GET"]}}],"collection":[{"href":"https:\/\/djabe.hu\/en\/wp-json\/wp\/v2\/product"}],"about":[{"href":"https:\/\/djabe.hu\/en\/wp-json\/wp\/v2\/types\/product"}],"wp:featuredmedia":[{"embeddable":true,"href":"https:\/\/djabe.hu\/en\/wp-json\/wp\/v2\/media\/7628"}],"wp:attachment":[{"href":"https:\/\/djabe.hu\/en\/wp-json\/wp\/v2\/media?parent=7627"}],"wp:term":[{"taxonomy":"product_brand","embeddable":true,"href":"https:\/\/djabe.hu\/en\/wp-json\/wp\/v2\/product_brand?post=7627"},{"taxonomy":"product_cat","embeddable":true,"href":"https:\/\/djabe.hu\/en\/wp-json\/wp\/v2\/product_cat?post=7627"},{"taxonomy":"product_tag","embeddable":true,"href":"https:\/\/djabe.hu\/en\/wp-json\/wp\/v2\/product_tag?post=7627"}],"curies":[{"name":"wp","href":"https:\/\/api.w.org\/{rel}","templated":true}]}}