{"id":7149,"date":"2019-08-26T15:35:48","date_gmt":"2019-08-26T14:35:48","guid":{"rendered":"http:\/\/djabe.hu\/?post_type=product&#038;p=7149"},"modified":"2024-10-09T13:48:37","modified_gmt":"2024-10-09T12:48:37","slug":"djabe-tancolnak-a-kazlak-3lp-box-set-45-rpm","status":"publish","type":"product","link":"https:\/\/djabe.hu\/en\/uzlet\/djabe-tancolnak-a-kazlak-3lp-box-set-45-rpm\/","title":{"rendered":"Djabe: Sheafs are Dancing 3LP box-set &#8211; 45 RPM"},"content":{"rendered":"<p><iframe loading=\"lazy\" title=\"Djabe - T\u00e1ncolnak a kazlak 3LP set 45 RPM\" width=\"900\" height=\"506\" src=\"https:\/\/www.youtube.com\/embed\/CoaMGIn21bk?feature=oembed\" frameborder=\"0\" allow=\"accelerometer; autoplay; clipboard-write; encrypted-media; gyroscope; picture-in-picture; web-share\" allowfullscreen><\/iframe><\/p>\n","protected":false},"excerpt":{"rendered":"<p>3 x 180g black vinyl in separate jackets, packaged in multidisc slipcase cardboard box.<br \/>\nPrinted inner sleeves.<br \/>\nAbbey Road Studios half-speed cut by mastering engineer Miles Showell<br \/>\n5 x 45 RPM, 1 x 33 RPM (bonus live performance recording)<br \/>\nPressing plant: Record Industry, Netherlands<\/p>\n<p>3 x 180g black vinyl in separate jackets, packaged in multidisc slipcase cardboard box.<br \/>\nPrinted inner sleeves.<br \/>\nAbbey Road Studios half-speed cut by mastering engineer Miles Showell<br \/>\n5 x 45 RPM, 1 x 33 RPM (bonus live performance recording)<br \/>\nPressing plant: Record Industry, Netherlands<\/p>\n<p>One of Djabe\u2019s most successful albums that brought the band international acknowledgement, now available on vinyl the first time! This album is the first to feature Steve Hackett, guitarist for Genesis, besides Djabe.<\/p>\n<p>Sheafs are Dancing was composed based on the art of Imre \u00c9gerh\u00e1zi, internationally known painter and father for Attila \u00c9gerh\u00e1zi (band leader and guitarist of Djabe). This \u201cone painting \u2013 one composition\u201d concept, perfectly executed, granted numerous awards and nominations, both domestic and foreign (most important of these being the nomination for the Los Angeles Surround Music Award). The music is an outstanding world\/jazz fusion from Djabe, with plenty of Hungarian musical motifs. The composer-pair of Tam\u00e1s Barab\u00e1s and Attila \u00c9gerh\u00e1zi forged the band together, resulting in a musical unity of higher levels. The sensitive skills of composer Barab\u00e1s grasped the essence of the mood and story told by the paintings. This is the album that opened the doors of international for Djabe, now a band performed in almost 50 countries.<br \/>\nThe audio engineering skills of Tam\u00e1s Barab\u00e1s was already praised in 2003 by Abbey Road Studio engineers, when doing authoring for the DVD-Audio version of the same album. In 2019 the world-renown mastering engineer Miles Showell did the half-speed cutting, from new analogue master tapes made by Attila \u00c9gerh\u00e1zi, again at the world-famous studio in London. For the best possible audio quality, the RPM is 45, as this is the ultimate analogue form of the vinyl. The album stretches on 5 sides, each one runs for 15 mins. The 6<sup>th<\/sup> side contains live bonus recordings, from the Djabe and Steve Hackett Sipi memorial concert help in 2007 in Budapest. From the show they selected Sheafs are Dancing tracks with Steve Hackett.<\/p>\n<p>Sheafs are Dancing has superb high quality packaging. All the three records inserted in separate jackets, and all the inner sleeves are printed too. The three jackets housed in the slipcase cardboard box.<\/p>\n","protected":false},"featured_media":7145,"template":"","meta":[],"product_brand":[],"product_cat":[40,73],"product_tag":[],"class_list":{"0":"post-7149","1":"product","2":"type-product","3":"status-publish","4":"has-post-thumbnail","6":"product_cat-lp","7":"product_cat-steve-hackett","8":"repupress_customize_woocommerce_productom_class","10":"first","11":"instock","12":"shipping-taxable","13":"purchasable","14":"product-type-simple"},"yoast_head":"<!-- This site is optimized with the Yoast SEO plugin v27.2 - https:\/\/yoast.com\/product\/yoast-seo-wordpress\/ -->\n<title>Djabe: Sheafs are Dancing 3LP box-set - 45 RPM - Djabe<\/title>\n<meta name=\"description\" content=\"3 x 180g black vinyl in separate jackets, packaged in multidisc slipcase cardboard box.Printed inner sleeves.Abbey Road Studios half-speed cut by mastering engineer Miles Showell5 x 45 RPM, 1 x 33 RPM (bonus live performance recording)Pressing plant: Record Industry, Netherlands\" \/>\n<meta name=\"robots\" content=\"index, follow, max-snippet:-1, max-image-preview:large, max-video-preview:-1\" \/>\n<link rel=\"canonical\" href=\"https:\/\/djabe.hu\/uzlet\/djabe-tancolnak-a-kazlak-3lp-box-set-45-rpm\/\" \/>\n<meta property=\"og:locale\" content=\"en_US\" \/>\n<meta property=\"og:type\" content=\"article\" \/>\n<meta property=\"og:title\" content=\"Djabe: Sheafs are Dancing 3LP box-set - 45 RPM\" \/>\n<meta property=\"og:description\" content=\"{:en}3 x 180g black vinyl in separate jackets, packaged in multidisc slipcase cardboard box.Printed inner sleeves.Abbey Road Studios half-speed cut by mastering engineer Miles Showell5 x 45 RPM, 1 x 33 RPM (bonus live performance recording)Pressing plant: Record Industry, Netherlands{:}\" \/>\n<meta property=\"og:url\" content=\"https:\/\/djabe.hu\/uzlet\/djabe-tancolnak-a-kazlak-3lp-box-set-45-rpm\/\" \/>\n<meta property=\"og:site_name\" content=\"Djabe\" \/>\n<meta property=\"article:modified_time\" content=\"2024-10-09T12:48:37+00:00\" \/>\n<meta property=\"og:image\" content=\"https:\/\/djabe.hu\/wp-content\/uploads\/2019\/08\/Djabe_tancolnak_a_kazlak_3vinyl_diskografia_1.png\" \/>\n\t<meta property=\"og:image:width\" content=\"1888\" \/>\n\t<meta property=\"og:image:height\" content=\"1887\" \/>\n\t<meta property=\"og:image:type\" content=\"image\/png\" \/>\n<meta name=\"twitter:card\" content=\"summary_large_image\" \/>\n<meta name=\"twitter:title\" content=\"Djabe: Sheafs are Dancing 3LP box-set - 45 RPM\" \/>\n<meta name=\"twitter:image\" content=\"https:\/\/djabe.hu\/wp-content\/uploads\/2019\/08\/Djabe_tancolnak_a_kazlak_3vinyl_diskografia_1.png\" \/>\n<meta name=\"twitter:label1\" content=\"Est. reading time\" \/>\n\t<meta name=\"twitter:data1\" content=\"1 minute\" \/>\n<script type=\"application\/ld+json\" class=\"yoast-schema-graph\">{\"@context\":\"https:\/\/schema.org\",\"@graph\":[{\"@type\":\"WebPage\",\"@id\":\"https:\/\/djabe.hu\/uzlet\/djabe-tancolnak-a-kazlak-3lp-box-set-45-rpm\/\",\"url\":\"https:\/\/djabe.hu\/uzlet\/djabe-tancolnak-a-kazlak-3lp-box-set-45-rpm\/\",\"name\":\"Djabe: Sheafs are Dancing 3LP box-set - 45 RPM - Djabe\",\"isPartOf\":{\"@id\":\"https:\/\/djabe.hu\/en\/#website\"},\"primaryImageOfPage\":{\"@id\":\"https:\/\/djabe.hu\/uzlet\/djabe-tancolnak-a-kazlak-3lp-box-set-45-rpm\/#primaryimage\"},\"image\":{\"@id\":\"https:\/\/djabe.hu\/uzlet\/djabe-tancolnak-a-kazlak-3lp-box-set-45-rpm\/#primaryimage\"},\"thumbnailUrl\":\"https:\/\/djabe.hu\/wp-content\/uploads\/2019\/08\/Djabe_tancolnak_a_kazlak_3vinyl_diskografia_1.png\",\"datePublished\":\"2019-08-26T14:35:48+00:00\",\"dateModified\":\"2024-10-09T12:48:37+00:00\",\"description\":\"{:en}3 x 180g black vinyl in separate jackets, packaged in multidisc slipcase cardboard box.Printed inner sleeves.Abbey Road Studios half-speed cut by mastering engineer Miles Showell5 x 45 RPM, 1 x 33 RPM (bonus live performance recording)Pressing plant: Record Industry, Netherlands{:}\",\"breadcrumb\":{\"@id\":\"https:\/\/djabe.hu\/uzlet\/djabe-tancolnak-a-kazlak-3lp-box-set-45-rpm\/#breadcrumb\"},\"inLanguage\":\"en-US\",\"potentialAction\":[{\"@type\":\"ReadAction\",\"target\":[\"https:\/\/djabe.hu\/uzlet\/djabe-tancolnak-a-kazlak-3lp-box-set-45-rpm\/\"]}]},{\"@type\":\"ImageObject\",\"inLanguage\":\"en-US\",\"@id\":\"https:\/\/djabe.hu\/uzlet\/djabe-tancolnak-a-kazlak-3lp-box-set-45-rpm\/#primaryimage\",\"url\":\"https:\/\/djabe.hu\/wp-content\/uploads\/2019\/08\/Djabe_tancolnak_a_kazlak_3vinyl_diskografia_1.png\",\"contentUrl\":\"https:\/\/djabe.hu\/wp-content\/uploads\/2019\/08\/Djabe_tancolnak_a_kazlak_3vinyl_diskografia_1.png\",\"width\":1888,\"height\":1887,\"caption\":\"Djabe: Sheafs are Dancing 3LP box-set - 45 RPM\"},{\"@type\":\"BreadcrumbList\",\"@id\":\"https:\/\/djabe.hu\/uzlet\/djabe-tancolnak-a-kazlak-3lp-box-set-45-rpm\/#breadcrumb\",\"itemListElement\":[{\"@type\":\"ListItem\",\"position\":1,\"name\":\"Home\",\"item\":\"https:\/\/djabe.hu\/en\/\"},{\"@type\":\"ListItem\",\"position\":2,\"name\":\"\u00c1ruh\u00e1z\",\"item\":\"https:\/\/djabe.hu\/uzlet\/\"},{\"@type\":\"ListItem\",\"position\":3,\"name\":\"[:hu]Djabe: T\u00e1ncolnak a kazlak 3LP box-set &#8211; 45 RPM[:en]Djabe: Sheafs are Dancing 3LP box-set &#8211; 45 RPM[:]\"}]},{\"@type\":\"WebSite\",\"@id\":\"https:\/\/djabe.hu\/en\/#website\",\"url\":\"https:\/\/djabe.hu\/en\/\",\"name\":\"Djabe\",\"description\":\"Official site\",\"potentialAction\":[{\"@type\":\"SearchAction\",\"target\":{\"@type\":\"EntryPoint\",\"urlTemplate\":\"https:\/\/djabe.hu\/en\/?s={search_term_string}\"},\"query-input\":{\"@type\":\"PropertyValueSpecification\",\"valueRequired\":true,\"valueName\":\"search_term_string\"}}],\"inLanguage\":\"en-US\"}]}<\/script>\n<!-- \/ Yoast SEO plugin. -->","yoast_head_json":{"title":"Djabe: Sheafs are Dancing 3LP box-set - 45 RPM - Djabe","description":"3 x 180g black vinyl in separate jackets, packaged in multidisc slipcase cardboard box.Printed inner sleeves.Abbey Road Studios half-speed cut by mastering engineer Miles Showell5 x 45 RPM, 1 x 33 RPM (bonus live performance recording)Pressing plant: Record Industry, Netherlands","robots":{"index":"index","follow":"follow","max-snippet":"max-snippet:-1","max-image-preview":"max-image-preview:large","max-video-preview":"max-video-preview:-1"},"canonical":"https:\/\/djabe.hu\/uzlet\/djabe-tancolnak-a-kazlak-3lp-box-set-45-rpm\/","og_locale":"en_US","og_type":"article","og_title":"Djabe: Sheafs are Dancing 3LP box-set - 45 RPM","og_description":"{:en}3 x 180g black vinyl in separate jackets, packaged in multidisc slipcase cardboard box.Printed inner sleeves.Abbey Road Studios half-speed cut by mastering engineer Miles Showell5 x 45 RPM, 1 x 33 RPM (bonus live performance recording)Pressing plant: Record Industry, Netherlands{:}","og_url":"https:\/\/djabe.hu\/uzlet\/djabe-tancolnak-a-kazlak-3lp-box-set-45-rpm\/","og_site_name":"Djabe","article_modified_time":"2024-10-09T12:48:37+00:00","og_image":[{"width":1888,"height":1887,"url":"https:\/\/djabe.hu\/wp-content\/uploads\/2019\/08\/Djabe_tancolnak_a_kazlak_3vinyl_diskografia_1.png","type":"image\/png"}],"twitter_card":"summary_large_image","twitter_title":"Djabe: Sheafs are Dancing 3LP box-set - 45 RPM","twitter_image":"https:\/\/djabe.hu\/wp-content\/uploads\/2019\/08\/Djabe_tancolnak_a_kazlak_3vinyl_diskografia_1.png","twitter_misc":{"Est. reading time":"1 minute"},"schema":{"@context":"https:\/\/schema.org","@graph":[{"@type":"WebPage","@id":"https:\/\/djabe.hu\/uzlet\/djabe-tancolnak-a-kazlak-3lp-box-set-45-rpm\/","url":"https:\/\/djabe.hu\/uzlet\/djabe-tancolnak-a-kazlak-3lp-box-set-45-rpm\/","name":"Djabe: Sheafs are Dancing 3LP box-set - 45 RPM - Djabe","isPartOf":{"@id":"https:\/\/djabe.hu\/en\/#website"},"primaryImageOfPage":{"@id":"https:\/\/djabe.hu\/uzlet\/djabe-tancolnak-a-kazlak-3lp-box-set-45-rpm\/#primaryimage"},"image":{"@id":"https:\/\/djabe.hu\/uzlet\/djabe-tancolnak-a-kazlak-3lp-box-set-45-rpm\/#primaryimage"},"thumbnailUrl":"https:\/\/djabe.hu\/wp-content\/uploads\/2019\/08\/Djabe_tancolnak_a_kazlak_3vinyl_diskografia_1.png","datePublished":"2019-08-26T14:35:48+00:00","dateModified":"2024-10-09T12:48:37+00:00","description":"{:en}3 x 180g black vinyl in separate jackets, packaged in multidisc slipcase cardboard box.Printed inner sleeves.Abbey Road Studios half-speed cut by mastering engineer Miles Showell5 x 45 RPM, 1 x 33 RPM (bonus live performance recording)Pressing plant: Record Industry, Netherlands{:}","breadcrumb":{"@id":"https:\/\/djabe.hu\/uzlet\/djabe-tancolnak-a-kazlak-3lp-box-set-45-rpm\/#breadcrumb"},"inLanguage":"en-US","potentialAction":[{"@type":"ReadAction","target":["https:\/\/djabe.hu\/uzlet\/djabe-tancolnak-a-kazlak-3lp-box-set-45-rpm\/"]}]},{"@type":"ImageObject","inLanguage":"en-US","@id":"https:\/\/djabe.hu\/uzlet\/djabe-tancolnak-a-kazlak-3lp-box-set-45-rpm\/#primaryimage","url":"https:\/\/djabe.hu\/wp-content\/uploads\/2019\/08\/Djabe_tancolnak_a_kazlak_3vinyl_diskografia_1.png","contentUrl":"https:\/\/djabe.hu\/wp-content\/uploads\/2019\/08\/Djabe_tancolnak_a_kazlak_3vinyl_diskografia_1.png","width":1888,"height":1887,"caption":"Djabe: Sheafs are Dancing 3LP box-set - 45 RPM"},{"@type":"BreadcrumbList","@id":"https:\/\/djabe.hu\/uzlet\/djabe-tancolnak-a-kazlak-3lp-box-set-45-rpm\/#breadcrumb","itemListElement":[{"@type":"ListItem","position":1,"name":"Home","item":"https:\/\/djabe.hu\/en\/"},{"@type":"ListItem","position":2,"name":"\u00c1ruh\u00e1z","item":"https:\/\/djabe.hu\/uzlet\/"},{"@type":"ListItem","position":3,"name":"[:hu]Djabe: T\u00e1ncolnak a kazlak 3LP box-set &#8211; 45 RPM[:en]Djabe: Sheafs are Dancing 3LP box-set &#8211; 45 RPM[:]"}]},{"@type":"WebSite","@id":"https:\/\/djabe.hu\/en\/#website","url":"https:\/\/djabe.hu\/en\/","name":"Djabe","description":"Official site","potentialAction":[{"@type":"SearchAction","target":{"@type":"EntryPoint","urlTemplate":"https:\/\/djabe.hu\/en\/?s={search_term_string}"},"query-input":{"@type":"PropertyValueSpecification","valueRequired":true,"valueName":"search_term_string"}}],"inLanguage":"en-US"}]}},"jetpack_sharing_enabled":true,"_links":{"self":[{"href":"https:\/\/djabe.hu\/en\/wp-json\/wp\/v2\/product\/7149","targetHints":{"allow":["GET"]}}],"collection":[{"href":"https:\/\/djabe.hu\/en\/wp-json\/wp\/v2\/product"}],"about":[{"href":"https:\/\/djabe.hu\/en\/wp-json\/wp\/v2\/types\/product"}],"wp:featuredmedia":[{"embeddable":true,"href":"https:\/\/djabe.hu\/en\/wp-json\/wp\/v2\/media\/7145"}],"wp:attachment":[{"href":"https:\/\/djabe.hu\/en\/wp-json\/wp\/v2\/media?parent=7149"}],"wp:term":[{"taxonomy":"product_brand","embeddable":true,"href":"https:\/\/djabe.hu\/en\/wp-json\/wp\/v2\/product_brand?post=7149"},{"taxonomy":"product_cat","embeddable":true,"href":"https:\/\/djabe.hu\/en\/wp-json\/wp\/v2\/product_cat?post=7149"},{"taxonomy":"product_tag","embeddable":true,"href":"https:\/\/djabe.hu\/en\/wp-json\/wp\/v2\/product_tag?post=7149"}],"curies":[{"name":"wp","href":"https:\/\/api.w.org\/{rel}","templated":true}]}}