{"id":6697,"date":"2019-03-08T13:56:56","date_gmt":"2019-03-08T12:56:56","guid":{"rendered":"http:\/\/djabe.hu\/?post_type=product&#038;p=6697"},"modified":"2026-04-09T08:16:58","modified_gmt":"2026-04-09T07:16:58","slug":"djabe-overflow-negyedsavos-magnoszalag","status":"publish","type":"product","link":"https:\/\/djabe.hu\/en\/uzlet\/djabe-overflow-negyedsavos-magnoszalag\/","title":{"rendered":"Djabe: Overflow &#8211; 4 track Reel-to-Reel  Tape"},"content":{"rendered":"<p><iframe loading=\"lazy\" title=\"Djabe: Turtle Trek Live\" width=\"900\" height=\"506\" src=\"https:\/\/www.youtube.com\/embed\/nH6qHMeaGGA?feature=oembed\" frameborder=\"0\" allow=\"accelerometer; autoplay; clipboard-write; encrypted-media; gyroscope; picture-in-picture\" allowfullscreen><\/iframe><\/p>\n","protected":false},"excerpt":{"rendered":"<p style=\"text-align: center;\"><span style=\"color: #ffffff;\">[one_half]<\/span><\/p>\n<h1><span lang=\"EN-GB\" style=\"color: #ffffff;\">A recording of 2018 MOMkult surround gig, released on 4 track Reel-to-Reel format<\/span><\/h1>\n<p><span style=\"color: #ffffff;\">Djabe is known to do a surround gig series every 2 or 3 years, events followed closely by both fans and critics.<\/span><\/p>\n<p><span style=\"color: #ffffff;\">The aforementioned gig was the first surround show of the 2016 line-up. The main occasion was the new studio album of 2018, <em>Flow<\/em>. Djabe performed the whole 1-hour material on stage. In the remaining time, the band played with guest musician Gulli Briem (drummer, member of Mezzoforte) some Djabe pieces they perform together regularly, for example <em>This Is Not America<\/em> and <em>Buzzy Island<\/em> from the album <em>Life Is A Journey \u2013 The Sardinia Tapes<\/em>.<\/span><\/p>\n<p><span style=\"color: #ffffff;\">On the 4 track Reel-to-Reel can be found the whole show, except the Lava Lamp.<\/span><\/p>\n<p><span style=\"color: #ffffff;\">Recorded on RTM tape, 18 cm plastic reel, printed paper box.<\/span><\/p>\n<h4 style=\"text-align: center;\"><span style=\"color: #ffffff;\">Side 1 | 47:15<\/span><\/h4>\n<p style=\"text-align: center;\"><span style=\"color: #ffffff;\">1. Flow<br \/>\n2. Turtle Trek<\/span><br \/>\n<span style=\"color: #ffffff;\">3. Another Dive<\/span><br \/>\n<span style=\"color: #ffffff;\">4. Free Fallin\u2019<\/span><br \/>\n<span style=\"color: #ffffff;\">5. Bubble Dreams<\/span><br \/>\n<span style=\"color: #ffffff;\">6. Angklung In The Garden (Party)<\/span><br \/>\n<span style=\"color: #ffffff;\">7. Curved Mirror<\/span><\/p>\n<h4 style=\"text-align: center;\"><span style=\"color: #ffffff;\">Side 2 | 47:00<\/span><\/h4>\n<p style=\"text-align: center;\"><span style=\"color: #ffffff;\">8. Life Spirit<\/span><br \/>\n<span style=\"color: #ffffff;\">(incl. Witchi Tai To, Island, Desert)<\/span><br \/>\n<span style=\"color: #ffffff;\">9. Deep Lights<\/span><br \/>\n<span style=\"color: #ffffff;\">10. White Bears<\/span><br \/>\n<span style=\"color: #ffffff;\">11. Before Surgery<\/span><br \/>\n<span style=\"color: #ffffff;\">12. Hang Drum Song<\/span><br \/>\n<span style=\"color: #ffffff;\">13. This Is Not America<\/span><br \/>\n<span style=\"color: #ffffff;\">14. Return To Somewhere<\/span><br \/>\n<span style=\"color: #ffffff;\">15. Buzzy Island<\/span><\/p>\n<p style=\"text-align: center;\"><span style=\"color: #ffffff;\">[\/one_half]<\/span><\/p>\n<p style=\"text-align: center;\"><span style=\"color: #ffffff;\">[one_half_last]<\/span><\/p>\n<h4 style=\"text-align: center;\"><span style=\"color: #ffffff;\">Musicians:<\/span><\/h4>\n<p style=\"text-align: center;\"><span style=\"color: #ffffff;\">Tam\u00e1s Barab\u00e1s (bass guitar)<\/span><br \/>\n<span style=\"color: #ffffff;\">Attila \u00c9gerh\u00e1zi (guitar, percussion)<\/span><br \/>\n<span style=\"color: #ffffff;\">J\u00e1nos Nagy (keyboards)<\/span><br \/>\n<span style=\"color: #ffffff;\">\u00c1ron Ko\u00f3s-Hut\u00e1s (trumpet, flugelhorn)<\/span><br \/>\n<span style=\"color: #ffffff;\">P\u00e9ter Kasz\u00e1s (drums, vocal, percussion)<\/span><br \/>\n<span style=\"color: #ffffff;\">Gulli Briem (percussion, drums)<\/span><\/p>\n<p style=\"text-align: center;\"><span style=\"color: #ffffff;\">[\/one_half_last]<\/span><\/p>\n<p style=\"text-align: center;\"><span style=\"color: #ffffff;\">[one_half]<\/span><\/p>\n<h1><span lang=\"EN-GB\" style=\"color: #ffffff;\">A recording of 2018 MOMkult surround gig, released on 4 track Reel-to-Reel format<\/span><\/h1>\n<p><span style=\"color: #ffffff;\">Djabe is known to do a surround gig series every 2 or 3 years, events followed closely by both fans and critics.<\/span><\/p>\n<p><span style=\"color: #ffffff;\">The aforementioned gig was the first surround show of the 2016 line-up. The main occasion was the new studio album of 2018, <em>Flow<\/em>. Djabe performed the whole 1-hour material on stage. In the remaining time, the band played with guest musician Gulli Briem (drummer, member of Mezzoforte) some Djabe pieces they perform together regularly, for example <em>This Is Not America<\/em> and <em>Buzzy Island<\/em> from the album <em>Life Is A Journey \u2013 The Sardinia Tapes<\/em>.<\/span><\/p>\n<p><span style=\"color: #ffffff;\">On the 4 track Reel-to-Reel can be found the whole show, except the Lava Lamp.<\/span><\/p>\n<p><span style=\"color: #ffffff;\">Recorded on RTM tape, 18 cm plastic reel, printed paper box.<\/span><\/p>\n<h4 style=\"text-align: center;\"><span style=\"color: #ffffff;\">Side 1 | 47:15<\/span><\/h4>\n<p style=\"text-align: center;\"><span style=\"color: #ffffff;\">1. Flow<br \/>\n2. Turtle Trek<\/span><br \/>\n<span style=\"color: #ffffff;\">3. Another Dive<\/span><br \/>\n<span style=\"color: #ffffff;\">4. Free Fallin\u2019<\/span><br \/>\n<span style=\"color: #ffffff;\">5. Bubble Dreams<\/span><br \/>\n<span style=\"color: #ffffff;\">6. Angklung In The Garden (Party)<\/span><br \/>\n<span style=\"color: #ffffff;\">7. Curved Mirror<\/span><\/p>\n<h4 style=\"text-align: center;\"><span style=\"color: #ffffff;\">Side 2 | 47:00<\/span><\/h4>\n<p style=\"text-align: center;\"><span style=\"color: #ffffff;\">8. Life Spirit<\/span><br \/>\n<span style=\"color: #ffffff;\">(incl. Witchi Tai To, Island, Desert)<\/span><br \/>\n<span style=\"color: #ffffff;\">9. Deep Lights<\/span><br \/>\n<span style=\"color: #ffffff;\">10. White Bears<\/span><br \/>\n<span style=\"color: #ffffff;\">11. Before Surgery<\/span><br \/>\n<span style=\"color: #ffffff;\">12. Hang Drum Song<\/span><br \/>\n<span style=\"color: #ffffff;\">13. This Is Not America<\/span><br \/>\n<span style=\"color: #ffffff;\">14. Return To Somewhere<\/span><br \/>\n<span style=\"color: #ffffff;\">15. Buzzy Island<\/span><\/p>\n<p style=\"text-align: center;\"><span style=\"color: #ffffff;\">[\/one_half]<\/span><\/p>\n<p style=\"text-align: center;\"><span style=\"color: #ffffff;\">[one_half_last]<\/span><\/p>\n<h4 style=\"text-align: center;\"><span style=\"color: #ffffff;\">Musicians:<\/span><\/h4>\n<p style=\"text-align: center;\"><span style=\"color: #ffffff;\">Tam\u00e1s Barab\u00e1s (bass guitar)<\/span><br \/>\n<span style=\"color: #ffffff;\">Attila \u00c9gerh\u00e1zi (guitar, percussion)<\/span><br \/>\n<span style=\"color: #ffffff;\">J\u00e1nos Nagy (keyboards)<\/span><br \/>\n<span style=\"color: #ffffff;\">\u00c1ron Ko\u00f3s-Hut\u00e1s (trumpet, flugelhorn)<\/span><br \/>\n<span style=\"color: #ffffff;\">P\u00e9ter Kasz\u00e1s (drums, vocal, percussion)<\/span><br \/>\n<span style=\"color: #ffffff;\">Gulli Briem (percussion, drums)<\/span><\/p>\n<p style=\"text-align: center;\"><span style=\"color: #ffffff;\">[\/one_half_last]<\/span><\/p>\n","protected":false},"featured_media":6694,"template":"","meta":[],"product_brand":[],"product_cat":[57],"product_tag":[],"class_list":{"0":"post-6697","1":"product","2":"type-product","3":"status-publish","4":"has-post-thumbnail","6":"product_cat-reel-to-reel","7":"repupress_customize_woocommerce_productom_class","9":"first","10":"instock","11":"shipping-taxable","12":"purchasable","13":"product-type-simple"},"yoast_head":"<!-- This site is optimized with the Yoast SEO plugin v27.4 - https:\/\/yoast.com\/product\/yoast-seo-wordpress\/ -->\n<title>Djabe: Overflow - 4 track Reel-to-Reel Tape - Djabe<\/title>\n<meta name=\"description\" content=\"Djabe is known to do a surround gig series every 2 or 3 years, events followed closely by both fans and critics.The aforementioned gig was the first surround show of the 2016 line-up. The main occasion was the new studio album of 2018, Flow. Djabe performed the whole 1-hour material on stage. In the remaining time, the band played with guest musician Gulli Briem (drummer, member of Mezzoforte) some Djabe pieces they perform together regularly, for example This Is Not America and Buzzy Island from the album Life Is A Journey \u2013 The Sardinia Tapes.\" \/>\n<meta name=\"robots\" content=\"index, follow, max-snippet:-1, max-image-preview:large, max-video-preview:-1\" \/>\n<link rel=\"canonical\" href=\"https:\/\/djabe.hu\/uzlet\/djabe-overflow-negyedsavos-magnoszalag\/\" \/>\n<meta property=\"og:locale\" content=\"en_US\" \/>\n<meta property=\"og:type\" content=\"article\" \/>\n<meta property=\"og:title\" content=\"Djabe: Overflow - 4 track Reel-to-Reel Tape\" \/>\n<meta property=\"og:description\" content=\"{:en}Djabe is known to do a surround gig series every 2 or 3 years, events followed closely by both fans and critics.The aforementioned gig was the first surround show of the 2016 line-up. The main occasion was the new studio album of 2018, Flow. Djabe performed the whole 1-hour material on stage. In the remaining time, the band played with guest musician Gulli Briem (drummer, member of Mezzoforte) some Djabe pieces they perform together regularly, for example This Is Not America and Buzzy Island from the album Life Is A Journey \u2013 The Sardinia Tapes.{:}\" \/>\n<meta property=\"og:url\" content=\"https:\/\/djabe.hu\/uzlet\/djabe-overflow-negyedsavos-magnoszalag\/\" \/>\n<meta property=\"og:site_name\" content=\"Djabe\" \/>\n<meta property=\"article:modified_time\" content=\"2026-04-09T07:16:58+00:00\" \/>\n<meta property=\"og:image\" content=\"https:\/\/djabe.hu\/wp-content\/uploads\/2019\/03\/Overflow_Reel_MockUp_v1.png\" \/>\n\t<meta property=\"og:image:width\" content=\"2001\" \/>\n\t<meta property=\"og:image:height\" content=\"2000\" \/>\n\t<meta property=\"og:image:type\" content=\"image\/png\" \/>\n<meta name=\"twitter:card\" content=\"summary_large_image\" \/>\n<meta name=\"twitter:title\" content=\"Djabe: Overflow - 4 track Reel-to-Reel Tape\" \/>\n<meta name=\"twitter:image\" content=\"https:\/\/djabe.hu\/wp-content\/uploads\/2019\/03\/Overflow_Reel_MockUp_v1.png\" \/>\n<meta name=\"twitter:label1\" content=\"Est. reading time\" \/>\n\t<meta name=\"twitter:data1\" content=\"1 minute\" \/>\n<script type=\"application\/ld+json\" class=\"yoast-schema-graph\">{\"@context\":\"https:\\\/\\\/schema.org\",\"@graph\":[{\"@type\":\"WebPage\",\"@id\":\"https:\\\/\\\/djabe.hu\\\/uzlet\\\/djabe-overflow-negyedsavos-magnoszalag\\\/\",\"url\":\"https:\\\/\\\/djabe.hu\\\/uzlet\\\/djabe-overflow-negyedsavos-magnoszalag\\\/\",\"name\":\"Djabe: Overflow - 4 track Reel-to-Reel Tape - Djabe\",\"isPartOf\":{\"@id\":\"https:\\\/\\\/djabe.hu\\\/en\\\/#website\"},\"primaryImageOfPage\":{\"@id\":\"https:\\\/\\\/djabe.hu\\\/uzlet\\\/djabe-overflow-negyedsavos-magnoszalag\\\/#primaryimage\"},\"image\":{\"@id\":\"https:\\\/\\\/djabe.hu\\\/uzlet\\\/djabe-overflow-negyedsavos-magnoszalag\\\/#primaryimage\"},\"thumbnailUrl\":\"https:\\\/\\\/djabe.hu\\\/wp-content\\\/uploads\\\/2019\\\/03\\\/Overflow_Reel_MockUp_v1.png\",\"datePublished\":\"2019-03-08T12:56:56+00:00\",\"dateModified\":\"2026-04-09T07:16:58+00:00\",\"description\":\"{:en}Djabe is known to do a surround gig series every 2 or 3 years, events followed closely by both fans and critics.The aforementioned gig was the first surround show of the 2016 line-up. The main occasion was the new studio album of 2018, Flow. Djabe performed the whole 1-hour material on stage. In the remaining time, the band played with guest musician Gulli Briem (drummer, member of Mezzoforte) some Djabe pieces they perform together regularly, for example This Is Not America and Buzzy Island from the album Life Is A Journey \u2013 The Sardinia Tapes.{:}\",\"breadcrumb\":{\"@id\":\"https:\\\/\\\/djabe.hu\\\/uzlet\\\/djabe-overflow-negyedsavos-magnoszalag\\\/#breadcrumb\"},\"inLanguage\":\"en-US\",\"potentialAction\":[{\"@type\":\"ReadAction\",\"target\":[\"https:\\\/\\\/djabe.hu\\\/uzlet\\\/djabe-overflow-negyedsavos-magnoszalag\\\/\"]}]},{\"@type\":\"ImageObject\",\"inLanguage\":\"en-US\",\"@id\":\"https:\\\/\\\/djabe.hu\\\/uzlet\\\/djabe-overflow-negyedsavos-magnoszalag\\\/#primaryimage\",\"url\":\"https:\\\/\\\/djabe.hu\\\/wp-content\\\/uploads\\\/2019\\\/03\\\/Overflow_Reel_MockUp_v1.png\",\"contentUrl\":\"https:\\\/\\\/djabe.hu\\\/wp-content\\\/uploads\\\/2019\\\/03\\\/Overflow_Reel_MockUp_v1.png\",\"width\":2001,\"height\":2000,\"caption\":\"Djabe: Overflow - 4 track Reel-to-Reel Tape\"},{\"@type\":\"BreadcrumbList\",\"@id\":\"https:\\\/\\\/djabe.hu\\\/uzlet\\\/djabe-overflow-negyedsavos-magnoszalag\\\/#breadcrumb\",\"itemListElement\":[{\"@type\":\"ListItem\",\"position\":1,\"name\":\"Home\",\"item\":\"https:\\\/\\\/djabe.hu\\\/en\\\/\"},{\"@type\":\"ListItem\",\"position\":2,\"name\":\"\u00c1ruh\u00e1z\",\"item\":\"https:\\\/\\\/djabe.hu\\\/uzlet\\\/\"},{\"@type\":\"ListItem\",\"position\":3,\"name\":\"[:hu]Djabe: Overflow &#8211; negyeds\u00e1vos Hi-fi magn\u00f3szalag[:en]Djabe: Overflow &#8211; 4 track Reel-to-Reel Tape[:]\"}]},{\"@type\":\"WebSite\",\"@id\":\"https:\\\/\\\/djabe.hu\\\/en\\\/#website\",\"url\":\"https:\\\/\\\/djabe.hu\\\/en\\\/\",\"name\":\"Djabe\",\"description\":\"Official site\",\"potentialAction\":[{\"@type\":\"SearchAction\",\"target\":{\"@type\":\"EntryPoint\",\"urlTemplate\":\"https:\\\/\\\/djabe.hu\\\/en\\\/?s={search_term_string}\"},\"query-input\":{\"@type\":\"PropertyValueSpecification\",\"valueRequired\":true,\"valueName\":\"search_term_string\"}}],\"inLanguage\":\"en-US\"}]}<\/script>\n<!-- \/ Yoast SEO plugin. -->","yoast_head_json":{"title":"Djabe: Overflow - 4 track Reel-to-Reel Tape - Djabe","description":"Djabe is known to do a surround gig series every 2 or 3 years, events followed closely by both fans and critics.The aforementioned gig was the first surround show of the 2016 line-up. The main occasion was the new studio album of 2018, Flow. Djabe performed the whole 1-hour material on stage. In the remaining time, the band played with guest musician Gulli Briem (drummer, member of Mezzoforte) some Djabe pieces they perform together regularly, for example This Is Not America and Buzzy Island from the album Life Is A Journey \u2013 The Sardinia Tapes.","robots":{"index":"index","follow":"follow","max-snippet":"max-snippet:-1","max-image-preview":"max-image-preview:large","max-video-preview":"max-video-preview:-1"},"canonical":"https:\/\/djabe.hu\/uzlet\/djabe-overflow-negyedsavos-magnoszalag\/","og_locale":"en_US","og_type":"article","og_title":"Djabe: Overflow - 4 track Reel-to-Reel Tape","og_description":"{:en}Djabe is known to do a surround gig series every 2 or 3 years, events followed closely by both fans and critics.The aforementioned gig was the first surround show of the 2016 line-up. The main occasion was the new studio album of 2018, Flow. Djabe performed the whole 1-hour material on stage. In the remaining time, the band played with guest musician Gulli Briem (drummer, member of Mezzoforte) some Djabe pieces they perform together regularly, for example This Is Not America and Buzzy Island from the album Life Is A Journey \u2013 The Sardinia Tapes.{:}","og_url":"https:\/\/djabe.hu\/uzlet\/djabe-overflow-negyedsavos-magnoszalag\/","og_site_name":"Djabe","article_modified_time":"2026-04-09T07:16:58+00:00","og_image":[{"width":2001,"height":2000,"url":"https:\/\/djabe.hu\/wp-content\/uploads\/2019\/03\/Overflow_Reel_MockUp_v1.png","type":"image\/png"}],"twitter_card":"summary_large_image","twitter_title":"Djabe: Overflow - 4 track Reel-to-Reel Tape","twitter_image":"https:\/\/djabe.hu\/wp-content\/uploads\/2019\/03\/Overflow_Reel_MockUp_v1.png","twitter_misc":{"Est. reading time":"1 minute"},"schema":{"@context":"https:\/\/schema.org","@graph":[{"@type":"WebPage","@id":"https:\/\/djabe.hu\/uzlet\/djabe-overflow-negyedsavos-magnoszalag\/","url":"https:\/\/djabe.hu\/uzlet\/djabe-overflow-negyedsavos-magnoszalag\/","name":"Djabe: Overflow - 4 track Reel-to-Reel Tape - Djabe","isPartOf":{"@id":"https:\/\/djabe.hu\/en\/#website"},"primaryImageOfPage":{"@id":"https:\/\/djabe.hu\/uzlet\/djabe-overflow-negyedsavos-magnoszalag\/#primaryimage"},"image":{"@id":"https:\/\/djabe.hu\/uzlet\/djabe-overflow-negyedsavos-magnoszalag\/#primaryimage"},"thumbnailUrl":"https:\/\/djabe.hu\/wp-content\/uploads\/2019\/03\/Overflow_Reel_MockUp_v1.png","datePublished":"2019-03-08T12:56:56+00:00","dateModified":"2026-04-09T07:16:58+00:00","description":"{:en}Djabe is known to do a surround gig series every 2 or 3 years, events followed closely by both fans and critics.The aforementioned gig was the first surround show of the 2016 line-up. The main occasion was the new studio album of 2018, Flow. Djabe performed the whole 1-hour material on stage. In the remaining time, the band played with guest musician Gulli Briem (drummer, member of Mezzoforte) some Djabe pieces they perform together regularly, for example This Is Not America and Buzzy Island from the album Life Is A Journey \u2013 The Sardinia Tapes.{:}","breadcrumb":{"@id":"https:\/\/djabe.hu\/uzlet\/djabe-overflow-negyedsavos-magnoszalag\/#breadcrumb"},"inLanguage":"en-US","potentialAction":[{"@type":"ReadAction","target":["https:\/\/djabe.hu\/uzlet\/djabe-overflow-negyedsavos-magnoszalag\/"]}]},{"@type":"ImageObject","inLanguage":"en-US","@id":"https:\/\/djabe.hu\/uzlet\/djabe-overflow-negyedsavos-magnoszalag\/#primaryimage","url":"https:\/\/djabe.hu\/wp-content\/uploads\/2019\/03\/Overflow_Reel_MockUp_v1.png","contentUrl":"https:\/\/djabe.hu\/wp-content\/uploads\/2019\/03\/Overflow_Reel_MockUp_v1.png","width":2001,"height":2000,"caption":"Djabe: Overflow - 4 track Reel-to-Reel Tape"},{"@type":"BreadcrumbList","@id":"https:\/\/djabe.hu\/uzlet\/djabe-overflow-negyedsavos-magnoszalag\/#breadcrumb","itemListElement":[{"@type":"ListItem","position":1,"name":"Home","item":"https:\/\/djabe.hu\/en\/"},{"@type":"ListItem","position":2,"name":"\u00c1ruh\u00e1z","item":"https:\/\/djabe.hu\/uzlet\/"},{"@type":"ListItem","position":3,"name":"[:hu]Djabe: Overflow &#8211; negyeds\u00e1vos Hi-fi magn\u00f3szalag[:en]Djabe: Overflow &#8211; 4 track Reel-to-Reel Tape[:]"}]},{"@type":"WebSite","@id":"https:\/\/djabe.hu\/en\/#website","url":"https:\/\/djabe.hu\/en\/","name":"Djabe","description":"Official site","potentialAction":[{"@type":"SearchAction","target":{"@type":"EntryPoint","urlTemplate":"https:\/\/djabe.hu\/en\/?s={search_term_string}"},"query-input":{"@type":"PropertyValueSpecification","valueRequired":true,"valueName":"search_term_string"}}],"inLanguage":"en-US"}]}},"jetpack_sharing_enabled":true,"_links":{"self":[{"href":"https:\/\/djabe.hu\/en\/wp-json\/wp\/v2\/product\/6697","targetHints":{"allow":["GET"]}}],"collection":[{"href":"https:\/\/djabe.hu\/en\/wp-json\/wp\/v2\/product"}],"about":[{"href":"https:\/\/djabe.hu\/en\/wp-json\/wp\/v2\/types\/product"}],"wp:featuredmedia":[{"embeddable":true,"href":"https:\/\/djabe.hu\/en\/wp-json\/wp\/v2\/media\/6694"}],"wp:attachment":[{"href":"https:\/\/djabe.hu\/en\/wp-json\/wp\/v2\/media?parent=6697"}],"wp:term":[{"taxonomy":"product_brand","embeddable":true,"href":"https:\/\/djabe.hu\/en\/wp-json\/wp\/v2\/product_brand?post=6697"},{"taxonomy":"product_cat","embeddable":true,"href":"https:\/\/djabe.hu\/en\/wp-json\/wp\/v2\/product_cat?post=6697"},{"taxonomy":"product_tag","embeddable":true,"href":"https:\/\/djabe.hu\/en\/wp-json\/wp\/v2\/product_tag?post=6697"}],"curies":[{"name":"wp","href":"https:\/\/api.w.org\/{rel}","templated":true}]}}