{"id":6647,"date":"2016-11-15T11:26:07","date_gmt":"2016-11-15T10:26:07","guid":{"rendered":"http:\/\/djabe.hu\/?post_type=product&#038;p=6647"},"modified":"2020-04-26T13:52:31","modified_gmt":"2020-04-26T12:52:31","slug":"john-hackett-steve-hackett-sketches-of-satie-lp","status":"publish","type":"product","link":"https:\/\/djabe.hu\/en\/uzlet\/john-hackett-steve-hackett-sketches-of-satie-lp\/","title":{"rendered":"John Hackett, Steve Hackett: Sketches of Satie LP"},"content":{"rendered":"","protected":false},"excerpt":{"rendered":"<p><span style=\"color: #ffffff;\">New vinyl version of the &#8220;Sketches of Satie&#8221; album from 2000 Limited edition, manufactured in Hungary. Get &#8217;em while you can!<\/span><\/p>\n<p><span style=\"color: #ffffff;\">&#8220;&#8230;John and I had long talked about a project involving Satie&#8217;s music. Would it require an orchestra or could we use the full tonal range of our own two favoured instruments to create a sound canvas worthy of the keyboard-based writing? Either way it would be a return to our musical roots when we first became aware of &#8216;Atmospheric&#8217; music, brave enough to remain rhythmically static yet all the more poignant precisely because of that &#8216;held-back&#8217; quality. There always was a love of music in the family home but not specifically the &#8216;Classical&#8217; tradition &#8211; I&#8217;d say we found our way to this music ourselves without being pushed. For us, Satie was definitely a man ahead of his time. Unlikely modulations abound and the Minimalists were to take from him as would Jazz, and where would &#8216;Ambient&#8217; music be without his example?<\/span><\/p>\n<p><span style=\"color: #ffffff;\">I can&#8217;t fully describe my delight and joy that the sessions went so well and that the album, long overdue, is now complete. I may be sticking my neck out here but I don&#8217;t believe John has ever sounded in finer form, he was obviously born to play Satie &#8211; as I am sure you&#8217;ll agree!<\/span><\/p>\n<p style=\"text-align: center;\"><span style=\"color: #ffffff;\">[one_half]<\/span><\/p>\n<h4 style=\"text-align: center;\"><span style=\"color: #ffffff;\">Side A<\/span><\/h4>\n<p style=\"text-align: center;\"><span style=\"color: #ffffff;\">1. Gnossienne N\u00b03<\/span><br \/>\n<span style=\"color: #ffffff;\">2. Gnossienne N\u00b02<\/span><br \/>\n<span style=\"color: #ffffff;\">3. Gnossienne N\u00b01<\/span><br \/>\n<span style=\"color: #ffffff;\">4. Gymnop\u00e9die N\u00b03<\/span><br \/>\n<span style=\"color: #ffffff;\">5. Gymnop\u00e9die N\u00b02<\/span><br \/>\n<span style=\"color: #ffffff;\">6. Gymnop\u00e9die N\u00b01<\/span><br \/>\n<span style=\"color: #ffffff;\">7. Pieces Froides N\u00b01<\/span><br \/>\n<span style=\"color: #ffffff;\">8. Pieces Froides N\u00b01<\/span><br \/>\n<span style=\"color: #ffffff;\">9. Pieces Froides N\u00b02<\/span><\/p>\n<p style=\"text-align: center;\"><span style=\"color: #ffffff;\">[\/one_half]<\/span><\/p>\n<p style=\"text-align: center;\"><span style=\"color: #ffffff;\">[one_half_last]<\/span><\/p>\n<h4 style=\"text-align: center;\"><span style=\"color: #ffffff;\">Side B<\/span><\/h4>\n<p style=\"text-align: center;\"><span style=\"color: #ffffff;\">1. Avant Dernieres Pens\u00e9es<\/span><br \/>\n<span style=\"color: #ffffff;\">2. Avant Dernieres Pens\u00e9es<\/span><br \/>\n<span style=\"color: #ffffff;\">3. Avant Dernieres Pens\u00e9es<\/span><br \/>\n<span style=\"color: #ffffff;\">4. Gnossienne N\u00b04<\/span><br \/>\n<span style=\"color: #ffffff;\">5. Gnossienne N\u00b05<\/span><br \/>\n<span style=\"color: #ffffff;\">6. Gnossienne N\u00b06<\/span><br \/>\n<span style=\"color: #ffffff;\">7. Nocturnes N\u00b01<\/span><br \/>\n<span style=\"color: #ffffff;\">8. Nocturnes N\u00b02<\/span><br \/>\n<span style=\"color: #ffffff;\">9. Nocturnes N\u00b03<\/span><br \/>\n<span style=\"color: #ffffff;\">10. Nocturnes N\u00b04<\/span><br \/>\n<span style=\"color: #ffffff;\">11. Nocturnes N\u00b05<\/span><\/p>\n<p style=\"text-align: center;\"><span style=\"color: #ffffff;\">[\/one_half_last]<\/span><\/p>\n<h4 style=\"text-align: center;\"><span style=\"color: #ffffff;\"><b>Musicians<\/b>:<\/span><\/h4>\n<p style=\"text-align: center;\"><span style=\"color: #ffffff;\">John Hackett &#8211; Flute<br \/>\nSteve Hackett &#8211; Guitar<\/span><\/p>\n","protected":false},"featured_media":6648,"template":"","meta":[],"product_brand":[],"product_cat":[40,73],"product_tag":[],"class_list":{"0":"post-6647","1":"product","2":"type-product","3":"status-publish","4":"has-post-thumbnail","6":"product_cat-lp","7":"product_cat-steve-hackett","8":"repupress_customize_woocommerce_productom_class","10":"first","11":"outofstock","12":"shipping-taxable","13":"purchasable","14":"product-type-simple"},"yoast_head":"<!-- This site is optimized with the Yoast SEO plugin v27.4 - https:\/\/yoast.com\/product\/yoast-seo-wordpress\/ -->\n<title>John Hackett, Steve Hackett: Sketches of Satie LP - Djabe<\/title>\n<meta name=\"robots\" content=\"index, follow, max-snippet:-1, max-image-preview:large, max-video-preview:-1\" \/>\n<link rel=\"canonical\" href=\"https:\/\/djabe.hu\/uzlet\/john-hackett-steve-hackett-sketches-of-satie-lp\/\" \/>\n<meta property=\"og:locale\" content=\"en_US\" \/>\n<meta property=\"og:type\" content=\"article\" \/>\n<meta property=\"og:title\" content=\"John Hackett, Steve Hackett: Sketches of Satie LP - Djabe\" \/>\n<meta property=\"og:description\" content=\"[:hu]John \u00e9s Steve Hackett: Sketches of Satie c\u00edm\u0171 Erik Satie feldolgoz\u00e1sokat tartalmaz\u00f3 albuma korl\u00e1tozott darabsz\u00e1mban kiad\u00e1sra ker\u00fclt 180g-os audiofil vinyl lemezen is. Az anl\u00f3g hangz\u00e1s szerelmeseinek igazi csemege a CD teljes anyag\u00e1t tartalmaz\u00f3 49 perces korong, mely kedvez\u0151 \u00e1ron ker\u00fcl forgalomba.  Erik Satie var\u00e1zslatos zen\u00e9j\u00e9t Steve Hackett hangszerelte \u00e1t akusztikus git\u00e1rra \u00e9s fuvol\u00e1ra. Mai zaklatott, d\u00fcb\u00f6rg\u0151 vil\u00e1gunkban nyugtat\u00f3 fel\u00fcd\u00fcl\u00e9s ilyen sz\u00e9p \u00e9s ki\u00e9rlelt muzsik\u00e9t hallgatni, k\u00fcl\u00f6n\u00f6sen lemezj\u00e1tsz\u00f3r\u00f3l. Hackett \u00e9s bakelit rajong\u00f3knak k\u00f6telez\u0151.    A lemezen szerepl\u0151 el\u0151ad\u00f3k: John Hackett - Fuvola Steve Hackett - Git\u00e1r[:en]New vinyl version of the &quot;Sketches of Satie&quot; album from 2000 Limited edition, manufactured in Hungary. Get &#039;em while you can!  &quot;...John and I had long talked about a project involving Satie&#039;s music. Would it require an orchestra or could we use the full tonal range of our own two favoured instruments to create a sound canvas worthy of the keyboard-based writing? Either way it would be a return to our musical roots when we first became aware of &#039;Atmospheric&#039; music, brave enough to remain rhythmically static yet all the more poignant precisely because of that &#039;held-back&#039; quality. There always was a love of music in the family home but not specifically the &#039;Classical&#039; tradition - I&#039;d say we found our way to this music ourselves without being pushed. For us, Satie was definitely a man ahead of his time. Unlikely modulations abound and the Minimalists were to take from him as would Jazz, and where would &#039;Ambient&#039; music be without his example?  I can&#039;t fully describe my delight and joy that the sessions went so well and that the album, long overdue, is now complete. I may be sticking my neck out here but I don&#039;t believe John has ever sounded in finer form, he was obviously born to play Satie - as I am sure you&#039;ll agree!    Musicians: John Hackett - Flute Steve Hackett - Guitar[:]\" \/>\n<meta property=\"og:url\" content=\"https:\/\/djabe.hu\/uzlet\/john-hackett-steve-hackett-sketches-of-satie-lp\/\" \/>\n<meta property=\"og:site_name\" content=\"Djabe\" \/>\n<meta property=\"article:modified_time\" content=\"2020-04-26T12:52:31+00:00\" \/>\n<meta property=\"og:image\" content=\"https:\/\/djabe.hu\/wp-content\/uploads\/2019\/02\/Hacketts_Sketches_of_Satie_LP_cover_1.jpg\" \/>\n\t<meta property=\"og:image:width\" content=\"2000\" \/>\n\t<meta property=\"og:image:height\" content=\"2000\" \/>\n\t<meta property=\"og:image:type\" content=\"image\/jpeg\" \/>\n<meta name=\"twitter:card\" content=\"summary_large_image\" \/>\n<script type=\"application\/ld+json\" class=\"yoast-schema-graph\">{\"@context\":\"https:\\\/\\\/schema.org\",\"@graph\":[{\"@type\":\"WebPage\",\"@id\":\"https:\\\/\\\/djabe.hu\\\/uzlet\\\/john-hackett-steve-hackett-sketches-of-satie-lp\\\/\",\"url\":\"https:\\\/\\\/djabe.hu\\\/uzlet\\\/john-hackett-steve-hackett-sketches-of-satie-lp\\\/\",\"name\":\"John Hackett, Steve Hackett: Sketches of Satie LP - Djabe\",\"isPartOf\":{\"@id\":\"https:\\\/\\\/djabe.hu\\\/en\\\/#website\"},\"primaryImageOfPage\":{\"@id\":\"https:\\\/\\\/djabe.hu\\\/uzlet\\\/john-hackett-steve-hackett-sketches-of-satie-lp\\\/#primaryimage\"},\"image\":{\"@id\":\"https:\\\/\\\/djabe.hu\\\/uzlet\\\/john-hackett-steve-hackett-sketches-of-satie-lp\\\/#primaryimage\"},\"thumbnailUrl\":\"https:\\\/\\\/djabe.hu\\\/wp-content\\\/uploads\\\/2019\\\/02\\\/Hacketts_Sketches_of_Satie_LP_cover_1.jpg\",\"datePublished\":\"2016-11-15T10:26:07+00:00\",\"dateModified\":\"2020-04-26T12:52:31+00:00\",\"breadcrumb\":{\"@id\":\"https:\\\/\\\/djabe.hu\\\/uzlet\\\/john-hackett-steve-hackett-sketches-of-satie-lp\\\/#breadcrumb\"},\"inLanguage\":\"en-US\",\"potentialAction\":[{\"@type\":\"ReadAction\",\"target\":[\"https:\\\/\\\/djabe.hu\\\/uzlet\\\/john-hackett-steve-hackett-sketches-of-satie-lp\\\/\"]}]},{\"@type\":\"ImageObject\",\"inLanguage\":\"en-US\",\"@id\":\"https:\\\/\\\/djabe.hu\\\/uzlet\\\/john-hackett-steve-hackett-sketches-of-satie-lp\\\/#primaryimage\",\"url\":\"https:\\\/\\\/djabe.hu\\\/wp-content\\\/uploads\\\/2019\\\/02\\\/Hacketts_Sketches_of_Satie_LP_cover_1.jpg\",\"contentUrl\":\"https:\\\/\\\/djabe.hu\\\/wp-content\\\/uploads\\\/2019\\\/02\\\/Hacketts_Sketches_of_Satie_LP_cover_1.jpg\",\"width\":2000,\"height\":2000},{\"@type\":\"BreadcrumbList\",\"@id\":\"https:\\\/\\\/djabe.hu\\\/uzlet\\\/john-hackett-steve-hackett-sketches-of-satie-lp\\\/#breadcrumb\",\"itemListElement\":[{\"@type\":\"ListItem\",\"position\":1,\"name\":\"Home\",\"item\":\"https:\\\/\\\/djabe.hu\\\/en\\\/\"},{\"@type\":\"ListItem\",\"position\":2,\"name\":\"\u00c1ruh\u00e1z\",\"item\":\"https:\\\/\\\/djabe.hu\\\/uzlet\\\/\"},{\"@type\":\"ListItem\",\"position\":3,\"name\":\"John Hackett, Steve Hackett: Sketches of Satie LP\"}]},{\"@type\":\"WebSite\",\"@id\":\"https:\\\/\\\/djabe.hu\\\/en\\\/#website\",\"url\":\"https:\\\/\\\/djabe.hu\\\/en\\\/\",\"name\":\"Djabe\",\"description\":\"Official site\",\"potentialAction\":[{\"@type\":\"SearchAction\",\"target\":{\"@type\":\"EntryPoint\",\"urlTemplate\":\"https:\\\/\\\/djabe.hu\\\/en\\\/?s={search_term_string}\"},\"query-input\":{\"@type\":\"PropertyValueSpecification\",\"valueRequired\":true,\"valueName\":\"search_term_string\"}}],\"inLanguage\":\"en-US\"}]}<\/script>\n<!-- \/ Yoast SEO plugin. -->","yoast_head_json":{"title":"John Hackett, Steve Hackett: Sketches of Satie LP - Djabe","robots":{"index":"index","follow":"follow","max-snippet":"max-snippet:-1","max-image-preview":"max-image-preview:large","max-video-preview":"max-video-preview:-1"},"canonical":"https:\/\/djabe.hu\/uzlet\/john-hackett-steve-hackett-sketches-of-satie-lp\/","og_locale":"en_US","og_type":"article","og_title":"John Hackett, Steve Hackett: Sketches of Satie LP - Djabe","og_description":"[:hu]John \u00e9s Steve Hackett: Sketches of Satie c\u00edm\u0171 Erik Satie feldolgoz\u00e1sokat tartalmaz\u00f3 albuma korl\u00e1tozott darabsz\u00e1mban kiad\u00e1sra ker\u00fclt 180g-os audiofil vinyl lemezen is. Az anl\u00f3g hangz\u00e1s szerelmeseinek igazi csemege a CD teljes anyag\u00e1t tartalmaz\u00f3 49 perces korong, mely kedvez\u0151 \u00e1ron ker\u00fcl forgalomba.  Erik Satie var\u00e1zslatos zen\u00e9j\u00e9t Steve Hackett hangszerelte \u00e1t akusztikus git\u00e1rra \u00e9s fuvol\u00e1ra. Mai zaklatott, d\u00fcb\u00f6rg\u0151 vil\u00e1gunkban nyugtat\u00f3 fel\u00fcd\u00fcl\u00e9s ilyen sz\u00e9p \u00e9s ki\u00e9rlelt muzsik\u00e9t hallgatni, k\u00fcl\u00f6n\u00f6sen lemezj\u00e1tsz\u00f3r\u00f3l. Hackett \u00e9s bakelit rajong\u00f3knak k\u00f6telez\u0151.    A lemezen szerepl\u0151 el\u0151ad\u00f3k: John Hackett - Fuvola Steve Hackett - Git\u00e1r[:en]New vinyl version of the \"Sketches of Satie\" album from 2000 Limited edition, manufactured in Hungary. Get 'em while you can!  \"...John and I had long talked about a project involving Satie's music. Would it require an orchestra or could we use the full tonal range of our own two favoured instruments to create a sound canvas worthy of the keyboard-based writing? Either way it would be a return to our musical roots when we first became aware of 'Atmospheric' music, brave enough to remain rhythmically static yet all the more poignant precisely because of that 'held-back' quality. There always was a love of music in the family home but not specifically the 'Classical' tradition - I'd say we found our way to this music ourselves without being pushed. For us, Satie was definitely a man ahead of his time. Unlikely modulations abound and the Minimalists were to take from him as would Jazz, and where would 'Ambient' music be without his example?  I can't fully describe my delight and joy that the sessions went so well and that the album, long overdue, is now complete. I may be sticking my neck out here but I don't believe John has ever sounded in finer form, he was obviously born to play Satie - as I am sure you'll agree!    Musicians: John Hackett - Flute Steve Hackett - Guitar[:]","og_url":"https:\/\/djabe.hu\/uzlet\/john-hackett-steve-hackett-sketches-of-satie-lp\/","og_site_name":"Djabe","article_modified_time":"2020-04-26T12:52:31+00:00","og_image":[{"width":2000,"height":2000,"url":"https:\/\/djabe.hu\/wp-content\/uploads\/2019\/02\/Hacketts_Sketches_of_Satie_LP_cover_1.jpg","type":"image\/jpeg"}],"twitter_card":"summary_large_image","schema":{"@context":"https:\/\/schema.org","@graph":[{"@type":"WebPage","@id":"https:\/\/djabe.hu\/uzlet\/john-hackett-steve-hackett-sketches-of-satie-lp\/","url":"https:\/\/djabe.hu\/uzlet\/john-hackett-steve-hackett-sketches-of-satie-lp\/","name":"John Hackett, Steve Hackett: Sketches of Satie LP - Djabe","isPartOf":{"@id":"https:\/\/djabe.hu\/en\/#website"},"primaryImageOfPage":{"@id":"https:\/\/djabe.hu\/uzlet\/john-hackett-steve-hackett-sketches-of-satie-lp\/#primaryimage"},"image":{"@id":"https:\/\/djabe.hu\/uzlet\/john-hackett-steve-hackett-sketches-of-satie-lp\/#primaryimage"},"thumbnailUrl":"https:\/\/djabe.hu\/wp-content\/uploads\/2019\/02\/Hacketts_Sketches_of_Satie_LP_cover_1.jpg","datePublished":"2016-11-15T10:26:07+00:00","dateModified":"2020-04-26T12:52:31+00:00","breadcrumb":{"@id":"https:\/\/djabe.hu\/uzlet\/john-hackett-steve-hackett-sketches-of-satie-lp\/#breadcrumb"},"inLanguage":"en-US","potentialAction":[{"@type":"ReadAction","target":["https:\/\/djabe.hu\/uzlet\/john-hackett-steve-hackett-sketches-of-satie-lp\/"]}]},{"@type":"ImageObject","inLanguage":"en-US","@id":"https:\/\/djabe.hu\/uzlet\/john-hackett-steve-hackett-sketches-of-satie-lp\/#primaryimage","url":"https:\/\/djabe.hu\/wp-content\/uploads\/2019\/02\/Hacketts_Sketches_of_Satie_LP_cover_1.jpg","contentUrl":"https:\/\/djabe.hu\/wp-content\/uploads\/2019\/02\/Hacketts_Sketches_of_Satie_LP_cover_1.jpg","width":2000,"height":2000},{"@type":"BreadcrumbList","@id":"https:\/\/djabe.hu\/uzlet\/john-hackett-steve-hackett-sketches-of-satie-lp\/#breadcrumb","itemListElement":[{"@type":"ListItem","position":1,"name":"Home","item":"https:\/\/djabe.hu\/en\/"},{"@type":"ListItem","position":2,"name":"\u00c1ruh\u00e1z","item":"https:\/\/djabe.hu\/uzlet\/"},{"@type":"ListItem","position":3,"name":"John Hackett, Steve Hackett: Sketches of Satie LP"}]},{"@type":"WebSite","@id":"https:\/\/djabe.hu\/en\/#website","url":"https:\/\/djabe.hu\/en\/","name":"Djabe","description":"Official site","potentialAction":[{"@type":"SearchAction","target":{"@type":"EntryPoint","urlTemplate":"https:\/\/djabe.hu\/en\/?s={search_term_string}"},"query-input":{"@type":"PropertyValueSpecification","valueRequired":true,"valueName":"search_term_string"}}],"inLanguage":"en-US"}]}},"jetpack_sharing_enabled":true,"_links":{"self":[{"href":"https:\/\/djabe.hu\/en\/wp-json\/wp\/v2\/product\/6647","targetHints":{"allow":["GET"]}}],"collection":[{"href":"https:\/\/djabe.hu\/en\/wp-json\/wp\/v2\/product"}],"about":[{"href":"https:\/\/djabe.hu\/en\/wp-json\/wp\/v2\/types\/product"}],"wp:featuredmedia":[{"embeddable":true,"href":"https:\/\/djabe.hu\/en\/wp-json\/wp\/v2\/media\/6648"}],"wp:attachment":[{"href":"https:\/\/djabe.hu\/en\/wp-json\/wp\/v2\/media?parent=6647"}],"wp:term":[{"taxonomy":"product_brand","embeddable":true,"href":"https:\/\/djabe.hu\/en\/wp-json\/wp\/v2\/product_brand?post=6647"},{"taxonomy":"product_cat","embeddable":true,"href":"https:\/\/djabe.hu\/en\/wp-json\/wp\/v2\/product_cat?post=6647"},{"taxonomy":"product_tag","embeddable":true,"href":"https:\/\/djabe.hu\/en\/wp-json\/wp\/v2\/product_tag?post=6647"}],"curies":[{"name":"wp","href":"https:\/\/api.w.org\/{rel}","templated":true}]}}