{"id":6589,"date":"2019-02-06T13:09:48","date_gmt":"2019-02-06T12:09:48","guid":{"rendered":"http:\/\/djabe.hu\/?post_type=product&#038;p=6589"},"modified":"2025-11-19T15:00:00","modified_gmt":"2025-11-19T14:00:00","slug":"djabe-overflow-cddvd","status":"publish","type":"product","link":"https:\/\/djabe.hu\/en\/uzlet\/djabe-overflow-cddvd\/","title":{"rendered":"Djabe: Overflow CD+DVD"},"content":{"rendered":"<p><iframe loading=\"lazy\" title=\"Djabe: Deep Lights\" width=\"900\" height=\"506\" src=\"https:\/\/www.youtube.com\/embed\/lhkX_61We0M?feature=oembed\" frameborder=\"0\" allow=\"accelerometer; autoplay; clipboard-write; encrypted-media; gyroscope; picture-in-picture; web-share\" referrerpolicy=\"strict-origin-when-cross-origin\" allowfullscreen><\/iframe><\/p>\n","protected":false},"excerpt":{"rendered":"<p style=\"text-align: center;\"><span style=\"color: #ffffff;\">[one_half]<\/span><\/p>\n<p>Djabe is known to do a surround gig series every 2 or 3 years, events followed closely by both fans and critics.<\/p>\n<p>The aforementioned gig was the first surround show of the 2016 line-up. The main occasion was the new studio album of 2018, <em>Flow<\/em>. Djabe performed the whole 1-hour material on stage. In the remaining time, the band played with guest musician Gulli Briem (drummer, member of Mezzoforte) some Djabe pieces they perform together regularly, for example <em>This Is Not America<\/em> and <em>Buzzy Island<\/em> from the album <em>Life Is A Journey \u2013 The Sardinia Tapes<\/em>.<\/p>\n<p>The DVD contains the whole concert in surround mix. The CD sports all compositions from <em>Flow<\/em>, and more pieces featuring Gulli Briem.<\/p>\n<h4 style=\"text-align: center;\"><span style=\"color: #ffffff;\">DVD<br \/>\nPart 1 | 49:20<br \/>\n<\/span><\/h4>\n<p style=\"text-align: center;\"><span style=\"color: #ffffff;\">1. Flow<br \/>\n2. Turtle Trek<br \/>\n3. Another Dive<br \/>\n4. Free Fallin\u2019<br \/>\n5. Bubble Dreams<br \/>\n6. Angklung In The Garden (Party)<br \/>\n7. Curved Mirror<\/span><\/p>\n<h4 style=\"text-align: center;\"><span style=\"color: #ffffff;\">DVD<br \/>\nPart 2 | 61:28<br \/>\n<\/span><\/h4>\n<p style=\"text-align: center;\"><span style=\"color: #ffffff;\">8. Life Spirit<br \/>\n(incl. Witchi Tai To, Island, Desert)<br \/>\n9. Deep Lights<br \/>\n10. White Bears<br \/>\n11. Before Surgery<br \/>\n12. Hang Drum Song<br \/>\n13. This Is Not America<br \/>\n14. Return To Somewhere<br \/>\n15. Buzzy Island<br \/>\n16. Lava Lamp<\/span><\/p>\n<h4 style=\"text-align: center;\"><span style=\"color: #ffffff;\">EXTRAS<\/span><\/h4>\n<p style=\"text-align: center;\"><span style=\"color: #ffffff;\">Another Dive \u2013 Screen Film<br \/>\nAwakening City \u2013 Columbus Jazz Club, 2016<\/span><\/p>\n<p style=\"text-align: center;\"><span style=\"color: #ffffff;\">[\/one_half]<\/span><\/p>\n<p style=\"text-align: center;\"><span style=\"color: #ffffff;\">[one_half_last]<\/span><\/p>\n<h4 style=\"text-align: center;\"><span style=\"color: #ffffff;\">CD<br \/>\nTotal time | 78:22<br \/>\n<\/span><\/h4>\n<p style=\"text-align: center;\"><span style=\"color: #ffffff;\">1. Flow<br \/>\n2. Turtle Trek<br \/>\n3. Another Dive<br \/>\n4. Free Fallin\u2019<br \/>\n5. Bubble Dreams<br \/>\n6. Curved Mirror<br \/>\n7. Life Spirit (incl. Witchi Tai To, Island, Desert)<br \/>\n8. Deep Lights<br \/>\n9. White Bears<br \/>\n10. Before Surgery<br \/>\n11. Hang Drum Song<br \/>\n12. This Is Not America<br \/>\n13. Return To Somewhere<\/span><\/p>\n<h4 style=\"text-align: center;\"><span style=\"color: #ffffff;\">Musicians featured on the album<\/span><\/h4>\n<p style=\"text-align: center;\"><span style=\"color: #ffffff;\">Tam\u00e1s Barab\u00e1s (bass guitar)<br \/>\nAttila \u00c9gerh\u00e1zi (guitar, percussion)<br \/>\nJ\u00e1nos Nagy (keyboards)<br \/>\n\u00c1ron Ko\u00f3s-Hut\u00e1s (trumpet, flugelhorn)<br \/>\nP\u00e9ter Kasz\u00e1s (drums, vocal, percussion)<br \/>\nGulli Briem (percussion, drums)<\/span><\/p>\n<p style=\"text-align: center;\"><span style=\"color: #ffffff;\">[\/one_half_last]<\/span><\/p>\n","protected":false},"featured_media":7758,"template":"","meta":[],"product_brand":[],"product_cat":[38,41],"product_tag":[],"class_list":{"0":"post-6589","1":"product","2":"type-product","3":"status-publish","4":"has-post-thumbnail","6":"product_cat-cd","7":"product_cat-dvd","8":"repupress_customize_woocommerce_productom_class","10":"first","11":"instock","12":"shipping-taxable","13":"purchasable","14":"product-type-simple"},"yoast_head":"<!-- This site is optimized with the Yoast SEO plugin v27.2 - https:\/\/yoast.com\/product\/yoast-seo-wordpress\/ -->\n<title>Djabe: Overflow CD+DVD - Djabe<\/title>\n<meta name=\"description\" content=\"Djabe is known to do a surround gig series every 2 or 3 years, events followed closely by both fans and critics.The aforementioned gig was the first surround show of the 2016 line-up. The main occasion was the new studio album of 2018, Flow. Djabe performed the whole 1-hour material on stage. In the remaining time, the band played with guest musician Gulli Briem (drummer, member of Mezzoforte) some Djabe pieces they perform together regularly, for example This Is Not America and Buzzy Island from the album Life Is A Journey \u2013 The Sardinia Tapes.\" \/>\n<meta name=\"robots\" content=\"index, follow, max-snippet:-1, max-image-preview:large, max-video-preview:-1\" \/>\n<link rel=\"canonical\" href=\"https:\/\/djabe.hu\/uzlet\/djabe-overflow-cddvd\/\" \/>\n<meta property=\"og:locale\" content=\"en_US\" \/>\n<meta property=\"og:type\" content=\"article\" \/>\n<meta property=\"og:title\" content=\"Djabe: Overflow CD+DVD\" \/>\n<meta property=\"og:description\" content=\"{:en}Djabe is known to do a surround gig series every 2 or 3 years, events followed closely by both fans and critics.The aforementioned gig was the first surround show of the 2016 line-up. The main occasion was the new studio album of 2018, Flow. Djabe performed the whole 1-hour material on stage. In the remaining time, the band played with guest musician Gulli Briem (drummer, member of Mezzoforte) some Djabe pieces they perform together regularly, for example This Is Not America and Buzzy Island from the album Life Is A Journey \u2013 The Sardinia Tapes.{:}\" \/>\n<meta property=\"og:url\" content=\"https:\/\/djabe.hu\/uzlet\/djabe-overflow-cddvd\/\" \/>\n<meta property=\"og:site_name\" content=\"Djabe\" \/>\n<meta property=\"article:modified_time\" content=\"2025-11-19T14:00:00+00:00\" \/>\n<meta property=\"og:image\" content=\"https:\/\/djabe.hu\/wp-content\/uploads\/2019\/02\/Djabe_Owerflow_2019_digipak_COVER_FINAL_online_SHOP.png\" \/>\n\t<meta property=\"og:image:width\" content=\"1654\" \/>\n\t<meta property=\"og:image:height\" content=\"1654\" \/>\n\t<meta property=\"og:image:type\" content=\"image\/png\" \/>\n<meta name=\"twitter:card\" content=\"summary_large_image\" \/>\n<meta name=\"twitter:title\" content=\"Djabe: Overflow CD+DVD\" \/>\n<meta name=\"twitter:image\" content=\"https:\/\/djabe.hu\/wp-content\/uploads\/2019\/02\/Djabe_Owerflow_2019_digipak_COVER_FINAL_online_SHOP.png\" \/>\n<meta name=\"twitter:label1\" content=\"Est. reading time\" \/>\n\t<meta name=\"twitter:data1\" content=\"1 minute\" \/>\n<script type=\"application\/ld+json\" class=\"yoast-schema-graph\">{\"@context\":\"https:\/\/schema.org\",\"@graph\":[{\"@type\":\"WebPage\",\"@id\":\"https:\/\/djabe.hu\/uzlet\/djabe-overflow-cddvd\/\",\"url\":\"https:\/\/djabe.hu\/uzlet\/djabe-overflow-cddvd\/\",\"name\":\"Djabe: Overflow CD+DVD - Djabe\",\"isPartOf\":{\"@id\":\"https:\/\/djabe.hu\/en\/#website\"},\"primaryImageOfPage\":{\"@id\":\"https:\/\/djabe.hu\/uzlet\/djabe-overflow-cddvd\/#primaryimage\"},\"image\":{\"@id\":\"https:\/\/djabe.hu\/uzlet\/djabe-overflow-cddvd\/#primaryimage\"},\"thumbnailUrl\":\"https:\/\/djabe.hu\/wp-content\/uploads\/2019\/02\/Djabe_Owerflow_2019_digipak_COVER_FINAL_online_SHOP.png\",\"datePublished\":\"2019-02-06T12:09:48+00:00\",\"dateModified\":\"2025-11-19T14:00:00+00:00\",\"description\":\"{:en}Djabe is known to do a surround gig series every 2 or 3 years, events followed closely by both fans and critics.The aforementioned gig was the first surround show of the 2016 line-up. The main occasion was the new studio album of 2018, Flow. Djabe performed the whole 1-hour material on stage. In the remaining time, the band played with guest musician Gulli Briem (drummer, member of Mezzoforte) some Djabe pieces they perform together regularly, for example This Is Not America and Buzzy Island from the album Life Is A Journey \u2013 The Sardinia Tapes.{:}\",\"breadcrumb\":{\"@id\":\"https:\/\/djabe.hu\/uzlet\/djabe-overflow-cddvd\/#breadcrumb\"},\"inLanguage\":\"en-US\",\"potentialAction\":[{\"@type\":\"ReadAction\",\"target\":[\"https:\/\/djabe.hu\/uzlet\/djabe-overflow-cddvd\/\"]}]},{\"@type\":\"ImageObject\",\"inLanguage\":\"en-US\",\"@id\":\"https:\/\/djabe.hu\/uzlet\/djabe-overflow-cddvd\/#primaryimage\",\"url\":\"https:\/\/djabe.hu\/wp-content\/uploads\/2019\/02\/Djabe_Owerflow_2019_digipak_COVER_FINAL_online_SHOP.png\",\"contentUrl\":\"https:\/\/djabe.hu\/wp-content\/uploads\/2019\/02\/Djabe_Owerflow_2019_digipak_COVER_FINAL_online_SHOP.png\",\"width\":1654,\"height\":1654,\"caption\":\"Djabe: Overflow CD+DVD\"},{\"@type\":\"BreadcrumbList\",\"@id\":\"https:\/\/djabe.hu\/uzlet\/djabe-overflow-cddvd\/#breadcrumb\",\"itemListElement\":[{\"@type\":\"ListItem\",\"position\":1,\"name\":\"Home\",\"item\":\"https:\/\/djabe.hu\/en\/\"},{\"@type\":\"ListItem\",\"position\":2,\"name\":\"\u00c1ruh\u00e1z\",\"item\":\"https:\/\/djabe.hu\/uzlet\/\"},{\"@type\":\"ListItem\",\"position\":3,\"name\":\"Djabe: Overflow CD+DVD\"}]},{\"@type\":\"WebSite\",\"@id\":\"https:\/\/djabe.hu\/en\/#website\",\"url\":\"https:\/\/djabe.hu\/en\/\",\"name\":\"Djabe\",\"description\":\"Official site\",\"potentialAction\":[{\"@type\":\"SearchAction\",\"target\":{\"@type\":\"EntryPoint\",\"urlTemplate\":\"https:\/\/djabe.hu\/en\/?s={search_term_string}\"},\"query-input\":{\"@type\":\"PropertyValueSpecification\",\"valueRequired\":true,\"valueName\":\"search_term_string\"}}],\"inLanguage\":\"en-US\"}]}<\/script>\n<!-- \/ Yoast SEO plugin. -->","yoast_head_json":{"title":"Djabe: Overflow CD+DVD - Djabe","description":"Djabe is known to do a surround gig series every 2 or 3 years, events followed closely by both fans and critics.The aforementioned gig was the first surround show of the 2016 line-up. The main occasion was the new studio album of 2018, Flow. Djabe performed the whole 1-hour material on stage. In the remaining time, the band played with guest musician Gulli Briem (drummer, member of Mezzoforte) some Djabe pieces they perform together regularly, for example This Is Not America and Buzzy Island from the album Life Is A Journey \u2013 The Sardinia Tapes.","robots":{"index":"index","follow":"follow","max-snippet":"max-snippet:-1","max-image-preview":"max-image-preview:large","max-video-preview":"max-video-preview:-1"},"canonical":"https:\/\/djabe.hu\/uzlet\/djabe-overflow-cddvd\/","og_locale":"en_US","og_type":"article","og_title":"Djabe: Overflow CD+DVD","og_description":"{:en}Djabe is known to do a surround gig series every 2 or 3 years, events followed closely by both fans and critics.The aforementioned gig was the first surround show of the 2016 line-up. The main occasion was the new studio album of 2018, Flow. Djabe performed the whole 1-hour material on stage. In the remaining time, the band played with guest musician Gulli Briem (drummer, member of Mezzoforte) some Djabe pieces they perform together regularly, for example This Is Not America and Buzzy Island from the album Life Is A Journey \u2013 The Sardinia Tapes.{:}","og_url":"https:\/\/djabe.hu\/uzlet\/djabe-overflow-cddvd\/","og_site_name":"Djabe","article_modified_time":"2025-11-19T14:00:00+00:00","og_image":[{"width":1654,"height":1654,"url":"https:\/\/djabe.hu\/wp-content\/uploads\/2019\/02\/Djabe_Owerflow_2019_digipak_COVER_FINAL_online_SHOP.png","type":"image\/png"}],"twitter_card":"summary_large_image","twitter_title":"Djabe: Overflow CD+DVD","twitter_image":"https:\/\/djabe.hu\/wp-content\/uploads\/2019\/02\/Djabe_Owerflow_2019_digipak_COVER_FINAL_online_SHOP.png","twitter_misc":{"Est. reading time":"1 minute"},"schema":{"@context":"https:\/\/schema.org","@graph":[{"@type":"WebPage","@id":"https:\/\/djabe.hu\/uzlet\/djabe-overflow-cddvd\/","url":"https:\/\/djabe.hu\/uzlet\/djabe-overflow-cddvd\/","name":"Djabe: Overflow CD+DVD - Djabe","isPartOf":{"@id":"https:\/\/djabe.hu\/en\/#website"},"primaryImageOfPage":{"@id":"https:\/\/djabe.hu\/uzlet\/djabe-overflow-cddvd\/#primaryimage"},"image":{"@id":"https:\/\/djabe.hu\/uzlet\/djabe-overflow-cddvd\/#primaryimage"},"thumbnailUrl":"https:\/\/djabe.hu\/wp-content\/uploads\/2019\/02\/Djabe_Owerflow_2019_digipak_COVER_FINAL_online_SHOP.png","datePublished":"2019-02-06T12:09:48+00:00","dateModified":"2025-11-19T14:00:00+00:00","description":"{:en}Djabe is known to do a surround gig series every 2 or 3 years, events followed closely by both fans and critics.The aforementioned gig was the first surround show of the 2016 line-up. The main occasion was the new studio album of 2018, Flow. Djabe performed the whole 1-hour material on stage. In the remaining time, the band played with guest musician Gulli Briem (drummer, member of Mezzoforte) some Djabe pieces they perform together regularly, for example This Is Not America and Buzzy Island from the album Life Is A Journey \u2013 The Sardinia Tapes.{:}","breadcrumb":{"@id":"https:\/\/djabe.hu\/uzlet\/djabe-overflow-cddvd\/#breadcrumb"},"inLanguage":"en-US","potentialAction":[{"@type":"ReadAction","target":["https:\/\/djabe.hu\/uzlet\/djabe-overflow-cddvd\/"]}]},{"@type":"ImageObject","inLanguage":"en-US","@id":"https:\/\/djabe.hu\/uzlet\/djabe-overflow-cddvd\/#primaryimage","url":"https:\/\/djabe.hu\/wp-content\/uploads\/2019\/02\/Djabe_Owerflow_2019_digipak_COVER_FINAL_online_SHOP.png","contentUrl":"https:\/\/djabe.hu\/wp-content\/uploads\/2019\/02\/Djabe_Owerflow_2019_digipak_COVER_FINAL_online_SHOP.png","width":1654,"height":1654,"caption":"Djabe: Overflow CD+DVD"},{"@type":"BreadcrumbList","@id":"https:\/\/djabe.hu\/uzlet\/djabe-overflow-cddvd\/#breadcrumb","itemListElement":[{"@type":"ListItem","position":1,"name":"Home","item":"https:\/\/djabe.hu\/en\/"},{"@type":"ListItem","position":2,"name":"\u00c1ruh\u00e1z","item":"https:\/\/djabe.hu\/uzlet\/"},{"@type":"ListItem","position":3,"name":"Djabe: Overflow CD+DVD"}]},{"@type":"WebSite","@id":"https:\/\/djabe.hu\/en\/#website","url":"https:\/\/djabe.hu\/en\/","name":"Djabe","description":"Official site","potentialAction":[{"@type":"SearchAction","target":{"@type":"EntryPoint","urlTemplate":"https:\/\/djabe.hu\/en\/?s={search_term_string}"},"query-input":{"@type":"PropertyValueSpecification","valueRequired":true,"valueName":"search_term_string"}}],"inLanguage":"en-US"}]}},"jetpack_sharing_enabled":true,"_links":{"self":[{"href":"https:\/\/djabe.hu\/en\/wp-json\/wp\/v2\/product\/6589","targetHints":{"allow":["GET"]}}],"collection":[{"href":"https:\/\/djabe.hu\/en\/wp-json\/wp\/v2\/product"}],"about":[{"href":"https:\/\/djabe.hu\/en\/wp-json\/wp\/v2\/types\/product"}],"wp:featuredmedia":[{"embeddable":true,"href":"https:\/\/djabe.hu\/en\/wp-json\/wp\/v2\/media\/7758"}],"wp:attachment":[{"href":"https:\/\/djabe.hu\/en\/wp-json\/wp\/v2\/media?parent=6589"}],"wp:term":[{"taxonomy":"product_brand","embeddable":true,"href":"https:\/\/djabe.hu\/en\/wp-json\/wp\/v2\/product_brand?post=6589"},{"taxonomy":"product_cat","embeddable":true,"href":"https:\/\/djabe.hu\/en\/wp-json\/wp\/v2\/product_cat?post=6589"},{"taxonomy":"product_tag","embeddable":true,"href":"https:\/\/djabe.hu\/en\/wp-json\/wp\/v2\/product_tag?post=6589"}],"curies":[{"name":"wp","href":"https:\/\/api.w.org\/{rel}","templated":true}]}}