{"id":6423,"date":"2018-12-11T16:12:51","date_gmt":"2018-12-11T15:12:51","guid":{"rendered":"http:\/\/djabe.hu\/?post_type=product&#038;p=6423"},"modified":"2025-12-08T11:24:51","modified_gmt":"2025-12-08T10:24:51","slug":"flow-master-tape-2-track","status":"publish","type":"product","link":"https:\/\/djabe.hu\/en\/uzlet\/flow-master-tape-2-track\/","title":{"rendered":"Djabe: Flow Master Tape (2 track)"},"content":{"rendered":"<p><iframe loading=\"lazy\" title=\"Djabe: Flow - LP, DVD-Audio and CD\" width=\"900\" height=\"506\" src=\"https:\/\/www.youtube.com\/embed\/YXBxUp30LrM?feature=oembed\" frameborder=\"0\" allow=\"accelerometer; autoplay; clipboard-write; encrypted-media; gyroscope; picture-in-picture\" allowfullscreen><\/iframe><\/p>\n","protected":false},"excerpt":{"rendered":"<p><span style=\"color: #ffffff;\">2 track studio master tape. 38 cm\/sec, 26 cm metal NAB reel, set-up box.<br \/>\n<\/span><\/p>\n<p><span style=\"color: #ffffff;\">Same master tape used for the vinyl album cutting.<\/span><\/p>\n<p><span style=\"color: #ffffff;\">Recordings of the new Djabe studio album \u2013 featuring Tam\u00e1s Barab\u00e1s (bass guitar), J\u00e1nos Nagy (keyboards), P\u00e9ter Kasz\u00e1s (drums), \u00c1ron Ko\u00f3s Hut\u00e1s (trumpet), and Attila \u00c9gerh\u00e1zi (guitar) \u2013 began in January, 2018. Christened <em>Flow<\/em>, and released on May 22, 2018, on CD. The vinyl version arrived end of August and DVD-Audio, containing the surround mix, followed in September. <em>Flow<\/em>is the first studio album of Djabe, renewed in 2016.\u00a0<a href=\"http:\/\/djabe.hu\/en\/js_albums\/flow-lp\/\"><span style=\"color: #99ccff;\">&gt;&gt;<\/span><\/a><\/span><\/p>\n<p><a href=\"http:\/\/djabe.hu\/wp-content\/uploads\/2018\/12\/flow_2track_master_szalag_szalag_1.png\"><img loading=\"lazy\" decoding=\"async\" class=\"size-medium wp-image-6426 alignleft\" src=\"http:\/\/djabe.hu\/wp-content\/uploads\/2018\/12\/flow_2track_master_szalag_szalag_1-300x225.png\" alt=\"\" width=\"300\" height=\"225\" srcset=\"https:\/\/djabe.hu\/wp-content\/uploads\/2018\/12\/flow_2track_master_szalag_szalag_1-300x225.png 300w, https:\/\/djabe.hu\/wp-content\/uploads\/2018\/12\/flow_2track_master_szalag_szalag_1-768x576.png 768w, https:\/\/djabe.hu\/wp-content\/uploads\/2018\/12\/flow_2track_master_szalag_szalag_1-1024x768.png 1024w, https:\/\/djabe.hu\/wp-content\/uploads\/2018\/12\/flow_2track_master_szalag_szalag_1-600x450.png 600w\" sizes=\"auto, (max-width: 300px) 100vw, 300px\" \/><\/a><a href=\"http:\/\/djabe.hu\/wp-content\/uploads\/2018\/12\/flow_2track_master_szalag_back_1.png\"><img loading=\"lazy\" decoding=\"async\" class=\"size-medium wp-image-6424 alignleft\" src=\"http:\/\/djabe.hu\/wp-content\/uploads\/2018\/12\/flow_2track_master_szalag_back_1-300x225.png\" alt=\"\" width=\"300\" height=\"225\" srcset=\"https:\/\/djabe.hu\/wp-content\/uploads\/2018\/12\/flow_2track_master_szalag_back_1-300x225.png 300w, https:\/\/djabe.hu\/wp-content\/uploads\/2018\/12\/flow_2track_master_szalag_back_1-768x576.png 768w, https:\/\/djabe.hu\/wp-content\/uploads\/2018\/12\/flow_2track_master_szalag_back_1-1024x768.png 1024w, https:\/\/djabe.hu\/wp-content\/uploads\/2018\/12\/flow_2track_master_szalag_back_1-600x450.png 600w\" sizes=\"auto, (max-width: 300px) 100vw, 300px\" \/><\/a><\/p>\n","protected":false},"featured_media":6425,"template":"","meta":[],"product_brand":[],"product_cat":[57],"product_tag":[],"class_list":{"0":"post-6423","1":"product","2":"type-product","3":"status-publish","4":"has-post-thumbnail","6":"product_cat-reel-to-reel","7":"repupress_customize_woocommerce_productom_class","9":"first","10":"instock","11":"shipping-taxable","12":"purchasable","13":"product-type-simple"},"yoast_head":"<!-- This site is optimized with the Yoast SEO plugin v27.2 - https:\/\/yoast.com\/product\/yoast-seo-wordpress\/ -->\n<title>Djabe: Flow Master Tape (2 track) - Djabe<\/title>\n<meta name=\"description\" content=\"Recordings of the new Djabe studio album \u2013 featuring Tam\u00e1s Barab\u00e1s (bass guitar), J\u00e1nos Nagy (keyboards), P\u00e9ter Kasz\u00e1s (drums), \u00c1ron Ko\u00f3s Hut\u00e1s (trumpet), and Attila \u00c9gerh\u00e1zi (guitar) \u2013 began in January, 2018. Christened Flow, and released on May 22, 2018, on CD. The vinyl version arrived end of August and DVD-Audio, containing the surround mix, followed in September. Flowis the first studio album of Djabe, renewed in 2016.\" \/>\n<meta name=\"robots\" content=\"index, follow, max-snippet:-1, max-image-preview:large, max-video-preview:-1\" \/>\n<link rel=\"canonical\" href=\"https:\/\/djabe.hu\/uzlet\/flow-master-tape-2-track\/\" \/>\n<meta property=\"og:locale\" content=\"en_US\" \/>\n<meta property=\"og:type\" content=\"article\" \/>\n<meta property=\"og:title\" content=\"Djabe: Flow Master Tape (2 track)\" \/>\n<meta property=\"og:description\" content=\"{:hu}2018. janu\u00e1rj\u00e1ban kezd\u0151dtek el a Barab\u00e1s Tam\u00e1s \u2013 basszusgit\u00e1r, Nagy J\u00e1nos- billenty\u0171s hangszerek, Kasz\u00e1s P\u00e9ter \u2013 dobok, Ko\u00f3s-Hut\u00e1s \u00c1ron \u2013 trombita, \u00e9s \u00c9gerh\u00e1zi Attila \u2013 git\u00e1r alkotta Djabe \u00faj st\u00fadi\u00f3album\u00e1nak felv\u00e9telei. A lemez a Flow c\u00edmen 2018 m\u00e1jus 18-\u00e1n jelent meg CD-n. A vinyl kiad\u00e1s augusztus v\u00e9g\u00e9n, a surround kever\u00e9st tartalmaz\u00f3 DVD-Audio v\u00e1ltozat szeptember k\u00f6zep\u00e9n l\u00e1tott napvil\u00e1got. Ez a Djabe 2016-ban meg\u00fajult fel\u00e1ll\u00e1s\u00e1nak els\u0151 st\u00fadi\u00f3 albuma.\u00a0{:en}Recordings of the new Djabe studio album \u2013 featuring Tam\u00e1s Barab\u00e1s (bass guitar), J\u00e1nos Nagy (keyboards), P\u00e9ter Kasz\u00e1s (drums), \u00c1ron Ko\u00f3s Hut\u00e1s (trumpet), and Attila \u00c9gerh\u00e1zi (guitar) \u2013 began in January, 2018. Christened Flow, and released on May 22, 2018, on CD. The vinyl version arrived end of August and DVD-Audio, containing the surround mix, followed in September. Flowis the first studio album of Djabe, renewed in 2016.{:}\" \/>\n<meta property=\"og:url\" content=\"https:\/\/djabe.hu\/uzlet\/flow-master-tape-2-track\/\" \/>\n<meta property=\"og:site_name\" content=\"Djabe\" \/>\n<meta property=\"article:modified_time\" content=\"2025-12-08T10:24:51+00:00\" \/>\n<meta property=\"og:image\" content=\"https:\/\/djabe.hu\/wp-content\/uploads\/2018\/12\/flow_2track_master_szalag_cover_1-1024x768.png\" \/>\n\t<meta property=\"og:image:width\" content=\"1024\" \/>\n\t<meta property=\"og:image:height\" content=\"768\" \/>\n\t<meta property=\"og:image:type\" content=\"image\/png\" \/>\n<meta name=\"twitter:card\" content=\"summary_large_image\" \/>\n<meta name=\"twitter:title\" content=\"Djabe: Flow Master Tape (2 track)\" \/>\n<meta name=\"twitter:image\" content=\"https:\/\/djabe.hu\/wp-content\/uploads\/2018\/12\/flow_2track_master_szalag_cover_1.png\" \/>\n<script type=\"application\/ld+json\" class=\"yoast-schema-graph\">{\"@context\":\"https:\/\/schema.org\",\"@graph\":[{\"@type\":\"WebPage\",\"@id\":\"https:\/\/djabe.hu\/uzlet\/flow-master-tape-2-track\/\",\"url\":\"https:\/\/djabe.hu\/uzlet\/flow-master-tape-2-track\/\",\"name\":\"Djabe: Flow Master Tape (2 track) - Djabe\",\"isPartOf\":{\"@id\":\"https:\/\/djabe.hu\/en\/#website\"},\"primaryImageOfPage\":{\"@id\":\"https:\/\/djabe.hu\/uzlet\/flow-master-tape-2-track\/#primaryimage\"},\"image\":{\"@id\":\"https:\/\/djabe.hu\/uzlet\/flow-master-tape-2-track\/#primaryimage\"},\"thumbnailUrl\":\"https:\/\/djabe.hu\/wp-content\/uploads\/2018\/12\/flow_2track_master_szalag_cover_1.png\",\"datePublished\":\"2018-12-11T15:12:51+00:00\",\"dateModified\":\"2025-12-08T10:24:51+00:00\",\"description\":\"{:hu}2018. janu\u00e1rj\u00e1ban kezd\u0151dtek el a Barab\u00e1s Tam\u00e1s \u2013 basszusgit\u00e1r, Nagy J\u00e1nos- billenty\u0171s hangszerek, Kasz\u00e1s P\u00e9ter \u2013 dobok, Ko\u00f3s-Hut\u00e1s \u00c1ron \u2013 trombita, \u00e9s \u00c9gerh\u00e1zi Attila \u2013 git\u00e1r alkotta Djabe \u00faj st\u00fadi\u00f3album\u00e1nak felv\u00e9telei. A lemez a Flow c\u00edmen 2018 m\u00e1jus 18-\u00e1n jelent meg CD-n. A vinyl kiad\u00e1s augusztus v\u00e9g\u00e9n, a surround kever\u00e9st tartalmaz\u00f3 DVD-Audio v\u00e1ltozat szeptember k\u00f6zep\u00e9n l\u00e1tott napvil\u00e1got. Ez a Djabe 2016-ban meg\u00fajult fel\u00e1ll\u00e1s\u00e1nak els\u0151 st\u00fadi\u00f3 albuma.\u00a0{:en}Recordings of the new Djabe studio album \u2013 featuring Tam\u00e1s Barab\u00e1s (bass guitar), J\u00e1nos Nagy (keyboards), P\u00e9ter Kasz\u00e1s (drums), \u00c1ron Ko\u00f3s Hut\u00e1s (trumpet), and Attila \u00c9gerh\u00e1zi (guitar) \u2013 began in January, 2018. Christened Flow, and released on May 22, 2018, on CD. The vinyl version arrived end of August and DVD-Audio, containing the surround mix, followed in September. Flowis the first studio album of Djabe, renewed in 2016.{:}\",\"breadcrumb\":{\"@id\":\"https:\/\/djabe.hu\/uzlet\/flow-master-tape-2-track\/#breadcrumb\"},\"inLanguage\":\"en-US\",\"potentialAction\":[{\"@type\":\"ReadAction\",\"target\":[\"https:\/\/djabe.hu\/uzlet\/flow-master-tape-2-track\/\"]}]},{\"@type\":\"ImageObject\",\"inLanguage\":\"en-US\",\"@id\":\"https:\/\/djabe.hu\/uzlet\/flow-master-tape-2-track\/#primaryimage\",\"url\":\"https:\/\/djabe.hu\/wp-content\/uploads\/2018\/12\/flow_2track_master_szalag_cover_1.png\",\"contentUrl\":\"https:\/\/djabe.hu\/wp-content\/uploads\/2018\/12\/flow_2track_master_szalag_cover_1.png\",\"width\":2667,\"height\":2000,\"caption\":\"Djabe: Flow Master Tape (2 track)\"},{\"@type\":\"BreadcrumbList\",\"@id\":\"https:\/\/djabe.hu\/uzlet\/flow-master-tape-2-track\/#breadcrumb\",\"itemListElement\":[{\"@type\":\"ListItem\",\"position\":1,\"name\":\"Home\",\"item\":\"https:\/\/djabe.hu\/en\/\"},{\"@type\":\"ListItem\",\"position\":2,\"name\":\"\u00c1ruh\u00e1z\",\"item\":\"https:\/\/djabe.hu\/uzlet\/\"},{\"@type\":\"ListItem\",\"position\":3,\"name\":\"Djabe: Flow Master Tape (2 track)\"}]},{\"@type\":\"WebSite\",\"@id\":\"https:\/\/djabe.hu\/en\/#website\",\"url\":\"https:\/\/djabe.hu\/en\/\",\"name\":\"Djabe\",\"description\":\"Official site\",\"potentialAction\":[{\"@type\":\"SearchAction\",\"target\":{\"@type\":\"EntryPoint\",\"urlTemplate\":\"https:\/\/djabe.hu\/en\/?s={search_term_string}\"},\"query-input\":{\"@type\":\"PropertyValueSpecification\",\"valueRequired\":true,\"valueName\":\"search_term_string\"}}],\"inLanguage\":\"en-US\"}]}<\/script>\n<!-- \/ Yoast SEO plugin. -->","yoast_head_json":{"title":"Djabe: Flow Master Tape (2 track) - Djabe","description":"Recordings of the new Djabe studio album \u2013 featuring Tam\u00e1s Barab\u00e1s (bass guitar), J\u00e1nos Nagy (keyboards), P\u00e9ter Kasz\u00e1s (drums), \u00c1ron Ko\u00f3s Hut\u00e1s (trumpet), and Attila \u00c9gerh\u00e1zi (guitar) \u2013 began in January, 2018. Christened Flow, and released on May 22, 2018, on CD. The vinyl version arrived end of August and DVD-Audio, containing the surround mix, followed in September. Flowis the first studio album of Djabe, renewed in 2016.","robots":{"index":"index","follow":"follow","max-snippet":"max-snippet:-1","max-image-preview":"max-image-preview:large","max-video-preview":"max-video-preview:-1"},"canonical":"https:\/\/djabe.hu\/uzlet\/flow-master-tape-2-track\/","og_locale":"en_US","og_type":"article","og_title":"Djabe: Flow Master Tape (2 track)","og_description":"{:hu}2018. janu\u00e1rj\u00e1ban kezd\u0151dtek el a Barab\u00e1s Tam\u00e1s \u2013 basszusgit\u00e1r, Nagy J\u00e1nos- billenty\u0171s hangszerek, Kasz\u00e1s P\u00e9ter \u2013 dobok, Ko\u00f3s-Hut\u00e1s \u00c1ron \u2013 trombita, \u00e9s \u00c9gerh\u00e1zi Attila \u2013 git\u00e1r alkotta Djabe \u00faj st\u00fadi\u00f3album\u00e1nak felv\u00e9telei. A lemez a Flow c\u00edmen 2018 m\u00e1jus 18-\u00e1n jelent meg CD-n. A vinyl kiad\u00e1s augusztus v\u00e9g\u00e9n, a surround kever\u00e9st tartalmaz\u00f3 DVD-Audio v\u00e1ltozat szeptember k\u00f6zep\u00e9n l\u00e1tott napvil\u00e1got. Ez a Djabe 2016-ban meg\u00fajult fel\u00e1ll\u00e1s\u00e1nak els\u0151 st\u00fadi\u00f3 albuma.\u00a0{:en}Recordings of the new Djabe studio album \u2013 featuring Tam\u00e1s Barab\u00e1s (bass guitar), J\u00e1nos Nagy (keyboards), P\u00e9ter Kasz\u00e1s (drums), \u00c1ron Ko\u00f3s Hut\u00e1s (trumpet), and Attila \u00c9gerh\u00e1zi (guitar) \u2013 began in January, 2018. Christened Flow, and released on May 22, 2018, on CD. The vinyl version arrived end of August and DVD-Audio, containing the surround mix, followed in September. Flowis the first studio album of Djabe, renewed in 2016.{:}","og_url":"https:\/\/djabe.hu\/uzlet\/flow-master-tape-2-track\/","og_site_name":"Djabe","article_modified_time":"2025-12-08T10:24:51+00:00","og_image":[{"width":1024,"height":768,"url":"https:\/\/djabe.hu\/wp-content\/uploads\/2018\/12\/flow_2track_master_szalag_cover_1-1024x768.png","type":"image\/png"}],"twitter_card":"summary_large_image","twitter_title":"Djabe: Flow Master Tape (2 track)","twitter_image":"https:\/\/djabe.hu\/wp-content\/uploads\/2018\/12\/flow_2track_master_szalag_cover_1.png","schema":{"@context":"https:\/\/schema.org","@graph":[{"@type":"WebPage","@id":"https:\/\/djabe.hu\/uzlet\/flow-master-tape-2-track\/","url":"https:\/\/djabe.hu\/uzlet\/flow-master-tape-2-track\/","name":"Djabe: Flow Master Tape (2 track) - Djabe","isPartOf":{"@id":"https:\/\/djabe.hu\/en\/#website"},"primaryImageOfPage":{"@id":"https:\/\/djabe.hu\/uzlet\/flow-master-tape-2-track\/#primaryimage"},"image":{"@id":"https:\/\/djabe.hu\/uzlet\/flow-master-tape-2-track\/#primaryimage"},"thumbnailUrl":"https:\/\/djabe.hu\/wp-content\/uploads\/2018\/12\/flow_2track_master_szalag_cover_1.png","datePublished":"2018-12-11T15:12:51+00:00","dateModified":"2025-12-08T10:24:51+00:00","description":"{:hu}2018. janu\u00e1rj\u00e1ban kezd\u0151dtek el a Barab\u00e1s Tam\u00e1s \u2013 basszusgit\u00e1r, Nagy J\u00e1nos- billenty\u0171s hangszerek, Kasz\u00e1s P\u00e9ter \u2013 dobok, Ko\u00f3s-Hut\u00e1s \u00c1ron \u2013 trombita, \u00e9s \u00c9gerh\u00e1zi Attila \u2013 git\u00e1r alkotta Djabe \u00faj st\u00fadi\u00f3album\u00e1nak felv\u00e9telei. A lemez a Flow c\u00edmen 2018 m\u00e1jus 18-\u00e1n jelent meg CD-n. A vinyl kiad\u00e1s augusztus v\u00e9g\u00e9n, a surround kever\u00e9st tartalmaz\u00f3 DVD-Audio v\u00e1ltozat szeptember k\u00f6zep\u00e9n l\u00e1tott napvil\u00e1got. Ez a Djabe 2016-ban meg\u00fajult fel\u00e1ll\u00e1s\u00e1nak els\u0151 st\u00fadi\u00f3 albuma.\u00a0{:en}Recordings of the new Djabe studio album \u2013 featuring Tam\u00e1s Barab\u00e1s (bass guitar), J\u00e1nos Nagy (keyboards), P\u00e9ter Kasz\u00e1s (drums), \u00c1ron Ko\u00f3s Hut\u00e1s (trumpet), and Attila \u00c9gerh\u00e1zi (guitar) \u2013 began in January, 2018. Christened Flow, and released on May 22, 2018, on CD. The vinyl version arrived end of August and DVD-Audio, containing the surround mix, followed in September. Flowis the first studio album of Djabe, renewed in 2016.{:}","breadcrumb":{"@id":"https:\/\/djabe.hu\/uzlet\/flow-master-tape-2-track\/#breadcrumb"},"inLanguage":"en-US","potentialAction":[{"@type":"ReadAction","target":["https:\/\/djabe.hu\/uzlet\/flow-master-tape-2-track\/"]}]},{"@type":"ImageObject","inLanguage":"en-US","@id":"https:\/\/djabe.hu\/uzlet\/flow-master-tape-2-track\/#primaryimage","url":"https:\/\/djabe.hu\/wp-content\/uploads\/2018\/12\/flow_2track_master_szalag_cover_1.png","contentUrl":"https:\/\/djabe.hu\/wp-content\/uploads\/2018\/12\/flow_2track_master_szalag_cover_1.png","width":2667,"height":2000,"caption":"Djabe: Flow Master Tape (2 track)"},{"@type":"BreadcrumbList","@id":"https:\/\/djabe.hu\/uzlet\/flow-master-tape-2-track\/#breadcrumb","itemListElement":[{"@type":"ListItem","position":1,"name":"Home","item":"https:\/\/djabe.hu\/en\/"},{"@type":"ListItem","position":2,"name":"\u00c1ruh\u00e1z","item":"https:\/\/djabe.hu\/uzlet\/"},{"@type":"ListItem","position":3,"name":"Djabe: Flow Master Tape (2 track)"}]},{"@type":"WebSite","@id":"https:\/\/djabe.hu\/en\/#website","url":"https:\/\/djabe.hu\/en\/","name":"Djabe","description":"Official site","potentialAction":[{"@type":"SearchAction","target":{"@type":"EntryPoint","urlTemplate":"https:\/\/djabe.hu\/en\/?s={search_term_string}"},"query-input":{"@type":"PropertyValueSpecification","valueRequired":true,"valueName":"search_term_string"}}],"inLanguage":"en-US"}]}},"jetpack_sharing_enabled":true,"_links":{"self":[{"href":"https:\/\/djabe.hu\/en\/wp-json\/wp\/v2\/product\/6423","targetHints":{"allow":["GET"]}}],"collection":[{"href":"https:\/\/djabe.hu\/en\/wp-json\/wp\/v2\/product"}],"about":[{"href":"https:\/\/djabe.hu\/en\/wp-json\/wp\/v2\/types\/product"}],"wp:featuredmedia":[{"embeddable":true,"href":"https:\/\/djabe.hu\/en\/wp-json\/wp\/v2\/media\/6425"}],"wp:attachment":[{"href":"https:\/\/djabe.hu\/en\/wp-json\/wp\/v2\/media?parent=6423"}],"wp:term":[{"taxonomy":"product_brand","embeddable":true,"href":"https:\/\/djabe.hu\/en\/wp-json\/wp\/v2\/product_brand?post=6423"},{"taxonomy":"product_cat","embeddable":true,"href":"https:\/\/djabe.hu\/en\/wp-json\/wp\/v2\/product_cat?post=6423"},{"taxonomy":"product_tag","embeddable":true,"href":"https:\/\/djabe.hu\/en\/wp-json\/wp\/v2\/product_tag?post=6423"}],"curies":[{"name":"wp","href":"https:\/\/api.w.org\/{rel}","templated":true}]}}