{"id":6111,"date":"2018-08-21T16:01:00","date_gmt":"2018-08-21T15:01:00","guid":{"rendered":"http:\/\/djabe.hu\/?post_type=product&#038;p=6111"},"modified":"2026-04-09T08:20:32","modified_gmt":"2026-04-09T07:20:32","slug":"djabe-steve-hackett-life-is-a-journey-the-budapest-live-tapes-lp","status":"publish","type":"product","link":"https:\/\/djabe.hu\/en\/uzlet\/djabe-steve-hackett-life-is-a-journey-the-budapest-live-tapes-lp\/","title":{"rendered":"Djabe &#038; Steve Hackett: Life Is A Journey \u2013 The Budapest Live Tapes LP"},"content":{"rendered":"<p><iframe loading=\"lazy\" title=\"Djabe and Steve Hackett Life Is A Journey - The Budapest Live Tapes Trailer\" width=\"900\" height=\"506\" src=\"https:\/\/www.youtube.com\/embed\/eDGpUvSf1RM?feature=oembed\" frameborder=\"0\" allow=\"accelerometer; autoplay; clipboard-write; encrypted-media; gyroscope; picture-in-picture; web-share\" referrerpolicy=\"strict-origin-when-cross-origin\" allowfullscreen><\/iframe><\/p>\n","protected":false},"excerpt":{"rendered":"<p><span style=\"color: #ffffff;\">This Djabe 180 gr Solid Gold LP contains the live concert recordings of the 2017 Steve Hackett &amp; Djabe gig in Budapest. Held at the MOMkult Music Hall, the gig celebrated the release of Life Is A Journey \u2013 The Sardinia Tapes. The performance included tracks from the new album, with classics from Djabe, Steve Hackett and Genesis, and was performed by all musicians who worked on Life Is A Journey: Steve Hackett (guitar), Gulli Briem (drums, percussion), Tam\u00e1s Barab\u00e1s (bass guitar, vocal), \u00c1ron Ko\u00f3s-Hut\u00e1s (trumpet), Attila \u00c9gerh\u00e1zi (guitar, percussion), and the two remaining band members of Djabe, not present on The Sardinia Tapes, J\u00e1nos Nagy (keyboards), P\u00e9ter Kasz\u00e1s (drums, vocal). <a href=\"http:\/\/djabe.hu\/en\/js_albums\/djabe-steve-hackett-life-is-a-journey-the-budapest-live-tapes-lp\"><span style=\"color: #6094c1;\">&gt;&gt;<\/span><\/a><br \/>\n<\/span><\/p>\n","protected":false},"featured_media":6108,"template":"","meta":[],"product_brand":[],"product_cat":[40,73],"product_tag":[],"class_list":{"0":"post-6111","1":"product","2":"type-product","3":"status-publish","4":"has-post-thumbnail","6":"product_cat-lp","7":"product_cat-steve-hackett","8":"repupress_customize_woocommerce_productom_class","10":"first","11":"instock","12":"shipping-taxable","13":"purchasable","14":"product-type-simple"},"yoast_head":"<!-- This site is optimized with the Yoast SEO plugin v27.4 - https:\/\/yoast.com\/product\/yoast-seo-wordpress\/ -->\n<title>Djabe &amp; Steve Hackett: Life Is A Journey \u2013 The Budapest Live Tapes LP - Djabe<\/title>\n<meta name=\"description\" content=\"ife Is A Journey recorded on the picturesque island of Sardinia, in July 2016. Done in a temporary built recording studio right next to the Nostra Signora di Tergu cathedral, improvisations inspired by the surrounding natural beauty and millennia-old culture took 3 days to record. Saved on 24-track analogue tapes, the material was worked out into a complete album by Tam\u00e1s Barab\u00e1s later on in Budapest, and released by Cherry Red.\" \/>\n<meta name=\"robots\" content=\"index, follow, max-snippet:-1, max-image-preview:large, max-video-preview:-1\" \/>\n<link rel=\"canonical\" href=\"https:\/\/djabe.hu\/uzlet\/djabe-steve-hackett-life-is-a-journey-the-budapest-live-tapes-lp\/\" \/>\n<meta property=\"og:locale\" content=\"en_US\" \/>\n<meta property=\"og:type\" content=\"article\" \/>\n<meta property=\"og:title\" content=\"Djabe &amp; Steve Hackett: Life Is A Journey \u2013 The Budapest Live Tapes LP\" \/>\n<meta property=\"og:description\" content=\"{:en}ife Is A Journey recorded on the picturesque island of Sardinia, in July 2016. Done in a temporary built recording studio right next to the Nostra Signora di Tergu cathedral, improvisations inspired by the surrounding natural beauty and millennia-old culture took 3 days to record. Saved on 24-track analogue tapes, the material was worked out into a complete album by Tam\u00e1s Barab\u00e1s later on in Budapest, and released by Cherry Red.{:}\" \/>\n<meta property=\"og:url\" content=\"https:\/\/djabe.hu\/uzlet\/djabe-steve-hackett-life-is-a-journey-the-budapest-live-tapes-lp\/\" \/>\n<meta property=\"og:site_name\" content=\"Djabe\" \/>\n<meta property=\"article:modified_time\" content=\"2026-04-09T07:20:32+00:00\" \/>\n<meta property=\"og:image\" content=\"https:\/\/djabe.hu\/wp-content\/uploads\/2018\/08\/Budapest_Tapes_vinyl_1.png\" \/>\n\t<meta property=\"og:image:width\" content=\"1300\" \/>\n\t<meta property=\"og:image:height\" content=\"975\" \/>\n\t<meta property=\"og:image:type\" content=\"image\/png\" \/>\n<meta name=\"twitter:card\" content=\"summary_large_image\" \/>\n<meta name=\"twitter:title\" content=\"Djabe &amp; Steve Hackett: Life Is A Journey \u2013 The Budapest Live Tapes LP\" \/>\n<meta name=\"twitter:image\" content=\"https:\/\/djabe.hu\/wp-content\/uploads\/2018\/08\/Budapest_Tapes_vinyl_1.png\" \/>\n<meta name=\"twitter:label1\" content=\"Est. reading time\" \/>\n\t<meta name=\"twitter:data1\" content=\"1 minute\" \/>\n<script type=\"application\/ld+json\" class=\"yoast-schema-graph\">{\"@context\":\"https:\\\/\\\/schema.org\",\"@graph\":[{\"@type\":\"WebPage\",\"@id\":\"https:\\\/\\\/djabe.hu\\\/uzlet\\\/djabe-steve-hackett-life-is-a-journey-the-budapest-live-tapes-lp\\\/\",\"url\":\"https:\\\/\\\/djabe.hu\\\/uzlet\\\/djabe-steve-hackett-life-is-a-journey-the-budapest-live-tapes-lp\\\/\",\"name\":\"Djabe & Steve Hackett: Life Is A Journey \u2013 The Budapest Live Tapes LP - Djabe\",\"isPartOf\":{\"@id\":\"https:\\\/\\\/djabe.hu\\\/en\\\/#website\"},\"primaryImageOfPage\":{\"@id\":\"https:\\\/\\\/djabe.hu\\\/uzlet\\\/djabe-steve-hackett-life-is-a-journey-the-budapest-live-tapes-lp\\\/#primaryimage\"},\"image\":{\"@id\":\"https:\\\/\\\/djabe.hu\\\/uzlet\\\/djabe-steve-hackett-life-is-a-journey-the-budapest-live-tapes-lp\\\/#primaryimage\"},\"thumbnailUrl\":\"https:\\\/\\\/djabe.hu\\\/wp-content\\\/uploads\\\/2018\\\/08\\\/Budapest_Tapes_vinyl_1.png\",\"datePublished\":\"2018-08-21T15:01:00+00:00\",\"dateModified\":\"2026-04-09T07:20:32+00:00\",\"description\":\"{:en}ife Is A Journey recorded on the picturesque island of Sardinia, in July 2016. Done in a temporary built recording studio right next to the Nostra Signora di Tergu cathedral, improvisations inspired by the surrounding natural beauty and millennia-old culture took 3 days to record. Saved on 24-track analogue tapes, the material was worked out into a complete album by Tam\u00e1s Barab\u00e1s later on in Budapest, and released by Cherry Red.{:}\",\"breadcrumb\":{\"@id\":\"https:\\\/\\\/djabe.hu\\\/uzlet\\\/djabe-steve-hackett-life-is-a-journey-the-budapest-live-tapes-lp\\\/#breadcrumb\"},\"inLanguage\":\"en-US\",\"potentialAction\":[{\"@type\":\"ReadAction\",\"target\":[\"https:\\\/\\\/djabe.hu\\\/uzlet\\\/djabe-steve-hackett-life-is-a-journey-the-budapest-live-tapes-lp\\\/\"]}]},{\"@type\":\"ImageObject\",\"inLanguage\":\"en-US\",\"@id\":\"https:\\\/\\\/djabe.hu\\\/uzlet\\\/djabe-steve-hackett-life-is-a-journey-the-budapest-live-tapes-lp\\\/#primaryimage\",\"url\":\"https:\\\/\\\/djabe.hu\\\/wp-content\\\/uploads\\\/2018\\\/08\\\/Budapest_Tapes_vinyl_1.png\",\"contentUrl\":\"https:\\\/\\\/djabe.hu\\\/wp-content\\\/uploads\\\/2018\\\/08\\\/Budapest_Tapes_vinyl_1.png\",\"width\":1300,\"height\":975,\"caption\":\"Djabe & Steve Hackett: Life Is A Journey \u2013 The Budapest Live Tapes LP\"},{\"@type\":\"BreadcrumbList\",\"@id\":\"https:\\\/\\\/djabe.hu\\\/uzlet\\\/djabe-steve-hackett-life-is-a-journey-the-budapest-live-tapes-lp\\\/#breadcrumb\",\"itemListElement\":[{\"@type\":\"ListItem\",\"position\":1,\"name\":\"Home\",\"item\":\"https:\\\/\\\/djabe.hu\\\/en\\\/\"},{\"@type\":\"ListItem\",\"position\":2,\"name\":\"\u00c1ruh\u00e1z\",\"item\":\"https:\\\/\\\/djabe.hu\\\/uzlet\\\/\"},{\"@type\":\"ListItem\",\"position\":3,\"name\":\"Djabe &#038; Steve Hackett: Life Is A Journey \u2013 The Budapest Live Tapes LP\"}]},{\"@type\":\"WebSite\",\"@id\":\"https:\\\/\\\/djabe.hu\\\/en\\\/#website\",\"url\":\"https:\\\/\\\/djabe.hu\\\/en\\\/\",\"name\":\"Djabe\",\"description\":\"Official site\",\"potentialAction\":[{\"@type\":\"SearchAction\",\"target\":{\"@type\":\"EntryPoint\",\"urlTemplate\":\"https:\\\/\\\/djabe.hu\\\/en\\\/?s={search_term_string}\"},\"query-input\":{\"@type\":\"PropertyValueSpecification\",\"valueRequired\":true,\"valueName\":\"search_term_string\"}}],\"inLanguage\":\"en-US\"}]}<\/script>\n<!-- \/ Yoast SEO plugin. -->","yoast_head_json":{"title":"Djabe & Steve Hackett: Life Is A Journey \u2013 The Budapest Live Tapes LP - Djabe","description":"ife Is A Journey recorded on the picturesque island of Sardinia, in July 2016. Done in a temporary built recording studio right next to the Nostra Signora di Tergu cathedral, improvisations inspired by the surrounding natural beauty and millennia-old culture took 3 days to record. Saved on 24-track analogue tapes, the material was worked out into a complete album by Tam\u00e1s Barab\u00e1s later on in Budapest, and released by Cherry Red.","robots":{"index":"index","follow":"follow","max-snippet":"max-snippet:-1","max-image-preview":"max-image-preview:large","max-video-preview":"max-video-preview:-1"},"canonical":"https:\/\/djabe.hu\/uzlet\/djabe-steve-hackett-life-is-a-journey-the-budapest-live-tapes-lp\/","og_locale":"en_US","og_type":"article","og_title":"Djabe & Steve Hackett: Life Is A Journey \u2013 The Budapest Live Tapes LP","og_description":"{:en}ife Is A Journey recorded on the picturesque island of Sardinia, in July 2016. Done in a temporary built recording studio right next to the Nostra Signora di Tergu cathedral, improvisations inspired by the surrounding natural beauty and millennia-old culture took 3 days to record. Saved on 24-track analogue tapes, the material was worked out into a complete album by Tam\u00e1s Barab\u00e1s later on in Budapest, and released by Cherry Red.{:}","og_url":"https:\/\/djabe.hu\/uzlet\/djabe-steve-hackett-life-is-a-journey-the-budapest-live-tapes-lp\/","og_site_name":"Djabe","article_modified_time":"2026-04-09T07:20:32+00:00","og_image":[{"width":1300,"height":975,"url":"https:\/\/djabe.hu\/wp-content\/uploads\/2018\/08\/Budapest_Tapes_vinyl_1.png","type":"image\/png"}],"twitter_card":"summary_large_image","twitter_title":"Djabe & Steve Hackett: Life Is A Journey \u2013 The Budapest Live Tapes LP","twitter_image":"https:\/\/djabe.hu\/wp-content\/uploads\/2018\/08\/Budapest_Tapes_vinyl_1.png","twitter_misc":{"Est. reading time":"1 minute"},"schema":{"@context":"https:\/\/schema.org","@graph":[{"@type":"WebPage","@id":"https:\/\/djabe.hu\/uzlet\/djabe-steve-hackett-life-is-a-journey-the-budapest-live-tapes-lp\/","url":"https:\/\/djabe.hu\/uzlet\/djabe-steve-hackett-life-is-a-journey-the-budapest-live-tapes-lp\/","name":"Djabe & Steve Hackett: Life Is A Journey \u2013 The Budapest Live Tapes LP - Djabe","isPartOf":{"@id":"https:\/\/djabe.hu\/en\/#website"},"primaryImageOfPage":{"@id":"https:\/\/djabe.hu\/uzlet\/djabe-steve-hackett-life-is-a-journey-the-budapest-live-tapes-lp\/#primaryimage"},"image":{"@id":"https:\/\/djabe.hu\/uzlet\/djabe-steve-hackett-life-is-a-journey-the-budapest-live-tapes-lp\/#primaryimage"},"thumbnailUrl":"https:\/\/djabe.hu\/wp-content\/uploads\/2018\/08\/Budapest_Tapes_vinyl_1.png","datePublished":"2018-08-21T15:01:00+00:00","dateModified":"2026-04-09T07:20:32+00:00","description":"{:en}ife Is A Journey recorded on the picturesque island of Sardinia, in July 2016. Done in a temporary built recording studio right next to the Nostra Signora di Tergu cathedral, improvisations inspired by the surrounding natural beauty and millennia-old culture took 3 days to record. Saved on 24-track analogue tapes, the material was worked out into a complete album by Tam\u00e1s Barab\u00e1s later on in Budapest, and released by Cherry Red.{:}","breadcrumb":{"@id":"https:\/\/djabe.hu\/uzlet\/djabe-steve-hackett-life-is-a-journey-the-budapest-live-tapes-lp\/#breadcrumb"},"inLanguage":"en-US","potentialAction":[{"@type":"ReadAction","target":["https:\/\/djabe.hu\/uzlet\/djabe-steve-hackett-life-is-a-journey-the-budapest-live-tapes-lp\/"]}]},{"@type":"ImageObject","inLanguage":"en-US","@id":"https:\/\/djabe.hu\/uzlet\/djabe-steve-hackett-life-is-a-journey-the-budapest-live-tapes-lp\/#primaryimage","url":"https:\/\/djabe.hu\/wp-content\/uploads\/2018\/08\/Budapest_Tapes_vinyl_1.png","contentUrl":"https:\/\/djabe.hu\/wp-content\/uploads\/2018\/08\/Budapest_Tapes_vinyl_1.png","width":1300,"height":975,"caption":"Djabe & Steve Hackett: Life Is A Journey \u2013 The Budapest Live Tapes LP"},{"@type":"BreadcrumbList","@id":"https:\/\/djabe.hu\/uzlet\/djabe-steve-hackett-life-is-a-journey-the-budapest-live-tapes-lp\/#breadcrumb","itemListElement":[{"@type":"ListItem","position":1,"name":"Home","item":"https:\/\/djabe.hu\/en\/"},{"@type":"ListItem","position":2,"name":"\u00c1ruh\u00e1z","item":"https:\/\/djabe.hu\/uzlet\/"},{"@type":"ListItem","position":3,"name":"Djabe &#038; Steve Hackett: Life Is A Journey \u2013 The Budapest Live Tapes LP"}]},{"@type":"WebSite","@id":"https:\/\/djabe.hu\/en\/#website","url":"https:\/\/djabe.hu\/en\/","name":"Djabe","description":"Official site","potentialAction":[{"@type":"SearchAction","target":{"@type":"EntryPoint","urlTemplate":"https:\/\/djabe.hu\/en\/?s={search_term_string}"},"query-input":{"@type":"PropertyValueSpecification","valueRequired":true,"valueName":"search_term_string"}}],"inLanguage":"en-US"}]}},"jetpack_sharing_enabled":true,"_links":{"self":[{"href":"https:\/\/djabe.hu\/en\/wp-json\/wp\/v2\/product\/6111","targetHints":{"allow":["GET"]}}],"collection":[{"href":"https:\/\/djabe.hu\/en\/wp-json\/wp\/v2\/product"}],"about":[{"href":"https:\/\/djabe.hu\/en\/wp-json\/wp\/v2\/types\/product"}],"wp:featuredmedia":[{"embeddable":true,"href":"https:\/\/djabe.hu\/en\/wp-json\/wp\/v2\/media\/6108"}],"wp:attachment":[{"href":"https:\/\/djabe.hu\/en\/wp-json\/wp\/v2\/media?parent=6111"}],"wp:term":[{"taxonomy":"product_brand","embeddable":true,"href":"https:\/\/djabe.hu\/en\/wp-json\/wp\/v2\/product_brand?post=6111"},{"taxonomy":"product_cat","embeddable":true,"href":"https:\/\/djabe.hu\/en\/wp-json\/wp\/v2\/product_cat?post=6111"},{"taxonomy":"product_tag","embeddable":true,"href":"https:\/\/djabe.hu\/en\/wp-json\/wp\/v2\/product_tag?post=6111"}],"curies":[{"name":"wp","href":"https:\/\/api.w.org\/{rel}","templated":true}]}}