{"id":6110,"date":"2018-08-21T15:51:33","date_gmt":"2018-08-21T14:51:33","guid":{"rendered":"http:\/\/djabe.hu\/?post_type=product&#038;p=6110"},"modified":"2024-10-09T13:50:42","modified_gmt":"2024-10-09T12:50:42","slug":"djabe-steve-hackett-life-is-a-journey-the-budapest-live-tapes-2cddvd","status":"publish","type":"product","link":"https:\/\/djabe.hu\/en\/uzlet\/djabe-steve-hackett-life-is-a-journey-the-budapest-live-tapes-2cddvd\/","title":{"rendered":"Djabe &#038; Steve Hackett: Life Is A Journey \u2013 The Budapest Live Tapes 2CD+DVD"},"content":{"rendered":"<p><iframe loading=\"lazy\" title=\"Djabe and Steve Hackett Life Is A Journey - The Budapest Live Tapes Trailer\" width=\"900\" height=\"506\" src=\"https:\/\/www.youtube.com\/embed\/eDGpUvSf1RM?feature=oembed\" frameborder=\"0\" allow=\"accelerometer; autoplay; clipboard-write; encrypted-media; gyroscope; picture-in-picture\" allowfullscreen><\/iframe><\/p>\n","protected":false},"excerpt":{"rendered":"<p><span style=\"color: #ffffff;\">This Djabe album contains the live concert recordings of the 2017 Steve Hackett &amp; Djabe gig in Budapest, available on CD and DVD. Held at the MOMkult Music Hall, the gig celebrated the release of Life Is A Journey \u2013 The Sardinia Tapes. The performance included tracks from the new album, with classics from Djabe, Steve Hackett and Genesis, and was performed by all musicians who worked on Life Is A Journey: Steve Hackett (guitar), Gulli Briem (drums, percussion), Tam\u00e1s Barab\u00e1s (bass guitar, vocal), \u00c1ron Ko\u00f3s-Hut\u00e1s (trumpet), Attila \u00c9gerh\u00e1zi (guitar, percussion), and the two remaining band members of Djabe, not present on The Sardinia Tapes, J\u00e1nos Nagy (keyboards), P\u00e9ter Kasz\u00e1s (drums, vocal). <a href=\"http:\/\/djabe.hu\/en\/js_albums\/djabe-steve-hackett-life-is-a-journey-the-budapest-live-tapes-2cddvd\/\"><span style=\"color: #6094c1;\">&gt;&gt;<\/span><\/a><br \/>\n<\/span><\/p>\n","protected":false},"featured_media":7757,"template":"","meta":[],"product_brand":[],"product_cat":[38,41,73],"product_tag":[],"class_list":{"0":"post-6110","1":"product","2":"type-product","3":"status-publish","4":"has-post-thumbnail","6":"product_cat-cd","7":"product_cat-dvd","8":"product_cat-steve-hackett","9":"repupress_customize_woocommerce_productom_class","11":"first","12":"instock","13":"shipping-taxable","14":"purchasable","15":"product-type-simple"},"yoast_head":"<!-- This site is optimized with the Yoast SEO plugin v27.2 - https:\/\/yoast.com\/product\/yoast-seo-wordpress\/ -->\n<title>Djabe &amp; Steve Hackett: Life Is A Journey \u2013 The Budapest Live Tapes 2CD+DVD - Djabe<\/title>\n<meta name=\"description\" content=\"This Djabe album contains the live concert recordings of the 2017 Steve Hackett &amp; Djabe gig in Budapest, available on CD and DVD. Held at the MOMkult Music Hall, the gig celebrated the release of Life Is A Journey \u2013 The Sardinia Tapes. The performance included tracks from the new album, with classics from Djabe, Steve Hackett and Genesis, and was performed by all musicians who worked on Life Is A Journey: Steve Hackett (guitar), Gulli Briem (drums, percussion), Tam\u00e1s Barab\u00e1s (bass guitar, vocal), \u00c1ron Ko\u00f3s-Hut\u00e1s (trumpet), Attila \u00c9gerh\u00e1zi (guitar, percussion), and the two remaining band members of Djabe, not present on The Sardinia Tapes, J\u00e1nos Nagy (keyboards), P\u00e9ter Kasz\u00e1s (drums, vocal).\" \/>\n<meta name=\"robots\" content=\"index, follow, max-snippet:-1, max-image-preview:large, max-video-preview:-1\" \/>\n<link rel=\"canonical\" href=\"https:\/\/djabe.hu\/uzlet\/djabe-steve-hackett-life-is-a-journey-the-budapest-live-tapes-2cddvd\/\" \/>\n<meta property=\"og:locale\" content=\"en_US\" \/>\n<meta property=\"og:type\" content=\"article\" \/>\n<meta property=\"og:title\" content=\"Djabe &amp; Steve Hackett: Life Is A Journey \u2013 The Budapest Live Tapes 2CD+DVD\" \/>\n<meta property=\"og:description\" content=\"{:en}This Djabe album contains the live concert recordings of the 2017 Steve Hackett &amp; Djabe gig in Budapest, available on CD and DVD. Held at the MOMkult Music Hall, the gig celebrated the release of Life Is A Journey \u2013 The Sardinia Tapes. The performance included tracks from the new album, with classics from Djabe, Steve Hackett and Genesis, and was performed by all musicians who worked on Life Is A Journey: Steve Hackett (guitar), Gulli Briem (drums, percussion), Tam\u00e1s Barab\u00e1s (bass guitar, vocal), \u00c1ron Ko\u00f3s-Hut\u00e1s (trumpet), Attila \u00c9gerh\u00e1zi (guitar, percussion), and the two remaining band members of Djabe, not present on The Sardinia Tapes, J\u00e1nos Nagy (keyboards), P\u00e9ter Kasz\u00e1s (drums, vocal).{:}\" \/>\n<meta property=\"og:url\" content=\"https:\/\/djabe.hu\/uzlet\/djabe-steve-hackett-life-is-a-journey-the-budapest-live-tapes-2cddvd\/\" \/>\n<meta property=\"og:site_name\" content=\"Djabe\" \/>\n<meta property=\"article:modified_time\" content=\"2024-10-09T12:50:42+00:00\" \/>\n<meta property=\"og:image\" content=\"https:\/\/djabe.hu\/wp-content\/uploads\/2018\/08\/Budapest_Tapes_2CD_DVD_2_SHOP-1024x1024.png\" \/>\n\t<meta property=\"og:image:width\" content=\"1024\" \/>\n\t<meta property=\"og:image:height\" content=\"1024\" \/>\n\t<meta property=\"og:image:type\" content=\"image\/png\" \/>\n<meta name=\"twitter:card\" content=\"summary_large_image\" \/>\n<meta name=\"twitter:title\" content=\"Djabe &amp; Steve Hackett: Life Is A Journey \u2013 The Budapest Live Tapes 2CD+DVD\" \/>\n<meta name=\"twitter:image\" content=\"https:\/\/djabe.hu\/wp-content\/uploads\/2018\/08\/Budapest_Tapes_2CD_DVD_2_SHOP.png\" \/>\n<script type=\"application\/ld+json\" class=\"yoast-schema-graph\">{\"@context\":\"https:\/\/schema.org\",\"@graph\":[{\"@type\":\"WebPage\",\"@id\":\"https:\/\/djabe.hu\/uzlet\/djabe-steve-hackett-life-is-a-journey-the-budapest-live-tapes-2cddvd\/\",\"url\":\"https:\/\/djabe.hu\/uzlet\/djabe-steve-hackett-life-is-a-journey-the-budapest-live-tapes-2cddvd\/\",\"name\":\"Djabe & Steve Hackett: Life Is A Journey \u2013 The Budapest Live Tapes 2CD+DVD - Djabe\",\"isPartOf\":{\"@id\":\"https:\/\/djabe.hu\/en\/#website\"},\"primaryImageOfPage\":{\"@id\":\"https:\/\/djabe.hu\/uzlet\/djabe-steve-hackett-life-is-a-journey-the-budapest-live-tapes-2cddvd\/#primaryimage\"},\"image\":{\"@id\":\"https:\/\/djabe.hu\/uzlet\/djabe-steve-hackett-life-is-a-journey-the-budapest-live-tapes-2cddvd\/#primaryimage\"},\"thumbnailUrl\":\"https:\/\/djabe.hu\/wp-content\/uploads\/2018\/08\/Budapest_Tapes_2CD_DVD_2_SHOP.png\",\"datePublished\":\"2018-08-21T14:51:33+00:00\",\"dateModified\":\"2024-10-09T12:50:42+00:00\",\"description\":\"{:en}This Djabe album contains the live concert recordings of the 2017 Steve Hackett & Djabe gig in Budapest, available on CD and DVD. Held at the MOMkult Music Hall, the gig celebrated the release of Life Is A Journey \u2013 The Sardinia Tapes. The performance included tracks from the new album, with classics from Djabe, Steve Hackett and Genesis, and was performed by all musicians who worked on Life Is A Journey: Steve Hackett (guitar), Gulli Briem (drums, percussion), Tam\u00e1s Barab\u00e1s (bass guitar, vocal), \u00c1ron Ko\u00f3s-Hut\u00e1s (trumpet), Attila \u00c9gerh\u00e1zi (guitar, percussion), and the two remaining band members of Djabe, not present on The Sardinia Tapes, J\u00e1nos Nagy (keyboards), P\u00e9ter Kasz\u00e1s (drums, vocal).{:}\",\"breadcrumb\":{\"@id\":\"https:\/\/djabe.hu\/uzlet\/djabe-steve-hackett-life-is-a-journey-the-budapest-live-tapes-2cddvd\/#breadcrumb\"},\"inLanguage\":\"en-US\",\"potentialAction\":[{\"@type\":\"ReadAction\",\"target\":[\"https:\/\/djabe.hu\/uzlet\/djabe-steve-hackett-life-is-a-journey-the-budapest-live-tapes-2cddvd\/\"]}]},{\"@type\":\"ImageObject\",\"inLanguage\":\"en-US\",\"@id\":\"https:\/\/djabe.hu\/uzlet\/djabe-steve-hackett-life-is-a-journey-the-budapest-live-tapes-2cddvd\/#primaryimage\",\"url\":\"https:\/\/djabe.hu\/wp-content\/uploads\/2018\/08\/Budapest_Tapes_2CD_DVD_2_SHOP.png\",\"contentUrl\":\"https:\/\/djabe.hu\/wp-content\/uploads\/2018\/08\/Budapest_Tapes_2CD_DVD_2_SHOP.png\",\"width\":1500,\"height\":1500,\"caption\":\"Djabe & Steve Hackett: Life Is A Journey \u2013 The Budapest Live Tapes 2CD+DVD\"},{\"@type\":\"BreadcrumbList\",\"@id\":\"https:\/\/djabe.hu\/uzlet\/djabe-steve-hackett-life-is-a-journey-the-budapest-live-tapes-2cddvd\/#breadcrumb\",\"itemListElement\":[{\"@type\":\"ListItem\",\"position\":1,\"name\":\"Home\",\"item\":\"https:\/\/djabe.hu\/en\/\"},{\"@type\":\"ListItem\",\"position\":2,\"name\":\"\u00c1ruh\u00e1z\",\"item\":\"https:\/\/djabe.hu\/uzlet\/\"},{\"@type\":\"ListItem\",\"position\":3,\"name\":\"Djabe &#038; Steve Hackett: Life Is A Journey \u2013 The Budapest Live Tapes 2CD+DVD\"}]},{\"@type\":\"WebSite\",\"@id\":\"https:\/\/djabe.hu\/en\/#website\",\"url\":\"https:\/\/djabe.hu\/en\/\",\"name\":\"Djabe\",\"description\":\"Official site\",\"potentialAction\":[{\"@type\":\"SearchAction\",\"target\":{\"@type\":\"EntryPoint\",\"urlTemplate\":\"https:\/\/djabe.hu\/en\/?s={search_term_string}\"},\"query-input\":{\"@type\":\"PropertyValueSpecification\",\"valueRequired\":true,\"valueName\":\"search_term_string\"}}],\"inLanguage\":\"en-US\"}]}<\/script>\n<!-- \/ Yoast SEO plugin. -->","yoast_head_json":{"title":"Djabe & Steve Hackett: Life Is A Journey \u2013 The Budapest Live Tapes 2CD+DVD - Djabe","description":"This Djabe album contains the live concert recordings of the 2017 Steve Hackett & Djabe gig in Budapest, available on CD and DVD. Held at the MOMkult Music Hall, the gig celebrated the release of Life Is A Journey \u2013 The Sardinia Tapes. The performance included tracks from the new album, with classics from Djabe, Steve Hackett and Genesis, and was performed by all musicians who worked on Life Is A Journey: Steve Hackett (guitar), Gulli Briem (drums, percussion), Tam\u00e1s Barab\u00e1s (bass guitar, vocal), \u00c1ron Ko\u00f3s-Hut\u00e1s (trumpet), Attila \u00c9gerh\u00e1zi (guitar, percussion), and the two remaining band members of Djabe, not present on The Sardinia Tapes, J\u00e1nos Nagy (keyboards), P\u00e9ter Kasz\u00e1s (drums, vocal).","robots":{"index":"index","follow":"follow","max-snippet":"max-snippet:-1","max-image-preview":"max-image-preview:large","max-video-preview":"max-video-preview:-1"},"canonical":"https:\/\/djabe.hu\/uzlet\/djabe-steve-hackett-life-is-a-journey-the-budapest-live-tapes-2cddvd\/","og_locale":"en_US","og_type":"article","og_title":"Djabe & Steve Hackett: Life Is A Journey \u2013 The Budapest Live Tapes 2CD+DVD","og_description":"{:en}This Djabe album contains the live concert recordings of the 2017 Steve Hackett & Djabe gig in Budapest, available on CD and DVD. Held at the MOMkult Music Hall, the gig celebrated the release of Life Is A Journey \u2013 The Sardinia Tapes. The performance included tracks from the new album, with classics from Djabe, Steve Hackett and Genesis, and was performed by all musicians who worked on Life Is A Journey: Steve Hackett (guitar), Gulli Briem (drums, percussion), Tam\u00e1s Barab\u00e1s (bass guitar, vocal), \u00c1ron Ko\u00f3s-Hut\u00e1s (trumpet), Attila \u00c9gerh\u00e1zi (guitar, percussion), and the two remaining band members of Djabe, not present on The Sardinia Tapes, J\u00e1nos Nagy (keyboards), P\u00e9ter Kasz\u00e1s (drums, vocal).{:}","og_url":"https:\/\/djabe.hu\/uzlet\/djabe-steve-hackett-life-is-a-journey-the-budapest-live-tapes-2cddvd\/","og_site_name":"Djabe","article_modified_time":"2024-10-09T12:50:42+00:00","og_image":[{"width":1024,"height":1024,"url":"https:\/\/djabe.hu\/wp-content\/uploads\/2018\/08\/Budapest_Tapes_2CD_DVD_2_SHOP-1024x1024.png","type":"image\/png"}],"twitter_card":"summary_large_image","twitter_title":"Djabe & Steve Hackett: Life Is A Journey \u2013 The Budapest Live Tapes 2CD+DVD","twitter_image":"https:\/\/djabe.hu\/wp-content\/uploads\/2018\/08\/Budapest_Tapes_2CD_DVD_2_SHOP.png","schema":{"@context":"https:\/\/schema.org","@graph":[{"@type":"WebPage","@id":"https:\/\/djabe.hu\/uzlet\/djabe-steve-hackett-life-is-a-journey-the-budapest-live-tapes-2cddvd\/","url":"https:\/\/djabe.hu\/uzlet\/djabe-steve-hackett-life-is-a-journey-the-budapest-live-tapes-2cddvd\/","name":"Djabe & Steve Hackett: Life Is A Journey \u2013 The Budapest Live Tapes 2CD+DVD - Djabe","isPartOf":{"@id":"https:\/\/djabe.hu\/en\/#website"},"primaryImageOfPage":{"@id":"https:\/\/djabe.hu\/uzlet\/djabe-steve-hackett-life-is-a-journey-the-budapest-live-tapes-2cddvd\/#primaryimage"},"image":{"@id":"https:\/\/djabe.hu\/uzlet\/djabe-steve-hackett-life-is-a-journey-the-budapest-live-tapes-2cddvd\/#primaryimage"},"thumbnailUrl":"https:\/\/djabe.hu\/wp-content\/uploads\/2018\/08\/Budapest_Tapes_2CD_DVD_2_SHOP.png","datePublished":"2018-08-21T14:51:33+00:00","dateModified":"2024-10-09T12:50:42+00:00","description":"{:en}This Djabe album contains the live concert recordings of the 2017 Steve Hackett & Djabe gig in Budapest, available on CD and DVD. Held at the MOMkult Music Hall, the gig celebrated the release of Life Is A Journey \u2013 The Sardinia Tapes. The performance included tracks from the new album, with classics from Djabe, Steve Hackett and Genesis, and was performed by all musicians who worked on Life Is A Journey: Steve Hackett (guitar), Gulli Briem (drums, percussion), Tam\u00e1s Barab\u00e1s (bass guitar, vocal), \u00c1ron Ko\u00f3s-Hut\u00e1s (trumpet), Attila \u00c9gerh\u00e1zi (guitar, percussion), and the two remaining band members of Djabe, not present on The Sardinia Tapes, J\u00e1nos Nagy (keyboards), P\u00e9ter Kasz\u00e1s (drums, vocal).{:}","breadcrumb":{"@id":"https:\/\/djabe.hu\/uzlet\/djabe-steve-hackett-life-is-a-journey-the-budapest-live-tapes-2cddvd\/#breadcrumb"},"inLanguage":"en-US","potentialAction":[{"@type":"ReadAction","target":["https:\/\/djabe.hu\/uzlet\/djabe-steve-hackett-life-is-a-journey-the-budapest-live-tapes-2cddvd\/"]}]},{"@type":"ImageObject","inLanguage":"en-US","@id":"https:\/\/djabe.hu\/uzlet\/djabe-steve-hackett-life-is-a-journey-the-budapest-live-tapes-2cddvd\/#primaryimage","url":"https:\/\/djabe.hu\/wp-content\/uploads\/2018\/08\/Budapest_Tapes_2CD_DVD_2_SHOP.png","contentUrl":"https:\/\/djabe.hu\/wp-content\/uploads\/2018\/08\/Budapest_Tapes_2CD_DVD_2_SHOP.png","width":1500,"height":1500,"caption":"Djabe & Steve Hackett: Life Is A Journey \u2013 The Budapest Live Tapes 2CD+DVD"},{"@type":"BreadcrumbList","@id":"https:\/\/djabe.hu\/uzlet\/djabe-steve-hackett-life-is-a-journey-the-budapest-live-tapes-2cddvd\/#breadcrumb","itemListElement":[{"@type":"ListItem","position":1,"name":"Home","item":"https:\/\/djabe.hu\/en\/"},{"@type":"ListItem","position":2,"name":"\u00c1ruh\u00e1z","item":"https:\/\/djabe.hu\/uzlet\/"},{"@type":"ListItem","position":3,"name":"Djabe &#038; Steve Hackett: Life Is A Journey \u2013 The Budapest Live Tapes 2CD+DVD"}]},{"@type":"WebSite","@id":"https:\/\/djabe.hu\/en\/#website","url":"https:\/\/djabe.hu\/en\/","name":"Djabe","description":"Official site","potentialAction":[{"@type":"SearchAction","target":{"@type":"EntryPoint","urlTemplate":"https:\/\/djabe.hu\/en\/?s={search_term_string}"},"query-input":{"@type":"PropertyValueSpecification","valueRequired":true,"valueName":"search_term_string"}}],"inLanguage":"en-US"}]}},"jetpack_sharing_enabled":true,"_links":{"self":[{"href":"https:\/\/djabe.hu\/en\/wp-json\/wp\/v2\/product\/6110","targetHints":{"allow":["GET"]}}],"collection":[{"href":"https:\/\/djabe.hu\/en\/wp-json\/wp\/v2\/product"}],"about":[{"href":"https:\/\/djabe.hu\/en\/wp-json\/wp\/v2\/types\/product"}],"wp:featuredmedia":[{"embeddable":true,"href":"https:\/\/djabe.hu\/en\/wp-json\/wp\/v2\/media\/7757"}],"wp:attachment":[{"href":"https:\/\/djabe.hu\/en\/wp-json\/wp\/v2\/media?parent=6110"}],"wp:term":[{"taxonomy":"product_brand","embeddable":true,"href":"https:\/\/djabe.hu\/en\/wp-json\/wp\/v2\/product_brand?post=6110"},{"taxonomy":"product_cat","embeddable":true,"href":"https:\/\/djabe.hu\/en\/wp-json\/wp\/v2\/product_cat?post=6110"},{"taxonomy":"product_tag","embeddable":true,"href":"https:\/\/djabe.hu\/en\/wp-json\/wp\/v2\/product_tag?post=6110"}],"curies":[{"name":"wp","href":"https:\/\/api.w.org\/{rel}","templated":true}]}}