{"id":5843,"date":"2018-07-31T09:25:25","date_gmt":"2018-07-31T08:25:25","guid":{"rendered":"http:\/\/djabe.hu\/?post_type=product&#038;p=5843"},"modified":"2024-10-09T13:51:36","modified_gmt":"2024-10-09T12:51:36","slug":"flow-lp","status":"publish","type":"product","link":"https:\/\/djabe.hu\/en\/uzlet\/flow-lp\/","title":{"rendered":"Djabe: Flow LP"},"content":{"rendered":"<p><iframe loading=\"lazy\" title=\"Djabe: Bubble Dreams\" width=\"900\" height=\"506\" src=\"https:\/\/www.youtube.com\/embed\/Ypb-Uef25bQ?feature=oembed\" frameborder=\"0\" allow=\"accelerometer; autoplay; clipboard-write; encrypted-media; gyroscope; picture-in-picture\" allowfullscreen><\/iframe><\/p>\n","protected":false},"excerpt":{"rendered":"<p>Cut from analogue master tapes and pressed in Europe\u2019s best record plant at Record Industry.<br \/>\nRecordings of the 2018 Djabe studio album \u2013 featuring Tam\u00e1s Barab\u00e1s (bass guitar), J\u00e1nos Nagy (keyboards), P\u00e9ter Kasz\u00e1s (drums), \u00c1ron Ko\u00f3s Hut\u00e1s (trumpet), and Attila \u00c9gerh\u00e1zi (guitar) \u2013 began in January, 2018. Christened Flow, and released August, 2018.<\/p>\n<p>The album was nominated as the best jazz records of the year in Hungary 2019.<\/p>\n<p><span style=\"color: #ffffff;\">\u00a0<a href=\"http:\/\/djabe.hu\/en\/js_albums\/flow-lp\/\"><span style=\"color: #99ccff;\">&gt;&gt;<\/span><\/a><\/span><\/p>\n","protected":false},"featured_media":5835,"template":"","meta":[],"product_brand":[],"product_cat":[40],"product_tag":[],"class_list":{"0":"post-5843","1":"product","2":"type-product","3":"status-publish","4":"has-post-thumbnail","6":"product_cat-lp","7":"repupress_customize_woocommerce_productom_class","9":"first","10":"instock","11":"shipping-taxable","12":"purchasable","13":"product-type-simple"},"yoast_head":"<!-- This site is optimized with the Yoast SEO plugin v27.2 - https:\/\/yoast.com\/product\/yoast-seo-wordpress\/ -->\n<title>Djabe: Flow LP - Djabe<\/title>\n<meta name=\"description\" content=\"Cut from analogue master tapes and pressed in Europe\u2019s best record plant at Record Industry.Recordings of the 2018 Djabe studio album \u2013 featuring Tam\u00e1s Barab\u00e1s (bass guitar), J\u00e1nos Nagy (keyboards), P\u00e9ter Kasz\u00e1s (drums), \u00c1ron Ko\u00f3s Hut\u00e1s (trumpet), and Attila \u00c9gerh\u00e1zi (guitar) \u2013 began in January, 2018. Christened Flow, and released August, 2018.The album was nominated as the best jazz records of the year in Hungary 2019.\" \/>\n<meta name=\"robots\" content=\"index, follow, max-snippet:-1, max-image-preview:large, max-video-preview:-1\" \/>\n<link rel=\"canonical\" href=\"https:\/\/djabe.hu\/uzlet\/flow-lp\/\" \/>\n<meta property=\"og:locale\" content=\"en_US\" \/>\n<meta property=\"og:type\" content=\"article\" \/>\n<meta property=\"og:title\" content=\"Djabe: Flow LP\" \/>\n<meta property=\"og:description\" content=\"{:en}Cut from analogue master tapes and pressed in Europe\u2019s best record plant at Record Industry.Recordings of the 2018 Djabe studio album \u2013 featuring Tam\u00e1s Barab\u00e1s (bass guitar), J\u00e1nos Nagy (keyboards), P\u00e9ter Kasz\u00e1s (drums), \u00c1ron Ko\u00f3s Hut\u00e1s (trumpet), and Attila \u00c9gerh\u00e1zi (guitar) \u2013 began in January, 2018. Christened Flow, and released August, 2018.The album was nominated as the best jazz records of the year in Hungary 2019.{:}\" \/>\n<meta property=\"og:url\" content=\"https:\/\/djabe.hu\/uzlet\/flow-lp\/\" \/>\n<meta property=\"og:site_name\" content=\"Djabe\" \/>\n<meta property=\"article:modified_time\" content=\"2024-10-09T12:51:36+00:00\" \/>\n<meta property=\"og:image\" content=\"https:\/\/djabe.hu\/wp-content\/uploads\/2018\/07\/Djabe-Flow-LP-1.png\" \/>\n\t<meta property=\"og:image:width\" content=\"975\" \/>\n\t<meta property=\"og:image:height\" content=\"975\" \/>\n\t<meta property=\"og:image:type\" content=\"image\/png\" \/>\n<meta name=\"twitter:card\" content=\"summary_large_image\" \/>\n<meta name=\"twitter:title\" content=\"Djabe: Flow LP\" \/>\n<meta name=\"twitter:image\" content=\"https:\/\/djabe.hu\/wp-content\/uploads\/2018\/07\/Djabe-Flow-LP-1.png\" \/>\n<script type=\"application\/ld+json\" class=\"yoast-schema-graph\">{\"@context\":\"https:\/\/schema.org\",\"@graph\":[{\"@type\":\"WebPage\",\"@id\":\"https:\/\/djabe.hu\/uzlet\/flow-lp\/\",\"url\":\"https:\/\/djabe.hu\/uzlet\/flow-lp\/\",\"name\":\"Djabe: Flow LP - Djabe\",\"isPartOf\":{\"@id\":\"https:\/\/djabe.hu\/en\/#website\"},\"primaryImageOfPage\":{\"@id\":\"https:\/\/djabe.hu\/uzlet\/flow-lp\/#primaryimage\"},\"image\":{\"@id\":\"https:\/\/djabe.hu\/uzlet\/flow-lp\/#primaryimage\"},\"thumbnailUrl\":\"https:\/\/djabe.hu\/wp-content\/uploads\/2018\/07\/Djabe-Flow-LP-1.png\",\"datePublished\":\"2018-07-31T08:25:25+00:00\",\"dateModified\":\"2024-10-09T12:51:36+00:00\",\"description\":\"{:en}Cut from analogue master tapes and pressed in Europe\u2019s best record plant at Record Industry.Recordings of the 2018 Djabe studio album \u2013 featuring Tam\u00e1s Barab\u00e1s (bass guitar), J\u00e1nos Nagy (keyboards), P\u00e9ter Kasz\u00e1s (drums), \u00c1ron Ko\u00f3s Hut\u00e1s (trumpet), and Attila \u00c9gerh\u00e1zi (guitar) \u2013 began in January, 2018. Christened Flow, and released August, 2018.The album was nominated as the best jazz records of the year in Hungary 2019.{:}\",\"breadcrumb\":{\"@id\":\"https:\/\/djabe.hu\/uzlet\/flow-lp\/#breadcrumb\"},\"inLanguage\":\"en-US\",\"potentialAction\":[{\"@type\":\"ReadAction\",\"target\":[\"https:\/\/djabe.hu\/uzlet\/flow-lp\/\"]}]},{\"@type\":\"ImageObject\",\"inLanguage\":\"en-US\",\"@id\":\"https:\/\/djabe.hu\/uzlet\/flow-lp\/#primaryimage\",\"url\":\"https:\/\/djabe.hu\/wp-content\/uploads\/2018\/07\/Djabe-Flow-LP-1.png\",\"contentUrl\":\"https:\/\/djabe.hu\/wp-content\/uploads\/2018\/07\/Djabe-Flow-LP-1.png\",\"width\":975,\"height\":975,\"caption\":\"Djabe: Flow LP\"},{\"@type\":\"BreadcrumbList\",\"@id\":\"https:\/\/djabe.hu\/uzlet\/flow-lp\/#breadcrumb\",\"itemListElement\":[{\"@type\":\"ListItem\",\"position\":1,\"name\":\"Home\",\"item\":\"https:\/\/djabe.hu\/en\/\"},{\"@type\":\"ListItem\",\"position\":2,\"name\":\"\u00c1ruh\u00e1z\",\"item\":\"https:\/\/djabe.hu\/uzlet\/\"},{\"@type\":\"ListItem\",\"position\":3,\"name\":\"Djabe: Flow LP\"}]},{\"@type\":\"WebSite\",\"@id\":\"https:\/\/djabe.hu\/en\/#website\",\"url\":\"https:\/\/djabe.hu\/en\/\",\"name\":\"Djabe\",\"description\":\"Official site\",\"potentialAction\":[{\"@type\":\"SearchAction\",\"target\":{\"@type\":\"EntryPoint\",\"urlTemplate\":\"https:\/\/djabe.hu\/en\/?s={search_term_string}\"},\"query-input\":{\"@type\":\"PropertyValueSpecification\",\"valueRequired\":true,\"valueName\":\"search_term_string\"}}],\"inLanguage\":\"en-US\"}]}<\/script>\n<!-- \/ Yoast SEO plugin. -->","yoast_head_json":{"title":"Djabe: Flow LP - Djabe","description":"Cut from analogue master tapes and pressed in Europe\u2019s best record plant at Record Industry.Recordings of the 2018 Djabe studio album \u2013 featuring Tam\u00e1s Barab\u00e1s (bass guitar), J\u00e1nos Nagy (keyboards), P\u00e9ter Kasz\u00e1s (drums), \u00c1ron Ko\u00f3s Hut\u00e1s (trumpet), and Attila \u00c9gerh\u00e1zi (guitar) \u2013 began in January, 2018. Christened Flow, and released August, 2018.The album was nominated as the best jazz records of the year in Hungary 2019.","robots":{"index":"index","follow":"follow","max-snippet":"max-snippet:-1","max-image-preview":"max-image-preview:large","max-video-preview":"max-video-preview:-1"},"canonical":"https:\/\/djabe.hu\/uzlet\/flow-lp\/","og_locale":"en_US","og_type":"article","og_title":"Djabe: Flow LP","og_description":"{:en}Cut from analogue master tapes and pressed in Europe\u2019s best record plant at Record Industry.Recordings of the 2018 Djabe studio album \u2013 featuring Tam\u00e1s Barab\u00e1s (bass guitar), J\u00e1nos Nagy (keyboards), P\u00e9ter Kasz\u00e1s (drums), \u00c1ron Ko\u00f3s Hut\u00e1s (trumpet), and Attila \u00c9gerh\u00e1zi (guitar) \u2013 began in January, 2018. Christened Flow, and released August, 2018.The album was nominated as the best jazz records of the year in Hungary 2019.{:}","og_url":"https:\/\/djabe.hu\/uzlet\/flow-lp\/","og_site_name":"Djabe","article_modified_time":"2024-10-09T12:51:36+00:00","og_image":[{"width":975,"height":975,"url":"https:\/\/djabe.hu\/wp-content\/uploads\/2018\/07\/Djabe-Flow-LP-1.png","type":"image\/png"}],"twitter_card":"summary_large_image","twitter_title":"Djabe: Flow LP","twitter_image":"https:\/\/djabe.hu\/wp-content\/uploads\/2018\/07\/Djabe-Flow-LP-1.png","schema":{"@context":"https:\/\/schema.org","@graph":[{"@type":"WebPage","@id":"https:\/\/djabe.hu\/uzlet\/flow-lp\/","url":"https:\/\/djabe.hu\/uzlet\/flow-lp\/","name":"Djabe: Flow LP - Djabe","isPartOf":{"@id":"https:\/\/djabe.hu\/en\/#website"},"primaryImageOfPage":{"@id":"https:\/\/djabe.hu\/uzlet\/flow-lp\/#primaryimage"},"image":{"@id":"https:\/\/djabe.hu\/uzlet\/flow-lp\/#primaryimage"},"thumbnailUrl":"https:\/\/djabe.hu\/wp-content\/uploads\/2018\/07\/Djabe-Flow-LP-1.png","datePublished":"2018-07-31T08:25:25+00:00","dateModified":"2024-10-09T12:51:36+00:00","description":"{:en}Cut from analogue master tapes and pressed in Europe\u2019s best record plant at Record Industry.Recordings of the 2018 Djabe studio album \u2013 featuring Tam\u00e1s Barab\u00e1s (bass guitar), J\u00e1nos Nagy (keyboards), P\u00e9ter Kasz\u00e1s (drums), \u00c1ron Ko\u00f3s Hut\u00e1s (trumpet), and Attila \u00c9gerh\u00e1zi (guitar) \u2013 began in January, 2018. Christened Flow, and released August, 2018.The album was nominated as the best jazz records of the year in Hungary 2019.{:}","breadcrumb":{"@id":"https:\/\/djabe.hu\/uzlet\/flow-lp\/#breadcrumb"},"inLanguage":"en-US","potentialAction":[{"@type":"ReadAction","target":["https:\/\/djabe.hu\/uzlet\/flow-lp\/"]}]},{"@type":"ImageObject","inLanguage":"en-US","@id":"https:\/\/djabe.hu\/uzlet\/flow-lp\/#primaryimage","url":"https:\/\/djabe.hu\/wp-content\/uploads\/2018\/07\/Djabe-Flow-LP-1.png","contentUrl":"https:\/\/djabe.hu\/wp-content\/uploads\/2018\/07\/Djabe-Flow-LP-1.png","width":975,"height":975,"caption":"Djabe: Flow LP"},{"@type":"BreadcrumbList","@id":"https:\/\/djabe.hu\/uzlet\/flow-lp\/#breadcrumb","itemListElement":[{"@type":"ListItem","position":1,"name":"Home","item":"https:\/\/djabe.hu\/en\/"},{"@type":"ListItem","position":2,"name":"\u00c1ruh\u00e1z","item":"https:\/\/djabe.hu\/uzlet\/"},{"@type":"ListItem","position":3,"name":"Djabe: Flow LP"}]},{"@type":"WebSite","@id":"https:\/\/djabe.hu\/en\/#website","url":"https:\/\/djabe.hu\/en\/","name":"Djabe","description":"Official site","potentialAction":[{"@type":"SearchAction","target":{"@type":"EntryPoint","urlTemplate":"https:\/\/djabe.hu\/en\/?s={search_term_string}"},"query-input":{"@type":"PropertyValueSpecification","valueRequired":true,"valueName":"search_term_string"}}],"inLanguage":"en-US"}]}},"jetpack_sharing_enabled":true,"_links":{"self":[{"href":"https:\/\/djabe.hu\/en\/wp-json\/wp\/v2\/product\/5843","targetHints":{"allow":["GET"]}}],"collection":[{"href":"https:\/\/djabe.hu\/en\/wp-json\/wp\/v2\/product"}],"about":[{"href":"https:\/\/djabe.hu\/en\/wp-json\/wp\/v2\/types\/product"}],"wp:featuredmedia":[{"embeddable":true,"href":"https:\/\/djabe.hu\/en\/wp-json\/wp\/v2\/media\/5835"}],"wp:attachment":[{"href":"https:\/\/djabe.hu\/en\/wp-json\/wp\/v2\/media?parent=5843"}],"wp:term":[{"taxonomy":"product_brand","embeddable":true,"href":"https:\/\/djabe.hu\/en\/wp-json\/wp\/v2\/product_brand?post=5843"},{"taxonomy":"product_cat","embeddable":true,"href":"https:\/\/djabe.hu\/en\/wp-json\/wp\/v2\/product_cat?post=5843"},{"taxonomy":"product_tag","embeddable":true,"href":"https:\/\/djabe.hu\/en\/wp-json\/wp\/v2\/product_tag?post=5843"}],"curies":[{"name":"wp","href":"https:\/\/api.w.org\/{rel}","templated":true}]}}