{"id":5838,"date":"2018-07-30T15:15:37","date_gmt":"2018-07-30T14:15:37","guid":{"rendered":"http:\/\/djabe.hu\/?post_type=product&#038;p=5838"},"modified":"2024-04-08T11:15:12","modified_gmt":"2024-04-08T10:15:12","slug":"flow-dvd-audio","status":"publish","type":"product","link":"https:\/\/djabe.hu\/en\/uzlet\/flow-dvd-audio\/","title":{"rendered":"Djabe: Flow DVD-Audio"},"content":{"rendered":"<p><iframe loading=\"lazy\" title=\"Djabe: Return To Somewhere\" width=\"900\" height=\"506\" src=\"https:\/\/www.youtube.com\/embed\/An8tcUbyyp8?feature=oembed\" frameborder=\"0\" allow=\"accelerometer; autoplay; clipboard-write; encrypted-media; gyroscope; picture-in-picture\" allowfullscreen><\/iframe><\/p>\n","protected":false},"excerpt":{"rendered":"<p><span lang=\"EN-US\" style=\"color: #ffffff;\">Recordings of the Flow studio album \u2013 featuring Tam\u00e1s Barab\u00e1s (bass guitar), J\u00e1nos Nagy (keyboards), P\u00e9ter Kasz\u00e1s (drums), \u00c1ron Ko\u00f3s Hut\u00e1s (trumpet), and Attila \u00c9gerh\u00e1zi (guitar) \u2013 began in January, 2018. Christened <i>Flow<\/i>, and released in 2018 May on CD, LP, master tapes and DVD-Audio. The album was nominated for the best Jazz album of the Year in 2019 Hungary. <span style=\"color: #99ccff;\"><a style=\"color: #99ccff;\" href=\"http:\/\/djabe.hu\/en\/js_albums\/flow-dvd-audio-dvd-video\/\">&gt;&gt;<\/a><\/span><\/span><\/p>\n","protected":false},"featured_media":5834,"template":"","meta":[],"product_brand":[],"product_cat":[41,46],"product_tag":[],"class_list":{"0":"post-5838","1":"product","2":"type-product","3":"status-publish","4":"has-post-thumbnail","6":"product_cat-dvd","7":"product_cat-dvd-audio","8":"repupress_customize_woocommerce_productom_class","10":"first","11":"instock","12":"shipping-taxable","13":"purchasable","14":"product-type-simple"},"yoast_head":"<!-- This site is optimized with the Yoast SEO plugin v27.2 - https:\/\/yoast.com\/product\/yoast-seo-wordpress\/ -->\n<title>Djabe: Flow DVD-Audio - Djabe<\/title>\n<meta name=\"description\" content=\"Recordings of the Flow studio album \u2013 featuring Tam\u00e1s Barab\u00e1s (bass guitar), J\u00e1nos Nagy (keyboards), P\u00e9ter Kasz\u00e1s (drums), \u00c1ron Ko\u00f3s Hut\u00e1s (trumpet), and Attila \u00c9gerh\u00e1zi (guitar) \u2013 began in January, 2018. Christened Flow, and released in 2018 May on CD, LP, master tapes and DVD-Audio. The album was nominated for the best Jazz album of the Year in 2019 Hungary\" \/>\n<meta name=\"robots\" content=\"index, follow, max-snippet:-1, max-image-preview:large, max-video-preview:-1\" \/>\n<link rel=\"canonical\" href=\"https:\/\/djabe.hu\/uzlet\/flow-dvd-audio\/\" \/>\n<meta property=\"og:locale\" content=\"en_US\" \/>\n<meta property=\"og:type\" content=\"article\" \/>\n<meta property=\"og:title\" content=\"Djabe: Flow DVD-Audio\" \/>\n<meta property=\"og:description\" content=\"{:en}Recordings of the Flow studio album \u2013 featuring Tam\u00e1s Barab\u00e1s (bass guitar), J\u00e1nos Nagy (keyboards), P\u00e9ter Kasz\u00e1s (drums), \u00c1ron Ko\u00f3s Hut\u00e1s (trumpet), and Attila \u00c9gerh\u00e1zi (guitar) \u2013 began in January, 2018. Christened Flow, and released in 2018 May on CD, LP, master tapes and DVD-Audio. The album was nominated for the best Jazz album of the Year in 2019 Hungary{:}\" \/>\n<meta property=\"og:url\" content=\"https:\/\/djabe.hu\/uzlet\/flow-dvd-audio\/\" \/>\n<meta property=\"og:site_name\" content=\"Djabe\" \/>\n<meta property=\"article:modified_time\" content=\"2024-04-08T10:15:12+00:00\" \/>\n<meta property=\"og:image\" content=\"https:\/\/djabe.hu\/wp-content\/uploads\/2018\/07\/Djabe-Flow-DVD-1.png\" \/>\n\t<meta property=\"og:image:width\" content=\"975\" \/>\n\t<meta property=\"og:image:height\" content=\"975\" \/>\n\t<meta property=\"og:image:type\" content=\"image\/png\" \/>\n<meta name=\"twitter:card\" content=\"summary_large_image\" \/>\n<meta name=\"twitter:title\" content=\"Djabe: Flow DVD-Audio\" \/>\n<meta name=\"twitter:image\" content=\"https:\/\/djabe.hu\/wp-content\/uploads\/2018\/07\/Djabe-Flow-DVD-1.png\" \/>\n<script type=\"application\/ld+json\" class=\"yoast-schema-graph\">{\"@context\":\"https:\/\/schema.org\",\"@graph\":[{\"@type\":\"WebPage\",\"@id\":\"https:\/\/djabe.hu\/uzlet\/flow-dvd-audio\/\",\"url\":\"https:\/\/djabe.hu\/uzlet\/flow-dvd-audio\/\",\"name\":\"Djabe: Flow DVD-Audio - Djabe\",\"isPartOf\":{\"@id\":\"https:\/\/djabe.hu\/en\/#website\"},\"primaryImageOfPage\":{\"@id\":\"https:\/\/djabe.hu\/uzlet\/flow-dvd-audio\/#primaryimage\"},\"image\":{\"@id\":\"https:\/\/djabe.hu\/uzlet\/flow-dvd-audio\/#primaryimage\"},\"thumbnailUrl\":\"https:\/\/djabe.hu\/wp-content\/uploads\/2018\/07\/Djabe-Flow-DVD-1.png\",\"datePublished\":\"2018-07-30T14:15:37+00:00\",\"dateModified\":\"2024-04-08T10:15:12+00:00\",\"description\":\"{:en}Recordings of the Flow studio album \u2013 featuring Tam\u00e1s Barab\u00e1s (bass guitar), J\u00e1nos Nagy (keyboards), P\u00e9ter Kasz\u00e1s (drums), \u00c1ron Ko\u00f3s Hut\u00e1s (trumpet), and Attila \u00c9gerh\u00e1zi (guitar) \u2013 began in January, 2018. Christened Flow, and released in 2018 May on CD, LP, master tapes and DVD-Audio. The album was nominated for the best Jazz album of the Year in 2019 Hungary{:}\",\"breadcrumb\":{\"@id\":\"https:\/\/djabe.hu\/uzlet\/flow-dvd-audio\/#breadcrumb\"},\"inLanguage\":\"en-US\",\"potentialAction\":[{\"@type\":\"ReadAction\",\"target\":[\"https:\/\/djabe.hu\/uzlet\/flow-dvd-audio\/\"]}]},{\"@type\":\"ImageObject\",\"inLanguage\":\"en-US\",\"@id\":\"https:\/\/djabe.hu\/uzlet\/flow-dvd-audio\/#primaryimage\",\"url\":\"https:\/\/djabe.hu\/wp-content\/uploads\/2018\/07\/Djabe-Flow-DVD-1.png\",\"contentUrl\":\"https:\/\/djabe.hu\/wp-content\/uploads\/2018\/07\/Djabe-Flow-DVD-1.png\",\"width\":975,\"height\":975,\"caption\":\"Djabe: Flow DVD-Audio\"},{\"@type\":\"BreadcrumbList\",\"@id\":\"https:\/\/djabe.hu\/uzlet\/flow-dvd-audio\/#breadcrumb\",\"itemListElement\":[{\"@type\":\"ListItem\",\"position\":1,\"name\":\"Home\",\"item\":\"https:\/\/djabe.hu\/en\/\"},{\"@type\":\"ListItem\",\"position\":2,\"name\":\"\u00c1ruh\u00e1z\",\"item\":\"https:\/\/djabe.hu\/uzlet\/\"},{\"@type\":\"ListItem\",\"position\":3,\"name\":\"Djabe: Flow DVD-Audio\"}]},{\"@type\":\"WebSite\",\"@id\":\"https:\/\/djabe.hu\/en\/#website\",\"url\":\"https:\/\/djabe.hu\/en\/\",\"name\":\"Djabe\",\"description\":\"Official site\",\"potentialAction\":[{\"@type\":\"SearchAction\",\"target\":{\"@type\":\"EntryPoint\",\"urlTemplate\":\"https:\/\/djabe.hu\/en\/?s={search_term_string}\"},\"query-input\":{\"@type\":\"PropertyValueSpecification\",\"valueRequired\":true,\"valueName\":\"search_term_string\"}}],\"inLanguage\":\"en-US\"}]}<\/script>\n<!-- \/ Yoast SEO plugin. -->","yoast_head_json":{"title":"Djabe: Flow DVD-Audio - Djabe","description":"Recordings of the Flow studio album \u2013 featuring Tam\u00e1s Barab\u00e1s (bass guitar), J\u00e1nos Nagy (keyboards), P\u00e9ter Kasz\u00e1s (drums), \u00c1ron Ko\u00f3s Hut\u00e1s (trumpet), and Attila \u00c9gerh\u00e1zi (guitar) \u2013 began in January, 2018. Christened Flow, and released in 2018 May on CD, LP, master tapes and DVD-Audio. The album was nominated for the best Jazz album of the Year in 2019 Hungary","robots":{"index":"index","follow":"follow","max-snippet":"max-snippet:-1","max-image-preview":"max-image-preview:large","max-video-preview":"max-video-preview:-1"},"canonical":"https:\/\/djabe.hu\/uzlet\/flow-dvd-audio\/","og_locale":"en_US","og_type":"article","og_title":"Djabe: Flow DVD-Audio","og_description":"{:en}Recordings of the Flow studio album \u2013 featuring Tam\u00e1s Barab\u00e1s (bass guitar), J\u00e1nos Nagy (keyboards), P\u00e9ter Kasz\u00e1s (drums), \u00c1ron Ko\u00f3s Hut\u00e1s (trumpet), and Attila \u00c9gerh\u00e1zi (guitar) \u2013 began in January, 2018. Christened Flow, and released in 2018 May on CD, LP, master tapes and DVD-Audio. The album was nominated for the best Jazz album of the Year in 2019 Hungary{:}","og_url":"https:\/\/djabe.hu\/uzlet\/flow-dvd-audio\/","og_site_name":"Djabe","article_modified_time":"2024-04-08T10:15:12+00:00","og_image":[{"width":975,"height":975,"url":"https:\/\/djabe.hu\/wp-content\/uploads\/2018\/07\/Djabe-Flow-DVD-1.png","type":"image\/png"}],"twitter_card":"summary_large_image","twitter_title":"Djabe: Flow DVD-Audio","twitter_image":"https:\/\/djabe.hu\/wp-content\/uploads\/2018\/07\/Djabe-Flow-DVD-1.png","schema":{"@context":"https:\/\/schema.org","@graph":[{"@type":"WebPage","@id":"https:\/\/djabe.hu\/uzlet\/flow-dvd-audio\/","url":"https:\/\/djabe.hu\/uzlet\/flow-dvd-audio\/","name":"Djabe: Flow DVD-Audio - Djabe","isPartOf":{"@id":"https:\/\/djabe.hu\/en\/#website"},"primaryImageOfPage":{"@id":"https:\/\/djabe.hu\/uzlet\/flow-dvd-audio\/#primaryimage"},"image":{"@id":"https:\/\/djabe.hu\/uzlet\/flow-dvd-audio\/#primaryimage"},"thumbnailUrl":"https:\/\/djabe.hu\/wp-content\/uploads\/2018\/07\/Djabe-Flow-DVD-1.png","datePublished":"2018-07-30T14:15:37+00:00","dateModified":"2024-04-08T10:15:12+00:00","description":"{:en}Recordings of the Flow studio album \u2013 featuring Tam\u00e1s Barab\u00e1s (bass guitar), J\u00e1nos Nagy (keyboards), P\u00e9ter Kasz\u00e1s (drums), \u00c1ron Ko\u00f3s Hut\u00e1s (trumpet), and Attila \u00c9gerh\u00e1zi (guitar) \u2013 began in January, 2018. Christened Flow, and released in 2018 May on CD, LP, master tapes and DVD-Audio. The album was nominated for the best Jazz album of the Year in 2019 Hungary{:}","breadcrumb":{"@id":"https:\/\/djabe.hu\/uzlet\/flow-dvd-audio\/#breadcrumb"},"inLanguage":"en-US","potentialAction":[{"@type":"ReadAction","target":["https:\/\/djabe.hu\/uzlet\/flow-dvd-audio\/"]}]},{"@type":"ImageObject","inLanguage":"en-US","@id":"https:\/\/djabe.hu\/uzlet\/flow-dvd-audio\/#primaryimage","url":"https:\/\/djabe.hu\/wp-content\/uploads\/2018\/07\/Djabe-Flow-DVD-1.png","contentUrl":"https:\/\/djabe.hu\/wp-content\/uploads\/2018\/07\/Djabe-Flow-DVD-1.png","width":975,"height":975,"caption":"Djabe: Flow DVD-Audio"},{"@type":"BreadcrumbList","@id":"https:\/\/djabe.hu\/uzlet\/flow-dvd-audio\/#breadcrumb","itemListElement":[{"@type":"ListItem","position":1,"name":"Home","item":"https:\/\/djabe.hu\/en\/"},{"@type":"ListItem","position":2,"name":"\u00c1ruh\u00e1z","item":"https:\/\/djabe.hu\/uzlet\/"},{"@type":"ListItem","position":3,"name":"Djabe: Flow DVD-Audio"}]},{"@type":"WebSite","@id":"https:\/\/djabe.hu\/en\/#website","url":"https:\/\/djabe.hu\/en\/","name":"Djabe","description":"Official site","potentialAction":[{"@type":"SearchAction","target":{"@type":"EntryPoint","urlTemplate":"https:\/\/djabe.hu\/en\/?s={search_term_string}"},"query-input":{"@type":"PropertyValueSpecification","valueRequired":true,"valueName":"search_term_string"}}],"inLanguage":"en-US"}]}},"jetpack_sharing_enabled":true,"_links":{"self":[{"href":"https:\/\/djabe.hu\/en\/wp-json\/wp\/v2\/product\/5838","targetHints":{"allow":["GET"]}}],"collection":[{"href":"https:\/\/djabe.hu\/en\/wp-json\/wp\/v2\/product"}],"about":[{"href":"https:\/\/djabe.hu\/en\/wp-json\/wp\/v2\/types\/product"}],"wp:featuredmedia":[{"embeddable":true,"href":"https:\/\/djabe.hu\/en\/wp-json\/wp\/v2\/media\/5834"}],"wp:attachment":[{"href":"https:\/\/djabe.hu\/en\/wp-json\/wp\/v2\/media?parent=5838"}],"wp:term":[{"taxonomy":"product_brand","embeddable":true,"href":"https:\/\/djabe.hu\/en\/wp-json\/wp\/v2\/product_brand?post=5838"},{"taxonomy":"product_cat","embeddable":true,"href":"https:\/\/djabe.hu\/en\/wp-json\/wp\/v2\/product_cat?post=5838"},{"taxonomy":"product_tag","embeddable":true,"href":"https:\/\/djabe.hu\/en\/wp-json\/wp\/v2\/product_tag?post=5838"}],"curies":[{"name":"wp","href":"https:\/\/api.w.org\/{rel}","templated":true}]}}