{"id":5715,"date":"2018-05-04T15:33:51","date_gmt":"2018-05-04T14:33:51","guid":{"rendered":"http:\/\/djabe.hu\/?post_type=product&#038;p=5715"},"modified":"2026-04-09T08:21:54","modified_gmt":"2026-04-09T07:21:54","slug":"flow-cd","status":"publish","type":"product","link":"https:\/\/djabe.hu\/en\/uzlet\/flow-cd\/","title":{"rendered":"Djabe: Flow CD"},"content":{"rendered":"<p><iframe loading=\"lazy\" title=\"Djabe Another Dive\" width=\"900\" height=\"506\" src=\"https:\/\/www.youtube.com\/embed\/wAHDe_39BFU?feature=oembed\" frameborder=\"0\" allow=\"accelerometer; autoplay; clipboard-write; encrypted-media; gyroscope; picture-in-picture\" allowfullscreen><\/iframe><\/p>\n","protected":false},"excerpt":{"rendered":"<p><span style=\"color: #ffffff;\"><span lang=\"EN-US\">Recordings of the new Djabe studio album \u2013 featuring Tam\u00e1s Barab\u00e1s (bass guitar), J\u00e1nos Nagy (keyboards), P\u00e9ter Kasz\u00e1s (drums), \u00c1ron Ko\u00f3s Hut\u00e1s (trumpet), and Attila \u00c9gerh\u00e1zi (guitar) \u2013 began in January, 2018. Christened <i>Flow<\/i>, and released in 2018 May on CD, LP, master tapes and DVD-Audio. The album was nominated for the best Jazz album of the Year in 2019 Hungary.<\/span>. <a href=\"http:\/\/djabe.hu\/js_albums\/flow-cd\/\"><span style=\"color: #6094c1;\">&gt;&gt;<\/span><\/a><\/span><\/p>\n","protected":false},"featured_media":5710,"template":"","meta":[],"product_brand":[],"product_cat":[38],"product_tag":[],"class_list":{"0":"post-5715","1":"product","2":"type-product","3":"status-publish","4":"has-post-thumbnail","6":"product_cat-cd","7":"repupress_customize_woocommerce_productom_class","9":"first","10":"instock","11":"shipping-taxable","12":"purchasable","13":"product-type-simple"},"yoast_head":"<!-- This site is optimized with the Yoast SEO plugin v27.4 - https:\/\/yoast.com\/product\/yoast-seo-wordpress\/ -->\n<title>Djabe: Flow CD - Djabe<\/title>\n<meta name=\"description\" content=\"Recordings of the new Djabe studio album \u2013 featuring Tam\u00e1s Barab\u00e1s (bass guitar), J\u00e1nos Nagy (keyboards), P\u00e9ter Kasz\u00e1s (drums), \u00c1ron Ko\u00f3s Hut\u00e1s (trumpet), and Attila \u00c9gerh\u00e1zi (guitar) \u2013 began in January, 2018. Christened Flow, and released in 2018 May on CD, LP, master tapes and DVD-Audio. The album was nominated for the best Jazz album of the Year in 2019 Hungary.\" \/>\n<meta name=\"robots\" content=\"index, follow, max-snippet:-1, max-image-preview:large, max-video-preview:-1\" \/>\n<link rel=\"canonical\" href=\"https:\/\/djabe.hu\/uzlet\/flow-cd\/\" \/>\n<meta property=\"og:locale\" content=\"en_US\" \/>\n<meta property=\"og:type\" content=\"article\" \/>\n<meta property=\"og:title\" content=\"Djabe: Flow CD\" \/>\n<meta property=\"og:description\" content=\"{:en}Recordings of the new Djabe studio album \u2013 featuring Tam\u00e1s Barab\u00e1s (bass guitar), J\u00e1nos Nagy (keyboards), P\u00e9ter Kasz\u00e1s (drums), \u00c1ron Ko\u00f3s Hut\u00e1s (trumpet), and Attila \u00c9gerh\u00e1zi (guitar) \u2013 began in January, 2018. Christened Flow, and released in 2018 May on CD, LP, master tapes and DVD-Audio. The album was nominated for the best Jazz album of the Year in 2019 Hungary.{:}\" \/>\n<meta property=\"og:url\" content=\"https:\/\/djabe.hu\/uzlet\/flow-cd\/\" \/>\n<meta property=\"og:site_name\" content=\"Djabe\" \/>\n<meta property=\"article:modified_time\" content=\"2026-04-09T07:21:54+00:00\" \/>\n<meta property=\"og:image\" content=\"https:\/\/djabe.hu\/wp-content\/uploads\/2018\/05\/flow_termekkep.png\" \/>\n\t<meta property=\"og:image:width\" content=\"1300\" \/>\n\t<meta property=\"og:image:height\" content=\"975\" \/>\n\t<meta property=\"og:image:type\" content=\"image\/png\" \/>\n<meta name=\"twitter:card\" content=\"summary_large_image\" \/>\n<meta name=\"twitter:title\" content=\"Djabe: Flow CD\" \/>\n<meta name=\"twitter:image\" content=\"https:\/\/djabe.hu\/wp-content\/uploads\/2018\/05\/flow_termekkep.png\" \/>\n<script type=\"application\/ld+json\" class=\"yoast-schema-graph\">{\"@context\":\"https:\\\/\\\/schema.org\",\"@graph\":[{\"@type\":\"WebPage\",\"@id\":\"https:\\\/\\\/djabe.hu\\\/uzlet\\\/flow-cd\\\/\",\"url\":\"https:\\\/\\\/djabe.hu\\\/uzlet\\\/flow-cd\\\/\",\"name\":\"Djabe: Flow CD - Djabe\",\"isPartOf\":{\"@id\":\"https:\\\/\\\/djabe.hu\\\/en\\\/#website\"},\"primaryImageOfPage\":{\"@id\":\"https:\\\/\\\/djabe.hu\\\/uzlet\\\/flow-cd\\\/#primaryimage\"},\"image\":{\"@id\":\"https:\\\/\\\/djabe.hu\\\/uzlet\\\/flow-cd\\\/#primaryimage\"},\"thumbnailUrl\":\"https:\\\/\\\/djabe.hu\\\/wp-content\\\/uploads\\\/2018\\\/05\\\/flow_termekkep.png\",\"datePublished\":\"2018-05-04T14:33:51+00:00\",\"dateModified\":\"2026-04-09T07:21:54+00:00\",\"description\":\"{:en}Recordings of the new Djabe studio album \u2013 featuring Tam\u00e1s Barab\u00e1s (bass guitar), J\u00e1nos Nagy (keyboards), P\u00e9ter Kasz\u00e1s (drums), \u00c1ron Ko\u00f3s Hut\u00e1s (trumpet), and Attila \u00c9gerh\u00e1zi (guitar) \u2013 began in January, 2018. Christened Flow, and released in 2018 May on CD, LP, master tapes and DVD-Audio. The album was nominated for the best Jazz album of the Year in 2019 Hungary.{:}\",\"breadcrumb\":{\"@id\":\"https:\\\/\\\/djabe.hu\\\/uzlet\\\/flow-cd\\\/#breadcrumb\"},\"inLanguage\":\"en-US\",\"potentialAction\":[{\"@type\":\"ReadAction\",\"target\":[\"https:\\\/\\\/djabe.hu\\\/uzlet\\\/flow-cd\\\/\"]}]},{\"@type\":\"ImageObject\",\"inLanguage\":\"en-US\",\"@id\":\"https:\\\/\\\/djabe.hu\\\/uzlet\\\/flow-cd\\\/#primaryimage\",\"url\":\"https:\\\/\\\/djabe.hu\\\/wp-content\\\/uploads\\\/2018\\\/05\\\/flow_termekkep.png\",\"contentUrl\":\"https:\\\/\\\/djabe.hu\\\/wp-content\\\/uploads\\\/2018\\\/05\\\/flow_termekkep.png\",\"width\":1300,\"height\":975,\"caption\":\"Djabe: Flow CD\"},{\"@type\":\"BreadcrumbList\",\"@id\":\"https:\\\/\\\/djabe.hu\\\/uzlet\\\/flow-cd\\\/#breadcrumb\",\"itemListElement\":[{\"@type\":\"ListItem\",\"position\":1,\"name\":\"Home\",\"item\":\"https:\\\/\\\/djabe.hu\\\/en\\\/\"},{\"@type\":\"ListItem\",\"position\":2,\"name\":\"\u00c1ruh\u00e1z\",\"item\":\"https:\\\/\\\/djabe.hu\\\/uzlet\\\/\"},{\"@type\":\"ListItem\",\"position\":3,\"name\":\"Djabe: Flow CD\"}]},{\"@type\":\"WebSite\",\"@id\":\"https:\\\/\\\/djabe.hu\\\/en\\\/#website\",\"url\":\"https:\\\/\\\/djabe.hu\\\/en\\\/\",\"name\":\"Djabe\",\"description\":\"Official site\",\"potentialAction\":[{\"@type\":\"SearchAction\",\"target\":{\"@type\":\"EntryPoint\",\"urlTemplate\":\"https:\\\/\\\/djabe.hu\\\/en\\\/?s={search_term_string}\"},\"query-input\":{\"@type\":\"PropertyValueSpecification\",\"valueRequired\":true,\"valueName\":\"search_term_string\"}}],\"inLanguage\":\"en-US\"}]}<\/script>\n<!-- \/ Yoast SEO plugin. -->","yoast_head_json":{"title":"Djabe: Flow CD - Djabe","description":"Recordings of the new Djabe studio album \u2013 featuring Tam\u00e1s Barab\u00e1s (bass guitar), J\u00e1nos Nagy (keyboards), P\u00e9ter Kasz\u00e1s (drums), \u00c1ron Ko\u00f3s Hut\u00e1s (trumpet), and Attila \u00c9gerh\u00e1zi (guitar) \u2013 began in January, 2018. Christened Flow, and released in 2018 May on CD, LP, master tapes and DVD-Audio. The album was nominated for the best Jazz album of the Year in 2019 Hungary.","robots":{"index":"index","follow":"follow","max-snippet":"max-snippet:-1","max-image-preview":"max-image-preview:large","max-video-preview":"max-video-preview:-1"},"canonical":"https:\/\/djabe.hu\/uzlet\/flow-cd\/","og_locale":"en_US","og_type":"article","og_title":"Djabe: Flow CD","og_description":"{:en}Recordings of the new Djabe studio album \u2013 featuring Tam\u00e1s Barab\u00e1s (bass guitar), J\u00e1nos Nagy (keyboards), P\u00e9ter Kasz\u00e1s (drums), \u00c1ron Ko\u00f3s Hut\u00e1s (trumpet), and Attila \u00c9gerh\u00e1zi (guitar) \u2013 began in January, 2018. Christened Flow, and released in 2018 May on CD, LP, master tapes and DVD-Audio. The album was nominated for the best Jazz album of the Year in 2019 Hungary.{:}","og_url":"https:\/\/djabe.hu\/uzlet\/flow-cd\/","og_site_name":"Djabe","article_modified_time":"2026-04-09T07:21:54+00:00","og_image":[{"width":1300,"height":975,"url":"https:\/\/djabe.hu\/wp-content\/uploads\/2018\/05\/flow_termekkep.png","type":"image\/png"}],"twitter_card":"summary_large_image","twitter_title":"Djabe: Flow CD","twitter_image":"https:\/\/djabe.hu\/wp-content\/uploads\/2018\/05\/flow_termekkep.png","schema":{"@context":"https:\/\/schema.org","@graph":[{"@type":"WebPage","@id":"https:\/\/djabe.hu\/uzlet\/flow-cd\/","url":"https:\/\/djabe.hu\/uzlet\/flow-cd\/","name":"Djabe: Flow CD - Djabe","isPartOf":{"@id":"https:\/\/djabe.hu\/en\/#website"},"primaryImageOfPage":{"@id":"https:\/\/djabe.hu\/uzlet\/flow-cd\/#primaryimage"},"image":{"@id":"https:\/\/djabe.hu\/uzlet\/flow-cd\/#primaryimage"},"thumbnailUrl":"https:\/\/djabe.hu\/wp-content\/uploads\/2018\/05\/flow_termekkep.png","datePublished":"2018-05-04T14:33:51+00:00","dateModified":"2026-04-09T07:21:54+00:00","description":"{:en}Recordings of the new Djabe studio album \u2013 featuring Tam\u00e1s Barab\u00e1s (bass guitar), J\u00e1nos Nagy (keyboards), P\u00e9ter Kasz\u00e1s (drums), \u00c1ron Ko\u00f3s Hut\u00e1s (trumpet), and Attila \u00c9gerh\u00e1zi (guitar) \u2013 began in January, 2018. Christened Flow, and released in 2018 May on CD, LP, master tapes and DVD-Audio. The album was nominated for the best Jazz album of the Year in 2019 Hungary.{:}","breadcrumb":{"@id":"https:\/\/djabe.hu\/uzlet\/flow-cd\/#breadcrumb"},"inLanguage":"en-US","potentialAction":[{"@type":"ReadAction","target":["https:\/\/djabe.hu\/uzlet\/flow-cd\/"]}]},{"@type":"ImageObject","inLanguage":"en-US","@id":"https:\/\/djabe.hu\/uzlet\/flow-cd\/#primaryimage","url":"https:\/\/djabe.hu\/wp-content\/uploads\/2018\/05\/flow_termekkep.png","contentUrl":"https:\/\/djabe.hu\/wp-content\/uploads\/2018\/05\/flow_termekkep.png","width":1300,"height":975,"caption":"Djabe: Flow CD"},{"@type":"BreadcrumbList","@id":"https:\/\/djabe.hu\/uzlet\/flow-cd\/#breadcrumb","itemListElement":[{"@type":"ListItem","position":1,"name":"Home","item":"https:\/\/djabe.hu\/en\/"},{"@type":"ListItem","position":2,"name":"\u00c1ruh\u00e1z","item":"https:\/\/djabe.hu\/uzlet\/"},{"@type":"ListItem","position":3,"name":"Djabe: Flow CD"}]},{"@type":"WebSite","@id":"https:\/\/djabe.hu\/en\/#website","url":"https:\/\/djabe.hu\/en\/","name":"Djabe","description":"Official site","potentialAction":[{"@type":"SearchAction","target":{"@type":"EntryPoint","urlTemplate":"https:\/\/djabe.hu\/en\/?s={search_term_string}"},"query-input":{"@type":"PropertyValueSpecification","valueRequired":true,"valueName":"search_term_string"}}],"inLanguage":"en-US"}]}},"jetpack_sharing_enabled":true,"_links":{"self":[{"href":"https:\/\/djabe.hu\/en\/wp-json\/wp\/v2\/product\/5715","targetHints":{"allow":["GET"]}}],"collection":[{"href":"https:\/\/djabe.hu\/en\/wp-json\/wp\/v2\/product"}],"about":[{"href":"https:\/\/djabe.hu\/en\/wp-json\/wp\/v2\/types\/product"}],"wp:featuredmedia":[{"embeddable":true,"href":"https:\/\/djabe.hu\/en\/wp-json\/wp\/v2\/media\/5710"}],"wp:attachment":[{"href":"https:\/\/djabe.hu\/en\/wp-json\/wp\/v2\/media?parent=5715"}],"wp:term":[{"taxonomy":"product_brand","embeddable":true,"href":"https:\/\/djabe.hu\/en\/wp-json\/wp\/v2\/product_brand?post=5715"},{"taxonomy":"product_cat","embeddable":true,"href":"https:\/\/djabe.hu\/en\/wp-json\/wp\/v2\/product_cat?post=5715"},{"taxonomy":"product_tag","embeddable":true,"href":"https:\/\/djabe.hu\/en\/wp-json\/wp\/v2\/product_tag?post=5715"}],"curies":[{"name":"wp","href":"https:\/\/api.w.org\/{rel}","templated":true}]}}