{"id":5658,"date":"2018-04-21T15:53:24","date_gmt":"2018-04-21T14:53:24","guid":{"rendered":"http:\/\/djabe.hu\/?post_type=product&#038;p=5658"},"modified":"2025-11-18T11:19:15","modified_gmt":"2025-11-18T10:19:15","slug":"forward-live-mediabook-2cd2dvd","status":"publish","type":"product","link":"https:\/\/djabe.hu\/en\/uzlet\/forward-live-mediabook-2cd2dvd\/","title":{"rendered":"Djabe: Forward Live mediabook, 2CD+2DVD"},"content":{"rendered":"<p><iframe loading=\"lazy\" title=\"Djabe and MSO - Hang Out and New Words\" width=\"900\" height=\"506\" src=\"https:\/\/www.youtube.com\/embed\/hQtRsmLW5ig?feature=oembed\" frameborder=\"0\" allow=\"accelerometer; autoplay; clipboard-write; encrypted-media; gyroscope; picture-in-picture\" allowfullscreen><\/iframe><\/p>\n","protected":false},"excerpt":{"rendered":"<p><span style=\"color: #ffffff;\">Djabe released Forward in 2014, an album made with together the Hungarian Symphony Orchestra Miskolc. Both the audience and critics hailed this release as the paramount Djabe experience. The most outstanding about Forward are the compositions, born to feature Djabe and the symphonics as equal partners: two musical worlds complementing and completing each other. Many claim Forward is the best ever album released by the band. Compositions made by Tam\u00e1s Barab\u00e1s and Attila \u00c9gerh\u00e1zi, symphonic sections were written by Tam\u00e1s Barab\u00e1s and orchestrated by Zolt\u00e1n Kov\u00e1cs. Album premiere was held at the B\u00e9la Bart\u00f3k Music Hall of M\u00fcpa Budapest, on 10th of November, 2015, with the complete album performed by the band and the HSOM, conducted by J\u00f3zsef Rem\u00e9nyi. Stretching this premiere to a 2-hour length, Tam\u00e1s Barab\u00e1s re-imagined the piece Iceworld for symphonics and, further more, a medley was born from old Djabe songs with again, a symphonic touch. The studio album feature many guest musicians, with the two most important (Azerbaijani tar player Malik Mansurov and Hungarian tabla player Tibor M\u00f3ty\u00e1n) also attended on the live performance. <\/span>\u00a0<a href=\"http:\/\/djabe.hu\/js_albums\/forward-live-mediabook-2cd2dvd\/\"><span style=\"color: #6094c1;\">&gt;&gt;<\/span><\/a><\/p>\n","protected":false},"featured_media":5654,"template":"","meta":[],"product_brand":[],"product_cat":[38,41,46,44],"product_tag":[],"class_list":{"0":"post-5658","1":"product","2":"type-product","3":"status-publish","4":"has-post-thumbnail","6":"product_cat-cd","7":"product_cat-dvd","8":"product_cat-dvd-audio","9":"product_cat-konyv","10":"repupress_customize_woocommerce_productom_class","12":"first","13":"instock","14":"shipping-taxable","15":"purchasable","16":"product-type-simple"},"yoast_head":"<!-- This site is optimized with the Yoast SEO plugin v27.4 - https:\/\/yoast.com\/product\/yoast-seo-wordpress\/ -->\n<title>Djabe: Forward Live mediabook, 2CD+2DVD - Djabe<\/title>\n<meta name=\"description\" content=\"Djabe released Forward in 2014, an album made with together the Hungarian Symphony Orchestra Miskolc. Both the audience and critics hailed this release as the paramount Djabe experience. The most outstanding about Forward are the compositions, born to feature Djabe and the symphonics as equal partners: two musical worlds complementing and completing each other. Many claim Forward is the best ever album released by the band. Compositions made by Tam\u00e1s Barab\u00e1s and Attila \u00c9gerh\u00e1zi, symphonic sections were written by Tam\u00e1s Barab\u00e1s and orchestrated by Zolt\u00e1n Kov\u00e1cs. Album premiere was held at the B\u00e9la Bart\u00f3k Music Hall of M\u00fcpa Budapest, on 10th of November, 2015, with the complete album performed by the band and the HSOM, conducted by J\u00f3zsef Rem\u00e9nyi. Stretching this premiere to a 2-hour length, Tam\u00e1s Barab\u00e1s re-imagined the piece Iceworld for symphonics and, further more, a medley was born from old Djabe songs with again, a symphonic touch. The studio album feature many guest musicians, with the two most important (Azerbaijani tar player Malik Mansurov and Hungarian tabla player Tibor M\u00f3ty\u00e1n) also attended on the live performance.\" \/>\n<meta name=\"robots\" content=\"index, follow, max-snippet:-1, max-image-preview:large, max-video-preview:-1\" \/>\n<link rel=\"canonical\" href=\"https:\/\/djabe.hu\/uzlet\/forward-live-mediabook-2cd2dvd\/\" \/>\n<meta property=\"og:locale\" content=\"en_US\" \/>\n<meta property=\"og:type\" content=\"article\" \/>\n<meta property=\"og:title\" content=\"Djabe: Forward Live mediabook, 2CD+2DVD\" \/>\n<meta property=\"og:description\" content=\"{:en}Djabe released Forward in 2014, an album made with together the Hungarian Symphony Orchestra Miskolc. Both the audience and critics hailed this release as the paramount Djabe experience. The most outstanding about Forward are the compositions, born to feature Djabe and the symphonics as equal partners: two musical worlds complementing and completing each other. Many claim Forward is the best ever album released by the band. Compositions made by Tam\u00e1s Barab\u00e1s and Attila \u00c9gerh\u00e1zi, symphonic sections were written by Tam\u00e1s Barab\u00e1s and orchestrated by Zolt\u00e1n Kov\u00e1cs. Album premiere was held at the B\u00e9la Bart\u00f3k Music Hall of M\u00fcpa Budapest, on 10th of November, 2015, with the complete album performed by the band and the HSOM, conducted by J\u00f3zsef Rem\u00e9nyi. Stretching this premiere to a 2-hour length, Tam\u00e1s Barab\u00e1s re-imagined the piece Iceworld for symphonics and, further more, a medley was born from old Djabe songs with again, a symphonic touch. The studio album feature many guest musicians, with the two most important (Azerbaijani tar player Malik Mansurov and Hungarian tabla player Tibor M\u00f3ty\u00e1n) also attended on the live performance.{:}\" \/>\n<meta property=\"og:url\" content=\"https:\/\/djabe.hu\/uzlet\/forward-live-mediabook-2cd2dvd\/\" \/>\n<meta property=\"og:site_name\" content=\"Djabe\" \/>\n<meta property=\"article:modified_time\" content=\"2025-11-18T10:19:15+00:00\" \/>\n<meta property=\"og:image\" content=\"https:\/\/djabe.hu\/wp-content\/uploads\/2018\/04\/forward_live_CDDVD-e1532953549961.png\" \/>\n\t<meta property=\"og:image:width\" content=\"975\" \/>\n\t<meta property=\"og:image:height\" content=\"975\" \/>\n\t<meta property=\"og:image:type\" content=\"image\/png\" \/>\n<meta name=\"twitter:card\" content=\"summary_large_image\" \/>\n<meta name=\"twitter:title\" content=\"Djabe: Forward Live mediabook, 2CD+2DVD\" \/>\n<meta name=\"twitter:image\" content=\"https:\/\/djabe.hu\/wp-content\/uploads\/2018\/04\/forward_live_CDDVD-e1532953549961.png\" \/>\n<script type=\"application\/ld+json\" class=\"yoast-schema-graph\">{\"@context\":\"https:\\\/\\\/schema.org\",\"@graph\":[{\"@type\":\"WebPage\",\"@id\":\"https:\\\/\\\/djabe.hu\\\/uzlet\\\/forward-live-mediabook-2cd2dvd\\\/\",\"url\":\"https:\\\/\\\/djabe.hu\\\/uzlet\\\/forward-live-mediabook-2cd2dvd\\\/\",\"name\":\"Djabe: Forward Live mediabook, 2CD+2DVD - Djabe\",\"isPartOf\":{\"@id\":\"https:\\\/\\\/djabe.hu\\\/en\\\/#website\"},\"primaryImageOfPage\":{\"@id\":\"https:\\\/\\\/djabe.hu\\\/uzlet\\\/forward-live-mediabook-2cd2dvd\\\/#primaryimage\"},\"image\":{\"@id\":\"https:\\\/\\\/djabe.hu\\\/uzlet\\\/forward-live-mediabook-2cd2dvd\\\/#primaryimage\"},\"thumbnailUrl\":\"https:\\\/\\\/djabe.hu\\\/wp-content\\\/uploads\\\/2018\\\/04\\\/forward_live_CDDVD-e1532953549961.png\",\"datePublished\":\"2018-04-21T14:53:24+00:00\",\"dateModified\":\"2025-11-18T10:19:15+00:00\",\"description\":\"{:en}Djabe released Forward in 2014, an album made with together the Hungarian Symphony Orchestra Miskolc. Both the audience and critics hailed this release as the paramount Djabe experience. The most outstanding about Forward are the compositions, born to feature Djabe and the symphonics as equal partners: two musical worlds complementing and completing each other. Many claim Forward is the best ever album released by the band. Compositions made by Tam\u00e1s Barab\u00e1s and Attila \u00c9gerh\u00e1zi, symphonic sections were written by Tam\u00e1s Barab\u00e1s and orchestrated by Zolt\u00e1n Kov\u00e1cs. Album premiere was held at the B\u00e9la Bart\u00f3k Music Hall of M\u00fcpa Budapest, on 10th of November, 2015, with the complete album performed by the band and the HSOM, conducted by J\u00f3zsef Rem\u00e9nyi. Stretching this premiere to a 2-hour length, Tam\u00e1s Barab\u00e1s re-imagined the piece Iceworld for symphonics and, further more, a medley was born from old Djabe songs with again, a symphonic touch. The studio album feature many guest musicians, with the two most important (Azerbaijani tar player Malik Mansurov and Hungarian tabla player Tibor M\u00f3ty\u00e1n) also attended on the live performance.{:}\",\"breadcrumb\":{\"@id\":\"https:\\\/\\\/djabe.hu\\\/uzlet\\\/forward-live-mediabook-2cd2dvd\\\/#breadcrumb\"},\"inLanguage\":\"en-US\",\"potentialAction\":[{\"@type\":\"ReadAction\",\"target\":[\"https:\\\/\\\/djabe.hu\\\/uzlet\\\/forward-live-mediabook-2cd2dvd\\\/\"]}]},{\"@type\":\"ImageObject\",\"inLanguage\":\"en-US\",\"@id\":\"https:\\\/\\\/djabe.hu\\\/uzlet\\\/forward-live-mediabook-2cd2dvd\\\/#primaryimage\",\"url\":\"https:\\\/\\\/djabe.hu\\\/wp-content\\\/uploads\\\/2018\\\/04\\\/forward_live_CDDVD-e1532953549961.png\",\"contentUrl\":\"https:\\\/\\\/djabe.hu\\\/wp-content\\\/uploads\\\/2018\\\/04\\\/forward_live_CDDVD-e1532953549961.png\",\"width\":975,\"height\":975,\"caption\":\"Djabe: Forward Live mediabook, 2CD+2DVD\"},{\"@type\":\"BreadcrumbList\",\"@id\":\"https:\\\/\\\/djabe.hu\\\/uzlet\\\/forward-live-mediabook-2cd2dvd\\\/#breadcrumb\",\"itemListElement\":[{\"@type\":\"ListItem\",\"position\":1,\"name\":\"Home\",\"item\":\"https:\\\/\\\/djabe.hu\\\/en\\\/\"},{\"@type\":\"ListItem\",\"position\":2,\"name\":\"\u00c1ruh\u00e1z\",\"item\":\"https:\\\/\\\/djabe.hu\\\/uzlet\\\/\"},{\"@type\":\"ListItem\",\"position\":3,\"name\":\"Djabe: Forward Live mediabook, 2CD+2DVD\"}]},{\"@type\":\"WebSite\",\"@id\":\"https:\\\/\\\/djabe.hu\\\/en\\\/#website\",\"url\":\"https:\\\/\\\/djabe.hu\\\/en\\\/\",\"name\":\"Djabe\",\"description\":\"Official site\",\"potentialAction\":[{\"@type\":\"SearchAction\",\"target\":{\"@type\":\"EntryPoint\",\"urlTemplate\":\"https:\\\/\\\/djabe.hu\\\/en\\\/?s={search_term_string}\"},\"query-input\":{\"@type\":\"PropertyValueSpecification\",\"valueRequired\":true,\"valueName\":\"search_term_string\"}}],\"inLanguage\":\"en-US\"}]}<\/script>\n<!-- \/ Yoast SEO plugin. -->","yoast_head_json":{"title":"Djabe: Forward Live mediabook, 2CD+2DVD - Djabe","description":"Djabe released Forward in 2014, an album made with together the Hungarian Symphony Orchestra Miskolc. Both the audience and critics hailed this release as the paramount Djabe experience. The most outstanding about Forward are the compositions, born to feature Djabe and the symphonics as equal partners: two musical worlds complementing and completing each other. Many claim Forward is the best ever album released by the band. Compositions made by Tam\u00e1s Barab\u00e1s and Attila \u00c9gerh\u00e1zi, symphonic sections were written by Tam\u00e1s Barab\u00e1s and orchestrated by Zolt\u00e1n Kov\u00e1cs. Album premiere was held at the B\u00e9la Bart\u00f3k Music Hall of M\u00fcpa Budapest, on 10th of November, 2015, with the complete album performed by the band and the HSOM, conducted by J\u00f3zsef Rem\u00e9nyi. Stretching this premiere to a 2-hour length, Tam\u00e1s Barab\u00e1s re-imagined the piece Iceworld for symphonics and, further more, a medley was born from old Djabe songs with again, a symphonic touch. The studio album feature many guest musicians, with the two most important (Azerbaijani tar player Malik Mansurov and Hungarian tabla player Tibor M\u00f3ty\u00e1n) also attended on the live performance.","robots":{"index":"index","follow":"follow","max-snippet":"max-snippet:-1","max-image-preview":"max-image-preview:large","max-video-preview":"max-video-preview:-1"},"canonical":"https:\/\/djabe.hu\/uzlet\/forward-live-mediabook-2cd2dvd\/","og_locale":"en_US","og_type":"article","og_title":"Djabe: Forward Live mediabook, 2CD+2DVD","og_description":"{:en}Djabe released Forward in 2014, an album made with together the Hungarian Symphony Orchestra Miskolc. Both the audience and critics hailed this release as the paramount Djabe experience. The most outstanding about Forward are the compositions, born to feature Djabe and the symphonics as equal partners: two musical worlds complementing and completing each other. Many claim Forward is the best ever album released by the band. Compositions made by Tam\u00e1s Barab\u00e1s and Attila \u00c9gerh\u00e1zi, symphonic sections were written by Tam\u00e1s Barab\u00e1s and orchestrated by Zolt\u00e1n Kov\u00e1cs. Album premiere was held at the B\u00e9la Bart\u00f3k Music Hall of M\u00fcpa Budapest, on 10th of November, 2015, with the complete album performed by the band and the HSOM, conducted by J\u00f3zsef Rem\u00e9nyi. Stretching this premiere to a 2-hour length, Tam\u00e1s Barab\u00e1s re-imagined the piece Iceworld for symphonics and, further more, a medley was born from old Djabe songs with again, a symphonic touch. The studio album feature many guest musicians, with the two most important (Azerbaijani tar player Malik Mansurov and Hungarian tabla player Tibor M\u00f3ty\u00e1n) also attended on the live performance.{:}","og_url":"https:\/\/djabe.hu\/uzlet\/forward-live-mediabook-2cd2dvd\/","og_site_name":"Djabe","article_modified_time":"2025-11-18T10:19:15+00:00","og_image":[{"width":975,"height":975,"url":"https:\/\/djabe.hu\/wp-content\/uploads\/2018\/04\/forward_live_CDDVD-e1532953549961.png","type":"image\/png"}],"twitter_card":"summary_large_image","twitter_title":"Djabe: Forward Live mediabook, 2CD+2DVD","twitter_image":"https:\/\/djabe.hu\/wp-content\/uploads\/2018\/04\/forward_live_CDDVD-e1532953549961.png","schema":{"@context":"https:\/\/schema.org","@graph":[{"@type":"WebPage","@id":"https:\/\/djabe.hu\/uzlet\/forward-live-mediabook-2cd2dvd\/","url":"https:\/\/djabe.hu\/uzlet\/forward-live-mediabook-2cd2dvd\/","name":"Djabe: Forward Live mediabook, 2CD+2DVD - Djabe","isPartOf":{"@id":"https:\/\/djabe.hu\/en\/#website"},"primaryImageOfPage":{"@id":"https:\/\/djabe.hu\/uzlet\/forward-live-mediabook-2cd2dvd\/#primaryimage"},"image":{"@id":"https:\/\/djabe.hu\/uzlet\/forward-live-mediabook-2cd2dvd\/#primaryimage"},"thumbnailUrl":"https:\/\/djabe.hu\/wp-content\/uploads\/2018\/04\/forward_live_CDDVD-e1532953549961.png","datePublished":"2018-04-21T14:53:24+00:00","dateModified":"2025-11-18T10:19:15+00:00","description":"{:en}Djabe released Forward in 2014, an album made with together the Hungarian Symphony Orchestra Miskolc. Both the audience and critics hailed this release as the paramount Djabe experience. The most outstanding about Forward are the compositions, born to feature Djabe and the symphonics as equal partners: two musical worlds complementing and completing each other. Many claim Forward is the best ever album released by the band. Compositions made by Tam\u00e1s Barab\u00e1s and Attila \u00c9gerh\u00e1zi, symphonic sections were written by Tam\u00e1s Barab\u00e1s and orchestrated by Zolt\u00e1n Kov\u00e1cs. Album premiere was held at the B\u00e9la Bart\u00f3k Music Hall of M\u00fcpa Budapest, on 10th of November, 2015, with the complete album performed by the band and the HSOM, conducted by J\u00f3zsef Rem\u00e9nyi. Stretching this premiere to a 2-hour length, Tam\u00e1s Barab\u00e1s re-imagined the piece Iceworld for symphonics and, further more, a medley was born from old Djabe songs with again, a symphonic touch. The studio album feature many guest musicians, with the two most important (Azerbaijani tar player Malik Mansurov and Hungarian tabla player Tibor M\u00f3ty\u00e1n) also attended on the live performance.{:}","breadcrumb":{"@id":"https:\/\/djabe.hu\/uzlet\/forward-live-mediabook-2cd2dvd\/#breadcrumb"},"inLanguage":"en-US","potentialAction":[{"@type":"ReadAction","target":["https:\/\/djabe.hu\/uzlet\/forward-live-mediabook-2cd2dvd\/"]}]},{"@type":"ImageObject","inLanguage":"en-US","@id":"https:\/\/djabe.hu\/uzlet\/forward-live-mediabook-2cd2dvd\/#primaryimage","url":"https:\/\/djabe.hu\/wp-content\/uploads\/2018\/04\/forward_live_CDDVD-e1532953549961.png","contentUrl":"https:\/\/djabe.hu\/wp-content\/uploads\/2018\/04\/forward_live_CDDVD-e1532953549961.png","width":975,"height":975,"caption":"Djabe: Forward Live mediabook, 2CD+2DVD"},{"@type":"BreadcrumbList","@id":"https:\/\/djabe.hu\/uzlet\/forward-live-mediabook-2cd2dvd\/#breadcrumb","itemListElement":[{"@type":"ListItem","position":1,"name":"Home","item":"https:\/\/djabe.hu\/en\/"},{"@type":"ListItem","position":2,"name":"\u00c1ruh\u00e1z","item":"https:\/\/djabe.hu\/uzlet\/"},{"@type":"ListItem","position":3,"name":"Djabe: Forward Live mediabook, 2CD+2DVD"}]},{"@type":"WebSite","@id":"https:\/\/djabe.hu\/en\/#website","url":"https:\/\/djabe.hu\/en\/","name":"Djabe","description":"Official site","potentialAction":[{"@type":"SearchAction","target":{"@type":"EntryPoint","urlTemplate":"https:\/\/djabe.hu\/en\/?s={search_term_string}"},"query-input":{"@type":"PropertyValueSpecification","valueRequired":true,"valueName":"search_term_string"}}],"inLanguage":"en-US"}]}},"jetpack_sharing_enabled":true,"_links":{"self":[{"href":"https:\/\/djabe.hu\/en\/wp-json\/wp\/v2\/product\/5658","targetHints":{"allow":["GET"]}}],"collection":[{"href":"https:\/\/djabe.hu\/en\/wp-json\/wp\/v2\/product"}],"about":[{"href":"https:\/\/djabe.hu\/en\/wp-json\/wp\/v2\/types\/product"}],"wp:featuredmedia":[{"embeddable":true,"href":"https:\/\/djabe.hu\/en\/wp-json\/wp\/v2\/media\/5654"}],"wp:attachment":[{"href":"https:\/\/djabe.hu\/en\/wp-json\/wp\/v2\/media?parent=5658"}],"wp:term":[{"taxonomy":"product_brand","embeddable":true,"href":"https:\/\/djabe.hu\/en\/wp-json\/wp\/v2\/product_brand?post=5658"},{"taxonomy":"product_cat","embeddable":true,"href":"https:\/\/djabe.hu\/en\/wp-json\/wp\/v2\/product_cat?post=5658"},{"taxonomy":"product_tag","embeddable":true,"href":"https:\/\/djabe.hu\/en\/wp-json\/wp\/v2\/product_tag?post=5658"}],"curies":[{"name":"wp","href":"https:\/\/api.w.org\/{rel}","templated":true}]}}