{"id":5652,"date":"2018-04-21T15:36:32","date_gmt":"2018-04-21T14:36:32","guid":{"rendered":"http:\/\/djabe.hu\/?post_type=product&#038;p=5652"},"modified":"2024-10-09T13:55:08","modified_gmt":"2024-10-09T12:55:08","slug":"forward-live-2lp","status":"publish","type":"product","link":"https:\/\/djabe.hu\/en\/uzlet\/forward-live-2lp\/","title":{"rendered":"Djabe with MSO: Forward Live 2LP"},"content":{"rendered":"<p><iframe loading=\"lazy\" title=\"Djabe and MSO - Hang Out and New Words\" width=\"900\" height=\"506\" src=\"https:\/\/www.youtube.com\/embed\/hQtRsmLW5ig?feature=oembed\" frameborder=\"0\" allow=\"accelerometer; autoplay; clipboard-write; encrypted-media; gyroscope; picture-in-picture\" allowfullscreen><\/iframe><\/p>\n","protected":false},"excerpt":{"rendered":"<p>Djabe released <em>Forward<\/em> in 2014, an album made with the inclusion of the Hungarian Symphony Orchestra Miskolc. Both the audience and critics hailed this release as the paramount Djabe experience. \u00a0<a href=\"http:\/\/djabe.hu\/js_albums\/forward-live-2lp\/\"><span style=\"color: #6094c1;\">&gt;&gt;<\/span><\/a><\/p>\n","protected":false},"featured_media":5655,"template":"","meta":[],"product_brand":[],"product_cat":[40],"product_tag":[],"class_list":{"0":"post-5652","1":"product","2":"type-product","3":"status-publish","4":"has-post-thumbnail","6":"product_cat-lp","7":"repupress_customize_woocommerce_productom_class","9":"first","10":"instock","11":"shipping-taxable","12":"purchasable","13":"product-type-simple"},"yoast_head":"<!-- This site is optimized with the Yoast SEO plugin v27.4 - https:\/\/yoast.com\/product\/yoast-seo-wordpress\/ -->\n<title>Djabe with MSO: Forward Live 2LP - Djabe<\/title>\n<meta name=\"description\" content=\"Djabe released Forward in 2014, an album made with the inclusion of the Hungarian Symphony Orchestra Miskolc. Both the audience and critics hailed this release as the paramount Djabe experience. The most outstanding about Forward are the compositions, born to feature Djabe and the symphonics as equal partners: two musical worlds complementing and completing each other. Many claim Forward is the best ever album released by the band. Compositions made by Tam\u00e1s Barab\u00e1s and Attila \u00c9gerh\u00e1zi, symphonic sections were written by Tam\u00e1s Barab\u00e1s and orchestrated by Zolt\u00e1n Kov\u00e1cs.\" \/>\n<meta name=\"robots\" content=\"index, follow, max-snippet:-1, max-image-preview:large, max-video-preview:-1\" \/>\n<link rel=\"canonical\" href=\"https:\/\/djabe.hu\/uzlet\/forward-live-2lp\/\" \/>\n<meta property=\"og:locale\" content=\"en_US\" \/>\n<meta property=\"og:type\" content=\"article\" \/>\n<meta property=\"og:title\" content=\"Djabe with MSO: Forward Live 2LP\" \/>\n<meta property=\"og:description\" content=\"{:en}Djabe released Forward in 2014, an album made with the inclusion of the Hungarian Symphony Orchestra Miskolc. Both the audience and critics hailed this release as the paramount Djabe experience. The most outstanding about Forward are the compositions, born to feature Djabe and the symphonics as equal partners: two musical worlds complementing and completing each other. Many claim Forward is the best ever album released by the band. Compositions made by Tam\u00e1s Barab\u00e1s and Attila \u00c9gerh\u00e1zi, symphonic sections were written by Tam\u00e1s Barab\u00e1s and orchestrated by Zolt\u00e1n Kov\u00e1cs.{:}\" \/>\n<meta property=\"og:url\" content=\"https:\/\/djabe.hu\/uzlet\/forward-live-2lp\/\" \/>\n<meta property=\"og:site_name\" content=\"Djabe\" \/>\n<meta property=\"article:modified_time\" content=\"2024-10-09T12:55:08+00:00\" \/>\n<meta property=\"og:image\" content=\"https:\/\/djabe.hu\/wp-content\/uploads\/2018\/04\/forward_live_LP-e1532953649770.png\" \/>\n\t<meta property=\"og:image:width\" content=\"1075\" \/>\n\t<meta property=\"og:image:height\" content=\"975\" \/>\n\t<meta property=\"og:image:type\" content=\"image\/png\" \/>\n<meta name=\"twitter:card\" content=\"summary_large_image\" \/>\n<meta name=\"twitter:title\" content=\"Djabe with MSO: Forward Live 2LP\" \/>\n<meta name=\"twitter:image\" content=\"https:\/\/djabe.hu\/wp-content\/uploads\/2018\/04\/forward_live_LP-e1532953649770.png\" \/>\n<script type=\"application\/ld+json\" class=\"yoast-schema-graph\">{\"@context\":\"https:\\\/\\\/schema.org\",\"@graph\":[{\"@type\":\"WebPage\",\"@id\":\"https:\\\/\\\/djabe.hu\\\/uzlet\\\/forward-live-2lp\\\/\",\"url\":\"https:\\\/\\\/djabe.hu\\\/uzlet\\\/forward-live-2lp\\\/\",\"name\":\"Djabe with MSO: Forward Live 2LP - Djabe\",\"isPartOf\":{\"@id\":\"https:\\\/\\\/djabe.hu\\\/en\\\/#website\"},\"primaryImageOfPage\":{\"@id\":\"https:\\\/\\\/djabe.hu\\\/uzlet\\\/forward-live-2lp\\\/#primaryimage\"},\"image\":{\"@id\":\"https:\\\/\\\/djabe.hu\\\/uzlet\\\/forward-live-2lp\\\/#primaryimage\"},\"thumbnailUrl\":\"https:\\\/\\\/djabe.hu\\\/wp-content\\\/uploads\\\/2018\\\/04\\\/forward_live_LP-e1532953649770.png\",\"datePublished\":\"2018-04-21T14:36:32+00:00\",\"dateModified\":\"2024-10-09T12:55:08+00:00\",\"description\":\"{:en}Djabe released Forward in 2014, an album made with the inclusion of the Hungarian Symphony Orchestra Miskolc. Both the audience and critics hailed this release as the paramount Djabe experience. The most outstanding about Forward are the compositions, born to feature Djabe and the symphonics as equal partners: two musical worlds complementing and completing each other. Many claim Forward is the best ever album released by the band. Compositions made by Tam\u00e1s Barab\u00e1s and Attila \u00c9gerh\u00e1zi, symphonic sections were written by Tam\u00e1s Barab\u00e1s and orchestrated by Zolt\u00e1n Kov\u00e1cs.{:}\",\"breadcrumb\":{\"@id\":\"https:\\\/\\\/djabe.hu\\\/uzlet\\\/forward-live-2lp\\\/#breadcrumb\"},\"inLanguage\":\"en-US\",\"potentialAction\":[{\"@type\":\"ReadAction\",\"target\":[\"https:\\\/\\\/djabe.hu\\\/uzlet\\\/forward-live-2lp\\\/\"]}]},{\"@type\":\"ImageObject\",\"inLanguage\":\"en-US\",\"@id\":\"https:\\\/\\\/djabe.hu\\\/uzlet\\\/forward-live-2lp\\\/#primaryimage\",\"url\":\"https:\\\/\\\/djabe.hu\\\/wp-content\\\/uploads\\\/2018\\\/04\\\/forward_live_LP-e1532953649770.png\",\"contentUrl\":\"https:\\\/\\\/djabe.hu\\\/wp-content\\\/uploads\\\/2018\\\/04\\\/forward_live_LP-e1532953649770.png\",\"width\":1075,\"height\":975,\"caption\":\"Djabe with MSO: Forward Live 2LP\"},{\"@type\":\"BreadcrumbList\",\"@id\":\"https:\\\/\\\/djabe.hu\\\/uzlet\\\/forward-live-2lp\\\/#breadcrumb\",\"itemListElement\":[{\"@type\":\"ListItem\",\"position\":1,\"name\":\"Home\",\"item\":\"https:\\\/\\\/djabe.hu\\\/en\\\/\"},{\"@type\":\"ListItem\",\"position\":2,\"name\":\"\u00c1ruh\u00e1z\",\"item\":\"https:\\\/\\\/djabe.hu\\\/uzlet\\\/\"},{\"@type\":\"ListItem\",\"position\":3,\"name\":\"Djabe with MSO: Forward Live 2LP\"}]},{\"@type\":\"WebSite\",\"@id\":\"https:\\\/\\\/djabe.hu\\\/en\\\/#website\",\"url\":\"https:\\\/\\\/djabe.hu\\\/en\\\/\",\"name\":\"Djabe\",\"description\":\"Official site\",\"potentialAction\":[{\"@type\":\"SearchAction\",\"target\":{\"@type\":\"EntryPoint\",\"urlTemplate\":\"https:\\\/\\\/djabe.hu\\\/en\\\/?s={search_term_string}\"},\"query-input\":{\"@type\":\"PropertyValueSpecification\",\"valueRequired\":true,\"valueName\":\"search_term_string\"}}],\"inLanguage\":\"en-US\"}]}<\/script>\n<!-- \/ Yoast SEO plugin. -->","yoast_head_json":{"title":"Djabe with MSO: Forward Live 2LP - Djabe","description":"Djabe released Forward in 2014, an album made with the inclusion of the Hungarian Symphony Orchestra Miskolc. Both the audience and critics hailed this release as the paramount Djabe experience. The most outstanding about Forward are the compositions, born to feature Djabe and the symphonics as equal partners: two musical worlds complementing and completing each other. Many claim Forward is the best ever album released by the band. Compositions made by Tam\u00e1s Barab\u00e1s and Attila \u00c9gerh\u00e1zi, symphonic sections were written by Tam\u00e1s Barab\u00e1s and orchestrated by Zolt\u00e1n Kov\u00e1cs.","robots":{"index":"index","follow":"follow","max-snippet":"max-snippet:-1","max-image-preview":"max-image-preview:large","max-video-preview":"max-video-preview:-1"},"canonical":"https:\/\/djabe.hu\/uzlet\/forward-live-2lp\/","og_locale":"en_US","og_type":"article","og_title":"Djabe with MSO: Forward Live 2LP","og_description":"{:en}Djabe released Forward in 2014, an album made with the inclusion of the Hungarian Symphony Orchestra Miskolc. Both the audience and critics hailed this release as the paramount Djabe experience. The most outstanding about Forward are the compositions, born to feature Djabe and the symphonics as equal partners: two musical worlds complementing and completing each other. Many claim Forward is the best ever album released by the band. Compositions made by Tam\u00e1s Barab\u00e1s and Attila \u00c9gerh\u00e1zi, symphonic sections were written by Tam\u00e1s Barab\u00e1s and orchestrated by Zolt\u00e1n Kov\u00e1cs.{:}","og_url":"https:\/\/djabe.hu\/uzlet\/forward-live-2lp\/","og_site_name":"Djabe","article_modified_time":"2024-10-09T12:55:08+00:00","og_image":[{"width":1075,"height":975,"url":"https:\/\/djabe.hu\/wp-content\/uploads\/2018\/04\/forward_live_LP-e1532953649770.png","type":"image\/png"}],"twitter_card":"summary_large_image","twitter_title":"Djabe with MSO: Forward Live 2LP","twitter_image":"https:\/\/djabe.hu\/wp-content\/uploads\/2018\/04\/forward_live_LP-e1532953649770.png","schema":{"@context":"https:\/\/schema.org","@graph":[{"@type":"WebPage","@id":"https:\/\/djabe.hu\/uzlet\/forward-live-2lp\/","url":"https:\/\/djabe.hu\/uzlet\/forward-live-2lp\/","name":"Djabe with MSO: Forward Live 2LP - Djabe","isPartOf":{"@id":"https:\/\/djabe.hu\/en\/#website"},"primaryImageOfPage":{"@id":"https:\/\/djabe.hu\/uzlet\/forward-live-2lp\/#primaryimage"},"image":{"@id":"https:\/\/djabe.hu\/uzlet\/forward-live-2lp\/#primaryimage"},"thumbnailUrl":"https:\/\/djabe.hu\/wp-content\/uploads\/2018\/04\/forward_live_LP-e1532953649770.png","datePublished":"2018-04-21T14:36:32+00:00","dateModified":"2024-10-09T12:55:08+00:00","description":"{:en}Djabe released Forward in 2014, an album made with the inclusion of the Hungarian Symphony Orchestra Miskolc. Both the audience and critics hailed this release as the paramount Djabe experience. The most outstanding about Forward are the compositions, born to feature Djabe and the symphonics as equal partners: two musical worlds complementing and completing each other. Many claim Forward is the best ever album released by the band. Compositions made by Tam\u00e1s Barab\u00e1s and Attila \u00c9gerh\u00e1zi, symphonic sections were written by Tam\u00e1s Barab\u00e1s and orchestrated by Zolt\u00e1n Kov\u00e1cs.{:}","breadcrumb":{"@id":"https:\/\/djabe.hu\/uzlet\/forward-live-2lp\/#breadcrumb"},"inLanguage":"en-US","potentialAction":[{"@type":"ReadAction","target":["https:\/\/djabe.hu\/uzlet\/forward-live-2lp\/"]}]},{"@type":"ImageObject","inLanguage":"en-US","@id":"https:\/\/djabe.hu\/uzlet\/forward-live-2lp\/#primaryimage","url":"https:\/\/djabe.hu\/wp-content\/uploads\/2018\/04\/forward_live_LP-e1532953649770.png","contentUrl":"https:\/\/djabe.hu\/wp-content\/uploads\/2018\/04\/forward_live_LP-e1532953649770.png","width":1075,"height":975,"caption":"Djabe with MSO: Forward Live 2LP"},{"@type":"BreadcrumbList","@id":"https:\/\/djabe.hu\/uzlet\/forward-live-2lp\/#breadcrumb","itemListElement":[{"@type":"ListItem","position":1,"name":"Home","item":"https:\/\/djabe.hu\/en\/"},{"@type":"ListItem","position":2,"name":"\u00c1ruh\u00e1z","item":"https:\/\/djabe.hu\/uzlet\/"},{"@type":"ListItem","position":3,"name":"Djabe with MSO: Forward Live 2LP"}]},{"@type":"WebSite","@id":"https:\/\/djabe.hu\/en\/#website","url":"https:\/\/djabe.hu\/en\/","name":"Djabe","description":"Official site","potentialAction":[{"@type":"SearchAction","target":{"@type":"EntryPoint","urlTemplate":"https:\/\/djabe.hu\/en\/?s={search_term_string}"},"query-input":{"@type":"PropertyValueSpecification","valueRequired":true,"valueName":"search_term_string"}}],"inLanguage":"en-US"}]}},"jetpack_sharing_enabled":true,"_links":{"self":[{"href":"https:\/\/djabe.hu\/en\/wp-json\/wp\/v2\/product\/5652","targetHints":{"allow":["GET"]}}],"collection":[{"href":"https:\/\/djabe.hu\/en\/wp-json\/wp\/v2\/product"}],"about":[{"href":"https:\/\/djabe.hu\/en\/wp-json\/wp\/v2\/types\/product"}],"wp:featuredmedia":[{"embeddable":true,"href":"https:\/\/djabe.hu\/en\/wp-json\/wp\/v2\/media\/5655"}],"wp:attachment":[{"href":"https:\/\/djabe.hu\/en\/wp-json\/wp\/v2\/media?parent=5652"}],"wp:term":[{"taxonomy":"product_brand","embeddable":true,"href":"https:\/\/djabe.hu\/en\/wp-json\/wp\/v2\/product_brand?post=5652"},{"taxonomy":"product_cat","embeddable":true,"href":"https:\/\/djabe.hu\/en\/wp-json\/wp\/v2\/product_cat?post=5652"},{"taxonomy":"product_tag","embeddable":true,"href":"https:\/\/djabe.hu\/en\/wp-json\/wp\/v2\/product_tag?post=5652"}],"curies":[{"name":"wp","href":"https:\/\/api.w.org\/{rel}","templated":true}]}}