{"id":5418,"date":"2018-01-19T16:02:18","date_gmt":"2018-01-19T15:02:18","guid":{"rendered":"http:\/\/djabe.hu\/?post_type=product&#038;p=5418"},"modified":"2024-04-08T11:06:00","modified_gmt":"2024-04-08T10:06:00","slug":"elorendeles-it-is-never-the-same-twice-cddvd","status":"publish","type":"product","link":"https:\/\/djabe.hu\/en\/uzlet\/elorendeles-it-is-never-the-same-twice-cddvd\/","title":{"rendered":"Djabe with Steve Hackett &#038; Gulli Briem: It Is Never The Same Twice CD+DVD"},"content":{"rendered":"","protected":false},"excerpt":{"rendered":"<p><span style=\"color: #ffffff;\">DVD9, PAL, stereo PCM, 24\/96 DTS 5.1<br \/>\nDjabe\u2019s new live album features Steve Hackett (guitarist from Genesis) and Gulli Briem (drummer of Mezzoforte).<\/span> <a href=\"http:\/\/djabe.hu\/js_albums\/it-is-never-the-same-twice\/\"><span style=\"color: #6094c1;\">&gt;&gt;<\/span><\/a><\/p>\n","protected":false},"featured_media":5419,"template":"","meta":[],"product_brand":[],"product_cat":[38,41,73],"product_tag":[],"class_list":{"0":"post-5418","1":"product","2":"type-product","3":"status-publish","4":"has-post-thumbnail","6":"product_cat-cd","7":"product_cat-dvd","8":"product_cat-steve-hackett","9":"repupress_customize_woocommerce_productom_class","11":"first","12":"outofstock","13":"shipping-taxable","14":"purchasable","15":"product-type-simple"},"yoast_head":"<!-- This site is optimized with the Yoast SEO plugin v27.5 - https:\/\/yoast.com\/product\/yoast-seo-wordpress\/ -->\n<title>Djabe with Steve Hackett &amp; Gulli Briem: It Is Never The Same Twice CD+DVD - Djabe<\/title>\n<meta name=\"robots\" content=\"index, follow, max-snippet:-1, max-image-preview:large, max-video-preview:-1\" \/>\n<link rel=\"canonical\" href=\"https:\/\/djabe.hu\/uzlet\/elorendeles-it-is-never-the-same-twice-cddvd\/\" \/>\n<meta property=\"og:locale\" content=\"en_US\" \/>\n<meta property=\"og:type\" content=\"article\" \/>\n<meta property=\"og:title\" content=\"Djabe with Steve Hackett &amp; Gulli Briem: It Is Never The Same Twice CD+DVD - Djabe\" \/>\n<meta property=\"og:description\" content=\"[:hu]DVD9, PAL, stereo PCM, 24\/96 DTS 5.1 A Djabe \u00faj koncert album\u00e1t Steve Hackettel a Genesis git\u00e1ros\u00e1val \u00e9s Gulli Briemmel a Mezzoforte dobos\u00e1val k\u00e9sz\u00edtette.\u00a0&gt;&gt;[:en]DVD9, PAL, stereo PCM, 24\/96 DTS 5.1 Djabe\u2019s new live album features Steve Hackett (guitarist from Genesis) and Gulli Briem (drummer of Mezzoforte). &gt;&gt;[:]\" \/>\n<meta property=\"og:url\" content=\"https:\/\/djabe.hu\/uzlet\/elorendeles-it-is-never-the-same-twice-cddvd\/\" \/>\n<meta property=\"og:site_name\" content=\"Djabe\" \/>\n<meta property=\"article:modified_time\" content=\"2024-04-08T10:06:00+00:00\" \/>\n<meta property=\"og:image\" content=\"https:\/\/djabe.hu\/wp-content\/uploads\/2018\/01\/it_is_never_the_same_twice_webshop.png\" \/>\n\t<meta property=\"og:image:width\" content=\"1300\" \/>\n\t<meta property=\"og:image:height\" content=\"975\" \/>\n\t<meta property=\"og:image:type\" content=\"image\/png\" \/>\n<meta name=\"twitter:card\" content=\"summary_large_image\" \/>\n<script type=\"application\/ld+json\" class=\"yoast-schema-graph\">{\"@context\":\"https:\\\/\\\/schema.org\",\"@graph\":[{\"@type\":\"WebPage\",\"@id\":\"https:\\\/\\\/djabe.hu\\\/uzlet\\\/elorendeles-it-is-never-the-same-twice-cddvd\\\/\",\"url\":\"https:\\\/\\\/djabe.hu\\\/uzlet\\\/elorendeles-it-is-never-the-same-twice-cddvd\\\/\",\"name\":\"Djabe with Steve Hackett & Gulli Briem: It Is Never The Same Twice CD+DVD - Djabe\",\"isPartOf\":{\"@id\":\"https:\\\/\\\/djabe.hu\\\/en\\\/#website\"},\"primaryImageOfPage\":{\"@id\":\"https:\\\/\\\/djabe.hu\\\/uzlet\\\/elorendeles-it-is-never-the-same-twice-cddvd\\\/#primaryimage\"},\"image\":{\"@id\":\"https:\\\/\\\/djabe.hu\\\/uzlet\\\/elorendeles-it-is-never-the-same-twice-cddvd\\\/#primaryimage\"},\"thumbnailUrl\":\"https:\\\/\\\/djabe.hu\\\/wp-content\\\/uploads\\\/2018\\\/01\\\/it_is_never_the_same_twice_webshop.png\",\"datePublished\":\"2018-01-19T15:02:18+00:00\",\"dateModified\":\"2024-04-08T10:06:00+00:00\",\"breadcrumb\":{\"@id\":\"https:\\\/\\\/djabe.hu\\\/uzlet\\\/elorendeles-it-is-never-the-same-twice-cddvd\\\/#breadcrumb\"},\"inLanguage\":\"en-US\",\"potentialAction\":[{\"@type\":\"ReadAction\",\"target\":[\"https:\\\/\\\/djabe.hu\\\/uzlet\\\/elorendeles-it-is-never-the-same-twice-cddvd\\\/\"]}]},{\"@type\":\"ImageObject\",\"inLanguage\":\"en-US\",\"@id\":\"https:\\\/\\\/djabe.hu\\\/uzlet\\\/elorendeles-it-is-never-the-same-twice-cddvd\\\/#primaryimage\",\"url\":\"https:\\\/\\\/djabe.hu\\\/wp-content\\\/uploads\\\/2018\\\/01\\\/it_is_never_the_same_twice_webshop.png\",\"contentUrl\":\"https:\\\/\\\/djabe.hu\\\/wp-content\\\/uploads\\\/2018\\\/01\\\/it_is_never_the_same_twice_webshop.png\",\"width\":1300,\"height\":975},{\"@type\":\"BreadcrumbList\",\"@id\":\"https:\\\/\\\/djabe.hu\\\/uzlet\\\/elorendeles-it-is-never-the-same-twice-cddvd\\\/#breadcrumb\",\"itemListElement\":[{\"@type\":\"ListItem\",\"position\":1,\"name\":\"Home\",\"item\":\"https:\\\/\\\/djabe.hu\\\/en\\\/\"},{\"@type\":\"ListItem\",\"position\":2,\"name\":\"\u00c1ruh\u00e1z\",\"item\":\"https:\\\/\\\/djabe.hu\\\/uzlet\\\/\"},{\"@type\":\"ListItem\",\"position\":3,\"name\":\"Djabe with Steve Hackett &#038; Gulli Briem: It Is Never The Same Twice CD+DVD\"}]},{\"@type\":\"WebSite\",\"@id\":\"https:\\\/\\\/djabe.hu\\\/en\\\/#website\",\"url\":\"https:\\\/\\\/djabe.hu\\\/en\\\/\",\"name\":\"Djabe\",\"description\":\"Official site\",\"potentialAction\":[{\"@type\":\"SearchAction\",\"target\":{\"@type\":\"EntryPoint\",\"urlTemplate\":\"https:\\\/\\\/djabe.hu\\\/en\\\/?s={search_term_string}\"},\"query-input\":{\"@type\":\"PropertyValueSpecification\",\"valueRequired\":true,\"valueName\":\"search_term_string\"}}],\"inLanguage\":\"en-US\"}]}<\/script>\n<!-- \/ Yoast SEO plugin. -->","yoast_head_json":{"title":"Djabe with Steve Hackett & Gulli Briem: It Is Never The Same Twice CD+DVD - Djabe","robots":{"index":"index","follow":"follow","max-snippet":"max-snippet:-1","max-image-preview":"max-image-preview:large","max-video-preview":"max-video-preview:-1"},"canonical":"https:\/\/djabe.hu\/uzlet\/elorendeles-it-is-never-the-same-twice-cddvd\/","og_locale":"en_US","og_type":"article","og_title":"Djabe with Steve Hackett & Gulli Briem: It Is Never The Same Twice CD+DVD - Djabe","og_description":"[:hu]DVD9, PAL, stereo PCM, 24\/96 DTS 5.1 A Djabe \u00faj koncert album\u00e1t Steve Hackettel a Genesis git\u00e1ros\u00e1val \u00e9s Gulli Briemmel a Mezzoforte dobos\u00e1val k\u00e9sz\u00edtette.\u00a0&gt;&gt;[:en]DVD9, PAL, stereo PCM, 24\/96 DTS 5.1 Djabe\u2019s new live album features Steve Hackett (guitarist from Genesis) and Gulli Briem (drummer of Mezzoforte). &gt;&gt;[:]","og_url":"https:\/\/djabe.hu\/uzlet\/elorendeles-it-is-never-the-same-twice-cddvd\/","og_site_name":"Djabe","article_modified_time":"2024-04-08T10:06:00+00:00","og_image":[{"width":1300,"height":975,"url":"https:\/\/djabe.hu\/wp-content\/uploads\/2018\/01\/it_is_never_the_same_twice_webshop.png","type":"image\/png"}],"twitter_card":"summary_large_image","schema":{"@context":"https:\/\/schema.org","@graph":[{"@type":"WebPage","@id":"https:\/\/djabe.hu\/uzlet\/elorendeles-it-is-never-the-same-twice-cddvd\/","url":"https:\/\/djabe.hu\/uzlet\/elorendeles-it-is-never-the-same-twice-cddvd\/","name":"Djabe with Steve Hackett & Gulli Briem: It Is Never The Same Twice CD+DVD - Djabe","isPartOf":{"@id":"https:\/\/djabe.hu\/en\/#website"},"primaryImageOfPage":{"@id":"https:\/\/djabe.hu\/uzlet\/elorendeles-it-is-never-the-same-twice-cddvd\/#primaryimage"},"image":{"@id":"https:\/\/djabe.hu\/uzlet\/elorendeles-it-is-never-the-same-twice-cddvd\/#primaryimage"},"thumbnailUrl":"https:\/\/djabe.hu\/wp-content\/uploads\/2018\/01\/it_is_never_the_same_twice_webshop.png","datePublished":"2018-01-19T15:02:18+00:00","dateModified":"2024-04-08T10:06:00+00:00","breadcrumb":{"@id":"https:\/\/djabe.hu\/uzlet\/elorendeles-it-is-never-the-same-twice-cddvd\/#breadcrumb"},"inLanguage":"en-US","potentialAction":[{"@type":"ReadAction","target":["https:\/\/djabe.hu\/uzlet\/elorendeles-it-is-never-the-same-twice-cddvd\/"]}]},{"@type":"ImageObject","inLanguage":"en-US","@id":"https:\/\/djabe.hu\/uzlet\/elorendeles-it-is-never-the-same-twice-cddvd\/#primaryimage","url":"https:\/\/djabe.hu\/wp-content\/uploads\/2018\/01\/it_is_never_the_same_twice_webshop.png","contentUrl":"https:\/\/djabe.hu\/wp-content\/uploads\/2018\/01\/it_is_never_the_same_twice_webshop.png","width":1300,"height":975},{"@type":"BreadcrumbList","@id":"https:\/\/djabe.hu\/uzlet\/elorendeles-it-is-never-the-same-twice-cddvd\/#breadcrumb","itemListElement":[{"@type":"ListItem","position":1,"name":"Home","item":"https:\/\/djabe.hu\/en\/"},{"@type":"ListItem","position":2,"name":"\u00c1ruh\u00e1z","item":"https:\/\/djabe.hu\/uzlet\/"},{"@type":"ListItem","position":3,"name":"Djabe with Steve Hackett &#038; Gulli Briem: It Is Never The Same Twice CD+DVD"}]},{"@type":"WebSite","@id":"https:\/\/djabe.hu\/en\/#website","url":"https:\/\/djabe.hu\/en\/","name":"Djabe","description":"Official site","potentialAction":[{"@type":"SearchAction","target":{"@type":"EntryPoint","urlTemplate":"https:\/\/djabe.hu\/en\/?s={search_term_string}"},"query-input":{"@type":"PropertyValueSpecification","valueRequired":true,"valueName":"search_term_string"}}],"inLanguage":"en-US"}]}},"jetpack_sharing_enabled":true,"_links":{"self":[{"href":"https:\/\/djabe.hu\/en\/wp-json\/wp\/v2\/product\/5418","targetHints":{"allow":["GET"]}}],"collection":[{"href":"https:\/\/djabe.hu\/en\/wp-json\/wp\/v2\/product"}],"about":[{"href":"https:\/\/djabe.hu\/en\/wp-json\/wp\/v2\/types\/product"}],"wp:featuredmedia":[{"embeddable":true,"href":"https:\/\/djabe.hu\/en\/wp-json\/wp\/v2\/media\/5419"}],"wp:attachment":[{"href":"https:\/\/djabe.hu\/en\/wp-json\/wp\/v2\/media?parent=5418"}],"wp:term":[{"taxonomy":"product_brand","embeddable":true,"href":"https:\/\/djabe.hu\/en\/wp-json\/wp\/v2\/product_brand?post=5418"},{"taxonomy":"product_cat","embeddable":true,"href":"https:\/\/djabe.hu\/en\/wp-json\/wp\/v2\/product_cat?post=5418"},{"taxonomy":"product_tag","embeddable":true,"href":"https:\/\/djabe.hu\/en\/wp-json\/wp\/v2\/product_tag?post=5418"}],"curies":[{"name":"wp","href":"https:\/\/api.w.org\/{rel}","templated":true}]}}