{"id":5222,"date":"2016-01-22T10:31:07","date_gmt":"2016-01-22T09:31:07","guid":{"rendered":"http:\/\/djabe.hu\/?post_type=product&#038;p=5222"},"modified":"2021-09-30T13:18:43","modified_gmt":"2021-09-30T12:18:43","slug":"tovabbi-kiadvanyok-a-gr1993-records-kinalatabol","status":"publish","type":"product","link":"https:\/\/djabe.hu\/en\/uzlet\/tovabbi-kiadvanyok-a-gr1993-records-kinalatabol\/","title":{"rendered":"Further releases from GR1993 Records"},"content":{"rendered":"","protected":false},"excerpt":{"rendered":"<p><a href=\"http:\/\/gr1993records.com\/\"><span style=\"color: #4c97d9;\">Go to GR1993 Records<\/span><\/a><\/p>\n<p><span style=\"color: #ffffff;\">Steve Hackett, Gulli Briem, Johanna Beisteiner, Elsa Vall\u00e9, Alapi Istv\u00e1n, Balogh Roland, Horgas Eszter, John Nugent, Az\u00far Blue Band, Amatild, Vermes G\u00e1bor, Pocsai Kriszta, Peter Lipa, Kov\u00e1cs Ferenc, Sz\u0151ke Nikoletta, Squackett, John Hackett, Ko\u00f3s-Hut\u00e1s \u00c1ron, Novus Jam, Szaniszlo Richard<\/span><\/p>\n","protected":false},"featured_media":5223,"template":"","meta":[],"product_brand":[],"product_cat":[71],"product_tag":[],"class_list":{"0":"post-5222","1":"product","2":"type-product","3":"status-publish","4":"has-post-thumbnail","6":"product_cat-uncategorized","7":"repupress_customize_woocommerce_productom_class","9":"first","10":"instock","11":"virtual","12":"product-type-simple"},"yoast_head":"<!-- This site is optimized with the Yoast SEO plugin v27.2 - https:\/\/yoast.com\/product\/yoast-seo-wordpress\/ -->\n<title>Further releases from GR1993 Records - Djabe<\/title>\n<meta name=\"description\" content=\"(English) Steve Hackett, Gulli Briem, Johanna Beisteiner, Elsa Vall\u00e9, Alapi Istv\u00e1n, Balogh Roland, Horgas Eszter, John Nugent, Az\u00far Blue Band, Amatild, Vermes G\u00e1bor, Pocsai Kriszta, Peter Lipa, Kov\u00e1cs Ferenc, Sz\u0151ke Nikoletta, Squackett, John Hackett, Ko\u00f3s-Hut\u00e1s \u00c1ron, Novus Jam, Szaniszlo Richard\" \/>\n<meta name=\"robots\" content=\"index, follow, max-snippet:-1, max-image-preview:large, max-video-preview:-1\" \/>\n<link rel=\"canonical\" href=\"https:\/\/djabe.hu\/uzlet\/tovabbi-kiadvanyok-a-gr1993-records-kinalatabol\/\" \/>\n<meta property=\"og:locale\" content=\"en_US\" \/>\n<meta property=\"og:type\" content=\"article\" \/>\n<meta property=\"og:title\" content=\"Further releases from GR1993 Records\" \/>\n<meta property=\"og:description\" content=\"(English) Steve Hackett, Gulli Briem, Johanna Beisteiner, Elsa Vall\u00e9, Alapi Istv\u00e1n, Balogh Roland, Horgas Eszter, John Nugent, Az\u00far Blue Band, Amatild, Vermes G\u00e1bor, Pocsai Kriszta, Peter Lipa, Kov\u00e1cs Ferenc, Sz\u0151ke Nikoletta, Squackett, John Hackett, Ko\u00f3s-Hut\u00e1s \u00c1ron, Novus Jam, Szaniszlo Richard\" \/>\n<meta property=\"og:url\" content=\"https:\/\/djabe.hu\/uzlet\/tovabbi-kiadvanyok-a-gr1993-records-kinalatabol\/\" \/>\n<meta property=\"og:site_name\" content=\"Djabe\" \/>\n<meta property=\"article:modified_time\" content=\"2021-09-30T12:18:43+00:00\" \/>\n<meta property=\"og:image\" content=\"https:\/\/djabe.hu\/wp-content\/uploads\/2017\/11\/gramy_records_thumbnail.jpg\" \/>\n\t<meta property=\"og:image:width\" content=\"800\" \/>\n\t<meta property=\"og:image:height\" content=\"800\" \/>\n\t<meta property=\"og:image:type\" content=\"image\/jpeg\" \/>\n<meta name=\"twitter:card\" content=\"summary_large_image\" \/>\n<meta name=\"twitter:title\" content=\"Further releases from GR1993 Records\" \/>\n<meta name=\"twitter:image\" content=\"https:\/\/djabe.hu\/wp-content\/uploads\/2017\/11\/gramy_records_thumbnail.jpg\" \/>\n<script type=\"application\/ld+json\" class=\"yoast-schema-graph\">{\"@context\":\"https:\/\/schema.org\",\"@graph\":[{\"@type\":\"WebPage\",\"@id\":\"https:\/\/djabe.hu\/uzlet\/tovabbi-kiadvanyok-a-gr1993-records-kinalatabol\/\",\"url\":\"https:\/\/djabe.hu\/uzlet\/tovabbi-kiadvanyok-a-gr1993-records-kinalatabol\/\",\"name\":\"Further releases from GR1993 Records - Djabe\",\"isPartOf\":{\"@id\":\"https:\/\/djabe.hu\/en\/#website\"},\"primaryImageOfPage\":{\"@id\":\"https:\/\/djabe.hu\/uzlet\/tovabbi-kiadvanyok-a-gr1993-records-kinalatabol\/#primaryimage\"},\"image\":{\"@id\":\"https:\/\/djabe.hu\/uzlet\/tovabbi-kiadvanyok-a-gr1993-records-kinalatabol\/#primaryimage\"},\"thumbnailUrl\":\"https:\/\/djabe.hu\/wp-content\/uploads\/2017\/11\/gramy_records_thumbnail.jpg\",\"datePublished\":\"2016-01-22T09:31:07+00:00\",\"dateModified\":\"2021-09-30T12:18:43+00:00\",\"description\":\"(English) Steve Hackett, Gulli Briem, Johanna Beisteiner, Elsa Vall\u00e9, Alapi Istv\u00e1n, Balogh Roland, Horgas Eszter, John Nugent, Az\u00far Blue Band, Amatild, Vermes G\u00e1bor, Pocsai Kriszta, Peter Lipa, Kov\u00e1cs Ferenc, Sz\u0151ke Nikoletta, Squackett, John Hackett, Ko\u00f3s-Hut\u00e1s \u00c1ron, Novus Jam, Szaniszlo Richard\",\"breadcrumb\":{\"@id\":\"https:\/\/djabe.hu\/uzlet\/tovabbi-kiadvanyok-a-gr1993-records-kinalatabol\/#breadcrumb\"},\"inLanguage\":\"en-US\",\"potentialAction\":[{\"@type\":\"ReadAction\",\"target\":[\"https:\/\/djabe.hu\/uzlet\/tovabbi-kiadvanyok-a-gr1993-records-kinalatabol\/\"]}]},{\"@type\":\"ImageObject\",\"inLanguage\":\"en-US\",\"@id\":\"https:\/\/djabe.hu\/uzlet\/tovabbi-kiadvanyok-a-gr1993-records-kinalatabol\/#primaryimage\",\"url\":\"https:\/\/djabe.hu\/wp-content\/uploads\/2017\/11\/gramy_records_thumbnail.jpg\",\"contentUrl\":\"https:\/\/djabe.hu\/wp-content\/uploads\/2017\/11\/gramy_records_thumbnail.jpg\",\"width\":800,\"height\":800,\"caption\":\"Further releases from GR1993 Records\"},{\"@type\":\"BreadcrumbList\",\"@id\":\"https:\/\/djabe.hu\/uzlet\/tovabbi-kiadvanyok-a-gr1993-records-kinalatabol\/#breadcrumb\",\"itemListElement\":[{\"@type\":\"ListItem\",\"position\":1,\"name\":\"Home\",\"item\":\"https:\/\/djabe.hu\/en\/\"},{\"@type\":\"ListItem\",\"position\":2,\"name\":\"\u00c1ruh\u00e1z\",\"item\":\"https:\/\/djabe.hu\/uzlet\/\"},{\"@type\":\"ListItem\",\"position\":3,\"name\":\"Tov\u00e1bbi kiadv\u00e1nyok a GR1993 Records k\u00edn\u00e1lat\u00e1b\u00f3l\"}]},{\"@type\":\"WebSite\",\"@id\":\"https:\/\/djabe.hu\/en\/#website\",\"url\":\"https:\/\/djabe.hu\/en\/\",\"name\":\"Djabe\",\"description\":\"Official site\",\"potentialAction\":[{\"@type\":\"SearchAction\",\"target\":{\"@type\":\"EntryPoint\",\"urlTemplate\":\"https:\/\/djabe.hu\/en\/?s={search_term_string}\"},\"query-input\":{\"@type\":\"PropertyValueSpecification\",\"valueRequired\":true,\"valueName\":\"search_term_string\"}}],\"inLanguage\":\"en-US\"}]}<\/script>\n<!-- \/ Yoast SEO plugin. -->","yoast_head_json":{"title":"Further releases from GR1993 Records - Djabe","description":"(English) Steve Hackett, Gulli Briem, Johanna Beisteiner, Elsa Vall\u00e9, Alapi Istv\u00e1n, Balogh Roland, Horgas Eszter, John Nugent, Az\u00far Blue Band, Amatild, Vermes G\u00e1bor, Pocsai Kriszta, Peter Lipa, Kov\u00e1cs Ferenc, Sz\u0151ke Nikoletta, Squackett, John Hackett, Ko\u00f3s-Hut\u00e1s \u00c1ron, Novus Jam, Szaniszlo Richard","robots":{"index":"index","follow":"follow","max-snippet":"max-snippet:-1","max-image-preview":"max-image-preview:large","max-video-preview":"max-video-preview:-1"},"canonical":"https:\/\/djabe.hu\/uzlet\/tovabbi-kiadvanyok-a-gr1993-records-kinalatabol\/","og_locale":"en_US","og_type":"article","og_title":"Further releases from GR1993 Records","og_description":"(English) Steve Hackett, Gulli Briem, Johanna Beisteiner, Elsa Vall\u00e9, Alapi Istv\u00e1n, Balogh Roland, Horgas Eszter, John Nugent, Az\u00far Blue Band, Amatild, Vermes G\u00e1bor, Pocsai Kriszta, Peter Lipa, Kov\u00e1cs Ferenc, Sz\u0151ke Nikoletta, Squackett, John Hackett, Ko\u00f3s-Hut\u00e1s \u00c1ron, Novus Jam, Szaniszlo Richard","og_url":"https:\/\/djabe.hu\/uzlet\/tovabbi-kiadvanyok-a-gr1993-records-kinalatabol\/","og_site_name":"Djabe","article_modified_time":"2021-09-30T12:18:43+00:00","og_image":[{"width":800,"height":800,"url":"https:\/\/djabe.hu\/wp-content\/uploads\/2017\/11\/gramy_records_thumbnail.jpg","type":"image\/jpeg"}],"twitter_card":"summary_large_image","twitter_title":"Further releases from GR1993 Records","twitter_image":"https:\/\/djabe.hu\/wp-content\/uploads\/2017\/11\/gramy_records_thumbnail.jpg","schema":{"@context":"https:\/\/schema.org","@graph":[{"@type":"WebPage","@id":"https:\/\/djabe.hu\/uzlet\/tovabbi-kiadvanyok-a-gr1993-records-kinalatabol\/","url":"https:\/\/djabe.hu\/uzlet\/tovabbi-kiadvanyok-a-gr1993-records-kinalatabol\/","name":"Further releases from GR1993 Records - Djabe","isPartOf":{"@id":"https:\/\/djabe.hu\/en\/#website"},"primaryImageOfPage":{"@id":"https:\/\/djabe.hu\/uzlet\/tovabbi-kiadvanyok-a-gr1993-records-kinalatabol\/#primaryimage"},"image":{"@id":"https:\/\/djabe.hu\/uzlet\/tovabbi-kiadvanyok-a-gr1993-records-kinalatabol\/#primaryimage"},"thumbnailUrl":"https:\/\/djabe.hu\/wp-content\/uploads\/2017\/11\/gramy_records_thumbnail.jpg","datePublished":"2016-01-22T09:31:07+00:00","dateModified":"2021-09-30T12:18:43+00:00","description":"(English) Steve Hackett, Gulli Briem, Johanna Beisteiner, Elsa Vall\u00e9, Alapi Istv\u00e1n, Balogh Roland, Horgas Eszter, John Nugent, Az\u00far Blue Band, Amatild, Vermes G\u00e1bor, Pocsai Kriszta, Peter Lipa, Kov\u00e1cs Ferenc, Sz\u0151ke Nikoletta, Squackett, John Hackett, Ko\u00f3s-Hut\u00e1s \u00c1ron, Novus Jam, Szaniszlo Richard","breadcrumb":{"@id":"https:\/\/djabe.hu\/uzlet\/tovabbi-kiadvanyok-a-gr1993-records-kinalatabol\/#breadcrumb"},"inLanguage":"en-US","potentialAction":[{"@type":"ReadAction","target":["https:\/\/djabe.hu\/uzlet\/tovabbi-kiadvanyok-a-gr1993-records-kinalatabol\/"]}]},{"@type":"ImageObject","inLanguage":"en-US","@id":"https:\/\/djabe.hu\/uzlet\/tovabbi-kiadvanyok-a-gr1993-records-kinalatabol\/#primaryimage","url":"https:\/\/djabe.hu\/wp-content\/uploads\/2017\/11\/gramy_records_thumbnail.jpg","contentUrl":"https:\/\/djabe.hu\/wp-content\/uploads\/2017\/11\/gramy_records_thumbnail.jpg","width":800,"height":800,"caption":"Further releases from GR1993 Records"},{"@type":"BreadcrumbList","@id":"https:\/\/djabe.hu\/uzlet\/tovabbi-kiadvanyok-a-gr1993-records-kinalatabol\/#breadcrumb","itemListElement":[{"@type":"ListItem","position":1,"name":"Home","item":"https:\/\/djabe.hu\/en\/"},{"@type":"ListItem","position":2,"name":"\u00c1ruh\u00e1z","item":"https:\/\/djabe.hu\/uzlet\/"},{"@type":"ListItem","position":3,"name":"Tov\u00e1bbi kiadv\u00e1nyok a GR1993 Records k\u00edn\u00e1lat\u00e1b\u00f3l"}]},{"@type":"WebSite","@id":"https:\/\/djabe.hu\/en\/#website","url":"https:\/\/djabe.hu\/en\/","name":"Djabe","description":"Official site","potentialAction":[{"@type":"SearchAction","target":{"@type":"EntryPoint","urlTemplate":"https:\/\/djabe.hu\/en\/?s={search_term_string}"},"query-input":{"@type":"PropertyValueSpecification","valueRequired":true,"valueName":"search_term_string"}}],"inLanguage":"en-US"}]}},"jetpack_sharing_enabled":true,"_links":{"self":[{"href":"https:\/\/djabe.hu\/en\/wp-json\/wp\/v2\/product\/5222","targetHints":{"allow":["GET"]}}],"collection":[{"href":"https:\/\/djabe.hu\/en\/wp-json\/wp\/v2\/product"}],"about":[{"href":"https:\/\/djabe.hu\/en\/wp-json\/wp\/v2\/types\/product"}],"wp:featuredmedia":[{"embeddable":true,"href":"https:\/\/djabe.hu\/en\/wp-json\/wp\/v2\/media\/5223"}],"wp:attachment":[{"href":"https:\/\/djabe.hu\/en\/wp-json\/wp\/v2\/media?parent=5222"}],"wp:term":[{"taxonomy":"product_brand","embeddable":true,"href":"https:\/\/djabe.hu\/en\/wp-json\/wp\/v2\/product_brand?post=5222"},{"taxonomy":"product_cat","embeddable":true,"href":"https:\/\/djabe.hu\/en\/wp-json\/wp\/v2\/product_cat?post=5222"},{"taxonomy":"product_tag","embeddable":true,"href":"https:\/\/djabe.hu\/en\/wp-json\/wp\/v2\/product_tag?post=5222"}],"curies":[{"name":"wp","href":"https:\/\/api.w.org\/{rel}","templated":true}]}}