{"id":5039,"date":"2017-10-02T10:02:41","date_gmt":"2017-10-02T09:02:41","guid":{"rendered":"http:\/\/djabe.hu\/?post_type=product&#038;p=5039"},"modified":"2026-04-09T08:30:51","modified_gmt":"2026-04-09T07:30:51","slug":"djabe-steve-hackett-life-is-a-journey-the-sardinia-tapes-4-savos-mesterszalag","status":"publish","type":"product","link":"https:\/\/djabe.hu\/en\/uzlet\/djabe-steve-hackett-life-is-a-journey-the-sardinia-tapes-4-savos-mesterszalag\/","title":{"rendered":"Djabe &#038; Steve Hackett: Life Is A Journey \u2013 The Sardinia Tapes 4 track reel-to-reel, 73 minutes"},"content":{"rendered":"<p><iframe loading=\"lazy\" title=\"Djabe and Steve Hackett: Life Is A Journey\" width=\"900\" height=\"506\" src=\"https:\/\/www.youtube.com\/embed\/ptfUbK3-RSY?feature=oembed\" frameborder=\"0\" allow=\"accelerometer; autoplay; clipboard-write; encrypted-media; gyroscope; picture-in-picture\" allowfullscreen><\/iframe><\/p>\n","protected":false},"excerpt":{"rendered":"<p><span style=\"color: #ffffff;\">4 track Reel-to-reel tape, 18 cm trident plastic reel, 19 cm\/s recording speed, in a color printed box.\u00a0<\/span><a href=\"http:\/\/djabe.hu\/js_albums\/djabe-steve-hackett-life-is-a-journey-the-sardinia-tapes-4-savos-mesterszalag\/\"><span style=\"color: #6094c1;\">&gt;&gt;<\/span><\/a><span style=\"color: #ffffff;\">4 track Reel-to-reel tape, 18 cm trident plastic reel, 19 cm\/s recording speed, in a color printed box.\u00a0<\/span><a href=\"http:\/\/djabe.hu\/js_albums\/djabe-steve-hackett-life-is-a-journey-the-sardinia-tapes-4-savos-mesterszalag\/\"><span style=\"color: #6094c1;\">&gt;&gt;<\/span><\/a><span style=\"color: #ffffff;\">4 track Reel-to-reel tape, 18 cm trident plastic reel, 19 cm\/s recording speed, in a color printed box.\u00a0<\/span><a href=\"http:\/\/djabe.hu\/js_albums\/djabe-steve-hackett-life-is-a-journey-the-sardinia-tapes-4-savos-mesterszalag\/\"><span style=\"color: #6094c1;\">&gt;&gt;<\/span><\/a><span style=\"color: #ffffff;\">4 track Reel-to-reel tape, 18 cm trident plastic reel, 19 cm\/s recording speed, in a color printed box.\u00a0<\/span><a href=\"http:\/\/djabe.hu\/js_albums\/djabe-steve-hackett-life-is-a-journey-the-sardinia-tapes-4-savos-mesterszalag\/\"><span style=\"color: #6094c1;\">&gt;&gt;<\/span><\/a><\/p>\n","protected":false},"featured_media":5046,"template":"","meta":[],"product_brand":[],"product_cat":[57,73],"product_tag":[],"class_list":{"0":"post-5039","1":"product","2":"type-product","3":"status-publish","4":"has-post-thumbnail","6":"product_cat-reel-to-reel","7":"product_cat-steve-hackett","8":"repupress_customize_woocommerce_productom_class","10":"first","11":"instock","12":"shipping-taxable","13":"purchasable","14":"product-type-simple"},"yoast_head":"<!-- This site is optimized with the Yoast SEO plugin v27.4 - https:\/\/yoast.com\/product\/yoast-seo-wordpress\/ -->\n<title>Djabe &amp; Steve Hackett: Life Is A Journey \u2013 The Sardinia Tapes 4 track reel-to-reel, 73 minutes - Djabe<\/title>\n<meta name=\"description\" content=\"N\u00e9gys\u00e1vos mesterszalag, 18 centim\u00e9teres m\u0171anyag trident ors\u00f3, nyomtatott pap\u00edrdobozban.Steve Hackett, a Genesis git\u00e1rosak\u00e9nt lett ismert a vil\u00e1gon. Jelenleg is akt\u00edv el\u0151ad\u00f3, akinek folyamatosan jelennek meg lemezei \u00e9s a vil\u00e1g minden t\u00e1j\u00e1n rendszeresen koncertezik. A Djabe zenekar a jazz\/world fusion els\u0151sz\u00e1m\u00fa magyarorsz\u00e1gi k\u00e9pvisel\u0151je. 22 \u00e9ves p\u00e1lyafut\u00e1suk alatt sz\u00e1mos magyar \u00e9s nemzetk\u00f6zi d\u00edjat nyertek, t\u00f6bb mint 50 kiadv\u00e1nyuk jelent meg, \u00e9s 42 orsz\u00e1gban koncerteztek az elm\u00falt 16 \u00e9vben. Steve Hackett-tel 2003-ban kezd\u0151d\u00f6tt az egy\u00fcttm\u0171k\u00f6d\u00e9s\u00fck, amikor j\u00e1tszott a Djabe T\u00e1ncolnak a kazlak c. lemez\u00e9n.\" \/>\n<meta name=\"robots\" content=\"index, follow, max-snippet:-1, max-image-preview:large, max-video-preview:-1\" \/>\n<link rel=\"canonical\" href=\"https:\/\/djabe.hu\/uzlet\/djabe-steve-hackett-life-is-a-journey-the-sardinia-tapes-4-savos-mesterszalag\/\" \/>\n<meta property=\"og:locale\" content=\"en_US\" \/>\n<meta property=\"og:type\" content=\"article\" \/>\n<meta property=\"og:title\" content=\"Djabe\" \/>\n<meta property=\"og:description\" content=\"{:en}N\u00e9gys\u00e1vos mesterszalag, 18 centim\u00e9teres m\u0171anyag trident ors\u00f3, nyomtatott pap\u00edrdobozban.Steve Hackett, a Genesis git\u00e1rosak\u00e9nt lett ismert a vil\u00e1gon. Jelenleg is akt\u00edv el\u0151ad\u00f3, akinek folyamatosan jelennek meg lemezei \u00e9s a vil\u00e1g minden t\u00e1j\u00e1n rendszeresen koncertezik. A Djabe zenekar a jazz\/world fusion els\u0151sz\u00e1m\u00fa magyarorsz\u00e1gi k\u00e9pvisel\u0151je. 22 \u00e9ves p\u00e1lyafut\u00e1suk alatt sz\u00e1mos magyar \u00e9s nemzetk\u00f6zi d\u00edjat nyertek, t\u00f6bb mint 50 kiadv\u00e1nyuk jelent meg, \u00e9s 42 orsz\u00e1gban koncerteztek az elm\u00falt 16 \u00e9vben. Steve Hackett-tel 2003-ban kezd\u0151d\u00f6tt az egy\u00fcttm\u0171k\u00f6d\u00e9s\u00fck, amikor j\u00e1tszott a Djabe T\u00e1ncolnak a kazlak c. lemez\u00e9n.{:}\" \/>\n<meta property=\"og:url\" content=\"https:\/\/djabe.hu\/uzlet\/djabe-steve-hackett-life-is-a-journey-the-sardinia-tapes-4-savos-mesterszalag\/\" \/>\n<meta property=\"og:site_name\" content=\"Djabe\" \/>\n<meta property=\"article:modified_time\" content=\"2026-04-09T07:30:51+00:00\" \/>\n<meta property=\"og:image\" content=\"https:\/\/djabe.hu\/wp-content\/uploads\/2017\/10\/Djabe-and-Steve-Hackett-Life-Is-A-Journey-The-Sardinia-Tapes_mastertape_2.png\" \/>\n\t<meta property=\"og:image:width\" content=\"1300\" \/>\n\t<meta property=\"og:image:height\" content=\"975\" \/>\n\t<meta property=\"og:image:type\" content=\"image\/png\" \/>\n<meta name=\"twitter:card\" content=\"summary_large_image\" \/>\n<meta name=\"twitter:title\" content=\"Djabe\" \/>\n<meta name=\"twitter:image\" content=\"https:\/\/djabe.hu\/wp-content\/uploads\/2017\/10\/Djabe-and-Steve-Hackett-Life-Is-A-Journey-The-Sardinia-Tapes_mastertape_2.png\" \/>\n<meta name=\"twitter:label1\" content=\"Est. reading time\" \/>\n\t<meta name=\"twitter:data1\" content=\"1 minute\" \/>\n<script type=\"application\/ld+json\" class=\"yoast-schema-graph\">{\"@context\":\"https:\\\/\\\/schema.org\",\"@graph\":[{\"@type\":\"WebPage\",\"@id\":\"https:\\\/\\\/djabe.hu\\\/uzlet\\\/djabe-steve-hackett-life-is-a-journey-the-sardinia-tapes-4-savos-mesterszalag\\\/\",\"url\":\"https:\\\/\\\/djabe.hu\\\/uzlet\\\/djabe-steve-hackett-life-is-a-journey-the-sardinia-tapes-4-savos-mesterszalag\\\/\",\"name\":\"Djabe & Steve Hackett: Life Is A Journey \u2013 The Sardinia Tapes 4 track reel-to-reel, 73 minutes - Djabe\",\"isPartOf\":{\"@id\":\"https:\\\/\\\/djabe.hu\\\/en\\\/#website\"},\"primaryImageOfPage\":{\"@id\":\"https:\\\/\\\/djabe.hu\\\/uzlet\\\/djabe-steve-hackett-life-is-a-journey-the-sardinia-tapes-4-savos-mesterszalag\\\/#primaryimage\"},\"image\":{\"@id\":\"https:\\\/\\\/djabe.hu\\\/uzlet\\\/djabe-steve-hackett-life-is-a-journey-the-sardinia-tapes-4-savos-mesterszalag\\\/#primaryimage\"},\"thumbnailUrl\":\"https:\\\/\\\/djabe.hu\\\/wp-content\\\/uploads\\\/2017\\\/10\\\/Djabe-and-Steve-Hackett-Life-Is-A-Journey-The-Sardinia-Tapes_mastertape_2.png\",\"datePublished\":\"2017-10-02T09:02:41+00:00\",\"dateModified\":\"2026-04-09T07:30:51+00:00\",\"description\":\"{:en}N\u00e9gys\u00e1vos mesterszalag, 18 centim\u00e9teres m\u0171anyag trident ors\u00f3, nyomtatott pap\u00edrdobozban.Steve Hackett, a Genesis git\u00e1rosak\u00e9nt lett ismert a vil\u00e1gon. Jelenleg is akt\u00edv el\u0151ad\u00f3, akinek folyamatosan jelennek meg lemezei \u00e9s a vil\u00e1g minden t\u00e1j\u00e1n rendszeresen koncertezik. A Djabe zenekar a jazz\\\/world fusion els\u0151sz\u00e1m\u00fa magyarorsz\u00e1gi k\u00e9pvisel\u0151je. 22 \u00e9ves p\u00e1lyafut\u00e1suk alatt sz\u00e1mos magyar \u00e9s nemzetk\u00f6zi d\u00edjat nyertek, t\u00f6bb mint 50 kiadv\u00e1nyuk jelent meg, \u00e9s 42 orsz\u00e1gban koncerteztek az elm\u00falt 16 \u00e9vben. Steve Hackett-tel 2003-ban kezd\u0151d\u00f6tt az egy\u00fcttm\u0171k\u00f6d\u00e9s\u00fck, amikor j\u00e1tszott a Djabe T\u00e1ncolnak a kazlak c. lemez\u00e9n.{:}\",\"breadcrumb\":{\"@id\":\"https:\\\/\\\/djabe.hu\\\/uzlet\\\/djabe-steve-hackett-life-is-a-journey-the-sardinia-tapes-4-savos-mesterszalag\\\/#breadcrumb\"},\"inLanguage\":\"en-US\",\"potentialAction\":[{\"@type\":\"ReadAction\",\"target\":[\"https:\\\/\\\/djabe.hu\\\/uzlet\\\/djabe-steve-hackett-life-is-a-journey-the-sardinia-tapes-4-savos-mesterszalag\\\/\"]}]},{\"@type\":\"ImageObject\",\"inLanguage\":\"en-US\",\"@id\":\"https:\\\/\\\/djabe.hu\\\/uzlet\\\/djabe-steve-hackett-life-is-a-journey-the-sardinia-tapes-4-savos-mesterszalag\\\/#primaryimage\",\"url\":\"https:\\\/\\\/djabe.hu\\\/wp-content\\\/uploads\\\/2017\\\/10\\\/Djabe-and-Steve-Hackett-Life-Is-A-Journey-The-Sardinia-Tapes_mastertape_2.png\",\"contentUrl\":\"https:\\\/\\\/djabe.hu\\\/wp-content\\\/uploads\\\/2017\\\/10\\\/Djabe-and-Steve-Hackett-Life-Is-A-Journey-The-Sardinia-Tapes_mastertape_2.png\",\"width\":1300,\"height\":975,\"caption\":\"Djabe & Steve Hackett: Life Is A Journey \u2013 The Sardinia Tapes 4 track reel-to-reel\"},{\"@type\":\"BreadcrumbList\",\"@id\":\"https:\\\/\\\/djabe.hu\\\/uzlet\\\/djabe-steve-hackett-life-is-a-journey-the-sardinia-tapes-4-savos-mesterszalag\\\/#breadcrumb\",\"itemListElement\":[{\"@type\":\"ListItem\",\"position\":1,\"name\":\"Home\",\"item\":\"https:\\\/\\\/djabe.hu\\\/en\\\/\"},{\"@type\":\"ListItem\",\"position\":2,\"name\":\"\u00c1ruh\u00e1z\",\"item\":\"https:\\\/\\\/djabe.hu\\\/uzlet\\\/\"},{\"@type\":\"ListItem\",\"position\":3,\"name\":\"[:hu]Djabe &#038; Steve Hackett: Life Is A Journey \u2013 The Sardinia Tapes negyeds\u00e1vos magn\u00f3szalag, 73 perc[:en]Djabe &#038; Steve Hackett: Life Is A Journey \u2013 The Sardinia Tapes 4 track reel-to-reel, 73 minutes[:]\"}]},{\"@type\":\"WebSite\",\"@id\":\"https:\\\/\\\/djabe.hu\\\/en\\\/#website\",\"url\":\"https:\\\/\\\/djabe.hu\\\/en\\\/\",\"name\":\"Djabe\",\"description\":\"Official site\",\"potentialAction\":[{\"@type\":\"SearchAction\",\"target\":{\"@type\":\"EntryPoint\",\"urlTemplate\":\"https:\\\/\\\/djabe.hu\\\/en\\\/?s={search_term_string}\"},\"query-input\":{\"@type\":\"PropertyValueSpecification\",\"valueRequired\":true,\"valueName\":\"search_term_string\"}}],\"inLanguage\":\"en-US\"}]}<\/script>\n<!-- \/ Yoast SEO plugin. -->","yoast_head_json":{"title":"Djabe & Steve Hackett: Life Is A Journey \u2013 The Sardinia Tapes 4 track reel-to-reel, 73 minutes - Djabe","description":"N\u00e9gys\u00e1vos mesterszalag, 18 centim\u00e9teres m\u0171anyag trident ors\u00f3, nyomtatott pap\u00edrdobozban.Steve Hackett, a Genesis git\u00e1rosak\u00e9nt lett ismert a vil\u00e1gon. Jelenleg is akt\u00edv el\u0151ad\u00f3, akinek folyamatosan jelennek meg lemezei \u00e9s a vil\u00e1g minden t\u00e1j\u00e1n rendszeresen koncertezik. A Djabe zenekar a jazz\/world fusion els\u0151sz\u00e1m\u00fa magyarorsz\u00e1gi k\u00e9pvisel\u0151je. 22 \u00e9ves p\u00e1lyafut\u00e1suk alatt sz\u00e1mos magyar \u00e9s nemzetk\u00f6zi d\u00edjat nyertek, t\u00f6bb mint 50 kiadv\u00e1nyuk jelent meg, \u00e9s 42 orsz\u00e1gban koncerteztek az elm\u00falt 16 \u00e9vben. Steve Hackett-tel 2003-ban kezd\u0151d\u00f6tt az egy\u00fcttm\u0171k\u00f6d\u00e9s\u00fck, amikor j\u00e1tszott a Djabe T\u00e1ncolnak a kazlak c. lemez\u00e9n.","robots":{"index":"index","follow":"follow","max-snippet":"max-snippet:-1","max-image-preview":"max-image-preview:large","max-video-preview":"max-video-preview:-1"},"canonical":"https:\/\/djabe.hu\/uzlet\/djabe-steve-hackett-life-is-a-journey-the-sardinia-tapes-4-savos-mesterszalag\/","og_locale":"en_US","og_type":"article","og_title":"Djabe","og_description":"{:en}N\u00e9gys\u00e1vos mesterszalag, 18 centim\u00e9teres m\u0171anyag trident ors\u00f3, nyomtatott pap\u00edrdobozban.Steve Hackett, a Genesis git\u00e1rosak\u00e9nt lett ismert a vil\u00e1gon. Jelenleg is akt\u00edv el\u0151ad\u00f3, akinek folyamatosan jelennek meg lemezei \u00e9s a vil\u00e1g minden t\u00e1j\u00e1n rendszeresen koncertezik. A Djabe zenekar a jazz\/world fusion els\u0151sz\u00e1m\u00fa magyarorsz\u00e1gi k\u00e9pvisel\u0151je. 22 \u00e9ves p\u00e1lyafut\u00e1suk alatt sz\u00e1mos magyar \u00e9s nemzetk\u00f6zi d\u00edjat nyertek, t\u00f6bb mint 50 kiadv\u00e1nyuk jelent meg, \u00e9s 42 orsz\u00e1gban koncerteztek az elm\u00falt 16 \u00e9vben. Steve Hackett-tel 2003-ban kezd\u0151d\u00f6tt az egy\u00fcttm\u0171k\u00f6d\u00e9s\u00fck, amikor j\u00e1tszott a Djabe T\u00e1ncolnak a kazlak c. lemez\u00e9n.{:}","og_url":"https:\/\/djabe.hu\/uzlet\/djabe-steve-hackett-life-is-a-journey-the-sardinia-tapes-4-savos-mesterszalag\/","og_site_name":"Djabe","article_modified_time":"2026-04-09T07:30:51+00:00","og_image":[{"width":1300,"height":975,"url":"https:\/\/djabe.hu\/wp-content\/uploads\/2017\/10\/Djabe-and-Steve-Hackett-Life-Is-A-Journey-The-Sardinia-Tapes_mastertape_2.png","type":"image\/png"}],"twitter_card":"summary_large_image","twitter_title":"Djabe","twitter_image":"https:\/\/djabe.hu\/wp-content\/uploads\/2017\/10\/Djabe-and-Steve-Hackett-Life-Is-A-Journey-The-Sardinia-Tapes_mastertape_2.png","twitter_misc":{"Est. reading time":"1 minute"},"schema":{"@context":"https:\/\/schema.org","@graph":[{"@type":"WebPage","@id":"https:\/\/djabe.hu\/uzlet\/djabe-steve-hackett-life-is-a-journey-the-sardinia-tapes-4-savos-mesterszalag\/","url":"https:\/\/djabe.hu\/uzlet\/djabe-steve-hackett-life-is-a-journey-the-sardinia-tapes-4-savos-mesterszalag\/","name":"Djabe & Steve Hackett: Life Is A Journey \u2013 The Sardinia Tapes 4 track reel-to-reel, 73 minutes - Djabe","isPartOf":{"@id":"https:\/\/djabe.hu\/en\/#website"},"primaryImageOfPage":{"@id":"https:\/\/djabe.hu\/uzlet\/djabe-steve-hackett-life-is-a-journey-the-sardinia-tapes-4-savos-mesterszalag\/#primaryimage"},"image":{"@id":"https:\/\/djabe.hu\/uzlet\/djabe-steve-hackett-life-is-a-journey-the-sardinia-tapes-4-savos-mesterszalag\/#primaryimage"},"thumbnailUrl":"https:\/\/djabe.hu\/wp-content\/uploads\/2017\/10\/Djabe-and-Steve-Hackett-Life-Is-A-Journey-The-Sardinia-Tapes_mastertape_2.png","datePublished":"2017-10-02T09:02:41+00:00","dateModified":"2026-04-09T07:30:51+00:00","description":"{:en}N\u00e9gys\u00e1vos mesterszalag, 18 centim\u00e9teres m\u0171anyag trident ors\u00f3, nyomtatott pap\u00edrdobozban.Steve Hackett, a Genesis git\u00e1rosak\u00e9nt lett ismert a vil\u00e1gon. Jelenleg is akt\u00edv el\u0151ad\u00f3, akinek folyamatosan jelennek meg lemezei \u00e9s a vil\u00e1g minden t\u00e1j\u00e1n rendszeresen koncertezik. A Djabe zenekar a jazz\/world fusion els\u0151sz\u00e1m\u00fa magyarorsz\u00e1gi k\u00e9pvisel\u0151je. 22 \u00e9ves p\u00e1lyafut\u00e1suk alatt sz\u00e1mos magyar \u00e9s nemzetk\u00f6zi d\u00edjat nyertek, t\u00f6bb mint 50 kiadv\u00e1nyuk jelent meg, \u00e9s 42 orsz\u00e1gban koncerteztek az elm\u00falt 16 \u00e9vben. Steve Hackett-tel 2003-ban kezd\u0151d\u00f6tt az egy\u00fcttm\u0171k\u00f6d\u00e9s\u00fck, amikor j\u00e1tszott a Djabe T\u00e1ncolnak a kazlak c. lemez\u00e9n.{:}","breadcrumb":{"@id":"https:\/\/djabe.hu\/uzlet\/djabe-steve-hackett-life-is-a-journey-the-sardinia-tapes-4-savos-mesterszalag\/#breadcrumb"},"inLanguage":"en-US","potentialAction":[{"@type":"ReadAction","target":["https:\/\/djabe.hu\/uzlet\/djabe-steve-hackett-life-is-a-journey-the-sardinia-tapes-4-savos-mesterszalag\/"]}]},{"@type":"ImageObject","inLanguage":"en-US","@id":"https:\/\/djabe.hu\/uzlet\/djabe-steve-hackett-life-is-a-journey-the-sardinia-tapes-4-savos-mesterszalag\/#primaryimage","url":"https:\/\/djabe.hu\/wp-content\/uploads\/2017\/10\/Djabe-and-Steve-Hackett-Life-Is-A-Journey-The-Sardinia-Tapes_mastertape_2.png","contentUrl":"https:\/\/djabe.hu\/wp-content\/uploads\/2017\/10\/Djabe-and-Steve-Hackett-Life-Is-A-Journey-The-Sardinia-Tapes_mastertape_2.png","width":1300,"height":975,"caption":"Djabe & Steve Hackett: Life Is A Journey \u2013 The Sardinia Tapes 4 track reel-to-reel"},{"@type":"BreadcrumbList","@id":"https:\/\/djabe.hu\/uzlet\/djabe-steve-hackett-life-is-a-journey-the-sardinia-tapes-4-savos-mesterszalag\/#breadcrumb","itemListElement":[{"@type":"ListItem","position":1,"name":"Home","item":"https:\/\/djabe.hu\/en\/"},{"@type":"ListItem","position":2,"name":"\u00c1ruh\u00e1z","item":"https:\/\/djabe.hu\/uzlet\/"},{"@type":"ListItem","position":3,"name":"[:hu]Djabe &#038; Steve Hackett: Life Is A Journey \u2013 The Sardinia Tapes negyeds\u00e1vos magn\u00f3szalag, 73 perc[:en]Djabe &#038; Steve Hackett: Life Is A Journey \u2013 The Sardinia Tapes 4 track reel-to-reel, 73 minutes[:]"}]},{"@type":"WebSite","@id":"https:\/\/djabe.hu\/en\/#website","url":"https:\/\/djabe.hu\/en\/","name":"Djabe","description":"Official site","potentialAction":[{"@type":"SearchAction","target":{"@type":"EntryPoint","urlTemplate":"https:\/\/djabe.hu\/en\/?s={search_term_string}"},"query-input":{"@type":"PropertyValueSpecification","valueRequired":true,"valueName":"search_term_string"}}],"inLanguage":"en-US"}]}},"jetpack_sharing_enabled":true,"_links":{"self":[{"href":"https:\/\/djabe.hu\/en\/wp-json\/wp\/v2\/product\/5039","targetHints":{"allow":["GET"]}}],"collection":[{"href":"https:\/\/djabe.hu\/en\/wp-json\/wp\/v2\/product"}],"about":[{"href":"https:\/\/djabe.hu\/en\/wp-json\/wp\/v2\/types\/product"}],"wp:featuredmedia":[{"embeddable":true,"href":"https:\/\/djabe.hu\/en\/wp-json\/wp\/v2\/media\/5046"}],"wp:attachment":[{"href":"https:\/\/djabe.hu\/en\/wp-json\/wp\/v2\/media?parent=5039"}],"wp:term":[{"taxonomy":"product_brand","embeddable":true,"href":"https:\/\/djabe.hu\/en\/wp-json\/wp\/v2\/product_brand?post=5039"},{"taxonomy":"product_cat","embeddable":true,"href":"https:\/\/djabe.hu\/en\/wp-json\/wp\/v2\/product_cat?post=5039"},{"taxonomy":"product_tag","embeddable":true,"href":"https:\/\/djabe.hu\/en\/wp-json\/wp\/v2\/product_tag?post=5039"}],"curies":[{"name":"wp","href":"https:\/\/api.w.org\/{rel}","templated":true}]}}