{"id":4585,"date":"2017-02-23T13:00:01","date_gmt":"2017-02-23T12:00:01","guid":{"rendered":"http:\/\/djabe.hu\/?post_type=product&#038;p=4585"},"modified":"2026-04-09T08:31:27","modified_gmt":"2026-04-09T07:31:27","slug":"new-dimensions-update-live-negyed-savos-mesterszalag","status":"publish","type":"product","link":"https:\/\/djabe.hu\/en\/uzlet\/new-dimensions-update-live-negyed-savos-mesterszalag\/","title":{"rendered":"Djabe: NEW DIMENSIONS UPDATE LIVE 4-TRACK reel-to-reel, 48 minutes"},"content":{"rendered":"<p><iframe loading=\"lazy\" title=\"Djabe: Awakening City 2016\" width=\"900\" height=\"506\" src=\"https:\/\/www.youtube.com\/embed\/24-qjyPcMoc?feature=oembed\" frameborder=\"0\" allow=\"accelerometer; autoplay; clipboard-write; encrypted-media; gyroscope; picture-in-picture\" allowfullscreen><\/iframe><\/p>\n","protected":false},"excerpt":{"rendered":"<p><span style=\"color: #ffffff;\">7,5 ips 4 track Reel-To-Reel Tape on 18 cm plastic reel. The LP Side A on Side 1 and LP Side B on Side 2 of the tape. 48 minutes of music.<\/span><br \/>\n<span style=\"color: #ffffff;\">Printed front and back cover on the tape box.<br \/>\n<strong>Printed front and back cover on the tape box.<\/strong><br \/>\nDjabe stepped on stage with a renewed line-up in October, 2016. Founder of the band, Attila \u00c9gerh\u00e1zi (guitar) and musical director Tam\u00e1s Barab\u00e1s (bass guitar) refreshed the band along the guidelines of their high standards.\u00a0At the drums sits the internationally acclaimed, Artisjus Award-winner and Grammy Award nominee P\u00e9ter Kasz\u00e1s, who was and still is the drummer for Al Di Meola\u2019s band, World Sinfonia, for 7 years. The old-but-new member of Djabe, \u00c1ron Ko\u00f3s-Hut\u00e1s, multiple award-winning trumpet player who performed at many gigs of the band between 2008 and 2010. Primarily as second for Ferenc Kov\u00e1cs, \u00c1ron played alongside with the old Djabe member in 2010. He can be heard and seen on Djabe 15 DVD and on In the Footsteps of Attila and Genghis double CDs. The keyboards are under the hands of the Hungarian musical life\u2019s outstanding talent J\u00e1nos Nagy. The Artisjus, eMeRTon and Erkel Award-winning musician played with exceptional Hungarian and foreign celebrities along his career.\u00a0Recording of the album took place at the new line-up\u2019s first ever concert at Columbus Jazz Club in Budapest, Hungary on the 26<sup>th<\/sup> October, 2016, where the audience could experience the quality of the renewed Djabe. This experience is now available for everyone through this release. Concert recordings were done in multichannel analog and mixed by world-famous sound engineer and Djabe\u2019s bass guitar player, Tam\u00e1s Barab\u00e1s. Analog master tapes were produced by Djabe guitarist Attila \u00c9gerh\u00e1zi. The gig covered Djabe\u2019s 21-year long repertoire, like a \u2018Best Of\u2019 show.<br \/>\n<a href=\"http:\/\/djabe.hu\/en\/js_albums\/new-dimensions-update-live-4-savos-mesterszalag\/\"><span style=\"color: #6094c1;\"> &gt;&gt;<\/span><\/a><\/span><span style=\"color: #ffffff;\">7,5 ips 4 track Reel-To-Reel Tape on 18 cm plastic reel. The LP Side A on Side 1 and LP Side B on Side 2 of the tape. 48 minutes of music.<\/span><br \/>\n<span style=\"color: #ffffff;\">Printed front and back cover on the tape box.<br \/>\n<strong>Printed front and back cover on the tape box.<\/strong><br \/>\nDjabe stepped on stage with a renewed line-up in October, 2016. Founder of the band, Attila \u00c9gerh\u00e1zi (guitar) and musical director Tam\u00e1s Barab\u00e1s (bass guitar) refreshed the band along the guidelines of their high standards.\u00a0At the drums sits the internationally acclaimed, Artisjus Award-winner and Grammy Award nominee P\u00e9ter Kasz\u00e1s, who was and still is the drummer for Al Di Meola\u2019s band, World Sinfonia, for 7 years. The old-but-new member of Djabe, \u00c1ron Ko\u00f3s-Hut\u00e1s, multiple award-winning trumpet player who performed at many gigs of the band between 2008 and 2010. Primarily as second for Ferenc Kov\u00e1cs, \u00c1ron played alongside with the old Djabe member in 2010. He can be heard and seen on Djabe 15 DVD and on In the Footsteps of Attila and Genghis double CDs. The keyboards are under the hands of the Hungarian musical life\u2019s outstanding talent J\u00e1nos Nagy. The Artisjus, eMeRTon and Erkel Award-winning musician played with exceptional Hungarian and foreign celebrities along his career.\u00a0Recording of the album took place at the new line-up\u2019s first ever concert at Columbus Jazz Club in Budapest, Hungary on the 26<sup>th<\/sup> October, 2016, where the audience could experience the quality of the renewed Djabe. This experience is now available for everyone through this release. Concert recordings were done in multichannel analog and mixed by world-famous sound engineer and Djabe\u2019s bass guitar player, Tam\u00e1s Barab\u00e1s. Analog master tapes were produced by Djabe guitarist Attila \u00c9gerh\u00e1zi. The gig covered Djabe\u2019s 21-year long repertoire, like a \u2018Best Of\u2019 show.<br \/>\n<a href=\"http:\/\/djabe.hu\/en\/js_albums\/new-dimensions-update-live-4-savos-mesterszalag\/\"><span style=\"color: #6094c1;\"> &gt;&gt;<\/span><\/a><\/span><\/p>\n","protected":false},"featured_media":5075,"template":"","meta":[],"product_brand":[],"product_cat":[57],"product_tag":[],"class_list":{"0":"post-4585","1":"product","2":"type-product","3":"status-publish","4":"has-post-thumbnail","6":"product_cat-reel-to-reel","7":"repupress_customize_woocommerce_productom_class","9":"first","10":"instock","11":"shipping-taxable","12":"purchasable","13":"product-type-simple"},"yoast_head":"<!-- This site is optimized with the Yoast SEO plugin v27.4 - https:\/\/yoast.com\/product\/yoast-seo-wordpress\/ -->\n<title>Djabe: NEW DIMENSIONS UPDATE LIVE 4-TRACK reel-to-reel, 48 minutes - Djabe<\/title>\n<meta name=\"description\" content=\"Djabe stepped on stage with a renewed line-up in October, 2016. Founder of the band, Attila \u00c9gerh\u00e1zi (guitar) and musical director Tam\u00e1s Barab\u00e1s (bass guitar) refreshed the band along the guidelines of their high standards.\u00a0At the drums sits the internationally acclaimed, Artisjus Award-winner and Grammy Award nominee P\u00e9ter Kasz\u00e1s, who was and still is the drummer for Al Di Meola\u2019s band, World Sinfonia, for 7 years. The old-but-new member of Djabe, \u00c1ron Ko\u00f3s-Hut\u00e1s, multiple award-winning trumpet player who performed at many gigs of the band between 2008 and 2010. Primarily as second for Ferenc Kov\u00e1cs, \u00c1ron played alongside with the old Djabe member in 2010. He can be heard and seen on Djabe 15 DVD and on In the Footsteps of Attila and Genghis double CDs. The keyboards are under the hands of the Hungarian musical life\u2019s outstanding talent J\u00e1nos Nagy. The Artisjus, eMeRTon and Erkel Award-winning musician played with exceptional Hungarian and foreign celebrities along his career.\u00a0Recording of the album took place at the new line-up\u2019s first ever concert at Columbus Jazz Club in Budapest, Hungary on the 26th October, 2016, where the audience could experience the quality of the renewed Djabe. This experience is now available for everyone through this release. Concert recordings were done in multichannel analog and mixed by world-famous sound engineer and Djabe\u2019s bass guitar player, Tam\u00e1s Barab\u00e1s. Analog master tapes were produced by Djabe guitarist Attila \u00c9gerh\u00e1zi. The gig covered Djabe\u2019s 21-year long repertoire, like a \u2018Best Of\u2019 show.\" \/>\n<meta name=\"robots\" content=\"index, follow, max-snippet:-1, max-image-preview:large, max-video-preview:-1\" \/>\n<link rel=\"canonical\" href=\"https:\/\/djabe.hu\/uzlet\/new-dimensions-update-live-negyed-savos-mesterszalag\/\" \/>\n<meta property=\"og:locale\" content=\"en_US\" \/>\n<meta property=\"og:type\" content=\"article\" \/>\n<meta property=\"og:title\" content=\"Djabe\" \/>\n<meta property=\"og:description\" content=\"{:en}Djabe stepped on stage with a renewed line-up in October, 2016. Founder of the band, Attila \u00c9gerh\u00e1zi (guitar) and musical director Tam\u00e1s Barab\u00e1s (bass guitar) refreshed the band along the guidelines of their high standards.\u00a0At the drums sits the internationally acclaimed, Artisjus Award-winner and Grammy Award nominee P\u00e9ter Kasz\u00e1s, who was and still is the drummer for Al Di Meola\u2019s band, World Sinfonia, for 7 years. The old-but-new member of Djabe, \u00c1ron Ko\u00f3s-Hut\u00e1s, multiple award-winning trumpet player who performed at many gigs of the band between 2008 and 2010. Primarily as second for Ferenc Kov\u00e1cs, \u00c1ron played alongside with the old Djabe member in 2010. He can be heard and seen on Djabe 15 DVD and on In the Footsteps of Attila and Genghis double CDs. The keyboards are under the hands of the Hungarian musical life\u2019s outstanding talent J\u00e1nos Nagy. The Artisjus, eMeRTon and Erkel Award-winning musician played with exceptional Hungarian and foreign celebrities along his career.\u00a0Recording of the album took place at the new line-up\u2019s first ever concert at Columbus Jazz Club in Budapest, Hungary on the 26th October, 2016, where the audience could experience the quality of the renewed Djabe. This experience is now available for everyone through this release. Concert recordings were done in multichannel analog and mixed by world-famous sound engineer and Djabe\u2019s bass guitar player, Tam\u00e1s Barab\u00e1s. Analog master tapes were produced by Djabe guitarist Attila \u00c9gerh\u00e1zi. The gig covered Djabe\u2019s 21-year long repertoire, like a \u2018Best Of\u2019 show.{:}\" \/>\n<meta property=\"og:url\" content=\"https:\/\/djabe.hu\/uzlet\/new-dimensions-update-live-negyed-savos-mesterszalag\/\" \/>\n<meta property=\"og:site_name\" content=\"Djabe\" \/>\n<meta property=\"article:modified_time\" content=\"2026-04-09T07:31:27+00:00\" \/>\n<meta property=\"og:image\" content=\"https:\/\/djabe.hu\/wp-content\/uploads\/2017\/02\/newdim_4savos.png\" \/>\n\t<meta property=\"og:image:width\" content=\"1300\" \/>\n\t<meta property=\"og:image:height\" content=\"975\" \/>\n\t<meta property=\"og:image:type\" content=\"image\/png\" \/>\n<meta name=\"twitter:card\" content=\"summary_large_image\" \/>\n<meta name=\"twitter:title\" content=\"Djabe\" \/>\n<meta name=\"twitter:image\" content=\"https:\/\/djabe.hu\/wp-content\/uploads\/2017\/02\/newdim_4savos.png\" \/>\n<meta name=\"twitter:label1\" content=\"Est. reading time\" \/>\n\t<meta name=\"twitter:data1\" content=\"1 minute\" \/>\n<script type=\"application\/ld+json\" class=\"yoast-schema-graph\">{\"@context\":\"https:\\\/\\\/schema.org\",\"@graph\":[{\"@type\":\"WebPage\",\"@id\":\"https:\\\/\\\/djabe.hu\\\/uzlet\\\/new-dimensions-update-live-negyed-savos-mesterszalag\\\/\",\"url\":\"https:\\\/\\\/djabe.hu\\\/uzlet\\\/new-dimensions-update-live-negyed-savos-mesterszalag\\\/\",\"name\":\"Djabe: NEW DIMENSIONS UPDATE LIVE 4-TRACK reel-to-reel, 48 minutes - Djabe\",\"isPartOf\":{\"@id\":\"https:\\\/\\\/djabe.hu\\\/en\\\/#website\"},\"primaryImageOfPage\":{\"@id\":\"https:\\\/\\\/djabe.hu\\\/uzlet\\\/new-dimensions-update-live-negyed-savos-mesterszalag\\\/#primaryimage\"},\"image\":{\"@id\":\"https:\\\/\\\/djabe.hu\\\/uzlet\\\/new-dimensions-update-live-negyed-savos-mesterszalag\\\/#primaryimage\"},\"thumbnailUrl\":\"https:\\\/\\\/djabe.hu\\\/wp-content\\\/uploads\\\/2017\\\/02\\\/newdim_4savos.png\",\"datePublished\":\"2017-02-23T12:00:01+00:00\",\"dateModified\":\"2026-04-09T07:31:27+00:00\",\"description\":\"{:en}Djabe stepped on stage with a renewed line-up in October, 2016. Founder of the band, Attila \u00c9gerh\u00e1zi (guitar) and musical director Tam\u00e1s Barab\u00e1s (bass guitar) refreshed the band along the guidelines of their high standards.\u00a0At the drums sits the internationally acclaimed, Artisjus Award-winner and Grammy Award nominee P\u00e9ter Kasz\u00e1s, who was and still is the drummer for Al Di Meola\u2019s band, World Sinfonia, for 7 years. The old-but-new member of Djabe, \u00c1ron Ko\u00f3s-Hut\u00e1s, multiple award-winning trumpet player who performed at many gigs of the band between 2008 and 2010. Primarily as second for Ferenc Kov\u00e1cs, \u00c1ron played alongside with the old Djabe member in 2010. He can be heard and seen on Djabe 15 DVD and on In the Footsteps of Attila and Genghis double CDs. The keyboards are under the hands of the Hungarian musical life\u2019s outstanding talent J\u00e1nos Nagy. The Artisjus, eMeRTon and Erkel Award-winning musician played with exceptional Hungarian and foreign celebrities along his career.\u00a0Recording of the album took place at the new line-up\u2019s first ever concert at Columbus Jazz Club in Budapest, Hungary on the 26th October, 2016, where the audience could experience the quality of the renewed Djabe. This experience is now available for everyone through this release. Concert recordings were done in multichannel analog and mixed by world-famous sound engineer and Djabe\u2019s bass guitar player, Tam\u00e1s Barab\u00e1s. Analog master tapes were produced by Djabe guitarist Attila \u00c9gerh\u00e1zi. The gig covered Djabe\u2019s 21-year long repertoire, like a \u2018Best Of\u2019 show.{:}\",\"breadcrumb\":{\"@id\":\"https:\\\/\\\/djabe.hu\\\/uzlet\\\/new-dimensions-update-live-negyed-savos-mesterszalag\\\/#breadcrumb\"},\"inLanguage\":\"en-US\",\"potentialAction\":[{\"@type\":\"ReadAction\",\"target\":[\"https:\\\/\\\/djabe.hu\\\/uzlet\\\/new-dimensions-update-live-negyed-savos-mesterszalag\\\/\"]}]},{\"@type\":\"ImageObject\",\"inLanguage\":\"en-US\",\"@id\":\"https:\\\/\\\/djabe.hu\\\/uzlet\\\/new-dimensions-update-live-negyed-savos-mesterszalag\\\/#primaryimage\",\"url\":\"https:\\\/\\\/djabe.hu\\\/wp-content\\\/uploads\\\/2017\\\/02\\\/newdim_4savos.png\",\"contentUrl\":\"https:\\\/\\\/djabe.hu\\\/wp-content\\\/uploads\\\/2017\\\/02\\\/newdim_4savos.png\",\"width\":1300,\"height\":975,\"caption\":\"Djabe: NEW DIMENSIONS UPDATE LIVE 4-TRACK reel-to-reel\"},{\"@type\":\"BreadcrumbList\",\"@id\":\"https:\\\/\\\/djabe.hu\\\/uzlet\\\/new-dimensions-update-live-negyed-savos-mesterszalag\\\/#breadcrumb\",\"itemListElement\":[{\"@type\":\"ListItem\",\"position\":1,\"name\":\"Home\",\"item\":\"https:\\\/\\\/djabe.hu\\\/en\\\/\"},{\"@type\":\"ListItem\",\"position\":2,\"name\":\"\u00c1ruh\u00e1z\",\"item\":\"https:\\\/\\\/djabe.hu\\\/uzlet\\\/\"},{\"@type\":\"ListItem\",\"position\":3,\"name\":\"[:hu]Djabe: NEW DIMENSIONS UPDATE LIVE 4 s\u00e1vos magn\u00f3szalag, 48 perc[:en]Djabe: NEW DIMENSIONS UPDATE LIVE 4-TRACK reel-to-reel, 48 minutes[:]\"}]},{\"@type\":\"WebSite\",\"@id\":\"https:\\\/\\\/djabe.hu\\\/en\\\/#website\",\"url\":\"https:\\\/\\\/djabe.hu\\\/en\\\/\",\"name\":\"Djabe\",\"description\":\"Official site\",\"potentialAction\":[{\"@type\":\"SearchAction\",\"target\":{\"@type\":\"EntryPoint\",\"urlTemplate\":\"https:\\\/\\\/djabe.hu\\\/en\\\/?s={search_term_string}\"},\"query-input\":{\"@type\":\"PropertyValueSpecification\",\"valueRequired\":true,\"valueName\":\"search_term_string\"}}],\"inLanguage\":\"en-US\"}]}<\/script>\n<!-- \/ Yoast SEO plugin. -->","yoast_head_json":{"title":"Djabe: NEW DIMENSIONS UPDATE LIVE 4-TRACK reel-to-reel, 48 minutes - Djabe","description":"Djabe stepped on stage with a renewed line-up in October, 2016. Founder of the band, Attila \u00c9gerh\u00e1zi (guitar) and musical director Tam\u00e1s Barab\u00e1s (bass guitar) refreshed the band along the guidelines of their high standards.\u00a0At the drums sits the internationally acclaimed, Artisjus Award-winner and Grammy Award nominee P\u00e9ter Kasz\u00e1s, who was and still is the drummer for Al Di Meola\u2019s band, World Sinfonia, for 7 years. The old-but-new member of Djabe, \u00c1ron Ko\u00f3s-Hut\u00e1s, multiple award-winning trumpet player who performed at many gigs of the band between 2008 and 2010. Primarily as second for Ferenc Kov\u00e1cs, \u00c1ron played alongside with the old Djabe member in 2010. He can be heard and seen on Djabe 15 DVD and on In the Footsteps of Attila and Genghis double CDs. The keyboards are under the hands of the Hungarian musical life\u2019s outstanding talent J\u00e1nos Nagy. The Artisjus, eMeRTon and Erkel Award-winning musician played with exceptional Hungarian and foreign celebrities along his career.\u00a0Recording of the album took place at the new line-up\u2019s first ever concert at Columbus Jazz Club in Budapest, Hungary on the 26th October, 2016, where the audience could experience the quality of the renewed Djabe. This experience is now available for everyone through this release. Concert recordings were done in multichannel analog and mixed by world-famous sound engineer and Djabe\u2019s bass guitar player, Tam\u00e1s Barab\u00e1s. Analog master tapes were produced by Djabe guitarist Attila \u00c9gerh\u00e1zi. The gig covered Djabe\u2019s 21-year long repertoire, like a \u2018Best Of\u2019 show.","robots":{"index":"index","follow":"follow","max-snippet":"max-snippet:-1","max-image-preview":"max-image-preview:large","max-video-preview":"max-video-preview:-1"},"canonical":"https:\/\/djabe.hu\/uzlet\/new-dimensions-update-live-negyed-savos-mesterszalag\/","og_locale":"en_US","og_type":"article","og_title":"Djabe","og_description":"{:en}Djabe stepped on stage with a renewed line-up in October, 2016. Founder of the band, Attila \u00c9gerh\u00e1zi (guitar) and musical director Tam\u00e1s Barab\u00e1s (bass guitar) refreshed the band along the guidelines of their high standards.\u00a0At the drums sits the internationally acclaimed, Artisjus Award-winner and Grammy Award nominee P\u00e9ter Kasz\u00e1s, who was and still is the drummer for Al Di Meola\u2019s band, World Sinfonia, for 7 years. The old-but-new member of Djabe, \u00c1ron Ko\u00f3s-Hut\u00e1s, multiple award-winning trumpet player who performed at many gigs of the band between 2008 and 2010. Primarily as second for Ferenc Kov\u00e1cs, \u00c1ron played alongside with the old Djabe member in 2010. He can be heard and seen on Djabe 15 DVD and on In the Footsteps of Attila and Genghis double CDs. The keyboards are under the hands of the Hungarian musical life\u2019s outstanding talent J\u00e1nos Nagy. The Artisjus, eMeRTon and Erkel Award-winning musician played with exceptional Hungarian and foreign celebrities along his career.\u00a0Recording of the album took place at the new line-up\u2019s first ever concert at Columbus Jazz Club in Budapest, Hungary on the 26th October, 2016, where the audience could experience the quality of the renewed Djabe. This experience is now available for everyone through this release. Concert recordings were done in multichannel analog and mixed by world-famous sound engineer and Djabe\u2019s bass guitar player, Tam\u00e1s Barab\u00e1s. Analog master tapes were produced by Djabe guitarist Attila \u00c9gerh\u00e1zi. The gig covered Djabe\u2019s 21-year long repertoire, like a \u2018Best Of\u2019 show.{:}","og_url":"https:\/\/djabe.hu\/uzlet\/new-dimensions-update-live-negyed-savos-mesterszalag\/","og_site_name":"Djabe","article_modified_time":"2026-04-09T07:31:27+00:00","og_image":[{"width":1300,"height":975,"url":"https:\/\/djabe.hu\/wp-content\/uploads\/2017\/02\/newdim_4savos.png","type":"image\/png"}],"twitter_card":"summary_large_image","twitter_title":"Djabe","twitter_image":"https:\/\/djabe.hu\/wp-content\/uploads\/2017\/02\/newdim_4savos.png","twitter_misc":{"Est. reading time":"1 minute"},"schema":{"@context":"https:\/\/schema.org","@graph":[{"@type":"WebPage","@id":"https:\/\/djabe.hu\/uzlet\/new-dimensions-update-live-negyed-savos-mesterszalag\/","url":"https:\/\/djabe.hu\/uzlet\/new-dimensions-update-live-negyed-savos-mesterszalag\/","name":"Djabe: NEW DIMENSIONS UPDATE LIVE 4-TRACK reel-to-reel, 48 minutes - Djabe","isPartOf":{"@id":"https:\/\/djabe.hu\/en\/#website"},"primaryImageOfPage":{"@id":"https:\/\/djabe.hu\/uzlet\/new-dimensions-update-live-negyed-savos-mesterszalag\/#primaryimage"},"image":{"@id":"https:\/\/djabe.hu\/uzlet\/new-dimensions-update-live-negyed-savos-mesterszalag\/#primaryimage"},"thumbnailUrl":"https:\/\/djabe.hu\/wp-content\/uploads\/2017\/02\/newdim_4savos.png","datePublished":"2017-02-23T12:00:01+00:00","dateModified":"2026-04-09T07:31:27+00:00","description":"{:en}Djabe stepped on stage with a renewed line-up in October, 2016. Founder of the band, Attila \u00c9gerh\u00e1zi (guitar) and musical director Tam\u00e1s Barab\u00e1s (bass guitar) refreshed the band along the guidelines of their high standards.\u00a0At the drums sits the internationally acclaimed, Artisjus Award-winner and Grammy Award nominee P\u00e9ter Kasz\u00e1s, who was and still is the drummer for Al Di Meola\u2019s band, World Sinfonia, for 7 years. The old-but-new member of Djabe, \u00c1ron Ko\u00f3s-Hut\u00e1s, multiple award-winning trumpet player who performed at many gigs of the band between 2008 and 2010. Primarily as second for Ferenc Kov\u00e1cs, \u00c1ron played alongside with the old Djabe member in 2010. He can be heard and seen on Djabe 15 DVD and on In the Footsteps of Attila and Genghis double CDs. The keyboards are under the hands of the Hungarian musical life\u2019s outstanding talent J\u00e1nos Nagy. The Artisjus, eMeRTon and Erkel Award-winning musician played with exceptional Hungarian and foreign celebrities along his career.\u00a0Recording of the album took place at the new line-up\u2019s first ever concert at Columbus Jazz Club in Budapest, Hungary on the 26th October, 2016, where the audience could experience the quality of the renewed Djabe. This experience is now available for everyone through this release. Concert recordings were done in multichannel analog and mixed by world-famous sound engineer and Djabe\u2019s bass guitar player, Tam\u00e1s Barab\u00e1s. Analog master tapes were produced by Djabe guitarist Attila \u00c9gerh\u00e1zi. The gig covered Djabe\u2019s 21-year long repertoire, like a \u2018Best Of\u2019 show.{:}","breadcrumb":{"@id":"https:\/\/djabe.hu\/uzlet\/new-dimensions-update-live-negyed-savos-mesterszalag\/#breadcrumb"},"inLanguage":"en-US","potentialAction":[{"@type":"ReadAction","target":["https:\/\/djabe.hu\/uzlet\/new-dimensions-update-live-negyed-savos-mesterszalag\/"]}]},{"@type":"ImageObject","inLanguage":"en-US","@id":"https:\/\/djabe.hu\/uzlet\/new-dimensions-update-live-negyed-savos-mesterszalag\/#primaryimage","url":"https:\/\/djabe.hu\/wp-content\/uploads\/2017\/02\/newdim_4savos.png","contentUrl":"https:\/\/djabe.hu\/wp-content\/uploads\/2017\/02\/newdim_4savos.png","width":1300,"height":975,"caption":"Djabe: NEW DIMENSIONS UPDATE LIVE 4-TRACK reel-to-reel"},{"@type":"BreadcrumbList","@id":"https:\/\/djabe.hu\/uzlet\/new-dimensions-update-live-negyed-savos-mesterszalag\/#breadcrumb","itemListElement":[{"@type":"ListItem","position":1,"name":"Home","item":"https:\/\/djabe.hu\/en\/"},{"@type":"ListItem","position":2,"name":"\u00c1ruh\u00e1z","item":"https:\/\/djabe.hu\/uzlet\/"},{"@type":"ListItem","position":3,"name":"[:hu]Djabe: NEW DIMENSIONS UPDATE LIVE 4 s\u00e1vos magn\u00f3szalag, 48 perc[:en]Djabe: NEW DIMENSIONS UPDATE LIVE 4-TRACK reel-to-reel, 48 minutes[:]"}]},{"@type":"WebSite","@id":"https:\/\/djabe.hu\/en\/#website","url":"https:\/\/djabe.hu\/en\/","name":"Djabe","description":"Official site","potentialAction":[{"@type":"SearchAction","target":{"@type":"EntryPoint","urlTemplate":"https:\/\/djabe.hu\/en\/?s={search_term_string}"},"query-input":{"@type":"PropertyValueSpecification","valueRequired":true,"valueName":"search_term_string"}}],"inLanguage":"en-US"}]}},"jetpack_sharing_enabled":true,"_links":{"self":[{"href":"https:\/\/djabe.hu\/en\/wp-json\/wp\/v2\/product\/4585","targetHints":{"allow":["GET"]}}],"collection":[{"href":"https:\/\/djabe.hu\/en\/wp-json\/wp\/v2\/product"}],"about":[{"href":"https:\/\/djabe.hu\/en\/wp-json\/wp\/v2\/types\/product"}],"wp:featuredmedia":[{"embeddable":true,"href":"https:\/\/djabe.hu\/en\/wp-json\/wp\/v2\/media\/5075"}],"wp:attachment":[{"href":"https:\/\/djabe.hu\/en\/wp-json\/wp\/v2\/media?parent=4585"}],"wp:term":[{"taxonomy":"product_brand","embeddable":true,"href":"https:\/\/djabe.hu\/en\/wp-json\/wp\/v2\/product_brand?post=4585"},{"taxonomy":"product_cat","embeddable":true,"href":"https:\/\/djabe.hu\/en\/wp-json\/wp\/v2\/product_cat?post=4585"},{"taxonomy":"product_tag","embeddable":true,"href":"https:\/\/djabe.hu\/en\/wp-json\/wp\/v2\/product_tag?post=4585"}],"curies":[{"name":"wp","href":"https:\/\/api.w.org\/{rel}","templated":true}]}}