{"id":4459,"date":"2017-01-25T16:19:00","date_gmt":"2017-01-25T15:19:00","guid":{"rendered":"http:\/\/djabe.hu\/?post_type=product&#038;p=4459"},"modified":"2024-10-09T14:09:30","modified_gmt":"2024-10-09T13:09:30","slug":"new-dimensions-update-live-lp","status":"publish","type":"product","link":"https:\/\/djabe.hu\/en\/uzlet\/new-dimensions-update-live-lp\/","title":{"rendered":"Djabe: New Dimensions Update Live LP"},"content":{"rendered":"<p><iframe loading=\"lazy\" title=\"Djabe: Awakening City\" width=\"900\" height=\"506\" src=\"https:\/\/www.youtube.com\/embed\/24-qjyPcMoc?feature=oembed\" frameborder=\"0\" allow=\"accelerometer; autoplay; clipboard-write; encrypted-media; gyroscope; picture-in-picture\" allowfullscreen><\/iframe><\/p>\n","protected":false},"excerpt":{"rendered":"<p>Djabe stepped on stage with a renewed line-up in October, 2016. Founder of the band, Attila \u00c9gerh\u00e1zi (guitar) and musical director Tam\u00e1s Barab\u00e1s (bass guitar) refreshed the band along the guidelines of their high standards. Djabe recorded the very first gig of the new line-up onto 24 track analogue tape.<\/p>\n<p>The LP is a kind of a highlights compilation of the band\u2019s then 20 years carrier.<a href=\"http:\/\/djabe.hu\/en\/js_albums\/new-dimensions-update-live-lp\/\"><span style=\"color: #6094c1;\">&gt;&gt;<\/span><\/a><\/p>\n","protected":false},"featured_media":4473,"template":"","meta":[],"product_brand":[],"product_cat":[40],"product_tag":[],"class_list":{"0":"post-4459","1":"product","2":"type-product","3":"status-publish","4":"has-post-thumbnail","6":"product_cat-lp","7":"repupress_customize_woocommerce_productom_class","9":"first","10":"instock","11":"shipping-taxable","12":"purchasable","13":"product-type-simple"},"yoast_head":"<!-- This site is optimized with the Yoast SEO plugin v27.2 - https:\/\/yoast.com\/product\/yoast-seo-wordpress\/ -->\n<title>Djabe: New Dimensions Update Live LP - Djabe<\/title>\n<meta name=\"description\" content=\"Djabe stepped on stage with a renewed line-up in October, 2016. Founder of the band, Attila \u00c9gerh\u00e1zi (guitar) and musical director Tam\u00e1s Barab\u00e1s (bass guitar) refreshed the band along the guidelines of their high standards. At the drums sits the internationally acclaimed, Artisjus Award-winner and Grammy Award nominee P\u00e9ter Kasz\u00e1s, who was and still is the drummer for Al Di Meola\u2019s band, World Sinfonia, for 7 years.\" \/>\n<meta name=\"robots\" content=\"index, follow, max-snippet:-1, max-image-preview:large, max-video-preview:-1\" \/>\n<link rel=\"canonical\" href=\"https:\/\/djabe.hu\/uzlet\/new-dimensions-update-live-lp\/\" \/>\n<meta property=\"og:locale\" content=\"en_US\" \/>\n<meta property=\"og:type\" content=\"article\" \/>\n<meta property=\"og:title\" content=\"Djabe: New Dimensions Update Live LP\" \/>\n<meta property=\"og:description\" content=\"{:en}Djabe stepped on stage with a renewed line-up in October, 2016. Founder of the band, Attila \u00c9gerh\u00e1zi (guitar) and musical director Tam\u00e1s Barab\u00e1s (bass guitar) refreshed the band along the guidelines of their high standards. At the drums sits the internationally acclaimed, Artisjus Award-winner and Grammy Award nominee P\u00e9ter Kasz\u00e1s, who was and still is the drummer for Al Di Meola\u2019s band, World Sinfonia, for 7 years.{:}\" \/>\n<meta property=\"og:url\" content=\"https:\/\/djabe.hu\/uzlet\/new-dimensions-update-live-lp\/\" \/>\n<meta property=\"og:site_name\" content=\"Djabe\" \/>\n<meta property=\"article:modified_time\" content=\"2024-10-09T13:09:30+00:00\" \/>\n<meta property=\"og:image\" content=\"https:\/\/djabe.hu\/wp-content\/uploads\/2017\/01\/newdim_live_lp3.png\" \/>\n\t<meta property=\"og:image:width\" content=\"1310\" \/>\n\t<meta property=\"og:image:height\" content=\"1024\" \/>\n\t<meta property=\"og:image:type\" content=\"image\/png\" \/>\n<meta name=\"twitter:card\" content=\"summary_large_image\" \/>\n<meta name=\"twitter:title\" content=\"Djabe: New Dimensions Update Live LP\" \/>\n<meta name=\"twitter:image\" content=\"https:\/\/djabe.hu\/wp-content\/uploads\/2017\/01\/newdim_live_lp3.png\" \/>\n<script type=\"application\/ld+json\" class=\"yoast-schema-graph\">{\"@context\":\"https:\/\/schema.org\",\"@graph\":[{\"@type\":\"WebPage\",\"@id\":\"https:\/\/djabe.hu\/uzlet\/new-dimensions-update-live-lp\/\",\"url\":\"https:\/\/djabe.hu\/uzlet\/new-dimensions-update-live-lp\/\",\"name\":\"Djabe: New Dimensions Update Live LP - Djabe\",\"isPartOf\":{\"@id\":\"https:\/\/djabe.hu\/en\/#website\"},\"primaryImageOfPage\":{\"@id\":\"https:\/\/djabe.hu\/uzlet\/new-dimensions-update-live-lp\/#primaryimage\"},\"image\":{\"@id\":\"https:\/\/djabe.hu\/uzlet\/new-dimensions-update-live-lp\/#primaryimage\"},\"thumbnailUrl\":\"https:\/\/djabe.hu\/wp-content\/uploads\/2017\/01\/newdim_live_lp3.png\",\"datePublished\":\"2017-01-25T15:19:00+00:00\",\"dateModified\":\"2024-10-09T13:09:30+00:00\",\"description\":\"{:en}Djabe stepped on stage with a renewed line-up in October, 2016. Founder of the band, Attila \u00c9gerh\u00e1zi (guitar) and musical director Tam\u00e1s Barab\u00e1s (bass guitar) refreshed the band along the guidelines of their high standards. At the drums sits the internationally acclaimed, Artisjus Award-winner and Grammy Award nominee P\u00e9ter Kasz\u00e1s, who was and still is the drummer for Al Di Meola\u2019s band, World Sinfonia, for 7 years.{:}\",\"breadcrumb\":{\"@id\":\"https:\/\/djabe.hu\/uzlet\/new-dimensions-update-live-lp\/#breadcrumb\"},\"inLanguage\":\"en-US\",\"potentialAction\":[{\"@type\":\"ReadAction\",\"target\":[\"https:\/\/djabe.hu\/uzlet\/new-dimensions-update-live-lp\/\"]}]},{\"@type\":\"ImageObject\",\"inLanguage\":\"en-US\",\"@id\":\"https:\/\/djabe.hu\/uzlet\/new-dimensions-update-live-lp\/#primaryimage\",\"url\":\"https:\/\/djabe.hu\/wp-content\/uploads\/2017\/01\/newdim_live_lp3.png\",\"contentUrl\":\"https:\/\/djabe.hu\/wp-content\/uploads\/2017\/01\/newdim_live_lp3.png\",\"width\":1310,\"height\":1024,\"caption\":\"Djabe - New Dimensions Update Live LP\"},{\"@type\":\"BreadcrumbList\",\"@id\":\"https:\/\/djabe.hu\/uzlet\/new-dimensions-update-live-lp\/#breadcrumb\",\"itemListElement\":[{\"@type\":\"ListItem\",\"position\":1,\"name\":\"Home\",\"item\":\"https:\/\/djabe.hu\/en\/\"},{\"@type\":\"ListItem\",\"position\":2,\"name\":\"\u00c1ruh\u00e1z\",\"item\":\"https:\/\/djabe.hu\/uzlet\/\"},{\"@type\":\"ListItem\",\"position\":3,\"name\":\"Djabe: New Dimensions Update Live LP\"}]},{\"@type\":\"WebSite\",\"@id\":\"https:\/\/djabe.hu\/en\/#website\",\"url\":\"https:\/\/djabe.hu\/en\/\",\"name\":\"Djabe\",\"description\":\"Official site\",\"potentialAction\":[{\"@type\":\"SearchAction\",\"target\":{\"@type\":\"EntryPoint\",\"urlTemplate\":\"https:\/\/djabe.hu\/en\/?s={search_term_string}\"},\"query-input\":{\"@type\":\"PropertyValueSpecification\",\"valueRequired\":true,\"valueName\":\"search_term_string\"}}],\"inLanguage\":\"en-US\"}]}<\/script>\n<!-- \/ Yoast SEO plugin. -->","yoast_head_json":{"title":"Djabe: New Dimensions Update Live LP - Djabe","description":"Djabe stepped on stage with a renewed line-up in October, 2016. Founder of the band, Attila \u00c9gerh\u00e1zi (guitar) and musical director Tam\u00e1s Barab\u00e1s (bass guitar) refreshed the band along the guidelines of their high standards. At the drums sits the internationally acclaimed, Artisjus Award-winner and Grammy Award nominee P\u00e9ter Kasz\u00e1s, who was and still is the drummer for Al Di Meola\u2019s band, World Sinfonia, for 7 years.","robots":{"index":"index","follow":"follow","max-snippet":"max-snippet:-1","max-image-preview":"max-image-preview:large","max-video-preview":"max-video-preview:-1"},"canonical":"https:\/\/djabe.hu\/uzlet\/new-dimensions-update-live-lp\/","og_locale":"en_US","og_type":"article","og_title":"Djabe: New Dimensions Update Live LP","og_description":"{:en}Djabe stepped on stage with a renewed line-up in October, 2016. Founder of the band, Attila \u00c9gerh\u00e1zi (guitar) and musical director Tam\u00e1s Barab\u00e1s (bass guitar) refreshed the band along the guidelines of their high standards. At the drums sits the internationally acclaimed, Artisjus Award-winner and Grammy Award nominee P\u00e9ter Kasz\u00e1s, who was and still is the drummer for Al Di Meola\u2019s band, World Sinfonia, for 7 years.{:}","og_url":"https:\/\/djabe.hu\/uzlet\/new-dimensions-update-live-lp\/","og_site_name":"Djabe","article_modified_time":"2024-10-09T13:09:30+00:00","og_image":[{"width":1310,"height":1024,"url":"https:\/\/djabe.hu\/wp-content\/uploads\/2017\/01\/newdim_live_lp3.png","type":"image\/png"}],"twitter_card":"summary_large_image","twitter_title":"Djabe: New Dimensions Update Live LP","twitter_image":"https:\/\/djabe.hu\/wp-content\/uploads\/2017\/01\/newdim_live_lp3.png","schema":{"@context":"https:\/\/schema.org","@graph":[{"@type":"WebPage","@id":"https:\/\/djabe.hu\/uzlet\/new-dimensions-update-live-lp\/","url":"https:\/\/djabe.hu\/uzlet\/new-dimensions-update-live-lp\/","name":"Djabe: New Dimensions Update Live LP - Djabe","isPartOf":{"@id":"https:\/\/djabe.hu\/en\/#website"},"primaryImageOfPage":{"@id":"https:\/\/djabe.hu\/uzlet\/new-dimensions-update-live-lp\/#primaryimage"},"image":{"@id":"https:\/\/djabe.hu\/uzlet\/new-dimensions-update-live-lp\/#primaryimage"},"thumbnailUrl":"https:\/\/djabe.hu\/wp-content\/uploads\/2017\/01\/newdim_live_lp3.png","datePublished":"2017-01-25T15:19:00+00:00","dateModified":"2024-10-09T13:09:30+00:00","description":"{:en}Djabe stepped on stage with a renewed line-up in October, 2016. Founder of the band, Attila \u00c9gerh\u00e1zi (guitar) and musical director Tam\u00e1s Barab\u00e1s (bass guitar) refreshed the band along the guidelines of their high standards. At the drums sits the internationally acclaimed, Artisjus Award-winner and Grammy Award nominee P\u00e9ter Kasz\u00e1s, who was and still is the drummer for Al Di Meola\u2019s band, World Sinfonia, for 7 years.{:}","breadcrumb":{"@id":"https:\/\/djabe.hu\/uzlet\/new-dimensions-update-live-lp\/#breadcrumb"},"inLanguage":"en-US","potentialAction":[{"@type":"ReadAction","target":["https:\/\/djabe.hu\/uzlet\/new-dimensions-update-live-lp\/"]}]},{"@type":"ImageObject","inLanguage":"en-US","@id":"https:\/\/djabe.hu\/uzlet\/new-dimensions-update-live-lp\/#primaryimage","url":"https:\/\/djabe.hu\/wp-content\/uploads\/2017\/01\/newdim_live_lp3.png","contentUrl":"https:\/\/djabe.hu\/wp-content\/uploads\/2017\/01\/newdim_live_lp3.png","width":1310,"height":1024,"caption":"Djabe - New Dimensions Update Live LP"},{"@type":"BreadcrumbList","@id":"https:\/\/djabe.hu\/uzlet\/new-dimensions-update-live-lp\/#breadcrumb","itemListElement":[{"@type":"ListItem","position":1,"name":"Home","item":"https:\/\/djabe.hu\/en\/"},{"@type":"ListItem","position":2,"name":"\u00c1ruh\u00e1z","item":"https:\/\/djabe.hu\/uzlet\/"},{"@type":"ListItem","position":3,"name":"Djabe: New Dimensions Update Live LP"}]},{"@type":"WebSite","@id":"https:\/\/djabe.hu\/en\/#website","url":"https:\/\/djabe.hu\/en\/","name":"Djabe","description":"Official site","potentialAction":[{"@type":"SearchAction","target":{"@type":"EntryPoint","urlTemplate":"https:\/\/djabe.hu\/en\/?s={search_term_string}"},"query-input":{"@type":"PropertyValueSpecification","valueRequired":true,"valueName":"search_term_string"}}],"inLanguage":"en-US"}]}},"jetpack_sharing_enabled":true,"_links":{"self":[{"href":"https:\/\/djabe.hu\/en\/wp-json\/wp\/v2\/product\/4459","targetHints":{"allow":["GET"]}}],"collection":[{"href":"https:\/\/djabe.hu\/en\/wp-json\/wp\/v2\/product"}],"about":[{"href":"https:\/\/djabe.hu\/en\/wp-json\/wp\/v2\/types\/product"}],"wp:featuredmedia":[{"embeddable":true,"href":"https:\/\/djabe.hu\/en\/wp-json\/wp\/v2\/media\/4473"}],"wp:attachment":[{"href":"https:\/\/djabe.hu\/en\/wp-json\/wp\/v2\/media?parent=4459"}],"wp:term":[{"taxonomy":"product_brand","embeddable":true,"href":"https:\/\/djabe.hu\/en\/wp-json\/wp\/v2\/product_brand?post=4459"},{"taxonomy":"product_cat","embeddable":true,"href":"https:\/\/djabe.hu\/en\/wp-json\/wp\/v2\/product_cat?post=4459"},{"taxonomy":"product_tag","embeddable":true,"href":"https:\/\/djabe.hu\/en\/wp-json\/wp\/v2\/product_tag?post=4459"}],"curies":[{"name":"wp","href":"https:\/\/api.w.org\/{rel}","templated":true}]}}