{"id":4456,"date":"2017-01-25T16:16:34","date_gmt":"2017-01-25T15:16:34","guid":{"rendered":"http:\/\/djabe.hu\/?post_type=product&#038;p=4456"},"modified":"2025-11-18T11:16:24","modified_gmt":"2025-11-18T10:16:24","slug":"new-dimensions-update-live-cd","status":"publish","type":"product","link":"https:\/\/djabe.hu\/en\/uzlet\/new-dimensions-update-live-cd\/","title":{"rendered":"Djabe: New Dimensions Update Live CD"},"content":{"rendered":"","protected":false},"excerpt":{"rendered":"<p><span style=\"color: #ffffff;\">Djabe stepped on stage with a renewed line-up in October, 2016. Founder of the band, Attila \u00c9gerh\u00e1zi (guitar) and musical director Tam\u00e1s Barab\u00e1s (bass guitar) refreshed the band along the guidelines of their high standards.\u00a0<\/span> <a href=\"http:\/\/djabe.hu\/en\/js_albums\/new-dimensions-update-live-cd\/\"><span style=\"color: #6094c1;\">&gt;&gt;<\/span><\/a><\/p>\n","protected":false},"featured_media":4474,"template":"","meta":[],"product_brand":[],"product_cat":[38],"product_tag":[],"class_list":{"0":"post-4456","1":"product","2":"type-product","3":"status-publish","4":"has-post-thumbnail","6":"product_cat-cd","7":"repupress_customize_woocommerce_productom_class","9":"first","10":"instock","11":"shipping-taxable","12":"purchasable","13":"product-type-simple"},"yoast_head":"<!-- This site is optimized with the Yoast SEO plugin v27.2 - https:\/\/yoast.com\/product\/yoast-seo-wordpress\/ -->\n<title>Djabe: New Dimensions Update Live CD - Djabe<\/title>\n<meta name=\"description\" content=\"Djabe stepped on stage with a renewed line-up in October, 2016. Founder of the band, Attila \u00c9gerh\u00e1zi (guitar) and musical director Tam\u00e1s Barab\u00e1s (bass guitar) refreshed the band along the guidelines of their high standards.\u00a0\" \/>\n<meta name=\"robots\" content=\"index, follow, max-snippet:-1, max-image-preview:large, max-video-preview:-1\" \/>\n<link rel=\"canonical\" href=\"https:\/\/djabe.hu\/uzlet\/new-dimensions-update-live-cd\/\" \/>\n<meta property=\"og:locale\" content=\"en_US\" \/>\n<meta property=\"og:type\" content=\"article\" \/>\n<meta property=\"og:title\" content=\"Djabe\" \/>\n<meta property=\"og:description\" content=\"{:en}Djabe stepped on stage with a renewed line-up in October, 2016. Founder of the band, Attila \u00c9gerh\u00e1zi (guitar) and musical director Tam\u00e1s Barab\u00e1s (bass guitar) refreshed the band along the guidelines of their high standards.\u00a0{:}\" \/>\n<meta property=\"og:url\" content=\"https:\/\/djabe.hu\/uzlet\/new-dimensions-update-live-cd\/\" \/>\n<meta property=\"og:site_name\" content=\"Djabe\" \/>\n<meta property=\"article:modified_time\" content=\"2025-11-18T10:16:24+00:00\" \/>\n<meta property=\"og:image\" content=\"https:\/\/djabe.hu\/wp-content\/uploads\/2017\/01\/newdim_live_cd2.png\" \/>\n\t<meta property=\"og:image:width\" content=\"1310\" \/>\n\t<meta property=\"og:image:height\" content=\"1024\" \/>\n\t<meta property=\"og:image:type\" content=\"image\/png\" \/>\n<meta name=\"twitter:card\" content=\"summary_large_image\" \/>\n<meta name=\"twitter:title\" content=\"Djabe\" \/>\n<meta name=\"twitter:image\" content=\"https:\/\/djabe.hu\/wp-content\/uploads\/2017\/01\/newdim_live_cd2.png\" \/>\n<meta name=\"twitter:label1\" content=\"Est. reading time\" \/>\n\t<meta name=\"twitter:data1\" content=\"1 minute\" \/>\n<script type=\"application\/ld+json\" class=\"yoast-schema-graph\">{\"@context\":\"https:\/\/schema.org\",\"@graph\":[{\"@type\":\"WebPage\",\"@id\":\"https:\/\/djabe.hu\/uzlet\/new-dimensions-update-live-cd\/\",\"url\":\"https:\/\/djabe.hu\/uzlet\/new-dimensions-update-live-cd\/\",\"name\":\"Djabe: New Dimensions Update Live CD - Djabe\",\"isPartOf\":{\"@id\":\"https:\/\/djabe.hu\/en\/#website\"},\"primaryImageOfPage\":{\"@id\":\"https:\/\/djabe.hu\/uzlet\/new-dimensions-update-live-cd\/#primaryimage\"},\"image\":{\"@id\":\"https:\/\/djabe.hu\/uzlet\/new-dimensions-update-live-cd\/#primaryimage\"},\"thumbnailUrl\":\"https:\/\/djabe.hu\/wp-content\/uploads\/2017\/01\/newdim_live_cd2.png\",\"datePublished\":\"2017-01-25T15:16:34+00:00\",\"dateModified\":\"2025-11-18T10:16:24+00:00\",\"description\":\"{:en}Djabe stepped on stage with a renewed line-up in October, 2016. Founder of the band, Attila \u00c9gerh\u00e1zi (guitar) and musical director Tam\u00e1s Barab\u00e1s (bass guitar) refreshed the band along the guidelines of their high standards.\u00a0{:}\",\"breadcrumb\":{\"@id\":\"https:\/\/djabe.hu\/uzlet\/new-dimensions-update-live-cd\/#breadcrumb\"},\"inLanguage\":\"en-US\",\"potentialAction\":[{\"@type\":\"ReadAction\",\"target\":[\"https:\/\/djabe.hu\/uzlet\/new-dimensions-update-live-cd\/\"]}]},{\"@type\":\"ImageObject\",\"inLanguage\":\"en-US\",\"@id\":\"https:\/\/djabe.hu\/uzlet\/new-dimensions-update-live-cd\/#primaryimage\",\"url\":\"https:\/\/djabe.hu\/wp-content\/uploads\/2017\/01\/newdim_live_cd2.png\",\"contentUrl\":\"https:\/\/djabe.hu\/wp-content\/uploads\/2017\/01\/newdim_live_cd2.png\",\"width\":1310,\"height\":1024,\"caption\":\"Djabe: New Dimensions Update Live CD\"},{\"@type\":\"BreadcrumbList\",\"@id\":\"https:\/\/djabe.hu\/uzlet\/new-dimensions-update-live-cd\/#breadcrumb\",\"itemListElement\":[{\"@type\":\"ListItem\",\"position\":1,\"name\":\"Home\",\"item\":\"https:\/\/djabe.hu\/en\/\"},{\"@type\":\"ListItem\",\"position\":2,\"name\":\"\u00c1ruh\u00e1z\",\"item\":\"https:\/\/djabe.hu\/uzlet\/\"},{\"@type\":\"ListItem\",\"position\":3,\"name\":\"Djabe: New Dimensions Update Live CD\"}]},{\"@type\":\"WebSite\",\"@id\":\"https:\/\/djabe.hu\/en\/#website\",\"url\":\"https:\/\/djabe.hu\/en\/\",\"name\":\"Djabe\",\"description\":\"Official site\",\"potentialAction\":[{\"@type\":\"SearchAction\",\"target\":{\"@type\":\"EntryPoint\",\"urlTemplate\":\"https:\/\/djabe.hu\/en\/?s={search_term_string}\"},\"query-input\":{\"@type\":\"PropertyValueSpecification\",\"valueRequired\":true,\"valueName\":\"search_term_string\"}}],\"inLanguage\":\"en-US\"}]}<\/script>\n<!-- \/ Yoast SEO plugin. -->","yoast_head_json":{"title":"Djabe: New Dimensions Update Live CD - Djabe","description":"Djabe stepped on stage with a renewed line-up in October, 2016. Founder of the band, Attila \u00c9gerh\u00e1zi (guitar) and musical director Tam\u00e1s Barab\u00e1s (bass guitar) refreshed the band along the guidelines of their high standards.\u00a0","robots":{"index":"index","follow":"follow","max-snippet":"max-snippet:-1","max-image-preview":"max-image-preview:large","max-video-preview":"max-video-preview:-1"},"canonical":"https:\/\/djabe.hu\/uzlet\/new-dimensions-update-live-cd\/","og_locale":"en_US","og_type":"article","og_title":"Djabe","og_description":"{:en}Djabe stepped on stage with a renewed line-up in October, 2016. Founder of the band, Attila \u00c9gerh\u00e1zi (guitar) and musical director Tam\u00e1s Barab\u00e1s (bass guitar) refreshed the band along the guidelines of their high standards.\u00a0{:}","og_url":"https:\/\/djabe.hu\/uzlet\/new-dimensions-update-live-cd\/","og_site_name":"Djabe","article_modified_time":"2025-11-18T10:16:24+00:00","og_image":[{"width":1310,"height":1024,"url":"https:\/\/djabe.hu\/wp-content\/uploads\/2017\/01\/newdim_live_cd2.png","type":"image\/png"}],"twitter_card":"summary_large_image","twitter_title":"Djabe","twitter_image":"https:\/\/djabe.hu\/wp-content\/uploads\/2017\/01\/newdim_live_cd2.png","twitter_misc":{"Est. reading time":"1 minute"},"schema":{"@context":"https:\/\/schema.org","@graph":[{"@type":"WebPage","@id":"https:\/\/djabe.hu\/uzlet\/new-dimensions-update-live-cd\/","url":"https:\/\/djabe.hu\/uzlet\/new-dimensions-update-live-cd\/","name":"Djabe: New Dimensions Update Live CD - Djabe","isPartOf":{"@id":"https:\/\/djabe.hu\/en\/#website"},"primaryImageOfPage":{"@id":"https:\/\/djabe.hu\/uzlet\/new-dimensions-update-live-cd\/#primaryimage"},"image":{"@id":"https:\/\/djabe.hu\/uzlet\/new-dimensions-update-live-cd\/#primaryimage"},"thumbnailUrl":"https:\/\/djabe.hu\/wp-content\/uploads\/2017\/01\/newdim_live_cd2.png","datePublished":"2017-01-25T15:16:34+00:00","dateModified":"2025-11-18T10:16:24+00:00","description":"{:en}Djabe stepped on stage with a renewed line-up in October, 2016. Founder of the band, Attila \u00c9gerh\u00e1zi (guitar) and musical director Tam\u00e1s Barab\u00e1s (bass guitar) refreshed the band along the guidelines of their high standards.\u00a0{:}","breadcrumb":{"@id":"https:\/\/djabe.hu\/uzlet\/new-dimensions-update-live-cd\/#breadcrumb"},"inLanguage":"en-US","potentialAction":[{"@type":"ReadAction","target":["https:\/\/djabe.hu\/uzlet\/new-dimensions-update-live-cd\/"]}]},{"@type":"ImageObject","inLanguage":"en-US","@id":"https:\/\/djabe.hu\/uzlet\/new-dimensions-update-live-cd\/#primaryimage","url":"https:\/\/djabe.hu\/wp-content\/uploads\/2017\/01\/newdim_live_cd2.png","contentUrl":"https:\/\/djabe.hu\/wp-content\/uploads\/2017\/01\/newdim_live_cd2.png","width":1310,"height":1024,"caption":"Djabe: New Dimensions Update Live CD"},{"@type":"BreadcrumbList","@id":"https:\/\/djabe.hu\/uzlet\/new-dimensions-update-live-cd\/#breadcrumb","itemListElement":[{"@type":"ListItem","position":1,"name":"Home","item":"https:\/\/djabe.hu\/en\/"},{"@type":"ListItem","position":2,"name":"\u00c1ruh\u00e1z","item":"https:\/\/djabe.hu\/uzlet\/"},{"@type":"ListItem","position":3,"name":"Djabe: New Dimensions Update Live CD"}]},{"@type":"WebSite","@id":"https:\/\/djabe.hu\/en\/#website","url":"https:\/\/djabe.hu\/en\/","name":"Djabe","description":"Official site","potentialAction":[{"@type":"SearchAction","target":{"@type":"EntryPoint","urlTemplate":"https:\/\/djabe.hu\/en\/?s={search_term_string}"},"query-input":{"@type":"PropertyValueSpecification","valueRequired":true,"valueName":"search_term_string"}}],"inLanguage":"en-US"}]}},"jetpack_sharing_enabled":true,"_links":{"self":[{"href":"https:\/\/djabe.hu\/en\/wp-json\/wp\/v2\/product\/4456","targetHints":{"allow":["GET"]}}],"collection":[{"href":"https:\/\/djabe.hu\/en\/wp-json\/wp\/v2\/product"}],"about":[{"href":"https:\/\/djabe.hu\/en\/wp-json\/wp\/v2\/types\/product"}],"wp:featuredmedia":[{"embeddable":true,"href":"https:\/\/djabe.hu\/en\/wp-json\/wp\/v2\/media\/4474"}],"wp:attachment":[{"href":"https:\/\/djabe.hu\/en\/wp-json\/wp\/v2\/media?parent=4456"}],"wp:term":[{"taxonomy":"product_brand","embeddable":true,"href":"https:\/\/djabe.hu\/en\/wp-json\/wp\/v2\/product_brand?post=4456"},{"taxonomy":"product_cat","embeddable":true,"href":"https:\/\/djabe.hu\/en\/wp-json\/wp\/v2\/product_cat?post=4456"},{"taxonomy":"product_tag","embeddable":true,"href":"https:\/\/djabe.hu\/en\/wp-json\/wp\/v2\/product_tag?post=4456"}],"curies":[{"name":"wp","href":"https:\/\/api.w.org\/{rel}","templated":true}]}}