{"id":1899,"date":"2016-11-18T09:34:31","date_gmt":"2016-11-18T08:34:31","guid":{"rendered":"http:\/\/djabe.hu\/?post_type=product&#038;p=1899"},"modified":"2024-10-09T14:13:43","modified_gmt":"2024-10-09T13:13:43","slug":"update-5-1-dvd-audio","status":"publish","type":"product","link":"https:\/\/djabe.hu\/en\/uzlet\/update-5-1-dvd-audio\/","title":{"rendered":"Djabe: Update 5.1 DVD-Audio"},"content":{"rendered":"<div id=\"mp3jWrap_0\" class=\"mjp-s-wrapper s-graphic unsel-mjp \" style=\"font-size:18px;\"><span id=\"playpause_wrap_mp3j_0\" class=\"wrap_inline_mp3j\" style=\"font-weight:700;\"><span class=\"gfxbutton_mp3j play-mjp\" id=\"playpause_mp3j_0\" style=\"font-size:18px;\">&nbsp;&nbsp;&nbsp;&nbsp;&nbsp;<\/span>&nbsp;<span class=\"group_wrap\"><span class=\"bars_mp3j\"><span class=\"loadB_mp3j\" id=\"load_mp3j_0\"><\/span><span class=\"posbarB_mp3j\" id=\"posbar_mp3j_0\"><\/span><\/span><span class=\"T_mp3j\" id=\"T_mp3j_0\" style=\"font-size:18px;\">Clouds Dance<span> - Update<\/span><\/span><span class=\"indi_mp3j\" style=\"font-size:12.6px;\" id=\"statusMI_0\"><\/span><\/span><\/span><\/div><span class=\"s-nosolution\" id=\"mp3j_nosolution_0\" style=\"display:none;\"><\/span><script>\nMP3jPLAYLISTS.inline_0 = [\n\t{ name: \"Clouds Dance\", formats: [\"mp3\"], mp3: \"aHR0cDovL2RqYWJlLmh1L3dwLWNvbnRlbnQvdXBsb2Fkcy8yMDE2LzA5L1VwZGF0ZS1DbG91ZHMtZGFuY2UubXAz\", counterpart:\"\", artist: \"Update\", image: \"\", imgurl: \"\" }\n];\n<\/script>\n\n<script>MP3jPLAYERS[0] = { list: MP3jPLAYLISTS.inline_0, tr:0, type:'single', lstate:'', loop:false, play_txt:'&nbsp;&nbsp;&nbsp;&nbsp;&nbsp;', pause_txt:'&nbsp;&nbsp;&nbsp;&nbsp;&nbsp;', pp_title:'', autoplay:false, download:false, vol:70, height:'' };<\/script>\n<div id=\"mp3jWrap_1\" class=\"mjp-s-wrapper s-graphic unsel-mjp \" style=\"font-size:18px;\"><span id=\"playpause_wrap_mp3j_1\" class=\"wrap_inline_mp3j\" style=\"font-weight:700;\"><span class=\"gfxbutton_mp3j play-mjp\" id=\"playpause_mp3j_1\" style=\"font-size:18px;\">&nbsp;&nbsp;&nbsp;&nbsp;&nbsp;<\/span>&nbsp;<span class=\"group_wrap\"><span class=\"bars_mp3j\"><span class=\"loadB_mp3j\" id=\"load_mp3j_1\"><\/span><span class=\"posbarB_mp3j\" id=\"posbar_mp3j_1\"><\/span><\/span><span class=\"T_mp3j\" id=\"T_mp3j_1\" style=\"font-size:18px;\">First Step<span> - Update<\/span><\/span><span class=\"indi_mp3j\" style=\"font-size:12.6px;\" id=\"statusMI_1\"><\/span><\/span><\/span><\/div><span class=\"s-nosolution\" id=\"mp3j_nosolution_1\" style=\"display:none;\"><\/span><script>\nMP3jPLAYLISTS.inline_1 = [\n\t{ name: \"First Step\", formats: [\"mp3\"], mp3: \"aHR0cDovL2RqYWJlLmh1L3dwLWNvbnRlbnQvdXBsb2Fkcy8yMDE2LzA5L1VwZGF0ZS1GaXJzdC1TdGVwLm1wMw==\", counterpart:\"\", artist: \"Update\", image: \"\", imgurl: \"\" }\n];\n<\/script>\n\n<script>MP3jPLAYERS[1] = { list: MP3jPLAYLISTS.inline_1, tr:0, type:'single', lstate:'', loop:false, play_txt:'&nbsp;&nbsp;&nbsp;&nbsp;&nbsp;', pause_txt:'&nbsp;&nbsp;&nbsp;&nbsp;&nbsp;', pp_title:'', autoplay:false, download:false, vol:70, height:'' };<\/script>\n<div id=\"mp3jWrap_2\" class=\"mjp-s-wrapper s-graphic unsel-mjp \" style=\"font-size:18px;\"><span id=\"playpause_wrap_mp3j_2\" class=\"wrap_inline_mp3j\" style=\"font-weight:700;\"><span class=\"gfxbutton_mp3j play-mjp\" id=\"playpause_mp3j_2\" style=\"font-size:18px;\">&nbsp;&nbsp;&nbsp;&nbsp;&nbsp;<\/span>&nbsp;<span class=\"group_wrap\"><span class=\"bars_mp3j\"><span class=\"loadB_mp3j\" id=\"load_mp3j_2\"><\/span><span class=\"posbarB_mp3j\" id=\"posbar_mp3j_2\"><\/span><\/span><span class=\"T_mp3j\" id=\"T_mp3j_2\" style=\"font-size:18px;\">Lead Soldier<span> - Update<\/span><\/span><span class=\"indi_mp3j\" style=\"font-size:12.6px;\" id=\"statusMI_2\"><\/span><\/span><\/span><\/div><span class=\"s-nosolution\" id=\"mp3j_nosolution_2\" style=\"display:none;\"><\/span><script>\nMP3jPLAYLISTS.inline_2 = [\n\t{ name: \"Lead Soldier\", formats: [\"mp3\"], mp3: \"aHR0cDovL2RqYWJlLmh1L3dwLWNvbnRlbnQvdXBsb2Fkcy8yMDE2LzA5L1VwZGF0ZS1MZWFkLVNvbGRpZXIubXAz\", counterpart:\"\", artist: \"Update\", image: \"\", imgurl: \"\" }\n];\n<\/script>\n\n<script>MP3jPLAYERS[2] = { list: MP3jPLAYLISTS.inline_2, tr:0, type:'single', lstate:'', loop:false, play_txt:'&nbsp;&nbsp;&nbsp;&nbsp;&nbsp;', pause_txt:'&nbsp;&nbsp;&nbsp;&nbsp;&nbsp;', pp_title:'', autoplay:false, download:false, vol:70, height:'' };<\/script>\n<div id=\"mp3jWrap_3\" class=\"mjp-s-wrapper s-graphic unsel-mjp \" style=\"font-size:18px;\"><span id=\"playpause_wrap_mp3j_3\" class=\"wrap_inline_mp3j\" style=\"font-weight:700;\"><span class=\"gfxbutton_mp3j play-mjp\" id=\"playpause_mp3j_3\" style=\"font-size:18px;\">&nbsp;&nbsp;&nbsp;&nbsp;&nbsp;<\/span>&nbsp;<span class=\"group_wrap\"><span class=\"bars_mp3j\"><span class=\"loadB_mp3j\" id=\"load_mp3j_3\"><\/span><span class=\"posbarB_mp3j\" id=\"posbar_mp3j_3\"><\/span><\/span><span class=\"T_mp3j\" id=\"T_mp3j_3\" style=\"font-size:18px;\">Mayombe<span> - Update<\/span><\/span><span class=\"indi_mp3j\" style=\"font-size:12.6px;\" id=\"statusMI_3\"><\/span><\/span><\/span><\/div><span class=\"s-nosolution\" id=\"mp3j_nosolution_3\" style=\"display:none;\"><\/span><script>\nMP3jPLAYLISTS.inline_3 = [\n\t{ name: \"Mayombe\", formats: [\"mp3\"], mp3: \"aHR0cDovL2RqYWJlLmh1L3dwLWNvbnRlbnQvdXBsb2Fkcy8yMDE2LzA5L1VwZGF0ZS1NYXlvbWJlLm1wMw==\", counterpart:\"\", artist: \"Update\", image: \"\", imgurl: \"\" }\n];\n<\/script>\n\n<script>MP3jPLAYERS[3] = { list: MP3jPLAYLISTS.inline_3, tr:0, type:'single', lstate:'', loop:false, play_txt:'&nbsp;&nbsp;&nbsp;&nbsp;&nbsp;', pause_txt:'&nbsp;&nbsp;&nbsp;&nbsp;&nbsp;', pp_title:'', autoplay:false, download:false, vol:70, height:'' };<\/script>\n<p><iframe loading=\"lazy\" title=\"Djabe Update 5.1 reissue 2 DVD - Video extras: Flying outtakes 2001 recordings\" width=\"900\" height=\"675\" src=\"https:\/\/www.youtube.com\/embed\/4u5FTQoLKBE?feature=oembed\" frameborder=\"0\" allow=\"accelerometer; autoplay; clipboard-write; encrypted-media; gyroscope; picture-in-picture\" allowfullscreen><\/iframe><\/p>\n","protected":false},"excerpt":{"rendered":"<p><span style=\"color: #ffffff;\">10<sup>th<\/sup> Anniversary 5.1 reissue on double DVD. This is an excellent studio album of the updated band in 2001. The band earned prestigious eMeRTon award in Hungary in 2001 with Update. The Djabe music kept its original values, but the band made a further step on the road of improvement. The compositions and arrangement became more complex and are of a higher standard; new musicians made richer the already colourful palette of the sound.<\/span><\/p>\n<p><span style=\"color: #ffffff;\">The DVD-Audio disc contains remixed 5.1 version in excellent sound quality with an exiting surround mix. <a href=\"http:\/\/djabe.hu\/en\/js_albums\/update-5-1\/\"><span style=\"color: #6094c1;\">&gt;&gt;<\/span><\/a><\/span><\/p>\n","protected":false},"featured_media":7754,"template":"","meta":[],"product_brand":[],"product_cat":[41,46],"product_tag":[],"class_list":{"0":"post-1899","1":"product","2":"type-product","3":"status-publish","4":"has-post-thumbnail","6":"product_cat-dvd","7":"product_cat-dvd-audio","8":"repupress_customize_woocommerce_productom_class","10":"first","11":"instock","12":"shipping-taxable","13":"purchasable","14":"product-type-simple"},"yoast_head":"<!-- This site is optimized with the Yoast SEO plugin v27.4 - https:\/\/yoast.com\/product\/yoast-seo-wordpress\/ -->\n<title>Djabe: Update 5.1 DVD-Audio - Djabe<\/title>\n<meta name=\"robots\" content=\"index, follow, max-snippet:-1, max-image-preview:large, max-video-preview:-1\" \/>\n<link rel=\"canonical\" href=\"https:\/\/djabe.hu\/uzlet\/update-5-1-dvd-audio\/\" \/>\n<meta property=\"og:locale\" content=\"en_US\" \/>\n<meta property=\"og:type\" content=\"article\" \/>\n<meta property=\"og:title\" content=\"Djabe: Update 5.1 DVD-Audio - Djabe\" \/>\n<meta property=\"og:description\" content=\"[:hu]10 \u00e9ves jubileumi kiad\u00e1s szimpla DVD-n.\u00a0Az Update a Djabe korszakalkot\u00f3 albuma. A hattag\u00fara b\u0151v\u00fclt zenekar els\u0151 lemeze, melyre k\u00e9t kiv\u00e1l\u00f3 vend\u00e9g muzsikust is megh\u00edvtak Ben Castle (Sting, Jamie Cullumn, The Brand New Heavies, George Michael), \u00e9s Said Tichiti szem\u00e9ly\u00e9ben.\u00a0&gt;&gt;[:en]10th Anniversary 5.1 reissue on double DVD. This is an excellent studio album of the updated band in 2001. The band earned prestigious eMeRTon award in Hungary in 2001 with Update. The Djabe music kept its original values, but the band made a further step on the road of improvement. The compositions and arrangement became more complex and are of a higher standard; new musicians made richer the already colourful palette of the sound.  The DVD-Audio disc contains remixed 5.1 version in excellent sound quality with an exiting surround mix. &gt;&gt;[:]\" \/>\n<meta property=\"og:url\" content=\"https:\/\/djabe.hu\/uzlet\/update-5-1-dvd-audio\/\" \/>\n<meta property=\"og:site_name\" content=\"Djabe\" \/>\n<meta property=\"article:modified_time\" content=\"2024-10-09T13:13:43+00:00\" \/>\n<meta property=\"og:image\" content=\"https:\/\/djabe.hu\/wp-content\/uploads\/2016\/11\/2012_Update_5.1_DVD_audio_SHOP-1024x1024.png\" \/>\n\t<meta property=\"og:image:width\" content=\"1024\" \/>\n\t<meta property=\"og:image:height\" content=\"1024\" \/>\n\t<meta property=\"og:image:type\" content=\"image\/png\" \/>\n<meta name=\"twitter:card\" content=\"summary_large_image\" \/>\n<script type=\"application\/ld+json\" class=\"yoast-schema-graph\">{\"@context\":\"https:\\\/\\\/schema.org\",\"@graph\":[{\"@type\":\"WebPage\",\"@id\":\"https:\\\/\\\/djabe.hu\\\/uzlet\\\/update-5-1-dvd-audio\\\/\",\"url\":\"https:\\\/\\\/djabe.hu\\\/uzlet\\\/update-5-1-dvd-audio\\\/\",\"name\":\"Djabe: Update 5.1 DVD-Audio - Djabe\",\"isPartOf\":{\"@id\":\"https:\\\/\\\/djabe.hu\\\/en\\\/#website\"},\"primaryImageOfPage\":{\"@id\":\"https:\\\/\\\/djabe.hu\\\/uzlet\\\/update-5-1-dvd-audio\\\/#primaryimage\"},\"image\":{\"@id\":\"https:\\\/\\\/djabe.hu\\\/uzlet\\\/update-5-1-dvd-audio\\\/#primaryimage\"},\"thumbnailUrl\":\"https:\\\/\\\/djabe.hu\\\/wp-content\\\/uploads\\\/2016\\\/11\\\/2012_Update_5.1_DVD_audio_SHOP.png\",\"datePublished\":\"2016-11-18T08:34:31+00:00\",\"dateModified\":\"2024-10-09T13:13:43+00:00\",\"breadcrumb\":{\"@id\":\"https:\\\/\\\/djabe.hu\\\/uzlet\\\/update-5-1-dvd-audio\\\/#breadcrumb\"},\"inLanguage\":\"en-US\",\"potentialAction\":[{\"@type\":\"ReadAction\",\"target\":[\"https:\\\/\\\/djabe.hu\\\/uzlet\\\/update-5-1-dvd-audio\\\/\"]}]},{\"@type\":\"ImageObject\",\"inLanguage\":\"en-US\",\"@id\":\"https:\\\/\\\/djabe.hu\\\/uzlet\\\/update-5-1-dvd-audio\\\/#primaryimage\",\"url\":\"https:\\\/\\\/djabe.hu\\\/wp-content\\\/uploads\\\/2016\\\/11\\\/2012_Update_5.1_DVD_audio_SHOP.png\",\"contentUrl\":\"https:\\\/\\\/djabe.hu\\\/wp-content\\\/uploads\\\/2016\\\/11\\\/2012_Update_5.1_DVD_audio_SHOP.png\",\"width\":1653,\"height\":1653,\"caption\":\"Djabe: Update 5.1 DVD-Audio\"},{\"@type\":\"BreadcrumbList\",\"@id\":\"https:\\\/\\\/djabe.hu\\\/uzlet\\\/update-5-1-dvd-audio\\\/#breadcrumb\",\"itemListElement\":[{\"@type\":\"ListItem\",\"position\":1,\"name\":\"Home\",\"item\":\"https:\\\/\\\/djabe.hu\\\/en\\\/\"},{\"@type\":\"ListItem\",\"position\":2,\"name\":\"\u00c1ruh\u00e1z\",\"item\":\"https:\\\/\\\/djabe.hu\\\/uzlet\\\/\"},{\"@type\":\"ListItem\",\"position\":3,\"name\":\"Djabe: Update 5.1 DVD-Audio\"}]},{\"@type\":\"WebSite\",\"@id\":\"https:\\\/\\\/djabe.hu\\\/en\\\/#website\",\"url\":\"https:\\\/\\\/djabe.hu\\\/en\\\/\",\"name\":\"Djabe\",\"description\":\"Official site\",\"potentialAction\":[{\"@type\":\"SearchAction\",\"target\":{\"@type\":\"EntryPoint\",\"urlTemplate\":\"https:\\\/\\\/djabe.hu\\\/en\\\/?s={search_term_string}\"},\"query-input\":{\"@type\":\"PropertyValueSpecification\",\"valueRequired\":true,\"valueName\":\"search_term_string\"}}],\"inLanguage\":\"en-US\"}]}<\/script>\n<!-- \/ Yoast SEO plugin. -->","yoast_head_json":{"title":"Djabe: Update 5.1 DVD-Audio - Djabe","robots":{"index":"index","follow":"follow","max-snippet":"max-snippet:-1","max-image-preview":"max-image-preview:large","max-video-preview":"max-video-preview:-1"},"canonical":"https:\/\/djabe.hu\/uzlet\/update-5-1-dvd-audio\/","og_locale":"en_US","og_type":"article","og_title":"Djabe: Update 5.1 DVD-Audio - Djabe","og_description":"[:hu]10 \u00e9ves jubileumi kiad\u00e1s szimpla DVD-n.\u00a0Az Update a Djabe korszakalkot\u00f3 albuma. A hattag\u00fara b\u0151v\u00fclt zenekar els\u0151 lemeze, melyre k\u00e9t kiv\u00e1l\u00f3 vend\u00e9g muzsikust is megh\u00edvtak Ben Castle (Sting, Jamie Cullumn, The Brand New Heavies, George Michael), \u00e9s Said Tichiti szem\u00e9ly\u00e9ben.\u00a0&gt;&gt;[:en]10th Anniversary 5.1 reissue on double DVD. This is an excellent studio album of the updated band in 2001. The band earned prestigious eMeRTon award in Hungary in 2001 with Update. The Djabe music kept its original values, but the band made a further step on the road of improvement. The compositions and arrangement became more complex and are of a higher standard; new musicians made richer the already colourful palette of the sound.  The DVD-Audio disc contains remixed 5.1 version in excellent sound quality with an exiting surround mix. &gt;&gt;[:]","og_url":"https:\/\/djabe.hu\/uzlet\/update-5-1-dvd-audio\/","og_site_name":"Djabe","article_modified_time":"2024-10-09T13:13:43+00:00","og_image":[{"width":1024,"height":1024,"url":"https:\/\/djabe.hu\/wp-content\/uploads\/2016\/11\/2012_Update_5.1_DVD_audio_SHOP-1024x1024.png","type":"image\/png"}],"twitter_card":"summary_large_image","schema":{"@context":"https:\/\/schema.org","@graph":[{"@type":"WebPage","@id":"https:\/\/djabe.hu\/uzlet\/update-5-1-dvd-audio\/","url":"https:\/\/djabe.hu\/uzlet\/update-5-1-dvd-audio\/","name":"Djabe: Update 5.1 DVD-Audio - Djabe","isPartOf":{"@id":"https:\/\/djabe.hu\/en\/#website"},"primaryImageOfPage":{"@id":"https:\/\/djabe.hu\/uzlet\/update-5-1-dvd-audio\/#primaryimage"},"image":{"@id":"https:\/\/djabe.hu\/uzlet\/update-5-1-dvd-audio\/#primaryimage"},"thumbnailUrl":"https:\/\/djabe.hu\/wp-content\/uploads\/2016\/11\/2012_Update_5.1_DVD_audio_SHOP.png","datePublished":"2016-11-18T08:34:31+00:00","dateModified":"2024-10-09T13:13:43+00:00","breadcrumb":{"@id":"https:\/\/djabe.hu\/uzlet\/update-5-1-dvd-audio\/#breadcrumb"},"inLanguage":"en-US","potentialAction":[{"@type":"ReadAction","target":["https:\/\/djabe.hu\/uzlet\/update-5-1-dvd-audio\/"]}]},{"@type":"ImageObject","inLanguage":"en-US","@id":"https:\/\/djabe.hu\/uzlet\/update-5-1-dvd-audio\/#primaryimage","url":"https:\/\/djabe.hu\/wp-content\/uploads\/2016\/11\/2012_Update_5.1_DVD_audio_SHOP.png","contentUrl":"https:\/\/djabe.hu\/wp-content\/uploads\/2016\/11\/2012_Update_5.1_DVD_audio_SHOP.png","width":1653,"height":1653,"caption":"Djabe: Update 5.1 DVD-Audio"},{"@type":"BreadcrumbList","@id":"https:\/\/djabe.hu\/uzlet\/update-5-1-dvd-audio\/#breadcrumb","itemListElement":[{"@type":"ListItem","position":1,"name":"Home","item":"https:\/\/djabe.hu\/en\/"},{"@type":"ListItem","position":2,"name":"\u00c1ruh\u00e1z","item":"https:\/\/djabe.hu\/uzlet\/"},{"@type":"ListItem","position":3,"name":"Djabe: Update 5.1 DVD-Audio"}]},{"@type":"WebSite","@id":"https:\/\/djabe.hu\/en\/#website","url":"https:\/\/djabe.hu\/en\/","name":"Djabe","description":"Official site","potentialAction":[{"@type":"SearchAction","target":{"@type":"EntryPoint","urlTemplate":"https:\/\/djabe.hu\/en\/?s={search_term_string}"},"query-input":{"@type":"PropertyValueSpecification","valueRequired":true,"valueName":"search_term_string"}}],"inLanguage":"en-US"}]}},"jetpack_sharing_enabled":true,"_links":{"self":[{"href":"https:\/\/djabe.hu\/en\/wp-json\/wp\/v2\/product\/1899","targetHints":{"allow":["GET"]}}],"collection":[{"href":"https:\/\/djabe.hu\/en\/wp-json\/wp\/v2\/product"}],"about":[{"href":"https:\/\/djabe.hu\/en\/wp-json\/wp\/v2\/types\/product"}],"wp:featuredmedia":[{"embeddable":true,"href":"https:\/\/djabe.hu\/en\/wp-json\/wp\/v2\/media\/7754"}],"wp:attachment":[{"href":"https:\/\/djabe.hu\/en\/wp-json\/wp\/v2\/media?parent=1899"}],"wp:term":[{"taxonomy":"product_brand","embeddable":true,"href":"https:\/\/djabe.hu\/en\/wp-json\/wp\/v2\/product_brand?post=1899"},{"taxonomy":"product_cat","embeddable":true,"href":"https:\/\/djabe.hu\/en\/wp-json\/wp\/v2\/product_cat?post=1899"},{"taxonomy":"product_tag","embeddable":true,"href":"https:\/\/djabe.hu\/en\/wp-json\/wp\/v2\/product_tag?post=1899"}],"curies":[{"name":"wp","href":"https:\/\/api.w.org\/{rel}","templated":true}]}}