{"id":1898,"date":"2016-11-18T09:32:18","date_gmt":"2016-11-18T08:32:18","guid":{"rendered":"http:\/\/djabe.hu\/?post_type=product&#038;p=1898"},"modified":"2026-04-09T08:34:15","modified_gmt":"2026-04-09T07:34:15","slug":"update-cd","status":"publish","type":"product","link":"https:\/\/djabe.hu\/en\/uzlet\/update-cd\/","title":{"rendered":"Djabe: Update CD"},"content":{"rendered":"<p><iframe loading=\"lazy\" title=\"Djabe - Flying\" width=\"900\" height=\"675\" src=\"https:\/\/www.youtube.com\/embed\/6DI0NsFdTnU?feature=oembed\" frameborder=\"0\" allow=\"accelerometer; autoplay; clipboard-write; encrypted-media; gyroscope; picture-in-picture\" allowfullscreen><\/iframe><\/p>\n","protected":false},"excerpt":{"rendered":"<p><span style=\"color: #ffffff;\">This is an excellent studio album of the renewed band in 2001. The Djabe music kept its original values, but the band made a further step on the road of improvement. The compositions and arrangement became more complex and are of a higher standard.<\/span><\/p>\n<p><span style=\"color: #ffffff;\">Update won the eMeRTon Award right after its premiere in May \u2013 the professional jurors awarded the World Music Band of the Year to Djabe. This great success did not peak in only the award, as this is the album that brought the first foreign invitations for the band. Since then, Djabe performed in nearly 50 countries, for the joy of the audience.<\/span><\/p>\n<p><span style=\"color: #ffffff;\">After the 2001 reformation the band got a new soloist: Ferenc Kov\u00e1cs (trumpet, violin). Next to Andr\u00e1s Sipos (percussion) arrived the young and talented Szil\u00e1rd Banai (drums) and made an excellent percussive duo. A position never existed before was filled by Zolt\u00e1n Kov\u00e1cs (keyboard). Besides Andr\u00e1s Sipos two more remained from the old line-up: Tam\u00e1s Barab\u00e1s (bass guitar) and Attila \u00c9gerh\u00e1zi (guitar). Ferenc Muck (saxophone) left Djabe at the end of 2000. Between 1997-2000 Djabe\u2019s sounding was vastly determined by saxophone, and so it had to be filled \u2013 and none other did but the Englishman Ben Castle, who expanded the band\u2019s portfolio of instruments by his flute and bass clarinet. At Update\u2019s recordings the Moroccan vocalist-percussionist Sa\u00efd Tichiti also appears, with his characteristically Moroccan folk music of gembri and vocal added an exotic flavor to the composition First Step.<\/span><\/p>\n<p><span style=\"color: #ffffff;\"><span style=\"color: #6094c1;\"><a style=\"color: #6094c1;\" href=\"http:\/\/djabe.hu\/en\/js_albums\/update\/\">&gt;&gt;<\/a><\/span><\/span><\/p>\n","protected":false},"featured_media":812,"template":"","meta":[],"product_brand":[],"product_cat":[38],"product_tag":[],"class_list":{"0":"post-1898","1":"product","2":"type-product","3":"status-publish","4":"has-post-thumbnail","6":"product_cat-cd","7":"repupress_customize_woocommerce_productom_class","9":"first","10":"instock","11":"shipping-taxable","12":"purchasable","13":"product-type-simple"},"yoast_head":"<!-- This site is optimized with the Yoast SEO plugin v27.2 - https:\/\/yoast.com\/product\/yoast-seo-wordpress\/ -->\n<title>Djabe: Update CD - Djabe<\/title>\n<meta name=\"description\" content=\"This is an excellent studio album of the renewed band in 2001. The Djabe music kept its original values, but the band made a further step on the road of improvement. The compositions and arrangement became more complex and are of a higher standard.Update won the eMeRTon Award right after its premiere in May \u2013 the professional jurors awarded the World Music Band of the Year to Djabe. This great success did not peak in only the award, as this is the album that brought the first foreign invitations for the band. Since then, Djabe performed in nearly 50 countries, for the joy of the audience.\" \/>\n<meta name=\"robots\" content=\"index, follow, max-snippet:-1, max-image-preview:large, max-video-preview:-1\" \/>\n<link rel=\"canonical\" href=\"https:\/\/djabe.hu\/uzlet\/update-cd\/\" \/>\n<meta property=\"og:locale\" content=\"en_US\" \/>\n<meta property=\"og:type\" content=\"article\" \/>\n<meta property=\"og:title\" content=\"Djabe\" \/>\n<meta property=\"og:description\" content=\"{:en}This is an excellent studio album of the renewed band in 2001. The Djabe music kept its original values, but the band made a further step on the road of improvement. The compositions and arrangement became more complex and are of a higher standard.Update won the eMeRTon Award right after its premiere in May \u2013 the professional jurors awarded the World Music Band of the Year to Djabe. This great success did not peak in only the award, as this is the album that brought the first foreign invitations for the band. Since then, Djabe performed in nearly 50 countries, for the joy of the audience.{:}\" \/>\n<meta property=\"og:url\" content=\"https:\/\/djabe.hu\/uzlet\/update-cd\/\" \/>\n<meta property=\"og:site_name\" content=\"Djabe\" \/>\n<meta property=\"article:modified_time\" content=\"2026-04-09T07:34:15+00:00\" \/>\n<meta property=\"og:image\" content=\"https:\/\/djabe.hu\/wp-content\/uploads\/2016\/09\/2001_Update_CD-768x768.png\" \/>\n\t<meta property=\"og:image:width\" content=\"768\" \/>\n\t<meta property=\"og:image:height\" content=\"768\" \/>\n\t<meta property=\"og:image:type\" content=\"image\/png\" \/>\n<meta name=\"twitter:card\" content=\"summary_large_image\" \/>\n<meta name=\"twitter:title\" content=\"Djabe\" \/>\n<meta name=\"twitter:image\" content=\"https:\/\/djabe.hu\/wp-content\/uploads\/2016\/09\/2001_Update_CD.png\" \/>\n<script type=\"application\/ld+json\" class=\"yoast-schema-graph\">{\"@context\":\"https:\/\/schema.org\",\"@graph\":[{\"@type\":\"WebPage\",\"@id\":\"https:\/\/djabe.hu\/uzlet\/update-cd\/\",\"url\":\"https:\/\/djabe.hu\/uzlet\/update-cd\/\",\"name\":\"Djabe: Update CD - Djabe\",\"isPartOf\":{\"@id\":\"https:\/\/djabe.hu\/en\/#website\"},\"primaryImageOfPage\":{\"@id\":\"https:\/\/djabe.hu\/uzlet\/update-cd\/#primaryimage\"},\"image\":{\"@id\":\"https:\/\/djabe.hu\/uzlet\/update-cd\/#primaryimage\"},\"thumbnailUrl\":\"https:\/\/djabe.hu\/wp-content\/uploads\/2016\/09\/2001_Update_CD.png\",\"datePublished\":\"2016-11-18T08:32:18+00:00\",\"dateModified\":\"2026-04-09T07:34:15+00:00\",\"description\":\"{:en}This is an excellent studio album of the renewed band in 2001. The Djabe music kept its original values, but the band made a further step on the road of improvement. The compositions and arrangement became more complex and are of a higher standard.Update won the eMeRTon Award right after its premiere in May \u2013 the professional jurors awarded the World Music Band of the Year to Djabe. This great success did not peak in only the award, as this is the album that brought the first foreign invitations for the band. Since then, Djabe performed in nearly 50 countries, for the joy of the audience.{:}\",\"breadcrumb\":{\"@id\":\"https:\/\/djabe.hu\/uzlet\/update-cd\/#breadcrumb\"},\"inLanguage\":\"en-US\",\"potentialAction\":[{\"@type\":\"ReadAction\",\"target\":[\"https:\/\/djabe.hu\/uzlet\/update-cd\/\"]}]},{\"@type\":\"ImageObject\",\"inLanguage\":\"en-US\",\"@id\":\"https:\/\/djabe.hu\/uzlet\/update-cd\/#primaryimage\",\"url\":\"https:\/\/djabe.hu\/wp-content\/uploads\/2016\/09\/2001_Update_CD.png\",\"contentUrl\":\"https:\/\/djabe.hu\/wp-content\/uploads\/2016\/09\/2001_Update_CD.png\",\"width\":1452,\"height\":1452,\"caption\":\"Djabe: Update CD\"},{\"@type\":\"BreadcrumbList\",\"@id\":\"https:\/\/djabe.hu\/uzlet\/update-cd\/#breadcrumb\",\"itemListElement\":[{\"@type\":\"ListItem\",\"position\":1,\"name\":\"Home\",\"item\":\"https:\/\/djabe.hu\/en\/\"},{\"@type\":\"ListItem\",\"position\":2,\"name\":\"\u00c1ruh\u00e1z\",\"item\":\"https:\/\/djabe.hu\/uzlet\/\"},{\"@type\":\"ListItem\",\"position\":3,\"name\":\"Djabe: Update CD\"}]},{\"@type\":\"WebSite\",\"@id\":\"https:\/\/djabe.hu\/en\/#website\",\"url\":\"https:\/\/djabe.hu\/en\/\",\"name\":\"Djabe\",\"description\":\"Official site\",\"potentialAction\":[{\"@type\":\"SearchAction\",\"target\":{\"@type\":\"EntryPoint\",\"urlTemplate\":\"https:\/\/djabe.hu\/en\/?s={search_term_string}\"},\"query-input\":{\"@type\":\"PropertyValueSpecification\",\"valueRequired\":true,\"valueName\":\"search_term_string\"}}],\"inLanguage\":\"en-US\"}]}<\/script>\n<!-- \/ Yoast SEO plugin. -->","yoast_head_json":{"title":"Djabe: Update CD - Djabe","description":"This is an excellent studio album of the renewed band in 2001. The Djabe music kept its original values, but the band made a further step on the road of improvement. The compositions and arrangement became more complex and are of a higher standard.Update won the eMeRTon Award right after its premiere in May \u2013 the professional jurors awarded the World Music Band of the Year to Djabe. This great success did not peak in only the award, as this is the album that brought the first foreign invitations for the band. Since then, Djabe performed in nearly 50 countries, for the joy of the audience.","robots":{"index":"index","follow":"follow","max-snippet":"max-snippet:-1","max-image-preview":"max-image-preview:large","max-video-preview":"max-video-preview:-1"},"canonical":"https:\/\/djabe.hu\/uzlet\/update-cd\/","og_locale":"en_US","og_type":"article","og_title":"Djabe","og_description":"{:en}This is an excellent studio album of the renewed band in 2001. The Djabe music kept its original values, but the band made a further step on the road of improvement. The compositions and arrangement became more complex and are of a higher standard.Update won the eMeRTon Award right after its premiere in May \u2013 the professional jurors awarded the World Music Band of the Year to Djabe. This great success did not peak in only the award, as this is the album that brought the first foreign invitations for the band. Since then, Djabe performed in nearly 50 countries, for the joy of the audience.{:}","og_url":"https:\/\/djabe.hu\/uzlet\/update-cd\/","og_site_name":"Djabe","article_modified_time":"2026-04-09T07:34:15+00:00","og_image":[{"width":768,"height":768,"url":"https:\/\/djabe.hu\/wp-content\/uploads\/2016\/09\/2001_Update_CD-768x768.png","type":"image\/png"}],"twitter_card":"summary_large_image","twitter_title":"Djabe","twitter_image":"https:\/\/djabe.hu\/wp-content\/uploads\/2016\/09\/2001_Update_CD.png","schema":{"@context":"https:\/\/schema.org","@graph":[{"@type":"WebPage","@id":"https:\/\/djabe.hu\/uzlet\/update-cd\/","url":"https:\/\/djabe.hu\/uzlet\/update-cd\/","name":"Djabe: Update CD - Djabe","isPartOf":{"@id":"https:\/\/djabe.hu\/en\/#website"},"primaryImageOfPage":{"@id":"https:\/\/djabe.hu\/uzlet\/update-cd\/#primaryimage"},"image":{"@id":"https:\/\/djabe.hu\/uzlet\/update-cd\/#primaryimage"},"thumbnailUrl":"https:\/\/djabe.hu\/wp-content\/uploads\/2016\/09\/2001_Update_CD.png","datePublished":"2016-11-18T08:32:18+00:00","dateModified":"2026-04-09T07:34:15+00:00","description":"{:en}This is an excellent studio album of the renewed band in 2001. The Djabe music kept its original values, but the band made a further step on the road of improvement. The compositions and arrangement became more complex and are of a higher standard.Update won the eMeRTon Award right after its premiere in May \u2013 the professional jurors awarded the World Music Band of the Year to Djabe. This great success did not peak in only the award, as this is the album that brought the first foreign invitations for the band. Since then, Djabe performed in nearly 50 countries, for the joy of the audience.{:}","breadcrumb":{"@id":"https:\/\/djabe.hu\/uzlet\/update-cd\/#breadcrumb"},"inLanguage":"en-US","potentialAction":[{"@type":"ReadAction","target":["https:\/\/djabe.hu\/uzlet\/update-cd\/"]}]},{"@type":"ImageObject","inLanguage":"en-US","@id":"https:\/\/djabe.hu\/uzlet\/update-cd\/#primaryimage","url":"https:\/\/djabe.hu\/wp-content\/uploads\/2016\/09\/2001_Update_CD.png","contentUrl":"https:\/\/djabe.hu\/wp-content\/uploads\/2016\/09\/2001_Update_CD.png","width":1452,"height":1452,"caption":"Djabe: Update CD"},{"@type":"BreadcrumbList","@id":"https:\/\/djabe.hu\/uzlet\/update-cd\/#breadcrumb","itemListElement":[{"@type":"ListItem","position":1,"name":"Home","item":"https:\/\/djabe.hu\/en\/"},{"@type":"ListItem","position":2,"name":"\u00c1ruh\u00e1z","item":"https:\/\/djabe.hu\/uzlet\/"},{"@type":"ListItem","position":3,"name":"Djabe: Update CD"}]},{"@type":"WebSite","@id":"https:\/\/djabe.hu\/en\/#website","url":"https:\/\/djabe.hu\/en\/","name":"Djabe","description":"Official site","potentialAction":[{"@type":"SearchAction","target":{"@type":"EntryPoint","urlTemplate":"https:\/\/djabe.hu\/en\/?s={search_term_string}"},"query-input":{"@type":"PropertyValueSpecification","valueRequired":true,"valueName":"search_term_string"}}],"inLanguage":"en-US"}]}},"jetpack_sharing_enabled":true,"_links":{"self":[{"href":"https:\/\/djabe.hu\/en\/wp-json\/wp\/v2\/product\/1898","targetHints":{"allow":["GET"]}}],"collection":[{"href":"https:\/\/djabe.hu\/en\/wp-json\/wp\/v2\/product"}],"about":[{"href":"https:\/\/djabe.hu\/en\/wp-json\/wp\/v2\/types\/product"}],"wp:featuredmedia":[{"embeddable":true,"href":"https:\/\/djabe.hu\/en\/wp-json\/wp\/v2\/media\/812"}],"wp:attachment":[{"href":"https:\/\/djabe.hu\/en\/wp-json\/wp\/v2\/media?parent=1898"}],"wp:term":[{"taxonomy":"product_brand","embeddable":true,"href":"https:\/\/djabe.hu\/en\/wp-json\/wp\/v2\/product_brand?post=1898"},{"taxonomy":"product_cat","embeddable":true,"href":"https:\/\/djabe.hu\/en\/wp-json\/wp\/v2\/product_cat?post=1898"},{"taxonomy":"product_tag","embeddable":true,"href":"https:\/\/djabe.hu\/en\/wp-json\/wp\/v2\/product_tag?post=1898"}],"curies":[{"name":"wp","href":"https:\/\/api.w.org\/{rel}","templated":true}]}}