{"id":1897,"date":"2016-11-17T17:32:38","date_gmt":"2016-11-17T16:32:38","guid":{"rendered":"http:\/\/djabe.hu\/?post_type=product&#038;p=1897"},"modified":"2026-04-09T08:34:33","modified_gmt":"2026-04-09T07:34:33","slug":"unplugged-at-the-new-orleans-2cd","status":"publish","type":"product","link":"https:\/\/djabe.hu\/en\/uzlet\/unplugged-at-the-new-orleans-2cd\/","title":{"rendered":"Djabe: Unplugged at the New Orleans 2CD"},"content":{"rendered":"<p><div id=\"mp3jWrap_1\" class=\"mjp-s-wrapper s-graphic unsel-mjp \" style=\"font-size:18px;\"><span id=\"playpause_wrap_mp3j_1\" class=\"wrap_inline_mp3j\" style=\"font-weight:700;\"><span class=\"gfxbutton_mp3j play-mjp\" id=\"playpause_mp3j_1\" style=\"font-size:18px;\">&nbsp;&nbsp;&nbsp;&nbsp;&nbsp;<\/span>&nbsp;<span class=\"group_wrap\"><span class=\"bars_mp3j\"><span class=\"loadB_mp3j\" id=\"load_mp3j_1\"><\/span><span class=\"posbarB_mp3j\" id=\"posbar_mp3j_1\"><\/span><\/span><span class=\"T_mp3j\" id=\"T_mp3j_1\" style=\"font-size:18px;\">Djabe - Caravan<span> - Unplugged at the New Orleans<\/span><\/span><span class=\"indi_mp3j\" style=\"font-size:12.6px;\" id=\"statusMI_1\"><\/span><\/span><\/span><\/div><span class=\"s-nosolution\" id=\"mp3j_nosolution_1\" style=\"display:none;\"><\/span><script>\nMP3jPLAYLISTS.inline_1 = [\n\t{ name: \"Djabe - Caravan\", formats: [\"mp3\"], mp3: \"aHR0cDovL2RqYWJlLmh1L3dwLWNvbnRlbnQvdXBsb2Fkcy8yMDE2LzA5L1VucGx1Z2dlZC1hdC10aGUtTmV3LU9ybGVhbnMtQ2FyYXZhbi5tcDM=\", counterpart:\"\", artist: \"Unplugged at the New Orleans\", image: \"\", imgurl: \"\" }\n];\n<\/script>\n\n<script>MP3jPLAYERS[1] = { list: MP3jPLAYLISTS.inline_1, tr:0, type:'single', lstate:'', loop:false, play_txt:'&nbsp;&nbsp;&nbsp;&nbsp;&nbsp;', pause_txt:'&nbsp;&nbsp;&nbsp;&nbsp;&nbsp;', pp_title:'', autoplay:false, download:false, vol:70, height:'' };<\/script><\/p>\n<div id=\"mp3jWrap_2\" class=\"mjp-s-wrapper s-graphic unsel-mjp \" style=\"font-size:18px;\"><span id=\"playpause_wrap_mp3j_2\" class=\"wrap_inline_mp3j\" style=\"font-weight:700;\"><span class=\"gfxbutton_mp3j play-mjp\" id=\"playpause_mp3j_2\" style=\"font-size:18px;\">&nbsp;&nbsp;&nbsp;&nbsp;&nbsp;<\/span>&nbsp;<span class=\"group_wrap\"><span class=\"bars_mp3j\"><span class=\"loadB_mp3j\" id=\"load_mp3j_2\"><\/span><span class=\"posbarB_mp3j\" id=\"posbar_mp3j_2\"><\/span><\/span><span class=\"T_mp3j\" id=\"T_mp3j_2\" style=\"font-size:18px;\">Djabe - Fug E\u0301nnekhel<span> - Unplugged at the New Orleans<\/span><\/span><span class=\"indi_mp3j\" style=\"font-size:12.6px;\" id=\"statusMI_2\"><\/span><\/span><\/span><\/div><span class=\"s-nosolution\" id=\"mp3j_nosolution_2\" style=\"display:none;\"><\/span><script>\nMP3jPLAYLISTS.inline_2 = [\n\t{ name: \"Djabe - Fug E\u0301nnekhel\", formats: [\"mp3\"], mp3: \"aHR0cDovL2RqYWJlLmh1L3dwLWNvbnRlbnQvdXBsb2Fkcy8yMDE2LzA5L1VucGx1Z2dlZC1hdC10aGUtTmV3LU9ybGVhbnMtRnVnLUXMgW5uZWtoZWwubXAz\", counterpart:\"\", artist: \"Unplugged at the New Orleans\", image: \"\", imgurl: \"\" }\n];\n<\/script>\n\n<script>MP3jPLAYERS[2] = { list: MP3jPLAYLISTS.inline_2, tr:0, type:'single', lstate:'', loop:false, play_txt:'&nbsp;&nbsp;&nbsp;&nbsp;&nbsp;', pause_txt:'&nbsp;&nbsp;&nbsp;&nbsp;&nbsp;', pp_title:'', autoplay:false, download:false, vol:70, height:'' };<\/script><\/p>","protected":false},"excerpt":{"rendered":"<p><span style=\"color: #ffffff;\">In 2002 Djabe gave concerts on various topics at the New Orleans Music Club in a way that on each night the program was totally different. Altogether the band played more then seven hours (!) of different tunes.\u00a0<a href=\"http:\/\/djabe.hu\/en\/js_albums\/unplugged-at-the-new-orleans\/\"><span style=\"color: #6094c1;\">&gt;&gt;<\/span><\/a><\/span><\/p>\n","protected":false},"featured_media":818,"template":"","meta":[],"product_brand":[],"product_cat":[38],"product_tag":[],"class_list":{"0":"post-1897","1":"product","2":"type-product","3":"status-publish","4":"has-post-thumbnail","6":"product_cat-cd","7":"repupress_customize_woocommerce_productom_class","9":"first","10":"outofstock","11":"shipping-taxable","12":"purchasable","13":"product-type-simple"},"yoast_head":"<!-- This site is optimized with the Yoast SEO plugin v27.2 - https:\/\/yoast.com\/product\/yoast-seo-wordpress\/ -->\n<title>Djabe: Unplugged at the New Orleans 2CD - Djabe<\/title>\n<meta name=\"robots\" content=\"index, follow, max-snippet:-1, max-image-preview:large, max-video-preview:-1\" \/>\n<link rel=\"canonical\" href=\"https:\/\/djabe.hu\/uzlet\/unplugged-at-the-new-orleans-2cd\/\" \/>\n<meta property=\"og:locale\" content=\"en_US\" \/>\n<meta property=\"og:type\" content=\"article\" \/>\n<meta property=\"og:title\" content=\"Djabe: Unplugged at the New Orleans 2CD - Djabe\" \/>\n<meta property=\"og:description\" content=\"[:hu]2002-ben a Djabe New Orleans Music Clubban adott k\u00fcl\u00f6nb\u00f6z\u0151 tematik\u00e1j\u00fa koncerteket \u00fagy, hogy minden este teljesen m\u00e1s volt a program. \u00d6sszesen t\u00f6bb mint h\u00e9t \u00f3ra (!) k\u00fcl\u00f6nb\u00f6z\u0151 zen\u00e9t j\u00e1tszott el a zenekar.\u00a0&gt;&gt;[:en]In 2002 Djabe gave concerts on various topics at the New Orleans Music Club in a way that on each night the program was totally different. Altogether the band played more then seven hours (!) of different tunes.\u00a0&gt;&gt;[:]\" \/>\n<meta property=\"og:url\" content=\"https:\/\/djabe.hu\/uzlet\/unplugged-at-the-new-orleans-2cd\/\" \/>\n<meta property=\"og:site_name\" content=\"Djabe\" \/>\n<meta property=\"article:modified_time\" content=\"2026-04-09T07:34:33+00:00\" \/>\n<meta property=\"og:image\" content=\"https:\/\/djabe.hu\/wp-content\/uploads\/2016\/09\/2004_Unplugged_at_the_new_orleans_2CD.png\" \/>\n\t<meta property=\"og:image:width\" content=\"1181\" \/>\n\t<meta property=\"og:image:height\" content=\"1126\" \/>\n\t<meta property=\"og:image:type\" content=\"image\/png\" \/>\n<meta name=\"twitter:card\" content=\"summary_large_image\" \/>\n<script type=\"application\/ld+json\" class=\"yoast-schema-graph\">{\"@context\":\"https:\/\/schema.org\",\"@graph\":[{\"@type\":\"WebPage\",\"@id\":\"https:\/\/djabe.hu\/uzlet\/unplugged-at-the-new-orleans-2cd\/\",\"url\":\"https:\/\/djabe.hu\/uzlet\/unplugged-at-the-new-orleans-2cd\/\",\"name\":\"Djabe: Unplugged at the New Orleans 2CD - Djabe\",\"isPartOf\":{\"@id\":\"https:\/\/djabe.hu\/en\/#website\"},\"primaryImageOfPage\":{\"@id\":\"https:\/\/djabe.hu\/uzlet\/unplugged-at-the-new-orleans-2cd\/#primaryimage\"},\"image\":{\"@id\":\"https:\/\/djabe.hu\/uzlet\/unplugged-at-the-new-orleans-2cd\/#primaryimage\"},\"thumbnailUrl\":\"https:\/\/djabe.hu\/wp-content\/uploads\/2016\/09\/2004_Unplugged_at_the_new_orleans_2CD.png\",\"datePublished\":\"2016-11-17T16:32:38+00:00\",\"dateModified\":\"2026-04-09T07:34:33+00:00\",\"breadcrumb\":{\"@id\":\"https:\/\/djabe.hu\/uzlet\/unplugged-at-the-new-orleans-2cd\/#breadcrumb\"},\"inLanguage\":\"en-US\",\"potentialAction\":[{\"@type\":\"ReadAction\",\"target\":[\"https:\/\/djabe.hu\/uzlet\/unplugged-at-the-new-orleans-2cd\/\"]}]},{\"@type\":\"ImageObject\",\"inLanguage\":\"en-US\",\"@id\":\"https:\/\/djabe.hu\/uzlet\/unplugged-at-the-new-orleans-2cd\/#primaryimage\",\"url\":\"https:\/\/djabe.hu\/wp-content\/uploads\/2016\/09\/2004_Unplugged_at_the_new_orleans_2CD.png\",\"contentUrl\":\"https:\/\/djabe.hu\/wp-content\/uploads\/2016\/09\/2004_Unplugged_at_the_new_orleans_2CD.png\",\"width\":1181,\"height\":1126,\"caption\":\"Djabe: Unplugged at the New Orleans 2CD\"},{\"@type\":\"BreadcrumbList\",\"@id\":\"https:\/\/djabe.hu\/uzlet\/unplugged-at-the-new-orleans-2cd\/#breadcrumb\",\"itemListElement\":[{\"@type\":\"ListItem\",\"position\":1,\"name\":\"Home\",\"item\":\"https:\/\/djabe.hu\/en\/\"},{\"@type\":\"ListItem\",\"position\":2,\"name\":\"\u00c1ruh\u00e1z\",\"item\":\"https:\/\/djabe.hu\/uzlet\/\"},{\"@type\":\"ListItem\",\"position\":3,\"name\":\"Djabe: Unplugged at the New Orleans 2CD\"}]},{\"@type\":\"WebSite\",\"@id\":\"https:\/\/djabe.hu\/en\/#website\",\"url\":\"https:\/\/djabe.hu\/en\/\",\"name\":\"Djabe\",\"description\":\"Official site\",\"potentialAction\":[{\"@type\":\"SearchAction\",\"target\":{\"@type\":\"EntryPoint\",\"urlTemplate\":\"https:\/\/djabe.hu\/en\/?s={search_term_string}\"},\"query-input\":{\"@type\":\"PropertyValueSpecification\",\"valueRequired\":true,\"valueName\":\"search_term_string\"}}],\"inLanguage\":\"en-US\"}]}<\/script>\n<!-- \/ Yoast SEO plugin. -->","yoast_head_json":{"title":"Djabe: Unplugged at the New Orleans 2CD - Djabe","robots":{"index":"index","follow":"follow","max-snippet":"max-snippet:-1","max-image-preview":"max-image-preview:large","max-video-preview":"max-video-preview:-1"},"canonical":"https:\/\/djabe.hu\/uzlet\/unplugged-at-the-new-orleans-2cd\/","og_locale":"en_US","og_type":"article","og_title":"Djabe: Unplugged at the New Orleans 2CD - Djabe","og_description":"[:hu]2002-ben a Djabe New Orleans Music Clubban adott k\u00fcl\u00f6nb\u00f6z\u0151 tematik\u00e1j\u00fa koncerteket \u00fagy, hogy minden este teljesen m\u00e1s volt a program. \u00d6sszesen t\u00f6bb mint h\u00e9t \u00f3ra (!) k\u00fcl\u00f6nb\u00f6z\u0151 zen\u00e9t j\u00e1tszott el a zenekar.\u00a0&gt;&gt;[:en]In 2002 Djabe gave concerts on various topics at the New Orleans Music Club in a way that on each night the program was totally different. Altogether the band played more then seven hours (!) of different tunes.\u00a0&gt;&gt;[:]","og_url":"https:\/\/djabe.hu\/uzlet\/unplugged-at-the-new-orleans-2cd\/","og_site_name":"Djabe","article_modified_time":"2026-04-09T07:34:33+00:00","og_image":[{"width":1181,"height":1126,"url":"https:\/\/djabe.hu\/wp-content\/uploads\/2016\/09\/2004_Unplugged_at_the_new_orleans_2CD.png","type":"image\/png"}],"twitter_card":"summary_large_image","schema":{"@context":"https:\/\/schema.org","@graph":[{"@type":"WebPage","@id":"https:\/\/djabe.hu\/uzlet\/unplugged-at-the-new-orleans-2cd\/","url":"https:\/\/djabe.hu\/uzlet\/unplugged-at-the-new-orleans-2cd\/","name":"Djabe: Unplugged at the New Orleans 2CD - Djabe","isPartOf":{"@id":"https:\/\/djabe.hu\/en\/#website"},"primaryImageOfPage":{"@id":"https:\/\/djabe.hu\/uzlet\/unplugged-at-the-new-orleans-2cd\/#primaryimage"},"image":{"@id":"https:\/\/djabe.hu\/uzlet\/unplugged-at-the-new-orleans-2cd\/#primaryimage"},"thumbnailUrl":"https:\/\/djabe.hu\/wp-content\/uploads\/2016\/09\/2004_Unplugged_at_the_new_orleans_2CD.png","datePublished":"2016-11-17T16:32:38+00:00","dateModified":"2026-04-09T07:34:33+00:00","breadcrumb":{"@id":"https:\/\/djabe.hu\/uzlet\/unplugged-at-the-new-orleans-2cd\/#breadcrumb"},"inLanguage":"en-US","potentialAction":[{"@type":"ReadAction","target":["https:\/\/djabe.hu\/uzlet\/unplugged-at-the-new-orleans-2cd\/"]}]},{"@type":"ImageObject","inLanguage":"en-US","@id":"https:\/\/djabe.hu\/uzlet\/unplugged-at-the-new-orleans-2cd\/#primaryimage","url":"https:\/\/djabe.hu\/wp-content\/uploads\/2016\/09\/2004_Unplugged_at_the_new_orleans_2CD.png","contentUrl":"https:\/\/djabe.hu\/wp-content\/uploads\/2016\/09\/2004_Unplugged_at_the_new_orleans_2CD.png","width":1181,"height":1126,"caption":"Djabe: Unplugged at the New Orleans 2CD"},{"@type":"BreadcrumbList","@id":"https:\/\/djabe.hu\/uzlet\/unplugged-at-the-new-orleans-2cd\/#breadcrumb","itemListElement":[{"@type":"ListItem","position":1,"name":"Home","item":"https:\/\/djabe.hu\/en\/"},{"@type":"ListItem","position":2,"name":"\u00c1ruh\u00e1z","item":"https:\/\/djabe.hu\/uzlet\/"},{"@type":"ListItem","position":3,"name":"Djabe: Unplugged at the New Orleans 2CD"}]},{"@type":"WebSite","@id":"https:\/\/djabe.hu\/en\/#website","url":"https:\/\/djabe.hu\/en\/","name":"Djabe","description":"Official site","potentialAction":[{"@type":"SearchAction","target":{"@type":"EntryPoint","urlTemplate":"https:\/\/djabe.hu\/en\/?s={search_term_string}"},"query-input":{"@type":"PropertyValueSpecification","valueRequired":true,"valueName":"search_term_string"}}],"inLanguage":"en-US"}]}},"jetpack_sharing_enabled":true,"_links":{"self":[{"href":"https:\/\/djabe.hu\/en\/wp-json\/wp\/v2\/product\/1897","targetHints":{"allow":["GET"]}}],"collection":[{"href":"https:\/\/djabe.hu\/en\/wp-json\/wp\/v2\/product"}],"about":[{"href":"https:\/\/djabe.hu\/en\/wp-json\/wp\/v2\/types\/product"}],"wp:featuredmedia":[{"embeddable":true,"href":"https:\/\/djabe.hu\/en\/wp-json\/wp\/v2\/media\/818"}],"wp:attachment":[{"href":"https:\/\/djabe.hu\/en\/wp-json\/wp\/v2\/media?parent=1897"}],"wp:term":[{"taxonomy":"product_brand","embeddable":true,"href":"https:\/\/djabe.hu\/en\/wp-json\/wp\/v2\/product_brand?post=1897"},{"taxonomy":"product_cat","embeddable":true,"href":"https:\/\/djabe.hu\/en\/wp-json\/wp\/v2\/product_cat?post=1897"},{"taxonomy":"product_tag","embeddable":true,"href":"https:\/\/djabe.hu\/en\/wp-json\/wp\/v2\/product_tag?post=1897"}],"curies":[{"name":"wp","href":"https:\/\/api.w.org\/{rel}","templated":true}]}}