{"id":1895,"date":"2016-11-17T17:28:34","date_gmt":"2016-11-17T16:28:34","guid":{"rendered":"http:\/\/djabe.hu\/?post_type=product&#038;p=1895"},"modified":"2026-04-09T08:38:16","modified_gmt":"2026-04-09T07:38:16","slug":"tancolnak-a-kazlak-2dvd","status":"publish","type":"product","link":"https:\/\/djabe.hu\/en\/uzlet\/tancolnak-a-kazlak-2dvd\/","title":{"rendered":"Djabe: Sheafs were dancing 2DVD"},"content":{"rendered":"<p><iframe loading=\"lazy\" title=\"Djabe - Street Scene of Hajd\u00fab\u00f6sz\u00f6rm\u00e9ny\" width=\"900\" height=\"675\" src=\"https:\/\/www.youtube.com\/embed\/EfcspW3KY58?feature=oembed\" frameborder=\"0\" allow=\"accelerometer; autoplay; clipboard-write; encrypted-media; gyroscope; picture-in-picture; web-share\" referrerpolicy=\"strict-origin-when-cross-origin\" allowfullscreen><\/iframe><\/p>\n","protected":false},"excerpt":{"rendered":"<p><span style=\"color: #ffffff;\">Djabe, the number one national hit on the stage of Hungarian jazz\/world fusion and an invited guest star of prominent festivals abroad, has always been keen on presenting its musical genre by multimedia means. Notably, a good example for this is their tour in 2003 called \u2018Sheafs were dancing\u2019 This double <\/span><span style=\"color: #ffffff;\">DVD <\/span><span style=\"color: #ffffff;\">is an excellent document their first ever tour they committed in live surround sound. You can switch to the screen films from the live concert film checking the paintings influenced the musicians. A lot of visual extras also included both discs. <a href=\"http:\/\/djabe.hu\/en\/js_albums\/tancoltak-a-kazlak\/\"><span style=\"color: #6094c1;\">&gt;&gt;<\/span><\/a><\/span><\/p>\n","protected":false},"featured_media":7750,"template":"","meta":[],"product_brand":[],"product_cat":[41],"product_tag":[],"class_list":{"0":"post-1895","1":"product","2":"type-product","3":"status-publish","4":"has-post-thumbnail","6":"product_cat-dvd","7":"repupress_customize_woocommerce_productom_class","9":"first","10":"instock","11":"shipping-taxable","12":"purchasable","13":"product-type-simple"},"yoast_head":"<!-- This site is optimized with the Yoast SEO plugin v27.2 - https:\/\/yoast.com\/product\/yoast-seo-wordpress\/ -->\n<title>Djabe: Sheafs were dancing 2DVD - Djabe<\/title>\n<meta name=\"description\" content=\"Djabe, the number one national hit on the stage of Hungarian jazz\/world fusion and an invited guest star of prominent festivals abroad, has always been keen on presenting its musical genre by multimedia means. Notably, a good example for this is their tour in 2003 called \u2018Sheafs were dancing\u2019 This double DVD is an excellent document their first ever tour they committed in live surround sound. You can switch to the screen films from the live concert film checking the paintings influenced the musicians. A lot of visual extras also included both discs.\" \/>\n<meta name=\"robots\" content=\"index, follow, max-snippet:-1, max-image-preview:large, max-video-preview:-1\" \/>\n<link rel=\"canonical\" href=\"https:\/\/djabe.hu\/uzlet\/tancolnak-a-kazlak-2dvd\/\" \/>\n<meta property=\"og:locale\" content=\"en_US\" \/>\n<meta property=\"og:type\" content=\"article\" \/>\n<meta property=\"og:title\" content=\"Djabe\" \/>\n<meta property=\"og:description\" content=\"{:en}Djabe, the number one national hit on the stage of Hungarian jazz\/world fusion and an invited guest star of prominent festivals abroad, has always been keen on presenting its musical genre by multimedia means. Notably, a good example for this is their tour in 2003 called \u2018Sheafs were dancing\u2019 This double DVD is an excellent document their first ever tour they committed in live surround sound. You can switch to the screen films from the live concert film checking the paintings influenced the musicians. A lot of visual extras also included both discs.{:}\" \/>\n<meta property=\"og:url\" content=\"https:\/\/djabe.hu\/uzlet\/tancolnak-a-kazlak-2dvd\/\" \/>\n<meta property=\"og:site_name\" content=\"Djabe\" \/>\n<meta property=\"article:modified_time\" content=\"2026-04-09T07:38:16+00:00\" \/>\n<meta property=\"og:image\" content=\"https:\/\/djabe.hu\/wp-content\/uploads\/2016\/11\/2006_Tancoltak_a_kazlak_2DVD_SHOP-1024x1024.png\" \/>\n\t<meta property=\"og:image:width\" content=\"1024\" \/>\n\t<meta property=\"og:image:height\" content=\"1024\" \/>\n\t<meta property=\"og:image:type\" content=\"image\/png\" \/>\n<meta name=\"twitter:card\" content=\"summary_large_image\" \/>\n<meta name=\"twitter:title\" content=\"Djabe\" \/>\n<meta name=\"twitter:image\" content=\"https:\/\/djabe.hu\/wp-content\/uploads\/2016\/11\/2006_Tancoltak_a_kazlak_2DVD_SHOP.png\" \/>\n<meta name=\"twitter:label1\" content=\"Est. reading time\" \/>\n\t<meta name=\"twitter:data1\" content=\"1 minute\" \/>\n<script type=\"application\/ld+json\" class=\"yoast-schema-graph\">{\"@context\":\"https:\/\/schema.org\",\"@graph\":[{\"@type\":\"WebPage\",\"@id\":\"https:\/\/djabe.hu\/uzlet\/tancolnak-a-kazlak-2dvd\/\",\"url\":\"https:\/\/djabe.hu\/uzlet\/tancolnak-a-kazlak-2dvd\/\",\"name\":\"Djabe: Sheafs were dancing 2DVD - Djabe\",\"isPartOf\":{\"@id\":\"https:\/\/djabe.hu\/en\/#website\"},\"primaryImageOfPage\":{\"@id\":\"https:\/\/djabe.hu\/uzlet\/tancolnak-a-kazlak-2dvd\/#primaryimage\"},\"image\":{\"@id\":\"https:\/\/djabe.hu\/uzlet\/tancolnak-a-kazlak-2dvd\/#primaryimage\"},\"thumbnailUrl\":\"https:\/\/djabe.hu\/wp-content\/uploads\/2016\/11\/2006_Tancoltak_a_kazlak_2DVD_SHOP.png\",\"datePublished\":\"2016-11-17T16:28:34+00:00\",\"dateModified\":\"2026-04-09T07:38:16+00:00\",\"description\":\"{:en}Djabe, the number one national hit on the stage of Hungarian jazz\/world fusion and an invited guest star of prominent festivals abroad, has always been keen on presenting its musical genre by multimedia means. Notably, a good example for this is their tour in 2003 called \u2018Sheafs were dancing\u2019 This double DVD is an excellent document their first ever tour they committed in live surround sound. You can switch to the screen films from the live concert film checking the paintings influenced the musicians. A lot of visual extras also included both discs.{:}\",\"breadcrumb\":{\"@id\":\"https:\/\/djabe.hu\/uzlet\/tancolnak-a-kazlak-2dvd\/#breadcrumb\"},\"inLanguage\":\"en-US\",\"potentialAction\":[{\"@type\":\"ReadAction\",\"target\":[\"https:\/\/djabe.hu\/uzlet\/tancolnak-a-kazlak-2dvd\/\"]}]},{\"@type\":\"ImageObject\",\"inLanguage\":\"en-US\",\"@id\":\"https:\/\/djabe.hu\/uzlet\/tancolnak-a-kazlak-2dvd\/#primaryimage\",\"url\":\"https:\/\/djabe.hu\/wp-content\/uploads\/2016\/11\/2006_Tancoltak_a_kazlak_2DVD_SHOP.png\",\"contentUrl\":\"https:\/\/djabe.hu\/wp-content\/uploads\/2016\/11\/2006_Tancoltak_a_kazlak_2DVD_SHOP.png\",\"width\":1500,\"height\":1500,\"caption\":\"Djabe: Sheafs were dancing 2DVD\"},{\"@type\":\"BreadcrumbList\",\"@id\":\"https:\/\/djabe.hu\/uzlet\/tancolnak-a-kazlak-2dvd\/#breadcrumb\",\"itemListElement\":[{\"@type\":\"ListItem\",\"position\":1,\"name\":\"Home\",\"item\":\"https:\/\/djabe.hu\/en\/\"},{\"@type\":\"ListItem\",\"position\":2,\"name\":\"\u00c1ruh\u00e1z\",\"item\":\"https:\/\/djabe.hu\/uzlet\/\"},{\"@type\":\"ListItem\",\"position\":3,\"name\":\"[:hu]Djabe: T\u00e1ncoltak a kazlak 2DVD[:en]Djabe: Sheafs were dancing 2DVD[:]\"}]},{\"@type\":\"WebSite\",\"@id\":\"https:\/\/djabe.hu\/en\/#website\",\"url\":\"https:\/\/djabe.hu\/en\/\",\"name\":\"Djabe\",\"description\":\"Official site\",\"potentialAction\":[{\"@type\":\"SearchAction\",\"target\":{\"@type\":\"EntryPoint\",\"urlTemplate\":\"https:\/\/djabe.hu\/en\/?s={search_term_string}\"},\"query-input\":{\"@type\":\"PropertyValueSpecification\",\"valueRequired\":true,\"valueName\":\"search_term_string\"}}],\"inLanguage\":\"en-US\"}]}<\/script>\n<!-- \/ Yoast SEO plugin. -->","yoast_head_json":{"title":"Djabe: Sheafs were dancing 2DVD - Djabe","description":"Djabe, the number one national hit on the stage of Hungarian jazz\/world fusion and an invited guest star of prominent festivals abroad, has always been keen on presenting its musical genre by multimedia means. Notably, a good example for this is their tour in 2003 called \u2018Sheafs were dancing\u2019 This double DVD is an excellent document their first ever tour they committed in live surround sound. You can switch to the screen films from the live concert film checking the paintings influenced the musicians. A lot of visual extras also included both discs.","robots":{"index":"index","follow":"follow","max-snippet":"max-snippet:-1","max-image-preview":"max-image-preview:large","max-video-preview":"max-video-preview:-1"},"canonical":"https:\/\/djabe.hu\/uzlet\/tancolnak-a-kazlak-2dvd\/","og_locale":"en_US","og_type":"article","og_title":"Djabe","og_description":"{:en}Djabe, the number one national hit on the stage of Hungarian jazz\/world fusion and an invited guest star of prominent festivals abroad, has always been keen on presenting its musical genre by multimedia means. Notably, a good example for this is their tour in 2003 called \u2018Sheafs were dancing\u2019 This double DVD is an excellent document their first ever tour they committed in live surround sound. You can switch to the screen films from the live concert film checking the paintings influenced the musicians. A lot of visual extras also included both discs.{:}","og_url":"https:\/\/djabe.hu\/uzlet\/tancolnak-a-kazlak-2dvd\/","og_site_name":"Djabe","article_modified_time":"2026-04-09T07:38:16+00:00","og_image":[{"width":1024,"height":1024,"url":"https:\/\/djabe.hu\/wp-content\/uploads\/2016\/11\/2006_Tancoltak_a_kazlak_2DVD_SHOP-1024x1024.png","type":"image\/png"}],"twitter_card":"summary_large_image","twitter_title":"Djabe","twitter_image":"https:\/\/djabe.hu\/wp-content\/uploads\/2016\/11\/2006_Tancoltak_a_kazlak_2DVD_SHOP.png","twitter_misc":{"Est. reading time":"1 minute"},"schema":{"@context":"https:\/\/schema.org","@graph":[{"@type":"WebPage","@id":"https:\/\/djabe.hu\/uzlet\/tancolnak-a-kazlak-2dvd\/","url":"https:\/\/djabe.hu\/uzlet\/tancolnak-a-kazlak-2dvd\/","name":"Djabe: Sheafs were dancing 2DVD - Djabe","isPartOf":{"@id":"https:\/\/djabe.hu\/en\/#website"},"primaryImageOfPage":{"@id":"https:\/\/djabe.hu\/uzlet\/tancolnak-a-kazlak-2dvd\/#primaryimage"},"image":{"@id":"https:\/\/djabe.hu\/uzlet\/tancolnak-a-kazlak-2dvd\/#primaryimage"},"thumbnailUrl":"https:\/\/djabe.hu\/wp-content\/uploads\/2016\/11\/2006_Tancoltak_a_kazlak_2DVD_SHOP.png","datePublished":"2016-11-17T16:28:34+00:00","dateModified":"2026-04-09T07:38:16+00:00","description":"{:en}Djabe, the number one national hit on the stage of Hungarian jazz\/world fusion and an invited guest star of prominent festivals abroad, has always been keen on presenting its musical genre by multimedia means. Notably, a good example for this is their tour in 2003 called \u2018Sheafs were dancing\u2019 This double DVD is an excellent document their first ever tour they committed in live surround sound. You can switch to the screen films from the live concert film checking the paintings influenced the musicians. A lot of visual extras also included both discs.{:}","breadcrumb":{"@id":"https:\/\/djabe.hu\/uzlet\/tancolnak-a-kazlak-2dvd\/#breadcrumb"},"inLanguage":"en-US","potentialAction":[{"@type":"ReadAction","target":["https:\/\/djabe.hu\/uzlet\/tancolnak-a-kazlak-2dvd\/"]}]},{"@type":"ImageObject","inLanguage":"en-US","@id":"https:\/\/djabe.hu\/uzlet\/tancolnak-a-kazlak-2dvd\/#primaryimage","url":"https:\/\/djabe.hu\/wp-content\/uploads\/2016\/11\/2006_Tancoltak_a_kazlak_2DVD_SHOP.png","contentUrl":"https:\/\/djabe.hu\/wp-content\/uploads\/2016\/11\/2006_Tancoltak_a_kazlak_2DVD_SHOP.png","width":1500,"height":1500,"caption":"Djabe: Sheafs were dancing 2DVD"},{"@type":"BreadcrumbList","@id":"https:\/\/djabe.hu\/uzlet\/tancolnak-a-kazlak-2dvd\/#breadcrumb","itemListElement":[{"@type":"ListItem","position":1,"name":"Home","item":"https:\/\/djabe.hu\/en\/"},{"@type":"ListItem","position":2,"name":"\u00c1ruh\u00e1z","item":"https:\/\/djabe.hu\/uzlet\/"},{"@type":"ListItem","position":3,"name":"[:hu]Djabe: T\u00e1ncoltak a kazlak 2DVD[:en]Djabe: Sheafs were dancing 2DVD[:]"}]},{"@type":"WebSite","@id":"https:\/\/djabe.hu\/en\/#website","url":"https:\/\/djabe.hu\/en\/","name":"Djabe","description":"Official site","potentialAction":[{"@type":"SearchAction","target":{"@type":"EntryPoint","urlTemplate":"https:\/\/djabe.hu\/en\/?s={search_term_string}"},"query-input":{"@type":"PropertyValueSpecification","valueRequired":true,"valueName":"search_term_string"}}],"inLanguage":"en-US"}]}},"jetpack_sharing_enabled":true,"_links":{"self":[{"href":"https:\/\/djabe.hu\/en\/wp-json\/wp\/v2\/product\/1895","targetHints":{"allow":["GET"]}}],"collection":[{"href":"https:\/\/djabe.hu\/en\/wp-json\/wp\/v2\/product"}],"about":[{"href":"https:\/\/djabe.hu\/en\/wp-json\/wp\/v2\/types\/product"}],"wp:featuredmedia":[{"embeddable":true,"href":"https:\/\/djabe.hu\/en\/wp-json\/wp\/v2\/media\/7750"}],"wp:attachment":[{"href":"https:\/\/djabe.hu\/en\/wp-json\/wp\/v2\/media?parent=1895"}],"wp:term":[{"taxonomy":"product_brand","embeddable":true,"href":"https:\/\/djabe.hu\/en\/wp-json\/wp\/v2\/product_brand?post=1895"},{"taxonomy":"product_cat","embeddable":true,"href":"https:\/\/djabe.hu\/en\/wp-json\/wp\/v2\/product_cat?post=1895"},{"taxonomy":"product_tag","embeddable":true,"href":"https:\/\/djabe.hu\/en\/wp-json\/wp\/v2\/product_tag?post=1895"}],"curies":[{"name":"wp","href":"https:\/\/api.w.org\/{rel}","templated":true}]}}