{"id":1894,"date":"2016-11-17T17:27:23","date_gmt":"2016-11-17T16:27:23","guid":{"rendered":"http:\/\/djabe.hu\/?post_type=product&#038;p=1894"},"modified":"2024-10-09T14:16:52","modified_gmt":"2024-10-09T13:16:52","slug":"tancolnak-a-kazlak-dvd-audio","status":"publish","type":"product","link":"https:\/\/djabe.hu\/en\/uzlet\/tancolnak-a-kazlak-dvd-audio\/","title":{"rendered":"Djabe: Sheafs are dancing DVD-Audio"},"content":{"rendered":"<div id=\"mp3jWrap_0\" class=\"mjp-s-wrapper s-graphic unsel-mjp \" style=\"font-size:18px;\"><span id=\"playpause_wrap_mp3j_0\" class=\"wrap_inline_mp3j\" style=\"font-weight:700;\"><span class=\"gfxbutton_mp3j play-mjp\" id=\"playpause_mp3j_0\" style=\"font-size:18px;\">&nbsp;&nbsp;&nbsp;&nbsp;&nbsp;<\/span>&nbsp;<span class=\"group_wrap\"><span class=\"bars_mp3j\"><span class=\"loadB_mp3j\" id=\"load_mp3j_0\"><\/span><span class=\"posbarB_mp3j\" id=\"posbar_mp3j_0\"><\/span><\/span><span class=\"T_mp3j\" id=\"T_mp3j_0\" style=\"font-size:18px;\">T\u00e1ncolnak-a-Kazlak-T\u00e1ncolnak-a-Kazlak<\/span><span class=\"indi_mp3j\" style=\"font-size:12.6px;\" id=\"statusMI_0\"><\/span><\/span><\/span><\/div><span class=\"s-nosolution\" id=\"mp3j_nosolution_0\" style=\"display:none;\"><\/span><script>\nMP3jPLAYLISTS.inline_0 = [\n\t{ name: \"T\u00e1ncolnak-a-Kazlak-T\u00e1ncolnak-a-Kazlak\", formats: [\"mp3\"], mp3: \"aHR0cDovL2RqYWJlLmh1L3dwLWNvbnRlbnQvdXBsb2Fkcy8yMDE2LzA5L1TDoW5jb2xuYWstYS1LYXpsYWstVMOhbmNvbG5hay1hLUthemxhay5tcDM=\", counterpart:\"\", artist: \"\", image: \"\", imgurl: \"\" }\n];\n<\/script>\n\n<script>MP3jPLAYERS[0] = { list: MP3jPLAYLISTS.inline_0, tr:0, type:'single', lstate:'', loop:false, play_txt:'&nbsp;&nbsp;&nbsp;&nbsp;&nbsp;', pause_txt:'&nbsp;&nbsp;&nbsp;&nbsp;&nbsp;', pp_title:'', autoplay:false, download:false, vol:70, height:'' };<\/script>\n<div id=\"mp3jWrap_1\" class=\"mjp-s-wrapper s-graphic unsel-mjp \" style=\"font-size:18px;\"><span id=\"playpause_wrap_mp3j_1\" class=\"wrap_inline_mp3j\" style=\"font-weight:700;\"><span class=\"gfxbutton_mp3j play-mjp\" id=\"playpause_mp3j_1\" style=\"font-size:18px;\">&nbsp;&nbsp;&nbsp;&nbsp;&nbsp;<\/span>&nbsp;<span class=\"group_wrap\"><span class=\"bars_mp3j\"><span class=\"loadB_mp3j\" id=\"load_mp3j_1\"><\/span><span class=\"posbarB_mp3j\" id=\"posbar_mp3j_1\"><\/span><\/span><span class=\"T_mp3j\" id=\"T_mp3j_1\" style=\"font-size:18px;\">T\u00e1ncolnak-a-Kazlak-T\u00e9li-Hortob\u00e1gy<\/span><span class=\"indi_mp3j\" style=\"font-size:12.6px;\" id=\"statusMI_1\"><\/span><\/span><\/span><\/div><span class=\"s-nosolution\" id=\"mp3j_nosolution_1\" style=\"display:none;\"><\/span><script>\nMP3jPLAYLISTS.inline_1 = [\n\t{ name: \"T\u00e1ncolnak-a-Kazlak-T\u00e9li-Hortob\u00e1gy\", formats: [\"mp3\"], mp3: \"aHR0cDovL2RqYWJlLmh1L3dwLWNvbnRlbnQvdXBsb2Fkcy8yMDE2LzA5L1TDoW5jb2xuYWstYS1LYXpsYWstVMOpbGktSG9ydG9iw6FneS5tcDM=\", counterpart:\"\", artist: \"\", image: \"\", imgurl: \"\" }\n];\n<\/script>\n\n<script>MP3jPLAYERS[1] = { list: MP3jPLAYLISTS.inline_1, tr:0, type:'single', lstate:'', loop:false, play_txt:'&nbsp;&nbsp;&nbsp;&nbsp;&nbsp;', pause_txt:'&nbsp;&nbsp;&nbsp;&nbsp;&nbsp;', pp_title:'', autoplay:false, download:false, vol:70, height:'' };<\/script>\n<div id=\"mp3jWrap_2\" class=\"mjp-s-wrapper s-graphic unsel-mjp \" style=\"font-size:18px;\"><span id=\"playpause_wrap_mp3j_2\" class=\"wrap_inline_mp3j\" style=\"font-weight:700;\"><span class=\"gfxbutton_mp3j play-mjp\" id=\"playpause_mp3j_2\" style=\"font-size:18px;\">&nbsp;&nbsp;&nbsp;&nbsp;&nbsp;<\/span>&nbsp;<span class=\"group_wrap\"><span class=\"bars_mp3j\"><span class=\"loadB_mp3j\" id=\"load_mp3j_2\"><\/span><span class=\"posbarB_mp3j\" id=\"posbar_mp3j_2\"><\/span><\/span><span class=\"T_mp3j\" id=\"T_mp3j_2\" style=\"font-size:18px;\">T\u00e1ncolnak-a-Kazlak-Szemreh\u00e1ny\u00e1s<\/span><span class=\"indi_mp3j\" style=\"font-size:12.6px;\" id=\"statusMI_2\"><\/span><\/span><\/span><\/div><span class=\"s-nosolution\" id=\"mp3j_nosolution_2\" style=\"display:none;\"><\/span><script>\nMP3jPLAYLISTS.inline_2 = [\n\t{ name: \"T\u00e1ncolnak-a-Kazlak-Szemreh\u00e1ny\u00e1s\", formats: [\"mp3\"], mp3: \"aHR0cDovL2RqYWJlLmh1L3dwLWNvbnRlbnQvdXBsb2Fkcy8yMDE2LzA5L1TDoW5jb2xuYWstYS1LYXpsYWstU3plbXJlaMOhbnnDoXMubXAz\", counterpart:\"\", artist: \"\", image: \"\", imgurl: \"\" }\n];\n<\/script>\n\n<script>MP3jPLAYERS[2] = { list: MP3jPLAYLISTS.inline_2, tr:0, type:'single', lstate:'', loop:false, play_txt:'&nbsp;&nbsp;&nbsp;&nbsp;&nbsp;', pause_txt:'&nbsp;&nbsp;&nbsp;&nbsp;&nbsp;', pp_title:'', autoplay:false, download:false, vol:70, height:'' };<\/script>\n<div id=\"mp3jWrap_3\" class=\"mjp-s-wrapper s-graphic unsel-mjp \" style=\"font-size:18px;\"><span id=\"playpause_wrap_mp3j_3\" class=\"wrap_inline_mp3j\" style=\"font-weight:700;\"><span class=\"gfxbutton_mp3j play-mjp\" id=\"playpause_mp3j_3\" style=\"font-size:18px;\">&nbsp;&nbsp;&nbsp;&nbsp;&nbsp;<\/span>&nbsp;<span class=\"group_wrap\"><span class=\"bars_mp3j\"><span class=\"loadB_mp3j\" id=\"load_mp3j_3\"><\/span><span class=\"posbarB_mp3j\" id=\"posbar_mp3j_3\"><\/span><\/span><span class=\"T_mp3j\" id=\"T_mp3j_3\" style=\"font-size:18px;\">T\u00e1ncolnak-a-kazlak-J\u00e9gvilag<\/span><span class=\"indi_mp3j\" style=\"font-size:12.6px;\" id=\"statusMI_3\"><\/span><\/span><\/span><\/div><span class=\"s-nosolution\" id=\"mp3j_nosolution_3\" style=\"display:none;\"><\/span><script>\nMP3jPLAYLISTS.inline_3 = [\n\t{ name: \"T\u00e1ncolnak-a-kazlak-J\u00e9gvilag\", formats: [\"mp3\"], mp3: \"aHR0cDovL2RqYWJlLmh1L3dwLWNvbnRlbnQvdXBsb2Fkcy8yMDE2LzA5L1TDoW5jb2xuYWstYS1rYXpsYWstSsOpZ3ZpbGFnLm1wMw==\", counterpart:\"\", artist: \"\", image: \"\", imgurl: \"\" }\n];\n<\/script>\n\n<script>MP3jPLAYERS[3] = { list: MP3jPLAYLISTS.inline_3, tr:0, type:'single', lstate:'', loop:false, play_txt:'&nbsp;&nbsp;&nbsp;&nbsp;&nbsp;', pause_txt:'&nbsp;&nbsp;&nbsp;&nbsp;&nbsp;', pp_title:'', autoplay:false, download:false, vol:70, height:'' };<\/script>\n","protected":false},"excerpt":{"rendered":"<p><span style=\"color: #ffffff;\">In 2003 Djabe prepared one the best album of its career, the \u201cSheafs are Dancing\u201d. The music of the album was inspired by the paintings of the internationally known painter, Imre \u00c9gerh\u00e1zi. Tam\u00e1s Barab\u00e1s\u2019s (bass guitar) and Attila \u00c9gerh\u00e1zi\u2019s (guitar) tunes follow the set up of \u201cone painting, one track\u201d. The DVD-Audio version of the album contains fantastic High-Definition stereo and 5.1 mixes. The surround sonic solution is really exiting. The album was nominated for Los Angeles Surround Music Award in 2004.<\/span><\/p>\n<p>&#8211; Playable by all DVD players.<br \/>\n&#8211; Audio tracks can be reached by DVD-video players: DTS 5.1, Dolby Digital 5.1 and 2.0.<br \/>\n&#8211; Audio track can be reached by DVD-audio players: MLP 5.1 and MLP 2.0.<br \/>\n&#8211; Guests: Steve Hackett, Ben Castle<br \/>\n&#8211; Extras: Video clips, Concert footage, Documentaries (English and Hungarian), Picture galleries.<br \/>\n&#8211; DVD authoring made by Abbey Road Interactive.<br \/>\n&#8211; 14 pages colour booklet.<br \/>\n&#8211; No Region Code.<span style=\"color: #ffffff;\"><span style=\"color: #6094c1;\"><a style=\"color: #6094c1;\" href=\"http:\/\/djabe.hu\/en\/js_albums\/tancolnak-a-kazlak-2\/\">&gt;&gt;<\/a><\/span><\/span><\/p>\n","protected":false},"featured_media":7759,"template":"","meta":[],"product_brand":[],"product_cat":[41,46],"product_tag":[],"class_list":{"0":"post-1894","1":"product","2":"type-product","3":"status-publish","4":"has-post-thumbnail","6":"product_cat-dvd","7":"product_cat-dvd-audio","8":"repupress_customize_woocommerce_productom_class","10":"first","11":"instock","12":"shipping-taxable","13":"purchasable","14":"product-type-simple"},"yoast_head":"<!-- This site is optimized with the Yoast SEO plugin v27.2 - https:\/\/yoast.com\/product\/yoast-seo-wordpress\/ -->\n<title>Djabe: Sheafs are dancing DVD-Audio - Djabe<\/title>\n<meta name=\"description\" content=\"In 2003 Djabe prepared one the best album of its career, the \u201cSheafs are Dancing\u201d. The music of the album was inspired by the paintings of the internationally known painter, Imre \u00c9gerh\u00e1zi. Tam\u00e1s Barab\u00e1s\u2019s (bass guitar) and Attila \u00c9gerh\u00e1zi\u2019s (guitar) tunes follow the set up of \u201cone painting, one track\u201d. The DVD-Audio version of the album contains fantastic High-Definition stereo and 5.1 mixes. The surround sonic solution is really exiting. The album was nominated for Los Angeles Surround Music Award in 2004.\" \/>\n<meta name=\"robots\" content=\"index, follow, max-snippet:-1, max-image-preview:large, max-video-preview:-1\" \/>\n<link rel=\"canonical\" href=\"https:\/\/djabe.hu\/uzlet\/tancolnak-a-kazlak-dvd-audio\/\" \/>\n<meta property=\"og:locale\" content=\"en_US\" \/>\n<meta property=\"og:type\" content=\"article\" \/>\n<meta property=\"og:title\" content=\"Djabe\" \/>\n<meta property=\"og:description\" content=\"{:en}In 2003 Djabe prepared one the best album of its career, the \u201cSheafs are Dancing\u201d. The music of the album was inspired by the paintings of the internationally known painter, Imre \u00c9gerh\u00e1zi. Tam\u00e1s Barab\u00e1s\u2019s (bass guitar) and Attila \u00c9gerh\u00e1zi\u2019s (guitar) tunes follow the set up of \u201cone painting, one track\u201d. The DVD-Audio version of the album contains fantastic High-Definition stereo and 5.1 mixes. The surround sonic solution is really exiting. The album was nominated for Los Angeles Surround Music Award in 2004.{:}\" \/>\n<meta property=\"og:url\" content=\"https:\/\/djabe.hu\/uzlet\/tancolnak-a-kazlak-dvd-audio\/\" \/>\n<meta property=\"og:site_name\" content=\"Djabe\" \/>\n<meta property=\"article:modified_time\" content=\"2024-10-09T13:16:52+00:00\" \/>\n<meta property=\"og:image\" content=\"https:\/\/djabe.hu\/wp-content\/uploads\/2016\/11\/2004_Tancolnak_a_kazlak_DVD_audio_SHOP.png\" \/>\n\t<meta property=\"og:image:width\" content=\"713\" \/>\n\t<meta property=\"og:image:height\" content=\"713\" \/>\n\t<meta property=\"og:image:type\" content=\"image\/png\" \/>\n<meta name=\"twitter:card\" content=\"summary_large_image\" \/>\n<meta name=\"twitter:title\" content=\"Djabe\" \/>\n<meta name=\"twitter:image\" content=\"https:\/\/djabe.hu\/wp-content\/uploads\/2016\/11\/2004_Tancolnak_a_kazlak_DVD_audio_SHOP.png\" \/>\n<script type=\"application\/ld+json\" class=\"yoast-schema-graph\">{\"@context\":\"https:\/\/schema.org\",\"@graph\":[{\"@type\":\"WebPage\",\"@id\":\"https:\/\/djabe.hu\/uzlet\/tancolnak-a-kazlak-dvd-audio\/\",\"url\":\"https:\/\/djabe.hu\/uzlet\/tancolnak-a-kazlak-dvd-audio\/\",\"name\":\"Djabe: Sheafs are dancing DVD-Audio - Djabe\",\"isPartOf\":{\"@id\":\"https:\/\/djabe.hu\/en\/#website\"},\"primaryImageOfPage\":{\"@id\":\"https:\/\/djabe.hu\/uzlet\/tancolnak-a-kazlak-dvd-audio\/#primaryimage\"},\"image\":{\"@id\":\"https:\/\/djabe.hu\/uzlet\/tancolnak-a-kazlak-dvd-audio\/#primaryimage\"},\"thumbnailUrl\":\"https:\/\/djabe.hu\/wp-content\/uploads\/2016\/11\/2004_Tancolnak_a_kazlak_DVD_audio_SHOP.png\",\"datePublished\":\"2016-11-17T16:27:23+00:00\",\"dateModified\":\"2024-10-09T13:16:52+00:00\",\"description\":\"{:en}In 2003 Djabe prepared one the best album of its career, the \u201cSheafs are Dancing\u201d. The music of the album was inspired by the paintings of the internationally known painter, Imre \u00c9gerh\u00e1zi. Tam\u00e1s Barab\u00e1s\u2019s (bass guitar) and Attila \u00c9gerh\u00e1zi\u2019s (guitar) tunes follow the set up of \u201cone painting, one track\u201d. The DVD-Audio version of the album contains fantastic High-Definition stereo and 5.1 mixes. The surround sonic solution is really exiting. The album was nominated for Los Angeles Surround Music Award in 2004.{:}\",\"breadcrumb\":{\"@id\":\"https:\/\/djabe.hu\/uzlet\/tancolnak-a-kazlak-dvd-audio\/#breadcrumb\"},\"inLanguage\":\"en-US\",\"potentialAction\":[{\"@type\":\"ReadAction\",\"target\":[\"https:\/\/djabe.hu\/uzlet\/tancolnak-a-kazlak-dvd-audio\/\"]}]},{\"@type\":\"ImageObject\",\"inLanguage\":\"en-US\",\"@id\":\"https:\/\/djabe.hu\/uzlet\/tancolnak-a-kazlak-dvd-audio\/#primaryimage\",\"url\":\"https:\/\/djabe.hu\/wp-content\/uploads\/2016\/11\/2004_Tancolnak_a_kazlak_DVD_audio_SHOP.png\",\"contentUrl\":\"https:\/\/djabe.hu\/wp-content\/uploads\/2016\/11\/2004_Tancolnak_a_kazlak_DVD_audio_SHOP.png\",\"width\":713,\"height\":713,\"caption\":\"Djabe: Sheafs are dancing DVD-Audio\"},{\"@type\":\"BreadcrumbList\",\"@id\":\"https:\/\/djabe.hu\/uzlet\/tancolnak-a-kazlak-dvd-audio\/#breadcrumb\",\"itemListElement\":[{\"@type\":\"ListItem\",\"position\":1,\"name\":\"Home\",\"item\":\"https:\/\/djabe.hu\/en\/\"},{\"@type\":\"ListItem\",\"position\":2,\"name\":\"\u00c1ruh\u00e1z\",\"item\":\"https:\/\/djabe.hu\/uzlet\/\"},{\"@type\":\"ListItem\",\"position\":3,\"name\":\"[:hu]Djabe: T\u00e1ncolnak a kazlak DVD-Audio[:en]Djabe: Sheafs are dancing DVD-Audio[:]\"}]},{\"@type\":\"WebSite\",\"@id\":\"https:\/\/djabe.hu\/en\/#website\",\"url\":\"https:\/\/djabe.hu\/en\/\",\"name\":\"Djabe\",\"description\":\"Official site\",\"potentialAction\":[{\"@type\":\"SearchAction\",\"target\":{\"@type\":\"EntryPoint\",\"urlTemplate\":\"https:\/\/djabe.hu\/en\/?s={search_term_string}\"},\"query-input\":{\"@type\":\"PropertyValueSpecification\",\"valueRequired\":true,\"valueName\":\"search_term_string\"}}],\"inLanguage\":\"en-US\"}]}<\/script>\n<!-- \/ Yoast SEO plugin. -->","yoast_head_json":{"title":"Djabe: Sheafs are dancing DVD-Audio - Djabe","description":"In 2003 Djabe prepared one the best album of its career, the \u201cSheafs are Dancing\u201d. The music of the album was inspired by the paintings of the internationally known painter, Imre \u00c9gerh\u00e1zi. Tam\u00e1s Barab\u00e1s\u2019s (bass guitar) and Attila \u00c9gerh\u00e1zi\u2019s (guitar) tunes follow the set up of \u201cone painting, one track\u201d. The DVD-Audio version of the album contains fantastic High-Definition stereo and 5.1 mixes. The surround sonic solution is really exiting. The album was nominated for Los Angeles Surround Music Award in 2004.","robots":{"index":"index","follow":"follow","max-snippet":"max-snippet:-1","max-image-preview":"max-image-preview:large","max-video-preview":"max-video-preview:-1"},"canonical":"https:\/\/djabe.hu\/uzlet\/tancolnak-a-kazlak-dvd-audio\/","og_locale":"en_US","og_type":"article","og_title":"Djabe","og_description":"{:en}In 2003 Djabe prepared one the best album of its career, the \u201cSheafs are Dancing\u201d. The music of the album was inspired by the paintings of the internationally known painter, Imre \u00c9gerh\u00e1zi. Tam\u00e1s Barab\u00e1s\u2019s (bass guitar) and Attila \u00c9gerh\u00e1zi\u2019s (guitar) tunes follow the set up of \u201cone painting, one track\u201d. The DVD-Audio version of the album contains fantastic High-Definition stereo and 5.1 mixes. The surround sonic solution is really exiting. The album was nominated for Los Angeles Surround Music Award in 2004.{:}","og_url":"https:\/\/djabe.hu\/uzlet\/tancolnak-a-kazlak-dvd-audio\/","og_site_name":"Djabe","article_modified_time":"2024-10-09T13:16:52+00:00","og_image":[{"width":713,"height":713,"url":"https:\/\/djabe.hu\/wp-content\/uploads\/2016\/11\/2004_Tancolnak_a_kazlak_DVD_audio_SHOP.png","type":"image\/png"}],"twitter_card":"summary_large_image","twitter_title":"Djabe","twitter_image":"https:\/\/djabe.hu\/wp-content\/uploads\/2016\/11\/2004_Tancolnak_a_kazlak_DVD_audio_SHOP.png","schema":{"@context":"https:\/\/schema.org","@graph":[{"@type":"WebPage","@id":"https:\/\/djabe.hu\/uzlet\/tancolnak-a-kazlak-dvd-audio\/","url":"https:\/\/djabe.hu\/uzlet\/tancolnak-a-kazlak-dvd-audio\/","name":"Djabe: Sheafs are dancing DVD-Audio - Djabe","isPartOf":{"@id":"https:\/\/djabe.hu\/en\/#website"},"primaryImageOfPage":{"@id":"https:\/\/djabe.hu\/uzlet\/tancolnak-a-kazlak-dvd-audio\/#primaryimage"},"image":{"@id":"https:\/\/djabe.hu\/uzlet\/tancolnak-a-kazlak-dvd-audio\/#primaryimage"},"thumbnailUrl":"https:\/\/djabe.hu\/wp-content\/uploads\/2016\/11\/2004_Tancolnak_a_kazlak_DVD_audio_SHOP.png","datePublished":"2016-11-17T16:27:23+00:00","dateModified":"2024-10-09T13:16:52+00:00","description":"{:en}In 2003 Djabe prepared one the best album of its career, the \u201cSheafs are Dancing\u201d. The music of the album was inspired by the paintings of the internationally known painter, Imre \u00c9gerh\u00e1zi. Tam\u00e1s Barab\u00e1s\u2019s (bass guitar) and Attila \u00c9gerh\u00e1zi\u2019s (guitar) tunes follow the set up of \u201cone painting, one track\u201d. The DVD-Audio version of the album contains fantastic High-Definition stereo and 5.1 mixes. The surround sonic solution is really exiting. The album was nominated for Los Angeles Surround Music Award in 2004.{:}","breadcrumb":{"@id":"https:\/\/djabe.hu\/uzlet\/tancolnak-a-kazlak-dvd-audio\/#breadcrumb"},"inLanguage":"en-US","potentialAction":[{"@type":"ReadAction","target":["https:\/\/djabe.hu\/uzlet\/tancolnak-a-kazlak-dvd-audio\/"]}]},{"@type":"ImageObject","inLanguage":"en-US","@id":"https:\/\/djabe.hu\/uzlet\/tancolnak-a-kazlak-dvd-audio\/#primaryimage","url":"https:\/\/djabe.hu\/wp-content\/uploads\/2016\/11\/2004_Tancolnak_a_kazlak_DVD_audio_SHOP.png","contentUrl":"https:\/\/djabe.hu\/wp-content\/uploads\/2016\/11\/2004_Tancolnak_a_kazlak_DVD_audio_SHOP.png","width":713,"height":713,"caption":"Djabe: Sheafs are dancing DVD-Audio"},{"@type":"BreadcrumbList","@id":"https:\/\/djabe.hu\/uzlet\/tancolnak-a-kazlak-dvd-audio\/#breadcrumb","itemListElement":[{"@type":"ListItem","position":1,"name":"Home","item":"https:\/\/djabe.hu\/en\/"},{"@type":"ListItem","position":2,"name":"\u00c1ruh\u00e1z","item":"https:\/\/djabe.hu\/uzlet\/"},{"@type":"ListItem","position":3,"name":"[:hu]Djabe: T\u00e1ncolnak a kazlak DVD-Audio[:en]Djabe: Sheafs are dancing DVD-Audio[:]"}]},{"@type":"WebSite","@id":"https:\/\/djabe.hu\/en\/#website","url":"https:\/\/djabe.hu\/en\/","name":"Djabe","description":"Official site","potentialAction":[{"@type":"SearchAction","target":{"@type":"EntryPoint","urlTemplate":"https:\/\/djabe.hu\/en\/?s={search_term_string}"},"query-input":{"@type":"PropertyValueSpecification","valueRequired":true,"valueName":"search_term_string"}}],"inLanguage":"en-US"}]}},"jetpack_sharing_enabled":true,"_links":{"self":[{"href":"https:\/\/djabe.hu\/en\/wp-json\/wp\/v2\/product\/1894","targetHints":{"allow":["GET"]}}],"collection":[{"href":"https:\/\/djabe.hu\/en\/wp-json\/wp\/v2\/product"}],"about":[{"href":"https:\/\/djabe.hu\/en\/wp-json\/wp\/v2\/types\/product"}],"wp:featuredmedia":[{"embeddable":true,"href":"https:\/\/djabe.hu\/en\/wp-json\/wp\/v2\/media\/7759"}],"wp:attachment":[{"href":"https:\/\/djabe.hu\/en\/wp-json\/wp\/v2\/media?parent=1894"}],"wp:term":[{"taxonomy":"product_brand","embeddable":true,"href":"https:\/\/djabe.hu\/en\/wp-json\/wp\/v2\/product_brand?post=1894"},{"taxonomy":"product_cat","embeddable":true,"href":"https:\/\/djabe.hu\/en\/wp-json\/wp\/v2\/product_cat?post=1894"},{"taxonomy":"product_tag","embeddable":true,"href":"https:\/\/djabe.hu\/en\/wp-json\/wp\/v2\/product_tag?post=1894"}],"curies":[{"name":"wp","href":"https:\/\/api.w.org\/{rel}","templated":true}]}}