{"id":1890,"date":"2016-11-17T17:09:42","date_gmt":"2016-11-17T16:09:42","guid":{"rendered":"http:\/\/djabe.hu\/?post_type=product&#038;p=1890"},"modified":"2026-04-09T08:43:43","modified_gmt":"2026-04-09T07:43:43","slug":"sipi-emlekkoncert-2dvd","status":"publish","type":"product","link":"https:\/\/djabe.hu\/en\/uzlet\/sipi-emlekkoncert-2dvd\/","title":{"rendered":"Djabe \/ Steve Hackett: Sipi benefit concert 2DVD"},"content":{"rendered":"<p>https:\/\/www.youtube.com\/watch?v=DjCfve63yiQ<\/p>","protected":false},"excerpt":{"rendered":"<p><span style=\"color: #ffffff;\">In 2007 Djabe organized a charity concert for their late percussionist Andras Sipos, as they call him, Sipi\u2019s family. Their long time friend, the former Genesis guitar player helped out to fully pack the concert venue in Budapest. Steve was on stage more than two hours, and not only played in the Djabe tunes, but also has an own acoustic medley.\u00a0<a href=\"http:\/\/djabe.hu\/en\/js_albums\/sipi-emlekkoncert-2\/\"><span style=\"color: #6094c1;\">&gt;&gt;<\/span><\/a><\/span><\/p>\n","protected":false},"featured_media":7748,"template":"","meta":[],"product_brand":[],"product_cat":[41,73],"product_tag":[],"class_list":{"0":"post-1890","1":"product","2":"type-product","3":"status-publish","4":"has-post-thumbnail","6":"product_cat-dvd","7":"product_cat-steve-hackett","8":"repupress_customize_woocommerce_productom_class","10":"first","11":"instock","12":"shipping-taxable","13":"purchasable","14":"product-type-simple"},"yoast_head":"<!-- This site is optimized with the Yoast SEO plugin v27.2 - https:\/\/yoast.com\/product\/yoast-seo-wordpress\/ -->\n<title>Djabe \/ Steve Hackett: Sipi benefit concert 2DVD - Djabe<\/title>\n<meta name=\"robots\" content=\"index, follow, max-snippet:-1, max-image-preview:large, max-video-preview:-1\" \/>\n<link rel=\"canonical\" href=\"https:\/\/djabe.hu\/uzlet\/sipi-emlekkoncert-2dvd\/\" \/>\n<meta property=\"og:locale\" content=\"en_US\" \/>\n<meta property=\"og:type\" content=\"article\" \/>\n<meta property=\"og:title\" content=\"Djabe \/ Steve Hackett: Sipi benefit concert 2DVD - Djabe\" \/>\n<meta property=\"og:description\" content=\"[:hu]A Djabe zenekar 2007. november 30-\u00e1n, Andr\u00e1s napj\u00e1n minden id\u0151k egyik legjobb koncertj\u00e9t adta Budapesten a Pet\u0151fi Csarnokban. Az el\u0151ad\u00e1s aprop\u00f3ja sajnos egy szomor\u00fa esem\u00e9ny volt, m\u00e9gpedig az egyik alap\u00edt\u00f3 tag, Sipos Andr\u00e1s elveszt\u00e9se. Sipi 2007. szeptember 14-\u00e9n tragikus hirtelens\u00e9ggel hunyt el. A zenekar tagjai mindent beleadtak a j\u00e1t\u00e9kukba t\u00e1rsuk eml\u00e9k\u00e9re, akinek szellemis\u00e9ge v\u00e9gig jelen volt a sz\u00ednpadon.\u00a0A koncertet a Djabe mellett Steve Hackett, a Genesis egykori git\u00e1rosa is jegyzi, aki saj\u00e1t k\u00f6lts\u00e9g\u00e9n utazott el Budapestre. A k\u00f6z\u00f6ns\u00e9g egy k\u00fcl\u00f6n Steve Hackett akusztikus blokknak is tapsolhatott. Az el\u0151ad\u00e1s sor\u00e1n sok zen\u00e9szbar\u00e1t is sz\u00ednpadra l\u00e9pett. Dresch Mih\u00e1ly szaxofonon, Balogh K\u00e1lm\u00e1n cimbalmon, Said Tichiti \u00fct\u0151hangszereken, Budai S\u00e1ndor heged\u0171n \u00e9s N\u00e9meth Ferenc \u00e9nekes. A koncert, ahogyan Steve fogalmazott, dics\u0151s\u00e9gg\u00e9 v\u00e1ltoztatta a trag\u00e9di\u00e1t. A vend\u00e9gm\u0171v\u00e9szekkel a Djabe \u00e9s Steve olyan zenei szint\u00e9zist hozott l\u00e9tre, mely egyed\u00fcl\u00e1ll\u00f3 min\u0151s\u00e9get k\u00e9pvisel a zenei \u00e9letben. A n\u00e9gy\u00f3r\u00e1s m\u0171sorban a n\u00e9pzen\u00e9t\u0151l a pop, rock, \u00e9s jazzen \u00e1t eg\u00e9szen a klasszikus hangv\u00e9telig h\u00f6mp\u00f6lyg\u00f6tt a zenefolyam, melyet a fell\u00e9p\u0151k \u00e1tszellem\u00fclt \u00f6r\u00f6mmel \u00e9s tehets\u00e9ggel adtak el\u0151. A k\u00f6z\u00f6ns\u00e9g t\u00f6bbsz\u00f6r is fel\u00e1llva, vastapssal \u00fcnnepelt.\u00a0A dupla DVD-n helyet kapott a koncert teljes anyaga, tov\u00e1bb\u00e1 sok extra. Az egyes lemezen megtekinthet\u0151 Sipi egyik utols\u00f3 koncertje a zenekarral, melyet a szerbiai Ni\u0161ben, a Ni\u0161ville Jazzfesztiv\u00e1lon r\u00f6gz\u00edtett a szerb telev\u00edzi\u00f3. A kettes lemezen tal\u00e1lhat\u00f3 a Sipi koncertr\u0151l k\u00e9sz\u00edtett f\u00e9l\u00f3r\u00e1s dokumentum film, melyben a koncert f\u0151szerepl\u0151i nyilatkoznak az el\u0151ad\u00e1sr\u00f3l \u00e9s az ut\u00e1na eltelt id\u0151r\u0151l. &gt;&gt;[:en]In 2007 Djabe organized a charity concert for their late percussionist Andras Sipos, as they call him, Sipi\u2019s family. Their long time friend, the former Genesis guitar player helped out to fully pack the concert venue in Budapest. Steve was on stage more than two hours, and not only played in the Djabe tunes, but also has an own acoustic medley.\u00a0&gt;&gt;[:]\" \/>\n<meta property=\"og:url\" content=\"https:\/\/djabe.hu\/uzlet\/sipi-emlekkoncert-2dvd\/\" \/>\n<meta property=\"og:site_name\" content=\"Djabe\" \/>\n<meta property=\"article:modified_time\" content=\"2026-04-09T07:43:43+00:00\" \/>\n<meta property=\"og:image\" content=\"https:\/\/djabe.hu\/wp-content\/uploads\/2016\/11\/2009_Sipi_emlekkoncert_2DVD_SHOP-1024x1024.png\" \/>\n\t<meta property=\"og:image:width\" content=\"1024\" \/>\n\t<meta property=\"og:image:height\" content=\"1024\" \/>\n\t<meta property=\"og:image:type\" content=\"image\/png\" \/>\n<meta name=\"twitter:card\" content=\"summary_large_image\" \/>\n<meta name=\"twitter:label1\" content=\"Est. reading time\" \/>\n\t<meta name=\"twitter:data1\" content=\"1 minute\" \/>\n<script type=\"application\/ld+json\" class=\"yoast-schema-graph\">{\"@context\":\"https:\/\/schema.org\",\"@graph\":[{\"@type\":\"WebPage\",\"@id\":\"https:\/\/djabe.hu\/uzlet\/sipi-emlekkoncert-2dvd\/\",\"url\":\"https:\/\/djabe.hu\/uzlet\/sipi-emlekkoncert-2dvd\/\",\"name\":\"Djabe \/ Steve Hackett: Sipi benefit concert 2DVD - Djabe\",\"isPartOf\":{\"@id\":\"https:\/\/djabe.hu\/en\/#website\"},\"primaryImageOfPage\":{\"@id\":\"https:\/\/djabe.hu\/uzlet\/sipi-emlekkoncert-2dvd\/#primaryimage\"},\"image\":{\"@id\":\"https:\/\/djabe.hu\/uzlet\/sipi-emlekkoncert-2dvd\/#primaryimage\"},\"thumbnailUrl\":\"https:\/\/djabe.hu\/wp-content\/uploads\/2016\/11\/2009_Sipi_emlekkoncert_2DVD_SHOP.png\",\"datePublished\":\"2016-11-17T16:09:42+00:00\",\"dateModified\":\"2026-04-09T07:43:43+00:00\",\"breadcrumb\":{\"@id\":\"https:\/\/djabe.hu\/uzlet\/sipi-emlekkoncert-2dvd\/#breadcrumb\"},\"inLanguage\":\"en-US\",\"potentialAction\":[{\"@type\":\"ReadAction\",\"target\":[\"https:\/\/djabe.hu\/uzlet\/sipi-emlekkoncert-2dvd\/\"]}]},{\"@type\":\"ImageObject\",\"inLanguage\":\"en-US\",\"@id\":\"https:\/\/djabe.hu\/uzlet\/sipi-emlekkoncert-2dvd\/#primaryimage\",\"url\":\"https:\/\/djabe.hu\/wp-content\/uploads\/2016\/11\/2009_Sipi_emlekkoncert_2DVD_SHOP.png\",\"contentUrl\":\"https:\/\/djabe.hu\/wp-content\/uploads\/2016\/11\/2009_Sipi_emlekkoncert_2DVD_SHOP.png\",\"width\":1500,\"height\":1500},{\"@type\":\"BreadcrumbList\",\"@id\":\"https:\/\/djabe.hu\/uzlet\/sipi-emlekkoncert-2dvd\/#breadcrumb\",\"itemListElement\":[{\"@type\":\"ListItem\",\"position\":1,\"name\":\"Home\",\"item\":\"https:\/\/djabe.hu\/en\/\"},{\"@type\":\"ListItem\",\"position\":2,\"name\":\"\u00c1ruh\u00e1z\",\"item\":\"https:\/\/djabe.hu\/uzlet\/\"},{\"@type\":\"ListItem\",\"position\":3,\"name\":\"[:hu]Djabe \/ Steve Hackett: Sipi eml\u00e9kkoncert 2DVD[:en]Djabe \/ Steve Hackett: Sipi benefit concert 2DVD[:]\"}]},{\"@type\":\"WebSite\",\"@id\":\"https:\/\/djabe.hu\/en\/#website\",\"url\":\"https:\/\/djabe.hu\/en\/\",\"name\":\"Djabe\",\"description\":\"Official site\",\"potentialAction\":[{\"@type\":\"SearchAction\",\"target\":{\"@type\":\"EntryPoint\",\"urlTemplate\":\"https:\/\/djabe.hu\/en\/?s={search_term_string}\"},\"query-input\":{\"@type\":\"PropertyValueSpecification\",\"valueRequired\":true,\"valueName\":\"search_term_string\"}}],\"inLanguage\":\"en-US\"}]}<\/script>\n<!-- \/ Yoast SEO plugin. -->","yoast_head_json":{"title":"Djabe \/ Steve Hackett: Sipi benefit concert 2DVD - Djabe","robots":{"index":"index","follow":"follow","max-snippet":"max-snippet:-1","max-image-preview":"max-image-preview:large","max-video-preview":"max-video-preview:-1"},"canonical":"https:\/\/djabe.hu\/uzlet\/sipi-emlekkoncert-2dvd\/","og_locale":"en_US","og_type":"article","og_title":"Djabe \/ Steve Hackett: Sipi benefit concert 2DVD - Djabe","og_description":"[:hu]A Djabe zenekar 2007. november 30-\u00e1n, Andr\u00e1s napj\u00e1n minden id\u0151k egyik legjobb koncertj\u00e9t adta Budapesten a Pet\u0151fi Csarnokban. Az el\u0151ad\u00e1s aprop\u00f3ja sajnos egy szomor\u00fa esem\u00e9ny volt, m\u00e9gpedig az egyik alap\u00edt\u00f3 tag, Sipos Andr\u00e1s elveszt\u00e9se. Sipi 2007. szeptember 14-\u00e9n tragikus hirtelens\u00e9ggel hunyt el. A zenekar tagjai mindent beleadtak a j\u00e1t\u00e9kukba t\u00e1rsuk eml\u00e9k\u00e9re, akinek szellemis\u00e9ge v\u00e9gig jelen volt a sz\u00ednpadon.\u00a0A koncertet a Djabe mellett Steve Hackett, a Genesis egykori git\u00e1rosa is jegyzi, aki saj\u00e1t k\u00f6lts\u00e9g\u00e9n utazott el Budapestre. A k\u00f6z\u00f6ns\u00e9g egy k\u00fcl\u00f6n Steve Hackett akusztikus blokknak is tapsolhatott. Az el\u0151ad\u00e1s sor\u00e1n sok zen\u00e9szbar\u00e1t is sz\u00ednpadra l\u00e9pett. Dresch Mih\u00e1ly szaxofonon, Balogh K\u00e1lm\u00e1n cimbalmon, Said Tichiti \u00fct\u0151hangszereken, Budai S\u00e1ndor heged\u0171n \u00e9s N\u00e9meth Ferenc \u00e9nekes. A koncert, ahogyan Steve fogalmazott, dics\u0151s\u00e9gg\u00e9 v\u00e1ltoztatta a trag\u00e9di\u00e1t. A vend\u00e9gm\u0171v\u00e9szekkel a Djabe \u00e9s Steve olyan zenei szint\u00e9zist hozott l\u00e9tre, mely egyed\u00fcl\u00e1ll\u00f3 min\u0151s\u00e9get k\u00e9pvisel a zenei \u00e9letben. A n\u00e9gy\u00f3r\u00e1s m\u0171sorban a n\u00e9pzen\u00e9t\u0151l a pop, rock, \u00e9s jazzen \u00e1t eg\u00e9szen a klasszikus hangv\u00e9telig h\u00f6mp\u00f6lyg\u00f6tt a zenefolyam, melyet a fell\u00e9p\u0151k \u00e1tszellem\u00fclt \u00f6r\u00f6mmel \u00e9s tehets\u00e9ggel adtak el\u0151. A k\u00f6z\u00f6ns\u00e9g t\u00f6bbsz\u00f6r is fel\u00e1llva, vastapssal \u00fcnnepelt.\u00a0A dupla DVD-n helyet kapott a koncert teljes anyaga, tov\u00e1bb\u00e1 sok extra. Az egyes lemezen megtekinthet\u0151 Sipi egyik utols\u00f3 koncertje a zenekarral, melyet a szerbiai Ni\u0161ben, a Ni\u0161ville Jazzfesztiv\u00e1lon r\u00f6gz\u00edtett a szerb telev\u00edzi\u00f3. A kettes lemezen tal\u00e1lhat\u00f3 a Sipi koncertr\u0151l k\u00e9sz\u00edtett f\u00e9l\u00f3r\u00e1s dokumentum film, melyben a koncert f\u0151szerepl\u0151i nyilatkoznak az el\u0151ad\u00e1sr\u00f3l \u00e9s az ut\u00e1na eltelt id\u0151r\u0151l. &gt;&gt;[:en]In 2007 Djabe organized a charity concert for their late percussionist Andras Sipos, as they call him, Sipi\u2019s family. Their long time friend, the former Genesis guitar player helped out to fully pack the concert venue in Budapest. Steve was on stage more than two hours, and not only played in the Djabe tunes, but also has an own acoustic medley.\u00a0&gt;&gt;[:]","og_url":"https:\/\/djabe.hu\/uzlet\/sipi-emlekkoncert-2dvd\/","og_site_name":"Djabe","article_modified_time":"2026-04-09T07:43:43+00:00","og_image":[{"width":1024,"height":1024,"url":"https:\/\/djabe.hu\/wp-content\/uploads\/2016\/11\/2009_Sipi_emlekkoncert_2DVD_SHOP-1024x1024.png","type":"image\/png"}],"twitter_card":"summary_large_image","twitter_misc":{"Est. reading time":"1 minute"},"schema":{"@context":"https:\/\/schema.org","@graph":[{"@type":"WebPage","@id":"https:\/\/djabe.hu\/uzlet\/sipi-emlekkoncert-2dvd\/","url":"https:\/\/djabe.hu\/uzlet\/sipi-emlekkoncert-2dvd\/","name":"Djabe \/ Steve Hackett: Sipi benefit concert 2DVD - Djabe","isPartOf":{"@id":"https:\/\/djabe.hu\/en\/#website"},"primaryImageOfPage":{"@id":"https:\/\/djabe.hu\/uzlet\/sipi-emlekkoncert-2dvd\/#primaryimage"},"image":{"@id":"https:\/\/djabe.hu\/uzlet\/sipi-emlekkoncert-2dvd\/#primaryimage"},"thumbnailUrl":"https:\/\/djabe.hu\/wp-content\/uploads\/2016\/11\/2009_Sipi_emlekkoncert_2DVD_SHOP.png","datePublished":"2016-11-17T16:09:42+00:00","dateModified":"2026-04-09T07:43:43+00:00","breadcrumb":{"@id":"https:\/\/djabe.hu\/uzlet\/sipi-emlekkoncert-2dvd\/#breadcrumb"},"inLanguage":"en-US","potentialAction":[{"@type":"ReadAction","target":["https:\/\/djabe.hu\/uzlet\/sipi-emlekkoncert-2dvd\/"]}]},{"@type":"ImageObject","inLanguage":"en-US","@id":"https:\/\/djabe.hu\/uzlet\/sipi-emlekkoncert-2dvd\/#primaryimage","url":"https:\/\/djabe.hu\/wp-content\/uploads\/2016\/11\/2009_Sipi_emlekkoncert_2DVD_SHOP.png","contentUrl":"https:\/\/djabe.hu\/wp-content\/uploads\/2016\/11\/2009_Sipi_emlekkoncert_2DVD_SHOP.png","width":1500,"height":1500},{"@type":"BreadcrumbList","@id":"https:\/\/djabe.hu\/uzlet\/sipi-emlekkoncert-2dvd\/#breadcrumb","itemListElement":[{"@type":"ListItem","position":1,"name":"Home","item":"https:\/\/djabe.hu\/en\/"},{"@type":"ListItem","position":2,"name":"\u00c1ruh\u00e1z","item":"https:\/\/djabe.hu\/uzlet\/"},{"@type":"ListItem","position":3,"name":"[:hu]Djabe \/ Steve Hackett: Sipi eml\u00e9kkoncert 2DVD[:en]Djabe \/ Steve Hackett: Sipi benefit concert 2DVD[:]"}]},{"@type":"WebSite","@id":"https:\/\/djabe.hu\/en\/#website","url":"https:\/\/djabe.hu\/en\/","name":"Djabe","description":"Official site","potentialAction":[{"@type":"SearchAction","target":{"@type":"EntryPoint","urlTemplate":"https:\/\/djabe.hu\/en\/?s={search_term_string}"},"query-input":{"@type":"PropertyValueSpecification","valueRequired":true,"valueName":"search_term_string"}}],"inLanguage":"en-US"}]}},"jetpack_sharing_enabled":true,"_links":{"self":[{"href":"https:\/\/djabe.hu\/en\/wp-json\/wp\/v2\/product\/1890","targetHints":{"allow":["GET"]}}],"collection":[{"href":"https:\/\/djabe.hu\/en\/wp-json\/wp\/v2\/product"}],"about":[{"href":"https:\/\/djabe.hu\/en\/wp-json\/wp\/v2\/types\/product"}],"wp:featuredmedia":[{"embeddable":true,"href":"https:\/\/djabe.hu\/en\/wp-json\/wp\/v2\/media\/7748"}],"wp:attachment":[{"href":"https:\/\/djabe.hu\/en\/wp-json\/wp\/v2\/media?parent=1890"}],"wp:term":[{"taxonomy":"product_brand","embeddable":true,"href":"https:\/\/djabe.hu\/en\/wp-json\/wp\/v2\/product_brand?post=1890"},{"taxonomy":"product_cat","embeddable":true,"href":"https:\/\/djabe.hu\/en\/wp-json\/wp\/v2\/product_cat?post=1890"},{"taxonomy":"product_tag","embeddable":true,"href":"https:\/\/djabe.hu\/en\/wp-json\/wp\/v2\/product_tag?post=1890"}],"curies":[{"name":"wp","href":"https:\/\/api.w.org\/{rel}","templated":true}]}}