{"id":1887,"date":"2016-11-17T17:04:38","date_gmt":"2016-11-17T16:04:38","guid":{"rendered":"http:\/\/djabe.hu\/?post_type=product&#038;p=1887"},"modified":"2022-05-06T10:03:40","modified_gmt":"2022-05-06T09:03:40","slug":"djabe-special-guest-steve-hackett-in-the-footsteps-of-attila-and-genghis-2-cd","status":"publish","type":"product","link":"https:\/\/djabe.hu\/en\/uzlet\/djabe-special-guest-steve-hackett-in-the-footsteps-of-attila-and-genghis-2-cd\/","title":{"rendered":"Djabe special guest Steve Hackett &#8211; In the footsteps of Attila and Genghis 2 CD"},"content":{"rendered":"<p><\/p>\n<h2>Tracklist:<\/h2>\n<p><strong>CD1:<br \/>\n<\/strong>Erd\u0151, Erd\u0151<br \/>\nFirth of Fifth<br \/>\nDark Soup<br \/>\nCity of Habi<br \/>\nThe Steppes<br \/>\nP\u00e9cs<br \/>\nDistant Dance<br \/>\nClouds Dance<br \/>\n+ video filmed at the Nisville Jazzfesztival: The Steppes, Nis<\/p>\n<p><strong>CD2:<br \/>\n<\/strong>Doromb<br \/>\nButterfly<br \/>\nLast Train to Istanbul<br \/>\nIn That Quiet Earth<br \/>\nGenghis\u2019 sword<br \/>\nBehind the Veil<br \/>\nOmachule excerpt<br \/>\n+ video filmed at Penang Island Jazzfesztival: Behind the scenes, Erd\u0151, erd\u0151, Firth of Fifth, Malaysia Bol\u00e9!<\/p>\n<p>&nbsp;<\/p>","protected":false},"excerpt":{"rendered":"[audio mp3=\"https:\/\/djabe.hu\/wp-content\/uploads\/2016\/09\/In-the-Footsteps-of-Attila-and-Genghis-with-Steve-Hackett-Last-Train-to-Istambul.mp3\"][\/audio]\n[audio mp3=\"https:\/\/djabe.hu\/wp-content\/uploads\/2016\/09\/In-the-Footsteps-of-Attila-and-Genghis-with-Steve-Hackett-In-that-Quiet-Earth.mp3\"][\/audio]\n[audio mp3=\"https:\/\/djabe.hu\/wp-content\/uploads\/2016\/09\/In-the-Footsteps-of-Attila-and-Genghis-with-Steve-Hackett-Genghis-Sword-.mp3\"][\/audio]\n[audio mp3=\"https:\/\/djabe.hu\/wp-content\/uploads\/2016\/09\/In-the-Footsteps-of-Attila-and-Genghis-with-Steve-Hackett-Firth-of-Fifth.mp3\"][\/audio]\n[audio mp3=\"https:\/\/djabe.hu\/wp-content\/uploads\/2016\/09\/In-the-Footsteps-of-Attila-and-Genghis-with-Steve-Hackett-Erd\u0151-erd\u0151.mp3\"][\/audio]\n[audio mp3=\"https:\/\/djabe.hu\/wp-content\/uploads\/2016\/09\/In-the-Footsteps-of-Attila-and-Genghis-with-Steve-Hackett-Dark-Soup.mp3\"][\/audio]\n<p><span style=\"color: #ffffff;\">A dupla CD anyag\u00e1t a zenekar 2010 nyar\u00e1n r\u00f6gz\u00edtette Steve Hackettel lebonyol\u00edtott k\u00f6z\u00f6s turn\u00e9ja sor\u00e1n. Az augusztusi koncertsorozat id\u0151rendben \u00e9rintette Oroszorsz\u00e1got, Magyarorsz\u00e1got, Bulg\u00e1ri\u00e1t \u00e9s Szerbi\u00e1t.\u00a0<a href=\"http:\/\/djabe.hu\/js_albums\/in-the-footsteps-of-attila-and-genghis\/\"><span style=\"color: #6094c1;\">&gt;&gt;<\/span><\/a><\/span><\/p>\n","protected":false},"featured_media":831,"template":"","meta":[],"product_brand":[],"product_cat":[38,73],"product_tag":[],"class_list":{"0":"post-1887","1":"product","2":"type-product","3":"status-publish","4":"has-post-thumbnail","6":"product_cat-cd","7":"product_cat-steve-hackett","8":"repupress_customize_woocommerce_productom_class","10":"first","11":"outofstock","12":"shipping-taxable","13":"purchasable","14":"product-type-simple"},"yoast_head":"<!-- This site is optimized with the Yoast SEO plugin v27.2 - https:\/\/yoast.com\/product\/yoast-seo-wordpress\/ -->\n<title>Djabe special guest Steve Hackett - In the footsteps of Attila and Genghis 2 CD - Djabe<\/title>\n<meta name=\"robots\" content=\"index, follow, max-snippet:-1, max-image-preview:large, max-video-preview:-1\" \/>\n<link rel=\"canonical\" href=\"https:\/\/djabe.hu\/uzlet\/djabe-special-guest-steve-hackett-in-the-footsteps-of-attila-and-genghis-2-cd\/\" \/>\n<meta property=\"og:locale\" content=\"en_US\" \/>\n<meta property=\"og:type\" content=\"article\" \/>\n<meta property=\"og:title\" content=\"Djabe special guest Steve Hackett - In the footsteps of Attila and Genghis 2 CD\" \/>\n<meta property=\"og:description\" content=\"A dupla CD anyag\u00e1t a zenekar 2010 nyar\u00e1n r\u00f6gz\u00edtette Steve Hackettel lebonyol\u00edtott k\u00f6z\u00f6s turn\u00e9ja sor\u00e1n. Az augusztusi koncertsorozat id\u0151rendben \u00e9rintette Oroszorsz\u00e1got, Magyarorsz\u00e1got, Bulg\u00e1ri\u00e1t \u00e9s Szerbi\u00e1t.\u00a0&gt;&gt;\" \/>\n<meta property=\"og:url\" content=\"https:\/\/djabe.hu\/uzlet\/djabe-special-guest-steve-hackett-in-the-footsteps-of-attila-and-genghis-2-cd\/\" \/>\n<meta property=\"og:site_name\" content=\"Djabe\" \/>\n<meta property=\"article:modified_time\" content=\"2022-05-06T09:03:40+00:00\" \/>\n<meta property=\"og:image\" content=\"https:\/\/djabe.hu\/wp-content\/uploads\/2016\/09\/2011_In_the_footsteps_of_Attila_and_Genghis_2CD-1024x920.png\" \/>\n\t<meta property=\"og:image:width\" content=\"1024\" \/>\n\t<meta property=\"og:image:height\" content=\"920\" \/>\n\t<meta property=\"og:image:type\" content=\"image\/png\" \/>\n<meta name=\"twitter:card\" content=\"summary_large_image\" \/>\n<meta name=\"twitter:title\" content=\"Djabe special guest Steve Hackett - In the footsteps of Attila and Genghis 2 CD\" \/>\n<meta name=\"twitter:image\" content=\"https:\/\/djabe.hu\/wp-content\/uploads\/2016\/09\/2011_In_the_footsteps_of_Attila_and_Genghis_2CD.png\" \/>\n<meta name=\"twitter:label1\" content=\"Est. reading time\" \/>\n\t<meta name=\"twitter:data1\" content=\"1 minute\" \/>\n<script type=\"application\/ld+json\" class=\"yoast-schema-graph\">{\"@context\":\"https:\/\/schema.org\",\"@graph\":[{\"@type\":\"WebPage\",\"@id\":\"https:\/\/djabe.hu\/uzlet\/djabe-special-guest-steve-hackett-in-the-footsteps-of-attila-and-genghis-2-cd\/\",\"url\":\"https:\/\/djabe.hu\/uzlet\/djabe-special-guest-steve-hackett-in-the-footsteps-of-attila-and-genghis-2-cd\/\",\"name\":\"Djabe special guest Steve Hackett - In the footsteps of Attila and Genghis 2 CD - Djabe\",\"isPartOf\":{\"@id\":\"https:\/\/djabe.hu\/en\/#website\"},\"primaryImageOfPage\":{\"@id\":\"https:\/\/djabe.hu\/uzlet\/djabe-special-guest-steve-hackett-in-the-footsteps-of-attila-and-genghis-2-cd\/#primaryimage\"},\"image\":{\"@id\":\"https:\/\/djabe.hu\/uzlet\/djabe-special-guest-steve-hackett-in-the-footsteps-of-attila-and-genghis-2-cd\/#primaryimage\"},\"thumbnailUrl\":\"https:\/\/djabe.hu\/wp-content\/uploads\/2016\/09\/2011_In_the_footsteps_of_Attila_and_Genghis_2CD.png\",\"datePublished\":\"2016-11-17T16:04:38+00:00\",\"dateModified\":\"2022-05-06T09:03:40+00:00\",\"breadcrumb\":{\"@id\":\"https:\/\/djabe.hu\/uzlet\/djabe-special-guest-steve-hackett-in-the-footsteps-of-attila-and-genghis-2-cd\/#breadcrumb\"},\"inLanguage\":\"en-US\",\"potentialAction\":[{\"@type\":\"ReadAction\",\"target\":[\"https:\/\/djabe.hu\/uzlet\/djabe-special-guest-steve-hackett-in-the-footsteps-of-attila-and-genghis-2-cd\/\"]}]},{\"@type\":\"ImageObject\",\"inLanguage\":\"en-US\",\"@id\":\"https:\/\/djabe.hu\/uzlet\/djabe-special-guest-steve-hackett-in-the-footsteps-of-attila-and-genghis-2-cd\/#primaryimage\",\"url\":\"https:\/\/djabe.hu\/wp-content\/uploads\/2016\/09\/2011_In_the_footsteps_of_Attila_and_Genghis_2CD.png\",\"contentUrl\":\"https:\/\/djabe.hu\/wp-content\/uploads\/2016\/09\/2011_In_the_footsteps_of_Attila_and_Genghis_2CD.png\",\"width\":1685,\"height\":1514,\"caption\":\"Djabe special guest Steve Hackett - In the footsteps of Attila and Genghis 2 CD\"},{\"@type\":\"BreadcrumbList\",\"@id\":\"https:\/\/djabe.hu\/uzlet\/djabe-special-guest-steve-hackett-in-the-footsteps-of-attila-and-genghis-2-cd\/#breadcrumb\",\"itemListElement\":[{\"@type\":\"ListItem\",\"position\":1,\"name\":\"Home\",\"item\":\"https:\/\/djabe.hu\/en\/\"},{\"@type\":\"ListItem\",\"position\":2,\"name\":\"\u00c1ruh\u00e1z\",\"item\":\"https:\/\/djabe.hu\/uzlet\/\"},{\"@type\":\"ListItem\",\"position\":3,\"name\":\"Djabe special guest Steve Hackett &#8211; In the footsteps of Attila and Genghis 2 CD\"}]},{\"@type\":\"WebSite\",\"@id\":\"https:\/\/djabe.hu\/en\/#website\",\"url\":\"https:\/\/djabe.hu\/en\/\",\"name\":\"Djabe\",\"description\":\"Official site\",\"potentialAction\":[{\"@type\":\"SearchAction\",\"target\":{\"@type\":\"EntryPoint\",\"urlTemplate\":\"https:\/\/djabe.hu\/en\/?s={search_term_string}\"},\"query-input\":{\"@type\":\"PropertyValueSpecification\",\"valueRequired\":true,\"valueName\":\"search_term_string\"}}],\"inLanguage\":\"en-US\"}]}<\/script>\n<!-- \/ Yoast SEO plugin. -->","yoast_head_json":{"title":"Djabe special guest Steve Hackett - In the footsteps of Attila and Genghis 2 CD - Djabe","robots":{"index":"index","follow":"follow","max-snippet":"max-snippet:-1","max-image-preview":"max-image-preview:large","max-video-preview":"max-video-preview:-1"},"canonical":"https:\/\/djabe.hu\/uzlet\/djabe-special-guest-steve-hackett-in-the-footsteps-of-attila-and-genghis-2-cd\/","og_locale":"en_US","og_type":"article","og_title":"Djabe special guest Steve Hackett - In the footsteps of Attila and Genghis 2 CD","og_description":"A dupla CD anyag\u00e1t a zenekar 2010 nyar\u00e1n r\u00f6gz\u00edtette Steve Hackettel lebonyol\u00edtott k\u00f6z\u00f6s turn\u00e9ja sor\u00e1n. Az augusztusi koncertsorozat id\u0151rendben \u00e9rintette Oroszorsz\u00e1got, Magyarorsz\u00e1got, Bulg\u00e1ri\u00e1t \u00e9s Szerbi\u00e1t.\u00a0&gt;&gt;","og_url":"https:\/\/djabe.hu\/uzlet\/djabe-special-guest-steve-hackett-in-the-footsteps-of-attila-and-genghis-2-cd\/","og_site_name":"Djabe","article_modified_time":"2022-05-06T09:03:40+00:00","og_image":[{"width":1024,"height":920,"url":"https:\/\/djabe.hu\/wp-content\/uploads\/2016\/09\/2011_In_the_footsteps_of_Attila_and_Genghis_2CD-1024x920.png","type":"image\/png"}],"twitter_card":"summary_large_image","twitter_title":"Djabe special guest Steve Hackett - In the footsteps of Attila and Genghis 2 CD","twitter_image":"https:\/\/djabe.hu\/wp-content\/uploads\/2016\/09\/2011_In_the_footsteps_of_Attila_and_Genghis_2CD.png","twitter_misc":{"Est. reading time":"1 minute"},"schema":{"@context":"https:\/\/schema.org","@graph":[{"@type":"WebPage","@id":"https:\/\/djabe.hu\/uzlet\/djabe-special-guest-steve-hackett-in-the-footsteps-of-attila-and-genghis-2-cd\/","url":"https:\/\/djabe.hu\/uzlet\/djabe-special-guest-steve-hackett-in-the-footsteps-of-attila-and-genghis-2-cd\/","name":"Djabe special guest Steve Hackett - In the footsteps of Attila and Genghis 2 CD - Djabe","isPartOf":{"@id":"https:\/\/djabe.hu\/en\/#website"},"primaryImageOfPage":{"@id":"https:\/\/djabe.hu\/uzlet\/djabe-special-guest-steve-hackett-in-the-footsteps-of-attila-and-genghis-2-cd\/#primaryimage"},"image":{"@id":"https:\/\/djabe.hu\/uzlet\/djabe-special-guest-steve-hackett-in-the-footsteps-of-attila-and-genghis-2-cd\/#primaryimage"},"thumbnailUrl":"https:\/\/djabe.hu\/wp-content\/uploads\/2016\/09\/2011_In_the_footsteps_of_Attila_and_Genghis_2CD.png","datePublished":"2016-11-17T16:04:38+00:00","dateModified":"2022-05-06T09:03:40+00:00","breadcrumb":{"@id":"https:\/\/djabe.hu\/uzlet\/djabe-special-guest-steve-hackett-in-the-footsteps-of-attila-and-genghis-2-cd\/#breadcrumb"},"inLanguage":"en-US","potentialAction":[{"@type":"ReadAction","target":["https:\/\/djabe.hu\/uzlet\/djabe-special-guest-steve-hackett-in-the-footsteps-of-attila-and-genghis-2-cd\/"]}]},{"@type":"ImageObject","inLanguage":"en-US","@id":"https:\/\/djabe.hu\/uzlet\/djabe-special-guest-steve-hackett-in-the-footsteps-of-attila-and-genghis-2-cd\/#primaryimage","url":"https:\/\/djabe.hu\/wp-content\/uploads\/2016\/09\/2011_In_the_footsteps_of_Attila_and_Genghis_2CD.png","contentUrl":"https:\/\/djabe.hu\/wp-content\/uploads\/2016\/09\/2011_In_the_footsteps_of_Attila_and_Genghis_2CD.png","width":1685,"height":1514,"caption":"Djabe special guest Steve Hackett - In the footsteps of Attila and Genghis 2 CD"},{"@type":"BreadcrumbList","@id":"https:\/\/djabe.hu\/uzlet\/djabe-special-guest-steve-hackett-in-the-footsteps-of-attila-and-genghis-2-cd\/#breadcrumb","itemListElement":[{"@type":"ListItem","position":1,"name":"Home","item":"https:\/\/djabe.hu\/en\/"},{"@type":"ListItem","position":2,"name":"\u00c1ruh\u00e1z","item":"https:\/\/djabe.hu\/uzlet\/"},{"@type":"ListItem","position":3,"name":"Djabe special guest Steve Hackett &#8211; In the footsteps of Attila and Genghis 2 CD"}]},{"@type":"WebSite","@id":"https:\/\/djabe.hu\/en\/#website","url":"https:\/\/djabe.hu\/en\/","name":"Djabe","description":"Official site","potentialAction":[{"@type":"SearchAction","target":{"@type":"EntryPoint","urlTemplate":"https:\/\/djabe.hu\/en\/?s={search_term_string}"},"query-input":{"@type":"PropertyValueSpecification","valueRequired":true,"valueName":"search_term_string"}}],"inLanguage":"en-US"}]}},"jetpack_sharing_enabled":true,"_links":{"self":[{"href":"https:\/\/djabe.hu\/en\/wp-json\/wp\/v2\/product\/1887","targetHints":{"allow":["GET"]}}],"collection":[{"href":"https:\/\/djabe.hu\/en\/wp-json\/wp\/v2\/product"}],"about":[{"href":"https:\/\/djabe.hu\/en\/wp-json\/wp\/v2\/types\/product"}],"wp:featuredmedia":[{"embeddable":true,"href":"https:\/\/djabe.hu\/en\/wp-json\/wp\/v2\/media\/831"}],"wp:attachment":[{"href":"https:\/\/djabe.hu\/en\/wp-json\/wp\/v2\/media?parent=1887"}],"wp:term":[{"taxonomy":"product_brand","embeddable":true,"href":"https:\/\/djabe.hu\/en\/wp-json\/wp\/v2\/product_brand?post=1887"},{"taxonomy":"product_cat","embeddable":true,"href":"https:\/\/djabe.hu\/en\/wp-json\/wp\/v2\/product_cat?post=1887"},{"taxonomy":"product_tag","embeddable":true,"href":"https:\/\/djabe.hu\/en\/wp-json\/wp\/v2\/product_tag?post=1887"}],"curies":[{"name":"wp","href":"https:\/\/api.w.org\/{rel}","templated":true}]}}