{"id":1879,"date":"2016-11-17T16:38:42","date_gmt":"2016-11-17T15:38:42","guid":{"rendered":"http:\/\/djabe.hu\/?post_type=product&#038;p=1879"},"modified":"2026-04-09T08:52:44","modified_gmt":"2026-04-09T07:52:44","slug":"live-in-budapest","status":"publish","type":"product","link":"https:\/\/djabe.hu\/en\/uzlet\/live-in-budapest\/","title":{"rendered":"Djabe: Down and Up &#8211; Live in Budapest DVD"},"content":{"rendered":"<p>https:\/\/www.youtube.com\/watch?v=-NJ86UYqHjQ<\/p>\n<p>&nbsp;<\/p>\n<p><iframe loading=\"lazy\" title=\"Djabe: Down And Up\" width=\"900\" height=\"506\" src=\"https:\/\/www.youtube.com\/embed\/ASFWlJFWZM0?feature=oembed\" frameborder=\"0\" allow=\"accelerometer; autoplay; clipboard-write; encrypted-media; gyroscope; picture-in-picture\" allowfullscreen><\/iframe><\/p>\n<p>&nbsp;<\/p>\n<p><iframe loading=\"lazy\" title=\"Djabe with Steve Hackett: Tears For Peace\" width=\"900\" height=\"506\" src=\"https:\/\/www.youtube.com\/embed\/Q5T-TTGPJI0?feature=oembed\" frameborder=\"0\" allow=\"accelerometer; autoplay; clipboard-write; encrypted-media; gyroscope; picture-in-picture\" allowfullscreen><\/iframe><\/p>\n<p>&nbsp;<\/p>\n<p><iframe loading=\"lazy\" title=\"Djabe with Steve Hackett: Firth Of Fifth\" width=\"900\" height=\"506\" src=\"https:\/\/www.youtube.com\/embed\/7hjTgzQx1ew?feature=oembed\" frameborder=\"0\" allow=\"accelerometer; autoplay; clipboard-write; encrypted-media; gyroscope; picture-in-picture\" allowfullscreen><\/iframe><\/p>\n<p>&nbsp;<\/p>\n<p><iframe loading=\"lazy\" title=\"Djabe special guest Steve Hackett: Ace of Wands\" width=\"900\" height=\"506\" src=\"https:\/\/www.youtube.com\/embed\/4hZ1y8oUqBU?feature=oembed\" frameborder=\"0\" allow=\"accelerometer; autoplay; clipboard-write; encrypted-media; gyroscope; picture-in-picture\" allowfullscreen><\/iframe><\/p>\n<p>&nbsp;<\/p>","protected":false},"excerpt":{"rendered":"<p><span style=\"color: #ffffff;\">Djabe released their studio album, Down And Up at the end of 2012. It was highly appreciated by the professionals and audience as well, and was nominated to the Hungarian Fonogram Award in jazz category in 2013.\u00a0<\/span><\/p>\n<p>The concert recordings was made on the 30th of November 2012 during theese shows, which later released on DVD. On the concert apart from the members of Djabe (Tam\u00e1s Barab\u00e1s, bass guitar, Szil\u00e1rd Banai drums, Attila \u00c9gerh\u00e1zi guitar, Ferenc Kov\u00e1cs trumpet, violin and vocal and Zolt\u00e1n Kov\u00e1cs keyboards) Steve Hackett from Genesis contributed too. The speciality of the show was that one week before the performance Gulli Briem agreed to participate as well. This was the first time that the drummer of Mezzoforte played together with the band, and later it became regular during Hungarian and international tours. In the first part of the gig the band and Steve Hackett introduced the first nine compositions from the album Down And Up \u2013six amongst these were composed by Tam\u00e1s Barab\u00e1s and the remaining three were co-written by Ferenc Kov\u00e1cs and Attila \u00c9gerh\u00e1zi (two and two).<\/p>\n<p>In the second half of the show Steve Hackett played an acoustic block, then members of Djabe joined him and continued the acoustic performance as a quartet. A special moment of the gig was Steve Hackett\u2019s Ace of Wands played by Djabe in an acoustic version. The acoustic block was continued with Firth of Fifth, the famous tune was played on the violin by Ferenc Kov\u00e1cs then the band changed to electric within the song, and after the keyboard solo it was closed by the most famous guitar solo of Steve Hackett. During the following Genesis and Djabe songs Gulli Briem joined the band which boosted the intensity of the concert and coloured the sound of the rhythm section. The encore was Tears for Peace, the last composition of \u00a0Down And Up album. This is an interesting song. The music was written by Tam\u00e1s Barab\u00e1s, the lyrics by Joanna Hackett, Steve Hackett\u2019s wife and it was sung by Steve.<\/p>\n<p>The DVD contains the whole show in high quality sound, which is usual with Djabe \u2013 stereo and 5.1 surround as well. Amongst the extras there is the video for the song Tears for Peace. It is quite special because the band shooted it on 16 mm black and white film, and the song is played and sung on a T 59 tank in downtown Budapest. Another extra is a video which was recorded during the 2011 concert in Debrecen, The Steppes which is a composition of Steve Hackett. The producer also added a photo gallery to the DVD.<\/p>\n<p><span style=\"color: #ffffff;\"><a href=\"http:\/\/djabe.hu\/en\/js_albums\/down-and-up-live-in-budapest\/\"><span style=\"color: #6094c1;\">&gt;&gt;<\/span><\/a><\/span><\/p>\n","protected":false},"featured_media":7745,"template":"","meta":[],"product_brand":[],"product_cat":[41],"product_tag":[],"class_list":{"0":"post-1879","1":"product","2":"type-product","3":"status-publish","4":"has-post-thumbnail","6":"product_cat-dvd","7":"repupress_customize_woocommerce_productom_class","9":"first","10":"instock","11":"shipping-taxable","12":"purchasable","13":"product-type-simple"},"yoast_head":"<!-- This site is optimized with the Yoast SEO plugin v27.2 - https:\/\/yoast.com\/product\/yoast-seo-wordpress\/ -->\n<title>Djabe: Down and Up - Live in Budapest DVD - Djabe<\/title>\n<meta name=\"description\" content=\"Djabe released their studio album, Down And Up at the end of 2012. It was highly appreciated by the professionals and audience as well, and was nominated to the Hungarian Fonogram Award in jazz category in 2013.\u00a0The concert recordings was made on the 30th of November 2012 during theese shows, which later released on DVD. On the concert apart from the members of Djabe (Tam\u00e1s Barab\u00e1s, bass guitar, Szil\u00e1rd Banai drums, Attila \u00c9gerh\u00e1zi guitar, Ferenc Kov\u00e1cs trumpet, violin and vocal and Zolt\u00e1n Kov\u00e1cs keyboards) Steve Hackett from Genesis contributed too. The speciality of the show was that one week before the performance Gulli Briem agreed to participate as well. This was the first time that the drummer of Mezzoforte played together with the band, and later it became regular during Hungarian and international tours. In the first part of the gig the band and Steve Hackett introduced the first nine compositions from the album Down And Up \u2013six amongst these were composed by Tam\u00e1s Barab\u00e1s and the remaining three were co-written by Ferenc Kov\u00e1cs and Attila \u00c9gerh\u00e1zi (two and two).\" \/>\n<meta name=\"robots\" content=\"index, follow, max-snippet:-1, max-image-preview:large, max-video-preview:-1\" \/>\n<link rel=\"canonical\" href=\"https:\/\/djabe.hu\/uzlet\/live-in-budapest\/\" \/>\n<meta property=\"og:locale\" content=\"en_US\" \/>\n<meta property=\"og:type\" content=\"article\" \/>\n<meta property=\"og:title\" content=\"Djabe: Down and Up - Live in Budapest DVD\" \/>\n<meta property=\"og:description\" content=\"{:en}Djabe released their studio album, Down And Up at the end of 2012. It was highly appreciated by the professionals and audience as well, and was nominated to the Hungarian Fonogram Award in jazz category in 2013.\u00a0The concert recordings was made on the 30th of November 2012 during theese shows, which later released on DVD. On the concert apart from the members of Djabe (Tam\u00e1s Barab\u00e1s, bass guitar, Szil\u00e1rd Banai drums, Attila \u00c9gerh\u00e1zi guitar, Ferenc Kov\u00e1cs trumpet, violin and vocal and Zolt\u00e1n Kov\u00e1cs keyboards) Steve Hackett from Genesis contributed too. The speciality of the show was that one week before the performance Gulli Briem agreed to participate as well. This was the first time that the drummer of Mezzoforte played together with the band, and later it became regular during Hungarian and international tours. In the first part of the gig the band and Steve Hackett introduced the first nine compositions from the album Down And Up \u2013six amongst these were composed by Tam\u00e1s Barab\u00e1s and the remaining three were co-written by Ferenc Kov\u00e1cs and Attila \u00c9gerh\u00e1zi (two and two).{:}\" \/>\n<meta property=\"og:url\" content=\"https:\/\/djabe.hu\/uzlet\/live-in-budapest\/\" \/>\n<meta property=\"og:site_name\" content=\"Djabe\" \/>\n<meta property=\"article:modified_time\" content=\"2026-04-09T07:52:44+00:00\" \/>\n<meta property=\"og:image\" content=\"https:\/\/djabe.hu\/wp-content\/uploads\/2016\/11\/2013Down_and_up_live_in_budapest_DVD_SHOP-1024x1024.png\" \/>\n\t<meta property=\"og:image:width\" content=\"1024\" \/>\n\t<meta property=\"og:image:height\" content=\"1024\" \/>\n\t<meta property=\"og:image:type\" content=\"image\/png\" \/>\n<meta name=\"twitter:card\" content=\"summary_large_image\" \/>\n<meta name=\"twitter:title\" content=\"Djabe: Down and Up - Live in Budapest DVD\" \/>\n<meta name=\"twitter:image\" content=\"https:\/\/djabe.hu\/wp-content\/uploads\/2016\/11\/2013Down_and_up_live_in_budapest_DVD_SHOP.png\" \/>\n<script type=\"application\/ld+json\" class=\"yoast-schema-graph\">{\"@context\":\"https:\/\/schema.org\",\"@graph\":[{\"@type\":\"WebPage\",\"@id\":\"https:\/\/djabe.hu\/uzlet\/live-in-budapest\/\",\"url\":\"https:\/\/djabe.hu\/uzlet\/live-in-budapest\/\",\"name\":\"Djabe: Down and Up - Live in Budapest DVD - Djabe\",\"isPartOf\":{\"@id\":\"https:\/\/djabe.hu\/en\/#website\"},\"primaryImageOfPage\":{\"@id\":\"https:\/\/djabe.hu\/uzlet\/live-in-budapest\/#primaryimage\"},\"image\":{\"@id\":\"https:\/\/djabe.hu\/uzlet\/live-in-budapest\/#primaryimage\"},\"thumbnailUrl\":\"https:\/\/djabe.hu\/wp-content\/uploads\/2016\/11\/2013Down_and_up_live_in_budapest_DVD_SHOP.png\",\"datePublished\":\"2016-11-17T15:38:42+00:00\",\"dateModified\":\"2026-04-09T07:52:44+00:00\",\"description\":\"{:en}Djabe released their studio album, Down And Up at the end of 2012. It was highly appreciated by the professionals and audience as well, and was nominated to the Hungarian Fonogram Award in jazz category in 2013.\u00a0The concert recordings was made on the 30th of November 2012 during theese shows, which later released on DVD. On the concert apart from the members of Djabe (Tam\u00e1s Barab\u00e1s, bass guitar, Szil\u00e1rd Banai drums, Attila \u00c9gerh\u00e1zi guitar, Ferenc Kov\u00e1cs trumpet, violin and vocal and Zolt\u00e1n Kov\u00e1cs keyboards) Steve Hackett from Genesis contributed too. The speciality of the show was that one week before the performance Gulli Briem agreed to participate as well. This was the first time that the drummer of Mezzoforte played together with the band, and later it became regular during Hungarian and international tours. In the first part of the gig the band and Steve Hackett introduced the first nine compositions from the album Down And Up \u2013six amongst these were composed by Tam\u00e1s Barab\u00e1s and the remaining three were co-written by Ferenc Kov\u00e1cs and Attila \u00c9gerh\u00e1zi (two and two).{:}\",\"breadcrumb\":{\"@id\":\"https:\/\/djabe.hu\/uzlet\/live-in-budapest\/#breadcrumb\"},\"inLanguage\":\"en-US\",\"potentialAction\":[{\"@type\":\"ReadAction\",\"target\":[\"https:\/\/djabe.hu\/uzlet\/live-in-budapest\/\"]}]},{\"@type\":\"ImageObject\",\"inLanguage\":\"en-US\",\"@id\":\"https:\/\/djabe.hu\/uzlet\/live-in-budapest\/#primaryimage\",\"url\":\"https:\/\/djabe.hu\/wp-content\/uploads\/2016\/11\/2013Down_and_up_live_in_budapest_DVD_SHOP.png\",\"contentUrl\":\"https:\/\/djabe.hu\/wp-content\/uploads\/2016\/11\/2013Down_and_up_live_in_budapest_DVD_SHOP.png\",\"width\":1635,\"height\":1635,\"caption\":\"Djabe: Down and Up - Live in Budapest DVD\"},{\"@type\":\"BreadcrumbList\",\"@id\":\"https:\/\/djabe.hu\/uzlet\/live-in-budapest\/#breadcrumb\",\"itemListElement\":[{\"@type\":\"ListItem\",\"position\":1,\"name\":\"Home\",\"item\":\"https:\/\/djabe.hu\/en\/\"},{\"@type\":\"ListItem\",\"position\":2,\"name\":\"\u00c1ruh\u00e1z\",\"item\":\"https:\/\/djabe.hu\/uzlet\/\"},{\"@type\":\"ListItem\",\"position\":3,\"name\":\"Djabe: Down and Up &#8211; Live in Budapest DVD\"}]},{\"@type\":\"WebSite\",\"@id\":\"https:\/\/djabe.hu\/en\/#website\",\"url\":\"https:\/\/djabe.hu\/en\/\",\"name\":\"Djabe\",\"description\":\"Official site\",\"potentialAction\":[{\"@type\":\"SearchAction\",\"target\":{\"@type\":\"EntryPoint\",\"urlTemplate\":\"https:\/\/djabe.hu\/en\/?s={search_term_string}\"},\"query-input\":{\"@type\":\"PropertyValueSpecification\",\"valueRequired\":true,\"valueName\":\"search_term_string\"}}],\"inLanguage\":\"en-US\"}]}<\/script>\n<!-- \/ Yoast SEO plugin. -->","yoast_head_json":{"title":"Djabe: Down and Up - Live in Budapest DVD - Djabe","description":"Djabe released their studio album, Down And Up at the end of 2012. It was highly appreciated by the professionals and audience as well, and was nominated to the Hungarian Fonogram Award in jazz category in 2013.\u00a0The concert recordings was made on the 30th of November 2012 during theese shows, which later released on DVD. On the concert apart from the members of Djabe (Tam\u00e1s Barab\u00e1s, bass guitar, Szil\u00e1rd Banai drums, Attila \u00c9gerh\u00e1zi guitar, Ferenc Kov\u00e1cs trumpet, violin and vocal and Zolt\u00e1n Kov\u00e1cs keyboards) Steve Hackett from Genesis contributed too. The speciality of the show was that one week before the performance Gulli Briem agreed to participate as well. This was the first time that the drummer of Mezzoforte played together with the band, and later it became regular during Hungarian and international tours. In the first part of the gig the band and Steve Hackett introduced the first nine compositions from the album Down And Up \u2013six amongst these were composed by Tam\u00e1s Barab\u00e1s and the remaining three were co-written by Ferenc Kov\u00e1cs and Attila \u00c9gerh\u00e1zi (two and two).","robots":{"index":"index","follow":"follow","max-snippet":"max-snippet:-1","max-image-preview":"max-image-preview:large","max-video-preview":"max-video-preview:-1"},"canonical":"https:\/\/djabe.hu\/uzlet\/live-in-budapest\/","og_locale":"en_US","og_type":"article","og_title":"Djabe: Down and Up - Live in Budapest DVD","og_description":"{:en}Djabe released their studio album, Down And Up at the end of 2012. It was highly appreciated by the professionals and audience as well, and was nominated to the Hungarian Fonogram Award in jazz category in 2013.\u00a0The concert recordings was made on the 30th of November 2012 during theese shows, which later released on DVD. On the concert apart from the members of Djabe (Tam\u00e1s Barab\u00e1s, bass guitar, Szil\u00e1rd Banai drums, Attila \u00c9gerh\u00e1zi guitar, Ferenc Kov\u00e1cs trumpet, violin and vocal and Zolt\u00e1n Kov\u00e1cs keyboards) Steve Hackett from Genesis contributed too. The speciality of the show was that one week before the performance Gulli Briem agreed to participate as well. This was the first time that the drummer of Mezzoforte played together with the band, and later it became regular during Hungarian and international tours. In the first part of the gig the band and Steve Hackett introduced the first nine compositions from the album Down And Up \u2013six amongst these were composed by Tam\u00e1s Barab\u00e1s and the remaining three were co-written by Ferenc Kov\u00e1cs and Attila \u00c9gerh\u00e1zi (two and two).{:}","og_url":"https:\/\/djabe.hu\/uzlet\/live-in-budapest\/","og_site_name":"Djabe","article_modified_time":"2026-04-09T07:52:44+00:00","og_image":[{"width":1024,"height":1024,"url":"https:\/\/djabe.hu\/wp-content\/uploads\/2016\/11\/2013Down_and_up_live_in_budapest_DVD_SHOP-1024x1024.png","type":"image\/png"}],"twitter_card":"summary_large_image","twitter_title":"Djabe: Down and Up - Live in Budapest DVD","twitter_image":"https:\/\/djabe.hu\/wp-content\/uploads\/2016\/11\/2013Down_and_up_live_in_budapest_DVD_SHOP.png","schema":{"@context":"https:\/\/schema.org","@graph":[{"@type":"WebPage","@id":"https:\/\/djabe.hu\/uzlet\/live-in-budapest\/","url":"https:\/\/djabe.hu\/uzlet\/live-in-budapest\/","name":"Djabe: Down and Up - Live in Budapest DVD - Djabe","isPartOf":{"@id":"https:\/\/djabe.hu\/en\/#website"},"primaryImageOfPage":{"@id":"https:\/\/djabe.hu\/uzlet\/live-in-budapest\/#primaryimage"},"image":{"@id":"https:\/\/djabe.hu\/uzlet\/live-in-budapest\/#primaryimage"},"thumbnailUrl":"https:\/\/djabe.hu\/wp-content\/uploads\/2016\/11\/2013Down_and_up_live_in_budapest_DVD_SHOP.png","datePublished":"2016-11-17T15:38:42+00:00","dateModified":"2026-04-09T07:52:44+00:00","description":"{:en}Djabe released their studio album, Down And Up at the end of 2012. It was highly appreciated by the professionals and audience as well, and was nominated to the Hungarian Fonogram Award in jazz category in 2013.\u00a0The concert recordings was made on the 30th of November 2012 during theese shows, which later released on DVD. On the concert apart from the members of Djabe (Tam\u00e1s Barab\u00e1s, bass guitar, Szil\u00e1rd Banai drums, Attila \u00c9gerh\u00e1zi guitar, Ferenc Kov\u00e1cs trumpet, violin and vocal and Zolt\u00e1n Kov\u00e1cs keyboards) Steve Hackett from Genesis contributed too. The speciality of the show was that one week before the performance Gulli Briem agreed to participate as well. This was the first time that the drummer of Mezzoforte played together with the band, and later it became regular during Hungarian and international tours. In the first part of the gig the band and Steve Hackett introduced the first nine compositions from the album Down And Up \u2013six amongst these were composed by Tam\u00e1s Barab\u00e1s and the remaining three were co-written by Ferenc Kov\u00e1cs and Attila \u00c9gerh\u00e1zi (two and two).{:}","breadcrumb":{"@id":"https:\/\/djabe.hu\/uzlet\/live-in-budapest\/#breadcrumb"},"inLanguage":"en-US","potentialAction":[{"@type":"ReadAction","target":["https:\/\/djabe.hu\/uzlet\/live-in-budapest\/"]}]},{"@type":"ImageObject","inLanguage":"en-US","@id":"https:\/\/djabe.hu\/uzlet\/live-in-budapest\/#primaryimage","url":"https:\/\/djabe.hu\/wp-content\/uploads\/2016\/11\/2013Down_and_up_live_in_budapest_DVD_SHOP.png","contentUrl":"https:\/\/djabe.hu\/wp-content\/uploads\/2016\/11\/2013Down_and_up_live_in_budapest_DVD_SHOP.png","width":1635,"height":1635,"caption":"Djabe: Down and Up - Live in Budapest DVD"},{"@type":"BreadcrumbList","@id":"https:\/\/djabe.hu\/uzlet\/live-in-budapest\/#breadcrumb","itemListElement":[{"@type":"ListItem","position":1,"name":"Home","item":"https:\/\/djabe.hu\/en\/"},{"@type":"ListItem","position":2,"name":"\u00c1ruh\u00e1z","item":"https:\/\/djabe.hu\/uzlet\/"},{"@type":"ListItem","position":3,"name":"Djabe: Down and Up &#8211; Live in Budapest DVD"}]},{"@type":"WebSite","@id":"https:\/\/djabe.hu\/en\/#website","url":"https:\/\/djabe.hu\/en\/","name":"Djabe","description":"Official site","potentialAction":[{"@type":"SearchAction","target":{"@type":"EntryPoint","urlTemplate":"https:\/\/djabe.hu\/en\/?s={search_term_string}"},"query-input":{"@type":"PropertyValueSpecification","valueRequired":true,"valueName":"search_term_string"}}],"inLanguage":"en-US"}]}},"jetpack_sharing_enabled":true,"_links":{"self":[{"href":"https:\/\/djabe.hu\/en\/wp-json\/wp\/v2\/product\/1879","targetHints":{"allow":["GET"]}}],"collection":[{"href":"https:\/\/djabe.hu\/en\/wp-json\/wp\/v2\/product"}],"about":[{"href":"https:\/\/djabe.hu\/en\/wp-json\/wp\/v2\/types\/product"}],"wp:featuredmedia":[{"embeddable":true,"href":"https:\/\/djabe.hu\/en\/wp-json\/wp\/v2\/media\/7745"}],"wp:attachment":[{"href":"https:\/\/djabe.hu\/en\/wp-json\/wp\/v2\/media?parent=1879"}],"wp:term":[{"taxonomy":"product_brand","embeddable":true,"href":"https:\/\/djabe.hu\/en\/wp-json\/wp\/v2\/product_brand?post=1879"},{"taxonomy":"product_cat","embeddable":true,"href":"https:\/\/djabe.hu\/en\/wp-json\/wp\/v2\/product_cat?post=1879"},{"taxonomy":"product_tag","embeddable":true,"href":"https:\/\/djabe.hu\/en\/wp-json\/wp\/v2\/product_tag?post=1879"}],"curies":[{"name":"wp","href":"https:\/\/api.w.org\/{rel}","templated":true}]}}