{"id":1878,"date":"2016-11-17T16:35:22","date_gmt":"2016-11-17T15:35:22","guid":{"rendered":"http:\/\/djabe.hu\/?post_type=product&#038;p=1878"},"modified":"2026-04-09T08:52:54","modified_gmt":"2026-04-09T07:52:54","slug":"koszonjuk-sipi","status":"publish","type":"product","link":"https:\/\/djabe.hu\/en\/uzlet\/koszonjuk-sipi\/","title":{"rendered":"Djabe: K\u00f6sz\u00f6nj\u00fck, Sipi! CD"},"content":{"rendered":"<p><iframe loading=\"lazy\" title=\"Djabe - Witchi Tai To\" width=\"900\" height=\"675\" src=\"https:\/\/www.youtube.com\/embed\/gvpoq6j0Pro?feature=oembed\" frameborder=\"0\" allow=\"accelerometer; autoplay; clipboard-write; encrypted-media; gyroscope; picture-in-picture\" allowfullscreen><\/iframe><\/p>\n","protected":false},"excerpt":{"rendered":"<p><span style=\"color: #ffffff;\">\u201cThe Djabe is making a farewell CD for Sipi. The band is recording the material of the album in the studio in early October. We play every note for Andr\u00e1s. With the help of old tunes, never before played compositions, archived and unused recordings, Sipi will also be present in the studio and on some of the tracks&#8230;&#8221;\u00a0<\/span><a href=\"http:\/\/djabe.hu\/en\/js_albums\/koszonjuk-sipi\/\"><span style=\"color: #6094c1;\">&gt;&gt;<\/span><\/a><\/p>\n","protected":false},"featured_media":824,"template":"","meta":[],"product_brand":[],"product_cat":[38],"product_tag":[],"class_list":{"0":"post-1878","1":"product","2":"type-product","3":"status-publish","4":"has-post-thumbnail","6":"product_cat-cd","7":"repupress_customize_woocommerce_productom_class","9":"first","10":"instock","11":"shipping-taxable","12":"purchasable","13":"product-type-simple"},"yoast_head":"<!-- This site is optimized with the Yoast SEO plugin v27.4 - https:\/\/yoast.com\/product\/yoast-seo-wordpress\/ -->\n<title>Djabe: K\u00f6sz\u00f6nj\u00fck, Sipi! CD - Djabe<\/title>\n<meta name=\"description\" content=\"\u201cThe Djabe is making a farewell CD for Sipi. The band is recording the material of the album in the studio in early October. We play every note for Andr\u00e1s. With the help of old tunes, never before played compositions, archived and unused recordings, Sipi will also be present in the studio and on some of the tracks...&quot;\u00a0\" \/>\n<meta name=\"robots\" content=\"index, follow, max-snippet:-1, max-image-preview:large, max-video-preview:-1\" \/>\n<link rel=\"canonical\" href=\"https:\/\/djabe.hu\/uzlet\/koszonjuk-sipi\/\" \/>\n<meta property=\"og:locale\" content=\"en_US\" \/>\n<meta property=\"og:type\" content=\"article\" \/>\n<meta property=\"og:title\" content=\"Djabe: K\u00f6sz\u00f6nj\u00fck, Sipi! CD\" \/>\n<meta property=\"og:description\" content=\"{:en}\u201cThe Djabe is making a farewell CD for Sipi. The band is recording the material of the album in the studio in early October. We play every note for Andr\u00e1s. With the help of old tunes, never before played compositions, archived and unused recordings, Sipi will also be present in the studio and on some of the tracks...&quot;\u00a0{:}\" \/>\n<meta property=\"og:url\" content=\"https:\/\/djabe.hu\/uzlet\/koszonjuk-sipi\/\" \/>\n<meta property=\"og:site_name\" content=\"Djabe\" \/>\n<meta property=\"article:modified_time\" content=\"2026-04-09T07:52:54+00:00\" \/>\n<meta property=\"og:image\" content=\"https:\/\/djabe.hu\/wp-content\/uploads\/2016\/09\/2007_Koszonjuk_Sipi_CD-1024x1024.png\" \/>\n\t<meta property=\"og:image:width\" content=\"1024\" \/>\n\t<meta property=\"og:image:height\" content=\"1024\" \/>\n\t<meta property=\"og:image:type\" content=\"image\/png\" \/>\n<meta name=\"twitter:card\" content=\"summary_large_image\" \/>\n<meta name=\"twitter:title\" content=\"Djabe: K\u00f6sz\u00f6nj\u00fck, Sipi! CD\" \/>\n<meta name=\"twitter:image\" content=\"https:\/\/djabe.hu\/wp-content\/uploads\/2016\/09\/2007_Koszonjuk_Sipi_CD.png\" \/>\n<script type=\"application\/ld+json\" class=\"yoast-schema-graph\">{\"@context\":\"https:\\\/\\\/schema.org\",\"@graph\":[{\"@type\":\"WebPage\",\"@id\":\"https:\\\/\\\/djabe.hu\\\/uzlet\\\/koszonjuk-sipi\\\/\",\"url\":\"https:\\\/\\\/djabe.hu\\\/uzlet\\\/koszonjuk-sipi\\\/\",\"name\":\"Djabe: K\u00f6sz\u00f6nj\u00fck, Sipi! CD - Djabe\",\"isPartOf\":{\"@id\":\"https:\\\/\\\/djabe.hu\\\/en\\\/#website\"},\"primaryImageOfPage\":{\"@id\":\"https:\\\/\\\/djabe.hu\\\/uzlet\\\/koszonjuk-sipi\\\/#primaryimage\"},\"image\":{\"@id\":\"https:\\\/\\\/djabe.hu\\\/uzlet\\\/koszonjuk-sipi\\\/#primaryimage\"},\"thumbnailUrl\":\"https:\\\/\\\/djabe.hu\\\/wp-content\\\/uploads\\\/2016\\\/09\\\/2007_Koszonjuk_Sipi_CD.png\",\"datePublished\":\"2016-11-17T15:35:22+00:00\",\"dateModified\":\"2026-04-09T07:52:54+00:00\",\"description\":\"{:en}\u201cThe Djabe is making a farewell CD for Sipi. The band is recording the material of the album in the studio in early October. We play every note for Andr\u00e1s. With the help of old tunes, never before played compositions, archived and unused recordings, Sipi will also be present in the studio and on some of the tracks...\\\"\u00a0{:}\",\"breadcrumb\":{\"@id\":\"https:\\\/\\\/djabe.hu\\\/uzlet\\\/koszonjuk-sipi\\\/#breadcrumb\"},\"inLanguage\":\"en-US\",\"potentialAction\":[{\"@type\":\"ReadAction\",\"target\":[\"https:\\\/\\\/djabe.hu\\\/uzlet\\\/koszonjuk-sipi\\\/\"]}]},{\"@type\":\"ImageObject\",\"inLanguage\":\"en-US\",\"@id\":\"https:\\\/\\\/djabe.hu\\\/uzlet\\\/koszonjuk-sipi\\\/#primaryimage\",\"url\":\"https:\\\/\\\/djabe.hu\\\/wp-content\\\/uploads\\\/2016\\\/09\\\/2007_Koszonjuk_Sipi_CD.png\",\"contentUrl\":\"https:\\\/\\\/djabe.hu\\\/wp-content\\\/uploads\\\/2016\\\/09\\\/2007_Koszonjuk_Sipi_CD.png\",\"width\":1429,\"height\":1429,\"caption\":\"Djabe: K\u00f6sz\u00f6nj\u00fck, Sipi! CD\"},{\"@type\":\"BreadcrumbList\",\"@id\":\"https:\\\/\\\/djabe.hu\\\/uzlet\\\/koszonjuk-sipi\\\/#breadcrumb\",\"itemListElement\":[{\"@type\":\"ListItem\",\"position\":1,\"name\":\"Home\",\"item\":\"https:\\\/\\\/djabe.hu\\\/en\\\/\"},{\"@type\":\"ListItem\",\"position\":2,\"name\":\"\u00c1ruh\u00e1z\",\"item\":\"https:\\\/\\\/djabe.hu\\\/uzlet\\\/\"},{\"@type\":\"ListItem\",\"position\":3,\"name\":\"Djabe: K\u00f6sz\u00f6nj\u00fck, Sipi! CD\"}]},{\"@type\":\"WebSite\",\"@id\":\"https:\\\/\\\/djabe.hu\\\/en\\\/#website\",\"url\":\"https:\\\/\\\/djabe.hu\\\/en\\\/\",\"name\":\"Djabe\",\"description\":\"Official site\",\"potentialAction\":[{\"@type\":\"SearchAction\",\"target\":{\"@type\":\"EntryPoint\",\"urlTemplate\":\"https:\\\/\\\/djabe.hu\\\/en\\\/?s={search_term_string}\"},\"query-input\":{\"@type\":\"PropertyValueSpecification\",\"valueRequired\":true,\"valueName\":\"search_term_string\"}}],\"inLanguage\":\"en-US\"}]}<\/script>\n<!-- \/ Yoast SEO plugin. -->","yoast_head_json":{"title":"Djabe: K\u00f6sz\u00f6nj\u00fck, Sipi! CD - Djabe","description":"\u201cThe Djabe is making a farewell CD for Sipi. The band is recording the material of the album in the studio in early October. We play every note for Andr\u00e1s. With the help of old tunes, never before played compositions, archived and unused recordings, Sipi will also be present in the studio and on some of the tracks...\"\u00a0","robots":{"index":"index","follow":"follow","max-snippet":"max-snippet:-1","max-image-preview":"max-image-preview:large","max-video-preview":"max-video-preview:-1"},"canonical":"https:\/\/djabe.hu\/uzlet\/koszonjuk-sipi\/","og_locale":"en_US","og_type":"article","og_title":"Djabe: K\u00f6sz\u00f6nj\u00fck, Sipi! CD","og_description":"{:en}\u201cThe Djabe is making a farewell CD for Sipi. The band is recording the material of the album in the studio in early October. We play every note for Andr\u00e1s. With the help of old tunes, never before played compositions, archived and unused recordings, Sipi will also be present in the studio and on some of the tracks...\"\u00a0{:}","og_url":"https:\/\/djabe.hu\/uzlet\/koszonjuk-sipi\/","og_site_name":"Djabe","article_modified_time":"2026-04-09T07:52:54+00:00","og_image":[{"width":1024,"height":1024,"url":"https:\/\/djabe.hu\/wp-content\/uploads\/2016\/09\/2007_Koszonjuk_Sipi_CD-1024x1024.png","type":"image\/png"}],"twitter_card":"summary_large_image","twitter_title":"Djabe: K\u00f6sz\u00f6nj\u00fck, Sipi! CD","twitter_image":"https:\/\/djabe.hu\/wp-content\/uploads\/2016\/09\/2007_Koszonjuk_Sipi_CD.png","schema":{"@context":"https:\/\/schema.org","@graph":[{"@type":"WebPage","@id":"https:\/\/djabe.hu\/uzlet\/koszonjuk-sipi\/","url":"https:\/\/djabe.hu\/uzlet\/koszonjuk-sipi\/","name":"Djabe: K\u00f6sz\u00f6nj\u00fck, Sipi! CD - Djabe","isPartOf":{"@id":"https:\/\/djabe.hu\/en\/#website"},"primaryImageOfPage":{"@id":"https:\/\/djabe.hu\/uzlet\/koszonjuk-sipi\/#primaryimage"},"image":{"@id":"https:\/\/djabe.hu\/uzlet\/koszonjuk-sipi\/#primaryimage"},"thumbnailUrl":"https:\/\/djabe.hu\/wp-content\/uploads\/2016\/09\/2007_Koszonjuk_Sipi_CD.png","datePublished":"2016-11-17T15:35:22+00:00","dateModified":"2026-04-09T07:52:54+00:00","description":"{:en}\u201cThe Djabe is making a farewell CD for Sipi. The band is recording the material of the album in the studio in early October. We play every note for Andr\u00e1s. With the help of old tunes, never before played compositions, archived and unused recordings, Sipi will also be present in the studio and on some of the tracks...\"\u00a0{:}","breadcrumb":{"@id":"https:\/\/djabe.hu\/uzlet\/koszonjuk-sipi\/#breadcrumb"},"inLanguage":"en-US","potentialAction":[{"@type":"ReadAction","target":["https:\/\/djabe.hu\/uzlet\/koszonjuk-sipi\/"]}]},{"@type":"ImageObject","inLanguage":"en-US","@id":"https:\/\/djabe.hu\/uzlet\/koszonjuk-sipi\/#primaryimage","url":"https:\/\/djabe.hu\/wp-content\/uploads\/2016\/09\/2007_Koszonjuk_Sipi_CD.png","contentUrl":"https:\/\/djabe.hu\/wp-content\/uploads\/2016\/09\/2007_Koszonjuk_Sipi_CD.png","width":1429,"height":1429,"caption":"Djabe: K\u00f6sz\u00f6nj\u00fck, Sipi! CD"},{"@type":"BreadcrumbList","@id":"https:\/\/djabe.hu\/uzlet\/koszonjuk-sipi\/#breadcrumb","itemListElement":[{"@type":"ListItem","position":1,"name":"Home","item":"https:\/\/djabe.hu\/en\/"},{"@type":"ListItem","position":2,"name":"\u00c1ruh\u00e1z","item":"https:\/\/djabe.hu\/uzlet\/"},{"@type":"ListItem","position":3,"name":"Djabe: K\u00f6sz\u00f6nj\u00fck, Sipi! CD"}]},{"@type":"WebSite","@id":"https:\/\/djabe.hu\/en\/#website","url":"https:\/\/djabe.hu\/en\/","name":"Djabe","description":"Official site","potentialAction":[{"@type":"SearchAction","target":{"@type":"EntryPoint","urlTemplate":"https:\/\/djabe.hu\/en\/?s={search_term_string}"},"query-input":{"@type":"PropertyValueSpecification","valueRequired":true,"valueName":"search_term_string"}}],"inLanguage":"en-US"}]}},"jetpack_sharing_enabled":true,"_links":{"self":[{"href":"https:\/\/djabe.hu\/en\/wp-json\/wp\/v2\/product\/1878","targetHints":{"allow":["GET"]}}],"collection":[{"href":"https:\/\/djabe.hu\/en\/wp-json\/wp\/v2\/product"}],"about":[{"href":"https:\/\/djabe.hu\/en\/wp-json\/wp\/v2\/types\/product"}],"wp:featuredmedia":[{"embeddable":true,"href":"https:\/\/djabe.hu\/en\/wp-json\/wp\/v2\/media\/824"}],"wp:attachment":[{"href":"https:\/\/djabe.hu\/en\/wp-json\/wp\/v2\/media?parent=1878"}],"wp:term":[{"taxonomy":"product_brand","embeddable":true,"href":"https:\/\/djabe.hu\/en\/wp-json\/wp\/v2\/product_brand?post=1878"},{"taxonomy":"product_cat","embeddable":true,"href":"https:\/\/djabe.hu\/en\/wp-json\/wp\/v2\/product_cat?post=1878"},{"taxonomy":"product_tag","embeddable":true,"href":"https:\/\/djabe.hu\/en\/wp-json\/wp\/v2\/product_tag?post=1878"}],"curies":[{"name":"wp","href":"https:\/\/api.w.org\/{rel}","templated":true}]}}