{"id":1877,"date":"2016-11-17T15:40:34","date_gmt":"2016-11-17T14:40:34","guid":{"rendered":"http:\/\/djabe.hu\/?post_type=product&#038;p=1877"},"modified":"2026-04-09T08:56:45","modified_gmt":"2026-04-09T07:56:45","slug":"godollo-2014-es-kiadas","status":"publish","type":"product","link":"https:\/\/djabe.hu\/en\/uzlet\/godollo-2014-es-kiadas\/","title":{"rendered":"Djabe &#8211; G\u00f6d\u00f6ll\u0151 23 June 2001 (2014 Edition) CD"},"content":{"rendered":"<div id=\"mp3jWrap_0\" class=\"mjp-s-wrapper s-graphic unsel-mjp \" style=\"font-size:18px;\"><span id=\"playpause_wrap_mp3j_0\" class=\"wrap_inline_mp3j\" style=\"font-weight:700;\"><span class=\"gfxbutton_mp3j play-mjp\" id=\"playpause_mp3j_0\" style=\"font-size:18px;\">&nbsp;&nbsp;&nbsp;&nbsp;&nbsp;<\/span>&nbsp;<span class=\"group_wrap\"><span class=\"bars_mp3j\"><span class=\"loadB_mp3j\" id=\"load_mp3j_0\"><\/span><span class=\"posbarB_mp3j\" id=\"posbar_mp3j_0\"><\/span><\/span><span class=\"T_mp3j\" id=\"T_mp3j_0\" style=\"font-size:18px;\">G\u00f6d\u00f6ll\u0151-2014-Edition-My-way<\/span><span class=\"indi_mp3j\" style=\"font-size:12.6px;\" id=\"statusMI_0\"><\/span><\/span><\/span><\/div><span class=\"s-nosolution\" id=\"mp3j_nosolution_0\" style=\"display:none;\"><\/span><script>\nMP3jPLAYLISTS.inline_0 = [\n\t{ name: \"G\u00f6d\u00f6ll\u0151-2014-Edition-My-way\", formats: [\"mp3\"], mp3: \"aHR0cDovL2RqYWJlLmh1L3dwLWNvbnRlbnQvdXBsb2Fkcy8yMDE2LzA5L0fDtmTDtmxsxZEtMjAxNC1FZGl0aW9uLU15LXdheS5tcDM=\", counterpart:\"\", artist: \"\", image: \"\", imgurl: \"\" }\n];\n<\/script>\n\n<script>MP3jPLAYERS[0] = { list: MP3jPLAYLISTS.inline_0, tr:0, type:'single', lstate:'', loop:false, play_txt:'&nbsp;&nbsp;&nbsp;&nbsp;&nbsp;', pause_txt:'&nbsp;&nbsp;&nbsp;&nbsp;&nbsp;', pp_title:'', autoplay:false, download:false, vol:70, height:'' };<\/script>\n<div id=\"mp3jWrap_1\" class=\"mjp-s-wrapper s-graphic unsel-mjp \" style=\"font-size:18px;\"><span id=\"playpause_wrap_mp3j_1\" class=\"wrap_inline_mp3j\" style=\"font-weight:700;\"><span class=\"gfxbutton_mp3j play-mjp\" id=\"playpause_mp3j_1\" style=\"font-size:18px;\">&nbsp;&nbsp;&nbsp;&nbsp;&nbsp;<\/span>&nbsp;<span class=\"group_wrap\"><span class=\"bars_mp3j\"><span class=\"loadB_mp3j\" id=\"load_mp3j_1\"><\/span><span class=\"posbarB_mp3j\" id=\"posbar_mp3j_1\"><\/span><\/span><span class=\"T_mp3j\" id=\"T_mp3j_1\" style=\"font-size:18px;\">G\u00f6d\u00f6ll\u0151-2014-Edition-Desire<\/span><span class=\"indi_mp3j\" style=\"font-size:12.6px;\" id=\"statusMI_1\"><\/span><\/span><\/span><\/div><span class=\"s-nosolution\" id=\"mp3j_nosolution_1\" style=\"display:none;\"><\/span><script>\nMP3jPLAYLISTS.inline_1 = [\n\t{ name: \"G\u00f6d\u00f6ll\u0151-2014-Edition-Desire\", formats: [\"mp3\"], mp3: \"aHR0cDovL2RqYWJlLmh1L3dwLWNvbnRlbnQvdXBsb2Fkcy8yMDE2LzA5L0fDtmTDtmxsxZEtMjAxNC1FZGl0aW9uLURlc2lyZS5tcDM=\", counterpart:\"\", artist: \"\", image: \"\", imgurl: \"\" }\n];\n<\/script>\n\n<script>MP3jPLAYERS[1] = { list: MP3jPLAYLISTS.inline_1, tr:0, type:'single', lstate:'', loop:false, play_txt:'&nbsp;&nbsp;&nbsp;&nbsp;&nbsp;', pause_txt:'&nbsp;&nbsp;&nbsp;&nbsp;&nbsp;', pp_title:'', autoplay:false, download:false, vol:70, height:'' };<\/script>\n<p><iframe loading=\"lazy\" title=\"First Step (Live)\" width=\"900\" height=\"675\" src=\"https:\/\/www.youtube.com\/embed\/BQoDnQNPyQA?feature=oembed\" frameborder=\"0\" allow=\"accelerometer; autoplay; clipboard-write; encrypted-media; gyroscope; picture-in-picture\" allowfullscreen><\/iframe><\/p>\n","protected":false},"excerpt":{"rendered":"<p><span style=\"color: #ffffff;\">Here is Djabe\u2019s updated new release of the extended and re-mastered CD of their legendary tour \u201cUpdate\u201d, which was originally released in 2004. The renewed band\u2019s album entitled \u201cUpdate\u201d was released at the beginning of June in 2001. With the world famous Ben Castle on woodwinds. <a href=\"http:\/\/djabe.hu\/en\/js_albums\/godollo-2014-edition\/\"><span style=\"color: #6094c1;\">&gt;&gt;<\/span><\/a><\/span><\/p>\n","protected":false},"featured_media":839,"template":"","meta":[],"product_brand":[],"product_cat":[38],"product_tag":[],"class_list":{"0":"post-1877","1":"product","2":"type-product","3":"status-publish","4":"has-post-thumbnail","6":"product_cat-cd","7":"repupress_customize_woocommerce_productom_class","9":"first","10":"instock","11":"shipping-taxable","12":"purchasable","13":"product-type-simple"},"yoast_head":"<!-- This site is optimized with the Yoast SEO plugin v27.2 - https:\/\/yoast.com\/product\/yoast-seo-wordpress\/ -->\n<title>Djabe - G\u00f6d\u00f6ll\u0151 23 June 2001 (2014 Edition) CD - Djabe<\/title>\n<meta name=\"description\" content=\"Here is Djabe\u2019s updated new release of the extended and re-mastered CD of their legendary tour \u201cUpdate\u201d, which was originally released in 2004. The renewed band\u2019s album entitled \u201cUpdate\u201d was released at the beginning of June in 2001. With the world famous Ben Castle on woodwinds.\" \/>\n<meta name=\"robots\" content=\"index, follow, max-snippet:-1, max-image-preview:large, max-video-preview:-1\" \/>\n<link rel=\"canonical\" href=\"https:\/\/djabe.hu\/uzlet\/godollo-2014-es-kiadas\/\" \/>\n<meta property=\"og:locale\" content=\"en_US\" \/>\n<meta property=\"og:type\" content=\"article\" \/>\n<meta property=\"og:title\" content=\"Djabe - G\u00f6d\u00f6ll\u0151 23 June 2001 (2014 Edition) CD\" \/>\n<meta property=\"og:description\" content=\"{:en}Here is Djabe\u2019s updated new release of the extended and re-mastered CD of their legendary tour \u201cUpdate\u201d, which was originally released in 2004. The renewed band\u2019s album entitled \u201cUpdate\u201d was released at the beginning of June in 2001. With the world famous Ben Castle on woodwinds.{:}\" \/>\n<meta property=\"og:url\" content=\"https:\/\/djabe.hu\/uzlet\/godollo-2014-es-kiadas\/\" \/>\n<meta property=\"og:site_name\" content=\"Djabe\" \/>\n<meta property=\"article:modified_time\" content=\"2026-04-09T07:56:45+00:00\" \/>\n<meta property=\"og:image\" content=\"https:\/\/djabe.hu\/wp-content\/uploads\/2016\/09\/2014_Godollo_CD-1024x1014.png\" \/>\n\t<meta property=\"og:image:width\" content=\"1024\" \/>\n\t<meta property=\"og:image:height\" content=\"1014\" \/>\n\t<meta property=\"og:image:type\" content=\"image\/png\" \/>\n<meta name=\"twitter:card\" content=\"summary_large_image\" \/>\n<meta name=\"twitter:title\" content=\"Djabe - G\u00f6d\u00f6ll\u0151 23 June 2001 (2014 Edition) CD\" \/>\n<meta name=\"twitter:image\" content=\"https:\/\/djabe.hu\/wp-content\/uploads\/2016\/09\/2014_Godollo_CD.png\" \/>\n<script type=\"application\/ld+json\" class=\"yoast-schema-graph\">{\"@context\":\"https:\/\/schema.org\",\"@graph\":[{\"@type\":\"WebPage\",\"@id\":\"https:\/\/djabe.hu\/uzlet\/godollo-2014-es-kiadas\/\",\"url\":\"https:\/\/djabe.hu\/uzlet\/godollo-2014-es-kiadas\/\",\"name\":\"Djabe - G\u00f6d\u00f6ll\u0151 23 June 2001 (2014 Edition) CD - Djabe\",\"isPartOf\":{\"@id\":\"https:\/\/djabe.hu\/en\/#website\"},\"primaryImageOfPage\":{\"@id\":\"https:\/\/djabe.hu\/uzlet\/godollo-2014-es-kiadas\/#primaryimage\"},\"image\":{\"@id\":\"https:\/\/djabe.hu\/uzlet\/godollo-2014-es-kiadas\/#primaryimage\"},\"thumbnailUrl\":\"https:\/\/djabe.hu\/wp-content\/uploads\/2016\/09\/2014_Godollo_CD.png\",\"datePublished\":\"2016-11-17T14:40:34+00:00\",\"dateModified\":\"2026-04-09T07:56:45+00:00\",\"description\":\"{:en}Here is Djabe\u2019s updated new release of the extended and re-mastered CD of their legendary tour \u201cUpdate\u201d, which was originally released in 2004. The renewed band\u2019s album entitled \u201cUpdate\u201d was released at the beginning of June in 2001. With the world famous Ben Castle on woodwinds.{:}\",\"breadcrumb\":{\"@id\":\"https:\/\/djabe.hu\/uzlet\/godollo-2014-es-kiadas\/#breadcrumb\"},\"inLanguage\":\"en-US\",\"potentialAction\":[{\"@type\":\"ReadAction\",\"target\":[\"https:\/\/djabe.hu\/uzlet\/godollo-2014-es-kiadas\/\"]}]},{\"@type\":\"ImageObject\",\"inLanguage\":\"en-US\",\"@id\":\"https:\/\/djabe.hu\/uzlet\/godollo-2014-es-kiadas\/#primaryimage\",\"url\":\"https:\/\/djabe.hu\/wp-content\/uploads\/2016\/09\/2014_Godollo_CD.png\",\"contentUrl\":\"https:\/\/djabe.hu\/wp-content\/uploads\/2016\/09\/2014_Godollo_CD.png\",\"width\":1425,\"height\":1411,\"caption\":\"Djabe - G\u00f6d\u00f6ll\u0151 23 June 2001 (2014 Edition) CD\"},{\"@type\":\"BreadcrumbList\",\"@id\":\"https:\/\/djabe.hu\/uzlet\/godollo-2014-es-kiadas\/#breadcrumb\",\"itemListElement\":[{\"@type\":\"ListItem\",\"position\":1,\"name\":\"Home\",\"item\":\"https:\/\/djabe.hu\/en\/\"},{\"@type\":\"ListItem\",\"position\":2,\"name\":\"\u00c1ruh\u00e1z\",\"item\":\"https:\/\/djabe.hu\/uzlet\/\"},{\"@type\":\"ListItem\",\"position\":3,\"name\":\"[:hu]Djabe &#8211; G\u00f6d\u00f6ll\u0151 2001. j\u00fanius 23. (2014-es kiad\u00e1s) CD[:en]Djabe &#8211; G\u00f6d\u00f6ll\u0151 23 June 2001 (2014 Edition) CD[:]\"}]},{\"@type\":\"WebSite\",\"@id\":\"https:\/\/djabe.hu\/en\/#website\",\"url\":\"https:\/\/djabe.hu\/en\/\",\"name\":\"Djabe\",\"description\":\"Official site\",\"potentialAction\":[{\"@type\":\"SearchAction\",\"target\":{\"@type\":\"EntryPoint\",\"urlTemplate\":\"https:\/\/djabe.hu\/en\/?s={search_term_string}\"},\"query-input\":{\"@type\":\"PropertyValueSpecification\",\"valueRequired\":true,\"valueName\":\"search_term_string\"}}],\"inLanguage\":\"en-US\"}]}<\/script>\n<!-- \/ Yoast SEO plugin. -->","yoast_head_json":{"title":"Djabe - G\u00f6d\u00f6ll\u0151 23 June 2001 (2014 Edition) CD - Djabe","description":"Here is Djabe\u2019s updated new release of the extended and re-mastered CD of their legendary tour \u201cUpdate\u201d, which was originally released in 2004. The renewed band\u2019s album entitled \u201cUpdate\u201d was released at the beginning of June in 2001. With the world famous Ben Castle on woodwinds.","robots":{"index":"index","follow":"follow","max-snippet":"max-snippet:-1","max-image-preview":"max-image-preview:large","max-video-preview":"max-video-preview:-1"},"canonical":"https:\/\/djabe.hu\/uzlet\/godollo-2014-es-kiadas\/","og_locale":"en_US","og_type":"article","og_title":"Djabe - G\u00f6d\u00f6ll\u0151 23 June 2001 (2014 Edition) CD","og_description":"{:en}Here is Djabe\u2019s updated new release of the extended and re-mastered CD of their legendary tour \u201cUpdate\u201d, which was originally released in 2004. The renewed band\u2019s album entitled \u201cUpdate\u201d was released at the beginning of June in 2001. With the world famous Ben Castle on woodwinds.{:}","og_url":"https:\/\/djabe.hu\/uzlet\/godollo-2014-es-kiadas\/","og_site_name":"Djabe","article_modified_time":"2026-04-09T07:56:45+00:00","og_image":[{"width":1024,"height":1014,"url":"https:\/\/djabe.hu\/wp-content\/uploads\/2016\/09\/2014_Godollo_CD-1024x1014.png","type":"image\/png"}],"twitter_card":"summary_large_image","twitter_title":"Djabe - G\u00f6d\u00f6ll\u0151 23 June 2001 (2014 Edition) CD","twitter_image":"https:\/\/djabe.hu\/wp-content\/uploads\/2016\/09\/2014_Godollo_CD.png","schema":{"@context":"https:\/\/schema.org","@graph":[{"@type":"WebPage","@id":"https:\/\/djabe.hu\/uzlet\/godollo-2014-es-kiadas\/","url":"https:\/\/djabe.hu\/uzlet\/godollo-2014-es-kiadas\/","name":"Djabe - G\u00f6d\u00f6ll\u0151 23 June 2001 (2014 Edition) CD - Djabe","isPartOf":{"@id":"https:\/\/djabe.hu\/en\/#website"},"primaryImageOfPage":{"@id":"https:\/\/djabe.hu\/uzlet\/godollo-2014-es-kiadas\/#primaryimage"},"image":{"@id":"https:\/\/djabe.hu\/uzlet\/godollo-2014-es-kiadas\/#primaryimage"},"thumbnailUrl":"https:\/\/djabe.hu\/wp-content\/uploads\/2016\/09\/2014_Godollo_CD.png","datePublished":"2016-11-17T14:40:34+00:00","dateModified":"2026-04-09T07:56:45+00:00","description":"{:en}Here is Djabe\u2019s updated new release of the extended and re-mastered CD of their legendary tour \u201cUpdate\u201d, which was originally released in 2004. The renewed band\u2019s album entitled \u201cUpdate\u201d was released at the beginning of June in 2001. With the world famous Ben Castle on woodwinds.{:}","breadcrumb":{"@id":"https:\/\/djabe.hu\/uzlet\/godollo-2014-es-kiadas\/#breadcrumb"},"inLanguage":"en-US","potentialAction":[{"@type":"ReadAction","target":["https:\/\/djabe.hu\/uzlet\/godollo-2014-es-kiadas\/"]}]},{"@type":"ImageObject","inLanguage":"en-US","@id":"https:\/\/djabe.hu\/uzlet\/godollo-2014-es-kiadas\/#primaryimage","url":"https:\/\/djabe.hu\/wp-content\/uploads\/2016\/09\/2014_Godollo_CD.png","contentUrl":"https:\/\/djabe.hu\/wp-content\/uploads\/2016\/09\/2014_Godollo_CD.png","width":1425,"height":1411,"caption":"Djabe - G\u00f6d\u00f6ll\u0151 23 June 2001 (2014 Edition) CD"},{"@type":"BreadcrumbList","@id":"https:\/\/djabe.hu\/uzlet\/godollo-2014-es-kiadas\/#breadcrumb","itemListElement":[{"@type":"ListItem","position":1,"name":"Home","item":"https:\/\/djabe.hu\/en\/"},{"@type":"ListItem","position":2,"name":"\u00c1ruh\u00e1z","item":"https:\/\/djabe.hu\/uzlet\/"},{"@type":"ListItem","position":3,"name":"[:hu]Djabe &#8211; G\u00f6d\u00f6ll\u0151 2001. j\u00fanius 23. (2014-es kiad\u00e1s) CD[:en]Djabe &#8211; G\u00f6d\u00f6ll\u0151 23 June 2001 (2014 Edition) CD[:]"}]},{"@type":"WebSite","@id":"https:\/\/djabe.hu\/en\/#website","url":"https:\/\/djabe.hu\/en\/","name":"Djabe","description":"Official site","potentialAction":[{"@type":"SearchAction","target":{"@type":"EntryPoint","urlTemplate":"https:\/\/djabe.hu\/en\/?s={search_term_string}"},"query-input":{"@type":"PropertyValueSpecification","valueRequired":true,"valueName":"search_term_string"}}],"inLanguage":"en-US"}]}},"jetpack_sharing_enabled":true,"_links":{"self":[{"href":"https:\/\/djabe.hu\/en\/wp-json\/wp\/v2\/product\/1877","targetHints":{"allow":["GET"]}}],"collection":[{"href":"https:\/\/djabe.hu\/en\/wp-json\/wp\/v2\/product"}],"about":[{"href":"https:\/\/djabe.hu\/en\/wp-json\/wp\/v2\/types\/product"}],"wp:featuredmedia":[{"embeddable":true,"href":"https:\/\/djabe.hu\/en\/wp-json\/wp\/v2\/media\/839"}],"wp:attachment":[{"href":"https:\/\/djabe.hu\/en\/wp-json\/wp\/v2\/media?parent=1877"}],"wp:term":[{"taxonomy":"product_brand","embeddable":true,"href":"https:\/\/djabe.hu\/en\/wp-json\/wp\/v2\/product_brand?post=1877"},{"taxonomy":"product_cat","embeddable":true,"href":"https:\/\/djabe.hu\/en\/wp-json\/wp\/v2\/product_cat?post=1877"},{"taxonomy":"product_tag","embeddable":true,"href":"https:\/\/djabe.hu\/en\/wp-json\/wp\/v2\/product_tag?post=1877"}],"curies":[{"name":"wp","href":"https:\/\/api.w.org\/{rel}","templated":true}]}}