{"id":1868,"date":"2016-11-17T13:19:22","date_gmt":"2016-11-17T12:19:22","guid":{"rendered":"http:\/\/djabe.hu\/?post_type=product&#038;p=1868"},"modified":"2026-04-09T09:02:52","modified_gmt":"2026-04-09T08:02:52","slug":"djabe-15-2dvd","status":"publish","type":"product","link":"https:\/\/djabe.hu\/en\/uzlet\/djabe-15-2dvd\/","title":{"rendered":"Djabe 15 2DVD"},"content":{"rendered":"<p><iframe loading=\"lazy\" title=\"DJABE 15 Long Trailer 2010\" width=\"900\" height=\"506\" src=\"https:\/\/www.youtube.com\/embed\/A1kRIzH0DT0?feature=oembed\" frameborder=\"0\" allow=\"accelerometer; autoplay; clipboard-write; encrypted-media; gyroscope; picture-in-picture; web-share\" referrerpolicy=\"strict-origin-when-cross-origin\" allowfullscreen><\/iframe><\/p>\n","protected":false},"excerpt":{"rendered":"<p><span style=\"color: #ffffff;\">Djabe celebrated its 15-year anniversary in 2010. The occasion was celebrated by a concert organized for the band by the Palace of Arts. Djabe wanted to provide a thorough presentation of the first 15 years, therefore the most significant former members and featured musicians were invited to participate at the concert. Steve Hackett, Ben Castle, Malik Mansurov, Ferenc Muck, Said Tichiti, Mih\u00e1ly Dresch, Viktor T\u00f3th, \u00c1ron Ko\u00f3s- Hut\u00e1s were involved. They played together with Sipi with help of a video system.<br \/>\n<\/span><\/p>\n<p>The DVD provide fantastic surround and stereo soundtracks. <span style=\"color: #ffffff;\"><a href=\"http:\/\/djabe.hu\/en\/js_albums\/djabe-15\/\"><span style=\"color: #6094c1;\">&gt;&gt;<\/span><\/a><\/span><\/p>\n","protected":false},"featured_media":7734,"template":"","meta":[],"product_brand":[],"product_cat":[41],"product_tag":[],"class_list":{"0":"post-1868","1":"product","2":"type-product","3":"status-publish","4":"has-post-thumbnail","6":"product_cat-dvd","7":"repupress_customize_woocommerce_productom_class","9":"first","10":"instock","11":"shipping-taxable","12":"purchasable","13":"product-type-simple"},"yoast_head":"<!-- This site is optimized with the Yoast SEO plugin v27.2 - https:\/\/yoast.com\/product\/yoast-seo-wordpress\/ -->\n<title>Djabe 15 2DVD - Djabe<\/title>\n<meta name=\"description\" content=\"Djabe celebrated its 15-year anniversary in 2010. The occasion was celebrated by a concert organized for the band by the Palace of Arts. Djabe wanted to provide a thorough presentation of the first 15 years, therefore the most significant former members and featured musicians were invited to participate at the concert. Steve Hackett, Ben Castle, Malik Mansurov, Ferenc Muck, Said Tichiti, Mih\u00e1ly Dresch, Viktor T\u00f3th, \u00c1ron Ko\u00f3s- Hut\u00e1s were involved. They played together with Sipi with help of a video system.The DVD provide fantastic surround and stereo soundtracks.\" \/>\n<meta name=\"robots\" content=\"index, follow, max-snippet:-1, max-image-preview:large, max-video-preview:-1\" \/>\n<link rel=\"canonical\" href=\"https:\/\/djabe.hu\/uzlet\/djabe-15-2dvd\/\" \/>\n<meta property=\"og:locale\" content=\"en_US\" \/>\n<meta property=\"og:type\" content=\"article\" \/>\n<meta property=\"og:title\" content=\"Djabe 15 2DVD\" \/>\n<meta property=\"og:description\" content=\"{:en}Djabe celebrated its 15-year anniversary in 2010. The occasion was celebrated by a concert organized for the band by the Palace of Arts. Djabe wanted to provide a thorough presentation of the first 15 years, therefore the most significant former members and featured musicians were invited to participate at the concert. Steve Hackett, Ben Castle, Malik Mansurov, Ferenc Muck, Said Tichiti, Mih\u00e1ly Dresch, Viktor T\u00f3th, \u00c1ron Ko\u00f3s- Hut\u00e1s were involved. They played together with Sipi with help of a video system.The DVD provide fantastic surround and stereo soundtracks.{:}\" \/>\n<meta property=\"og:url\" content=\"https:\/\/djabe.hu\/uzlet\/djabe-15-2dvd\/\" \/>\n<meta property=\"og:site_name\" content=\"Djabe\" \/>\n<meta property=\"article:modified_time\" content=\"2026-04-09T08:02:52+00:00\" \/>\n<meta property=\"og:image\" content=\"https:\/\/djabe.hu\/wp-content\/uploads\/2016\/11\/2011_Djabe_15_2DVD_SHOP-1024x1024.png\" \/>\n\t<meta property=\"og:image:width\" content=\"1024\" \/>\n\t<meta property=\"og:image:height\" content=\"1024\" \/>\n\t<meta property=\"og:image:type\" content=\"image\/png\" \/>\n<meta name=\"twitter:card\" content=\"summary_large_image\" \/>\n<meta name=\"twitter:title\" content=\"Djabe 15 2DVD\" \/>\n<meta name=\"twitter:image\" content=\"https:\/\/djabe.hu\/wp-content\/uploads\/2016\/11\/2011_Djabe_15_2DVD_SHOP.png\" \/>\n<meta name=\"twitter:label1\" content=\"Est. reading time\" \/>\n\t<meta name=\"twitter:data1\" content=\"1 minute\" \/>\n<script type=\"application\/ld+json\" class=\"yoast-schema-graph\">{\"@context\":\"https:\/\/schema.org\",\"@graph\":[{\"@type\":\"WebPage\",\"@id\":\"https:\/\/djabe.hu\/uzlet\/djabe-15-2dvd\/\",\"url\":\"https:\/\/djabe.hu\/uzlet\/djabe-15-2dvd\/\",\"name\":\"Djabe 15 2DVD - Djabe\",\"isPartOf\":{\"@id\":\"https:\/\/djabe.hu\/en\/#website\"},\"primaryImageOfPage\":{\"@id\":\"https:\/\/djabe.hu\/uzlet\/djabe-15-2dvd\/#primaryimage\"},\"image\":{\"@id\":\"https:\/\/djabe.hu\/uzlet\/djabe-15-2dvd\/#primaryimage\"},\"thumbnailUrl\":\"https:\/\/djabe.hu\/wp-content\/uploads\/2016\/11\/2011_Djabe_15_2DVD_SHOP.png\",\"datePublished\":\"2016-11-17T12:19:22+00:00\",\"dateModified\":\"2026-04-09T08:02:52+00:00\",\"description\":\"{:en}Djabe celebrated its 15-year anniversary in 2010. The occasion was celebrated by a concert organized for the band by the Palace of Arts. Djabe wanted to provide a thorough presentation of the first 15 years, therefore the most significant former members and featured musicians were invited to participate at the concert. Steve Hackett, Ben Castle, Malik Mansurov, Ferenc Muck, Said Tichiti, Mih\u00e1ly Dresch, Viktor T\u00f3th, \u00c1ron Ko\u00f3s- Hut\u00e1s were involved. They played together with Sipi with help of a video system.The DVD provide fantastic surround and stereo soundtracks.{:}\",\"breadcrumb\":{\"@id\":\"https:\/\/djabe.hu\/uzlet\/djabe-15-2dvd\/#breadcrumb\"},\"inLanguage\":\"en-US\",\"potentialAction\":[{\"@type\":\"ReadAction\",\"target\":[\"https:\/\/djabe.hu\/uzlet\/djabe-15-2dvd\/\"]}]},{\"@type\":\"ImageObject\",\"inLanguage\":\"en-US\",\"@id\":\"https:\/\/djabe.hu\/uzlet\/djabe-15-2dvd\/#primaryimage\",\"url\":\"https:\/\/djabe.hu\/wp-content\/uploads\/2016\/11\/2011_Djabe_15_2DVD_SHOP.png\",\"contentUrl\":\"https:\/\/djabe.hu\/wp-content\/uploads\/2016\/11\/2011_Djabe_15_2DVD_SHOP.png\",\"width\":1500,\"height\":1500,\"caption\":\"Djabe 15 2DVD\"},{\"@type\":\"BreadcrumbList\",\"@id\":\"https:\/\/djabe.hu\/uzlet\/djabe-15-2dvd\/#breadcrumb\",\"itemListElement\":[{\"@type\":\"ListItem\",\"position\":1,\"name\":\"Home\",\"item\":\"https:\/\/djabe.hu\/en\/\"},{\"@type\":\"ListItem\",\"position\":2,\"name\":\"\u00c1ruh\u00e1z\",\"item\":\"https:\/\/djabe.hu\/uzlet\/\"},{\"@type\":\"ListItem\",\"position\":3,\"name\":\"Djabe 15 2DVD\"}]},{\"@type\":\"WebSite\",\"@id\":\"https:\/\/djabe.hu\/en\/#website\",\"url\":\"https:\/\/djabe.hu\/en\/\",\"name\":\"Djabe\",\"description\":\"Official site\",\"potentialAction\":[{\"@type\":\"SearchAction\",\"target\":{\"@type\":\"EntryPoint\",\"urlTemplate\":\"https:\/\/djabe.hu\/en\/?s={search_term_string}\"},\"query-input\":{\"@type\":\"PropertyValueSpecification\",\"valueRequired\":true,\"valueName\":\"search_term_string\"}}],\"inLanguage\":\"en-US\"}]}<\/script>\n<!-- \/ Yoast SEO plugin. -->","yoast_head_json":{"title":"Djabe 15 2DVD - Djabe","description":"Djabe celebrated its 15-year anniversary in 2010. The occasion was celebrated by a concert organized for the band by the Palace of Arts. Djabe wanted to provide a thorough presentation of the first 15 years, therefore the most significant former members and featured musicians were invited to participate at the concert. Steve Hackett, Ben Castle, Malik Mansurov, Ferenc Muck, Said Tichiti, Mih\u00e1ly Dresch, Viktor T\u00f3th, \u00c1ron Ko\u00f3s- Hut\u00e1s were involved. They played together with Sipi with help of a video system.The DVD provide fantastic surround and stereo soundtracks.","robots":{"index":"index","follow":"follow","max-snippet":"max-snippet:-1","max-image-preview":"max-image-preview:large","max-video-preview":"max-video-preview:-1"},"canonical":"https:\/\/djabe.hu\/uzlet\/djabe-15-2dvd\/","og_locale":"en_US","og_type":"article","og_title":"Djabe 15 2DVD","og_description":"{:en}Djabe celebrated its 15-year anniversary in 2010. The occasion was celebrated by a concert organized for the band by the Palace of Arts. Djabe wanted to provide a thorough presentation of the first 15 years, therefore the most significant former members and featured musicians were invited to participate at the concert. Steve Hackett, Ben Castle, Malik Mansurov, Ferenc Muck, Said Tichiti, Mih\u00e1ly Dresch, Viktor T\u00f3th, \u00c1ron Ko\u00f3s- Hut\u00e1s were involved. They played together with Sipi with help of a video system.The DVD provide fantastic surround and stereo soundtracks.{:}","og_url":"https:\/\/djabe.hu\/uzlet\/djabe-15-2dvd\/","og_site_name":"Djabe","article_modified_time":"2026-04-09T08:02:52+00:00","og_image":[{"width":1024,"height":1024,"url":"https:\/\/djabe.hu\/wp-content\/uploads\/2016\/11\/2011_Djabe_15_2DVD_SHOP-1024x1024.png","type":"image\/png"}],"twitter_card":"summary_large_image","twitter_title":"Djabe 15 2DVD","twitter_image":"https:\/\/djabe.hu\/wp-content\/uploads\/2016\/11\/2011_Djabe_15_2DVD_SHOP.png","twitter_misc":{"Est. reading time":"1 minute"},"schema":{"@context":"https:\/\/schema.org","@graph":[{"@type":"WebPage","@id":"https:\/\/djabe.hu\/uzlet\/djabe-15-2dvd\/","url":"https:\/\/djabe.hu\/uzlet\/djabe-15-2dvd\/","name":"Djabe 15 2DVD - Djabe","isPartOf":{"@id":"https:\/\/djabe.hu\/en\/#website"},"primaryImageOfPage":{"@id":"https:\/\/djabe.hu\/uzlet\/djabe-15-2dvd\/#primaryimage"},"image":{"@id":"https:\/\/djabe.hu\/uzlet\/djabe-15-2dvd\/#primaryimage"},"thumbnailUrl":"https:\/\/djabe.hu\/wp-content\/uploads\/2016\/11\/2011_Djabe_15_2DVD_SHOP.png","datePublished":"2016-11-17T12:19:22+00:00","dateModified":"2026-04-09T08:02:52+00:00","description":"{:en}Djabe celebrated its 15-year anniversary in 2010. The occasion was celebrated by a concert organized for the band by the Palace of Arts. Djabe wanted to provide a thorough presentation of the first 15 years, therefore the most significant former members and featured musicians were invited to participate at the concert. Steve Hackett, Ben Castle, Malik Mansurov, Ferenc Muck, Said Tichiti, Mih\u00e1ly Dresch, Viktor T\u00f3th, \u00c1ron Ko\u00f3s- Hut\u00e1s were involved. They played together with Sipi with help of a video system.The DVD provide fantastic surround and stereo soundtracks.{:}","breadcrumb":{"@id":"https:\/\/djabe.hu\/uzlet\/djabe-15-2dvd\/#breadcrumb"},"inLanguage":"en-US","potentialAction":[{"@type":"ReadAction","target":["https:\/\/djabe.hu\/uzlet\/djabe-15-2dvd\/"]}]},{"@type":"ImageObject","inLanguage":"en-US","@id":"https:\/\/djabe.hu\/uzlet\/djabe-15-2dvd\/#primaryimage","url":"https:\/\/djabe.hu\/wp-content\/uploads\/2016\/11\/2011_Djabe_15_2DVD_SHOP.png","contentUrl":"https:\/\/djabe.hu\/wp-content\/uploads\/2016\/11\/2011_Djabe_15_2DVD_SHOP.png","width":1500,"height":1500,"caption":"Djabe 15 2DVD"},{"@type":"BreadcrumbList","@id":"https:\/\/djabe.hu\/uzlet\/djabe-15-2dvd\/#breadcrumb","itemListElement":[{"@type":"ListItem","position":1,"name":"Home","item":"https:\/\/djabe.hu\/en\/"},{"@type":"ListItem","position":2,"name":"\u00c1ruh\u00e1z","item":"https:\/\/djabe.hu\/uzlet\/"},{"@type":"ListItem","position":3,"name":"Djabe 15 2DVD"}]},{"@type":"WebSite","@id":"https:\/\/djabe.hu\/en\/#website","url":"https:\/\/djabe.hu\/en\/","name":"Djabe","description":"Official site","potentialAction":[{"@type":"SearchAction","target":{"@type":"EntryPoint","urlTemplate":"https:\/\/djabe.hu\/en\/?s={search_term_string}"},"query-input":{"@type":"PropertyValueSpecification","valueRequired":true,"valueName":"search_term_string"}}],"inLanguage":"en-US"}]}},"jetpack_sharing_enabled":true,"_links":{"self":[{"href":"https:\/\/djabe.hu\/en\/wp-json\/wp\/v2\/product\/1868","targetHints":{"allow":["GET"]}}],"collection":[{"href":"https:\/\/djabe.hu\/en\/wp-json\/wp\/v2\/product"}],"about":[{"href":"https:\/\/djabe.hu\/en\/wp-json\/wp\/v2\/types\/product"}],"wp:featuredmedia":[{"embeddable":true,"href":"https:\/\/djabe.hu\/en\/wp-json\/wp\/v2\/media\/7734"}],"wp:attachment":[{"href":"https:\/\/djabe.hu\/en\/wp-json\/wp\/v2\/media?parent=1868"}],"wp:term":[{"taxonomy":"product_brand","embeddable":true,"href":"https:\/\/djabe.hu\/en\/wp-json\/wp\/v2\/product_brand?post=1868"},{"taxonomy":"product_cat","embeddable":true,"href":"https:\/\/djabe.hu\/en\/wp-json\/wp\/v2\/product_cat?post=1868"},{"taxonomy":"product_tag","embeddable":true,"href":"https:\/\/djabe.hu\/en\/wp-json\/wp\/v2\/product_tag?post=1868"}],"curies":[{"name":"wp","href":"https:\/\/api.w.org\/{rel}","templated":true}]}}