{"id":1867,"date":"2016-11-17T13:05:58","date_gmt":"2016-11-17T12:05:58","guid":{"rendered":"http:\/\/djabe.hu\/?post_type=product&#038;p=1867"},"modified":"2024-10-09T14:55:52","modified_gmt":"2024-10-09T13:55:52","slug":"ly-o-lay-ale-loya-dvd","status":"publish","type":"product","link":"https:\/\/djabe.hu\/en\/uzlet\/ly-o-lay-ale-loya-dvd\/","title":{"rendered":"Djabe: Ly-O-Lay Ale Loya DVD-Audio"},"content":{"rendered":"<p>https:\/\/www.youtube.com\/watch?v=uvwr9EUVE1c<\/p>\n<div id=\"mp3jWrap_6\" class=\"mjp-s-wrapper s-graphic unsel-mjp \" style=\"font-size:18px;\"><span id=\"playpause_wrap_mp3j_6\" class=\"wrap_inline_mp3j\" style=\"font-weight:700;\"><span class=\"gfxbutton_mp3j play-mjp\" id=\"playpause_mp3j_6\" style=\"font-size:18px;\">&nbsp;&nbsp;&nbsp;&nbsp;&nbsp;<\/span>&nbsp;<span class=\"group_wrap\"><span class=\"bars_mp3j\"><span class=\"loadB_mp3j\" id=\"load_mp3j_6\"><\/span><span class=\"posbarB_mp3j\" id=\"posbar_mp3j_6\"><\/span><\/span><span class=\"T_mp3j\" id=\"T_mp3j_6\" style=\"font-size:18px;\">Djabe - Ly-O-Lay Ale Loya<span> - Ly-O-Lay Ale Loya<\/span><\/span><span class=\"indi_mp3j\" style=\"font-size:12.6px;\" id=\"statusMI_6\"><\/span><\/span><\/span><\/div><span class=\"s-nosolution\" id=\"mp3j_nosolution_6\" style=\"display:none;\"><\/span><script>\nMP3jPLAYLISTS.inline_6 = [\n\t{ name: \"Djabe - Ly-O-Lay Ale Loya\", formats: [\"mp3\"], mp3: \"aHR0cDovL2RqYWJlLmh1L3dwLWNvbnRlbnQvdXBsb2Fkcy8yMDE2LzA5L0x5LU8tTGF5LUFsZS1Mb3lhLUx5LU8tTGF5LUFsZS1Mb3lhLm1wMw==\", counterpart:\"\", artist: \"Ly-O-Lay Ale Loya\", image: \"\", imgurl: \"\" }\n];\n<\/script>\n\n<script>MP3jPLAYERS[6] = { list: MP3jPLAYLISTS.inline_6, tr:0, type:'single', lstate:'', loop:false, play_txt:'&nbsp;&nbsp;&nbsp;&nbsp;&nbsp;', pause_txt:'&nbsp;&nbsp;&nbsp;&nbsp;&nbsp;', pp_title:'', autoplay:false, download:false, vol:70, height:'' };<\/script>\n<div id=\"mp3jWrap_7\" class=\"mjp-s-wrapper s-graphic unsel-mjp \" style=\"font-size:18px;\"><span id=\"playpause_wrap_mp3j_7\" class=\"wrap_inline_mp3j\" style=\"font-weight:700;\"><span class=\"gfxbutton_mp3j play-mjp\" id=\"playpause_mp3j_7\" style=\"font-size:18px;\">&nbsp;&nbsp;&nbsp;&nbsp;&nbsp;<\/span>&nbsp;<span class=\"group_wrap\"><span class=\"bars_mp3j\"><span class=\"loadB_mp3j\" id=\"load_mp3j_7\"><\/span><span class=\"posbarB_mp3j\" id=\"posbar_mp3j_7\"><\/span><\/span><span class=\"T_mp3j\" id=\"T_mp3j_7\" style=\"font-size:18px;\">Djabe - Caravan<span> - Ly-O-Lay Ale Loya<\/span><\/span><span class=\"indi_mp3j\" style=\"font-size:12.6px;\" id=\"statusMI_7\"><\/span><\/span><\/span><\/div><span class=\"s-nosolution\" id=\"mp3j_nosolution_7\" style=\"display:none;\"><\/span><script>\nMP3jPLAYLISTS.inline_7 = [\n\t{ name: \"Djabe - Caravan\", formats: [\"mp3\"], mp3: \"aHR0cDovL2RqYWJlLmh1L3dwLWNvbnRlbnQvdXBsb2Fkcy8yMDE2LzA5L0x5LU8tTGF5LUFsZS1Mb3lhLUNhcmF2YW4ubXAz\", counterpart:\"\", artist: \"Ly-O-Lay Ale Loya\", image: \"\", imgurl: \"\" }\n];\n<\/script>\n\n<script>MP3jPLAYERS[7] = { list: MP3jPLAYLISTS.inline_7, tr:0, type:'single', lstate:'', loop:false, play_txt:'&nbsp;&nbsp;&nbsp;&nbsp;&nbsp;', pause_txt:'&nbsp;&nbsp;&nbsp;&nbsp;&nbsp;', pp_title:'', autoplay:false, download:false, vol:70, height:'' };<\/script>\n<div id=\"mp3jWrap_8\" class=\"mjp-s-wrapper s-graphic unsel-mjp \" style=\"font-size:18px;\"><span id=\"playpause_wrap_mp3j_8\" class=\"wrap_inline_mp3j\" style=\"font-weight:700;\"><span class=\"gfxbutton_mp3j play-mjp\" id=\"playpause_mp3j_8\" style=\"font-size:18px;\">&nbsp;&nbsp;&nbsp;&nbsp;&nbsp;<\/span>&nbsp;<span class=\"group_wrap\"><span class=\"bars_mp3j\"><span class=\"loadB_mp3j\" id=\"load_mp3j_8\"><\/span><span class=\"posbarB_mp3j\" id=\"posbar_mp3j_8\"><\/span><\/span><span class=\"T_mp3j\" id=\"T_mp3j_8\" style=\"font-size:18px;\">Djabe - Final Word<span> - Ly-O-Lay Ale Loya<\/span><\/span><span class=\"indi_mp3j\" style=\"font-size:12.6px;\" id=\"statusMI_8\"><\/span><\/span><\/span><\/div><span class=\"s-nosolution\" id=\"mp3j_nosolution_8\" style=\"display:none;\"><\/span><script>\nMP3jPLAYLISTS.inline_8 = [\n\t{ name: \"Djabe - Final Word\", formats: [\"mp3\"], mp3: \"aHR0cDovL2RqYWJlLmh1L3dwLWNvbnRlbnQvdXBsb2Fkcy8yMDE2LzA5L0x5LU8tTGF5LUFsZS1Mb3lhLUZpbmFsLVdvcmQubXAz\", counterpart:\"\", artist: \"Ly-O-Lay Ale Loya\", image: \"\", imgurl: \"\" }\n];\n<\/script>\n\n<script>MP3jPLAYERS[8] = { list: MP3jPLAYLISTS.inline_8, tr:0, type:'single', lstate:'', loop:false, play_txt:'&nbsp;&nbsp;&nbsp;&nbsp;&nbsp;', pause_txt:'&nbsp;&nbsp;&nbsp;&nbsp;&nbsp;', pp_title:'', autoplay:false, download:false, vol:70, height:'' };<\/script>\n<div id=\"mp3jWrap_9\" class=\"mjp-s-wrapper s-graphic unsel-mjp \" style=\"font-size:18px;\"><span id=\"playpause_wrap_mp3j_9\" class=\"wrap_inline_mp3j\" style=\"font-weight:700;\"><span class=\"gfxbutton_mp3j play-mjp\" id=\"playpause_mp3j_9\" style=\"font-size:18px;\">&nbsp;&nbsp;&nbsp;&nbsp;&nbsp;<\/span>&nbsp;<span class=\"group_wrap\"><span class=\"bars_mp3j\"><span class=\"loadB_mp3j\" id=\"load_mp3j_9\"><\/span><span class=\"posbarB_mp3j\" id=\"posbar_mp3j_9\"><\/span><\/span><span class=\"T_mp3j\" id=\"T_mp3j_9\" style=\"font-size:18px;\">Djabe - Klunklung<span> - Ly-O-Lay Ale Loya<\/span><\/span><span class=\"indi_mp3j\" style=\"font-size:12.6px;\" id=\"statusMI_9\"><\/span><\/span><\/span><\/div><span class=\"s-nosolution\" id=\"mp3j_nosolution_9\" style=\"display:none;\"><\/span><script>\nMP3jPLAYLISTS.inline_9 = [\n\t{ name: \"Djabe - Klunklung\", formats: [\"mp3\"], mp3: \"aHR0cDovL2RqYWJlLmh1L3dwLWNvbnRlbnQvdXBsb2Fkcy8yMDE2LzA5L0x5LU8tTGF5LUFsZS1Mb3lhLUtsdW5rbHVuZy5tcDM=\", counterpart:\"\", artist: \"Ly-O-Lay Ale Loya\", image: \"\", imgurl: \"\" }\n];\n<\/script>\n\n<script>MP3jPLAYERS[9] = { list: MP3jPLAYLISTS.inline_9, tr:0, type:'single', lstate:'', loop:false, play_txt:'&nbsp;&nbsp;&nbsp;&nbsp;&nbsp;', pause_txt:'&nbsp;&nbsp;&nbsp;&nbsp;&nbsp;', pp_title:'', autoplay:false, download:false, vol:70, height:'' };<\/script>\n<div id=\"mp3jWrap_10\" class=\"mjp-s-wrapper s-graphic unsel-mjp \" style=\"font-size:18px;\"><span id=\"playpause_wrap_mp3j_10\" class=\"wrap_inline_mp3j\" style=\"font-weight:700;\"><span class=\"gfxbutton_mp3j play-mjp\" id=\"playpause_mp3j_10\" style=\"font-size:18px;\">&nbsp;&nbsp;&nbsp;&nbsp;&nbsp;<\/span>&nbsp;<span class=\"group_wrap\"><span class=\"bars_mp3j\"><span class=\"loadB_mp3j\" id=\"load_mp3j_10\"><\/span><span class=\"posbarB_mp3j\" id=\"posbar_mp3j_10\"><\/span><\/span><span class=\"T_mp3j\" id=\"T_mp3j_10\" style=\"font-size:18px;\">Djqabe - Above the Skies<span> - Ly-O-Lay Ale Loya<\/span><\/span><span class=\"indi_mp3j\" style=\"font-size:12.6px;\" id=\"statusMI_10\"><\/span><\/span><\/span><\/div><span class=\"s-nosolution\" id=\"mp3j_nosolution_10\" style=\"display:none;\"><\/span><script>\nMP3jPLAYLISTS.inline_10 = [\n\t{ name: \"Djqabe - Above the Skies\", formats: [\"mp3\"], mp3: \"aHR0cDovL2RqYWJlLmh1L3dwLWNvbnRlbnQvdXBsb2Fkcy8yMDE2LzA5L0x5LU8tTGF5LUFsZS1Mb3lhLUFib3ZlLXRoZS1Ta2llcy5tcDM=\", counterpart:\"\", artist: \"Ly-O-Lay Ale Loya\", image: \"\", imgurl: \"\" }\n];\n<\/script>\n\n<script>MP3jPLAYERS[10] = { list: MP3jPLAYLISTS.inline_10, tr:0, type:'single', lstate:'', loop:false, play_txt:'&nbsp;&nbsp;&nbsp;&nbsp;&nbsp;', pause_txt:'&nbsp;&nbsp;&nbsp;&nbsp;&nbsp;', pp_title:'', autoplay:false, download:false, vol:70, height:'' };<\/script>\n<div id=\"mp3jWrap_11\" class=\"mjp-s-wrapper s-graphic unsel-mjp \" style=\"font-size:18px;\"><span id=\"playpause_wrap_mp3j_11\" class=\"wrap_inline_mp3j\" style=\"font-weight:700;\"><span class=\"gfxbutton_mp3j play-mjp\" id=\"playpause_mp3j_11\" style=\"font-size:18px;\">&nbsp;&nbsp;&nbsp;&nbsp;&nbsp;<\/span>&nbsp;<span class=\"group_wrap\"><span class=\"bars_mp3j\"><span class=\"loadB_mp3j\" id=\"load_mp3j_11\"><\/span><span class=\"posbarB_mp3j\" id=\"posbar_mp3j_11\"><\/span><\/span><span class=\"T_mp3j\" id=\"T_mp3j_11\" style=\"font-size:18px;\">Djabe - Bali Waves<\/span><span class=\"indi_mp3j\" style=\"font-size:12.6px;\" id=\"statusMI_11\"><\/span><\/span><\/span><\/div><span class=\"s-nosolution\" id=\"mp3j_nosolution_11\" style=\"display:none;\"><\/span><script>\nMP3jPLAYLISTS.inline_11 = [\n\t{ name: \"Djabe - Bali Waves\", formats: [\"mp3\"], mp3: \"aHR0cDovL2RqYWJlLmh1L3dwLWNvbnRlbnQvdXBsb2Fkcy8yMDE2LzA5L0x5LU8tTGF5LUFsZS1Mb3lhLUJhbGktV2F2ZXMubXAz\", counterpart:\"\", artist: \"\", image: \"\", imgurl: \"\" }\n];\n<\/script>\n\n<script>MP3jPLAYERS[11] = { list: MP3jPLAYLISTS.inline_11, tr:0, type:'single', lstate:'', loop:false, play_txt:'&nbsp;&nbsp;&nbsp;&nbsp;&nbsp;', pause_txt:'&nbsp;&nbsp;&nbsp;&nbsp;&nbsp;', pp_title:'', autoplay:false, download:false, vol:70, height:'' };<\/script><\/p>","protected":false},"excerpt":{"rendered":"<p><span style=\"color: #ffffff;\">DVD-Audio, NTSC, DVD10<\/span><\/p>\n<p><span style=\"color: #ffffff;\">One year after Hungarian Music Award-winning \u2018Witchi Tai To\u2019, the new album \u2018Ly-O-Lay Ale Loya\u2019 instantly became an audience favorite and received favorable criticism. Line-up of Andr\u00e1s Sipos (vocal, percussion), Ferenc Muck (saxophone), Tam\u00e1s Barab\u00e1s (bass guitar) and Attila \u00c9gerh\u00e1zi (guitar) produced it\u2019s third studio album building on the musical world of \u2018Witchi Tai To\u2019.<\/span><\/p>\n<p><span style=\"color: #ffffff;\">This is one of the most exiting surround release in the history of Djabe. Besides the album tracks in 24\/96 MLP lossless stereo and surround, it contains video and audio extras too. The DVD-Audio authoring made by Neil Wilkes in London. <a href=\"http:\/\/djabe.hu\/en\/js_albums\/ly-o-lay-ale-loya-2016-edition\/\"><span style=\"color: #6094c1;\">&gt;&gt;<\/span><\/a><\/span><\/p>\n","protected":false},"featured_media":7742,"template":"","meta":[],"product_brand":[],"product_cat":[41,46],"product_tag":[],"class_list":{"0":"post-1867","1":"product","2":"type-product","3":"status-publish","4":"has-post-thumbnail","6":"product_cat-dvd","7":"product_cat-dvd-audio","8":"repupress_customize_woocommerce_productom_class","10":"first","11":"instock","12":"shipping-taxable","13":"purchasable","14":"product-type-simple"},"yoast_head":"<!-- This site is optimized with the Yoast SEO plugin v27.2 - https:\/\/yoast.com\/product\/yoast-seo-wordpress\/ -->\n<title>Djabe: Ly-O-Lay Ale Loya DVD-Audio - Djabe<\/title>\n<meta name=\"description\" content=\"DVD-Audio, NTSC, DVD10One year after Hungarian Music Award-winning \u2018Witchi Tai To\u2019, the new album \u2018Ly-O-Lay Ale Loya\u2019 instantly became an audience favorite and received favorable criticism. Line-up of Andr\u00e1s Sipos (vocal, percussion), Ferenc Muck (saxophone), Tam\u00e1s Barab\u00e1s (bass guitar) and Attila \u00c9gerh\u00e1zi (guitar) produced it\u2019s third studio album building on the musical world of \u2018Witchi Tai To\u2019.This is one of the most exiting surround release in the history of Djabe. Besides the album tracks in 24\/96 MLP lossless stereo and surround, it contains video and audio extras too. The DVD-Audio authoring made by Neil Wilkes in London.\" \/>\n<meta name=\"robots\" content=\"index, follow, max-snippet:-1, max-image-preview:large, max-video-preview:-1\" \/>\n<link rel=\"canonical\" href=\"https:\/\/djabe.hu\/uzlet\/ly-o-lay-ale-loya-dvd\/\" \/>\n<meta property=\"og:locale\" content=\"en_US\" \/>\n<meta property=\"og:type\" content=\"article\" \/>\n<meta property=\"og:title\" content=\"Djabe: Ly-O-Lay Ale Loya DVD-Audio\" \/>\n<meta property=\"og:description\" content=\"{:en}DVD-Audio, NTSC, DVD10One year after Hungarian Music Award-winning \u2018Witchi Tai To\u2019, the new album \u2018Ly-O-Lay Ale Loya\u2019 instantly became an audience favorite and received favorable criticism. Line-up of Andr\u00e1s Sipos (vocal, percussion), Ferenc Muck (saxophone), Tam\u00e1s Barab\u00e1s (bass guitar) and Attila \u00c9gerh\u00e1zi (guitar) produced it\u2019s third studio album building on the musical world of \u2018Witchi Tai To\u2019.This is one of the most exiting surround release in the history of Djabe. Besides the album tracks in 24\/96 MLP lossless stereo and surround, it contains video and audio extras too. The DVD-Audio authoring made by Neil Wilkes in London.{:}\" \/>\n<meta property=\"og:url\" content=\"https:\/\/djabe.hu\/uzlet\/ly-o-lay-ale-loya-dvd\/\" \/>\n<meta property=\"og:site_name\" content=\"Djabe\" \/>\n<meta property=\"article:modified_time\" content=\"2024-10-09T13:55:52+00:00\" \/>\n<meta property=\"og:image\" content=\"https:\/\/djabe.hu\/wp-content\/uploads\/2016\/11\/ly-o-lay_dvd_SHOP-1024x1024.png\" \/>\n\t<meta property=\"og:image:width\" content=\"1024\" \/>\n\t<meta property=\"og:image:height\" content=\"1024\" \/>\n\t<meta property=\"og:image:type\" content=\"image\/png\" \/>\n<meta name=\"twitter:card\" content=\"summary_large_image\" \/>\n<meta name=\"twitter:title\" content=\"Djabe: Ly-O-Lay Ale Loya DVD-Audio\" \/>\n<meta name=\"twitter:image\" content=\"https:\/\/djabe.hu\/wp-content\/uploads\/2016\/11\/ly-o-lay_dvd_SHOP.png\" \/>\n<meta name=\"twitter:label1\" content=\"Est. reading time\" \/>\n\t<meta name=\"twitter:data1\" content=\"1 minute\" \/>\n<script type=\"application\/ld+json\" class=\"yoast-schema-graph\">{\"@context\":\"https:\/\/schema.org\",\"@graph\":[{\"@type\":\"WebPage\",\"@id\":\"https:\/\/djabe.hu\/uzlet\/ly-o-lay-ale-loya-dvd\/\",\"url\":\"https:\/\/djabe.hu\/uzlet\/ly-o-lay-ale-loya-dvd\/\",\"name\":\"Djabe: Ly-O-Lay Ale Loya DVD-Audio - Djabe\",\"isPartOf\":{\"@id\":\"https:\/\/djabe.hu\/en\/#website\"},\"primaryImageOfPage\":{\"@id\":\"https:\/\/djabe.hu\/uzlet\/ly-o-lay-ale-loya-dvd\/#primaryimage\"},\"image\":{\"@id\":\"https:\/\/djabe.hu\/uzlet\/ly-o-lay-ale-loya-dvd\/#primaryimage\"},\"thumbnailUrl\":\"https:\/\/djabe.hu\/wp-content\/uploads\/2016\/11\/ly-o-lay_dvd_SHOP.png\",\"datePublished\":\"2016-11-17T12:05:58+00:00\",\"dateModified\":\"2024-10-09T13:55:52+00:00\",\"description\":\"{:en}DVD-Audio, NTSC, DVD10One year after Hungarian Music Award-winning \u2018Witchi Tai To\u2019, the new album \u2018Ly-O-Lay Ale Loya\u2019 instantly became an audience favorite and received favorable criticism. Line-up of Andr\u00e1s Sipos (vocal, percussion), Ferenc Muck (saxophone), Tam\u00e1s Barab\u00e1s (bass guitar) and Attila \u00c9gerh\u00e1zi (guitar) produced it\u2019s third studio album building on the musical world of \u2018Witchi Tai To\u2019.This is one of the most exiting surround release in the history of Djabe. Besides the album tracks in 24\/96 MLP lossless stereo and surround, it contains video and audio extras too. The DVD-Audio authoring made by Neil Wilkes in London.{:}\",\"breadcrumb\":{\"@id\":\"https:\/\/djabe.hu\/uzlet\/ly-o-lay-ale-loya-dvd\/#breadcrumb\"},\"inLanguage\":\"en-US\",\"potentialAction\":[{\"@type\":\"ReadAction\",\"target\":[\"https:\/\/djabe.hu\/uzlet\/ly-o-lay-ale-loya-dvd\/\"]}]},{\"@type\":\"ImageObject\",\"inLanguage\":\"en-US\",\"@id\":\"https:\/\/djabe.hu\/uzlet\/ly-o-lay-ale-loya-dvd\/#primaryimage\",\"url\":\"https:\/\/djabe.hu\/wp-content\/uploads\/2016\/11\/ly-o-lay_dvd_SHOP.png\",\"contentUrl\":\"https:\/\/djabe.hu\/wp-content\/uploads\/2016\/11\/ly-o-lay_dvd_SHOP.png\",\"width\":1500,\"height\":1500,\"caption\":\"Djabe: Ly-O-Lay Ale Loya DVD-Audio\"},{\"@type\":\"BreadcrumbList\",\"@id\":\"https:\/\/djabe.hu\/uzlet\/ly-o-lay-ale-loya-dvd\/#breadcrumb\",\"itemListElement\":[{\"@type\":\"ListItem\",\"position\":1,\"name\":\"Home\",\"item\":\"https:\/\/djabe.hu\/en\/\"},{\"@type\":\"ListItem\",\"position\":2,\"name\":\"\u00c1ruh\u00e1z\",\"item\":\"https:\/\/djabe.hu\/uzlet\/\"},{\"@type\":\"ListItem\",\"position\":3,\"name\":\"Djabe: Ly-O-Lay Ale Loya DVD-Audio\"}]},{\"@type\":\"WebSite\",\"@id\":\"https:\/\/djabe.hu\/en\/#website\",\"url\":\"https:\/\/djabe.hu\/en\/\",\"name\":\"Djabe\",\"description\":\"Official site\",\"potentialAction\":[{\"@type\":\"SearchAction\",\"target\":{\"@type\":\"EntryPoint\",\"urlTemplate\":\"https:\/\/djabe.hu\/en\/?s={search_term_string}\"},\"query-input\":{\"@type\":\"PropertyValueSpecification\",\"valueRequired\":true,\"valueName\":\"search_term_string\"}}],\"inLanguage\":\"en-US\"}]}<\/script>\n<!-- \/ Yoast SEO plugin. -->","yoast_head_json":{"title":"Djabe: Ly-O-Lay Ale Loya DVD-Audio - Djabe","description":"DVD-Audio, NTSC, DVD10One year after Hungarian Music Award-winning \u2018Witchi Tai To\u2019, the new album \u2018Ly-O-Lay Ale Loya\u2019 instantly became an audience favorite and received favorable criticism. Line-up of Andr\u00e1s Sipos (vocal, percussion), Ferenc Muck (saxophone), Tam\u00e1s Barab\u00e1s (bass guitar) and Attila \u00c9gerh\u00e1zi (guitar) produced it\u2019s third studio album building on the musical world of \u2018Witchi Tai To\u2019.This is one of the most exiting surround release in the history of Djabe. Besides the album tracks in 24\/96 MLP lossless stereo and surround, it contains video and audio extras too. The DVD-Audio authoring made by Neil Wilkes in London.","robots":{"index":"index","follow":"follow","max-snippet":"max-snippet:-1","max-image-preview":"max-image-preview:large","max-video-preview":"max-video-preview:-1"},"canonical":"https:\/\/djabe.hu\/uzlet\/ly-o-lay-ale-loya-dvd\/","og_locale":"en_US","og_type":"article","og_title":"Djabe: Ly-O-Lay Ale Loya DVD-Audio","og_description":"{:en}DVD-Audio, NTSC, DVD10One year after Hungarian Music Award-winning \u2018Witchi Tai To\u2019, the new album \u2018Ly-O-Lay Ale Loya\u2019 instantly became an audience favorite and received favorable criticism. Line-up of Andr\u00e1s Sipos (vocal, percussion), Ferenc Muck (saxophone), Tam\u00e1s Barab\u00e1s (bass guitar) and Attila \u00c9gerh\u00e1zi (guitar) produced it\u2019s third studio album building on the musical world of \u2018Witchi Tai To\u2019.This is one of the most exiting surround release in the history of Djabe. Besides the album tracks in 24\/96 MLP lossless stereo and surround, it contains video and audio extras too. The DVD-Audio authoring made by Neil Wilkes in London.{:}","og_url":"https:\/\/djabe.hu\/uzlet\/ly-o-lay-ale-loya-dvd\/","og_site_name":"Djabe","article_modified_time":"2024-10-09T13:55:52+00:00","og_image":[{"width":1024,"height":1024,"url":"https:\/\/djabe.hu\/wp-content\/uploads\/2016\/11\/ly-o-lay_dvd_SHOP-1024x1024.png","type":"image\/png"}],"twitter_card":"summary_large_image","twitter_title":"Djabe: Ly-O-Lay Ale Loya DVD-Audio","twitter_image":"https:\/\/djabe.hu\/wp-content\/uploads\/2016\/11\/ly-o-lay_dvd_SHOP.png","twitter_misc":{"Est. reading time":"1 minute"},"schema":{"@context":"https:\/\/schema.org","@graph":[{"@type":"WebPage","@id":"https:\/\/djabe.hu\/uzlet\/ly-o-lay-ale-loya-dvd\/","url":"https:\/\/djabe.hu\/uzlet\/ly-o-lay-ale-loya-dvd\/","name":"Djabe: Ly-O-Lay Ale Loya DVD-Audio - Djabe","isPartOf":{"@id":"https:\/\/djabe.hu\/en\/#website"},"primaryImageOfPage":{"@id":"https:\/\/djabe.hu\/uzlet\/ly-o-lay-ale-loya-dvd\/#primaryimage"},"image":{"@id":"https:\/\/djabe.hu\/uzlet\/ly-o-lay-ale-loya-dvd\/#primaryimage"},"thumbnailUrl":"https:\/\/djabe.hu\/wp-content\/uploads\/2016\/11\/ly-o-lay_dvd_SHOP.png","datePublished":"2016-11-17T12:05:58+00:00","dateModified":"2024-10-09T13:55:52+00:00","description":"{:en}DVD-Audio, NTSC, DVD10One year after Hungarian Music Award-winning \u2018Witchi Tai To\u2019, the new album \u2018Ly-O-Lay Ale Loya\u2019 instantly became an audience favorite and received favorable criticism. Line-up of Andr\u00e1s Sipos (vocal, percussion), Ferenc Muck (saxophone), Tam\u00e1s Barab\u00e1s (bass guitar) and Attila \u00c9gerh\u00e1zi (guitar) produced it\u2019s third studio album building on the musical world of \u2018Witchi Tai To\u2019.This is one of the most exiting surround release in the history of Djabe. Besides the album tracks in 24\/96 MLP lossless stereo and surround, it contains video and audio extras too. The DVD-Audio authoring made by Neil Wilkes in London.{:}","breadcrumb":{"@id":"https:\/\/djabe.hu\/uzlet\/ly-o-lay-ale-loya-dvd\/#breadcrumb"},"inLanguage":"en-US","potentialAction":[{"@type":"ReadAction","target":["https:\/\/djabe.hu\/uzlet\/ly-o-lay-ale-loya-dvd\/"]}]},{"@type":"ImageObject","inLanguage":"en-US","@id":"https:\/\/djabe.hu\/uzlet\/ly-o-lay-ale-loya-dvd\/#primaryimage","url":"https:\/\/djabe.hu\/wp-content\/uploads\/2016\/11\/ly-o-lay_dvd_SHOP.png","contentUrl":"https:\/\/djabe.hu\/wp-content\/uploads\/2016\/11\/ly-o-lay_dvd_SHOP.png","width":1500,"height":1500,"caption":"Djabe: Ly-O-Lay Ale Loya DVD-Audio"},{"@type":"BreadcrumbList","@id":"https:\/\/djabe.hu\/uzlet\/ly-o-lay-ale-loya-dvd\/#breadcrumb","itemListElement":[{"@type":"ListItem","position":1,"name":"Home","item":"https:\/\/djabe.hu\/en\/"},{"@type":"ListItem","position":2,"name":"\u00c1ruh\u00e1z","item":"https:\/\/djabe.hu\/uzlet\/"},{"@type":"ListItem","position":3,"name":"Djabe: Ly-O-Lay Ale Loya DVD-Audio"}]},{"@type":"WebSite","@id":"https:\/\/djabe.hu\/en\/#website","url":"https:\/\/djabe.hu\/en\/","name":"Djabe","description":"Official site","potentialAction":[{"@type":"SearchAction","target":{"@type":"EntryPoint","urlTemplate":"https:\/\/djabe.hu\/en\/?s={search_term_string}"},"query-input":{"@type":"PropertyValueSpecification","valueRequired":true,"valueName":"search_term_string"}}],"inLanguage":"en-US"}]}},"jetpack_sharing_enabled":true,"_links":{"self":[{"href":"https:\/\/djabe.hu\/en\/wp-json\/wp\/v2\/product\/1867","targetHints":{"allow":["GET"]}}],"collection":[{"href":"https:\/\/djabe.hu\/en\/wp-json\/wp\/v2\/product"}],"about":[{"href":"https:\/\/djabe.hu\/en\/wp-json\/wp\/v2\/types\/product"}],"wp:featuredmedia":[{"embeddable":true,"href":"https:\/\/djabe.hu\/en\/wp-json\/wp\/v2\/media\/7742"}],"wp:attachment":[{"href":"https:\/\/djabe.hu\/en\/wp-json\/wp\/v2\/media?parent=1867"}],"wp:term":[{"taxonomy":"product_brand","embeddable":true,"href":"https:\/\/djabe.hu\/en\/wp-json\/wp\/v2\/product_brand?post=1867"},{"taxonomy":"product_cat","embeddable":true,"href":"https:\/\/djabe.hu\/en\/wp-json\/wp\/v2\/product_cat?post=1867"},{"taxonomy":"product_tag","embeddable":true,"href":"https:\/\/djabe.hu\/en\/wp-json\/wp\/v2\/product_tag?post=1867"}],"curies":[{"name":"wp","href":"https:\/\/api.w.org\/{rel}","templated":true}]}}